{"id":28630,"date":"2024-11-20T10:52:05","date_gmt":"2024-11-20T02:52:05","guid":{"rendered":"https:\/\/www.tstcables.com\/informationen-zum-kabelzubehoer\/"},"modified":"2024-11-20T15:23:24","modified_gmt":"2024-11-20T07:23:24","slug":"informationen-zum-kabelzubehoer","status":"publish","type":"page","link":"https:\/\/www.tstcables.com\/de\/informationen-zum-kabelzubehoer\/","title":{"rendered":"Informationen zum Kabelzubeh\u00f6r"},"content":{"rendered":"\t\t<div data-elementor-type=\"wp-page\" data-elementor-id=\"28630\" class=\"elementor elementor-28630 elementor-28396\" data-elementor-post-type=\"page\">\n\t\t\t\t<div class=\"elementor-element elementor-element-39a6114 e-con-full e-flex e-con e-parent\" data-id=\"39a6114\" data-element_type=\"container\" data-e-type=\"container\" data-settings=\"{&quot;background_background&quot;:&quot;classic&quot;}\">\n\t\t\t\t<div class=\"elementor-element elementor-element-62c2de8b elementor-widget__width-inherit elementor-widget elementor-widget-image\" data-id=\"62c2de8b\" data-element_type=\"widget\" data-e-type=\"widget\" data-widget_type=\"image.default\">\n\t\t\t\t<div class=\"elementor-widget-container\">\n\t\t\t\t\t\t\t\t\t\t\t\t\t\t\t<img fetchpriority=\"high\" decoding=\"async\" width=\"1920\" height=\"260\" src=\"https:\/\/www.tstcables.com\/wp-content\/uploads\/2024\/11\/\u5355\u54c1\u843d\u5730\u9875banner-cable-seel.jpg\" class=\"attachment-full size-full wp-image-25316\" alt=\"cable-seel\" srcset=\"https:\/\/www.tstcables.com\/wp-content\/uploads\/2024\/11\/\u5355\u54c1\u843d\u5730\u9875banner-cable-seel.jpg 1920w, https:\/\/www.tstcables.com\/wp-content\/uploads\/2024\/11\/\u5355\u54c1\u843d\u5730\u9875banner-cable-seel-300x41.jpg 300w, https:\/\/www.tstcables.com\/wp-content\/uploads\/2024\/11\/\u5355\u54c1\u843d\u5730\u9875banner-cable-seel-1024x139.jpg 1024w, https:\/\/www.tstcables.com\/wp-content\/uploads\/2024\/11\/\u5355\u54c1\u843d\u5730\u9875banner-cable-seel-768x104.jpg 768w, https:\/\/www.tstcables.com\/wp-content\/uploads\/2024\/11\/\u5355\u54c1\u843d\u5730\u9875banner-cable-seel-1536x208.jpg 1536w, https:\/\/www.tstcables.com\/wp-content\/uploads\/2024\/11\/\u5355\u54c1\u843d\u5730\u9875banner-cable-seel-600x81.jpg 600w\" sizes=\"(max-width: 1920px) 100vw, 1920px\" \/>\t\t\t\t\t\t\t\t\t\t\t\t\t\t\t<\/div>\n\t\t\t\t<\/div>\n\t\t\t\t<\/div>\n\t\t<div class=\"elementor-element elementor-element-76ee283d e-con-full e-flex e-con e-parent\" data-id=\"76ee283d\" data-element_type=\"container\" data-e-type=\"container\" data-settings=\"{&quot;background_background&quot;:&quot;classic&quot;}\">\n\t\t\t\t<div class=\"elementor-element elementor-element-6d6966ac elementor-widget__width-inherit elementor-widget elementor-widget-shortcode\" data-id=\"6d6966ac\" data-element_type=\"widget\" data-e-type=\"widget\" data-widget_type=\"shortcode.default\">\n\t\t\t\t<div class=\"elementor-widget-container\">\n\t\t\t\t\t\t\t<div class=\"elementor-shortcode\"> \t\t\t<!-- Flexy Breadcrumb -->\r\n\t\t\t<div class=\"fbc fbc-page\">\r\n\r\n\t\t\t\t<!-- Breadcrumb wrapper -->\r\n\t\t\t\t<div class=\"fbc-wrap\">\r\n\r\n\t\t\t\t\t<!-- Ordered list-->\r\n\t\t\t\t\t<ol class=\"fbc-items\" itemscope itemtype=\"https:\/\/schema.org\/BreadcrumbList\">\r\n\t\t\t\t\t\t            <li itemprop=\"itemListElement\" itemscope itemtype=\"https:\/\/schema.org\/ListItem\">\r\n                <span itemprop=\"name\">\r\n                    <!-- Home Link -->\r\n                    <a itemprop=\"item\" href=\"https:\/\/www.tstcables.com\">\r\n                    \r\n                                                    <i class=\"fa fa-home\" aria-hidden=\"true\"><\/i>Home                    <\/a>\r\n                <\/span>\r\n                <meta itemprop=\"position\" content=\"1\" \/><!-- Meta Position-->\r\n             <\/li><li><span class=\"fbc-separator\">\/<\/span><\/li><li class=\"active\" itemprop=\"itemListElement\" itemscope itemtype=\"https:\/\/schema.org\/ListItem\"><span itemprop=\"name\" title=\"Blog\">Blog<\/span><meta itemprop=\"position\" content=\"2\" \/><\/li>\t\t\t\t\t<\/ol>\r\n\t\t\t\t\t<div class=\"clearfix\"><\/div>\r\n\t\t\t\t<\/div>\r\n\t\t\t<\/div>\r\n\t\t\t<\/div>\n\t\t\t\t\t\t<\/div>\n\t\t\t\t<\/div>\n\t\t\t\t<\/div>\n\t\t<div class=\"elementor-element elementor-element-12e26cde e-flex e-con-boxed e-con e-parent\" data-id=\"12e26cde\" data-element_type=\"container\" data-e-type=\"container\">\n\t\t\t\t\t<div class=\"e-con-inner\">\n\t\t\t\t<div class=\"elementor-element elementor-element-1e78a1a9 elementor-widget elementor-widget-heading\" data-id=\"1e78a1a9\" data-element_type=\"widget\" data-e-type=\"widget\" data-widget_type=\"heading.default\">\n\t\t\t\t<div class=\"elementor-widget-container\">\n\t\t\t\t\t<h2 class=\"elementor-heading-title elementor-size-default\">Kabelzubeh\u00f6r-Informationen von TST<\/h2>\t\t\t\t<\/div>\n\t\t\t\t<\/div>\n\t\t<div class=\"elementor-element elementor-element-262ee245 e-con-full e-flex e-con e-child\" data-id=\"262ee245\" data-element_type=\"container\" data-e-type=\"container\" data-settings=\"{&quot;background_background&quot;:&quot;classic&quot;}\">\n\t\t\t\t<\/div>\n\t\t\t\t\t<\/div>\n\t\t\t\t<\/div>\n\t\t<div class=\"elementor-element elementor-element-2a8da677 e-flex e-con-boxed e-con e-parent\" data-id=\"2a8da677\" data-element_type=\"container\" data-e-type=\"container\" data-settings=\"{&quot;background_background&quot;:&quot;classic&quot;}\">\n\t\t\t\t\t<div class=\"e-con-inner\">\n\t\t\t\t<div class=\"elementor-element elementor-element-3cf133c2 elementor-widget elementor-widget-wpforms\" data-id=\"3cf133c2\" data-element_type=\"widget\" data-e-type=\"widget\" data-widget_type=\"wpforms.default\">\n\t\t\t\t<div class=\"elementor-widget-container\">\n\t\t\t\t\t<div class=\"wpforms-container \" id=\"wpforms-62\"><form id=\"wpforms-form-62\" class=\"wpforms-validate wpforms-form\" data-formid=\"62\" method=\"post\" enctype=\"multipart\/form-data\" action=\"\/de\/wp-json\/wp\/v2\/pages\/28630\" data-token=\"1a356323684c76eaaefc044d7f882ab2\" data-token-time=\"1777623825\"><noscript class=\"wpforms-error-noscript\">Bitte aktiviere JavaScript in deinem Browser, um dieses Formular fertigzustellen.<\/noscript><div class=\"wpforms-field-container\"><div id=\"wpforms-62-field_1-container\" class=\"wpforms-field wpforms-field-name\" data-field-id=\"1\"><label class=\"wpforms-field-label wpforms-label-hide\" for=\"wpforms-62-field_1\">Name <span class=\"wpforms-required-label\">*<\/span><\/label><input type=\"text\" id=\"wpforms-62-field_1\" class=\"wpforms-field-large wpforms-field-required\" name=\"wpforms[fields][1]\" placeholder=\"Name\" required><\/div>\t\t<div id=\"wpforms-62-field_5-container\"\n\t\t\tclass=\"wpforms-field wpforms-field-text\"\n\t\t\tdata-field-type=\"text\"\n\t\t\tdata-field-id=\"5\"\n\t\t\t>\n\t\t\t<label class=\"wpforms-field-label\" for=\"wpforms-62-field_5\" >Name Number E-mail<\/label>\n\t\t\t<input type=\"text\" id=\"wpforms-62-field_5\" class=\"wpforms-field-medium\" name=\"wpforms[fields][5]\" >\n\t\t<\/div>\n\t\t<div id=\"wpforms-62-field_2-container\" class=\"wpforms-field wpforms-field-email\" data-field-id=\"2\"><label class=\"wpforms-field-label wpforms-label-hide\" for=\"wpforms-62-field_2\">E-mail <span class=\"wpforms-required-label\">*<\/span><\/label><input type=\"email\" id=\"wpforms-62-field_2\" class=\"wpforms-field-large wpforms-field-required\" name=\"wpforms[fields][2]\" placeholder=\"E-Mail\" spellcheck=\"false\" required><\/div><div id=\"wpforms-62-field_4-container\" class=\"wpforms-field wpforms-field-number\" data-field-id=\"4\"><label class=\"wpforms-field-label wpforms-label-hide\" for=\"wpforms-62-field_4\">Number <span class=\"wpforms-required-label\">*<\/span><\/label><input type=\"number\" id=\"wpforms-62-field_4\" class=\"wpforms-field-large wpforms-field-required\" name=\"wpforms[fields][4]\" placeholder=\"Phone or WhatsApp\" step=\"any\" required><\/div><div id=\"wpforms-62-field_3-container\" class=\"wpforms-field wpforms-field-textarea\" data-field-id=\"3\"><label class=\"wpforms-field-label wpforms-label-hide\" for=\"wpforms-62-field_3\">Message <span class=\"wpforms-required-label\">*<\/span><\/label><textarea id=\"wpforms-62-field_3\" class=\"wpforms-field-medium wpforms-field-required\" name=\"wpforms[fields][3]\" placeholder=\"Anything of Products, Please live a message!\" required><\/textarea><\/div><script>\n\t\t\t\t( function() {\n\t\t\t\t\tconst style = document.createElement( 'style' );\n\t\t\t\t\tstyle.appendChild( document.createTextNode( '#wpforms-62-field_5-container { position: absolute !important; overflow: hidden !important; display: inline !important; height: 1px !important; width: 1px !important; z-index: -1000 !important; padding: 0 !important; } #wpforms-62-field_5-container input { visibility: hidden; } #wpforms-conversational-form-page #wpforms-62-field_5-container label { counter-increment: none; }' ) );\n\t\t\t\t\tdocument.head.appendChild( style );\n\t\t\t\t\tdocument.currentScript?.remove();\n\t\t\t\t} )();\n\t\t\t<\/script><\/div><!-- .wpforms-field-container --><div class=\"wpforms-submit-container\" ><input type=\"hidden\" name=\"wpforms[id]\" value=\"62\"><input type=\"hidden\" name=\"page_title\" value=\"\"><input type=\"hidden\" name=\"page_url\" value=\"https:\/\/www.tstcables.com\/de\/wp-json\/wp\/v2\/pages\/28630\"><input type=\"hidden\" name=\"url_referer\" value=\"\"><button type=\"submit\" name=\"wpforms[submit]\" id=\"wpforms-submit-62\" class=\"wpforms-submit\" aria-live=\"assertive\" value=\"wpforms-submit\">Get a  Quote<\/button><\/div><\/form><\/div>  <!-- .wpforms-container -->\t\t\t\t<\/div>\n\t\t\t\t<\/div>\n\t\t\t\t\t<\/div>\n\t\t\t\t<\/div>\n\t\t<div class=\"elementor-element elementor-element-5d92c39b e-flex e-con-boxed e-con e-parent\" data-id=\"5d92c39b\" data-element_type=\"container\" data-e-type=\"container\">\n\t\t\t\t\t<div class=\"e-con-inner\">\n\t\t<div class=\"elementor-element elementor-element-2b7b17b0 e-con-full e-flex e-con e-child\" data-id=\"2b7b17b0\" data-element_type=\"container\" data-e-type=\"container\">\n\t\t\t\t<div class=\"elementor-element elementor-element-11dd43a8 elementor-widget-divider--view-line elementor-widget elementor-widget-divider\" data-id=\"11dd43a8\" data-element_type=\"widget\" data-e-type=\"widget\" data-widget_type=\"divider.default\">\n\t\t\t\t<div class=\"elementor-widget-container\">\n\t\t\t\t\t\t\t<div class=\"elementor-divider\">\n\t\t\t<span class=\"elementor-divider-separator\">\n\t\t\t\t\t\t<\/span>\n\t\t<\/div>\n\t\t\t\t\t\t<\/div>\n\t\t\t\t<\/div>\n\t\t\t\t<div class=\"elementor-element elementor-element-164ec39a elementor-widget elementor-widget-heading\" data-id=\"164ec39a\" data-element_type=\"widget\" data-e-type=\"widget\" data-widget_type=\"heading.default\">\n\t\t\t\t<div class=\"elementor-widget-container\">\n\t\t\t\t\t<h3 class=\"elementor-heading-title elementor-size-default\">Verwandte Themen von TST:<\/h3>\t\t\t\t<\/div>\n\t\t\t\t<\/div>\n\t\t\t\t<\/div>\n\t\t<div class=\"elementor-element elementor-element-6d8263b2 e-con-full e-flex e-con e-child\" data-id=\"6d8263b2\" data-element_type=\"container\" data-e-type=\"container\" data-settings=\"{&quot;background_background&quot;:&quot;classic&quot;}\">\n\t\t\t\t<div class=\"elementor-element elementor-element-72759981 elementor-grid-eael-col-4 elementor-grid-tablet-eael-col-2 elementor-grid-mobile-eael-col-1 elementor-widget elementor-widget-eael-post-grid\" data-id=\"72759981\" data-element_type=\"widget\" data-e-type=\"widget\" data-settings=\"{&quot;eael_post_grid_columns&quot;:&quot;eael-col-4&quot;,&quot;eael_post_grid_columns_tablet&quot;:&quot;eael-col-2&quot;,&quot;eael_post_grid_columns_mobile&quot;:&quot;eael-col-1&quot;}\" data-widget_type=\"eael-post-grid.default\">\n\t\t\t\t<div class=\"elementor-widget-container\">\n\t\t\t\t\t<div id=\"eael-post-grid-72759981\" class=\"eael-post-grid-container\">\n            <div class=\"eael-post-grid eael-post-appender eael-post-appender-72759981 eael-post-grid-style-two\" data-layout-mode=\"grid\"><p class=\"no-posts-found\">No posts found!<\/p><\/div>\n            <div class=\"clearfix\"><\/div>\n        <\/div>\t\t\t\t<\/div>\n\t\t\t\t<\/div>\n\t\t\t\t<\/div>\n\t\t\t\t\t<\/div>\n\t\t\t\t<\/div>\n\t\t\t\t<\/div>\n\t\t","protected":false},"excerpt":{"rendered":"<p>Kabelzubeh\u00f6r-Informationen von TST Please enable JavaScript in your browser to complete this form.Name *E-mail *Number *Message *Website Get a Quote [&hellip;]<\/p>\n","protected":false},"author":1,"featured_media":0,"parent":0,"menu_order":0,"comment_status":"closed","ping_status":"closed","template":"","meta":{"_eb_attr":"","site-sidebar-layout":"no-sidebar","site-content-layout":"page-builder","ast-site-content-layout":"full-width-container","site-content-style":"default","site-sidebar-style":"default","ast-global-header-display":"","ast-banner-title-visibility":"","ast-main-header-display":"","ast-hfb-above-header-display":"","ast-hfb-below-header-display":"","ast-hfb-mobile-header-display":"","site-post-title":"disabled","ast-breadcrumbs-content":"","ast-featured-img":"disabled","footer-sml-layout":"","theme-transparent-header-meta":"","adv-header-id-meta":"","stick-header-meta":"","header-above-stick-meta":"","header-main-stick-meta":"","header-below-stick-meta":"","astra-migrate-meta-layouts":"default","ast-page-background-enabled":"default","ast-page-background-meta":{"desktop":{"background-color":"","background-image":"","background-repeat":"repeat","background-position":"center center","background-size":"auto","background-attachment":"scroll","background-type":"","background-media":"","overlay-type":"","overlay-color":"","overlay-opacity":"","overlay-gradient":""},"tablet":{"background-color":"","background-image":"","background-repeat":"repeat","background-position":"center center","background-size":"auto","background-attachment":"scroll","background-type":"","background-media":"","overlay-type":"","overlay-color":"","overlay-opacity":"","overlay-gradient":""},"mobile":{"background-color":"","background-image":"","background-repeat":"repeat","background-position":"center center","background-size":"auto","background-attachment":"scroll","background-type":"","background-media":"","overlay-type":"","overlay-color":"","overlay-opacity":"","overlay-gradient":""}},"ast-content-background-meta":{"desktop":{"background-color":"var(--ast-global-color-5)","background-image":"","background-repeat":"repeat","background-position":"center center","background-size":"auto","background-attachment":"scroll","background-type":"","background-media":"","overlay-type":"","overlay-color":"","overlay-opacity":"","overlay-gradient":""},"tablet":{"background-color":"var(--ast-global-color-5)","background-image":"","background-repeat":"repeat","background-position":"center center","background-size":"auto","background-attachment":"scroll","background-type":"","background-media":"","overlay-type":"","overlay-color":"","overlay-opacity":"","overlay-gradient":""},"mobile":{"background-color":"var(--ast-global-color-5)","background-image":"","background-repeat":"repeat","background-position":"center center","background-size":"auto","background-attachment":"scroll","background-type":"","background-media":"","overlay-type":"","overlay-color":"","overlay-opacity":"","overlay-gradient":""}},"footnotes":""},"class_list":["post-28630","page","type-page","status-publish","hentry"],"yoast_head":"<!-- This site is optimized with the Yoast SEO plugin v27.5 - https:\/\/yoast.com\/product\/yoast-seo-wordpress\/ -->\n<title>Informationen zum Kabelzubeh\u00f6r - TST CABLES supplier &amp; Manufacture<\/title>\n<meta name=\"description\" content=\"TST CABLES produziert Kabelverschraubungen und Zubeh\u00f6r, die eine gute Zugentlastung f\u00fcr Kabel und einen hohen Fremdk\u00f6rperschutz f\u00fcr elektrische Geh\u00e4use bieten. Der Schutzgrad erreicht IP68 und IP66, was vor Schmutz, Staub, Sand, Wasser, Fremdk\u00f6rpern, \u00d6l, S\u00e4ure, Strahlung, Korrosion, elektromagnetischen St\u00f6rungen usw. sch\u00fctzen kann.\" \/>\n<meta name=\"robots\" content=\"index, follow, max-snippet:-1, max-image-preview:large, max-video-preview:-1\" \/>\n<link rel=\"canonical\" href=\"https:\/\/www.tstcables.com\/de\/informationen-zum-kabelzubehoer\/\" \/>\n<meta property=\"og:locale\" content=\"de_DE\" \/>\n<meta property=\"og:type\" content=\"article\" \/>\n<meta property=\"og:title\" content=\"Informationen zum Kabelzubeh\u00f6r - TST CABLES supplier &amp; Manufacture\" \/>\n<meta property=\"og:description\" content=\"TST CABLES produziert Kabelverschraubungen und Zubeh\u00f6r, die eine gute Zugentlastung f\u00fcr Kabel und einen hohen Fremdk\u00f6rperschutz f\u00fcr elektrische Geh\u00e4use bieten. Der Schutzgrad erreicht IP68 und IP66, was vor Schmutz, Staub, Sand, Wasser, Fremdk\u00f6rpern, \u00d6l, S\u00e4ure, Strahlung, Korrosion, elektromagnetischen St\u00f6rungen usw. sch\u00fctzen kann.\" \/>\n<meta property=\"og:url\" content=\"https:\/\/www.tstcables.com\/de\/informationen-zum-kabelzubehoer\/\" \/>\n<meta property=\"og:site_name\" content=\"TST CABLES supplier &amp; Manufacture\" \/>\n<meta property=\"article:modified_time\" content=\"2024-11-20T07:23:24+00:00\" \/>\n<meta property=\"og:image\" content=\"https:\/\/www.tstcables.com\/wp-content\/uploads\/2024\/11\/XLPE-Insulated-Power-Cable-300x200.jpg\" \/>\n<meta name=\"twitter:card\" content=\"summary_large_image\" \/>\n<meta name=\"twitter:label1\" content=\"Gesch\u00e4tzte Lesezeit\" \/>\n\t<meta name=\"twitter:data1\" content=\"1\u00a0Minute\" \/>\n<script type=\"application\/ld+json\" class=\"yoast-schema-graph\">{\"@context\":\"https:\\\/\\\/schema.org\",\"@graph\":[{\"@type\":\"WebPage\",\"@id\":\"https:\\\/\\\/www.tstcables.com\\\/de\\\/informationen-zum-kabelzubehoer\\\/\",\"url\":\"https:\\\/\\\/www.tstcables.com\\\/de\\\/informationen-zum-kabelzubehoer\\\/\",\"name\":\"Informationen zum Kabelzubeh\u00f6r - TST CABLES supplier &amp; Manufacture\",\"isPartOf\":{\"@id\":\"https:\\\/\\\/www.tstcables.com\\\/de\\\/#website\"},\"primaryImageOfPage\":{\"@id\":\"https:\\\/\\\/www.tstcables.com\\\/de\\\/informationen-zum-kabelzubehoer\\\/#primaryimage\"},\"image\":{\"@id\":\"https:\\\/\\\/www.tstcables.com\\\/de\\\/informationen-zum-kabelzubehoer\\\/#primaryimage\"},\"thumbnailUrl\":\"https:\\\/\\\/www.tstcables.com\\\/wp-content\\\/uploads\\\/2024\\\/11\\\/XLPE-Insulated-Power-Cable-300x200.jpg\",\"datePublished\":\"2024-11-20T02:52:05+00:00\",\"dateModified\":\"2024-11-20T07:23:24+00:00\",\"description\":\"TST CABLES produziert Kabelverschraubungen und Zubeh\u00f6r, die eine gute Zugentlastung f\u00fcr Kabel und einen hohen Fremdk\u00f6rperschutz f\u00fcr elektrische Geh\u00e4use bieten. Der Schutzgrad erreicht IP68 und IP66, was vor Schmutz, Staub, Sand, Wasser, Fremdk\u00f6rpern, \u00d6l, S\u00e4ure, Strahlung, Korrosion, elektromagnetischen St\u00f6rungen usw. sch\u00fctzen kann.\",\"breadcrumb\":{\"@id\":\"https:\\\/\\\/www.tstcables.com\\\/de\\\/informationen-zum-kabelzubehoer\\\/#breadcrumb\"},\"inLanguage\":\"de\",\"potentialAction\":[{\"@type\":\"ReadAction\",\"target\":[\"https:\\\/\\\/www.tstcables.com\\\/de\\\/informationen-zum-kabelzubehoer\\\/\"]}]},{\"@type\":\"ImageObject\",\"inLanguage\":\"de\",\"@id\":\"https:\\\/\\\/www.tstcables.com\\\/de\\\/informationen-zum-kabelzubehoer\\\/#primaryimage\",\"url\":\"https:\\\/\\\/www.tstcables.com\\\/wp-content\\\/uploads\\\/2024\\\/11\\\/XLPE-Insulated-Power-Cable-300x200.jpg\",\"contentUrl\":\"https:\\\/\\\/www.tstcables.com\\\/wp-content\\\/uploads\\\/2024\\\/11\\\/XLPE-Insulated-Power-Cable-300x200.jpg\"},{\"@type\":\"BreadcrumbList\",\"@id\":\"https:\\\/\\\/www.tstcables.com\\\/de\\\/informationen-zum-kabelzubehoer\\\/#breadcrumb\",\"itemListElement\":[{\"@type\":\"ListItem\",\"position\":1,\"name\":\"\u9996\u9875\",\"item\":\"https:\\\/\\\/www.tstcables.com\\\/de\\\/\"},{\"@type\":\"ListItem\",\"position\":2,\"name\":\"Informationen zum Kabelzubeh\u00f6r\"}]},{\"@type\":\"WebSite\",\"@id\":\"https:\\\/\\\/www.tstcables.com\\\/de\\\/#website\",\"url\":\"https:\\\/\\\/www.tstcables.com\\\/de\\\/\",\"name\":\"TST Cable supplier & Manufacture\",\"description\":\"TST CABLES  supplier &amp; Manufacture official website\",\"publisher\":{\"@id\":\"https:\\\/\\\/www.tstcables.com\\\/de\\\/#organization\"},\"potentialAction\":[{\"@type\":\"SearchAction\",\"target\":{\"@type\":\"EntryPoint\",\"urlTemplate\":\"https:\\\/\\\/www.tstcables.com\\\/de\\\/?s={search_term_string}\"},\"query-input\":{\"@type\":\"PropertyValueSpecification\",\"valueRequired\":true,\"valueName\":\"search_term_string\"}}],\"inLanguage\":\"de\"},{\"@type\":\"Organization\",\"@id\":\"https:\\\/\\\/www.tstcables.com\\\/de\\\/#organization\",\"name\":\"TST Cable supplier & Manufacture\",\"url\":\"https:\\\/\\\/www.tstcables.com\\\/de\\\/\",\"logo\":{\"@type\":\"ImageObject\",\"inLanguage\":\"de\",\"@id\":\"https:\\\/\\\/www.tstcables.com\\\/de\\\/#\\\/schema\\\/logo\\\/image\\\/\",\"url\":\"https:\\\/\\\/www.tstcables.com\\\/wp-content\\\/uploads\\\/2024\\\/04\\\/cropped-\u753b\u677f-1-\u62f7\u8d1d-4-1.png\",\"contentUrl\":\"https:\\\/\\\/www.tstcables.com\\\/wp-content\\\/uploads\\\/2024\\\/04\\\/cropped-\u753b\u677f-1-\u62f7\u8d1d-4-1.png\",\"width\":300,\"height\":100,\"caption\":\"TST Cable supplier & Manufacture\"},\"image\":{\"@id\":\"https:\\\/\\\/www.tstcables.com\\\/de\\\/#\\\/schema\\\/logo\\\/image\\\/\"}}]}<\/script>\n<!-- \/ Yoast SEO plugin. -->","yoast_head_json":{"title":"Informationen zum Kabelzubeh\u00f6r - TST CABLES supplier &amp; Manufacture","description":"TST CABLES produziert Kabelverschraubungen und Zubeh\u00f6r, die eine gute Zugentlastung f\u00fcr Kabel und einen hohen Fremdk\u00f6rperschutz f\u00fcr elektrische Geh\u00e4use bieten. Der Schutzgrad erreicht IP68 und IP66, was vor Schmutz, Staub, Sand, Wasser, Fremdk\u00f6rpern, \u00d6l, S\u00e4ure, Strahlung, Korrosion, elektromagnetischen St\u00f6rungen usw. sch\u00fctzen kann.","robots":{"index":"index","follow":"follow","max-snippet":"max-snippet:-1","max-image-preview":"max-image-preview:large","max-video-preview":"max-video-preview:-1"},"canonical":"https:\/\/www.tstcables.com\/de\/informationen-zum-kabelzubehoer\/","og_locale":"de_DE","og_type":"article","og_title":"Informationen zum Kabelzubeh\u00f6r - TST CABLES supplier &amp; Manufacture","og_description":"TST CABLES produziert Kabelverschraubungen und Zubeh\u00f6r, die eine gute Zugentlastung f\u00fcr Kabel und einen hohen Fremdk\u00f6rperschutz f\u00fcr elektrische Geh\u00e4use bieten. Der Schutzgrad erreicht IP68 und IP66, was vor Schmutz, Staub, Sand, Wasser, Fremdk\u00f6rpern, \u00d6l, S\u00e4ure, Strahlung, Korrosion, elektromagnetischen St\u00f6rungen usw. sch\u00fctzen kann.","og_url":"https:\/\/www.tstcables.com\/de\/informationen-zum-kabelzubehoer\/","og_site_name":"TST CABLES supplier &amp; Manufacture","article_modified_time":"2024-11-20T07:23:24+00:00","og_image":[{"url":"https:\/\/www.tstcables.com\/wp-content\/uploads\/2024\/11\/XLPE-Insulated-Power-Cable-300x200.jpg","type":"","width":"","height":""}],"twitter_card":"summary_large_image","twitter_misc":{"Gesch\u00e4tzte Lesezeit":"1\u00a0Minute"},"schema":{"@context":"https:\/\/schema.org","@graph":[{"@type":"WebPage","@id":"https:\/\/www.tstcables.com\/de\/informationen-zum-kabelzubehoer\/","url":"https:\/\/www.tstcables.com\/de\/informationen-zum-kabelzubehoer\/","name":"Informationen zum Kabelzubeh\u00f6r - TST CABLES supplier &amp; Manufacture","isPartOf":{"@id":"https:\/\/www.tstcables.com\/de\/#website"},"primaryImageOfPage":{"@id":"https:\/\/www.tstcables.com\/de\/informationen-zum-kabelzubehoer\/#primaryimage"},"image":{"@id":"https:\/\/www.tstcables.com\/de\/informationen-zum-kabelzubehoer\/#primaryimage"},"thumbnailUrl":"https:\/\/www.tstcables.com\/wp-content\/uploads\/2024\/11\/XLPE-Insulated-Power-Cable-300x200.jpg","datePublished":"2024-11-20T02:52:05+00:00","dateModified":"2024-11-20T07:23:24+00:00","description":"TST CABLES produziert Kabelverschraubungen und Zubeh\u00f6r, die eine gute Zugentlastung f\u00fcr Kabel und einen hohen Fremdk\u00f6rperschutz f\u00fcr elektrische Geh\u00e4use bieten. Der Schutzgrad erreicht IP68 und IP66, was vor Schmutz, Staub, Sand, Wasser, Fremdk\u00f6rpern, \u00d6l, S\u00e4ure, Strahlung, Korrosion, elektromagnetischen St\u00f6rungen usw. sch\u00fctzen kann.","breadcrumb":{"@id":"https:\/\/www.tstcables.com\/de\/informationen-zum-kabelzubehoer\/#breadcrumb"},"inLanguage":"de","potentialAction":[{"@type":"ReadAction","target":["https:\/\/www.tstcables.com\/de\/informationen-zum-kabelzubehoer\/"]}]},{"@type":"ImageObject","inLanguage":"de","@id":"https:\/\/www.tstcables.com\/de\/informationen-zum-kabelzubehoer\/#primaryimage","url":"https:\/\/www.tstcables.com\/wp-content\/uploads\/2024\/11\/XLPE-Insulated-Power-Cable-300x200.jpg","contentUrl":"https:\/\/www.tstcables.com\/wp-content\/uploads\/2024\/11\/XLPE-Insulated-Power-Cable-300x200.jpg"},{"@type":"BreadcrumbList","@id":"https:\/\/www.tstcables.com\/de\/informationen-zum-kabelzubehoer\/#breadcrumb","itemListElement":[{"@type":"ListItem","position":1,"name":"\u9996\u9875","item":"https:\/\/www.tstcables.com\/de\/"},{"@type":"ListItem","position":2,"name":"Informationen zum Kabelzubeh\u00f6r"}]},{"@type":"WebSite","@id":"https:\/\/www.tstcables.com\/de\/#website","url":"https:\/\/www.tstcables.com\/de\/","name":"TST Cable supplier & Manufacture","description":"TST CABLES  supplier &amp; Manufacture official website","publisher":{"@id":"https:\/\/www.tstcables.com\/de\/#organization"},"potentialAction":[{"@type":"SearchAction","target":{"@type":"EntryPoint","urlTemplate":"https:\/\/www.tstcables.com\/de\/?s={search_term_string}"},"query-input":{"@type":"PropertyValueSpecification","valueRequired":true,"valueName":"search_term_string"}}],"inLanguage":"de"},{"@type":"Organization","@id":"https:\/\/www.tstcables.com\/de\/#organization","name":"TST Cable supplier & Manufacture","url":"https:\/\/www.tstcables.com\/de\/","logo":{"@type":"ImageObject","inLanguage":"de","@id":"https:\/\/www.tstcables.com\/de\/#\/schema\/logo\/image\/","url":"https:\/\/www.tstcables.com\/wp-content\/uploads\/2024\/04\/cropped-\u753b\u677f-1-\u62f7\u8d1d-4-1.png","contentUrl":"https:\/\/www.tstcables.com\/wp-content\/uploads\/2024\/04\/cropped-\u753b\u677f-1-\u62f7\u8d1d-4-1.png","width":300,"height":100,"caption":"TST Cable supplier & Manufacture"},"image":{"@id":"https:\/\/www.tstcables.com\/de\/#\/schema\/logo\/image\/"}}]}},"_links":{"self":[{"href":"https:\/\/www.tstcables.com\/de\/wp-json\/wp\/v2\/pages\/28630","targetHints":{"allow":["GET"]}}],"collection":[{"href":"https:\/\/www.tstcables.com\/de\/wp-json\/wp\/v2\/pages"}],"about":[{"href":"https:\/\/www.tstcables.com\/de\/wp-json\/wp\/v2\/types\/page"}],"author":[{"embeddable":true,"href":"https:\/\/www.tstcables.com\/de\/wp-json\/wp\/v2\/users\/1"}],"replies":[{"embeddable":true,"href":"https:\/\/www.tstcables.com\/de\/wp-json\/wp\/v2\/comments?post=28630"}],"version-history":[{"count":1,"href":"https:\/\/www.tstcables.com\/de\/wp-json\/wp\/v2\/pages\/28630\/revisions"}],"predecessor-version":[{"id":28632,"href":"https:\/\/www.tstcables.com\/de\/wp-json\/wp\/v2\/pages\/28630\/revisions\/28632"}],"wp:attachment":[{"href":"https:\/\/www.tstcables.com\/de\/wp-json\/wp\/v2\/media?parent=28630"}],"curies":[{"name":"wp","href":"https:\/\/api.w.org\/{rel}","templated":true}]}}