{"id":19837,"date":"2024-04-15T16:04:58","date_gmt":"2024-04-15T08:04:58","guid":{"rendered":"https:\/\/www.tstcables.com\/product\/25-mm-hochtemperaturkabel\/"},"modified":"2024-04-15T16:04:58","modified_gmt":"2024-04-15T08:04:58","slug":"25-mm-hochtemperaturkabel","status":"publish","type":"product","link":"https:\/\/www.tstcables.com\/de\/produkt\/25-mm-hochtemperaturkabel\/","title":{"rendered":"2,5 mm Hochtemperaturkabel"},"content":{"rendered":"<p><strong> Produktbeschreibung<\/strong><\/p>\n<p>2,5-mm-Hochtemperaturdr\u00e4hte und -kabel beziehen sich auf Dr\u00e4hte und Kabel, die bei 125\u2103, 135\u2103, 150\u2103, 180\u2103, 200\u2103, 250\u2103, 300\u2103, 500\u2103 und 500\u2103 \u00fcber einem bestimmten Wert stabil weiterarbeiten k\u00f6nnen Hochtemperaturumgebung und die normale \u00dcbertragung von Signalen oder elektrischer Energie wird nicht beeintr\u00e4chtigt. TSTCABLES Drei g\u00e4ngige hochtemperaturbest\u00e4ndige 2,5-mm2-Kabelformen: einadriges Kabel, Koaxialkabel, mehradriges Kabel.<\/p>\n<p>Spezifikationsbereich: 32AWG\u201317AWG<br \/>\nTemperaturbest\u00e4ndigkeitsklasse: H-Klasse (180\u2103)<\/p>\n<p><strong>Anwendungen<\/strong><br \/>\nVerschiedene Schalter, Netzteile, Transformatoren, Beleuchtungsnetzteile, Transformatoren<br \/>\nNeue Energiefahrzeuge<br \/>\nSchnurloses Aufladen von Mobiltelefonen<\/p>\n<p><strong>Produktmerkmale:<\/strong><br \/>\n1. Geringer Verlust.<br \/>\nDas spezielle Design der Leiterstruktur mit speziell beschichtetem Litzendraht reduziert Wirbelstr\u00f6me im Inneren des Leiters<br \/>\nVerlust, wodurch ein kleinerer Leiterau\u00dfendurchmesser und eine hervorragende Schwei\u00dfbarkeit erreicht werden; seine verlustarme Leistung entspricht<br \/>\nLitz-Leitung reduziert unn\u00f6tige Verluste;<br \/>\n2. Drei Schichten Isolationsschutz, keine Nadell\u00f6cher;<br \/>\nMehrere Schichten isolierender Beschichtung aus unterschiedlichen Materialien verhindern die Bildung von Nadell\u00f6chern.<br \/>\n3. Bei hoher Isolationsspannung k\u00f6nnen Isolierband und Isolationsschichten entfallen und das Volumen reduziert werden;<br \/>\n4. Die Spule l\u00e4sst sich leicht rollen, da die Oberfl\u00e4che einen sehr niedrigen Reibungskoeffizienten aufweist, was die M\u00f6glichkeit eines automatischen Hochgeschwindigkeitswickelns bietet.<br \/>\nbietet die M\u00f6glichkeit;<br \/>\n5. H\u00f6heres Temperaturniveau und hervorragende Leistung.5. H\u00f6heres Temperaturniveau und hervorragende Leistung.<br \/>\nZu den Temperaturklassen geh\u00f6ren 155 \u00b0C, 180 \u00b0C und 200 \u00b0C.<br \/>\n6. Leicht abziehbar.<br \/>\nDurch die Verwendung spezieller Beschichtungsmaterialien l\u00e4sst sich der Leiter leichter abziehen. Kann direkt gel\u00f6tet werden, ohne dass die Isolationsschicht vollst\u00e4ndig entfernt wird.<\/p>\n<p><strong>Technische Parameter<\/strong><\/p>\n<table class=\"tg\">\n<thead>\n<tr>\n<th class=\"tg-amwm\" colspan=\"2\">Leitergr\u00f6\u00dfe<\/th>\n<th class=\"tg-amwm\" rowspan=\"2\">Standard-Au\u00dfenmaterial<br \/>\nDurchmesser<\/th>\n<th class=\"tg-amwm\" rowspan=\"2\">Maximales \u00c4u\u00dferes<br \/>\nDurchmesser<\/th>\n<th class=\"tg-amwm\" rowspan=\"2\">Max Dirigent<br \/>\nWiderstand (\u03a9\/km)<\/th>\n<th class=\"tg-amwm\" rowspan=\"2\">Standard<br \/>\nGewicht (g\/m)<\/th>\n<\/tr>\n<tr>\n<th class=\"tg-wa1i\">AWG<\/th>\n<th class=\"tg-amwm\">Au\u00dfendurchmesser<br \/>\n(mm)<\/th>\n<\/tr>\n<\/thead>\n<tbody>\n<tr>\n<td class=\"tg-nrix\">32<\/td>\n<td class=\"tg-nrix\">0.203<\/td>\n<td class=\"tg-nrix\">0.51<\/td>\n<td class=\"tg-nrix\">0.55<\/td>\n<td class=\"tg-nrix\">583<\/td>\n<td class=\"tg-nrix\">0.6<\/td>\n<\/tr>\n<tr>\n<td class=\"tg-nrix\">30<\/td>\n<td class=\"tg-nrix\">0.254<\/td>\n<td class=\"tg-nrix\">0.56<\/td>\n<td class=\"tg-nrix\">0.61<\/td>\n<td class=\"tg-nrix\">373<\/td>\n<td class=\"tg-nrix\">0.79<\/td>\n<\/tr>\n<tr>\n<td class=\"tg-nrix\">28<\/td>\n<td class=\"tg-nrix\">0.32<\/td>\n<td class=\"tg-nrix\">0.62<\/td>\n<td class=\"tg-nrix\">0.67<\/td>\n<td class=\"tg-nrix\">237<\/td>\n<td class=\"tg-nrix\">1.09<\/td>\n<\/tr>\n<tr>\n<td class=\"tg-nrix\">26<\/td>\n<td class=\"tg-nrix\">0.404<\/td>\n<td class=\"tg-nrix\">0.7<\/td>\n<td class=\"tg-nrix\">0.75<\/td>\n<td class=\"tg-nrix\">145<\/td>\n<td class=\"tg-nrix\">1.57<\/td>\n<\/tr>\n<tr>\n<td class=\"tg-nrix\">25<\/td>\n<td class=\"tg-nrix\">0.45<\/td>\n<td class=\"tg-nrix\">0.75<\/td>\n<td class=\"tg-nrix\">0.8<\/td>\n<td class=\"tg-nrix\">120<\/td>\n<td class=\"tg-nrix\">1.96<\/td>\n<\/tr>\n<tr>\n<td class=\"tg-nrix\">24<\/td>\n<td class=\"tg-nrix\">0.51<\/td>\n<td class=\"tg-nrix\">0.81<\/td>\n<td class=\"tg-nrix\">0.86<\/td>\n<td class=\"tg-nrix\">89.3<\/td>\n<td class=\"tg-nrix\">2.36<\/td>\n<\/tr>\n<tr>\n<td class=\"tg-nrix\">23<\/td>\n<td class=\"tg-nrix\">0.6<\/td>\n<td class=\"tg-nrix\">0.9<\/td>\n<td class=\"tg-nrix\">0.95<\/td>\n<td class=\"tg-nrix\">66.1<\/td>\n<td class=\"tg-nrix\">3.2<\/td>\n<\/tr>\n<tr>\n<td class=\"tg-nrix\">22<\/td>\n<td class=\"tg-nrix\">0.64<\/td>\n<td class=\"tg-nrix\">0.94<\/td>\n<td class=\"tg-nrix\">0.99<\/td>\n<td class=\"tg-nrix\">56.3<\/td>\n<td class=\"tg-nrix\">3.51<\/td>\n<\/tr>\n<tr>\n<td class=\"tg-nrix\">22<\/td>\n<td class=\"tg-nrix\">0.7<\/td>\n<td class=\"tg-nrix\">1<\/td>\n<td class=\"tg-nrix\">1.05<\/td>\n<td class=\"tg-nrix\">48.5<\/td>\n<td class=\"tg-nrix\">4.83<\/td>\n<\/tr>\n<tr>\n<td class=\"tg-nrix\">20<\/td>\n<td class=\"tg-nrix\">0.81<\/td>\n<td class=\"tg-nrix\">1.11<\/td>\n<td class=\"tg-nrix\">1.16<\/td>\n<td class=\"tg-nrix\">35.2<\/td>\n<td class=\"tg-nrix\">5.36<\/td>\n<\/tr>\n<tr>\n<td class=\"tg-nrix\">20<\/td>\n<td class=\"tg-nrix\">0.9<\/td>\n<td class=\"tg-nrix\">1.2<\/td>\n<td class=\"tg-nrix\">1.25<\/td>\n<td class=\"tg-nrix\">29.4<\/td>\n<td class=\"tg-nrix\">6.56<\/td>\n<\/tr>\n<tr>\n<td class=\"tg-nrix\">19<\/td>\n<td class=\"tg-nrix\">1<\/td>\n<td class=\"tg-nrix\">1.3<\/td>\n<td class=\"tg-nrix\">1.35<\/td>\n<td class=\"tg-nrix\">23.8<\/td>\n<td class=\"tg-nrix\">7.95<\/td>\n<\/tr>\n<tr>\n<td class=\"tg-nrix\">17<\/td>\n<td class=\"tg-nrix\">1.2<\/td>\n<td class=\"tg-nrix\">1.5<\/td>\n<td class=\"tg-nrix\">1.55<\/td>\n<td class=\"tg-nrix\">16.5<\/td>\n<td class=\"tg-nrix\">11.13<\/td>\n<\/tr>\n<\/tbody>\n<\/table>\n<p><span class=\"Y2IQFc\" lang=\"en\">Hinweis: Diese Produkte mit anderen Parametern k\u00f6nnen je nach Bedarf angepasst werden<\/span><\/p>\n","protected":false},"excerpt":{"rendered":"<p>2,5 mm2 Hochtemperaturdraht und -kabel beziehen sich auf Dr\u00e4hte und Kabel, die bei 125 \u00b0C, 135 \u00b0C, 150 \u00b0C, 180 \u00b0C, 200 \u00b0C, 250 \u00b0C, 300 \u00b0C, 500 \u00b0C und 500 \u00b0C \u00fcber einem bestimmten Wert weiterhin stabil funktionieren k\u00f6nnen Hochtemperaturumgebung und die normale \u00dcbertragung von Signalen oder elektrischer Energie wird nicht beeintr\u00e4chtigt. TSTCABLES Drei g\u00e4ngige hochtemperaturbest\u00e4ndige 2,5-mm2-Kabelformen: einadriges Kabel, Koaxialkabel, mehradriges Kabel.<\/p>\n","protected":false},"featured_media":13314,"template":"","meta":{"_eb_attr":"","site-sidebar-layout":"default","site-content-layout":"","ast-site-content-layout":"default","site-content-style":"default","site-sidebar-style":"default","ast-global-header-display":"","ast-banner-title-visibility":"","ast-main-header-display":"","ast-hfb-above-header-display":"","ast-hfb-below-header-display":"","ast-hfb-mobile-header-display":"","site-post-title":"","ast-breadcrumbs-content":"","ast-featured-img":"","footer-sml-layout":"","theme-transparent-header-meta":"default","adv-header-id-meta":"","stick-header-meta":"","header-above-stick-meta":"","header-main-stick-meta":"","header-below-stick-meta":"","astra-migrate-meta-layouts":"default","ast-page-background-enabled":"default","ast-page-background-meta":{"desktop":{"background-color":"","background-image":"","background-repeat":"repeat","background-position":"center center","background-size":"auto","background-attachment":"scroll","background-type":"","background-media":"","overlay-type":"","overlay-color":"","overlay-opacity":"","overlay-gradient":""},"tablet":{"background-color":"","background-image":"","background-repeat":"repeat","background-position":"center center","background-size":"auto","background-attachment":"scroll","background-type":"","background-media":"","overlay-type":"","overlay-color":"","overlay-opacity":"","overlay-gradient":""},"mobile":{"background-color":"","background-image":"","background-repeat":"repeat","background-position":"center center","background-size":"auto","background-attachment":"scroll","background-type":"","background-media":"","overlay-type":"","overlay-color":"","overlay-opacity":"","overlay-gradient":""}},"ast-content-background-meta":{"desktop":{"background-color":"var(--ast-global-color-5)","background-image":"","background-repeat":"repeat","background-position":"center center","background-size":"auto","background-attachment":"scroll","background-type":"","background-media":"","overlay-type":"","overlay-color":"","overlay-opacity":"","overlay-gradient":""},"tablet":{"background-color":"var(--ast-global-color-5)","background-image":"","background-repeat":"repeat","background-position":"center center","background-size":"auto","background-attachment":"scroll","background-type":"","background-media":"","overlay-type":"","overlay-color":"","overlay-opacity":"","overlay-gradient":""},"mobile":{"background-color":"var(--ast-global-color-5)","background-image":"","background-repeat":"repeat","background-position":"center center","background-size":"auto","background-attachment":"scroll","background-type":"","background-media":"","overlay-type":"","overlay-color":"","overlay-opacity":"","overlay-gradient":""}}},"product_brand":[],"product_cat":[1517,708,693,694,695,696,1513,697,698,1516,1514,1515,699,691,700,701,702,703,704,706,713],"product_tag":[1519,1518,1520],"class_list":{"0":"post-19837","1":"product","2":"type-product","3":"status-publish","4":"has-post-thumbnail","6":"product_cat-auto-kabelbaum","7":"product_cat-rail-way-de","8":"product_cat-enstandard-cable-de","9":"product_cat-en50264-de","10":"product_cat-en50306-de","11":"product_cat-en50382-de","12":"product_cat-geschirr","13":"product_cat-high-temperature-cable-de","14":"product_cat-ice-standard-de","15":"product_cat-industriegeschirr","16":"product_cat-kleines-kabel","17":"product_cat-leichtes-kabel","18":"product_cat-lsoh-cable-de","19":"product_cat-aviation-de","20":"product_cat-marine-de","21":"product_cat-nuclear-de","22":"product_cat-oil-gas-de","23":"product_cat-product-by-industry-de","24":"product_cat-product-by-material-de","25":"product_cat-product-by-standard-de","26":"product_cat-wind-power-de","27":"product_tag-25-mm2-hochtemperaturkabel","28":"product_tag-hochtemperaturkabel","29":"product_tag-lieferanten-von-25-mm2-hochtemperaturkabeln","30":"desktop-align-center","31":"tablet-align-left","32":"mobile-align-left","34":"first","35":"instock","36":"shipping-taxable","37":"product-type-simple"},"yoast_head":"<!-- This site is optimized with the Yoast SEO plugin v27.5 - https:\/\/yoast.com\/product\/yoast-seo-wordpress\/ -->\n<title>2,5 mm2 Hochtemperaturkabel<\/title>\n<meta name=\"description\" content=\"TSTCABLES Drei g\u00e4ngige hochtemperaturbest\u00e4ndige 2,5-mm2-Kabelformen: einadriges Kabel, Koaxialkabel, mehradriges Kabel.\" \/>\n<meta name=\"robots\" content=\"index, follow, max-snippet:-1, max-image-preview:large, max-video-preview:-1\" \/>\n<link rel=\"canonical\" href=\"https:\/\/www.tstcables.com\/de\/produkt\/25-mm-hochtemperaturkabel\/\" \/>\n<meta property=\"og:locale\" content=\"de_DE\" \/>\n<meta property=\"og:type\" content=\"article\" \/>\n<meta property=\"og:title\" content=\"2,5 mm2 Hochtemperaturkabel\" \/>\n<meta property=\"og:description\" content=\"TSTCABLES Drei g\u00e4ngige hochtemperaturbest\u00e4ndige 2,5-mm2-Kabelformen: einadriges Kabel, Koaxialkabel, mehradriges Kabel.\" \/>\n<meta property=\"og:url\" content=\"https:\/\/www.tstcables.com\/de\/produkt\/25-mm-hochtemperaturkabel\/\" \/>\n<meta property=\"og:site_name\" content=\"TST CABLES supplier &amp; Manufacture\" \/>\n<meta property=\"og:image\" content=\"https:\/\/www.tstcables.com\/wp-content\/uploads\/2024\/03\/1-3.webp\" \/>\n\t<meta property=\"og:image:width\" content=\"640\" \/>\n\t<meta property=\"og:image:height\" content=\"640\" \/>\n\t<meta property=\"og:image:type\" content=\"image\/webp\" \/>\n<meta name=\"twitter:card\" content=\"summary_large_image\" \/>\n<meta name=\"twitter:label1\" content=\"Gesch\u00e4tzte Lesezeit\" \/>\n\t<meta name=\"twitter:data1\" content=\"1\u00a0Minute\" \/>\n<script type=\"application\/ld+json\" class=\"yoast-schema-graph\">{\"@context\":\"https:\\\/\\\/schema.org\",\"@graph\":[{\"@type\":\"WebPage\",\"@id\":\"https:\\\/\\\/www.tstcables.com\\\/de\\\/produkt\\\/25-mm-hochtemperaturkabel\\\/\",\"url\":\"https:\\\/\\\/www.tstcables.com\\\/de\\\/produkt\\\/25-mm-hochtemperaturkabel\\\/\",\"name\":\"2,5 mm2 Hochtemperaturkabel\",\"isPartOf\":{\"@id\":\"https:\\\/\\\/www.tstcables.com\\\/de\\\/#website\"},\"primaryImageOfPage\":{\"@id\":\"https:\\\/\\\/www.tstcables.com\\\/de\\\/produkt\\\/25-mm-hochtemperaturkabel\\\/#primaryimage\"},\"image\":{\"@id\":\"https:\\\/\\\/www.tstcables.com\\\/de\\\/produkt\\\/25-mm-hochtemperaturkabel\\\/#primaryimage\"},\"thumbnailUrl\":\"https:\\\/\\\/www.tstcables.com\\\/wp-content\\\/uploads\\\/2024\\\/03\\\/1-3.webp\",\"datePublished\":\"2024-04-15T08:04:58+00:00\",\"description\":\"TSTCABLES Drei g\u00e4ngige hochtemperaturbest\u00e4ndige 2,5-mm2-Kabelformen: einadriges Kabel, Koaxialkabel, mehradriges Kabel.\",\"breadcrumb\":{\"@id\":\"https:\\\/\\\/www.tstcables.com\\\/de\\\/produkt\\\/25-mm-hochtemperaturkabel\\\/#breadcrumb\"},\"inLanguage\":\"de\",\"potentialAction\":[{\"@type\":\"ReadAction\",\"target\":[\"https:\\\/\\\/www.tstcables.com\\\/de\\\/produkt\\\/25-mm-hochtemperaturkabel\\\/\"]}]},{\"@type\":\"ImageObject\",\"inLanguage\":\"de\",\"@id\":\"https:\\\/\\\/www.tstcables.com\\\/de\\\/produkt\\\/25-mm-hochtemperaturkabel\\\/#primaryimage\",\"url\":\"https:\\\/\\\/www.tstcables.com\\\/wp-content\\\/uploads\\\/2024\\\/03\\\/1-3.webp\",\"contentUrl\":\"https:\\\/\\\/www.tstcables.com\\\/wp-content\\\/uploads\\\/2024\\\/03\\\/1-3.webp\",\"width\":640,\"height\":640,\"caption\":\"Silicone High Voltage Wire & Cable\"},{\"@type\":\"BreadcrumbList\",\"@id\":\"https:\\\/\\\/www.tstcables.com\\\/de\\\/produkt\\\/25-mm-hochtemperaturkabel\\\/#breadcrumb\",\"itemListElement\":[{\"@type\":\"ListItem\",\"position\":1,\"name\":\"\u9996\u9875\",\"item\":\"https:\\\/\\\/www.tstcables.com\\\/de\\\/\"},{\"@type\":\"ListItem\",\"position\":2,\"name\":\"Product\",\"item\":\"https:\\\/\\\/www.tstcables.com\\\/product\\\/\"},{\"@type\":\"ListItem\",\"position\":3,\"name\":\"2,5 mm Hochtemperaturkabel\"}]},{\"@type\":\"WebSite\",\"@id\":\"https:\\\/\\\/www.tstcables.com\\\/de\\\/#website\",\"url\":\"https:\\\/\\\/www.tstcables.com\\\/de\\\/\",\"name\":\"TST Cable supplier & Manufacture\",\"description\":\"TST CABLES  supplier &amp; Manufacture official website\",\"publisher\":{\"@id\":\"https:\\\/\\\/www.tstcables.com\\\/de\\\/#organization\"},\"potentialAction\":[{\"@type\":\"SearchAction\",\"target\":{\"@type\":\"EntryPoint\",\"urlTemplate\":\"https:\\\/\\\/www.tstcables.com\\\/de\\\/?s={search_term_string}\"},\"query-input\":{\"@type\":\"PropertyValueSpecification\",\"valueRequired\":true,\"valueName\":\"search_term_string\"}}],\"inLanguage\":\"de\"},{\"@type\":\"Organization\",\"@id\":\"https:\\\/\\\/www.tstcables.com\\\/de\\\/#organization\",\"name\":\"TST Cable supplier & Manufacture\",\"url\":\"https:\\\/\\\/www.tstcables.com\\\/de\\\/\",\"logo\":{\"@type\":\"ImageObject\",\"inLanguage\":\"de\",\"@id\":\"https:\\\/\\\/www.tstcables.com\\\/de\\\/#\\\/schema\\\/logo\\\/image\\\/\",\"url\":\"https:\\\/\\\/www.tstcables.com\\\/wp-content\\\/uploads\\\/2024\\\/04\\\/cropped-\u753b\u677f-1-\u62f7\u8d1d-4-1.png\",\"contentUrl\":\"https:\\\/\\\/www.tstcables.com\\\/wp-content\\\/uploads\\\/2024\\\/04\\\/cropped-\u753b\u677f-1-\u62f7\u8d1d-4-1.png\",\"width\":300,\"height\":100,\"caption\":\"TST Cable supplier & Manufacture\"},\"image\":{\"@id\":\"https:\\\/\\\/www.tstcables.com\\\/de\\\/#\\\/schema\\\/logo\\\/image\\\/\"}}]}<\/script>\n<!-- \/ Yoast SEO plugin. -->","yoast_head_json":{"title":"2,5 mm2 Hochtemperaturkabel","description":"TSTCABLES Drei g\u00e4ngige hochtemperaturbest\u00e4ndige 2,5-mm2-Kabelformen: einadriges Kabel, Koaxialkabel, mehradriges Kabel.","robots":{"index":"index","follow":"follow","max-snippet":"max-snippet:-1","max-image-preview":"max-image-preview:large","max-video-preview":"max-video-preview:-1"},"canonical":"https:\/\/www.tstcables.com\/de\/produkt\/25-mm-hochtemperaturkabel\/","og_locale":"de_DE","og_type":"article","og_title":"2,5 mm2 Hochtemperaturkabel","og_description":"TSTCABLES Drei g\u00e4ngige hochtemperaturbest\u00e4ndige 2,5-mm2-Kabelformen: einadriges Kabel, Koaxialkabel, mehradriges Kabel.","og_url":"https:\/\/www.tstcables.com\/de\/produkt\/25-mm-hochtemperaturkabel\/","og_site_name":"TST CABLES supplier &amp; Manufacture","og_image":[{"width":640,"height":640,"url":"https:\/\/www.tstcables.com\/wp-content\/uploads\/2024\/03\/1-3.webp","type":"image\/webp"}],"twitter_card":"summary_large_image","twitter_misc":{"Gesch\u00e4tzte Lesezeit":"1\u00a0Minute"},"schema":{"@context":"https:\/\/schema.org","@graph":[{"@type":"WebPage","@id":"https:\/\/www.tstcables.com\/de\/produkt\/25-mm-hochtemperaturkabel\/","url":"https:\/\/www.tstcables.com\/de\/produkt\/25-mm-hochtemperaturkabel\/","name":"2,5 mm2 Hochtemperaturkabel","isPartOf":{"@id":"https:\/\/www.tstcables.com\/de\/#website"},"primaryImageOfPage":{"@id":"https:\/\/www.tstcables.com\/de\/produkt\/25-mm-hochtemperaturkabel\/#primaryimage"},"image":{"@id":"https:\/\/www.tstcables.com\/de\/produkt\/25-mm-hochtemperaturkabel\/#primaryimage"},"thumbnailUrl":"https:\/\/www.tstcables.com\/wp-content\/uploads\/2024\/03\/1-3.webp","datePublished":"2024-04-15T08:04:58+00:00","description":"TSTCABLES Drei g\u00e4ngige hochtemperaturbest\u00e4ndige 2,5-mm2-Kabelformen: einadriges Kabel, Koaxialkabel, mehradriges Kabel.","breadcrumb":{"@id":"https:\/\/www.tstcables.com\/de\/produkt\/25-mm-hochtemperaturkabel\/#breadcrumb"},"inLanguage":"de","potentialAction":[{"@type":"ReadAction","target":["https:\/\/www.tstcables.com\/de\/produkt\/25-mm-hochtemperaturkabel\/"]}]},{"@type":"ImageObject","inLanguage":"de","@id":"https:\/\/www.tstcables.com\/de\/produkt\/25-mm-hochtemperaturkabel\/#primaryimage","url":"https:\/\/www.tstcables.com\/wp-content\/uploads\/2024\/03\/1-3.webp","contentUrl":"https:\/\/www.tstcables.com\/wp-content\/uploads\/2024\/03\/1-3.webp","width":640,"height":640,"caption":"Silicone High Voltage Wire & Cable"},{"@type":"BreadcrumbList","@id":"https:\/\/www.tstcables.com\/de\/produkt\/25-mm-hochtemperaturkabel\/#breadcrumb","itemListElement":[{"@type":"ListItem","position":1,"name":"\u9996\u9875","item":"https:\/\/www.tstcables.com\/de\/"},{"@type":"ListItem","position":2,"name":"Product","item":"https:\/\/www.tstcables.com\/product\/"},{"@type":"ListItem","position":3,"name":"2,5 mm Hochtemperaturkabel"}]},{"@type":"WebSite","@id":"https:\/\/www.tstcables.com\/de\/#website","url":"https:\/\/www.tstcables.com\/de\/","name":"TST Cable supplier & Manufacture","description":"TST CABLES  supplier &amp; Manufacture official website","publisher":{"@id":"https:\/\/www.tstcables.com\/de\/#organization"},"potentialAction":[{"@type":"SearchAction","target":{"@type":"EntryPoint","urlTemplate":"https:\/\/www.tstcables.com\/de\/?s={search_term_string}"},"query-input":{"@type":"PropertyValueSpecification","valueRequired":true,"valueName":"search_term_string"}}],"inLanguage":"de"},{"@type":"Organization","@id":"https:\/\/www.tstcables.com\/de\/#organization","name":"TST Cable supplier & Manufacture","url":"https:\/\/www.tstcables.com\/de\/","logo":{"@type":"ImageObject","inLanguage":"de","@id":"https:\/\/www.tstcables.com\/de\/#\/schema\/logo\/image\/","url":"https:\/\/www.tstcables.com\/wp-content\/uploads\/2024\/04\/cropped-\u753b\u677f-1-\u62f7\u8d1d-4-1.png","contentUrl":"https:\/\/www.tstcables.com\/wp-content\/uploads\/2024\/04\/cropped-\u753b\u677f-1-\u62f7\u8d1d-4-1.png","width":300,"height":100,"caption":"TST Cable supplier & Manufacture"},"image":{"@id":"https:\/\/www.tstcables.com\/de\/#\/schema\/logo\/image\/"}}]}},"_links":{"self":[{"href":"https:\/\/www.tstcables.com\/de\/wp-json\/wp\/v2\/product\/19837","targetHints":{"allow":["GET"]}}],"collection":[{"href":"https:\/\/www.tstcables.com\/de\/wp-json\/wp\/v2\/product"}],"about":[{"href":"https:\/\/www.tstcables.com\/de\/wp-json\/wp\/v2\/types\/product"}],"version-history":[{"count":0,"href":"https:\/\/www.tstcables.com\/de\/wp-json\/wp\/v2\/product\/19837\/revisions"}],"wp:featuredmedia":[{"embeddable":true,"href":"https:\/\/www.tstcables.com\/de\/wp-json\/wp\/v2\/media\/13314"}],"wp:attachment":[{"href":"https:\/\/www.tstcables.com\/de\/wp-json\/wp\/v2\/media?parent=19837"}],"wp:term":[{"taxonomy":"product_brand","embeddable":true,"href":"https:\/\/www.tstcables.com\/de\/wp-json\/wp\/v2\/product_brand?post=19837"},{"taxonomy":"product_cat","embeddable":true,"href":"https:\/\/www.tstcables.com\/de\/wp-json\/wp\/v2\/product_cat?post=19837"},{"taxonomy":"product_tag","embeddable":true,"href":"https:\/\/www.tstcables.com\/de\/wp-json\/wp\/v2\/product_tag?post=19837"}],"curies":[{"name":"wp","href":"https:\/\/api.w.org\/{rel}","templated":true}]}}