{"id":19839,"date":"2024-04-13T11:00:34","date_gmt":"2024-04-13T03:00:34","guid":{"rendered":"https:\/\/www.tstcables.com\/product\/kabel-fuer-ein-luftkommunikationssystem\/"},"modified":"2024-04-13T11:00:34","modified_gmt":"2024-04-13T03:00:34","slug":"kabel-fuer-ein-luftkommunikationssystem","status":"publish","type":"product","link":"https:\/\/www.tstcables.com\/de\/produkt\/kabel-fuer-ein-luftkommunikationssystem\/","title":{"rendered":"Kabel f\u00fcr ein Luftkommunikationssystem"},"content":{"rendered":"<p><strong>Anwendungen<\/strong><br \/>\nKabel f\u00fcr ein Luftkommunikationssystem<\/p>\n<p><strong>Produktmerkmale:<\/strong><br \/>\n1. Geringer Verlust.<br \/>\nDas spezielle Design der Leiterstruktur mit speziell beschichtetem Litzendraht reduziert Wirbelstr\u00f6me im Inneren des Leiters<br \/>\nVerlust, wodurch ein kleinerer Leiterau\u00dfendurchmesser und eine hervorragende Schwei\u00dfbarkeit erreicht werden; seine verlustarme Leistung entspricht<br \/>\nLitz-Leitung reduziert unn\u00f6tige Verluste;<br \/>\n2. Drei Schichten Isolationsschutz, keine Nadell\u00f6cher;<br \/>\nMehrere Schichten isolierender Beschichtung aus unterschiedlichen Materialien verhindern die Bildung von Nadell\u00f6chern.<br \/>\n3. Bei hoher Isolationsspannung k\u00f6nnen Isolierband und Isolationsschichten entfallen und das Volumen reduziert werden;<br \/>\n4. H\u00f6heres Temperaturniveau und hervorragende Leistung.<br \/>\nZu den Temperaturklassen geh\u00f6ren 155 \u00b0C, 180 \u00b0C und 200 \u00b0C.<br \/>\n5. Leicht abziehbar.<br \/>\nDurch die Verwendung spezieller Beschichtungsmaterialien l\u00e4sst sich der Leiter leichter abziehen. Kann direkt gel\u00f6tet werden, ohne dass die Isolationsschicht vollst\u00e4ndig entfernt wird.<\/p>\n<p><strong>Technische Parameter<\/strong><\/p>\n<table class=\"tg\">\n<thead>\n<tr>\n<th class=\"tg-949j\" colspan=\"2\">Leitergr\u00f6\u00dfe<\/th>\n<th class=\"tg-949j\">Standard-Au\u00dfenmaterial<\/th>\n<th class=\"tg-7fn2\">Maximales \u00c4u\u00dferes<\/th>\n<th class=\"tg-7fn2\">Max Dirigent<\/th>\n<\/tr>\n<\/thead>\n<tbody>\n<tr>\n<td class=\"tg-949j\" rowspan=\"2\">AWG<\/td>\n<td class=\"tg-949j\">Au\u00dfendurchmesser<\/td>\n<td class=\"tg-949j\">Durchmesser<\/td>\n<td class=\"tg-7fn2\">Durchmesser<\/td>\n<td class=\"tg-d93i\">Widerstand (\u03a9\/km)<\/td>\n<\/tr>\n<tr>\n<td class=\"tg-949j\">(mm)<\/td>\n<td class=\"tg-grqh\"><\/td>\n<td class=\"tg-d93i\"><\/td>\n<td class=\"tg-d93i\"><\/td>\n<\/tr>\n<tr>\n<td class=\"tg-d93i\" colspan=\"3\">32<\/td>\n<td class=\"tg-d93i\" rowspan=\"2\">0.55<\/td>\n<td class=\"tg-d93i\" rowspan=\"2\">583<\/td>\n<\/tr>\n<tr>\n<td class=\"tg-d93i\">30<\/td>\n<td class=\"tg-d93i\">0.254<\/td>\n<td class=\"tg-d93i\">0.56<\/td>\n<\/tr>\n<tr>\n<td class=\"tg-d93i\">28<\/td>\n<td class=\"tg-d93i\">0.32<\/td>\n<td class=\"tg-d93i\">0.62<\/td>\n<td class=\"tg-d93i\">0.67<\/td>\n<td class=\"tg-d93i\">237<\/td>\n<\/tr>\n<tr>\n<td class=\"tg-d93i\">26<\/td>\n<td class=\"tg-d93i\">0.404<\/td>\n<td class=\"tg-d93i\">0.7<\/td>\n<td class=\"tg-d93i\">0.75<\/td>\n<td class=\"tg-d93i\">145<\/td>\n<\/tr>\n<tr>\n<td class=\"tg-d93i\">25<\/td>\n<td class=\"tg-d93i\">0.45<\/td>\n<td class=\"tg-d93i\">0.75<\/td>\n<td class=\"tg-d93i\">0.8<\/td>\n<td class=\"tg-d93i\">120<\/td>\n<\/tr>\n<tr>\n<td class=\"tg-d93i\">24<\/td>\n<td class=\"tg-d93i\">0.51<\/td>\n<td class=\"tg-d93i\">0.81<\/td>\n<td class=\"tg-d93i\">0.86<\/td>\n<td class=\"tg-d93i\">89.3<\/td>\n<\/tr>\n<tr>\n<td class=\"tg-d93i\">23<\/td>\n<td class=\"tg-d93i\">0.6<\/td>\n<td class=\"tg-d93i\">0.9<\/td>\n<td class=\"tg-d93i\">0.95<\/td>\n<td class=\"tg-d93i\">66.1<\/td>\n<\/tr>\n<tr>\n<td class=\"tg-d93i\">22<\/td>\n<td class=\"tg-d93i\">0.64<\/td>\n<td class=\"tg-d93i\">0.94<\/td>\n<td class=\"tg-d93i\">0.99<\/td>\n<td class=\"tg-d93i\">56.3<\/td>\n<\/tr>\n<tr>\n<td class=\"tg-d93i\">22<\/td>\n<td class=\"tg-d93i\">0.7<\/td>\n<td class=\"tg-d93i\">1<\/td>\n<td class=\"tg-d93i\">1.05<\/td>\n<td class=\"tg-d93i\">48.5<\/td>\n<\/tr>\n<tr>\n<td class=\"tg-d93i\">20<\/td>\n<td class=\"tg-d93i\">0.81<\/td>\n<td class=\"tg-d93i\">1.11<\/td>\n<td class=\"tg-d93i\">1.16<\/td>\n<td class=\"tg-d93i\">35.2<\/td>\n<\/tr>\n<tr>\n<td class=\"tg-d93i\">20<\/td>\n<td class=\"tg-d93i\">0.9<\/td>\n<td class=\"tg-d93i\">1.2<\/td>\n<td class=\"tg-d93i\">1.25<\/td>\n<td class=\"tg-d93i\">29.4<\/td>\n<\/tr>\n<tr>\n<td class=\"tg-d93i\">19<\/td>\n<td class=\"tg-d93i\">1<\/td>\n<td class=\"tg-d93i\">1.3<\/td>\n<td class=\"tg-d93i\">1.35<\/td>\n<td class=\"tg-d93i\">23.8<\/td>\n<\/tr>\n<tr>\n<td class=\"tg-d93i\">17<\/td>\n<td class=\"tg-d93i\">1.2<\/td>\n<td class=\"tg-d93i\">1.5<\/td>\n<td class=\"tg-d93i\">1.55<\/td>\n<td class=\"tg-d93i\">16.5<\/td>\n<\/tr>\n<\/tbody>\n<\/table>\n","protected":false},"excerpt":{"rendered":"<p>Kabel f\u00fcr Bordkommunikationssysteme sind hochspannungs- und verlustarm isoliert und stellen wichtige Komponenten in Flugzeugen dar, die f\u00fcr die \u00dcbertragung von Sprach- und Datensignalen zwischen Kommunikationsger\u00e4ten wie Funkger\u00e4ten, Transceivern, Gegensprechanlagen und Antennen verantwortlich sind.<\/p>\n","protected":false},"featured_media":12442,"template":"","meta":{"_eb_attr":"","site-sidebar-layout":"default","site-content-layout":"","ast-site-content-layout":"default","site-content-style":"default","site-sidebar-style":"default","ast-global-header-display":"","ast-banner-title-visibility":"","ast-main-header-display":"","ast-hfb-above-header-display":"","ast-hfb-below-header-display":"","ast-hfb-mobile-header-display":"","site-post-title":"","ast-breadcrumbs-content":"","ast-featured-img":"","footer-sml-layout":"","theme-transparent-header-meta":"default","adv-header-id-meta":"","stick-header-meta":"","header-above-stick-meta":"","header-main-stick-meta":"","header-below-stick-meta":"","astra-migrate-meta-layouts":"default","ast-page-background-enabled":"default","ast-page-background-meta":{"desktop":{"background-color":"","background-image":"","background-repeat":"repeat","background-position":"center center","background-size":"auto","background-attachment":"scroll","background-type":"","background-media":"","overlay-type":"","overlay-color":"","overlay-opacity":"","overlay-gradient":""},"tablet":{"background-color":"","background-image":"","background-repeat":"repeat","background-position":"center center","background-size":"auto","background-attachment":"scroll","background-type":"","background-media":"","overlay-type":"","overlay-color":"","overlay-opacity":"","overlay-gradient":""},"mobile":{"background-color":"","background-image":"","background-repeat":"repeat","background-position":"center center","background-size":"auto","background-attachment":"scroll","background-type":"","background-media":"","overlay-type":"","overlay-color":"","overlay-opacity":"","overlay-gradient":""}},"ast-content-background-meta":{"desktop":{"background-color":"var(--ast-global-color-5)","background-image":"","background-repeat":"repeat","background-position":"center center","background-size":"auto","background-attachment":"scroll","background-type":"","background-media":"","overlay-type":"","overlay-color":"","overlay-opacity":"","overlay-gradient":""},"tablet":{"background-color":"var(--ast-global-color-5)","background-image":"","background-repeat":"repeat","background-position":"center center","background-size":"auto","background-attachment":"scroll","background-type":"","background-media":"","overlay-type":"","overlay-color":"","overlay-opacity":"","overlay-gradient":""},"mobile":{"background-color":"var(--ast-global-color-5)","background-image":"","background-repeat":"repeat","background-position":"center center","background-size":"auto","background-attachment":"scroll","background-type":"","background-media":"","overlay-type":"","overlay-color":"","overlay-opacity":"","overlay-gradient":""}}},"product_brand":[],"product_cat":[691],"product_tag":[1521,1522],"class_list":{"0":"post-19839","1":"product","2":"type-product","3":"status-publish","4":"has-post-thumbnail","6":"product_cat-aviation-de","7":"product_tag-hochtemperaturbestandiger-hochfrequenzdraht-tewp","8":"product_tag-tewp-hochtemperaturkabel","9":"desktop-align-center","10":"tablet-align-left","11":"mobile-align-left","13":"first","14":"instock","15":"shipping-taxable","16":"product-type-simple"},"yoast_head":"<!-- This site is optimized with the Yoast SEO plugin v27.3 - https:\/\/yoast.com\/product\/yoast-seo-wordpress\/ -->\n<title>Kabel f\u00fcr ein Luftkommunikationssystem<\/title>\n<meta name=\"description\" content=\"Kabel f\u00fcr Bordkommunikationssysteme sind hochspannungs- und verlustarm isoliert und stellen wichtige Komponenten in Flugzeugen dar, die f\u00fcr die Sprach\u00fcbertragung verantwortlich sind.\" \/>\n<meta name=\"robots\" content=\"index, follow, max-snippet:-1, max-image-preview:large, max-video-preview:-1\" \/>\n<link rel=\"canonical\" href=\"https:\/\/www.tstcables.com\/de\/produkt\/kabel-fuer-ein-luftkommunikationssystem\/\" \/>\n<meta property=\"og:locale\" content=\"de_DE\" \/>\n<meta property=\"og:type\" content=\"article\" \/>\n<meta property=\"og:title\" content=\"Kabel f\u00fcr ein Luftkommunikationssystem\" \/>\n<meta property=\"og:description\" content=\"Kabel f\u00fcr Bordkommunikationssysteme sind hochspannungs- und verlustarm isoliert und stellen wichtige Komponenten in Flugzeugen dar, die f\u00fcr die Sprach\u00fcbertragung verantwortlich sind.\" \/>\n<meta property=\"og:url\" content=\"https:\/\/www.tstcables.com\/de\/produkt\/kabel-fuer-ein-luftkommunikationssystem\/\" \/>\n<meta property=\"og:site_name\" content=\"TST CABLES supplier &amp; Manufacture\" \/>\n<meta property=\"og:image\" content=\"https:\/\/www.tstcables.com\/wp-content\/uploads\/2024\/03\/4-5.jpg\" \/>\n\t<meta property=\"og:image:width\" content=\"640\" \/>\n\t<meta property=\"og:image:height\" content=\"640\" \/>\n\t<meta property=\"og:image:type\" content=\"image\/jpeg\" \/>\n<meta name=\"twitter:card\" content=\"summary_large_image\" \/>\n<meta name=\"twitter:label1\" content=\"Gesch\u00e4tzte Lesezeit\" \/>\n\t<meta name=\"twitter:data1\" content=\"1\u00a0Minute\" \/>\n<script type=\"application\/ld+json\" class=\"yoast-schema-graph\">{\"@context\":\"https:\\\/\\\/schema.org\",\"@graph\":[{\"@type\":\"WebPage\",\"@id\":\"https:\\\/\\\/www.tstcables.com\\\/de\\\/produkt\\\/kabel-fuer-ein-luftkommunikationssystem\\\/\",\"url\":\"https:\\\/\\\/www.tstcables.com\\\/de\\\/produkt\\\/kabel-fuer-ein-luftkommunikationssystem\\\/\",\"name\":\"Kabel f\u00fcr ein Luftkommunikationssystem\",\"isPartOf\":{\"@id\":\"https:\\\/\\\/www.tstcables.com\\\/de\\\/#website\"},\"primaryImageOfPage\":{\"@id\":\"https:\\\/\\\/www.tstcables.com\\\/de\\\/produkt\\\/kabel-fuer-ein-luftkommunikationssystem\\\/#primaryimage\"},\"image\":{\"@id\":\"https:\\\/\\\/www.tstcables.com\\\/de\\\/produkt\\\/kabel-fuer-ein-luftkommunikationssystem\\\/#primaryimage\"},\"thumbnailUrl\":\"https:\\\/\\\/www.tstcables.com\\\/wp-content\\\/uploads\\\/2024\\\/03\\\/4-5.jpg\",\"datePublished\":\"2024-04-13T03:00:34+00:00\",\"description\":\"Kabel f\u00fcr Bordkommunikationssysteme sind hochspannungs- und verlustarm isoliert und stellen wichtige Komponenten in Flugzeugen dar, die f\u00fcr die Sprach\u00fcbertragung verantwortlich sind.\",\"breadcrumb\":{\"@id\":\"https:\\\/\\\/www.tstcables.com\\\/de\\\/produkt\\\/kabel-fuer-ein-luftkommunikationssystem\\\/#breadcrumb\"},\"inLanguage\":\"de\",\"potentialAction\":[{\"@type\":\"ReadAction\",\"target\":[\"https:\\\/\\\/www.tstcables.com\\\/de\\\/produkt\\\/kabel-fuer-ein-luftkommunikationssystem\\\/\"]}]},{\"@type\":\"ImageObject\",\"inLanguage\":\"de\",\"@id\":\"https:\\\/\\\/www.tstcables.com\\\/de\\\/produkt\\\/kabel-fuer-ein-luftkommunikationssystem\\\/#primaryimage\",\"url\":\"https:\\\/\\\/www.tstcables.com\\\/wp-content\\\/uploads\\\/2024\\\/03\\\/4-5.jpg\",\"contentUrl\":\"https:\\\/\\\/www.tstcables.com\\\/wp-content\\\/uploads\\\/2024\\\/03\\\/4-5.jpg\",\"width\":640,\"height\":640,\"caption\":\"Fire Resistant Computer Wire & Cable\"},{\"@type\":\"BreadcrumbList\",\"@id\":\"https:\\\/\\\/www.tstcables.com\\\/de\\\/produkt\\\/kabel-fuer-ein-luftkommunikationssystem\\\/#breadcrumb\",\"itemListElement\":[{\"@type\":\"ListItem\",\"position\":1,\"name\":\"\u9996\u9875\",\"item\":\"https:\\\/\\\/www.tstcables.com\\\/de\\\/\"},{\"@type\":\"ListItem\",\"position\":2,\"name\":\"Product\",\"item\":\"https:\\\/\\\/www.tstcables.com\\\/product\\\/\"},{\"@type\":\"ListItem\",\"position\":3,\"name\":\"Kabel f\u00fcr ein Luftkommunikationssystem\"}]},{\"@type\":\"WebSite\",\"@id\":\"https:\\\/\\\/www.tstcables.com\\\/de\\\/#website\",\"url\":\"https:\\\/\\\/www.tstcables.com\\\/de\\\/\",\"name\":\"TST Cable supplier & Manufacture\",\"description\":\"TST CABLES  supplier &amp; Manufacture official website\",\"publisher\":{\"@id\":\"https:\\\/\\\/www.tstcables.com\\\/de\\\/#organization\"},\"potentialAction\":[{\"@type\":\"SearchAction\",\"target\":{\"@type\":\"EntryPoint\",\"urlTemplate\":\"https:\\\/\\\/www.tstcables.com\\\/de\\\/?s={search_term_string}\"},\"query-input\":{\"@type\":\"PropertyValueSpecification\",\"valueRequired\":true,\"valueName\":\"search_term_string\"}}],\"inLanguage\":\"de\"},{\"@type\":\"Organization\",\"@id\":\"https:\\\/\\\/www.tstcables.com\\\/de\\\/#organization\",\"name\":\"TST Cable supplier & Manufacture\",\"url\":\"https:\\\/\\\/www.tstcables.com\\\/de\\\/\",\"logo\":{\"@type\":\"ImageObject\",\"inLanguage\":\"de\",\"@id\":\"https:\\\/\\\/www.tstcables.com\\\/de\\\/#\\\/schema\\\/logo\\\/image\\\/\",\"url\":\"https:\\\/\\\/www.tstcables.com\\\/wp-content\\\/uploads\\\/2024\\\/04\\\/cropped-\u753b\u677f-1-\u62f7\u8d1d-4-1.png\",\"contentUrl\":\"https:\\\/\\\/www.tstcables.com\\\/wp-content\\\/uploads\\\/2024\\\/04\\\/cropped-\u753b\u677f-1-\u62f7\u8d1d-4-1.png\",\"width\":300,\"height\":100,\"caption\":\"TST Cable supplier & Manufacture\"},\"image\":{\"@id\":\"https:\\\/\\\/www.tstcables.com\\\/de\\\/#\\\/schema\\\/logo\\\/image\\\/\"}}]}<\/script>\n<!-- \/ Yoast SEO plugin. -->","yoast_head_json":{"title":"Kabel f\u00fcr ein Luftkommunikationssystem","description":"Kabel f\u00fcr Bordkommunikationssysteme sind hochspannungs- und verlustarm isoliert und stellen wichtige Komponenten in Flugzeugen dar, die f\u00fcr die Sprach\u00fcbertragung verantwortlich sind.","robots":{"index":"index","follow":"follow","max-snippet":"max-snippet:-1","max-image-preview":"max-image-preview:large","max-video-preview":"max-video-preview:-1"},"canonical":"https:\/\/www.tstcables.com\/de\/produkt\/kabel-fuer-ein-luftkommunikationssystem\/","og_locale":"de_DE","og_type":"article","og_title":"Kabel f\u00fcr ein Luftkommunikationssystem","og_description":"Kabel f\u00fcr Bordkommunikationssysteme sind hochspannungs- und verlustarm isoliert und stellen wichtige Komponenten in Flugzeugen dar, die f\u00fcr die Sprach\u00fcbertragung verantwortlich sind.","og_url":"https:\/\/www.tstcables.com\/de\/produkt\/kabel-fuer-ein-luftkommunikationssystem\/","og_site_name":"TST CABLES supplier &amp; Manufacture","og_image":[{"width":640,"height":640,"url":"https:\/\/www.tstcables.com\/wp-content\/uploads\/2024\/03\/4-5.jpg","type":"image\/jpeg"}],"twitter_card":"summary_large_image","twitter_misc":{"Gesch\u00e4tzte Lesezeit":"1\u00a0Minute"},"schema":{"@context":"https:\/\/schema.org","@graph":[{"@type":"WebPage","@id":"https:\/\/www.tstcables.com\/de\/produkt\/kabel-fuer-ein-luftkommunikationssystem\/","url":"https:\/\/www.tstcables.com\/de\/produkt\/kabel-fuer-ein-luftkommunikationssystem\/","name":"Kabel f\u00fcr ein Luftkommunikationssystem","isPartOf":{"@id":"https:\/\/www.tstcables.com\/de\/#website"},"primaryImageOfPage":{"@id":"https:\/\/www.tstcables.com\/de\/produkt\/kabel-fuer-ein-luftkommunikationssystem\/#primaryimage"},"image":{"@id":"https:\/\/www.tstcables.com\/de\/produkt\/kabel-fuer-ein-luftkommunikationssystem\/#primaryimage"},"thumbnailUrl":"https:\/\/www.tstcables.com\/wp-content\/uploads\/2024\/03\/4-5.jpg","datePublished":"2024-04-13T03:00:34+00:00","description":"Kabel f\u00fcr Bordkommunikationssysteme sind hochspannungs- und verlustarm isoliert und stellen wichtige Komponenten in Flugzeugen dar, die f\u00fcr die Sprach\u00fcbertragung verantwortlich sind.","breadcrumb":{"@id":"https:\/\/www.tstcables.com\/de\/produkt\/kabel-fuer-ein-luftkommunikationssystem\/#breadcrumb"},"inLanguage":"de","potentialAction":[{"@type":"ReadAction","target":["https:\/\/www.tstcables.com\/de\/produkt\/kabel-fuer-ein-luftkommunikationssystem\/"]}]},{"@type":"ImageObject","inLanguage":"de","@id":"https:\/\/www.tstcables.com\/de\/produkt\/kabel-fuer-ein-luftkommunikationssystem\/#primaryimage","url":"https:\/\/www.tstcables.com\/wp-content\/uploads\/2024\/03\/4-5.jpg","contentUrl":"https:\/\/www.tstcables.com\/wp-content\/uploads\/2024\/03\/4-5.jpg","width":640,"height":640,"caption":"Fire Resistant Computer Wire & Cable"},{"@type":"BreadcrumbList","@id":"https:\/\/www.tstcables.com\/de\/produkt\/kabel-fuer-ein-luftkommunikationssystem\/#breadcrumb","itemListElement":[{"@type":"ListItem","position":1,"name":"\u9996\u9875","item":"https:\/\/www.tstcables.com\/de\/"},{"@type":"ListItem","position":2,"name":"Product","item":"https:\/\/www.tstcables.com\/product\/"},{"@type":"ListItem","position":3,"name":"Kabel f\u00fcr ein Luftkommunikationssystem"}]},{"@type":"WebSite","@id":"https:\/\/www.tstcables.com\/de\/#website","url":"https:\/\/www.tstcables.com\/de\/","name":"TST Cable supplier & Manufacture","description":"TST CABLES  supplier &amp; Manufacture official website","publisher":{"@id":"https:\/\/www.tstcables.com\/de\/#organization"},"potentialAction":[{"@type":"SearchAction","target":{"@type":"EntryPoint","urlTemplate":"https:\/\/www.tstcables.com\/de\/?s={search_term_string}"},"query-input":{"@type":"PropertyValueSpecification","valueRequired":true,"valueName":"search_term_string"}}],"inLanguage":"de"},{"@type":"Organization","@id":"https:\/\/www.tstcables.com\/de\/#organization","name":"TST Cable supplier & Manufacture","url":"https:\/\/www.tstcables.com\/de\/","logo":{"@type":"ImageObject","inLanguage":"de","@id":"https:\/\/www.tstcables.com\/de\/#\/schema\/logo\/image\/","url":"https:\/\/www.tstcables.com\/wp-content\/uploads\/2024\/04\/cropped-\u753b\u677f-1-\u62f7\u8d1d-4-1.png","contentUrl":"https:\/\/www.tstcables.com\/wp-content\/uploads\/2024\/04\/cropped-\u753b\u677f-1-\u62f7\u8d1d-4-1.png","width":300,"height":100,"caption":"TST Cable supplier & Manufacture"},"image":{"@id":"https:\/\/www.tstcables.com\/de\/#\/schema\/logo\/image\/"}}]}},"_links":{"self":[{"href":"https:\/\/www.tstcables.com\/de\/wp-json\/wp\/v2\/product\/19839","targetHints":{"allow":["GET"]}}],"collection":[{"href":"https:\/\/www.tstcables.com\/de\/wp-json\/wp\/v2\/product"}],"about":[{"href":"https:\/\/www.tstcables.com\/de\/wp-json\/wp\/v2\/types\/product"}],"version-history":[{"count":0,"href":"https:\/\/www.tstcables.com\/de\/wp-json\/wp\/v2\/product\/19839\/revisions"}],"wp:featuredmedia":[{"embeddable":true,"href":"https:\/\/www.tstcables.com\/de\/wp-json\/wp\/v2\/media\/12442"}],"wp:attachment":[{"href":"https:\/\/www.tstcables.com\/de\/wp-json\/wp\/v2\/media?parent=19839"}],"wp:term":[{"taxonomy":"product_brand","embeddable":true,"href":"https:\/\/www.tstcables.com\/de\/wp-json\/wp\/v2\/product_brand?post=19839"},{"taxonomy":"product_cat","embeddable":true,"href":"https:\/\/www.tstcables.com\/de\/wp-json\/wp\/v2\/product_cat?post=19839"},{"taxonomy":"product_tag","embeddable":true,"href":"https:\/\/www.tstcables.com\/de\/wp-json\/wp\/v2\/product_tag?post=19839"}],"curies":[{"name":"wp","href":"https:\/\/api.w.org\/{rel}","templated":true}]}}