{"id":19842,"date":"2024-04-13T10:54:42","date_gmt":"2024-04-13T02:54:42","guid":{"rendered":"https:\/\/www.tstcables.com\/product\/kabel-fuer-bordbeleuchtungssystem\/"},"modified":"2024-04-13T10:54:42","modified_gmt":"2024-04-13T02:54:42","slug":"kabel-fuer-bordbeleuchtungssystem","status":"publish","type":"product","link":"https:\/\/www.tstcables.com\/de\/produkt\/kabel-fuer-bordbeleuchtungssystem\/","title":{"rendered":"Kabel f\u00fcr Bordbeleuchtungssystem"},"content":{"rendered":"<p><strong>Industriestandard<\/strong><\/p>\n<p>Spezifikationsbereich: 30AWG\u201318AWG<br \/>\nTemperaturbest\u00e4ndigkeitsklasse: F-Klasse (155\u2103)<\/p>\n<p><strong>Anwendungen<\/strong><br \/>\nLuftgest\u00fctztes Beleuchtungssystem<\/p>\n<p><strong>Produktmerkmale:<\/strong><br \/>\n1. Geringer Verlust.<br \/>\nDas spezielle Design der Leiterstruktur mit speziell beschichtetem Litzendraht reduziert Wirbelstr\u00f6me im Inneren des Leiters<br \/>\nVerlust, wodurch ein kleinerer Leiterau\u00dfendurchmesser und eine hervorragende Schwei\u00dfbarkeit erreicht werden; seine verlustarme Leistung entspricht<br \/>\nLitz-Leitung reduziert unn\u00f6tige Verluste;<br \/>\n2. Drei Schichten Isolationsschutz, keine Nadell\u00f6cher;<br \/>\nMehrere Schichten isolierender Beschichtung aus unterschiedlichen Materialien verhindern die Bildung von Nadell\u00f6chern.<br \/>\n3. Bei hoher Isolationsspannung k\u00f6nnen Isolierband und Isolationsschichten entfallen und das Volumen reduziert werden;<br \/>\n4. Die Spule l\u00e4sst sich leicht rollen, da die Oberfl\u00e4che einen sehr niedrigen Reibungskoeffizienten aufweist, was die M\u00f6glichkeit eines automatischen Hochgeschwindigkeitswickelns bietet.<br \/>\nbietet die M\u00f6glichkeit;<br \/>\n5. H\u00f6heres Temperaturniveau und hervorragende Leistung.5. H\u00f6heres Temperaturniveau und hervorragende Leistung.<br \/>\nZu den Temperaturklassen geh\u00f6ren 155 \u00b0C, 180 \u00b0C und 200 \u00b0C.<\/p>\n<p><strong>Technische Parameter<\/strong><\/p>\n<table class=\"tg\">\n<thead>\n<tr>\n<th class=\"tg-949j\" colspan=\"3\">Isolationstyp<\/th>\n<th class=\"tg-7fn2\" colspan=\"6\">Verst\u00e4rkte Isolierung<\/th>\n<\/tr>\n<\/thead>\n<tbody>\n<tr>\n<td class=\"tg-949j\" colspan=\"3\">Hitzebest\u00e4ndiger Grad<\/td>\n<td class=\"tg-7fn2\" colspan=\"6\">Klasse F (155\u2103)\uff09<\/td>\n<\/tr>\n<tr>\n<td class=\"tg-949j\" colspan=\"3\">Modell-Nr<\/td>\n<td class=\"tg-7fn2\" colspan=\"3\">TEWL<\/td>\n<td class=\"tg-7fn2\" colspan=\"3\">TEWL-SB .<\/td>\n<\/tr>\n<tr>\n<td class=\"tg-7fn2\" colspan=\"3\">Leitergr\u00f6\u00dfe<\/td>\n<td class=\"tg-7fn2\" rowspan=\"2\">Standard-Au\u00dfendurchmesser<\/td>\n<td class=\"tg-7fn2\" rowspan=\"2\">Maximaler Au\u00dfendurchmesser<\/td>\n<td class=\"tg-7fn2\" rowspan=\"2\">(E\/m) Standardgewicht<\/td>\n<td class=\"tg-7fn2\" rowspan=\"2\">Standard-Au\u00dfendurchmesser<\/td>\n<td class=\"tg-7fn2\" rowspan=\"2\">Maximaler Au\u00dfendurchmesser<\/td>\n<td class=\"tg-7fn2\" rowspan=\"2\">(E\/m) Standardgewicht<\/td>\n<\/tr>\n<tr>\n<td class=\"tg-7fn2\">AWG<\/td>\n<td class=\"tg-7fn2\">Elementdraht (mm)<\/td>\n<td class=\"tg-7fn2\">Strangnummer<\/td>\n<\/tr>\n<tr>\n<td class=\"tg-d93i\">30<\/td>\n<td class=\"tg-d93i\">0.1<\/td>\n<td class=\"tg-d93i\">7<\/td>\n<td class=\"tg-d93i\">57<\/td>\n<td class=\"tg-d93i\">0.72<\/td>\n<td class=\"tg-d93i\">0.75<\/td>\n<td class=\"tg-d93i\">0.65<\/td>\n<td class=\"tg-d93i\">0.8<\/td>\n<td class=\"tg-d93i\">0.95<\/td>\n<\/tr>\n<tr>\n<td class=\"tg-d93i\">29<\/td>\n<td class=\"tg-d93i\">0.1<\/td>\n<td class=\"tg-d93i\">9<\/td>\n<td class=\"tg-d93i\">61<\/td>\n<td class=\"tg-d93i\">0.76<\/td>\n<td class=\"tg-d93i\">0.9<\/td>\n<td class=\"tg-d93i\">0.69<\/td>\n<td class=\"tg-d93i\">0.84<\/td>\n<td class=\"tg-d93i\">1.1<\/td>\n<\/tr>\n<tr>\n<td class=\"tg-d93i\">28<\/td>\n<td class=\"tg-d93i\">0.1<\/td>\n<td class=\"tg-d93i\">11<\/td>\n<td class=\"tg-d93i\">0.65<\/td>\n<td class=\"tg-d93i\">0.8<\/td>\n<td class=\"tg-d93i\">1.06<\/td>\n<td class=\"tg-d93i\">0.73<\/td>\n<td class=\"tg-d93i\">0.88<\/td>\n<td class=\"tg-d93i\">1.26<\/td>\n<\/tr>\n<tr>\n<td class=\"tg-d93i\">27<\/td>\n<td class=\"tg-d93i\">0.1<\/td>\n<td class=\"tg-d93i\">13<\/td>\n<td class=\"tg-d93i\">0.7<\/td>\n<td class=\"tg-d93i\">0.85<\/td>\n<td class=\"tg-d93i\">1.24<\/td>\n<td class=\"tg-d93i\">0.78<\/td>\n<td class=\"tg-d93i\">0.93<\/td>\n<td class=\"tg-d93i\">1.44<\/td>\n<\/tr>\n<tr>\n<td class=\"tg-d93i\">26<\/td>\n<td class=\"tg-d93i\">0.1<\/td>\n<td class=\"tg-d93i\">17<\/td>\n<td class=\"tg-d93i\">0.75<\/td>\n<td class=\"tg-d93i\">0.9<\/td>\n<td class=\"tg-d93i\">1.56<\/td>\n<td class=\"tg-d93i\">0.83<\/td>\n<td class=\"tg-d93i\">0.98<\/td>\n<td class=\"tg-d93i\">1.76<\/td>\n<\/tr>\n<tr>\n<td class=\"tg-d93i\">25<\/td>\n<td class=\"tg-d93i\">0.1<\/td>\n<td class=\"tg-d93i\">21<\/td>\n<td class=\"tg-d93i\">0.82<\/td>\n<td class=\"tg-d93i\">0.97<\/td>\n<td class=\"tg-d93i\">1.89<\/td>\n<td class=\"tg-d93i\">0.9<\/td>\n<td class=\"tg-d93i\">1.05<\/td>\n<td class=\"tg-d93i\">2.09<\/td>\n<\/tr>\n<tr>\n<td class=\"tg-d93i\">24<\/td>\n<td class=\"tg-d93i\">0.1<\/td>\n<td class=\"tg-d93i\">27<\/td>\n<td class=\"tg-d93i\">0.89<\/td>\n<td class=\"tg-d93i\">1.04<\/td>\n<td class=\"tg-d93i\">2.35<\/td>\n<td class=\"tg-d93i\">0.97<\/td>\n<td class=\"tg-d93i\">1.12<\/td>\n<td class=\"tg-d93i\">2.55<\/td>\n<\/tr>\n<tr>\n<td class=\"tg-d93i\">23<\/td>\n<td class=\"tg-d93i\">0.1<\/td>\n<td class=\"tg-d93i\">33<\/td>\n<td class=\"tg-d93i\">1.01<\/td>\n<td class=\"tg-d93i\">1.16<\/td>\n<td class=\"tg-d93i\">2.92<\/td>\n<td class=\"tg-d93i\">1.09<\/td>\n<td class=\"tg-d93i\">1.24<\/td>\n<td class=\"tg-d93i\">3.12<\/td>\n<\/tr>\n<tr>\n<td class=\"tg-d93i\">22<\/td>\n<td class=\"tg-d93i\">0.1<\/td>\n<td class=\"tg-d93i\">40<\/td>\n<td class=\"tg-d93i\">1.07<\/td>\n<td class=\"tg-d93i\">1.22<\/td>\n<td class=\"tg-d93i\">3.45<\/td>\n<td class=\"tg-d93i\">1.15<\/td>\n<td class=\"tg-d93i\">1.3<\/td>\n<td class=\"tg-d93i\">3.65<\/td>\n<\/tr>\n<tr>\n<td class=\"tg-d93i\">22<\/td>\n<td class=\"tg-d93i\">0.1<\/td>\n<td class=\"tg-d93i\">4.2<\/td>\n<td class=\"tg-d93i\">1.11<\/td>\n<td class=\"tg-d93i\">1.26<\/td>\n<td class=\"tg-d93i\">3.64<\/td>\n<td class=\"tg-d93i\">1.19<\/td>\n<td class=\"tg-d93i\">1.34<\/td>\n<td class=\"tg-d93i\">3.84<\/td>\n<\/tr>\n<tr>\n<td class=\"tg-d93i\">21<\/td>\n<td class=\"tg-d93i\">0.1<\/td>\n<td class=\"tg-d93i\">55<\/td>\n<td class=\"tg-d93i\">1.28<\/td>\n<td class=\"tg-d93i\">1.43<\/td>\n<td class=\"tg-d93i\">4.75<\/td>\n<td class=\"tg-d93i\">1.00%<\/td>\n<td class=\"tg-d93i\">1.51<\/td>\n<td class=\"tg-d93i\">4.95<\/td>\n<\/tr>\n<tr>\n<td class=\"tg-d93i\">20<\/td>\n<td class=\"tg-d93i\">0.1<\/td>\n<td class=\"tg-d93i\">70<\/td>\n<td class=\"tg-d93i\">1.38<\/td>\n<td class=\"tg-d93i\">1.53<\/td>\n<td class=\"tg-d93i\">5.89<\/td>\n<td class=\"tg-d93i\">1.46<\/td>\n<td class=\"tg-d93i\">1.61<\/td>\n<td class=\"tg-d93i\">609<\/td>\n<\/tr>\n<tr>\n<td class=\"tg-d93i\">19<\/td>\n<td class=\"tg-d93i\">0.1<\/td>\n<td class=\"tg-d93i\">84<\/td>\n<td class=\"tg-d93i\">1.48<\/td>\n<td class=\"tg-d93i\">1.63<\/td>\n<td class=\"tg-d93i\">6.90%<\/td>\n<td class=\"tg-d93i\">1.56<\/td>\n<td class=\"tg-d93i\">1.71<\/td>\n<td class=\"tg-d93i\">7.16<\/td>\n<\/tr>\n<tr>\n<td class=\"tg-d93i\">19<\/td>\n<td class=\"tg-d93i\">0.1<\/td>\n<td class=\"tg-d93i\">95<\/td>\n<td class=\"tg-d93i\">1.55<\/td>\n<td class=\"tg-d93i\">1.7<\/td>\n<td class=\"tg-d93i\">7.78<\/td>\n<td class=\"tg-d93i\">1.63<\/td>\n<td class=\"tg-d93i\">1.78<\/td>\n<td class=\"tg-d93i\">7.98<\/td>\n<\/tr>\n<tr>\n<td class=\"tg-d93i\">18<\/td>\n<td class=\"tg-d93i\">0.1<\/td>\n<td class=\"tg-d93i\">105<\/td>\n<td class=\"tg-d93i\">1.61<\/td>\n<td class=\"tg-d93i\">1.76<\/td>\n<td class=\"tg-d93i\">8.54<\/td>\n<td class=\"tg-d93i\">1.69<\/td>\n<td class=\"tg-d93i\">1.84<\/td>\n<td class=\"tg-d93i\">8.74<\/td>\n<\/tr>\n<tr>\n<td class=\"tg-d93i\">18<\/td>\n<td class=\"tg-d93i\">0.1<\/td>\n<td class=\"tg-d93i\">120<\/td>\n<td class=\"tg-d93i\">1.69<\/td>\n<td class=\"tg-d93i\">1.84<\/td>\n<td class=\"tg-d93i\">9.67<\/td>\n<td class=\"tg-d93i\">1.77<\/td>\n<td class=\"tg-d93i\">1.92<\/td>\n<td class=\"tg-d93i\">9.87<\/td>\n<\/tr>\n<\/tbody>\n<\/table>\n","protected":false},"excerpt":{"rendered":"<p>Kabel f\u00fcr Luftbeleuchtungssysteme zeichnen sich durch geringe Verluste und eine gute Isolierung aus. Sie sind wichtige Komponenten im Flugzeug und f\u00fcr die \u00dcbertragung von Energie, Steuersignalen und Daten zwischen Beleuchtungsk\u00f6rpern, Bedienfeldern und Lichtsteuerungssystemen verantwortlich.<\/p>\n","protected":false},"featured_media":12434,"template":"","meta":{"_eb_attr":"","site-sidebar-layout":"default","site-content-layout":"","ast-site-content-layout":"default","site-content-style":"default","site-sidebar-style":"default","ast-global-header-display":"","ast-banner-title-visibility":"","ast-main-header-display":"","ast-hfb-above-header-display":"","ast-hfb-below-header-display":"","ast-hfb-mobile-header-display":"","site-post-title":"","ast-breadcrumbs-content":"","ast-featured-img":"","footer-sml-layout":"","theme-transparent-header-meta":"default","adv-header-id-meta":"","stick-header-meta":"","header-above-stick-meta":"","header-main-stick-meta":"","header-below-stick-meta":"","astra-migrate-meta-layouts":"default","ast-page-background-enabled":"default","ast-page-background-meta":{"desktop":{"background-color":"","background-image":"","background-repeat":"repeat","background-position":"center center","background-size":"auto","background-attachment":"scroll","background-type":"","background-media":"","overlay-type":"","overlay-color":"","overlay-opacity":"","overlay-gradient":""},"tablet":{"background-color":"","background-image":"","background-repeat":"repeat","background-position":"center center","background-size":"auto","background-attachment":"scroll","background-type":"","background-media":"","overlay-type":"","overlay-color":"","overlay-opacity":"","overlay-gradient":""},"mobile":{"background-color":"","background-image":"","background-repeat":"repeat","background-position":"center center","background-size":"auto","background-attachment":"scroll","background-type":"","background-media":"","overlay-type":"","overlay-color":"","overlay-opacity":"","overlay-gradient":""}},"ast-content-background-meta":{"desktop":{"background-color":"var(--ast-global-color-5)","background-image":"","background-repeat":"repeat","background-position":"center center","background-size":"auto","background-attachment":"scroll","background-type":"","background-media":"","overlay-type":"","overlay-color":"","overlay-opacity":"","overlay-gradient":""},"tablet":{"background-color":"var(--ast-global-color-5)","background-image":"","background-repeat":"repeat","background-position":"center center","background-size":"auto","background-attachment":"scroll","background-type":"","background-media":"","overlay-type":"","overlay-color":"","overlay-opacity":"","overlay-gradient":""},"mobile":{"background-color":"var(--ast-global-color-5)","background-image":"","background-repeat":"repeat","background-position":"center center","background-size":"auto","background-attachment":"scroll","background-type":"","background-media":"","overlay-type":"","overlay-color":"","overlay-opacity":"","overlay-gradient":""}}},"product_brand":[],"product_cat":[691],"product_tag":[1528],"class_list":{"0":"post-19842","1":"product","2":"type-product","3":"status-publish","4":"has-post-thumbnail","6":"product_cat-aviation-de","7":"product_tag-tewl-hochfrequenz-hochspannungsdraht-mit-geringem-verlust","8":"desktop-align-center","9":"tablet-align-left","10":"mobile-align-left","12":"first","13":"instock","14":"shipping-taxable","15":"product-type-simple"},"yoast_head":"<!-- This site is optimized with the Yoast SEO plugin v27.5 - https:\/\/yoast.com\/product\/yoast-seo-wordpress\/ -->\n<title>Kabel f\u00fcr Bordbeleuchtungssystem<\/title>\n<meta name=\"description\" content=\"Kabel f\u00fcr Luftbeleuchtungssysteme zeichnen sich durch geringe Verluste und eine gute Isolierung aus.\" \/>\n<meta name=\"robots\" content=\"index, follow, max-snippet:-1, max-image-preview:large, max-video-preview:-1\" \/>\n<link rel=\"canonical\" href=\"https:\/\/www.tstcables.com\/de\/produkt\/kabel-fuer-bordbeleuchtungssystem\/\" \/>\n<meta property=\"og:locale\" content=\"de_DE\" \/>\n<meta property=\"og:type\" content=\"article\" \/>\n<meta property=\"og:title\" content=\"Kabel f\u00fcr Bordbeleuchtungssystem\" \/>\n<meta property=\"og:description\" content=\"Kabel f\u00fcr Luftbeleuchtungssysteme zeichnen sich durch geringe Verluste und eine gute Isolierung aus.\" \/>\n<meta property=\"og:url\" content=\"https:\/\/www.tstcables.com\/de\/produkt\/kabel-fuer-bordbeleuchtungssystem\/\" \/>\n<meta property=\"og:site_name\" content=\"TST CABLES supplier &amp; Manufacture\" \/>\n<meta property=\"og:image\" content=\"https:\/\/www.tstcables.com\/wp-content\/uploads\/2024\/03\/3-9.jpg\" \/>\n\t<meta property=\"og:image:width\" content=\"640\" \/>\n\t<meta property=\"og:image:height\" content=\"640\" \/>\n\t<meta property=\"og:image:type\" content=\"image\/jpeg\" \/>\n<meta name=\"twitter:card\" content=\"summary_large_image\" \/>\n<meta name=\"twitter:label1\" content=\"Gesch\u00e4tzte Lesezeit\" \/>\n\t<meta name=\"twitter:data1\" content=\"1\u00a0Minute\" \/>\n<script type=\"application\/ld+json\" class=\"yoast-schema-graph\">{\"@context\":\"https:\\\/\\\/schema.org\",\"@graph\":[{\"@type\":\"WebPage\",\"@id\":\"https:\\\/\\\/www.tstcables.com\\\/de\\\/produkt\\\/kabel-fuer-bordbeleuchtungssystem\\\/\",\"url\":\"https:\\\/\\\/www.tstcables.com\\\/de\\\/produkt\\\/kabel-fuer-bordbeleuchtungssystem\\\/\",\"name\":\"Kabel f\u00fcr Bordbeleuchtungssystem\",\"isPartOf\":{\"@id\":\"https:\\\/\\\/www.tstcables.com\\\/de\\\/#website\"},\"primaryImageOfPage\":{\"@id\":\"https:\\\/\\\/www.tstcables.com\\\/de\\\/produkt\\\/kabel-fuer-bordbeleuchtungssystem\\\/#primaryimage\"},\"image\":{\"@id\":\"https:\\\/\\\/www.tstcables.com\\\/de\\\/produkt\\\/kabel-fuer-bordbeleuchtungssystem\\\/#primaryimage\"},\"thumbnailUrl\":\"https:\\\/\\\/www.tstcables.com\\\/wp-content\\\/uploads\\\/2024\\\/03\\\/3-9.jpg\",\"datePublished\":\"2024-04-13T02:54:42+00:00\",\"description\":\"Kabel f\u00fcr Luftbeleuchtungssysteme zeichnen sich durch geringe Verluste und eine gute Isolierung aus.\",\"breadcrumb\":{\"@id\":\"https:\\\/\\\/www.tstcables.com\\\/de\\\/produkt\\\/kabel-fuer-bordbeleuchtungssystem\\\/#breadcrumb\"},\"inLanguage\":\"de\",\"potentialAction\":[{\"@type\":\"ReadAction\",\"target\":[\"https:\\\/\\\/www.tstcables.com\\\/de\\\/produkt\\\/kabel-fuer-bordbeleuchtungssystem\\\/\"]}]},{\"@type\":\"ImageObject\",\"inLanguage\":\"de\",\"@id\":\"https:\\\/\\\/www.tstcables.com\\\/de\\\/produkt\\\/kabel-fuer-bordbeleuchtungssystem\\\/#primaryimage\",\"url\":\"https:\\\/\\\/www.tstcables.com\\\/wp-content\\\/uploads\\\/2024\\\/03\\\/3-9.jpg\",\"contentUrl\":\"https:\\\/\\\/www.tstcables.com\\\/wp-content\\\/uploads\\\/2024\\\/03\\\/3-9.jpg\",\"width\":640,\"height\":640,\"caption\":\"TEWL high-frequency high-voltage low-loss wire 30AWG--18AWG\"},{\"@type\":\"BreadcrumbList\",\"@id\":\"https:\\\/\\\/www.tstcables.com\\\/de\\\/produkt\\\/kabel-fuer-bordbeleuchtungssystem\\\/#breadcrumb\",\"itemListElement\":[{\"@type\":\"ListItem\",\"position\":1,\"name\":\"\u9996\u9875\",\"item\":\"https:\\\/\\\/www.tstcables.com\\\/de\\\/\"},{\"@type\":\"ListItem\",\"position\":2,\"name\":\"Product\",\"item\":\"https:\\\/\\\/www.tstcables.com\\\/product\\\/\"},{\"@type\":\"ListItem\",\"position\":3,\"name\":\"Kabel f\u00fcr Bordbeleuchtungssystem\"}]},{\"@type\":\"WebSite\",\"@id\":\"https:\\\/\\\/www.tstcables.com\\\/de\\\/#website\",\"url\":\"https:\\\/\\\/www.tstcables.com\\\/de\\\/\",\"name\":\"TST Cable supplier & Manufacture\",\"description\":\"TST CABLES  supplier &amp; Manufacture official website\",\"publisher\":{\"@id\":\"https:\\\/\\\/www.tstcables.com\\\/de\\\/#organization\"},\"potentialAction\":[{\"@type\":\"SearchAction\",\"target\":{\"@type\":\"EntryPoint\",\"urlTemplate\":\"https:\\\/\\\/www.tstcables.com\\\/de\\\/?s={search_term_string}\"},\"query-input\":{\"@type\":\"PropertyValueSpecification\",\"valueRequired\":true,\"valueName\":\"search_term_string\"}}],\"inLanguage\":\"de\"},{\"@type\":\"Organization\",\"@id\":\"https:\\\/\\\/www.tstcables.com\\\/de\\\/#organization\",\"name\":\"TST Cable supplier & Manufacture\",\"url\":\"https:\\\/\\\/www.tstcables.com\\\/de\\\/\",\"logo\":{\"@type\":\"ImageObject\",\"inLanguage\":\"de\",\"@id\":\"https:\\\/\\\/www.tstcables.com\\\/de\\\/#\\\/schema\\\/logo\\\/image\\\/\",\"url\":\"https:\\\/\\\/www.tstcables.com\\\/wp-content\\\/uploads\\\/2024\\\/04\\\/cropped-\u753b\u677f-1-\u62f7\u8d1d-4-1.png\",\"contentUrl\":\"https:\\\/\\\/www.tstcables.com\\\/wp-content\\\/uploads\\\/2024\\\/04\\\/cropped-\u753b\u677f-1-\u62f7\u8d1d-4-1.png\",\"width\":300,\"height\":100,\"caption\":\"TST Cable supplier & Manufacture\"},\"image\":{\"@id\":\"https:\\\/\\\/www.tstcables.com\\\/de\\\/#\\\/schema\\\/logo\\\/image\\\/\"}}]}<\/script>\n<!-- \/ Yoast SEO plugin. -->","yoast_head_json":{"title":"Kabel f\u00fcr Bordbeleuchtungssystem","description":"Kabel f\u00fcr Luftbeleuchtungssysteme zeichnen sich durch geringe Verluste und eine gute Isolierung aus.","robots":{"index":"index","follow":"follow","max-snippet":"max-snippet:-1","max-image-preview":"max-image-preview:large","max-video-preview":"max-video-preview:-1"},"canonical":"https:\/\/www.tstcables.com\/de\/produkt\/kabel-fuer-bordbeleuchtungssystem\/","og_locale":"de_DE","og_type":"article","og_title":"Kabel f\u00fcr Bordbeleuchtungssystem","og_description":"Kabel f\u00fcr Luftbeleuchtungssysteme zeichnen sich durch geringe Verluste und eine gute Isolierung aus.","og_url":"https:\/\/www.tstcables.com\/de\/produkt\/kabel-fuer-bordbeleuchtungssystem\/","og_site_name":"TST CABLES supplier &amp; Manufacture","og_image":[{"width":640,"height":640,"url":"https:\/\/www.tstcables.com\/wp-content\/uploads\/2024\/03\/3-9.jpg","type":"image\/jpeg"}],"twitter_card":"summary_large_image","twitter_misc":{"Gesch\u00e4tzte Lesezeit":"1\u00a0Minute"},"schema":{"@context":"https:\/\/schema.org","@graph":[{"@type":"WebPage","@id":"https:\/\/www.tstcables.com\/de\/produkt\/kabel-fuer-bordbeleuchtungssystem\/","url":"https:\/\/www.tstcables.com\/de\/produkt\/kabel-fuer-bordbeleuchtungssystem\/","name":"Kabel f\u00fcr Bordbeleuchtungssystem","isPartOf":{"@id":"https:\/\/www.tstcables.com\/de\/#website"},"primaryImageOfPage":{"@id":"https:\/\/www.tstcables.com\/de\/produkt\/kabel-fuer-bordbeleuchtungssystem\/#primaryimage"},"image":{"@id":"https:\/\/www.tstcables.com\/de\/produkt\/kabel-fuer-bordbeleuchtungssystem\/#primaryimage"},"thumbnailUrl":"https:\/\/www.tstcables.com\/wp-content\/uploads\/2024\/03\/3-9.jpg","datePublished":"2024-04-13T02:54:42+00:00","description":"Kabel f\u00fcr Luftbeleuchtungssysteme zeichnen sich durch geringe Verluste und eine gute Isolierung aus.","breadcrumb":{"@id":"https:\/\/www.tstcables.com\/de\/produkt\/kabel-fuer-bordbeleuchtungssystem\/#breadcrumb"},"inLanguage":"de","potentialAction":[{"@type":"ReadAction","target":["https:\/\/www.tstcables.com\/de\/produkt\/kabel-fuer-bordbeleuchtungssystem\/"]}]},{"@type":"ImageObject","inLanguage":"de","@id":"https:\/\/www.tstcables.com\/de\/produkt\/kabel-fuer-bordbeleuchtungssystem\/#primaryimage","url":"https:\/\/www.tstcables.com\/wp-content\/uploads\/2024\/03\/3-9.jpg","contentUrl":"https:\/\/www.tstcables.com\/wp-content\/uploads\/2024\/03\/3-9.jpg","width":640,"height":640,"caption":"TEWL high-frequency high-voltage low-loss wire 30AWG--18AWG"},{"@type":"BreadcrumbList","@id":"https:\/\/www.tstcables.com\/de\/produkt\/kabel-fuer-bordbeleuchtungssystem\/#breadcrumb","itemListElement":[{"@type":"ListItem","position":1,"name":"\u9996\u9875","item":"https:\/\/www.tstcables.com\/de\/"},{"@type":"ListItem","position":2,"name":"Product","item":"https:\/\/www.tstcables.com\/product\/"},{"@type":"ListItem","position":3,"name":"Kabel f\u00fcr Bordbeleuchtungssystem"}]},{"@type":"WebSite","@id":"https:\/\/www.tstcables.com\/de\/#website","url":"https:\/\/www.tstcables.com\/de\/","name":"TST Cable supplier & Manufacture","description":"TST CABLES  supplier &amp; Manufacture official website","publisher":{"@id":"https:\/\/www.tstcables.com\/de\/#organization"},"potentialAction":[{"@type":"SearchAction","target":{"@type":"EntryPoint","urlTemplate":"https:\/\/www.tstcables.com\/de\/?s={search_term_string}"},"query-input":{"@type":"PropertyValueSpecification","valueRequired":true,"valueName":"search_term_string"}}],"inLanguage":"de"},{"@type":"Organization","@id":"https:\/\/www.tstcables.com\/de\/#organization","name":"TST Cable supplier & Manufacture","url":"https:\/\/www.tstcables.com\/de\/","logo":{"@type":"ImageObject","inLanguage":"de","@id":"https:\/\/www.tstcables.com\/de\/#\/schema\/logo\/image\/","url":"https:\/\/www.tstcables.com\/wp-content\/uploads\/2024\/04\/cropped-\u753b\u677f-1-\u62f7\u8d1d-4-1.png","contentUrl":"https:\/\/www.tstcables.com\/wp-content\/uploads\/2024\/04\/cropped-\u753b\u677f-1-\u62f7\u8d1d-4-1.png","width":300,"height":100,"caption":"TST Cable supplier & Manufacture"},"image":{"@id":"https:\/\/www.tstcables.com\/de\/#\/schema\/logo\/image\/"}}]}},"_links":{"self":[{"href":"https:\/\/www.tstcables.com\/de\/wp-json\/wp\/v2\/product\/19842","targetHints":{"allow":["GET"]}}],"collection":[{"href":"https:\/\/www.tstcables.com\/de\/wp-json\/wp\/v2\/product"}],"about":[{"href":"https:\/\/www.tstcables.com\/de\/wp-json\/wp\/v2\/types\/product"}],"version-history":[{"count":0,"href":"https:\/\/www.tstcables.com\/de\/wp-json\/wp\/v2\/product\/19842\/revisions"}],"wp:featuredmedia":[{"embeddable":true,"href":"https:\/\/www.tstcables.com\/de\/wp-json\/wp\/v2\/media\/12434"}],"wp:attachment":[{"href":"https:\/\/www.tstcables.com\/de\/wp-json\/wp\/v2\/media?parent=19842"}],"wp:term":[{"taxonomy":"product_brand","embeddable":true,"href":"https:\/\/www.tstcables.com\/de\/wp-json\/wp\/v2\/product_brand?post=19842"},{"taxonomy":"product_cat","embeddable":true,"href":"https:\/\/www.tstcables.com\/de\/wp-json\/wp\/v2\/product_cat?post=19842"},{"taxonomy":"product_tag","embeddable":true,"href":"https:\/\/www.tstcables.com\/de\/wp-json\/wp\/v2\/product_tag?post=19842"}],"curies":[{"name":"wp","href":"https:\/\/api.w.org\/{rel}","templated":true}]}}