{"id":19843,"date":"2024-04-13T10:16:07","date_gmt":"2024-04-13T02:16:07","guid":{"rendered":"https:\/\/www.tstcables.com\/product\/kabel-fuer-die-funktionssteuerung-der-windkraftanlage\/"},"modified":"2024-04-13T10:16:07","modified_gmt":"2024-04-13T02:16:07","slug":"kabel-fuer-die-funktionssteuerung-der-windkraftanlage","status":"publish","type":"product","link":"https:\/\/www.tstcables.com\/de\/produkt\/kabel-fuer-die-funktionssteuerung-der-windkraftanlage\/","title":{"rendered":"Kabel f\u00fcr die Funktionssteuerung der Windkraftanlage"},"content":{"rendered":"<p>Anwendung:<\/p>\n<p>Funktionskontrollsystem f\u00fcr Windkraftanlagen<\/p>\n<p>Charakteristisch:<\/p>\n<ul>\n<li>Nennspannung: 300 V Wechselstrom<\/li>\n<li>Temperaturbereich: -40 \u00b0C bis 90 \u00b0C<\/li>\n<li>Biegeradius: 6D (D bezieht sich auf den Kabelau\u00dfendurchmesser)<\/li>\n<li>Charakteristische Impedanz: 120 \u03a9 + 12 \u03a9 (0,75 ~ 3 MHz)<\/li>\n<li>D\u00e4mpfung: &lt;1,5 dB\/100 m (1,5 MHz),&lt; 2,0 dB\/100 m (3 MHz)<\/li>\n<li>Betriebskapazit\u00e4t: 46pF\/m (1,0 MHz)&lt;<\/li>\n<\/ul>\n<p>Struktur:<\/p>\n<ul>\n<li>Leiter: Verzinnter Kupferleiter, Struktur der Klasse 5.<\/li>\n<li>Isolierung: Isoliermaterial aus Polyethylen.<\/li>\n<li>F\u00fcllmaterial.<\/li>\n<li>Polyesterband.<\/li>\n<\/ul>\n<p>Auswahlparameter<\/p>\n<table class=\"tg\">\n<thead>\n<tr>\n<th class=\"tg-949j\" rowspan=\"2\">Modellspezifikationen<\/th>\n<th class=\"tg-949j\" rowspan=\"2\">Leiterdurchmesser (mm)<\/th>\n<th class=\"tg-949j\" rowspan=\"2\">Isolationsdurchmesser (mm)<\/th>\n<th class=\"tg-949j\">Au\u00dfendurchmesser (D)<\/th>\n<\/tr>\n<tr>\n<th class=\"tg-949j\">Min.mm<\/th>\n<\/tr>\n<\/thead>\n<tbody>\n<tr>\n<td class=\"tg-949j\">2\u00d70,5+1\u00d70,5 (fester Typ)<\/td>\n<td class=\"tg-grqh\">0.9<\/td>\n<td class=\"tg-grqh\">3.3<\/td>\n<td class=\"tg-grqh\">8.5<\/td>\n<\/tr>\n<tr>\n<td class=\"tg-949j\">2\u00d70,5+1\u00d70,5 (Schaumtyp)<\/td>\n<td class=\"tg-grqh\">0.9<\/td>\n<td class=\"tg-grqh\">2.4<\/td>\n<td class=\"tg-grqh\">6.7<\/td>\n<\/tr>\n<tr>\n<td class=\"tg-949j\">4\u00d70,5 (fester Typ)<\/td>\n<td class=\"tg-grqh\">0.9<\/td>\n<td class=\"tg-grqh\">2.9<\/td>\n<td class=\"tg-grqh\">9<\/td>\n<\/tr>\n<tr>\n<td class=\"tg-949j\">4\u00d70,75 (fester Typ)<\/td>\n<td class=\"tg-grqh\">1.15<\/td>\n<td class=\"tg-grqh\">3.4<\/td>\n<td class=\"tg-grqh\">10.2<\/td>\n<\/tr>\n<\/tbody>\n<\/table>\n","protected":false},"excerpt":{"rendered":"<p>Das Kabel des Funktionssteuerungssystems f\u00fcr Windkraftanlagen eignet sich f\u00fcr raue Umgebungen und ist verschlei\u00dffest. Es ist ein wesentlicher Bestandteil der Windkraftanlage und f\u00fcr die \u00dcbertragung zwischen der Steuereinheit und den Funktionskomponenten der Windkraftanlage (wie Pitchsystem, Generator und Bremssystem) verantwortlich. Steuersignal.<\/p>\n","protected":false},"featured_media":12482,"template":"","meta":{"_eb_attr":"","site-sidebar-layout":"default","site-content-layout":"","ast-site-content-layout":"default","site-content-style":"default","site-sidebar-style":"default","ast-global-header-display":"","ast-banner-title-visibility":"","ast-main-header-display":"","ast-hfb-above-header-display":"","ast-hfb-below-header-display":"","ast-hfb-mobile-header-display":"","site-post-title":"","ast-breadcrumbs-content":"","ast-featured-img":"","footer-sml-layout":"","theme-transparent-header-meta":"default","adv-header-id-meta":"","stick-header-meta":"","header-above-stick-meta":"","header-main-stick-meta":"","header-below-stick-meta":"","astra-migrate-meta-layouts":"default","ast-page-background-enabled":"default","ast-page-background-meta":{"desktop":{"background-color":"","background-image":"","background-repeat":"repeat","background-position":"center center","background-size":"auto","background-attachment":"scroll","background-type":"","background-media":"","overlay-type":"","overlay-color":"","overlay-opacity":"","overlay-gradient":""},"tablet":{"background-color":"","background-image":"","background-repeat":"repeat","background-position":"center center","background-size":"auto","background-attachment":"scroll","background-type":"","background-media":"","overlay-type":"","overlay-color":"","overlay-opacity":"","overlay-gradient":""},"mobile":{"background-color":"","background-image":"","background-repeat":"repeat","background-position":"center center","background-size":"auto","background-attachment":"scroll","background-type":"","background-media":"","overlay-type":"","overlay-color":"","overlay-opacity":"","overlay-gradient":""}},"ast-content-background-meta":{"desktop":{"background-color":"var(--ast-global-color-5)","background-image":"","background-repeat":"repeat","background-position":"center center","background-size":"auto","background-attachment":"scroll","background-type":"","background-media":"","overlay-type":"","overlay-color":"","overlay-opacity":"","overlay-gradient":""},"tablet":{"background-color":"var(--ast-global-color-5)","background-image":"","background-repeat":"repeat","background-position":"center center","background-size":"auto","background-attachment":"scroll","background-type":"","background-media":"","overlay-type":"","overlay-color":"","overlay-opacity":"","overlay-gradient":""},"mobile":{"background-color":"var(--ast-global-color-5)","background-image":"","background-repeat":"repeat","background-position":"center center","background-size":"auto","background-attachment":"scroll","background-type":"","background-media":"","overlay-type":"","overlay-color":"","overlay-opacity":"","overlay-gradient":""}}},"product_brand":[],"product_cat":[713],"product_tag":[1529],"class_list":{"0":"post-19843","1":"product","2":"type-product","3":"status-publish","4":"has-post-thumbnail","6":"product_cat-wind-power-de","7":"product_tag-mvb-kabel-multifunktionszugbus","8":"desktop-align-center","9":"tablet-align-left","10":"mobile-align-left","12":"first","13":"instock","14":"shipping-taxable","15":"product-type-simple"},"yoast_head":"<!-- This site is optimized with the Yoast SEO plugin v27.5 - https:\/\/yoast.com\/product\/yoast-seo-wordpress\/ -->\n<title>Kabel f\u00fcr die Funktionssteuerung der Windkraftanlage<\/title>\n<meta name=\"description\" content=\"Das Kabel des Funktionssteuerungssystems f\u00fcr Windkraftanlagen eignet sich f\u00fcr raue Umgebungen und ist verschlei\u00dffest.\" \/>\n<meta name=\"robots\" content=\"index, follow, max-snippet:-1, max-image-preview:large, max-video-preview:-1\" \/>\n<link rel=\"canonical\" href=\"https:\/\/www.tstcables.com\/de\/produkt\/kabel-fuer-die-funktionssteuerung-der-windkraftanlage\/\" \/>\n<meta property=\"og:locale\" content=\"de_DE\" \/>\n<meta property=\"og:type\" content=\"article\" \/>\n<meta property=\"og:title\" content=\"Kabel f\u00fcr die Funktionssteuerung der Windkraftanlage\" \/>\n<meta property=\"og:description\" content=\"Das Kabel des Funktionssteuerungssystems f\u00fcr Windkraftanlagen eignet sich f\u00fcr raue Umgebungen und ist verschlei\u00dffest.\" \/>\n<meta property=\"og:url\" content=\"https:\/\/www.tstcables.com\/de\/produkt\/kabel-fuer-die-funktionssteuerung-der-windkraftanlage\/\" \/>\n<meta property=\"og:site_name\" content=\"TST CABLES supplier &amp; Manufacture\" \/>\n<meta property=\"og:image\" content=\"https:\/\/www.tstcables.com\/wp-content\/uploads\/2024\/03\/WTB-6.jpg\" \/>\n\t<meta property=\"og:image:width\" content=\"640\" \/>\n\t<meta property=\"og:image:height\" content=\"640\" \/>\n\t<meta property=\"og:image:type\" content=\"image\/jpeg\" \/>\n<meta name=\"twitter:card\" content=\"summary_large_image\" \/>\n<script type=\"application\/ld+json\" class=\"yoast-schema-graph\">{\"@context\":\"https:\\\/\\\/schema.org\",\"@graph\":[{\"@type\":\"WebPage\",\"@id\":\"https:\\\/\\\/www.tstcables.com\\\/de\\\/produkt\\\/kabel-fuer-die-funktionssteuerung-der-windkraftanlage\\\/\",\"url\":\"https:\\\/\\\/www.tstcables.com\\\/de\\\/produkt\\\/kabel-fuer-die-funktionssteuerung-der-windkraftanlage\\\/\",\"name\":\"Kabel f\u00fcr die Funktionssteuerung der Windkraftanlage\",\"isPartOf\":{\"@id\":\"https:\\\/\\\/www.tstcables.com\\\/de\\\/#website\"},\"primaryImageOfPage\":{\"@id\":\"https:\\\/\\\/www.tstcables.com\\\/de\\\/produkt\\\/kabel-fuer-die-funktionssteuerung-der-windkraftanlage\\\/#primaryimage\"},\"image\":{\"@id\":\"https:\\\/\\\/www.tstcables.com\\\/de\\\/produkt\\\/kabel-fuer-die-funktionssteuerung-der-windkraftanlage\\\/#primaryimage\"},\"thumbnailUrl\":\"https:\\\/\\\/www.tstcables.com\\\/wp-content\\\/uploads\\\/2024\\\/03\\\/WTB-6.jpg\",\"datePublished\":\"2024-04-13T02:16:07+00:00\",\"description\":\"Das Kabel des Funktionssteuerungssystems f\u00fcr Windkraftanlagen eignet sich f\u00fcr raue Umgebungen und ist verschlei\u00dffest.\",\"breadcrumb\":{\"@id\":\"https:\\\/\\\/www.tstcables.com\\\/de\\\/produkt\\\/kabel-fuer-die-funktionssteuerung-der-windkraftanlage\\\/#breadcrumb\"},\"inLanguage\":\"de\",\"potentialAction\":[{\"@type\":\"ReadAction\",\"target\":[\"https:\\\/\\\/www.tstcables.com\\\/de\\\/produkt\\\/kabel-fuer-die-funktionssteuerung-der-windkraftanlage\\\/\"]}]},{\"@type\":\"ImageObject\",\"inLanguage\":\"de\",\"@id\":\"https:\\\/\\\/www.tstcables.com\\\/de\\\/produkt\\\/kabel-fuer-die-funktionssteuerung-der-windkraftanlage\\\/#primaryimage\",\"url\":\"https:\\\/\\\/www.tstcables.com\\\/wp-content\\\/uploads\\\/2024\\\/03\\\/WTB-6.jpg\",\"contentUrl\":\"https:\\\/\\\/www.tstcables.com\\\/wp-content\\\/uploads\\\/2024\\\/03\\\/WTB-6.jpg\",\"width\":640,\"height\":640,\"caption\":\"Multifunctional integrated Wire Cable\"},{\"@type\":\"BreadcrumbList\",\"@id\":\"https:\\\/\\\/www.tstcables.com\\\/de\\\/produkt\\\/kabel-fuer-die-funktionssteuerung-der-windkraftanlage\\\/#breadcrumb\",\"itemListElement\":[{\"@type\":\"ListItem\",\"position\":1,\"name\":\"\u9996\u9875\",\"item\":\"https:\\\/\\\/www.tstcables.com\\\/de\\\/\"},{\"@type\":\"ListItem\",\"position\":2,\"name\":\"Product\",\"item\":\"https:\\\/\\\/www.tstcables.com\\\/product\\\/\"},{\"@type\":\"ListItem\",\"position\":3,\"name\":\"Kabel f\u00fcr die Funktionssteuerung der Windkraftanlage\"}]},{\"@type\":\"WebSite\",\"@id\":\"https:\\\/\\\/www.tstcables.com\\\/de\\\/#website\",\"url\":\"https:\\\/\\\/www.tstcables.com\\\/de\\\/\",\"name\":\"TST Cable supplier & Manufacture\",\"description\":\"TST CABLES  supplier &amp; Manufacture official website\",\"publisher\":{\"@id\":\"https:\\\/\\\/www.tstcables.com\\\/de\\\/#organization\"},\"potentialAction\":[{\"@type\":\"SearchAction\",\"target\":{\"@type\":\"EntryPoint\",\"urlTemplate\":\"https:\\\/\\\/www.tstcables.com\\\/de\\\/?s={search_term_string}\"},\"query-input\":{\"@type\":\"PropertyValueSpecification\",\"valueRequired\":true,\"valueName\":\"search_term_string\"}}],\"inLanguage\":\"de\"},{\"@type\":\"Organization\",\"@id\":\"https:\\\/\\\/www.tstcables.com\\\/de\\\/#organization\",\"name\":\"TST Cable supplier & Manufacture\",\"url\":\"https:\\\/\\\/www.tstcables.com\\\/de\\\/\",\"logo\":{\"@type\":\"ImageObject\",\"inLanguage\":\"de\",\"@id\":\"https:\\\/\\\/www.tstcables.com\\\/de\\\/#\\\/schema\\\/logo\\\/image\\\/\",\"url\":\"https:\\\/\\\/www.tstcables.com\\\/wp-content\\\/uploads\\\/2024\\\/04\\\/cropped-\u753b\u677f-1-\u62f7\u8d1d-4-1.png\",\"contentUrl\":\"https:\\\/\\\/www.tstcables.com\\\/wp-content\\\/uploads\\\/2024\\\/04\\\/cropped-\u753b\u677f-1-\u62f7\u8d1d-4-1.png\",\"width\":300,\"height\":100,\"caption\":\"TST Cable supplier & Manufacture\"},\"image\":{\"@id\":\"https:\\\/\\\/www.tstcables.com\\\/de\\\/#\\\/schema\\\/logo\\\/image\\\/\"}}]}<\/script>\n<!-- \/ Yoast SEO plugin. -->","yoast_head_json":{"title":"Kabel f\u00fcr die Funktionssteuerung der Windkraftanlage","description":"Das Kabel des Funktionssteuerungssystems f\u00fcr Windkraftanlagen eignet sich f\u00fcr raue Umgebungen und ist verschlei\u00dffest.","robots":{"index":"index","follow":"follow","max-snippet":"max-snippet:-1","max-image-preview":"max-image-preview:large","max-video-preview":"max-video-preview:-1"},"canonical":"https:\/\/www.tstcables.com\/de\/produkt\/kabel-fuer-die-funktionssteuerung-der-windkraftanlage\/","og_locale":"de_DE","og_type":"article","og_title":"Kabel f\u00fcr die Funktionssteuerung der Windkraftanlage","og_description":"Das Kabel des Funktionssteuerungssystems f\u00fcr Windkraftanlagen eignet sich f\u00fcr raue Umgebungen und ist verschlei\u00dffest.","og_url":"https:\/\/www.tstcables.com\/de\/produkt\/kabel-fuer-die-funktionssteuerung-der-windkraftanlage\/","og_site_name":"TST CABLES supplier &amp; Manufacture","og_image":[{"width":640,"height":640,"url":"https:\/\/www.tstcables.com\/wp-content\/uploads\/2024\/03\/WTB-6.jpg","type":"image\/jpeg"}],"twitter_card":"summary_large_image","schema":{"@context":"https:\/\/schema.org","@graph":[{"@type":"WebPage","@id":"https:\/\/www.tstcables.com\/de\/produkt\/kabel-fuer-die-funktionssteuerung-der-windkraftanlage\/","url":"https:\/\/www.tstcables.com\/de\/produkt\/kabel-fuer-die-funktionssteuerung-der-windkraftanlage\/","name":"Kabel f\u00fcr die Funktionssteuerung der Windkraftanlage","isPartOf":{"@id":"https:\/\/www.tstcables.com\/de\/#website"},"primaryImageOfPage":{"@id":"https:\/\/www.tstcables.com\/de\/produkt\/kabel-fuer-die-funktionssteuerung-der-windkraftanlage\/#primaryimage"},"image":{"@id":"https:\/\/www.tstcables.com\/de\/produkt\/kabel-fuer-die-funktionssteuerung-der-windkraftanlage\/#primaryimage"},"thumbnailUrl":"https:\/\/www.tstcables.com\/wp-content\/uploads\/2024\/03\/WTB-6.jpg","datePublished":"2024-04-13T02:16:07+00:00","description":"Das Kabel des Funktionssteuerungssystems f\u00fcr Windkraftanlagen eignet sich f\u00fcr raue Umgebungen und ist verschlei\u00dffest.","breadcrumb":{"@id":"https:\/\/www.tstcables.com\/de\/produkt\/kabel-fuer-die-funktionssteuerung-der-windkraftanlage\/#breadcrumb"},"inLanguage":"de","potentialAction":[{"@type":"ReadAction","target":["https:\/\/www.tstcables.com\/de\/produkt\/kabel-fuer-die-funktionssteuerung-der-windkraftanlage\/"]}]},{"@type":"ImageObject","inLanguage":"de","@id":"https:\/\/www.tstcables.com\/de\/produkt\/kabel-fuer-die-funktionssteuerung-der-windkraftanlage\/#primaryimage","url":"https:\/\/www.tstcables.com\/wp-content\/uploads\/2024\/03\/WTB-6.jpg","contentUrl":"https:\/\/www.tstcables.com\/wp-content\/uploads\/2024\/03\/WTB-6.jpg","width":640,"height":640,"caption":"Multifunctional integrated Wire Cable"},{"@type":"BreadcrumbList","@id":"https:\/\/www.tstcables.com\/de\/produkt\/kabel-fuer-die-funktionssteuerung-der-windkraftanlage\/#breadcrumb","itemListElement":[{"@type":"ListItem","position":1,"name":"\u9996\u9875","item":"https:\/\/www.tstcables.com\/de\/"},{"@type":"ListItem","position":2,"name":"Product","item":"https:\/\/www.tstcables.com\/product\/"},{"@type":"ListItem","position":3,"name":"Kabel f\u00fcr die Funktionssteuerung der Windkraftanlage"}]},{"@type":"WebSite","@id":"https:\/\/www.tstcables.com\/de\/#website","url":"https:\/\/www.tstcables.com\/de\/","name":"TST Cable supplier & Manufacture","description":"TST CABLES  supplier &amp; Manufacture official website","publisher":{"@id":"https:\/\/www.tstcables.com\/de\/#organization"},"potentialAction":[{"@type":"SearchAction","target":{"@type":"EntryPoint","urlTemplate":"https:\/\/www.tstcables.com\/de\/?s={search_term_string}"},"query-input":{"@type":"PropertyValueSpecification","valueRequired":true,"valueName":"search_term_string"}}],"inLanguage":"de"},{"@type":"Organization","@id":"https:\/\/www.tstcables.com\/de\/#organization","name":"TST Cable supplier & Manufacture","url":"https:\/\/www.tstcables.com\/de\/","logo":{"@type":"ImageObject","inLanguage":"de","@id":"https:\/\/www.tstcables.com\/de\/#\/schema\/logo\/image\/","url":"https:\/\/www.tstcables.com\/wp-content\/uploads\/2024\/04\/cropped-\u753b\u677f-1-\u62f7\u8d1d-4-1.png","contentUrl":"https:\/\/www.tstcables.com\/wp-content\/uploads\/2024\/04\/cropped-\u753b\u677f-1-\u62f7\u8d1d-4-1.png","width":300,"height":100,"caption":"TST Cable supplier & Manufacture"},"image":{"@id":"https:\/\/www.tstcables.com\/de\/#\/schema\/logo\/image\/"}}]}},"_links":{"self":[{"href":"https:\/\/www.tstcables.com\/de\/wp-json\/wp\/v2\/product\/19843","targetHints":{"allow":["GET"]}}],"collection":[{"href":"https:\/\/www.tstcables.com\/de\/wp-json\/wp\/v2\/product"}],"about":[{"href":"https:\/\/www.tstcables.com\/de\/wp-json\/wp\/v2\/types\/product"}],"version-history":[{"count":0,"href":"https:\/\/www.tstcables.com\/de\/wp-json\/wp\/v2\/product\/19843\/revisions"}],"wp:featuredmedia":[{"embeddable":true,"href":"https:\/\/www.tstcables.com\/de\/wp-json\/wp\/v2\/media\/12482"}],"wp:attachment":[{"href":"https:\/\/www.tstcables.com\/de\/wp-json\/wp\/v2\/media?parent=19843"}],"wp:term":[{"taxonomy":"product_brand","embeddable":true,"href":"https:\/\/www.tstcables.com\/de\/wp-json\/wp\/v2\/product_brand?post=19843"},{"taxonomy":"product_cat","embeddable":true,"href":"https:\/\/www.tstcables.com\/de\/wp-json\/wp\/v2\/product_cat?post=19843"},{"taxonomy":"product_tag","embeddable":true,"href":"https:\/\/www.tstcables.com\/de\/wp-json\/wp\/v2\/product_tag?post=19843"}],"curies":[{"name":"wp","href":"https:\/\/api.w.org\/{rel}","templated":true}]}}