{"id":19844,"date":"2024-04-13T10:24:07","date_gmt":"2024-04-13T02:24:07","guid":{"rendered":"https:\/\/www.tstcables.com\/product\/kabel-fuer-fernueberwachungssystem\/"},"modified":"2024-04-13T10:24:07","modified_gmt":"2024-04-13T02:24:07","slug":"kabel-fuer-fernueberwachungssystem","status":"publish","type":"product","link":"https:\/\/www.tstcables.com\/de\/produkt\/kabel-fuer-fernueberwachungssystem\/","title":{"rendered":"Kabel f\u00fcr Fern\u00fcberwachungssystem"},"content":{"rendered":"<p><strong><b>Industriestandard<\/b><\/strong><\/p>\n<ul>\n<li>Q31\/0114000209C025-2017<\/li>\n<\/ul>\n<p><strong><b>Produktmerkmale<\/b><\/strong><\/p>\n<ol>\n<li>Nennspannung: 500 V<\/li>\n<li>Arbeitstemperatur: -60\u2103~300\u2103 (bis zu 350\u2103 in kurzer Zeit)<\/li>\n<li>Leiter: vernickelter Litzendraht<\/li>\n<li>Isolierung: Doppelschichtisolierung<\/li>\n<\/ol>\n<p><strong><b>Funktionen\/Verwendung<\/b><\/strong><\/p>\n<p>Fern\u00fcberwachungssystem<\/p>\n<p><strong><b>Technische Parameter<\/b><\/strong><\/p>\n<table class=\"tg\">\n<thead>\n<tr>\n<th class=\"tg-grqh\" rowspan=\"2\">Nennquerschnitt (mm2)<\/th>\n<th class=\"tg-grqh\" rowspan=\"2\">Leiterstruktur Wurzelzahl\/Durchmesser (mm)<\/th>\n<th class=\"tg-grqh\" rowspan=\"2\">D\u00e4mmst\u00e4rke (mm)<\/th>\n<th class=\"tg-grqh\">Au\u00dfendurchmesserkontrolle (mm)<\/th>\n<th class=\"tg-d93i\">Leiter-Gleichstromwiderstand (Q\/km)<\/th>\n<\/tr>\n<tr>\n<th class=\"tg-grqh\">2.2\u00b10.2<\/th>\n<th class=\"tg-d93i\">200<\/th>\n<\/tr>\n<\/thead>\n<tbody>\n<tr>\n<td class=\"tg-grqh\">1.25<\/td>\n<td class=\"tg-949j\">40\/0.20<\/td>\n<td class=\"tg-grqh\">0.4<\/td>\n<td class=\"tg-grqh\">2.4\u00b10.2<\/td>\n<td class=\"tg-d93i\">200<\/td>\n<\/tr>\n<tr>\n<td class=\"tg-grqh\">1.5<\/td>\n<td class=\"tg-949j\">48\/0.20<\/td>\n<td class=\"tg-grqh\">0.4<\/td>\n<td class=\"tg-949j\">2.6\u571f0.2<\/td>\n<td class=\"tg-d93i\">200<\/td>\n<\/tr>\n<tr>\n<td class=\"tg-grqh\">2.5<\/td>\n<td class=\"tg-949j\">35\/0.30<\/td>\n<td class=\"tg-grqh\">0.4<\/td>\n<td class=\"tg-949j\">3.0\u571f0.3<\/td>\n<td class=\"tg-d93i\">100<\/td>\n<\/tr>\n<tr>\n<td class=\"tg-grqh\">4<\/td>\n<td class=\"tg-949j\">56\/0.30<\/td>\n<td class=\"tg-grqh\">0.4<\/td>\n<td class=\"tg-grqh\">3.7\u00b10.3<\/td>\n<td class=\"tg-d93i\">100<\/td>\n<\/tr>\n<tr>\n<td class=\"tg-d93i\">6<\/td>\n<td class=\"tg-7fn2\">84\/0.30<\/td>\n<td class=\"tg-d93i\">0.4<\/td>\n<td class=\"tg-d93i\">4.6\u00b10.3<\/td>\n<td class=\"tg-d93i\">100<\/td>\n<\/tr>\n<tr>\n<td class=\"tg-d93i\">10<\/td>\n<td class=\"tg-7fn2\">140\/0.30<\/td>\n<td class=\"tg-d93i\">0.4<\/td>\n<td class=\"tg-d93i\">5.6\u00b10.3<\/td>\n<td class=\"tg-d93i\">100<\/td>\n<\/tr>\n<\/tbody>\n<\/table>\n","protected":false},"excerpt":{"rendered":"<p>Das Kabel des Fern\u00fcberwachungssystems verf\u00fcgt \u00fcber eine gute Isolierung und ist best\u00e4ndig gegen extrem hohe Temperaturen. Es ist ein wichtiger Teil des Fern\u00fcberwachungssystems und f\u00fcr die \u00dcbertragung von Daten, Steuersignalen und Strom zwischen den Fern\u00fcberwachungsger\u00e4ten und der zentralen \u00dcberwachungsstation verantwortlich.<\/p>\n","protected":false},"featured_media":13282,"template":"","meta":{"_eb_attr":"","site-sidebar-layout":"default","site-content-layout":"","ast-site-content-layout":"default","site-content-style":"default","site-sidebar-style":"default","ast-global-header-display":"","ast-banner-title-visibility":"","ast-main-header-display":"","ast-hfb-above-header-display":"","ast-hfb-below-header-display":"","ast-hfb-mobile-header-display":"","site-post-title":"","ast-breadcrumbs-content":"","ast-featured-img":"","footer-sml-layout":"","theme-transparent-header-meta":"default","adv-header-id-meta":"","stick-header-meta":"","header-above-stick-meta":"","header-main-stick-meta":"","header-below-stick-meta":"","astra-migrate-meta-layouts":"default","ast-page-background-enabled":"default","ast-page-background-meta":{"desktop":{"background-color":"","background-image":"","background-repeat":"repeat","background-position":"center center","background-size":"auto","background-attachment":"scroll","background-type":"","background-media":"","overlay-type":"","overlay-color":"","overlay-opacity":"","overlay-gradient":""},"tablet":{"background-color":"","background-image":"","background-repeat":"repeat","background-position":"center center","background-size":"auto","background-attachment":"scroll","background-type":"","background-media":"","overlay-type":"","overlay-color":"","overlay-opacity":"","overlay-gradient":""},"mobile":{"background-color":"","background-image":"","background-repeat":"repeat","background-position":"center center","background-size":"auto","background-attachment":"scroll","background-type":"","background-media":"","overlay-type":"","overlay-color":"","overlay-opacity":"","overlay-gradient":""}},"ast-content-background-meta":{"desktop":{"background-color":"var(--ast-global-color-5)","background-image":"","background-repeat":"repeat","background-position":"center center","background-size":"auto","background-attachment":"scroll","background-type":"","background-media":"","overlay-type":"","overlay-color":"","overlay-opacity":"","overlay-gradient":""},"tablet":{"background-color":"var(--ast-global-color-5)","background-image":"","background-repeat":"repeat","background-position":"center center","background-size":"auto","background-attachment":"scroll","background-type":"","background-media":"","overlay-type":"","overlay-color":"","overlay-opacity":"","overlay-gradient":""},"mobile":{"background-color":"var(--ast-global-color-5)","background-image":"","background-repeat":"repeat","background-position":"center center","background-size":"auto","background-attachment":"scroll","background-type":"","background-media":"","overlay-type":"","overlay-color":"","overlay-opacity":"","overlay-gradient":""}}},"product_brand":[],"product_cat":[713],"product_tag":[1531,1532,1530],"class_list":{"0":"post-19844","1":"product","2":"type-product","3":"status-publish","4":"has-post-thumbnail","6":"product_cat-wind-power-de","7":"product_tag-feuerwiderstandsdraht-3501200","8":"product_tag-gnfr500-02-de","9":"product_tag-kundenspezifisches-kabel-gnfr500-02","10":"desktop-align-center","11":"tablet-align-left","12":"mobile-align-left","14":"first","15":"instock","16":"shipping-taxable","17":"product-type-simple"},"yoast_head":"<!-- This site is optimized with the Yoast SEO plugin v27.5 - https:\/\/yoast.com\/product\/yoast-seo-wordpress\/ -->\n<title>Kabel f\u00fcr Fern\u00fcberwachungssystem<\/title>\n<meta name=\"description\" content=\"Das Kabel des Fern\u00fcberwachungssystems verf\u00fcgt \u00fcber eine gute Isolierung und ist best\u00e4ndig gegen extrem hohe Temperaturen.\" \/>\n<meta name=\"robots\" content=\"index, follow, max-snippet:-1, max-image-preview:large, max-video-preview:-1\" \/>\n<link rel=\"canonical\" href=\"https:\/\/www.tstcables.com\/de\/produkt\/kabel-fuer-fernueberwachungssystem\/\" \/>\n<meta property=\"og:locale\" content=\"de_DE\" \/>\n<meta property=\"og:type\" content=\"article\" \/>\n<meta property=\"og:title\" content=\"Kabel f\u00fcr Fern\u00fcberwachungssystem\" \/>\n<meta property=\"og:description\" content=\"Das Kabel des Fern\u00fcberwachungssystems verf\u00fcgt \u00fcber eine gute Isolierung und ist best\u00e4ndig gegen extrem hohe Temperaturen.\" \/>\n<meta property=\"og:url\" content=\"https:\/\/www.tstcables.com\/de\/produkt\/kabel-fuer-fernueberwachungssystem\/\" \/>\n<meta property=\"og:site_name\" content=\"TST CABLES supplier &amp; Manufacture\" \/>\n<meta property=\"og:image\" content=\"https:\/\/www.tstcables.com\/wp-content\/uploads\/2024\/03\/EN50306-4-5pe-2.jpg\" \/>\n\t<meta property=\"og:image:width\" content=\"1000\" \/>\n\t<meta property=\"og:image:height\" content=\"1000\" \/>\n\t<meta property=\"og:image:type\" content=\"image\/jpeg\" \/>\n<meta name=\"twitter:card\" content=\"summary_large_image\" \/>\n<script type=\"application\/ld+json\" class=\"yoast-schema-graph\">{\"@context\":\"https:\\\/\\\/schema.org\",\"@graph\":[{\"@type\":\"WebPage\",\"@id\":\"https:\\\/\\\/www.tstcables.com\\\/de\\\/produkt\\\/kabel-fuer-fernueberwachungssystem\\\/\",\"url\":\"https:\\\/\\\/www.tstcables.com\\\/de\\\/produkt\\\/kabel-fuer-fernueberwachungssystem\\\/\",\"name\":\"Kabel f\u00fcr Fern\u00fcberwachungssystem\",\"isPartOf\":{\"@id\":\"https:\\\/\\\/www.tstcables.com\\\/de\\\/#website\"},\"primaryImageOfPage\":{\"@id\":\"https:\\\/\\\/www.tstcables.com\\\/de\\\/produkt\\\/kabel-fuer-fernueberwachungssystem\\\/#primaryimage\"},\"image\":{\"@id\":\"https:\\\/\\\/www.tstcables.com\\\/de\\\/produkt\\\/kabel-fuer-fernueberwachungssystem\\\/#primaryimage\"},\"thumbnailUrl\":\"https:\\\/\\\/www.tstcables.com\\\/wp-content\\\/uploads\\\/2024\\\/03\\\/EN50306-4-5pe-2.jpg\",\"datePublished\":\"2024-04-13T02:24:07+00:00\",\"description\":\"Das Kabel des Fern\u00fcberwachungssystems verf\u00fcgt \u00fcber eine gute Isolierung und ist best\u00e4ndig gegen extrem hohe Temperaturen.\",\"breadcrumb\":{\"@id\":\"https:\\\/\\\/www.tstcables.com\\\/de\\\/produkt\\\/kabel-fuer-fernueberwachungssystem\\\/#breadcrumb\"},\"inLanguage\":\"de\",\"potentialAction\":[{\"@type\":\"ReadAction\",\"target\":[\"https:\\\/\\\/www.tstcables.com\\\/de\\\/produkt\\\/kabel-fuer-fernueberwachungssystem\\\/\"]}]},{\"@type\":\"ImageObject\",\"inLanguage\":\"de\",\"@id\":\"https:\\\/\\\/www.tstcables.com\\\/de\\\/produkt\\\/kabel-fuer-fernueberwachungssystem\\\/#primaryimage\",\"url\":\"https:\\\/\\\/www.tstcables.com\\\/wp-content\\\/uploads\\\/2024\\\/03\\\/EN50306-4-5pe-2.jpg\",\"contentUrl\":\"https:\\\/\\\/www.tstcables.com\\\/wp-content\\\/uploads\\\/2024\\\/03\\\/EN50306-4-5pe-2.jpg\",\"width\":1000,\"height\":1000,\"caption\":\"High temperature fire-resistant wire waterproof material insulation GN350-N1\"},{\"@type\":\"BreadcrumbList\",\"@id\":\"https:\\\/\\\/www.tstcables.com\\\/de\\\/produkt\\\/kabel-fuer-fernueberwachungssystem\\\/#breadcrumb\",\"itemListElement\":[{\"@type\":\"ListItem\",\"position\":1,\"name\":\"\u9996\u9875\",\"item\":\"https:\\\/\\\/www.tstcables.com\\\/de\\\/\"},{\"@type\":\"ListItem\",\"position\":2,\"name\":\"Product\",\"item\":\"https:\\\/\\\/www.tstcables.com\\\/product\\\/\"},{\"@type\":\"ListItem\",\"position\":3,\"name\":\"Kabel f\u00fcr Fern\u00fcberwachungssystem\"}]},{\"@type\":\"WebSite\",\"@id\":\"https:\\\/\\\/www.tstcables.com\\\/de\\\/#website\",\"url\":\"https:\\\/\\\/www.tstcables.com\\\/de\\\/\",\"name\":\"TST Cable supplier & Manufacture\",\"description\":\"TST CABLES  supplier &amp; Manufacture official website\",\"publisher\":{\"@id\":\"https:\\\/\\\/www.tstcables.com\\\/de\\\/#organization\"},\"potentialAction\":[{\"@type\":\"SearchAction\",\"target\":{\"@type\":\"EntryPoint\",\"urlTemplate\":\"https:\\\/\\\/www.tstcables.com\\\/de\\\/?s={search_term_string}\"},\"query-input\":{\"@type\":\"PropertyValueSpecification\",\"valueRequired\":true,\"valueName\":\"search_term_string\"}}],\"inLanguage\":\"de\"},{\"@type\":\"Organization\",\"@id\":\"https:\\\/\\\/www.tstcables.com\\\/de\\\/#organization\",\"name\":\"TST Cable supplier & Manufacture\",\"url\":\"https:\\\/\\\/www.tstcables.com\\\/de\\\/\",\"logo\":{\"@type\":\"ImageObject\",\"inLanguage\":\"de\",\"@id\":\"https:\\\/\\\/www.tstcables.com\\\/de\\\/#\\\/schema\\\/logo\\\/image\\\/\",\"url\":\"https:\\\/\\\/www.tstcables.com\\\/wp-content\\\/uploads\\\/2024\\\/04\\\/cropped-\u753b\u677f-1-\u62f7\u8d1d-4-1.png\",\"contentUrl\":\"https:\\\/\\\/www.tstcables.com\\\/wp-content\\\/uploads\\\/2024\\\/04\\\/cropped-\u753b\u677f-1-\u62f7\u8d1d-4-1.png\",\"width\":300,\"height\":100,\"caption\":\"TST Cable supplier & Manufacture\"},\"image\":{\"@id\":\"https:\\\/\\\/www.tstcables.com\\\/de\\\/#\\\/schema\\\/logo\\\/image\\\/\"}}]}<\/script>\n<!-- \/ Yoast SEO plugin. -->","yoast_head_json":{"title":"Kabel f\u00fcr Fern\u00fcberwachungssystem","description":"Das Kabel des Fern\u00fcberwachungssystems verf\u00fcgt \u00fcber eine gute Isolierung und ist best\u00e4ndig gegen extrem hohe Temperaturen.","robots":{"index":"index","follow":"follow","max-snippet":"max-snippet:-1","max-image-preview":"max-image-preview:large","max-video-preview":"max-video-preview:-1"},"canonical":"https:\/\/www.tstcables.com\/de\/produkt\/kabel-fuer-fernueberwachungssystem\/","og_locale":"de_DE","og_type":"article","og_title":"Kabel f\u00fcr Fern\u00fcberwachungssystem","og_description":"Das Kabel des Fern\u00fcberwachungssystems verf\u00fcgt \u00fcber eine gute Isolierung und ist best\u00e4ndig gegen extrem hohe Temperaturen.","og_url":"https:\/\/www.tstcables.com\/de\/produkt\/kabel-fuer-fernueberwachungssystem\/","og_site_name":"TST CABLES supplier &amp; Manufacture","og_image":[{"width":1000,"height":1000,"url":"https:\/\/www.tstcables.com\/wp-content\/uploads\/2024\/03\/EN50306-4-5pe-2.jpg","type":"image\/jpeg"}],"twitter_card":"summary_large_image","schema":{"@context":"https:\/\/schema.org","@graph":[{"@type":"WebPage","@id":"https:\/\/www.tstcables.com\/de\/produkt\/kabel-fuer-fernueberwachungssystem\/","url":"https:\/\/www.tstcables.com\/de\/produkt\/kabel-fuer-fernueberwachungssystem\/","name":"Kabel f\u00fcr Fern\u00fcberwachungssystem","isPartOf":{"@id":"https:\/\/www.tstcables.com\/de\/#website"},"primaryImageOfPage":{"@id":"https:\/\/www.tstcables.com\/de\/produkt\/kabel-fuer-fernueberwachungssystem\/#primaryimage"},"image":{"@id":"https:\/\/www.tstcables.com\/de\/produkt\/kabel-fuer-fernueberwachungssystem\/#primaryimage"},"thumbnailUrl":"https:\/\/www.tstcables.com\/wp-content\/uploads\/2024\/03\/EN50306-4-5pe-2.jpg","datePublished":"2024-04-13T02:24:07+00:00","description":"Das Kabel des Fern\u00fcberwachungssystems verf\u00fcgt \u00fcber eine gute Isolierung und ist best\u00e4ndig gegen extrem hohe Temperaturen.","breadcrumb":{"@id":"https:\/\/www.tstcables.com\/de\/produkt\/kabel-fuer-fernueberwachungssystem\/#breadcrumb"},"inLanguage":"de","potentialAction":[{"@type":"ReadAction","target":["https:\/\/www.tstcables.com\/de\/produkt\/kabel-fuer-fernueberwachungssystem\/"]}]},{"@type":"ImageObject","inLanguage":"de","@id":"https:\/\/www.tstcables.com\/de\/produkt\/kabel-fuer-fernueberwachungssystem\/#primaryimage","url":"https:\/\/www.tstcables.com\/wp-content\/uploads\/2024\/03\/EN50306-4-5pe-2.jpg","contentUrl":"https:\/\/www.tstcables.com\/wp-content\/uploads\/2024\/03\/EN50306-4-5pe-2.jpg","width":1000,"height":1000,"caption":"High temperature fire-resistant wire waterproof material insulation GN350-N1"},{"@type":"BreadcrumbList","@id":"https:\/\/www.tstcables.com\/de\/produkt\/kabel-fuer-fernueberwachungssystem\/#breadcrumb","itemListElement":[{"@type":"ListItem","position":1,"name":"\u9996\u9875","item":"https:\/\/www.tstcables.com\/de\/"},{"@type":"ListItem","position":2,"name":"Product","item":"https:\/\/www.tstcables.com\/product\/"},{"@type":"ListItem","position":3,"name":"Kabel f\u00fcr Fern\u00fcberwachungssystem"}]},{"@type":"WebSite","@id":"https:\/\/www.tstcables.com\/de\/#website","url":"https:\/\/www.tstcables.com\/de\/","name":"TST Cable supplier & Manufacture","description":"TST CABLES  supplier &amp; Manufacture official website","publisher":{"@id":"https:\/\/www.tstcables.com\/de\/#organization"},"potentialAction":[{"@type":"SearchAction","target":{"@type":"EntryPoint","urlTemplate":"https:\/\/www.tstcables.com\/de\/?s={search_term_string}"},"query-input":{"@type":"PropertyValueSpecification","valueRequired":true,"valueName":"search_term_string"}}],"inLanguage":"de"},{"@type":"Organization","@id":"https:\/\/www.tstcables.com\/de\/#organization","name":"TST Cable supplier & Manufacture","url":"https:\/\/www.tstcables.com\/de\/","logo":{"@type":"ImageObject","inLanguage":"de","@id":"https:\/\/www.tstcables.com\/de\/#\/schema\/logo\/image\/","url":"https:\/\/www.tstcables.com\/wp-content\/uploads\/2024\/04\/cropped-\u753b\u677f-1-\u62f7\u8d1d-4-1.png","contentUrl":"https:\/\/www.tstcables.com\/wp-content\/uploads\/2024\/04\/cropped-\u753b\u677f-1-\u62f7\u8d1d-4-1.png","width":300,"height":100,"caption":"TST Cable supplier & Manufacture"},"image":{"@id":"https:\/\/www.tstcables.com\/de\/#\/schema\/logo\/image\/"}}]}},"_links":{"self":[{"href":"https:\/\/www.tstcables.com\/de\/wp-json\/wp\/v2\/product\/19844","targetHints":{"allow":["GET"]}}],"collection":[{"href":"https:\/\/www.tstcables.com\/de\/wp-json\/wp\/v2\/product"}],"about":[{"href":"https:\/\/www.tstcables.com\/de\/wp-json\/wp\/v2\/types\/product"}],"version-history":[{"count":0,"href":"https:\/\/www.tstcables.com\/de\/wp-json\/wp\/v2\/product\/19844\/revisions"}],"wp:featuredmedia":[{"embeddable":true,"href":"https:\/\/www.tstcables.com\/de\/wp-json\/wp\/v2\/media\/13282"}],"wp:attachment":[{"href":"https:\/\/www.tstcables.com\/de\/wp-json\/wp\/v2\/media?parent=19844"}],"wp:term":[{"taxonomy":"product_brand","embeddable":true,"href":"https:\/\/www.tstcables.com\/de\/wp-json\/wp\/v2\/product_brand?post=19844"},{"taxonomy":"product_cat","embeddable":true,"href":"https:\/\/www.tstcables.com\/de\/wp-json\/wp\/v2\/product_cat?post=19844"},{"taxonomy":"product_tag","embeddable":true,"href":"https:\/\/www.tstcables.com\/de\/wp-json\/wp\/v2\/product_tag?post=19844"}],"curies":[{"name":"wp","href":"https:\/\/api.w.org\/{rel}","templated":true}]}}