{"id":19846,"date":"2024-04-13T09:48:52","date_gmt":"2024-04-13T01:48:52","guid":{"rendered":"https:\/\/www.tstcables.com\/product\/k3-pegelsignal-steuerkabel\/"},"modified":"2024-04-13T09:48:52","modified_gmt":"2024-04-13T01:48:52","slug":"k3-pegelsignal-steuerkabel","status":"publish","type":"product","link":"https:\/\/www.tstcables.com\/de\/produkt\/k3-pegelsignal-steuerkabel\/","title":{"rendered":"K3-Pegelsignal-Steuerkabel"},"content":{"rendered":"<p><strong>Anwendungen<\/strong><\/p>\n<p>Atomkraftindustrie<\/p>\n<p><strong>Industriestandard<\/strong><\/p>\n<ul>\n<li>lEN45545-2<\/li>\n<\/ul>\n<p><strong>Produktmerkmale:<\/strong><\/p>\n<ol>\n<li>Langzeittemperaturbest\u00e4ndigkeit: -50-250\u2103<\/li>\n<li>Spannungsfestigkeit: 300 V \u2013 600 V<\/li>\n<li>Raucharm, halogenfrei, flammhemmend, hoch- und niedrigtemperaturbest\u00e4ndig<\/li>\n<\/ol>\n<p><strong>Technische Parameter<\/strong><\/p>\n<table class=\"tg\">\n<thead>\n<tr>\n<th class=\"tg-949j\" rowspan=\"2\">Nennquerschnitt<\/th>\n<th class=\"tg-grqh\" rowspan=\"2\">Leiterstruktur Wurzel\/Durchmesser<\/th>\n<th class=\"tg-949j\" colspan=\"2\">Leiterdurchmesser d<\/th>\n<th class=\"tg-949j\">Kabelau\u00dfendurchmesser D<\/th>\n<\/tr>\n<tr>\n<th class=\"tg-grqh\">Min\uff08mm\uff09<\/th>\n<th class=\"tg-grqh\">Min\uff08mm\uff09<\/th>\n<th class=\"tg-grqh\">Min\uff08mm\uff09<\/th>\n<\/tr>\n<\/thead>\n<tbody>\n<tr>\n<td class=\"tg-grqh\">0.035<\/td>\n<td class=\"tg-949j\">7\/0.08<\/td>\n<td class=\"tg-grqh\">0.24<\/td>\n<td class=\"tg-grqh\">0.18<\/td>\n<td class=\"tg-grqh\">0.6<\/td>\n<\/tr>\n<tr>\n<td class=\"tg-grqh\">0.06<\/td>\n<td class=\"tg-949j\">7\/0.10<\/td>\n<td class=\"tg-grqh\">0.3<\/td>\n<td class=\"tg-grqh\">0.18<\/td>\n<td class=\"tg-grqh\">0.66<\/td>\n<\/tr>\n<tr>\n<td class=\"tg-grqh\">0.08<\/td>\n<td class=\"tg-949j\">7\/0.12<\/td>\n<td class=\"tg-grqh\">0.36<\/td>\n<td class=\"tg-grqh\">0.18<\/td>\n<td class=\"tg-grqh\">0.72<\/td>\n<\/tr>\n<tr>\n<td class=\"tg-grqh\">0.14<\/td>\n<td class=\"tg-949j\">19\/0.10<\/td>\n<td class=\"tg-grqh\">0.5<\/td>\n<td class=\"tg-grqh\">0.2<\/td>\n<td class=\"tg-grqh\">0.9<\/td>\n<\/tr>\n<tr>\n<td class=\"tg-grqh\">0.2<\/td>\n<td class=\"tg-949j\">19\/0.12<\/td>\n<td class=\"tg-grqh\">0.6<\/td>\n<td class=\"tg-grqh\">0.2<\/td>\n<td class=\"tg-grqh\">1<\/td>\n<\/tr>\n<tr>\n<td class=\"tg-949j\">0.4\/0.3<\/td>\n<td class=\"tg-949j\">19\/0.16<\/td>\n<td class=\"tg-grqh\">0.8<\/td>\n<td class=\"tg-grqh\">0.2<\/td>\n<td class=\"tg-grqh\">1.2<\/td>\n<\/tr>\n<tr>\n<td class=\"tg-grqh\">0.5<\/td>\n<td class=\"tg-949j\">19\/0.18<\/td>\n<td class=\"tg-grqh\">0.9<\/td>\n<td class=\"tg-grqh\">0.2<\/td>\n<td class=\"tg-grqh\">1.4<\/td>\n<\/tr>\n<tr>\n<td class=\"tg-grqh\">0.75<\/td>\n<td class=\"tg-949j\">37\/0.16<\/td>\n<td class=\"tg-grqh\">1.12<\/td>\n<td class=\"tg-grqh\">0.2<\/td>\n<td class=\"tg-grqh\">1.52<\/td>\n<\/tr>\n<tr>\n<td class=\"tg-d93i\">1<\/td>\n<td class=\"tg-7fn2\">37\/0.18<\/td>\n<td class=\"tg-d93i\">1.26<\/td>\n<td class=\"tg-d93i\">0.2<\/td>\n<td class=\"tg-d93i\">1.66<\/td>\n<\/tr>\n<\/tbody>\n<\/table>\n","protected":false},"excerpt":{"rendered":"<p>Signalsteuerkabel der G\u00fcteklasse K3 sind strahlungsbest\u00e4ndig, raucharm, halogenfrei, flammhemmend und best\u00e4ndig gegen hohe und niedrige Temperaturen. Es ist ein wichtiger Teil des Signalsteuerungssystems und f\u00fcr die \u00dcbertragung von Signalen und Befehlen zwischen Steuerger\u00e4ten und verschiedenen Ger\u00e4ten in industriellen Umgebungen verantwortlich.<\/p>\n","protected":false},"featured_media":13074,"template":"","meta":{"_eb_attr":"","site-sidebar-layout":"default","site-content-layout":"","ast-site-content-layout":"default","site-content-style":"default","site-sidebar-style":"default","ast-global-header-display":"","ast-banner-title-visibility":"","ast-main-header-display":"","ast-hfb-above-header-display":"","ast-hfb-below-header-display":"","ast-hfb-mobile-header-display":"","site-post-title":"","ast-breadcrumbs-content":"","ast-featured-img":"","footer-sml-layout":"","theme-transparent-header-meta":"default","adv-header-id-meta":"","stick-header-meta":"","header-above-stick-meta":"","header-main-stick-meta":"","header-below-stick-meta":"","astra-migrate-meta-layouts":"default","ast-page-background-enabled":"default","ast-page-background-meta":{"desktop":{"background-color":"","background-image":"","background-repeat":"repeat","background-position":"center center","background-size":"auto","background-attachment":"scroll","background-type":"","background-media":"","overlay-type":"","overlay-color":"","overlay-opacity":"","overlay-gradient":""},"tablet":{"background-color":"","background-image":"","background-repeat":"repeat","background-position":"center center","background-size":"auto","background-attachment":"scroll","background-type":"","background-media":"","overlay-type":"","overlay-color":"","overlay-opacity":"","overlay-gradient":""},"mobile":{"background-color":"","background-image":"","background-repeat":"repeat","background-position":"center center","background-size":"auto","background-attachment":"scroll","background-type":"","background-media":"","overlay-type":"","overlay-color":"","overlay-opacity":"","overlay-gradient":""}},"ast-content-background-meta":{"desktop":{"background-color":"var(--ast-global-color-5)","background-image":"","background-repeat":"repeat","background-position":"center center","background-size":"auto","background-attachment":"scroll","background-type":"","background-media":"","overlay-type":"","overlay-color":"","overlay-opacity":"","overlay-gradient":""},"tablet":{"background-color":"var(--ast-global-color-5)","background-image":"","background-repeat":"repeat","background-position":"center center","background-size":"auto","background-attachment":"scroll","background-type":"","background-media":"","overlay-type":"","overlay-color":"","overlay-opacity":"","overlay-gradient":""},"mobile":{"background-color":"var(--ast-global-color-5)","background-image":"","background-repeat":"repeat","background-position":"center center","background-size":"auto","background-attachment":"scroll","background-type":"","background-media":"","overlay-type":"","overlay-color":"","overlay-opacity":"","overlay-gradient":""}}},"product_brand":[],"product_cat":[701],"product_tag":[1535,1536,1537],"class_list":{"0":"post-19846","1":"product","2":"type-product","3":"status-publish","4":"has-post-thumbnail","6":"product_cat-nuclear-de","7":"product_tag-einadriges-kabel","8":"product_tag-einadriges-ummanteltes-kabel-aus-peek-polyetheretherketon","9":"product_tag-th-j-ak-200-300v-einadriges-kabel","10":"desktop-align-center","11":"tablet-align-left","12":"mobile-align-left","14":"first","15":"instock","16":"shipping-taxable","17":"product-type-simple"},"yoast_head":"<!-- This site is optimized with the Yoast SEO plugin v27.5 - https:\/\/yoast.com\/product\/yoast-seo-wordpress\/ -->\n<title>K3-Pegelsignal-Steuerkabel<\/title>\n<meta name=\"description\" content=\"Signalsteuerkabel der G\u00fcteklasse K3 sind strahlungsbest\u00e4ndig, raucharm, halogenfrei, flammhemmend und best\u00e4ndig gegen hohe und niedrige Temperaturen.\" \/>\n<meta name=\"robots\" content=\"index, follow, max-snippet:-1, max-image-preview:large, max-video-preview:-1\" \/>\n<link rel=\"canonical\" href=\"https:\/\/www.tstcables.com\/de\/produkt\/k3-pegelsignal-steuerkabel\/\" \/>\n<meta property=\"og:locale\" content=\"de_DE\" \/>\n<meta property=\"og:type\" content=\"article\" \/>\n<meta property=\"og:title\" content=\"K3-Pegelsignal-Steuerkabel\" \/>\n<meta property=\"og:description\" content=\"Signalsteuerkabel der G\u00fcteklasse K3 sind strahlungsbest\u00e4ndig, raucharm, halogenfrei, flammhemmend und best\u00e4ndig gegen hohe und niedrige Temperaturen.\" \/>\n<meta property=\"og:url\" content=\"https:\/\/www.tstcables.com\/de\/produkt\/k3-pegelsignal-steuerkabel\/\" \/>\n<meta property=\"og:site_name\" content=\"TST CABLES supplier &amp; Manufacture\" \/>\n<meta property=\"og:image\" content=\"https:\/\/www.tstcables.com\/wp-content\/uploads\/2024\/03\/5-13.jpg\" \/>\n\t<meta property=\"og:image:width\" content=\"750\" \/>\n\t<meta property=\"og:image:height\" content=\"750\" \/>\n\t<meta property=\"og:image:type\" content=\"image\/jpeg\" \/>\n<meta name=\"twitter:card\" content=\"summary_large_image\" \/>\n<script type=\"application\/ld+json\" class=\"yoast-schema-graph\">{\"@context\":\"https:\\\/\\\/schema.org\",\"@graph\":[{\"@type\":\"WebPage\",\"@id\":\"https:\\\/\\\/www.tstcables.com\\\/de\\\/produkt\\\/k3-pegelsignal-steuerkabel\\\/\",\"url\":\"https:\\\/\\\/www.tstcables.com\\\/de\\\/produkt\\\/k3-pegelsignal-steuerkabel\\\/\",\"name\":\"K3-Pegelsignal-Steuerkabel\",\"isPartOf\":{\"@id\":\"https:\\\/\\\/www.tstcables.com\\\/de\\\/#website\"},\"primaryImageOfPage\":{\"@id\":\"https:\\\/\\\/www.tstcables.com\\\/de\\\/produkt\\\/k3-pegelsignal-steuerkabel\\\/#primaryimage\"},\"image\":{\"@id\":\"https:\\\/\\\/www.tstcables.com\\\/de\\\/produkt\\\/k3-pegelsignal-steuerkabel\\\/#primaryimage\"},\"thumbnailUrl\":\"https:\\\/\\\/www.tstcables.com\\\/wp-content\\\/uploads\\\/2024\\\/03\\\/5-13.jpg\",\"datePublished\":\"2024-04-13T01:48:52+00:00\",\"description\":\"Signalsteuerkabel der G\u00fcteklasse K3 sind strahlungsbest\u00e4ndig, raucharm, halogenfrei, flammhemmend und best\u00e4ndig gegen hohe und niedrige Temperaturen.\",\"breadcrumb\":{\"@id\":\"https:\\\/\\\/www.tstcables.com\\\/de\\\/produkt\\\/k3-pegelsignal-steuerkabel\\\/#breadcrumb\"},\"inLanguage\":\"de\",\"potentialAction\":[{\"@type\":\"ReadAction\",\"target\":[\"https:\\\/\\\/www.tstcables.com\\\/de\\\/produkt\\\/k3-pegelsignal-steuerkabel\\\/\"]}]},{\"@type\":\"ImageObject\",\"inLanguage\":\"de\",\"@id\":\"https:\\\/\\\/www.tstcables.com\\\/de\\\/produkt\\\/k3-pegelsignal-steuerkabel\\\/#primaryimage\",\"url\":\"https:\\\/\\\/www.tstcables.com\\\/wp-content\\\/uploads\\\/2024\\\/03\\\/5-13.jpg\",\"contentUrl\":\"https:\\\/\\\/www.tstcables.com\\\/wp-content\\\/uploads\\\/2024\\\/03\\\/5-13.jpg\",\"width\":750,\"height\":750,\"caption\":\"Fire-resistant wire smoke halogen-free flame retardant GN450-NY\"},{\"@type\":\"BreadcrumbList\",\"@id\":\"https:\\\/\\\/www.tstcables.com\\\/de\\\/produkt\\\/k3-pegelsignal-steuerkabel\\\/#breadcrumb\",\"itemListElement\":[{\"@type\":\"ListItem\",\"position\":1,\"name\":\"\u9996\u9875\",\"item\":\"https:\\\/\\\/www.tstcables.com\\\/de\\\/\"},{\"@type\":\"ListItem\",\"position\":2,\"name\":\"Product\",\"item\":\"https:\\\/\\\/www.tstcables.com\\\/product\\\/\"},{\"@type\":\"ListItem\",\"position\":3,\"name\":\"K3-Pegelsignal-Steuerkabel\"}]},{\"@type\":\"WebSite\",\"@id\":\"https:\\\/\\\/www.tstcables.com\\\/de\\\/#website\",\"url\":\"https:\\\/\\\/www.tstcables.com\\\/de\\\/\",\"name\":\"TST Cable supplier & Manufacture\",\"description\":\"TST CABLES  supplier &amp; Manufacture official website\",\"publisher\":{\"@id\":\"https:\\\/\\\/www.tstcables.com\\\/de\\\/#organization\"},\"potentialAction\":[{\"@type\":\"SearchAction\",\"target\":{\"@type\":\"EntryPoint\",\"urlTemplate\":\"https:\\\/\\\/www.tstcables.com\\\/de\\\/?s={search_term_string}\"},\"query-input\":{\"@type\":\"PropertyValueSpecification\",\"valueRequired\":true,\"valueName\":\"search_term_string\"}}],\"inLanguage\":\"de\"},{\"@type\":\"Organization\",\"@id\":\"https:\\\/\\\/www.tstcables.com\\\/de\\\/#organization\",\"name\":\"TST Cable supplier & Manufacture\",\"url\":\"https:\\\/\\\/www.tstcables.com\\\/de\\\/\",\"logo\":{\"@type\":\"ImageObject\",\"inLanguage\":\"de\",\"@id\":\"https:\\\/\\\/www.tstcables.com\\\/de\\\/#\\\/schema\\\/logo\\\/image\\\/\",\"url\":\"https:\\\/\\\/www.tstcables.com\\\/wp-content\\\/uploads\\\/2024\\\/04\\\/cropped-\u753b\u677f-1-\u62f7\u8d1d-4-1.png\",\"contentUrl\":\"https:\\\/\\\/www.tstcables.com\\\/wp-content\\\/uploads\\\/2024\\\/04\\\/cropped-\u753b\u677f-1-\u62f7\u8d1d-4-1.png\",\"width\":300,\"height\":100,\"caption\":\"TST Cable supplier & Manufacture\"},\"image\":{\"@id\":\"https:\\\/\\\/www.tstcables.com\\\/de\\\/#\\\/schema\\\/logo\\\/image\\\/\"}}]}<\/script>\n<!-- \/ Yoast SEO plugin. -->","yoast_head_json":{"title":"K3-Pegelsignal-Steuerkabel","description":"Signalsteuerkabel der G\u00fcteklasse K3 sind strahlungsbest\u00e4ndig, raucharm, halogenfrei, flammhemmend und best\u00e4ndig gegen hohe und niedrige Temperaturen.","robots":{"index":"index","follow":"follow","max-snippet":"max-snippet:-1","max-image-preview":"max-image-preview:large","max-video-preview":"max-video-preview:-1"},"canonical":"https:\/\/www.tstcables.com\/de\/produkt\/k3-pegelsignal-steuerkabel\/","og_locale":"de_DE","og_type":"article","og_title":"K3-Pegelsignal-Steuerkabel","og_description":"Signalsteuerkabel der G\u00fcteklasse K3 sind strahlungsbest\u00e4ndig, raucharm, halogenfrei, flammhemmend und best\u00e4ndig gegen hohe und niedrige Temperaturen.","og_url":"https:\/\/www.tstcables.com\/de\/produkt\/k3-pegelsignal-steuerkabel\/","og_site_name":"TST CABLES supplier &amp; Manufacture","og_image":[{"width":750,"height":750,"url":"https:\/\/www.tstcables.com\/wp-content\/uploads\/2024\/03\/5-13.jpg","type":"image\/jpeg"}],"twitter_card":"summary_large_image","schema":{"@context":"https:\/\/schema.org","@graph":[{"@type":"WebPage","@id":"https:\/\/www.tstcables.com\/de\/produkt\/k3-pegelsignal-steuerkabel\/","url":"https:\/\/www.tstcables.com\/de\/produkt\/k3-pegelsignal-steuerkabel\/","name":"K3-Pegelsignal-Steuerkabel","isPartOf":{"@id":"https:\/\/www.tstcables.com\/de\/#website"},"primaryImageOfPage":{"@id":"https:\/\/www.tstcables.com\/de\/produkt\/k3-pegelsignal-steuerkabel\/#primaryimage"},"image":{"@id":"https:\/\/www.tstcables.com\/de\/produkt\/k3-pegelsignal-steuerkabel\/#primaryimage"},"thumbnailUrl":"https:\/\/www.tstcables.com\/wp-content\/uploads\/2024\/03\/5-13.jpg","datePublished":"2024-04-13T01:48:52+00:00","description":"Signalsteuerkabel der G\u00fcteklasse K3 sind strahlungsbest\u00e4ndig, raucharm, halogenfrei, flammhemmend und best\u00e4ndig gegen hohe und niedrige Temperaturen.","breadcrumb":{"@id":"https:\/\/www.tstcables.com\/de\/produkt\/k3-pegelsignal-steuerkabel\/#breadcrumb"},"inLanguage":"de","potentialAction":[{"@type":"ReadAction","target":["https:\/\/www.tstcables.com\/de\/produkt\/k3-pegelsignal-steuerkabel\/"]}]},{"@type":"ImageObject","inLanguage":"de","@id":"https:\/\/www.tstcables.com\/de\/produkt\/k3-pegelsignal-steuerkabel\/#primaryimage","url":"https:\/\/www.tstcables.com\/wp-content\/uploads\/2024\/03\/5-13.jpg","contentUrl":"https:\/\/www.tstcables.com\/wp-content\/uploads\/2024\/03\/5-13.jpg","width":750,"height":750,"caption":"Fire-resistant wire smoke halogen-free flame retardant GN450-NY"},{"@type":"BreadcrumbList","@id":"https:\/\/www.tstcables.com\/de\/produkt\/k3-pegelsignal-steuerkabel\/#breadcrumb","itemListElement":[{"@type":"ListItem","position":1,"name":"\u9996\u9875","item":"https:\/\/www.tstcables.com\/de\/"},{"@type":"ListItem","position":2,"name":"Product","item":"https:\/\/www.tstcables.com\/product\/"},{"@type":"ListItem","position":3,"name":"K3-Pegelsignal-Steuerkabel"}]},{"@type":"WebSite","@id":"https:\/\/www.tstcables.com\/de\/#website","url":"https:\/\/www.tstcables.com\/de\/","name":"TST Cable supplier & Manufacture","description":"TST CABLES  supplier &amp; Manufacture official website","publisher":{"@id":"https:\/\/www.tstcables.com\/de\/#organization"},"potentialAction":[{"@type":"SearchAction","target":{"@type":"EntryPoint","urlTemplate":"https:\/\/www.tstcables.com\/de\/?s={search_term_string}"},"query-input":{"@type":"PropertyValueSpecification","valueRequired":true,"valueName":"search_term_string"}}],"inLanguage":"de"},{"@type":"Organization","@id":"https:\/\/www.tstcables.com\/de\/#organization","name":"TST Cable supplier & Manufacture","url":"https:\/\/www.tstcables.com\/de\/","logo":{"@type":"ImageObject","inLanguage":"de","@id":"https:\/\/www.tstcables.com\/de\/#\/schema\/logo\/image\/","url":"https:\/\/www.tstcables.com\/wp-content\/uploads\/2024\/04\/cropped-\u753b\u677f-1-\u62f7\u8d1d-4-1.png","contentUrl":"https:\/\/www.tstcables.com\/wp-content\/uploads\/2024\/04\/cropped-\u753b\u677f-1-\u62f7\u8d1d-4-1.png","width":300,"height":100,"caption":"TST Cable supplier & Manufacture"},"image":{"@id":"https:\/\/www.tstcables.com\/de\/#\/schema\/logo\/image\/"}}]}},"_links":{"self":[{"href":"https:\/\/www.tstcables.com\/de\/wp-json\/wp\/v2\/product\/19846","targetHints":{"allow":["GET"]}}],"collection":[{"href":"https:\/\/www.tstcables.com\/de\/wp-json\/wp\/v2\/product"}],"about":[{"href":"https:\/\/www.tstcables.com\/de\/wp-json\/wp\/v2\/types\/product"}],"version-history":[{"count":0,"href":"https:\/\/www.tstcables.com\/de\/wp-json\/wp\/v2\/product\/19846\/revisions"}],"wp:featuredmedia":[{"embeddable":true,"href":"https:\/\/www.tstcables.com\/de\/wp-json\/wp\/v2\/media\/13074"}],"wp:attachment":[{"href":"https:\/\/www.tstcables.com\/de\/wp-json\/wp\/v2\/media?parent=19846"}],"wp:term":[{"taxonomy":"product_brand","embeddable":true,"href":"https:\/\/www.tstcables.com\/de\/wp-json\/wp\/v2\/product_brand?post=19846"},{"taxonomy":"product_cat","embeddable":true,"href":"https:\/\/www.tstcables.com\/de\/wp-json\/wp\/v2\/product_cat?post=19846"},{"taxonomy":"product_tag","embeddable":true,"href":"https:\/\/www.tstcables.com\/de\/wp-json\/wp\/v2\/product_tag?post=19846"}],"curies":[{"name":"wp","href":"https:\/\/api.w.org\/{rel}","templated":true}]}}