{"id":19847,"date":"2024-04-13T09:58:45","date_gmt":"2024-04-13T01:58:45","guid":{"rendered":"https:\/\/www.tstcables.com\/product\/back-end-kabel-des-kernkraftsensors\/"},"modified":"2024-04-13T09:58:45","modified_gmt":"2024-04-13T01:58:45","slug":"back-end-kabel-des-kernkraftsensors","status":"publish","type":"product","link":"https:\/\/www.tstcables.com\/de\/produkt\/back-end-kabel-des-kernkraftsensors\/","title":{"rendered":"Back-End-Kabel des Kernkraftsensors"},"content":{"rendered":"<p><strong>Anwendungen<\/strong><\/p>\n<p>Atomkraftindustrie<\/p>\n<p><strong>Industriestandard<\/strong><\/p>\n<ul>\n<li>lEN45545-2<\/li>\n<\/ul>\n<p><strong>Produktmerkmale:<\/strong><\/p>\n<ol>\n<li>Langzeittemperaturbest\u00e4ndigkeit: -50-250\u2103<\/li>\n<li>Spannungsfestigkeit: 300 V \u2013 600 V<\/li>\n<li>Raucharm, halogenfrei, flammhemmend, hoch- und niedrigtemperaturbest\u00e4ndig<\/li>\n<\/ol>\n<p><strong>Technische Parameter<\/strong><\/p>\n<table class=\"tg\">\n<thead>\n<tr>\n<th class=\"tg-grqh\" rowspan=\"3\">Anzahl der Kerndr\u00e4hte und Nennquerschnitt (mm2)<\/th>\n<th class=\"tg-grqh\" rowspan=\"3\">Mindestdicke des Mantels (mm)<\/th>\n<th class=\"tg-grqh\" colspan=\"2\">Kabelau\u00dfendurchmesser D<\/th>\n<\/tr>\n<tr>\n<th class=\"tg-949j\">Min<\/th>\n<th class=\"tg-949j\">Max<\/th>\n<\/tr>\n<tr>\n<th class=\"tg-949j\">mm<\/th>\n<th class=\"tg-949j\">\u03a9\/km<\/th>\n<\/tr>\n<\/thead>\n<tbody>\n<tr>\n<td class=\"tg-949j\">2*0.06<\/td>\n<td class=\"tg-grqh\">0.25<\/td>\n<td class=\"tg-grqh\">1.9<\/td>\n<td class=\"tg-grqh\">330<\/td>\n<\/tr>\n<tr>\n<td class=\"tg-949j\">2*0.08<\/td>\n<td class=\"tg-grqh\">0.25<\/td>\n<td class=\"tg-grqh\">2.05<\/td>\n<td class=\"tg-grqh\">227<\/td>\n<\/tr>\n<tr>\n<td class=\"tg-949j\">2*0.14<\/td>\n<td class=\"tg-grqh\">0.25<\/td>\n<td class=\"tg-grqh\">2.3<\/td>\n<td class=\"tg-grqh\">126<\/td>\n<\/tr>\n<tr>\n<td class=\"tg-949j\">2*0.2<\/td>\n<td class=\"tg-grqh\">0.25<\/td>\n<td class=\"tg-grqh\">2.5<\/td>\n<td class=\"tg-grqh\">83.5<\/td>\n<\/tr>\n<tr>\n<td class=\"tg-949j\">2*0.35<\/td>\n<td class=\"tg-grqh\">0.25<\/td>\n<td class=\"tg-grqh\">2.8<\/td>\n<td class=\"tg-grqh\">49.5<\/td>\n<\/tr>\n<tr>\n<td class=\"tg-949j\">2*0.5<\/td>\n<td class=\"tg-grqh\">0.25<\/td>\n<td class=\"tg-grqh\">3.1<\/td>\n<td class=\"tg-grqh\">40.1<\/td>\n<\/tr>\n<tr>\n<td class=\"tg-949j\">3*0.06<\/td>\n<td class=\"tg-grqh\">0.25<\/td>\n<td class=\"tg-grqh\">2<\/td>\n<td class=\"tg-grqh\">330<\/td>\n<\/tr>\n<tr>\n<td class=\"tg-7fn2\">3*0.08<\/td>\n<td class=\"tg-d93i\">0.25<\/td>\n<td class=\"tg-d93i\">2.15<\/td>\n<td class=\"tg-d93i\">227<\/td>\n<\/tr>\n<tr>\n<td class=\"tg-7fn2\">3*0.14<\/td>\n<td class=\"tg-d93i\">0.25<\/td>\n<td class=\"tg-d93i\">2.45<\/td>\n<td class=\"tg-d93i\">126<\/td>\n<\/tr>\n<tr>\n<td class=\"tg-7fn2\">3*0.2<\/td>\n<td class=\"tg-d93i\">0.25<\/td>\n<td class=\"tg-d93i\">2.65<\/td>\n<td class=\"tg-d93i\">83.5<\/td>\n<\/tr>\n<tr>\n<td class=\"tg-7fn2\">3*0.35<\/td>\n<td class=\"tg-d93i\">0.25<\/td>\n<td class=\"tg-d93i\">3<\/td>\n<td class=\"tg-d93i\">49.5<\/td>\n<\/tr>\n<tr>\n<td class=\"tg-7fn2\">3*0.5<\/td>\n<td class=\"tg-d93i\">0.25<\/td>\n<td class=\"tg-d93i\">3.3<\/td>\n<td class=\"tg-d93i\">40.1<\/td>\n<\/tr>\n<tr>\n<td class=\"tg-7fn2\">4*0.06<\/td>\n<td class=\"tg-d93i\">0.25<\/td>\n<td class=\"tg-d93i\">2.2<\/td>\n<td class=\"tg-d93i\">330<\/td>\n<\/tr>\n<tr>\n<td class=\"tg-7fn2\">4*0.08<\/td>\n<td class=\"tg-d93i\">0.25<\/td>\n<td class=\"tg-d93i\">2.35<\/td>\n<td class=\"tg-d93i\">227<\/td>\n<\/tr>\n<tr>\n<td class=\"tg-7fn2\">4*0.14<\/td>\n<td class=\"tg-d93i\">0.25<\/td>\n<td class=\"tg-d93i\">2.65<\/td>\n<td class=\"tg-d93i\">126<\/td>\n<\/tr>\n<tr>\n<td class=\"tg-7fn2\">4*0.2<\/td>\n<td class=\"tg-d93i\">0.25<\/td>\n<td class=\"tg-d93i\">2.9<\/td>\n<td class=\"tg-d93i\">83.5<\/td>\n<\/tr>\n<tr>\n<td class=\"tg-7fn2\">4*0.35<\/td>\n<td class=\"tg-d93i\">0.25<\/td>\n<td class=\"tg-d93i\">3.3<\/td>\n<td class=\"tg-d93i\">49.5<\/td>\n<\/tr>\n<tr>\n<td class=\"tg-7fn2\">4*0.5<\/td>\n<td class=\"tg-d93i\">0.25<\/td>\n<td class=\"tg-d93i\">3.65<\/td>\n<td class=\"tg-d93i\">40.1<\/td>\n<\/tr>\n<tr>\n<td class=\"tg-7fn2\">5*0.06<\/td>\n<td class=\"tg-d93i\">0.25<\/td>\n<td class=\"tg-d93i\">2.4<\/td>\n<td class=\"tg-d93i\">330<\/td>\n<\/tr>\n<tr>\n<td class=\"tg-7fn2\">5*0.08<\/td>\n<td class=\"tg-d93i\">0.25<\/td>\n<td class=\"tg-d93i\">2.55<\/td>\n<td class=\"tg-d93i\">227<\/td>\n<\/tr>\n<tr>\n<td class=\"tg-7fn2\">5*0.14<\/td>\n<td class=\"tg-d93i\">0.25<\/td>\n<td class=\"tg-d93i\">2.95<\/td>\n<td class=\"tg-d93i\">126<\/td>\n<\/tr>\n<tr>\n<td class=\"tg-7fn2\">5*0.2<\/td>\n<td class=\"tg-d93i\">0.25<\/td>\n<td class=\"tg-d93i\">3.2<\/td>\n<td class=\"tg-d93i\">83.5<\/td>\n<\/tr>\n<tr>\n<td class=\"tg-7fn2\">5*0.35<\/td>\n<td class=\"tg-d93i\">0.25<\/td>\n<td class=\"tg-d93i\">3.6<\/td>\n<td class=\"tg-d93i\">49.5<\/td>\n<\/tr>\n<\/tbody>\n<\/table>\n","protected":false},"excerpt":{"rendered":"<p>Das Back-End-Kabel des Kernkraftsensors ist strahlungssicher, langlebig, flammhemmend und best\u00e4ndig gegen hohe und niedrige Temperaturen. Es ist eine Schl\u00fcsselkomponente des Kernkraftwerks und f\u00fcr die \u00dcbertragung der Signale von Sensoren in strahlungsempfindlichen Bereichen an das Steuerungs- und \u00dcberwachungssystem verantwortlich.<\/p>\n","protected":false},"featured_media":13066,"template":"","meta":{"_eb_attr":"","site-sidebar-layout":"default","site-content-layout":"","ast-site-content-layout":"default","site-content-style":"default","site-sidebar-style":"default","ast-global-header-display":"","ast-banner-title-visibility":"","ast-main-header-display":"","ast-hfb-above-header-display":"","ast-hfb-below-header-display":"","ast-hfb-mobile-header-display":"","site-post-title":"","ast-breadcrumbs-content":"","ast-featured-img":"","footer-sml-layout":"","theme-transparent-header-meta":"default","adv-header-id-meta":"","stick-header-meta":"","header-above-stick-meta":"","header-main-stick-meta":"","header-below-stick-meta":"","astra-migrate-meta-layouts":"default","ast-page-background-enabled":"default","ast-page-background-meta":{"desktop":{"background-color":"","background-image":"","background-repeat":"repeat","background-position":"center center","background-size":"auto","background-attachment":"scroll","background-type":"","background-media":"","overlay-type":"","overlay-color":"","overlay-opacity":"","overlay-gradient":""},"tablet":{"background-color":"","background-image":"","background-repeat":"repeat","background-position":"center center","background-size":"auto","background-attachment":"scroll","background-type":"","background-media":"","overlay-type":"","overlay-color":"","overlay-opacity":"","overlay-gradient":""},"mobile":{"background-color":"","background-image":"","background-repeat":"repeat","background-position":"center center","background-size":"auto","background-attachment":"scroll","background-type":"","background-media":"","overlay-type":"","overlay-color":"","overlay-opacity":"","overlay-gradient":""}},"ast-content-background-meta":{"desktop":{"background-color":"var(--ast-global-color-5)","background-image":"","background-repeat":"repeat","background-position":"center center","background-size":"auto","background-attachment":"scroll","background-type":"","background-media":"","overlay-type":"","overlay-color":"","overlay-opacity":"","overlay-gradient":""},"tablet":{"background-color":"var(--ast-global-color-5)","background-image":"","background-repeat":"repeat","background-position":"center center","background-size":"auto","background-attachment":"scroll","background-type":"","background-media":"","overlay-type":"","overlay-color":"","overlay-opacity":"","overlay-gradient":""},"mobile":{"background-color":"var(--ast-global-color-5)","background-image":"","background-repeat":"repeat","background-position":"center center","background-size":"auto","background-attachment":"scroll","background-type":"","background-media":"","overlay-type":"","overlay-color":"","overlay-opacity":"","overlay-gradient":""}}},"product_brand":[],"product_cat":[701],"product_tag":[1536,1538,1539],"class_list":{"0":"post-19847","1":"product","2":"type-product","3":"status-publish","4":"has-post-thumbnail","6":"product_cat-nuclear-de","7":"product_tag-einadriges-ummanteltes-kabel-aus-peek-polyetheretherketon","8":"product_tag-einadriges-ummanteltes-peek-kabel-th-j-akk-200einadriges-ummanteltes-peek-kabel-th-j-akk-200","9":"product_tag-th-j-akk-200-de","10":"desktop-align-center","11":"tablet-align-left","12":"mobile-align-left","14":"first","15":"instock","16":"shipping-taxable","17":"product-type-simple"},"yoast_head":"<!-- This site is optimized with the Yoast SEO plugin v27.5 - https:\/\/yoast.com\/product\/yoast-seo-wordpress\/ -->\n<title>Back-End-Kabel des Kernkraftsensors<\/title>\n<meta name=\"description\" content=\"Das Back-End-Kabel des Kernkraftsensors ist strahlungssicher, langlebig, flammhemmend und best\u00e4ndig gegen hohe und niedrige Temperaturen.\" \/>\n<meta name=\"robots\" content=\"index, follow, max-snippet:-1, max-image-preview:large, max-video-preview:-1\" \/>\n<link rel=\"canonical\" href=\"https:\/\/www.tstcables.com\/de\/produkt\/back-end-kabel-des-kernkraftsensors\/\" \/>\n<meta property=\"og:locale\" content=\"de_DE\" \/>\n<meta property=\"og:type\" content=\"article\" \/>\n<meta property=\"og:title\" content=\"Back-End-Kabel des Kernkraftsensors\" \/>\n<meta property=\"og:description\" content=\"Das Back-End-Kabel des Kernkraftsensors ist strahlungssicher, langlebig, flammhemmend und best\u00e4ndig gegen hohe und niedrige Temperaturen.\" \/>\n<meta property=\"og:url\" content=\"https:\/\/www.tstcables.com\/de\/produkt\/back-end-kabel-des-kernkraftsensors\/\" \/>\n<meta property=\"og:site_name\" content=\"TST CABLES supplier &amp; Manufacture\" \/>\n<meta property=\"og:image\" content=\"https:\/\/www.tstcables.com\/wp-content\/uploads\/2024\/03\/4-12.jpg\" \/>\n\t<meta property=\"og:image:width\" content=\"750\" \/>\n\t<meta property=\"og:image:height\" content=\"750\" \/>\n\t<meta property=\"og:image:type\" content=\"image\/jpeg\" \/>\n<meta name=\"twitter:card\" content=\"summary_large_image\" \/>\n<script type=\"application\/ld+json\" class=\"yoast-schema-graph\">{\"@context\":\"https:\\\/\\\/schema.org\",\"@graph\":[{\"@type\":\"WebPage\",\"@id\":\"https:\\\/\\\/www.tstcables.com\\\/de\\\/produkt\\\/back-end-kabel-des-kernkraftsensors\\\/\",\"url\":\"https:\\\/\\\/www.tstcables.com\\\/de\\\/produkt\\\/back-end-kabel-des-kernkraftsensors\\\/\",\"name\":\"Back-End-Kabel des Kernkraftsensors\",\"isPartOf\":{\"@id\":\"https:\\\/\\\/www.tstcables.com\\\/de\\\/#website\"},\"primaryImageOfPage\":{\"@id\":\"https:\\\/\\\/www.tstcables.com\\\/de\\\/produkt\\\/back-end-kabel-des-kernkraftsensors\\\/#primaryimage\"},\"image\":{\"@id\":\"https:\\\/\\\/www.tstcables.com\\\/de\\\/produkt\\\/back-end-kabel-des-kernkraftsensors\\\/#primaryimage\"},\"thumbnailUrl\":\"https:\\\/\\\/www.tstcables.com\\\/wp-content\\\/uploads\\\/2024\\\/03\\\/4-12.jpg\",\"datePublished\":\"2024-04-13T01:58:45+00:00\",\"description\":\"Das Back-End-Kabel des Kernkraftsensors ist strahlungssicher, langlebig, flammhemmend und best\u00e4ndig gegen hohe und niedrige Temperaturen.\",\"breadcrumb\":{\"@id\":\"https:\\\/\\\/www.tstcables.com\\\/de\\\/produkt\\\/back-end-kabel-des-kernkraftsensors\\\/#breadcrumb\"},\"inLanguage\":\"de\",\"potentialAction\":[{\"@type\":\"ReadAction\",\"target\":[\"https:\\\/\\\/www.tstcables.com\\\/de\\\/produkt\\\/back-end-kabel-des-kernkraftsensors\\\/\"]}]},{\"@type\":\"ImageObject\",\"inLanguage\":\"de\",\"@id\":\"https:\\\/\\\/www.tstcables.com\\\/de\\\/produkt\\\/back-end-kabel-des-kernkraftsensors\\\/#primaryimage\",\"url\":\"https:\\\/\\\/www.tstcables.com\\\/wp-content\\\/uploads\\\/2024\\\/03\\\/4-12.jpg\",\"contentUrl\":\"https:\\\/\\\/www.tstcables.com\\\/wp-content\\\/uploads\\\/2024\\\/03\\\/4-12.jpg\",\"width\":750,\"height\":750,\"caption\":\"Low smoke halogen-free type GN800\"},{\"@type\":\"BreadcrumbList\",\"@id\":\"https:\\\/\\\/www.tstcables.com\\\/de\\\/produkt\\\/back-end-kabel-des-kernkraftsensors\\\/#breadcrumb\",\"itemListElement\":[{\"@type\":\"ListItem\",\"position\":1,\"name\":\"\u9996\u9875\",\"item\":\"https:\\\/\\\/www.tstcables.com\\\/de\\\/\"},{\"@type\":\"ListItem\",\"position\":2,\"name\":\"Product\",\"item\":\"https:\\\/\\\/www.tstcables.com\\\/product\\\/\"},{\"@type\":\"ListItem\",\"position\":3,\"name\":\"Back-End-Kabel des Kernkraftsensors\"}]},{\"@type\":\"WebSite\",\"@id\":\"https:\\\/\\\/www.tstcables.com\\\/de\\\/#website\",\"url\":\"https:\\\/\\\/www.tstcables.com\\\/de\\\/\",\"name\":\"TST Cable supplier & Manufacture\",\"description\":\"TST CABLES  supplier &amp; Manufacture official website\",\"publisher\":{\"@id\":\"https:\\\/\\\/www.tstcables.com\\\/de\\\/#organization\"},\"potentialAction\":[{\"@type\":\"SearchAction\",\"target\":{\"@type\":\"EntryPoint\",\"urlTemplate\":\"https:\\\/\\\/www.tstcables.com\\\/de\\\/?s={search_term_string}\"},\"query-input\":{\"@type\":\"PropertyValueSpecification\",\"valueRequired\":true,\"valueName\":\"search_term_string\"}}],\"inLanguage\":\"de\"},{\"@type\":\"Organization\",\"@id\":\"https:\\\/\\\/www.tstcables.com\\\/de\\\/#organization\",\"name\":\"TST Cable supplier & Manufacture\",\"url\":\"https:\\\/\\\/www.tstcables.com\\\/de\\\/\",\"logo\":{\"@type\":\"ImageObject\",\"inLanguage\":\"de\",\"@id\":\"https:\\\/\\\/www.tstcables.com\\\/de\\\/#\\\/schema\\\/logo\\\/image\\\/\",\"url\":\"https:\\\/\\\/www.tstcables.com\\\/wp-content\\\/uploads\\\/2024\\\/04\\\/cropped-\u753b\u677f-1-\u62f7\u8d1d-4-1.png\",\"contentUrl\":\"https:\\\/\\\/www.tstcables.com\\\/wp-content\\\/uploads\\\/2024\\\/04\\\/cropped-\u753b\u677f-1-\u62f7\u8d1d-4-1.png\",\"width\":300,\"height\":100,\"caption\":\"TST Cable supplier & Manufacture\"},\"image\":{\"@id\":\"https:\\\/\\\/www.tstcables.com\\\/de\\\/#\\\/schema\\\/logo\\\/image\\\/\"}}]}<\/script>\n<!-- \/ Yoast SEO plugin. -->","yoast_head_json":{"title":"Back-End-Kabel des Kernkraftsensors","description":"Das Back-End-Kabel des Kernkraftsensors ist strahlungssicher, langlebig, flammhemmend und best\u00e4ndig gegen hohe und niedrige Temperaturen.","robots":{"index":"index","follow":"follow","max-snippet":"max-snippet:-1","max-image-preview":"max-image-preview:large","max-video-preview":"max-video-preview:-1"},"canonical":"https:\/\/www.tstcables.com\/de\/produkt\/back-end-kabel-des-kernkraftsensors\/","og_locale":"de_DE","og_type":"article","og_title":"Back-End-Kabel des Kernkraftsensors","og_description":"Das Back-End-Kabel des Kernkraftsensors ist strahlungssicher, langlebig, flammhemmend und best\u00e4ndig gegen hohe und niedrige Temperaturen.","og_url":"https:\/\/www.tstcables.com\/de\/produkt\/back-end-kabel-des-kernkraftsensors\/","og_site_name":"TST CABLES supplier &amp; Manufacture","og_image":[{"width":750,"height":750,"url":"https:\/\/www.tstcables.com\/wp-content\/uploads\/2024\/03\/4-12.jpg","type":"image\/jpeg"}],"twitter_card":"summary_large_image","schema":{"@context":"https:\/\/schema.org","@graph":[{"@type":"WebPage","@id":"https:\/\/www.tstcables.com\/de\/produkt\/back-end-kabel-des-kernkraftsensors\/","url":"https:\/\/www.tstcables.com\/de\/produkt\/back-end-kabel-des-kernkraftsensors\/","name":"Back-End-Kabel des Kernkraftsensors","isPartOf":{"@id":"https:\/\/www.tstcables.com\/de\/#website"},"primaryImageOfPage":{"@id":"https:\/\/www.tstcables.com\/de\/produkt\/back-end-kabel-des-kernkraftsensors\/#primaryimage"},"image":{"@id":"https:\/\/www.tstcables.com\/de\/produkt\/back-end-kabel-des-kernkraftsensors\/#primaryimage"},"thumbnailUrl":"https:\/\/www.tstcables.com\/wp-content\/uploads\/2024\/03\/4-12.jpg","datePublished":"2024-04-13T01:58:45+00:00","description":"Das Back-End-Kabel des Kernkraftsensors ist strahlungssicher, langlebig, flammhemmend und best\u00e4ndig gegen hohe und niedrige Temperaturen.","breadcrumb":{"@id":"https:\/\/www.tstcables.com\/de\/produkt\/back-end-kabel-des-kernkraftsensors\/#breadcrumb"},"inLanguage":"de","potentialAction":[{"@type":"ReadAction","target":["https:\/\/www.tstcables.com\/de\/produkt\/back-end-kabel-des-kernkraftsensors\/"]}]},{"@type":"ImageObject","inLanguage":"de","@id":"https:\/\/www.tstcables.com\/de\/produkt\/back-end-kabel-des-kernkraftsensors\/#primaryimage","url":"https:\/\/www.tstcables.com\/wp-content\/uploads\/2024\/03\/4-12.jpg","contentUrl":"https:\/\/www.tstcables.com\/wp-content\/uploads\/2024\/03\/4-12.jpg","width":750,"height":750,"caption":"Low smoke halogen-free type GN800"},{"@type":"BreadcrumbList","@id":"https:\/\/www.tstcables.com\/de\/produkt\/back-end-kabel-des-kernkraftsensors\/#breadcrumb","itemListElement":[{"@type":"ListItem","position":1,"name":"\u9996\u9875","item":"https:\/\/www.tstcables.com\/de\/"},{"@type":"ListItem","position":2,"name":"Product","item":"https:\/\/www.tstcables.com\/product\/"},{"@type":"ListItem","position":3,"name":"Back-End-Kabel des Kernkraftsensors"}]},{"@type":"WebSite","@id":"https:\/\/www.tstcables.com\/de\/#website","url":"https:\/\/www.tstcables.com\/de\/","name":"TST Cable supplier & Manufacture","description":"TST CABLES  supplier &amp; Manufacture official website","publisher":{"@id":"https:\/\/www.tstcables.com\/de\/#organization"},"potentialAction":[{"@type":"SearchAction","target":{"@type":"EntryPoint","urlTemplate":"https:\/\/www.tstcables.com\/de\/?s={search_term_string}"},"query-input":{"@type":"PropertyValueSpecification","valueRequired":true,"valueName":"search_term_string"}}],"inLanguage":"de"},{"@type":"Organization","@id":"https:\/\/www.tstcables.com\/de\/#organization","name":"TST Cable supplier & Manufacture","url":"https:\/\/www.tstcables.com\/de\/","logo":{"@type":"ImageObject","inLanguage":"de","@id":"https:\/\/www.tstcables.com\/de\/#\/schema\/logo\/image\/","url":"https:\/\/www.tstcables.com\/wp-content\/uploads\/2024\/04\/cropped-\u753b\u677f-1-\u62f7\u8d1d-4-1.png","contentUrl":"https:\/\/www.tstcables.com\/wp-content\/uploads\/2024\/04\/cropped-\u753b\u677f-1-\u62f7\u8d1d-4-1.png","width":300,"height":100,"caption":"TST Cable supplier & Manufacture"},"image":{"@id":"https:\/\/www.tstcables.com\/de\/#\/schema\/logo\/image\/"}}]}},"_links":{"self":[{"href":"https:\/\/www.tstcables.com\/de\/wp-json\/wp\/v2\/product\/19847","targetHints":{"allow":["GET"]}}],"collection":[{"href":"https:\/\/www.tstcables.com\/de\/wp-json\/wp\/v2\/product"}],"about":[{"href":"https:\/\/www.tstcables.com\/de\/wp-json\/wp\/v2\/types\/product"}],"version-history":[{"count":0,"href":"https:\/\/www.tstcables.com\/de\/wp-json\/wp\/v2\/product\/19847\/revisions"}],"wp:featuredmedia":[{"embeddable":true,"href":"https:\/\/www.tstcables.com\/de\/wp-json\/wp\/v2\/media\/13066"}],"wp:attachment":[{"href":"https:\/\/www.tstcables.com\/de\/wp-json\/wp\/v2\/media?parent=19847"}],"wp:term":[{"taxonomy":"product_brand","embeddable":true,"href":"https:\/\/www.tstcables.com\/de\/wp-json\/wp\/v2\/product_brand?post=19847"},{"taxonomy":"product_cat","embeddable":true,"href":"https:\/\/www.tstcables.com\/de\/wp-json\/wp\/v2\/product_cat?post=19847"},{"taxonomy":"product_tag","embeddable":true,"href":"https:\/\/www.tstcables.com\/de\/wp-json\/wp\/v2\/product_tag?post=19847"}],"curies":[{"name":"wp","href":"https:\/\/api.w.org\/{rel}","templated":true}]}}