{"id":19882,"date":"2024-04-11T17:02:36","date_gmt":"2024-04-11T09:02:36","guid":{"rendered":"https:\/\/www.tstcables.com\/product\/fahrzeugtuersystemkabel\/"},"modified":"2024-04-11T17:02:36","modified_gmt":"2024-04-11T09:02:36","slug":"fahrzeugtuersystemkabel","status":"publish","type":"product","link":"https:\/\/www.tstcables.com\/de\/produkt\/fahrzeugtuersystemkabel\/","title":{"rendered":"Fahrzeugt\u00fcrsystemkabel"},"content":{"rendered":"<p>Anwendung:<\/p>\n<p>Fahrzeugt\u00fcrsystem<\/p>\n<p>Charakteristisch:<\/p>\n<ul>\n<li>Temperaturbest\u00e4ndigkeit: -40\u00b0C bis +125\u00b0C.<\/li>\n<li>Nennspannung: 450\/750 V.<\/li>\n<li>Spannungsfestigkeitstest: 3000 V\/5 Min.<\/li>\n<li>Leiteraufbau: Blankes Kupfer, verzinnt.<\/li>\n<\/ul>\n<p>Industriestandard:<\/p>\n<ul>\n<li>GB\/T 9330.3-2008<\/li>\n<li>GB\/T19666-2005<\/li>\n<\/ul>\n<p>Struktur:<\/p>\n<ul>\n<li>Abschirmung (Kupferband\/Geflechtabschirmung\/Aluminium-Kunststoff-Verbundband)<\/li>\n<li>Leiter (Kupferkern\/Weichkupferkern)<\/li>\n<li>Isolationsschicht (PE)<\/li>\n<\/ul>\n<p>Auswahlparameter<\/p>\n<table class=\"tg\">\n<thead>\n<tr>\n<th class=\"tg-949j\" rowspan=\"2\">Produktnummer<\/th>\n<th class=\"tg-7fn2\" rowspan=\"2\">Produktkategorie<\/th>\n<th class=\"tg-7fn2\" colspan=\"2\">Anzahl der Kerne<\/th>\n<\/tr>\n<tr>\n<th class=\"tg-7fn2\">1 Kern<\/th>\n<th class=\"tg-7fn2\">0.5-240mm2<\/th>\n<\/tr>\n<\/thead>\n<tbody>\n<tr>\n<td class=\"tg-7fn2\">KYJYP<\/td>\n<td class=\"tg-7fn2\">XLPE-isoliertes, mit Polyolefin ummanteltes, geflochtenes, abgeschirmtes Steuerkabel<\/td>\n<td class=\"tg-7fn2\">1-48 Kern<\/td>\n<td class=\"tg-7fn2\">0.5-50mm2<\/td>\n<\/tr>\n<tr>\n<td class=\"tg-7fn2\">KYJYP2<\/td>\n<td class=\"tg-7fn2\">XLPE-isoliertes, mit Polyolefin ummanteltes, mit Kupferband abgeschirmtes Steuerkabel<\/td>\n<td class=\"tg-7fn2\">1-48 Kern<\/td>\n<td class=\"tg-7fn2\">0.5-50mm2<\/td>\n<\/tr>\n<tr>\n<td class=\"tg-7fn2\">KYJYP3<\/td>\n<td class=\"tg-7fn2\">XLPE-isoliertes, mit Polvolefin ummanteltes, mit Aluminium-Kunststoff-Verbundband abgeschirmtes Steuerkabel<\/td>\n<td class=\"tg-7fn2\">1-48 Kern<\/td>\n<td class=\"tg-7fn2\">0.5-50mm2<\/td>\n<\/tr>\n<\/tbody>\n<\/table>\n","protected":false},"excerpt":{"rendered":"<p>T\u00fcrsystemkabel sind best\u00e4ndig gegen Druck und Abrieb sowie hohe Temperaturen und spielen eine wichtige Rolle beim Betrieb der T\u00fcren, indem sie die \u00dcbertragung von Signalen und Strom zwischen der T\u00fcrsteuereinheit, Sensoren und Aktoren erleichtern.<\/p>\n","protected":false},"featured_media":13330,"template":"","meta":{"_eb_attr":"","site-sidebar-layout":"default","site-content-layout":"","ast-site-content-layout":"default","site-content-style":"default","site-sidebar-style":"default","ast-global-header-display":"","ast-banner-title-visibility":"","ast-main-header-display":"","ast-hfb-above-header-display":"","ast-hfb-below-header-display":"","ast-hfb-mobile-header-display":"","site-post-title":"","ast-breadcrumbs-content":"","ast-featured-img":"","footer-sml-layout":"","theme-transparent-header-meta":"default","adv-header-id-meta":"","stick-header-meta":"","header-above-stick-meta":"","header-main-stick-meta":"","header-below-stick-meta":"","astra-migrate-meta-layouts":"default","ast-page-background-enabled":"default","ast-page-background-meta":{"desktop":{"background-color":"","background-image":"","background-repeat":"repeat","background-position":"center center","background-size":"auto","background-attachment":"scroll","background-type":"","background-media":"","overlay-type":"","overlay-color":"","overlay-opacity":"","overlay-gradient":""},"tablet":{"background-color":"","background-image":"","background-repeat":"repeat","background-position":"center center","background-size":"auto","background-attachment":"scroll","background-type":"","background-media":"","overlay-type":"","overlay-color":"","overlay-opacity":"","overlay-gradient":""},"mobile":{"background-color":"","background-image":"","background-repeat":"repeat","background-position":"center center","background-size":"auto","background-attachment":"scroll","background-type":"","background-media":"","overlay-type":"","overlay-color":"","overlay-opacity":"","overlay-gradient":""}},"ast-content-background-meta":{"desktop":{"background-color":"var(--ast-global-color-5)","background-image":"","background-repeat":"repeat","background-position":"center center","background-size":"auto","background-attachment":"scroll","background-type":"","background-media":"","overlay-type":"","overlay-color":"","overlay-opacity":"","overlay-gradient":""},"tablet":{"background-color":"var(--ast-global-color-5)","background-image":"","background-repeat":"repeat","background-position":"center center","background-size":"auto","background-attachment":"scroll","background-type":"","background-media":"","overlay-type":"","overlay-color":"","overlay-opacity":"","overlay-gradient":""},"mobile":{"background-color":"var(--ast-global-color-5)","background-image":"","background-repeat":"repeat","background-position":"center center","background-size":"auto","background-attachment":"scroll","background-type":"","background-media":"","overlay-type":"","overlay-color":"","overlay-opacity":"","overlay-gradient":""}}},"product_brand":[],"product_cat":[708],"product_tag":[1542,1541,1540],"class_list":{"0":"post-19882","1":"product","2":"type-product","3":"status-publish","4":"has-post-thumbnail","6":"product_cat-rail-way-de","7":"product_tag-flammhemmender-draht-und-kabel","8":"product_tag-halogenfreier-draht-und-kabel-mit-geringer-rauchentwicklung","9":"product_tag-lszh-kabel","10":"desktop-align-center","11":"tablet-align-left","12":"mobile-align-left","14":"first","15":"instock","16":"shipping-taxable","17":"product-type-simple"},"yoast_head":"<!-- This site is optimized with the Yoast SEO plugin v27.5 - https:\/\/yoast.com\/product\/yoast-seo-wordpress\/ -->\n<title>Fahrzeugt\u00fcrsystemkabel<\/title>\n<meta name=\"description\" content=\"T\u00fcrsystemkabel sind best\u00e4ndig gegen Druck und Abrieb sowie hohe Temperaturen und spielen eine wichtige Rolle beim Betrieb der T\u00fcren\" \/>\n<meta name=\"robots\" content=\"index, follow, max-snippet:-1, max-image-preview:large, max-video-preview:-1\" \/>\n<link rel=\"canonical\" href=\"https:\/\/www.tstcables.com\/de\/produkt\/fahrzeugtuersystemkabel\/\" \/>\n<meta property=\"og:locale\" content=\"de_DE\" \/>\n<meta property=\"og:type\" content=\"article\" \/>\n<meta property=\"og:title\" content=\"Fahrzeugt\u00fcrsystemkabel\" \/>\n<meta property=\"og:description\" content=\"T\u00fcrsystemkabel sind best\u00e4ndig gegen Druck und Abrieb sowie hohe Temperaturen und spielen eine wichtige Rolle beim Betrieb der T\u00fcren\" \/>\n<meta property=\"og:url\" content=\"https:\/\/www.tstcables.com\/de\/produkt\/fahrzeugtuersystemkabel\/\" \/>\n<meta property=\"og:site_name\" content=\"TST CABLES supplier &amp; Manufacture\" \/>\n<meta property=\"og:image\" content=\"https:\/\/www.tstcables.com\/wp-content\/uploads\/2024\/03\/3-1.webp\" \/>\n\t<meta property=\"og:image:width\" content=\"640\" \/>\n\t<meta property=\"og:image:height\" content=\"640\" \/>\n\t<meta property=\"og:image:type\" content=\"image\/webp\" \/>\n<meta name=\"twitter:card\" content=\"summary_large_image\" \/>\n<script type=\"application\/ld+json\" class=\"yoast-schema-graph\">{\"@context\":\"https:\\\/\\\/schema.org\",\"@graph\":[{\"@type\":\"WebPage\",\"@id\":\"https:\\\/\\\/www.tstcables.com\\\/de\\\/produkt\\\/fahrzeugtuersystemkabel\\\/\",\"url\":\"https:\\\/\\\/www.tstcables.com\\\/de\\\/produkt\\\/fahrzeugtuersystemkabel\\\/\",\"name\":\"Fahrzeugt\u00fcrsystemkabel\",\"isPartOf\":{\"@id\":\"https:\\\/\\\/www.tstcables.com\\\/de\\\/#website\"},\"primaryImageOfPage\":{\"@id\":\"https:\\\/\\\/www.tstcables.com\\\/de\\\/produkt\\\/fahrzeugtuersystemkabel\\\/#primaryimage\"},\"image\":{\"@id\":\"https:\\\/\\\/www.tstcables.com\\\/de\\\/produkt\\\/fahrzeugtuersystemkabel\\\/#primaryimage\"},\"thumbnailUrl\":\"https:\\\/\\\/www.tstcables.com\\\/wp-content\\\/uploads\\\/2024\\\/03\\\/3-1.webp\",\"datePublished\":\"2024-04-11T09:02:36+00:00\",\"description\":\"T\u00fcrsystemkabel sind best\u00e4ndig gegen Druck und Abrieb sowie hohe Temperaturen und spielen eine wichtige Rolle beim Betrieb der T\u00fcren\",\"breadcrumb\":{\"@id\":\"https:\\\/\\\/www.tstcables.com\\\/de\\\/produkt\\\/fahrzeugtuersystemkabel\\\/#breadcrumb\"},\"inLanguage\":\"de\",\"potentialAction\":[{\"@type\":\"ReadAction\",\"target\":[\"https:\\\/\\\/www.tstcables.com\\\/de\\\/produkt\\\/fahrzeugtuersystemkabel\\\/\"]}]},{\"@type\":\"ImageObject\",\"inLanguage\":\"de\",\"@id\":\"https:\\\/\\\/www.tstcables.com\\\/de\\\/produkt\\\/fahrzeugtuersystemkabel\\\/#primaryimage\",\"url\":\"https:\\\/\\\/www.tstcables.com\\\/wp-content\\\/uploads\\\/2024\\\/03\\\/3-1.webp\",\"contentUrl\":\"https:\\\/\\\/www.tstcables.com\\\/wp-content\\\/uploads\\\/2024\\\/03\\\/3-1.webp\",\"width\":640,\"height\":640,\"caption\":\"Fire-resistant wire smoke halogen-free flame retardant GN450-NY\"},{\"@type\":\"BreadcrumbList\",\"@id\":\"https:\\\/\\\/www.tstcables.com\\\/de\\\/produkt\\\/fahrzeugtuersystemkabel\\\/#breadcrumb\",\"itemListElement\":[{\"@type\":\"ListItem\",\"position\":1,\"name\":\"\u9996\u9875\",\"item\":\"https:\\\/\\\/www.tstcables.com\\\/de\\\/\"},{\"@type\":\"ListItem\",\"position\":2,\"name\":\"Product\",\"item\":\"https:\\\/\\\/www.tstcables.com\\\/product\\\/\"},{\"@type\":\"ListItem\",\"position\":3,\"name\":\"Fahrzeugt\u00fcrsystemkabel\"}]},{\"@type\":\"WebSite\",\"@id\":\"https:\\\/\\\/www.tstcables.com\\\/de\\\/#website\",\"url\":\"https:\\\/\\\/www.tstcables.com\\\/de\\\/\",\"name\":\"TST Cable supplier & Manufacture\",\"description\":\"TST CABLES  supplier &amp; Manufacture official website\",\"publisher\":{\"@id\":\"https:\\\/\\\/www.tstcables.com\\\/de\\\/#organization\"},\"potentialAction\":[{\"@type\":\"SearchAction\",\"target\":{\"@type\":\"EntryPoint\",\"urlTemplate\":\"https:\\\/\\\/www.tstcables.com\\\/de\\\/?s={search_term_string}\"},\"query-input\":{\"@type\":\"PropertyValueSpecification\",\"valueRequired\":true,\"valueName\":\"search_term_string\"}}],\"inLanguage\":\"de\"},{\"@type\":\"Organization\",\"@id\":\"https:\\\/\\\/www.tstcables.com\\\/de\\\/#organization\",\"name\":\"TST Cable supplier & Manufacture\",\"url\":\"https:\\\/\\\/www.tstcables.com\\\/de\\\/\",\"logo\":{\"@type\":\"ImageObject\",\"inLanguage\":\"de\",\"@id\":\"https:\\\/\\\/www.tstcables.com\\\/de\\\/#\\\/schema\\\/logo\\\/image\\\/\",\"url\":\"https:\\\/\\\/www.tstcables.com\\\/wp-content\\\/uploads\\\/2024\\\/04\\\/cropped-\u753b\u677f-1-\u62f7\u8d1d-4-1.png\",\"contentUrl\":\"https:\\\/\\\/www.tstcables.com\\\/wp-content\\\/uploads\\\/2024\\\/04\\\/cropped-\u753b\u677f-1-\u62f7\u8d1d-4-1.png\",\"width\":300,\"height\":100,\"caption\":\"TST Cable supplier & Manufacture\"},\"image\":{\"@id\":\"https:\\\/\\\/www.tstcables.com\\\/de\\\/#\\\/schema\\\/logo\\\/image\\\/\"}}]}<\/script>\n<!-- \/ Yoast SEO plugin. -->","yoast_head_json":{"title":"Fahrzeugt\u00fcrsystemkabel","description":"T\u00fcrsystemkabel sind best\u00e4ndig gegen Druck und Abrieb sowie hohe Temperaturen und spielen eine wichtige Rolle beim Betrieb der T\u00fcren","robots":{"index":"index","follow":"follow","max-snippet":"max-snippet:-1","max-image-preview":"max-image-preview:large","max-video-preview":"max-video-preview:-1"},"canonical":"https:\/\/www.tstcables.com\/de\/produkt\/fahrzeugtuersystemkabel\/","og_locale":"de_DE","og_type":"article","og_title":"Fahrzeugt\u00fcrsystemkabel","og_description":"T\u00fcrsystemkabel sind best\u00e4ndig gegen Druck und Abrieb sowie hohe Temperaturen und spielen eine wichtige Rolle beim Betrieb der T\u00fcren","og_url":"https:\/\/www.tstcables.com\/de\/produkt\/fahrzeugtuersystemkabel\/","og_site_name":"TST CABLES supplier &amp; Manufacture","og_image":[{"width":640,"height":640,"url":"https:\/\/www.tstcables.com\/wp-content\/uploads\/2024\/03\/3-1.webp","type":"image\/webp"}],"twitter_card":"summary_large_image","schema":{"@context":"https:\/\/schema.org","@graph":[{"@type":"WebPage","@id":"https:\/\/www.tstcables.com\/de\/produkt\/fahrzeugtuersystemkabel\/","url":"https:\/\/www.tstcables.com\/de\/produkt\/fahrzeugtuersystemkabel\/","name":"Fahrzeugt\u00fcrsystemkabel","isPartOf":{"@id":"https:\/\/www.tstcables.com\/de\/#website"},"primaryImageOfPage":{"@id":"https:\/\/www.tstcables.com\/de\/produkt\/fahrzeugtuersystemkabel\/#primaryimage"},"image":{"@id":"https:\/\/www.tstcables.com\/de\/produkt\/fahrzeugtuersystemkabel\/#primaryimage"},"thumbnailUrl":"https:\/\/www.tstcables.com\/wp-content\/uploads\/2024\/03\/3-1.webp","datePublished":"2024-04-11T09:02:36+00:00","description":"T\u00fcrsystemkabel sind best\u00e4ndig gegen Druck und Abrieb sowie hohe Temperaturen und spielen eine wichtige Rolle beim Betrieb der T\u00fcren","breadcrumb":{"@id":"https:\/\/www.tstcables.com\/de\/produkt\/fahrzeugtuersystemkabel\/#breadcrumb"},"inLanguage":"de","potentialAction":[{"@type":"ReadAction","target":["https:\/\/www.tstcables.com\/de\/produkt\/fahrzeugtuersystemkabel\/"]}]},{"@type":"ImageObject","inLanguage":"de","@id":"https:\/\/www.tstcables.com\/de\/produkt\/fahrzeugtuersystemkabel\/#primaryimage","url":"https:\/\/www.tstcables.com\/wp-content\/uploads\/2024\/03\/3-1.webp","contentUrl":"https:\/\/www.tstcables.com\/wp-content\/uploads\/2024\/03\/3-1.webp","width":640,"height":640,"caption":"Fire-resistant wire smoke halogen-free flame retardant GN450-NY"},{"@type":"BreadcrumbList","@id":"https:\/\/www.tstcables.com\/de\/produkt\/fahrzeugtuersystemkabel\/#breadcrumb","itemListElement":[{"@type":"ListItem","position":1,"name":"\u9996\u9875","item":"https:\/\/www.tstcables.com\/de\/"},{"@type":"ListItem","position":2,"name":"Product","item":"https:\/\/www.tstcables.com\/product\/"},{"@type":"ListItem","position":3,"name":"Fahrzeugt\u00fcrsystemkabel"}]},{"@type":"WebSite","@id":"https:\/\/www.tstcables.com\/de\/#website","url":"https:\/\/www.tstcables.com\/de\/","name":"TST Cable supplier & Manufacture","description":"TST CABLES  supplier &amp; Manufacture official website","publisher":{"@id":"https:\/\/www.tstcables.com\/de\/#organization"},"potentialAction":[{"@type":"SearchAction","target":{"@type":"EntryPoint","urlTemplate":"https:\/\/www.tstcables.com\/de\/?s={search_term_string}"},"query-input":{"@type":"PropertyValueSpecification","valueRequired":true,"valueName":"search_term_string"}}],"inLanguage":"de"},{"@type":"Organization","@id":"https:\/\/www.tstcables.com\/de\/#organization","name":"TST Cable supplier & Manufacture","url":"https:\/\/www.tstcables.com\/de\/","logo":{"@type":"ImageObject","inLanguage":"de","@id":"https:\/\/www.tstcables.com\/de\/#\/schema\/logo\/image\/","url":"https:\/\/www.tstcables.com\/wp-content\/uploads\/2024\/04\/cropped-\u753b\u677f-1-\u62f7\u8d1d-4-1.png","contentUrl":"https:\/\/www.tstcables.com\/wp-content\/uploads\/2024\/04\/cropped-\u753b\u677f-1-\u62f7\u8d1d-4-1.png","width":300,"height":100,"caption":"TST Cable supplier & Manufacture"},"image":{"@id":"https:\/\/www.tstcables.com\/de\/#\/schema\/logo\/image\/"}}]}},"_links":{"self":[{"href":"https:\/\/www.tstcables.com\/de\/wp-json\/wp\/v2\/product\/19882","targetHints":{"allow":["GET"]}}],"collection":[{"href":"https:\/\/www.tstcables.com\/de\/wp-json\/wp\/v2\/product"}],"about":[{"href":"https:\/\/www.tstcables.com\/de\/wp-json\/wp\/v2\/types\/product"}],"version-history":[{"count":0,"href":"https:\/\/www.tstcables.com\/de\/wp-json\/wp\/v2\/product\/19882\/revisions"}],"wp:featuredmedia":[{"embeddable":true,"href":"https:\/\/www.tstcables.com\/de\/wp-json\/wp\/v2\/media\/13330"}],"wp:attachment":[{"href":"https:\/\/www.tstcables.com\/de\/wp-json\/wp\/v2\/media?parent=19882"}],"wp:term":[{"taxonomy":"product_brand","embeddable":true,"href":"https:\/\/www.tstcables.com\/de\/wp-json\/wp\/v2\/product_brand?post=19882"},{"taxonomy":"product_cat","embeddable":true,"href":"https:\/\/www.tstcables.com\/de\/wp-json\/wp\/v2\/product_cat?post=19882"},{"taxonomy":"product_tag","embeddable":true,"href":"https:\/\/www.tstcables.com\/de\/wp-json\/wp\/v2\/product_tag?post=19882"}],"curies":[{"name":"wp","href":"https:\/\/api.w.org\/{rel}","templated":true}]}}