{"id":19885,"date":"2024-04-12T14:47:59","date_gmt":"2024-04-12T06:47:59","guid":{"rendered":"https:\/\/www.tstcables.com\/product\/kabel-fuer-erdoelraffinierungsanlagen\/"},"modified":"2024-04-12T14:47:59","modified_gmt":"2024-04-12T06:47:59","slug":"kabel-fuer-erdoelraffinierungsanlagen","status":"publish","type":"product","link":"https:\/\/www.tstcables.com\/de\/produkt\/kabel-fuer-erdoelraffinierungsanlagen\/","title":{"rendered":"Kabel f\u00fcr Erd\u00f6lraffinierungsanlagen"},"content":{"rendered":"<p><strong>Anwendungen<\/strong><br \/>\nAusr\u00fcstung zur Erd\u00f6lraffinierung<\/p>\n<p><strong>Industriestandard<\/strong><\/p>\n<ul>\n<li style=\"text-align: left;\">Q31\/0114000209C025-2017<\/li>\n<\/ul>\n<p><strong>Produktmerkmale<\/strong><br \/>\n1. Nennspannung: 300\/500 V<br \/>\n2. Temperaturbereich: 600 \u2103, kann in kurzer Zeit Temperaturen von bis zu 800 \u2103 standhalten<br \/>\n3.\u2103 Leiter: Litzendraht aus reinem Nickel<br \/>\n4.Farbe: erdiges Gelb, Sie k\u00f6nnen zwischen schwarzer Gaze, roter Gaze usw. w\u00e4hlen.<\/p>\n<p><strong>Technische Parameter<\/strong><\/p>\n<table class=\"tg\">\n<thead>\n<tr>\n<th class=\"tg-grqh\">Nominelles Kreuz<br \/>\nQuerschnitt (mm2)<\/th>\n<th class=\"tg-grqh\">Anzahl Leiterstrukturen\/Drahtdurchmesser (mm)<\/th>\n<th class=\"tg-grqh\" colspan=\"2\">D\u00e4mmst\u00e4rke (mm)<\/th>\n<th class=\"tg-d93i\">Verpackungsl\u00e4nge (m)<\/th>\n<\/tr>\n<\/thead>\n<tbody>\n<tr>\n<td class=\"tg-grqh\" rowspan=\"2\">0.5<\/td>\n<td class=\"tg-949j\" rowspan=\"2\">7 \u00d7 0.30<\/td>\n<td class=\"tg-grqh\">0.5<\/td>\n<td class=\"tg-grqh\">2.3\u00b10.3<\/td>\n<td class=\"tg-d93i\">200<\/td>\n<\/tr>\n<tr>\n<td class=\"tg-grqh\">0.5<\/td>\n<td class=\"tg-949j\">2.5\u00b10.3<\/td>\n<td class=\"tg-d93i\">200<\/td>\n<\/tr>\n<tr>\n<td class=\"tg-grqh\">1<\/td>\n<td class=\"tg-949j\">14 \u00d7 0.30<\/td>\n<td class=\"tg-grqh\">0.5<\/td>\n<td class=\"tg-grqh\">2.6\u00b10.3<\/td>\n<td class=\"tg-d93i\">200<\/td>\n<\/tr>\n<tr>\n<td class=\"tg-grqh\">1.2<\/td>\n<td class=\"tg-949j\">40 \u00d7 0.19<\/td>\n<td class=\"tg-grqh\">0.5<\/td>\n<td class=\"tg-grqh\">2.7 \u00b1 0.3<\/td>\n<td class=\"tg-d93i\">100<\/td>\n<\/tr>\n<tr>\n<td class=\"tg-grqh\">1.5<\/td>\n<td class=\"tg-949j\">21 \u00d7 0.30<\/td>\n<td class=\"tg-grqh\">0.5<\/td>\n<td class=\"tg-grqh\">2.9\u00b10.3<\/td>\n<td class=\"tg-d93i\">100<\/td>\n<\/tr>\n<tr>\n<td class=\"tg-grqh\">2<\/td>\n<td class=\"tg-949j\">28 \u00d7 0.30<\/td>\n<td class=\"tg-grqh\">0.6<\/td>\n<td class=\"tg-grqh\">3.3\u00b10.5<\/td>\n<td class=\"tg-d93i\">100<\/td>\n<\/tr>\n<tr>\n<td class=\"tg-grqh\">2.5<\/td>\n<td class=\"tg-949j\">35 \u00d7 0.30<\/td>\n<td class=\"tg-grqh\">0.6<\/td>\n<td class=\"tg-grqh\">3.6\u00b10.5<\/td>\n<td class=\"tg-d93i\">100<\/td>\n<\/tr>\n<tr>\n<td class=\"tg-d93i\">4<\/td>\n<td class=\"tg-7fn2\">56 \u00d7 0.30<\/td>\n<td class=\"tg-d93i\">0.8<\/td>\n<td class=\"tg-7fn2\">4.7\u00b10.5<\/td>\n<td class=\"tg-d93i\">100<\/td>\n<\/tr>\n<tr>\n<td class=\"tg-d93i\">6<\/td>\n<td class=\"tg-7fn2\">84 \u00d7 0.30<\/td>\n<td class=\"tg-d93i\">0.8<\/td>\n<td class=\"tg-d93i\">5.5\u00b10.5<\/td>\n<td class=\"tg-d93i\">100<\/td>\n<\/tr>\n<tr>\n<td class=\"tg-d93i\">10<\/td>\n<td class=\"tg-7fn2\">84 \u00d7 0.40<\/td>\n<td class=\"tg-d93i\">0.8<\/td>\n<td class=\"tg-d93i\">6.6\u00b10.5<\/td>\n<td class=\"tg-d93i\">100<\/td>\n<\/tr>\n<tr>\n<td class=\"tg-d93i\" rowspan=\"2\">16<\/td>\n<td class=\"tg-7fn2\">228 \u00d7 0.30<\/td>\n<td class=\"tg-d93i\">0.8<\/td>\n<td class=\"tg-7fn2\">7.8\u00b10.5<\/td>\n<td class=\"tg-d93i\">100<\/td>\n<\/tr>\n<tr>\n<td class=\"tg-7fn2\">126 \u00d7 0.40<\/td>\n<td class=\"tg-d93i\">0.8<\/td>\n<td class=\"tg-d93i\">7.8\u00b10.5<\/td>\n<td class=\"tg-d93i\">100<\/td>\n<\/tr>\n<tr>\n<td class=\"tg-d93i\" rowspan=\"2\">25<\/td>\n<td class=\"tg-7fn2\">196 \u00d7 0.40<\/td>\n<td class=\"tg-d93i\">0.8<\/td>\n<td class=\"tg-7fn2\">9.5\u00b10.5<\/td>\n<td class=\"tg-d93i\">100<\/td>\n<\/tr>\n<tr>\n<td class=\"tg-7fn2\">361 \u00d7 0.30<\/td>\n<td class=\"tg-d93i\">0.8<\/td>\n<td class=\"tg-d93i\">9.5\u00b10.5<\/td>\n<td class=\"tg-d93i\">100<\/td>\n<\/tr>\n<tr>\n<td class=\"tg-d93i\">35<\/td>\n<td class=\"tg-7fn2\">494 \u00d7 0.30<\/td>\n<td class=\"tg-d93i\">1<\/td>\n<td class=\"tg-7fn2\">11.2\u00b11.0<\/td>\n<td class=\"tg-d93i\">100<\/td>\n<\/tr>\n<tr>\n<td class=\"tg-d93i\" rowspan=\"2\">50<\/td>\n<td class=\"tg-7fn2\">396 \u00d7 0.40<\/td>\n<td class=\"tg-d93i\">1.2<\/td>\n<td class=\"tg-7fn2\">13.2\u00b11.0<\/td>\n<td class=\"tg-d93i\">100<\/td>\n<\/tr>\n<tr>\n<td class=\"tg-7fn2\">703 \u00d7 0.30<\/td>\n<td class=\"tg-d93i\">1.2<\/td>\n<td class=\"tg-7fn2\">13.2\u00b11.0<\/td>\n<td class=\"tg-d93i\">100<\/td>\n<\/tr>\n<tr>\n<td class=\"tg-d93i\" rowspan=\"2\">70<\/td>\n<td class=\"tg-7fn2\">551 \u00d7 0.40<\/td>\n<td class=\"tg-d93i\">1.2<\/td>\n<td class=\"tg-7fn2\">15.4\u00b1 1.0<\/td>\n<td class=\"tg-d93i\">100<\/td>\n<\/tr>\n<tr>\n<td class=\"tg-7fn2\">988 \u00d7 0.30<\/td>\n<td class=\"tg-d93i\">1.2<\/td>\n<td class=\"tg-7fn2\">15.4\u00b1 1.0<\/td>\n<td class=\"tg-d93i\">100<\/td>\n<\/tr>\n<tr>\n<td class=\"tg-d93i\">95<\/td>\n<td class=\"tg-7fn2\">760\u00d7 0.40<\/td>\n<td class=\"tg-d93i\">1.2<\/td>\n<td class=\"tg-7fn2\">17.4\u00b1 1.0<\/td>\n<td class=\"tg-d93i\">100<\/td>\n<\/tr>\n<\/tbody>\n<\/table>\n","protected":false},"excerpt":{"rendered":"<p>Kabel f\u00fcr Erd\u00f6lraffinerien sind \u00e4u\u00dferst temperaturbest\u00e4ndig und erm\u00f6glichen eine individuelle Anpassung. Sie sind ein wichtiger Bestandteil der \u00d6lraffinerieindustrie und verbinden verschiedene Ger\u00e4te und Instrumente, die am \u00d6lraffinierungsprozess beteiligt sind.<\/p>\n","protected":false},"featured_media":13066,"template":"","meta":{"_eb_attr":"","site-sidebar-layout":"default","site-content-layout":"","ast-site-content-layout":"default","site-content-style":"default","site-sidebar-style":"default","ast-global-header-display":"","ast-banner-title-visibility":"","ast-main-header-display":"","ast-hfb-above-header-display":"","ast-hfb-below-header-display":"","ast-hfb-mobile-header-display":"","site-post-title":"","ast-breadcrumbs-content":"","ast-featured-img":"","footer-sml-layout":"","theme-transparent-header-meta":"default","adv-header-id-meta":"","stick-header-meta":"","header-above-stick-meta":"","header-main-stick-meta":"","header-below-stick-meta":"","astra-migrate-meta-layouts":"default","ast-page-background-enabled":"default","ast-page-background-meta":{"desktop":{"background-color":"","background-image":"","background-repeat":"repeat","background-position":"center center","background-size":"auto","background-attachment":"scroll","background-type":"","background-media":"","overlay-type":"","overlay-color":"","overlay-opacity":"","overlay-gradient":""},"tablet":{"background-color":"","background-image":"","background-repeat":"repeat","background-position":"center center","background-size":"auto","background-attachment":"scroll","background-type":"","background-media":"","overlay-type":"","overlay-color":"","overlay-opacity":"","overlay-gradient":""},"mobile":{"background-color":"","background-image":"","background-repeat":"repeat","background-position":"center center","background-size":"auto","background-attachment":"scroll","background-type":"","background-media":"","overlay-type":"","overlay-color":"","overlay-opacity":"","overlay-gradient":""}},"ast-content-background-meta":{"desktop":{"background-color":"var(--ast-global-color-5)","background-image":"","background-repeat":"repeat","background-position":"center center","background-size":"auto","background-attachment":"scroll","background-type":"","background-media":"","overlay-type":"","overlay-color":"","overlay-opacity":"","overlay-gradient":""},"tablet":{"background-color":"var(--ast-global-color-5)","background-image":"","background-repeat":"repeat","background-position":"center center","background-size":"auto","background-attachment":"scroll","background-type":"","background-media":"","overlay-type":"","overlay-color":"","overlay-opacity":"","overlay-gradient":""},"mobile":{"background-color":"var(--ast-global-color-5)","background-image":"","background-repeat":"repeat","background-position":"center center","background-size":"auto","background-attachment":"scroll","background-type":"","background-media":"","overlay-type":"","overlay-color":"","overlay-opacity":"","overlay-gradient":""}}},"product_brand":[],"product_cat":[702],"product_tag":[1549,1548,1540],"class_list":{"0":"post-19885","1":"product","2":"type-product","3":"status-publish","4":"has-post-thumbnail","6":"product_cat-oil-gas-de","7":"product_tag-gn800-de","8":"product_tag-halogenfreier-typ-mit-geringer-rauchentwicklung","9":"product_tag-lszh-kabel","10":"desktop-align-center","11":"tablet-align-left","12":"mobile-align-left","14":"first","15":"instock","16":"shipping-taxable","17":"product-type-simple"},"yoast_head":"<!-- This site is optimized with the Yoast SEO plugin v27.5 - https:\/\/yoast.com\/product\/yoast-seo-wordpress\/ -->\n<title>Kabel f\u00fcr Erd\u00f6lraffinierungsanlagen<\/title>\n<meta name=\"description\" content=\"Kabel f\u00fcr Erd\u00f6lraffinerien sind \u00e4u\u00dferst temperaturbest\u00e4ndig und erm\u00f6glichen eine individuelle Anpassung.\" \/>\n<meta name=\"robots\" content=\"index, follow, max-snippet:-1, max-image-preview:large, max-video-preview:-1\" \/>\n<link rel=\"canonical\" href=\"https:\/\/www.tstcables.com\/de\/produkt\/kabel-fuer-erdoelraffinierungsanlagen\/\" \/>\n<meta property=\"og:locale\" content=\"de_DE\" \/>\n<meta property=\"og:type\" content=\"article\" \/>\n<meta property=\"og:title\" content=\"Kabel f\u00fcr Erd\u00f6lraffinierungsanlagen\" \/>\n<meta property=\"og:description\" content=\"Kabel f\u00fcr Erd\u00f6lraffinerien sind \u00e4u\u00dferst temperaturbest\u00e4ndig und erm\u00f6glichen eine individuelle Anpassung.\" \/>\n<meta property=\"og:url\" content=\"https:\/\/www.tstcables.com\/de\/produkt\/kabel-fuer-erdoelraffinierungsanlagen\/\" \/>\n<meta property=\"og:site_name\" content=\"TST CABLES supplier &amp; Manufacture\" \/>\n<meta property=\"og:image\" content=\"https:\/\/www.tstcables.com\/wp-content\/uploads\/2024\/03\/4-12.jpg\" \/>\n\t<meta property=\"og:image:width\" content=\"750\" \/>\n\t<meta property=\"og:image:height\" content=\"750\" \/>\n\t<meta property=\"og:image:type\" content=\"image\/jpeg\" \/>\n<meta name=\"twitter:card\" content=\"summary_large_image\" \/>\n<script type=\"application\/ld+json\" class=\"yoast-schema-graph\">{\"@context\":\"https:\\\/\\\/schema.org\",\"@graph\":[{\"@type\":\"WebPage\",\"@id\":\"https:\\\/\\\/www.tstcables.com\\\/de\\\/produkt\\\/kabel-fuer-erdoelraffinierungsanlagen\\\/\",\"url\":\"https:\\\/\\\/www.tstcables.com\\\/de\\\/produkt\\\/kabel-fuer-erdoelraffinierungsanlagen\\\/\",\"name\":\"Kabel f\u00fcr Erd\u00f6lraffinierungsanlagen\",\"isPartOf\":{\"@id\":\"https:\\\/\\\/www.tstcables.com\\\/de\\\/#website\"},\"primaryImageOfPage\":{\"@id\":\"https:\\\/\\\/www.tstcables.com\\\/de\\\/produkt\\\/kabel-fuer-erdoelraffinierungsanlagen\\\/#primaryimage\"},\"image\":{\"@id\":\"https:\\\/\\\/www.tstcables.com\\\/de\\\/produkt\\\/kabel-fuer-erdoelraffinierungsanlagen\\\/#primaryimage\"},\"thumbnailUrl\":\"https:\\\/\\\/www.tstcables.com\\\/wp-content\\\/uploads\\\/2024\\\/03\\\/4-12.jpg\",\"datePublished\":\"2024-04-12T06:47:59+00:00\",\"description\":\"Kabel f\u00fcr Erd\u00f6lraffinerien sind \u00e4u\u00dferst temperaturbest\u00e4ndig und erm\u00f6glichen eine individuelle Anpassung.\",\"breadcrumb\":{\"@id\":\"https:\\\/\\\/www.tstcables.com\\\/de\\\/produkt\\\/kabel-fuer-erdoelraffinierungsanlagen\\\/#breadcrumb\"},\"inLanguage\":\"de\",\"potentialAction\":[{\"@type\":\"ReadAction\",\"target\":[\"https:\\\/\\\/www.tstcables.com\\\/de\\\/produkt\\\/kabel-fuer-erdoelraffinierungsanlagen\\\/\"]}]},{\"@type\":\"ImageObject\",\"inLanguage\":\"de\",\"@id\":\"https:\\\/\\\/www.tstcables.com\\\/de\\\/produkt\\\/kabel-fuer-erdoelraffinierungsanlagen\\\/#primaryimage\",\"url\":\"https:\\\/\\\/www.tstcables.com\\\/wp-content\\\/uploads\\\/2024\\\/03\\\/4-12.jpg\",\"contentUrl\":\"https:\\\/\\\/www.tstcables.com\\\/wp-content\\\/uploads\\\/2024\\\/03\\\/4-12.jpg\",\"width\":750,\"height\":750,\"caption\":\"Low smoke halogen-free type GN800\"},{\"@type\":\"BreadcrumbList\",\"@id\":\"https:\\\/\\\/www.tstcables.com\\\/de\\\/produkt\\\/kabel-fuer-erdoelraffinierungsanlagen\\\/#breadcrumb\",\"itemListElement\":[{\"@type\":\"ListItem\",\"position\":1,\"name\":\"\u9996\u9875\",\"item\":\"https:\\\/\\\/www.tstcables.com\\\/de\\\/\"},{\"@type\":\"ListItem\",\"position\":2,\"name\":\"Product\",\"item\":\"https:\\\/\\\/www.tstcables.com\\\/product\\\/\"},{\"@type\":\"ListItem\",\"position\":3,\"name\":\"Kabel f\u00fcr Erd\u00f6lraffinierungsanlagen\"}]},{\"@type\":\"WebSite\",\"@id\":\"https:\\\/\\\/www.tstcables.com\\\/de\\\/#website\",\"url\":\"https:\\\/\\\/www.tstcables.com\\\/de\\\/\",\"name\":\"TST Cable supplier & Manufacture\",\"description\":\"TST CABLES  supplier &amp; Manufacture official website\",\"publisher\":{\"@id\":\"https:\\\/\\\/www.tstcables.com\\\/de\\\/#organization\"},\"potentialAction\":[{\"@type\":\"SearchAction\",\"target\":{\"@type\":\"EntryPoint\",\"urlTemplate\":\"https:\\\/\\\/www.tstcables.com\\\/de\\\/?s={search_term_string}\"},\"query-input\":{\"@type\":\"PropertyValueSpecification\",\"valueRequired\":true,\"valueName\":\"search_term_string\"}}],\"inLanguage\":\"de\"},{\"@type\":\"Organization\",\"@id\":\"https:\\\/\\\/www.tstcables.com\\\/de\\\/#organization\",\"name\":\"TST Cable supplier & Manufacture\",\"url\":\"https:\\\/\\\/www.tstcables.com\\\/de\\\/\",\"logo\":{\"@type\":\"ImageObject\",\"inLanguage\":\"de\",\"@id\":\"https:\\\/\\\/www.tstcables.com\\\/de\\\/#\\\/schema\\\/logo\\\/image\\\/\",\"url\":\"https:\\\/\\\/www.tstcables.com\\\/wp-content\\\/uploads\\\/2024\\\/04\\\/cropped-\u753b\u677f-1-\u62f7\u8d1d-4-1.png\",\"contentUrl\":\"https:\\\/\\\/www.tstcables.com\\\/wp-content\\\/uploads\\\/2024\\\/04\\\/cropped-\u753b\u677f-1-\u62f7\u8d1d-4-1.png\",\"width\":300,\"height\":100,\"caption\":\"TST Cable supplier & Manufacture\"},\"image\":{\"@id\":\"https:\\\/\\\/www.tstcables.com\\\/de\\\/#\\\/schema\\\/logo\\\/image\\\/\"}}]}<\/script>\n<!-- \/ Yoast SEO plugin. -->","yoast_head_json":{"title":"Kabel f\u00fcr Erd\u00f6lraffinierungsanlagen","description":"Kabel f\u00fcr Erd\u00f6lraffinerien sind \u00e4u\u00dferst temperaturbest\u00e4ndig und erm\u00f6glichen eine individuelle Anpassung.","robots":{"index":"index","follow":"follow","max-snippet":"max-snippet:-1","max-image-preview":"max-image-preview:large","max-video-preview":"max-video-preview:-1"},"canonical":"https:\/\/www.tstcables.com\/de\/produkt\/kabel-fuer-erdoelraffinierungsanlagen\/","og_locale":"de_DE","og_type":"article","og_title":"Kabel f\u00fcr Erd\u00f6lraffinierungsanlagen","og_description":"Kabel f\u00fcr Erd\u00f6lraffinerien sind \u00e4u\u00dferst temperaturbest\u00e4ndig und erm\u00f6glichen eine individuelle Anpassung.","og_url":"https:\/\/www.tstcables.com\/de\/produkt\/kabel-fuer-erdoelraffinierungsanlagen\/","og_site_name":"TST CABLES supplier &amp; Manufacture","og_image":[{"width":750,"height":750,"url":"https:\/\/www.tstcables.com\/wp-content\/uploads\/2024\/03\/4-12.jpg","type":"image\/jpeg"}],"twitter_card":"summary_large_image","schema":{"@context":"https:\/\/schema.org","@graph":[{"@type":"WebPage","@id":"https:\/\/www.tstcables.com\/de\/produkt\/kabel-fuer-erdoelraffinierungsanlagen\/","url":"https:\/\/www.tstcables.com\/de\/produkt\/kabel-fuer-erdoelraffinierungsanlagen\/","name":"Kabel f\u00fcr Erd\u00f6lraffinierungsanlagen","isPartOf":{"@id":"https:\/\/www.tstcables.com\/de\/#website"},"primaryImageOfPage":{"@id":"https:\/\/www.tstcables.com\/de\/produkt\/kabel-fuer-erdoelraffinierungsanlagen\/#primaryimage"},"image":{"@id":"https:\/\/www.tstcables.com\/de\/produkt\/kabel-fuer-erdoelraffinierungsanlagen\/#primaryimage"},"thumbnailUrl":"https:\/\/www.tstcables.com\/wp-content\/uploads\/2024\/03\/4-12.jpg","datePublished":"2024-04-12T06:47:59+00:00","description":"Kabel f\u00fcr Erd\u00f6lraffinerien sind \u00e4u\u00dferst temperaturbest\u00e4ndig und erm\u00f6glichen eine individuelle Anpassung.","breadcrumb":{"@id":"https:\/\/www.tstcables.com\/de\/produkt\/kabel-fuer-erdoelraffinierungsanlagen\/#breadcrumb"},"inLanguage":"de","potentialAction":[{"@type":"ReadAction","target":["https:\/\/www.tstcables.com\/de\/produkt\/kabel-fuer-erdoelraffinierungsanlagen\/"]}]},{"@type":"ImageObject","inLanguage":"de","@id":"https:\/\/www.tstcables.com\/de\/produkt\/kabel-fuer-erdoelraffinierungsanlagen\/#primaryimage","url":"https:\/\/www.tstcables.com\/wp-content\/uploads\/2024\/03\/4-12.jpg","contentUrl":"https:\/\/www.tstcables.com\/wp-content\/uploads\/2024\/03\/4-12.jpg","width":750,"height":750,"caption":"Low smoke halogen-free type GN800"},{"@type":"BreadcrumbList","@id":"https:\/\/www.tstcables.com\/de\/produkt\/kabel-fuer-erdoelraffinierungsanlagen\/#breadcrumb","itemListElement":[{"@type":"ListItem","position":1,"name":"\u9996\u9875","item":"https:\/\/www.tstcables.com\/de\/"},{"@type":"ListItem","position":2,"name":"Product","item":"https:\/\/www.tstcables.com\/product\/"},{"@type":"ListItem","position":3,"name":"Kabel f\u00fcr Erd\u00f6lraffinierungsanlagen"}]},{"@type":"WebSite","@id":"https:\/\/www.tstcables.com\/de\/#website","url":"https:\/\/www.tstcables.com\/de\/","name":"TST Cable supplier & Manufacture","description":"TST CABLES  supplier &amp; Manufacture official website","publisher":{"@id":"https:\/\/www.tstcables.com\/de\/#organization"},"potentialAction":[{"@type":"SearchAction","target":{"@type":"EntryPoint","urlTemplate":"https:\/\/www.tstcables.com\/de\/?s={search_term_string}"},"query-input":{"@type":"PropertyValueSpecification","valueRequired":true,"valueName":"search_term_string"}}],"inLanguage":"de"},{"@type":"Organization","@id":"https:\/\/www.tstcables.com\/de\/#organization","name":"TST Cable supplier & Manufacture","url":"https:\/\/www.tstcables.com\/de\/","logo":{"@type":"ImageObject","inLanguage":"de","@id":"https:\/\/www.tstcables.com\/de\/#\/schema\/logo\/image\/","url":"https:\/\/www.tstcables.com\/wp-content\/uploads\/2024\/04\/cropped-\u753b\u677f-1-\u62f7\u8d1d-4-1.png","contentUrl":"https:\/\/www.tstcables.com\/wp-content\/uploads\/2024\/04\/cropped-\u753b\u677f-1-\u62f7\u8d1d-4-1.png","width":300,"height":100,"caption":"TST Cable supplier & Manufacture"},"image":{"@id":"https:\/\/www.tstcables.com\/de\/#\/schema\/logo\/image\/"}}]}},"_links":{"self":[{"href":"https:\/\/www.tstcables.com\/de\/wp-json\/wp\/v2\/product\/19885","targetHints":{"allow":["GET"]}}],"collection":[{"href":"https:\/\/www.tstcables.com\/de\/wp-json\/wp\/v2\/product"}],"about":[{"href":"https:\/\/www.tstcables.com\/de\/wp-json\/wp\/v2\/types\/product"}],"version-history":[{"count":0,"href":"https:\/\/www.tstcables.com\/de\/wp-json\/wp\/v2\/product\/19885\/revisions"}],"wp:featuredmedia":[{"embeddable":true,"href":"https:\/\/www.tstcables.com\/de\/wp-json\/wp\/v2\/media\/13066"}],"wp:attachment":[{"href":"https:\/\/www.tstcables.com\/de\/wp-json\/wp\/v2\/media?parent=19885"}],"wp:term":[{"taxonomy":"product_brand","embeddable":true,"href":"https:\/\/www.tstcables.com\/de\/wp-json\/wp\/v2\/product_brand?post=19885"},{"taxonomy":"product_cat","embeddable":true,"href":"https:\/\/www.tstcables.com\/de\/wp-json\/wp\/v2\/product_cat?post=19885"},{"taxonomy":"product_tag","embeddable":true,"href":"https:\/\/www.tstcables.com\/de\/wp-json\/wp\/v2\/product_tag?post=19885"}],"curies":[{"name":"wp","href":"https:\/\/api.w.org\/{rel}","templated":true}]}}