{"id":19886,"date":"2024-04-12T14:57:35","date_gmt":"2024-04-12T06:57:35","guid":{"rendered":"https:\/\/www.tstcables.com\/product\/kabel-fuer-oeltransportausruestung\/"},"modified":"2024-04-12T14:57:35","modified_gmt":"2024-04-12T06:57:35","slug":"kabel-fuer-oeltransportausruestung","status":"publish","type":"product","link":"https:\/\/www.tstcables.com\/de\/produkt\/kabel-fuer-oeltransportausruestung\/","title":{"rendered":"Kabel f\u00fcr \u00d6ltransportausr\u00fcstung"},"content":{"rendered":"<p>Anwendung:<\/p>\n<p>Temperatursensorkabel f\u00fcr Schienenfahrzeuge werden haupts\u00e4chlich zur Temperatursensorsignal- und Daten\u00fcbertragung verwendet.<\/p>\n<p>Charakteristisch:<\/p>\n<ul>\n<li>Temperaturbest\u00e4ndigkeit: -40\u00b0C bis 125\u00b0C<\/li>\n<li>Nennspannung: 750 V (Pr\u00fcfspannung 4000 V\/5 Min.)<\/li>\n<li>Kabelbiegeradius: 6D (6-facher Kabelau\u00dfendurchmesser)<\/li>\n<li>Hohe Flexibilit\u00e4t und Torsionsfestigkeit<\/li>\n<li>\u00d6lbest\u00e4ndigkeit, UV-Best\u00e4ndigkeit, Witterungsbest\u00e4ndigkeit<\/li>\n<\/ul>\n<p>Industriestandard:<\/p>\n<ul>\n<li>EN45545-2<\/li>\n<\/ul>\n<p>Struktur:<\/p>\n<ul>\n<li>Leiter: Versilberter Kupferleiter, entweder 5-Klassen- oder 6-Klassen-Struktur.<\/li>\n<li>Isolierung: Bestrahltes vernetztes Polyolefin.<\/li>\n<li>Abschirmung: Verzinntes Kupfergeflecht.<\/li>\n<li>Mantel\/Mantel: Bestrahltes, vernetztes Polyolefin.<\/li>\n<\/ul>\n<p>Auswahlparameter<\/p>\n<table class=\"tg\">\n<thead>\n<tr>\n<th class=\"tg-949j\" rowspan=\"3\">Anzahl der Adern * Nennquerschnitt\/mm2<\/th>\n<th class=\"tg-949j\" rowspan=\"3\">D\u00e4mmst\u00e4rke\/mm<\/th>\n<th class=\"tg-949j\" rowspan=\"2\">Au\u00dfendurchmesser der Isolierung\/ mm<\/th>\n<th class=\"tg-949j\" colspan=\"2\" rowspan=\"2\">Mantelst\u00e4rke\/mm<\/th>\n<th class=\"tg-0lax\"><\/th>\n<\/tr>\n<tr>\n<th class=\"tg-0lax\"><\/th>\n<\/tr>\n<tr>\n<th class=\"tg-949j\">1.10\u00b10.05<\/th>\n<th class=\"tg-grqh\">0.5<\/th>\n<th class=\"tg-7fn2\">3.70\u00b10.20<\/th>\n<th class=\"tg-0lax\"><\/th>\n<\/tr>\n<\/thead>\n<tbody>\n<tr>\n<td class=\"tg-949j\">2\u00d70.35<\/td>\n<td class=\"tg-grqh\">0.25<\/td>\n<td class=\"tg-949j\">1.25\u00b10.05<\/td>\n<td class=\"tg-grqh\">0.5<\/td>\n<td class=\"tg-7fn2\">4.40\u00b10.20<\/td>\n<td class=\"tg-0lax\"><\/td>\n<\/tr>\n<tr>\n<td class=\"tg-949j\">2\u00d70.50<\/td>\n<td class=\"tg-grqh\">0.25<\/td>\n<td class=\"tg-949j\">1.40\u00b10.05<\/td>\n<td class=\"tg-grqh\">0.5<\/td>\n<td class=\"tg-7fn2\">4.30\u00b10.20<\/td>\n<td class=\"tg-0lax\"><\/td>\n<\/tr>\n<tr>\n<td class=\"tg-949j\">3\u00d70.20<\/td>\n<td class=\"tg-grqh\">0.25<\/td>\n<td class=\"tg-949j\">1.10\u00b10.05<\/td>\n<td class=\"tg-grqh\">0.5<\/td>\n<td class=\"tg-7fn2\">3.90\u00b10.20<\/td>\n<td class=\"tg-0lax\"><\/td>\n<\/tr>\n<tr>\n<td class=\"tg-949j\">3\u00d70.35<\/td>\n<td class=\"tg-grqh\">0.25<\/td>\n<td class=\"tg-949j\">1.25\u00b10.05<\/td>\n<td class=\"tg-grqh\">0.5<\/td>\n<td class=\"tg-7fn2\">4.2\u00b10.20<\/td>\n<td class=\"tg-0lax\"><\/td>\n<\/tr>\n<tr>\n<td class=\"tg-949j\">3\u00d70.50<\/td>\n<td class=\"tg-grqh\">0.25<\/td>\n<td class=\"tg-949j\">1.40\u00b10.05<\/td>\n<td class=\"tg-grqh\">0.5<\/td>\n<td class=\"tg-7fn2\">4.50\u00b10.20<\/td>\n<td class=\"tg-0lax\"><\/td>\n<\/tr>\n<tr>\n<td class=\"tg-7fn2\">4\u00d70.20<\/td>\n<td class=\"tg-d93i\">0.25<\/td>\n<td class=\"tg-7fn2\">1.10\u00b10.05<\/td>\n<td class=\"tg-d93i\">0.5<\/td>\n<td class=\"tg-7fn2\">4.20\u00b10.10<\/td>\n<td class=\"tg-0lax\"><\/td>\n<\/tr>\n<tr>\n<td class=\"tg-7fn2\">4\u00d70.35<\/td>\n<td class=\"tg-d93i\">0.25<\/td>\n<td class=\"tg-7fn2\">1.25\u00b10.05<\/td>\n<td class=\"tg-d93i\">0.5<\/td>\n<td class=\"tg-7fn2\">4.50\u00b10.20<\/td>\n<td class=\"tg-0lax\"><\/td>\n<\/tr>\n<tr>\n<td class=\"tg-7fn2\">4\u00d70.50<\/td>\n<td class=\"tg-d93i\">0.25<\/td>\n<td class=\"tg-7fn2\">1.40\u00b10.05<\/td>\n<td class=\"tg-d93i\">0.5<\/td>\n<td class=\"tg-7fn2\">4.80\u00b10.20<\/td>\n<td class=\"tg-0lax\"><\/td>\n<\/tr>\n<tr>\n<td class=\"tg-7fn2\" rowspan=\"2\">6\u00d70.20<\/td>\n<td class=\"tg-d93i\">0.25<\/td>\n<td class=\"tg-7fn2\">1.10\u00b10.05<\/td>\n<td class=\"tg-d93i\">0.5<\/td>\n<td class=\"tg-7fn2\">4.80\u00b10.10<\/td>\n<td class=\"tg-0lax\"><\/td>\n<\/tr>\n<tr>\n<td class=\"tg-d93i\">0.25<\/td>\n<td class=\"tg-7fn2\">1.25\u00b10.05<\/td>\n<td class=\"tg-d93i\">0.5<\/td>\n<td class=\"tg-7fn2\">5.30\u00b10.2<\/td>\n<td class=\"tg-0lax\"><\/td>\n<\/tr>\n<tr>\n<td class=\"tg-7fn2\">6\u00d70.50<\/td>\n<td class=\"tg-d93i\">0.25<\/td>\n<td class=\"tg-7fn2\">1.40\u00b10.05<\/td>\n<td class=\"tg-d93i\">0.8<\/td>\n<td class=\"tg-7fn2\">6.20\u00b10.20<\/td>\n<td class=\"tg-0lax\"><\/td>\n<\/tr>\n<\/tbody>\n<\/table>\n","protected":false},"excerpt":{"rendered":"<p>Kabel f\u00fcr \u00d6ltransportger\u00e4te sind best\u00e4ndig gegen Verschlei\u00df, Biegung, Verformung und \u00d6l und spielen eine entscheidende Rolle beim sicheren und effizienten Transport von \u00d6l von Produktionsstandorten zu Lagereinrichtungen oder Vertriebsnetzen.<\/p>\n","protected":false},"featured_media":12954,"template":"","meta":{"_eb_attr":"","site-sidebar-layout":"default","site-content-layout":"","ast-site-content-layout":"default","site-content-style":"default","site-sidebar-style":"default","ast-global-header-display":"","ast-banner-title-visibility":"","ast-main-header-display":"","ast-hfb-above-header-display":"","ast-hfb-below-header-display":"","ast-hfb-mobile-header-display":"","site-post-title":"","ast-breadcrumbs-content":"","ast-featured-img":"","footer-sml-layout":"","theme-transparent-header-meta":"default","adv-header-id-meta":"","stick-header-meta":"","header-above-stick-meta":"","header-main-stick-meta":"","header-below-stick-meta":"","astra-migrate-meta-layouts":"default","ast-page-background-enabled":"default","ast-page-background-meta":{"desktop":{"background-color":"","background-image":"","background-repeat":"repeat","background-position":"center center","background-size":"auto","background-attachment":"scroll","background-type":"","background-media":"","overlay-type":"","overlay-color":"","overlay-opacity":"","overlay-gradient":""},"tablet":{"background-color":"","background-image":"","background-repeat":"repeat","background-position":"center center","background-size":"auto","background-attachment":"scroll","background-type":"","background-media":"","overlay-type":"","overlay-color":"","overlay-opacity":"","overlay-gradient":""},"mobile":{"background-color":"","background-image":"","background-repeat":"repeat","background-position":"center center","background-size":"auto","background-attachment":"scroll","background-type":"","background-media":"","overlay-type":"","overlay-color":"","overlay-opacity":"","overlay-gradient":""}},"ast-content-background-meta":{"desktop":{"background-color":"var(--ast-global-color-5)","background-image":"","background-repeat":"repeat","background-position":"center center","background-size":"auto","background-attachment":"scroll","background-type":"","background-media":"","overlay-type":"","overlay-color":"","overlay-opacity":"","overlay-gradient":""},"tablet":{"background-color":"var(--ast-global-color-5)","background-image":"","background-repeat":"repeat","background-position":"center center","background-size":"auto","background-attachment":"scroll","background-type":"","background-media":"","overlay-type":"","overlay-color":"","overlay-opacity":"","overlay-gradient":""},"mobile":{"background-color":"var(--ast-global-color-5)","background-image":"","background-repeat":"repeat","background-position":"center center","background-size":"auto","background-attachment":"scroll","background-type":"","background-media":"","overlay-type":"","overlay-color":"","overlay-opacity":"","overlay-gradient":""}}},"product_brand":[],"product_cat":[702],"product_tag":[1551,1552,1550],"class_list":{"0":"post-19886","1":"product","2":"type-product","3":"status-publish","4":"has-post-thumbnail","6":"product_cat-oil-gas-de","7":"product_tag-sensorkabel","8":"product_tag-temperaturkabel","9":"product_tag-temperatursensorkabel","10":"desktop-align-center","11":"tablet-align-left","12":"mobile-align-left","14":"first","15":"instock","16":"shipping-taxable","17":"product-type-simple"},"yoast_head":"<!-- This site is optimized with the Yoast SEO plugin v27.5 - https:\/\/yoast.com\/product\/yoast-seo-wordpress\/ -->\n<title>Kabel f\u00fcr \u00d6ltransportausr\u00fcstung<\/title>\n<meta name=\"description\" content=\"Kabel f\u00fcr \u00d6ltransportger\u00e4te sind best\u00e4ndig gegen Verschlei\u00df, Biegung, Verformung und \u00d6l und spielen eine entscheidende Rolle beim sicheren und effizienten Transport von \u00d6l von Produktionsstandorten zu Lagereinrichtungen oder Vertriebsnetzen.\" \/>\n<meta name=\"robots\" content=\"index, follow, max-snippet:-1, max-image-preview:large, max-video-preview:-1\" \/>\n<link rel=\"canonical\" href=\"https:\/\/www.tstcables.com\/de\/produkt\/kabel-fuer-oeltransportausruestung\/\" \/>\n<meta property=\"og:locale\" content=\"de_DE\" \/>\n<meta property=\"og:type\" content=\"article\" \/>\n<meta property=\"og:title\" content=\"Kabel f\u00fcr \u00d6ltransportausr\u00fcstung\" \/>\n<meta property=\"og:description\" content=\"Kabel f\u00fcr \u00d6ltransportger\u00e4te sind best\u00e4ndig gegen Verschlei\u00df, Biegung, Verformung und \u00d6l und spielen eine entscheidende Rolle beim sicheren und effizienten Transport von \u00d6l von Produktionsstandorten zu Lagereinrichtungen oder Vertriebsnetzen.\" \/>\n<meta property=\"og:url\" content=\"https:\/\/www.tstcables.com\/de\/produkt\/kabel-fuer-oeltransportausruestung\/\" \/>\n<meta property=\"og:site_name\" content=\"TST CABLES supplier &amp; Manufacture\" \/>\n<meta property=\"og:image\" content=\"https:\/\/www.tstcables.com\/wp-content\/uploads\/2024\/03\/1-18.jpg\" \/>\n\t<meta property=\"og:image:width\" content=\"640\" \/>\n\t<meta property=\"og:image:height\" content=\"640\" \/>\n\t<meta property=\"og:image:type\" content=\"image\/jpeg\" \/>\n<meta name=\"twitter:card\" content=\"summary_large_image\" \/>\n<script type=\"application\/ld+json\" class=\"yoast-schema-graph\">{\"@context\":\"https:\\\/\\\/schema.org\",\"@graph\":[{\"@type\":\"WebPage\",\"@id\":\"https:\\\/\\\/www.tstcables.com\\\/de\\\/produkt\\\/kabel-fuer-oeltransportausruestung\\\/\",\"url\":\"https:\\\/\\\/www.tstcables.com\\\/de\\\/produkt\\\/kabel-fuer-oeltransportausruestung\\\/\",\"name\":\"Kabel f\u00fcr \u00d6ltransportausr\u00fcstung\",\"isPartOf\":{\"@id\":\"https:\\\/\\\/www.tstcables.com\\\/de\\\/#website\"},\"primaryImageOfPage\":{\"@id\":\"https:\\\/\\\/www.tstcables.com\\\/de\\\/produkt\\\/kabel-fuer-oeltransportausruestung\\\/#primaryimage\"},\"image\":{\"@id\":\"https:\\\/\\\/www.tstcables.com\\\/de\\\/produkt\\\/kabel-fuer-oeltransportausruestung\\\/#primaryimage\"},\"thumbnailUrl\":\"https:\\\/\\\/www.tstcables.com\\\/wp-content\\\/uploads\\\/2024\\\/03\\\/1-18.jpg\",\"datePublished\":\"2024-04-12T06:57:35+00:00\",\"description\":\"Kabel f\u00fcr \u00d6ltransportger\u00e4te sind best\u00e4ndig gegen Verschlei\u00df, Biegung, Verformung und \u00d6l und spielen eine entscheidende Rolle beim sicheren und effizienten Transport von \u00d6l von Produktionsstandorten zu Lagereinrichtungen oder Vertriebsnetzen.\",\"breadcrumb\":{\"@id\":\"https:\\\/\\\/www.tstcables.com\\\/de\\\/produkt\\\/kabel-fuer-oeltransportausruestung\\\/#breadcrumb\"},\"inLanguage\":\"de\",\"potentialAction\":[{\"@type\":\"ReadAction\",\"target\":[\"https:\\\/\\\/www.tstcables.com\\\/de\\\/produkt\\\/kabel-fuer-oeltransportausruestung\\\/\"]}]},{\"@type\":\"ImageObject\",\"inLanguage\":\"de\",\"@id\":\"https:\\\/\\\/www.tstcables.com\\\/de\\\/produkt\\\/kabel-fuer-oeltransportausruestung\\\/#primaryimage\",\"url\":\"https:\\\/\\\/www.tstcables.com\\\/wp-content\\\/uploads\\\/2024\\\/03\\\/1-18.jpg\",\"contentUrl\":\"https:\\\/\\\/www.tstcables.com\\\/wp-content\\\/uploads\\\/2024\\\/03\\\/1-18.jpg\",\"width\":640,\"height\":640,\"caption\":\"temperature sensor cable\"},{\"@type\":\"BreadcrumbList\",\"@id\":\"https:\\\/\\\/www.tstcables.com\\\/de\\\/produkt\\\/kabel-fuer-oeltransportausruestung\\\/#breadcrumb\",\"itemListElement\":[{\"@type\":\"ListItem\",\"position\":1,\"name\":\"\u9996\u9875\",\"item\":\"https:\\\/\\\/www.tstcables.com\\\/de\\\/\"},{\"@type\":\"ListItem\",\"position\":2,\"name\":\"Product\",\"item\":\"https:\\\/\\\/www.tstcables.com\\\/product\\\/\"},{\"@type\":\"ListItem\",\"position\":3,\"name\":\"Kabel f\u00fcr \u00d6ltransportausr\u00fcstung\"}]},{\"@type\":\"WebSite\",\"@id\":\"https:\\\/\\\/www.tstcables.com\\\/de\\\/#website\",\"url\":\"https:\\\/\\\/www.tstcables.com\\\/de\\\/\",\"name\":\"TST Cable supplier & Manufacture\",\"description\":\"TST CABLES  supplier &amp; Manufacture official website\",\"publisher\":{\"@id\":\"https:\\\/\\\/www.tstcables.com\\\/de\\\/#organization\"},\"potentialAction\":[{\"@type\":\"SearchAction\",\"target\":{\"@type\":\"EntryPoint\",\"urlTemplate\":\"https:\\\/\\\/www.tstcables.com\\\/de\\\/?s={search_term_string}\"},\"query-input\":{\"@type\":\"PropertyValueSpecification\",\"valueRequired\":true,\"valueName\":\"search_term_string\"}}],\"inLanguage\":\"de\"},{\"@type\":\"Organization\",\"@id\":\"https:\\\/\\\/www.tstcables.com\\\/de\\\/#organization\",\"name\":\"TST Cable supplier & Manufacture\",\"url\":\"https:\\\/\\\/www.tstcables.com\\\/de\\\/\",\"logo\":{\"@type\":\"ImageObject\",\"inLanguage\":\"de\",\"@id\":\"https:\\\/\\\/www.tstcables.com\\\/de\\\/#\\\/schema\\\/logo\\\/image\\\/\",\"url\":\"https:\\\/\\\/www.tstcables.com\\\/wp-content\\\/uploads\\\/2024\\\/04\\\/cropped-\u753b\u677f-1-\u62f7\u8d1d-4-1.png\",\"contentUrl\":\"https:\\\/\\\/www.tstcables.com\\\/wp-content\\\/uploads\\\/2024\\\/04\\\/cropped-\u753b\u677f-1-\u62f7\u8d1d-4-1.png\",\"width\":300,\"height\":100,\"caption\":\"TST Cable supplier & Manufacture\"},\"image\":{\"@id\":\"https:\\\/\\\/www.tstcables.com\\\/de\\\/#\\\/schema\\\/logo\\\/image\\\/\"}}]}<\/script>\n<!-- \/ Yoast SEO plugin. -->","yoast_head_json":{"title":"Kabel f\u00fcr \u00d6ltransportausr\u00fcstung","description":"Kabel f\u00fcr \u00d6ltransportger\u00e4te sind best\u00e4ndig gegen Verschlei\u00df, Biegung, Verformung und \u00d6l und spielen eine entscheidende Rolle beim sicheren und effizienten Transport von \u00d6l von Produktionsstandorten zu Lagereinrichtungen oder Vertriebsnetzen.","robots":{"index":"index","follow":"follow","max-snippet":"max-snippet:-1","max-image-preview":"max-image-preview:large","max-video-preview":"max-video-preview:-1"},"canonical":"https:\/\/www.tstcables.com\/de\/produkt\/kabel-fuer-oeltransportausruestung\/","og_locale":"de_DE","og_type":"article","og_title":"Kabel f\u00fcr \u00d6ltransportausr\u00fcstung","og_description":"Kabel f\u00fcr \u00d6ltransportger\u00e4te sind best\u00e4ndig gegen Verschlei\u00df, Biegung, Verformung und \u00d6l und spielen eine entscheidende Rolle beim sicheren und effizienten Transport von \u00d6l von Produktionsstandorten zu Lagereinrichtungen oder Vertriebsnetzen.","og_url":"https:\/\/www.tstcables.com\/de\/produkt\/kabel-fuer-oeltransportausruestung\/","og_site_name":"TST CABLES supplier &amp; Manufacture","og_image":[{"width":640,"height":640,"url":"https:\/\/www.tstcables.com\/wp-content\/uploads\/2024\/03\/1-18.jpg","type":"image\/jpeg"}],"twitter_card":"summary_large_image","schema":{"@context":"https:\/\/schema.org","@graph":[{"@type":"WebPage","@id":"https:\/\/www.tstcables.com\/de\/produkt\/kabel-fuer-oeltransportausruestung\/","url":"https:\/\/www.tstcables.com\/de\/produkt\/kabel-fuer-oeltransportausruestung\/","name":"Kabel f\u00fcr \u00d6ltransportausr\u00fcstung","isPartOf":{"@id":"https:\/\/www.tstcables.com\/de\/#website"},"primaryImageOfPage":{"@id":"https:\/\/www.tstcables.com\/de\/produkt\/kabel-fuer-oeltransportausruestung\/#primaryimage"},"image":{"@id":"https:\/\/www.tstcables.com\/de\/produkt\/kabel-fuer-oeltransportausruestung\/#primaryimage"},"thumbnailUrl":"https:\/\/www.tstcables.com\/wp-content\/uploads\/2024\/03\/1-18.jpg","datePublished":"2024-04-12T06:57:35+00:00","description":"Kabel f\u00fcr \u00d6ltransportger\u00e4te sind best\u00e4ndig gegen Verschlei\u00df, Biegung, Verformung und \u00d6l und spielen eine entscheidende Rolle beim sicheren und effizienten Transport von \u00d6l von Produktionsstandorten zu Lagereinrichtungen oder Vertriebsnetzen.","breadcrumb":{"@id":"https:\/\/www.tstcables.com\/de\/produkt\/kabel-fuer-oeltransportausruestung\/#breadcrumb"},"inLanguage":"de","potentialAction":[{"@type":"ReadAction","target":["https:\/\/www.tstcables.com\/de\/produkt\/kabel-fuer-oeltransportausruestung\/"]}]},{"@type":"ImageObject","inLanguage":"de","@id":"https:\/\/www.tstcables.com\/de\/produkt\/kabel-fuer-oeltransportausruestung\/#primaryimage","url":"https:\/\/www.tstcables.com\/wp-content\/uploads\/2024\/03\/1-18.jpg","contentUrl":"https:\/\/www.tstcables.com\/wp-content\/uploads\/2024\/03\/1-18.jpg","width":640,"height":640,"caption":"temperature sensor cable"},{"@type":"BreadcrumbList","@id":"https:\/\/www.tstcables.com\/de\/produkt\/kabel-fuer-oeltransportausruestung\/#breadcrumb","itemListElement":[{"@type":"ListItem","position":1,"name":"\u9996\u9875","item":"https:\/\/www.tstcables.com\/de\/"},{"@type":"ListItem","position":2,"name":"Product","item":"https:\/\/www.tstcables.com\/product\/"},{"@type":"ListItem","position":3,"name":"Kabel f\u00fcr \u00d6ltransportausr\u00fcstung"}]},{"@type":"WebSite","@id":"https:\/\/www.tstcables.com\/de\/#website","url":"https:\/\/www.tstcables.com\/de\/","name":"TST Cable supplier & Manufacture","description":"TST CABLES  supplier &amp; Manufacture official website","publisher":{"@id":"https:\/\/www.tstcables.com\/de\/#organization"},"potentialAction":[{"@type":"SearchAction","target":{"@type":"EntryPoint","urlTemplate":"https:\/\/www.tstcables.com\/de\/?s={search_term_string}"},"query-input":{"@type":"PropertyValueSpecification","valueRequired":true,"valueName":"search_term_string"}}],"inLanguage":"de"},{"@type":"Organization","@id":"https:\/\/www.tstcables.com\/de\/#organization","name":"TST Cable supplier & Manufacture","url":"https:\/\/www.tstcables.com\/de\/","logo":{"@type":"ImageObject","inLanguage":"de","@id":"https:\/\/www.tstcables.com\/de\/#\/schema\/logo\/image\/","url":"https:\/\/www.tstcables.com\/wp-content\/uploads\/2024\/04\/cropped-\u753b\u677f-1-\u62f7\u8d1d-4-1.png","contentUrl":"https:\/\/www.tstcables.com\/wp-content\/uploads\/2024\/04\/cropped-\u753b\u677f-1-\u62f7\u8d1d-4-1.png","width":300,"height":100,"caption":"TST Cable supplier & Manufacture"},"image":{"@id":"https:\/\/www.tstcables.com\/de\/#\/schema\/logo\/image\/"}}]}},"_links":{"self":[{"href":"https:\/\/www.tstcables.com\/de\/wp-json\/wp\/v2\/product\/19886","targetHints":{"allow":["GET"]}}],"collection":[{"href":"https:\/\/www.tstcables.com\/de\/wp-json\/wp\/v2\/product"}],"about":[{"href":"https:\/\/www.tstcables.com\/de\/wp-json\/wp\/v2\/types\/product"}],"version-history":[{"count":0,"href":"https:\/\/www.tstcables.com\/de\/wp-json\/wp\/v2\/product\/19886\/revisions"}],"wp:featuredmedia":[{"embeddable":true,"href":"https:\/\/www.tstcables.com\/de\/wp-json\/wp\/v2\/media\/12954"}],"wp:attachment":[{"href":"https:\/\/www.tstcables.com\/de\/wp-json\/wp\/v2\/media?parent=19886"}],"wp:term":[{"taxonomy":"product_brand","embeddable":true,"href":"https:\/\/www.tstcables.com\/de\/wp-json\/wp\/v2\/product_brand?post=19886"},{"taxonomy":"product_cat","embeddable":true,"href":"https:\/\/www.tstcables.com\/de\/wp-json\/wp\/v2\/product_cat?post=19886"},{"taxonomy":"product_tag","embeddable":true,"href":"https:\/\/www.tstcables.com\/de\/wp-json\/wp\/v2\/product_tag?post=19886"}],"curies":[{"name":"wp","href":"https:\/\/api.w.org\/{rel}","templated":true}]}}