{"id":19887,"date":"2024-04-12T15:04:34","date_gmt":"2024-04-12T07:04:34","guid":{"rendered":"https:\/\/www.tstcables.com\/product\/kabel-fuer-die-erdgasexploration-im-bohrloch\/"},"modified":"2024-04-12T15:04:34","modified_gmt":"2024-04-12T07:04:34","slug":"kabel-fuer-die-erdgasexploration-im-bohrloch","status":"publish","type":"product","link":"https:\/\/www.tstcables.com\/de\/produkt\/kabel-fuer-die-erdgasexploration-im-bohrloch\/","title":{"rendered":"Kabel f\u00fcr die Erdgasexploration im Bohrloch"},"content":{"rendered":"<p><strong>Anwendungen<\/strong><\/p>\n<p>Bohrlochausr\u00fcstung f\u00fcr die Erdgasexploration<\/p>\n<p><strong>Produktmerkmale:<\/strong><br \/>\n1. Geringer Verlust.<br \/>\n2. Drei Schichten Isolationsschutz, keine Nadell\u00f6cher;<br \/>\n3. Bei hoher Isolationsspannung k\u00f6nnen Isolierband und Isolationsschichten entfallen und das Volumen reduziert werden;<br \/>\n4. Die Spule l\u00e4sst sich leicht rollen, da die Oberfl\u00e4che einen sehr niedrigen Reibungskoeffizienten aufweist, was die M\u00f6glichkeit eines automatischen Hochgeschwindigkeitswickelns bietet.<br \/>\n5. H\u00f6heres Temperaturniveau und hervorragende Leistung.5. H\u00f6heres Temperaturniveau und hervorragende Leistung.<\/p>\n<p><strong>Technische Parameter<\/strong><\/p>\n<table class=\"tg\">\n<thead>\n<tr>\n<th class=\"tg-949j\" colspan=\"2\">Leitergr\u00f6\u00dfe<\/th>\n<th class=\"tg-grqh\" rowspan=\"2\">Standard-Au\u00dfendurchmesser<\/th>\n<th class=\"tg-grqh\" rowspan=\"2\">Maximaler Au\u00dfendurchmesser<\/th>\n<th class=\"tg-d93i\" rowspan=\"2\">Max. Leiterwiderstand (\u03a9\/km)<\/th>\n<\/tr>\n<tr>\n<th class=\"tg-949j\">AWG<\/th>\n<th class=\"tg-grqh\">Au\u00dfendurchmesser (mm)<\/th>\n<\/tr>\n<\/thead>\n<tbody>\n<tr>\n<td class=\"tg-grqh\">32<\/td>\n<td class=\"tg-grqh\">0.2<\/td>\n<td class=\"tg-grqh\">0.52<\/td>\n<td class=\"tg-grqh\">0.56<\/td>\n<td class=\"tg-d93i\">614<\/td>\n<\/tr>\n<tr>\n<td class=\"tg-grqh\">30<\/td>\n<td class=\"tg-grqh\">0.26<\/td>\n<td class=\"tg-grqh\">0.55<\/td>\n<td class=\"tg-grqh\">0.59<\/td>\n<td class=\"tg-d93i\">359<\/td>\n<\/tr>\n<tr>\n<td class=\"tg-grqh\">28<\/td>\n<td class=\"tg-grqh\">0.32<\/td>\n<td class=\"tg-grqh\">0.59<\/td>\n<td class=\"tg-grqh\">0.63<\/td>\n<td class=\"tg-d93i\">237<\/td>\n<\/tr>\n<tr>\n<td class=\"tg-grqh\">26<\/td>\n<td class=\"tg-grqh\">0.4<\/td>\n<td class=\"tg-grqh\">0.64<\/td>\n<td class=\"tg-grqh\">0.68<\/td>\n<td class=\"tg-d93i\">152<\/td>\n<\/tr>\n<tr>\n<td class=\"tg-grqh\">25<\/td>\n<td class=\"tg-grqh\">0.5<\/td>\n<td class=\"tg-grqh\">0.72<\/td>\n<td class=\"tg-grqh\">0.76<\/td>\n<td class=\"tg-d93i\">95.1<\/td>\n<\/tr>\n<tr>\n<td class=\"tg-grqh\">23<\/td>\n<td class=\"tg-grqh\">0.6<\/td>\n<td class=\"tg-grqh\">0.82<\/td>\n<td class=\"tg-grqh\">0.86<\/td>\n<td class=\"tg-d93i\">66.1<\/td>\n<\/tr>\n<tr>\n<td class=\"tg-d93i\">22<\/td>\n<td class=\"tg-d93i\">0.64<\/td>\n<td class=\"tg-d93i\">0.85<\/td>\n<td class=\"tg-d93i\">0.89<\/td>\n<td class=\"tg-d93i\">56.3<\/td>\n<\/tr>\n<tr>\n<td class=\"tg-d93i\">22<\/td>\n<td class=\"tg-d93i\">0.7<\/td>\n<td class=\"tg-d93i\">0.92<\/td>\n<td class=\"tg-d93i\">0.96<\/td>\n<td class=\"tg-d93i\">48.5<\/td>\n<\/tr>\n<tr>\n<td class=\"tg-d93i\">21<\/td>\n<td class=\"tg-d93i\">0.8<\/td>\n<td class=\"tg-d93i\">1<\/td>\n<td class=\"tg-d93i\">1.04<\/td>\n<td class=\"tg-d93i\">37.2<\/td>\n<\/tr>\n<tr>\n<td class=\"tg-d93i\" rowspan=\"2\">19<\/td>\n<td class=\"tg-d93i\">1<\/td>\n<td class=\"tg-d93i\">1.19<\/td>\n<td class=\"tg-d93i\">1.23<\/td>\n<td class=\"tg-d93i\">23.8<\/td>\n<\/tr>\n<tr>\n<td class=\"tg-d93i\">1.2<\/td>\n<td class=\"tg-d93i\">1.43<\/td>\n<td class=\"tg-d93i\">1.47<\/td>\n<td class=\"tg-d93i\">16.5<\/td>\n<\/tr>\n<\/tbody>\n<\/table>\n","protected":false},"excerpt":{"rendered":"<p>Kabel f\u00fcr Erdgasexplorations-Untertageger\u00e4te weisen geringe Verluste und eine hohe Isolationsspannung auf und sind Schl\u00fcsselkomponenten bei der Gewinnung von Erdgas aus unterirdischen Lagerst\u00e4tten. Diese Kabel sind rauen Umgebungen ausgesetzt, darunter hohen Temperaturen, hohem Druck und korrosiven Bedingungen.<\/p>\n","protected":false},"featured_media":12362,"template":"","meta":{"_eb_attr":"","site-sidebar-layout":"default","site-content-layout":"","ast-site-content-layout":"default","site-content-style":"default","site-sidebar-style":"default","ast-global-header-display":"","ast-banner-title-visibility":"","ast-main-header-display":"","ast-hfb-above-header-display":"","ast-hfb-below-header-display":"","ast-hfb-mobile-header-display":"","site-post-title":"","ast-breadcrumbs-content":"","ast-featured-img":"","footer-sml-layout":"","theme-transparent-header-meta":"default","adv-header-id-meta":"","stick-header-meta":"","header-above-stick-meta":"","header-main-stick-meta":"","header-below-stick-meta":"","astra-migrate-meta-layouts":"default","ast-page-background-enabled":"default","ast-page-background-meta":{"desktop":{"background-color":"","background-image":"","background-repeat":"repeat","background-position":"center center","background-size":"auto","background-attachment":"scroll","background-type":"","background-media":"","overlay-type":"","overlay-color":"","overlay-opacity":"","overlay-gradient":""},"tablet":{"background-color":"","background-image":"","background-repeat":"repeat","background-position":"center center","background-size":"auto","background-attachment":"scroll","background-type":"","background-media":"","overlay-type":"","overlay-color":"","overlay-opacity":"","overlay-gradient":""},"mobile":{"background-color":"","background-image":"","background-repeat":"repeat","background-position":"center center","background-size":"auto","background-attachment":"scroll","background-type":"","background-media":"","overlay-type":"","overlay-color":"","overlay-opacity":"","overlay-gradient":""}},"ast-content-background-meta":{"desktop":{"background-color":"var(--ast-global-color-5)","background-image":"","background-repeat":"repeat","background-position":"center center","background-size":"auto","background-attachment":"scroll","background-type":"","background-media":"","overlay-type":"","overlay-color":"","overlay-opacity":"","overlay-gradient":""},"tablet":{"background-color":"var(--ast-global-color-5)","background-image":"","background-repeat":"repeat","background-position":"center center","background-size":"auto","background-attachment":"scroll","background-type":"","background-media":"","overlay-type":"","overlay-color":"","overlay-opacity":"","overlay-gradient":""},"mobile":{"background-color":"var(--ast-global-color-5)","background-image":"","background-repeat":"repeat","background-position":"center center","background-size":"auto","background-attachment":"scroll","background-type":"","background-media":"","overlay-type":"","overlay-color":"","overlay-opacity":"","overlay-gradient":""}}},"product_brand":[],"product_cat":[702],"product_tag":[1521,1553,1554],"class_list":{"0":"post-19887","1":"product","2":"type-product","3":"status-publish","4":"has-post-thumbnail","6":"product_cat-oil-gas-de","7":"product_tag-hochtemperaturbestandiger-hochfrequenzdraht-tewp","8":"product_tag-tewp-32awg-17awg-200-de","9":"product_tag-tewp-hochfrequenzkabel","10":"desktop-align-center","11":"tablet-align-left","12":"mobile-align-left","14":"first","15":"instock","16":"shipping-taxable","17":"product-type-simple"},"yoast_head":"<!-- This site is optimized with the Yoast SEO plugin v27.5 - https:\/\/yoast.com\/product\/yoast-seo-wordpress\/ -->\n<title>Kabel f\u00fcr die Erdgasexploration im Bohrloch<\/title>\n<meta name=\"description\" content=\"Kabel f\u00fcr Erdgasexplorations-Untertageger\u00e4te weisen geringe Verluste und eine hohe Isolationsspannung auf und sind Schl\u00fcsselkomponenten bei der Gewinnung von Erdgas aus unterirdischen Lagerst\u00e4tten.\" \/>\n<meta name=\"robots\" content=\"index, follow, max-snippet:-1, max-image-preview:large, max-video-preview:-1\" \/>\n<link rel=\"canonical\" href=\"https:\/\/www.tstcables.com\/de\/produkt\/kabel-fuer-die-erdgasexploration-im-bohrloch\/\" \/>\n<meta property=\"og:locale\" content=\"de_DE\" \/>\n<meta property=\"og:type\" content=\"article\" \/>\n<meta property=\"og:title\" content=\"Kabel f\u00fcr die Erdgasexploration im Bohrloch\" \/>\n<meta property=\"og:description\" content=\"Kabel f\u00fcr Erdgasexplorations-Untertageger\u00e4te weisen geringe Verluste und eine hohe Isolationsspannung auf und sind Schl\u00fcsselkomponenten bei der Gewinnung von Erdgas aus unterirdischen Lagerst\u00e4tten.\" \/>\n<meta property=\"og:url\" content=\"https:\/\/www.tstcables.com\/de\/produkt\/kabel-fuer-die-erdgasexploration-im-bohrloch\/\" \/>\n<meta property=\"og:site_name\" content=\"TST CABLES supplier &amp; Manufacture\" \/>\n<meta property=\"og:image\" content=\"https:\/\/www.tstcables.com\/wp-content\/uploads\/2024\/03\/2-7.jpg\" \/>\n\t<meta property=\"og:image:width\" content=\"640\" \/>\n\t<meta property=\"og:image:height\" content=\"640\" \/>\n\t<meta property=\"og:image:type\" content=\"image\/jpeg\" \/>\n<meta name=\"twitter:card\" content=\"summary_large_image\" \/>\n<script type=\"application\/ld+json\" class=\"yoast-schema-graph\">{\"@context\":\"https:\\\/\\\/schema.org\",\"@graph\":[{\"@type\":\"WebPage\",\"@id\":\"https:\\\/\\\/www.tstcables.com\\\/de\\\/produkt\\\/kabel-fuer-die-erdgasexploration-im-bohrloch\\\/\",\"url\":\"https:\\\/\\\/www.tstcables.com\\\/de\\\/produkt\\\/kabel-fuer-die-erdgasexploration-im-bohrloch\\\/\",\"name\":\"Kabel f\u00fcr die Erdgasexploration im Bohrloch\",\"isPartOf\":{\"@id\":\"https:\\\/\\\/www.tstcables.com\\\/de\\\/#website\"},\"primaryImageOfPage\":{\"@id\":\"https:\\\/\\\/www.tstcables.com\\\/de\\\/produkt\\\/kabel-fuer-die-erdgasexploration-im-bohrloch\\\/#primaryimage\"},\"image\":{\"@id\":\"https:\\\/\\\/www.tstcables.com\\\/de\\\/produkt\\\/kabel-fuer-die-erdgasexploration-im-bohrloch\\\/#primaryimage\"},\"thumbnailUrl\":\"https:\\\/\\\/www.tstcables.com\\\/wp-content\\\/uploads\\\/2024\\\/03\\\/2-7.jpg\",\"datePublished\":\"2024-04-12T07:04:34+00:00\",\"description\":\"Kabel f\u00fcr Erdgasexplorations-Untertageger\u00e4te weisen geringe Verluste und eine hohe Isolationsspannung auf und sind Schl\u00fcsselkomponenten bei der Gewinnung von Erdgas aus unterirdischen Lagerst\u00e4tten.\",\"breadcrumb\":{\"@id\":\"https:\\\/\\\/www.tstcables.com\\\/de\\\/produkt\\\/kabel-fuer-die-erdgasexploration-im-bohrloch\\\/#breadcrumb\"},\"inLanguage\":\"de\",\"potentialAction\":[{\"@type\":\"ReadAction\",\"target\":[\"https:\\\/\\\/www.tstcables.com\\\/de\\\/produkt\\\/kabel-fuer-die-erdgasexploration-im-bohrloch\\\/\"]}]},{\"@type\":\"ImageObject\",\"inLanguage\":\"de\",\"@id\":\"https:\\\/\\\/www.tstcables.com\\\/de\\\/produkt\\\/kabel-fuer-die-erdgasexploration-im-bohrloch\\\/#primaryimage\",\"url\":\"https:\\\/\\\/www.tstcables.com\\\/wp-content\\\/uploads\\\/2024\\\/03\\\/2-7.jpg\",\"contentUrl\":\"https:\\\/\\\/www.tstcables.com\\\/wp-content\\\/uploads\\\/2024\\\/03\\\/2-7.jpg\",\"width\":640,\"height\":640,\"caption\":\"TEWP high temperature resistant\"},{\"@type\":\"BreadcrumbList\",\"@id\":\"https:\\\/\\\/www.tstcables.com\\\/de\\\/produkt\\\/kabel-fuer-die-erdgasexploration-im-bohrloch\\\/#breadcrumb\",\"itemListElement\":[{\"@type\":\"ListItem\",\"position\":1,\"name\":\"\u9996\u9875\",\"item\":\"https:\\\/\\\/www.tstcables.com\\\/de\\\/\"},{\"@type\":\"ListItem\",\"position\":2,\"name\":\"Product\",\"item\":\"https:\\\/\\\/www.tstcables.com\\\/product\\\/\"},{\"@type\":\"ListItem\",\"position\":3,\"name\":\"Kabel f\u00fcr die Erdgasexploration im Bohrloch\"}]},{\"@type\":\"WebSite\",\"@id\":\"https:\\\/\\\/www.tstcables.com\\\/de\\\/#website\",\"url\":\"https:\\\/\\\/www.tstcables.com\\\/de\\\/\",\"name\":\"TST Cable supplier & Manufacture\",\"description\":\"TST CABLES  supplier &amp; Manufacture official website\",\"publisher\":{\"@id\":\"https:\\\/\\\/www.tstcables.com\\\/de\\\/#organization\"},\"potentialAction\":[{\"@type\":\"SearchAction\",\"target\":{\"@type\":\"EntryPoint\",\"urlTemplate\":\"https:\\\/\\\/www.tstcables.com\\\/de\\\/?s={search_term_string}\"},\"query-input\":{\"@type\":\"PropertyValueSpecification\",\"valueRequired\":true,\"valueName\":\"search_term_string\"}}],\"inLanguage\":\"de\"},{\"@type\":\"Organization\",\"@id\":\"https:\\\/\\\/www.tstcables.com\\\/de\\\/#organization\",\"name\":\"TST Cable supplier & Manufacture\",\"url\":\"https:\\\/\\\/www.tstcables.com\\\/de\\\/\",\"logo\":{\"@type\":\"ImageObject\",\"inLanguage\":\"de\",\"@id\":\"https:\\\/\\\/www.tstcables.com\\\/de\\\/#\\\/schema\\\/logo\\\/image\\\/\",\"url\":\"https:\\\/\\\/www.tstcables.com\\\/wp-content\\\/uploads\\\/2024\\\/04\\\/cropped-\u753b\u677f-1-\u62f7\u8d1d-4-1.png\",\"contentUrl\":\"https:\\\/\\\/www.tstcables.com\\\/wp-content\\\/uploads\\\/2024\\\/04\\\/cropped-\u753b\u677f-1-\u62f7\u8d1d-4-1.png\",\"width\":300,\"height\":100,\"caption\":\"TST Cable supplier & Manufacture\"},\"image\":{\"@id\":\"https:\\\/\\\/www.tstcables.com\\\/de\\\/#\\\/schema\\\/logo\\\/image\\\/\"}}]}<\/script>\n<!-- \/ Yoast SEO plugin. -->","yoast_head_json":{"title":"Kabel f\u00fcr die Erdgasexploration im Bohrloch","description":"Kabel f\u00fcr Erdgasexplorations-Untertageger\u00e4te weisen geringe Verluste und eine hohe Isolationsspannung auf und sind Schl\u00fcsselkomponenten bei der Gewinnung von Erdgas aus unterirdischen Lagerst\u00e4tten.","robots":{"index":"index","follow":"follow","max-snippet":"max-snippet:-1","max-image-preview":"max-image-preview:large","max-video-preview":"max-video-preview:-1"},"canonical":"https:\/\/www.tstcables.com\/de\/produkt\/kabel-fuer-die-erdgasexploration-im-bohrloch\/","og_locale":"de_DE","og_type":"article","og_title":"Kabel f\u00fcr die Erdgasexploration im Bohrloch","og_description":"Kabel f\u00fcr Erdgasexplorations-Untertageger\u00e4te weisen geringe Verluste und eine hohe Isolationsspannung auf und sind Schl\u00fcsselkomponenten bei der Gewinnung von Erdgas aus unterirdischen Lagerst\u00e4tten.","og_url":"https:\/\/www.tstcables.com\/de\/produkt\/kabel-fuer-die-erdgasexploration-im-bohrloch\/","og_site_name":"TST CABLES supplier &amp; Manufacture","og_image":[{"width":640,"height":640,"url":"https:\/\/www.tstcables.com\/wp-content\/uploads\/2024\/03\/2-7.jpg","type":"image\/jpeg"}],"twitter_card":"summary_large_image","schema":{"@context":"https:\/\/schema.org","@graph":[{"@type":"WebPage","@id":"https:\/\/www.tstcables.com\/de\/produkt\/kabel-fuer-die-erdgasexploration-im-bohrloch\/","url":"https:\/\/www.tstcables.com\/de\/produkt\/kabel-fuer-die-erdgasexploration-im-bohrloch\/","name":"Kabel f\u00fcr die Erdgasexploration im Bohrloch","isPartOf":{"@id":"https:\/\/www.tstcables.com\/de\/#website"},"primaryImageOfPage":{"@id":"https:\/\/www.tstcables.com\/de\/produkt\/kabel-fuer-die-erdgasexploration-im-bohrloch\/#primaryimage"},"image":{"@id":"https:\/\/www.tstcables.com\/de\/produkt\/kabel-fuer-die-erdgasexploration-im-bohrloch\/#primaryimage"},"thumbnailUrl":"https:\/\/www.tstcables.com\/wp-content\/uploads\/2024\/03\/2-7.jpg","datePublished":"2024-04-12T07:04:34+00:00","description":"Kabel f\u00fcr Erdgasexplorations-Untertageger\u00e4te weisen geringe Verluste und eine hohe Isolationsspannung auf und sind Schl\u00fcsselkomponenten bei der Gewinnung von Erdgas aus unterirdischen Lagerst\u00e4tten.","breadcrumb":{"@id":"https:\/\/www.tstcables.com\/de\/produkt\/kabel-fuer-die-erdgasexploration-im-bohrloch\/#breadcrumb"},"inLanguage":"de","potentialAction":[{"@type":"ReadAction","target":["https:\/\/www.tstcables.com\/de\/produkt\/kabel-fuer-die-erdgasexploration-im-bohrloch\/"]}]},{"@type":"ImageObject","inLanguage":"de","@id":"https:\/\/www.tstcables.com\/de\/produkt\/kabel-fuer-die-erdgasexploration-im-bohrloch\/#primaryimage","url":"https:\/\/www.tstcables.com\/wp-content\/uploads\/2024\/03\/2-7.jpg","contentUrl":"https:\/\/www.tstcables.com\/wp-content\/uploads\/2024\/03\/2-7.jpg","width":640,"height":640,"caption":"TEWP high temperature resistant"},{"@type":"BreadcrumbList","@id":"https:\/\/www.tstcables.com\/de\/produkt\/kabel-fuer-die-erdgasexploration-im-bohrloch\/#breadcrumb","itemListElement":[{"@type":"ListItem","position":1,"name":"\u9996\u9875","item":"https:\/\/www.tstcables.com\/de\/"},{"@type":"ListItem","position":2,"name":"Product","item":"https:\/\/www.tstcables.com\/product\/"},{"@type":"ListItem","position":3,"name":"Kabel f\u00fcr die Erdgasexploration im Bohrloch"}]},{"@type":"WebSite","@id":"https:\/\/www.tstcables.com\/de\/#website","url":"https:\/\/www.tstcables.com\/de\/","name":"TST Cable supplier & Manufacture","description":"TST CABLES  supplier &amp; Manufacture official website","publisher":{"@id":"https:\/\/www.tstcables.com\/de\/#organization"},"potentialAction":[{"@type":"SearchAction","target":{"@type":"EntryPoint","urlTemplate":"https:\/\/www.tstcables.com\/de\/?s={search_term_string}"},"query-input":{"@type":"PropertyValueSpecification","valueRequired":true,"valueName":"search_term_string"}}],"inLanguage":"de"},{"@type":"Organization","@id":"https:\/\/www.tstcables.com\/de\/#organization","name":"TST Cable supplier & Manufacture","url":"https:\/\/www.tstcables.com\/de\/","logo":{"@type":"ImageObject","inLanguage":"de","@id":"https:\/\/www.tstcables.com\/de\/#\/schema\/logo\/image\/","url":"https:\/\/www.tstcables.com\/wp-content\/uploads\/2024\/04\/cropped-\u753b\u677f-1-\u62f7\u8d1d-4-1.png","contentUrl":"https:\/\/www.tstcables.com\/wp-content\/uploads\/2024\/04\/cropped-\u753b\u677f-1-\u62f7\u8d1d-4-1.png","width":300,"height":100,"caption":"TST Cable supplier & Manufacture"},"image":{"@id":"https:\/\/www.tstcables.com\/de\/#\/schema\/logo\/image\/"}}]}},"_links":{"self":[{"href":"https:\/\/www.tstcables.com\/de\/wp-json\/wp\/v2\/product\/19887","targetHints":{"allow":["GET"]}}],"collection":[{"href":"https:\/\/www.tstcables.com\/de\/wp-json\/wp\/v2\/product"}],"about":[{"href":"https:\/\/www.tstcables.com\/de\/wp-json\/wp\/v2\/types\/product"}],"version-history":[{"count":0,"href":"https:\/\/www.tstcables.com\/de\/wp-json\/wp\/v2\/product\/19887\/revisions"}],"wp:featuredmedia":[{"embeddable":true,"href":"https:\/\/www.tstcables.com\/de\/wp-json\/wp\/v2\/media\/12362"}],"wp:attachment":[{"href":"https:\/\/www.tstcables.com\/de\/wp-json\/wp\/v2\/media?parent=19887"}],"wp:term":[{"taxonomy":"product_brand","embeddable":true,"href":"https:\/\/www.tstcables.com\/de\/wp-json\/wp\/v2\/product_brand?post=19887"},{"taxonomy":"product_cat","embeddable":true,"href":"https:\/\/www.tstcables.com\/de\/wp-json\/wp\/v2\/product_cat?post=19887"},{"taxonomy":"product_tag","embeddable":true,"href":"https:\/\/www.tstcables.com\/de\/wp-json\/wp\/v2\/product_tag?post=19887"}],"curies":[{"name":"wp","href":"https:\/\/api.w.org\/{rel}","templated":true}]}}