{"id":19891,"date":"2024-04-12T15:15:13","date_gmt":"2024-04-12T07:15:13","guid":{"rendered":"https:\/\/www.tstcables.com\/product\/kabel-fuer-erdgasuebertragungsgeraete\/"},"modified":"2024-04-12T15:15:13","modified_gmt":"2024-04-12T07:15:13","slug":"kabel-fuer-erdgasuebertragungsgeraete","status":"publish","type":"product","link":"https:\/\/www.tstcables.com\/de\/produkt\/kabel-fuer-erdgasuebertragungsgeraete\/","title":{"rendered":"Kabel f\u00fcr Erdgas\u00fcbertragungsger\u00e4te"},"content":{"rendered":"<p>Anwendung:<\/p>\n<p>Erdgas\u00fcbertragungsausr\u00fcstung<\/p>\n<p>Charakteristisch:<\/p>\n<ul>\n<li>Temperaturbest\u00e4ndigkeit: -60 bis 180 \u00b0C<\/li>\n<li>Isolierschicht\/Verschlei\u00dffestigkeit, nicht verformbar<\/li>\n<li>Verschlei\u00dffestigkeit<\/li>\n<li>Ultratieftemperaturbest\u00e4ndigkeit<\/li>\n<li>Frostschutzmittel und k\u00e4ltebest\u00e4ndig<\/li>\n<li>Hervorragende mechanische Eigenschaften<\/li>\n<li>\u00dcberlegene elektrische Isolationsleistung<\/li>\n<\/ul>\n<p>Industriestandard:<\/p>\n<ul>\n<li>EN45545-2<\/li>\n<\/ul>\n<p>Struktur:<\/p>\n<ul>\n<li>Leiter: Verzinnter Kupferleiter, entweder 5-Klassen- oder 6-Klassen-Struktur.<\/li>\n<li>Abschirmung: Geflecht aus verzinntem Kupfer oder versilbertem Kupfer.<\/li>\n<li>Mantel\/Mantel: Silikonkautschukmaterial.<\/li>\n<\/ul>\n<p>Auswahlparameter<\/p>\n<table class=\"tg\">\n<thead>\n<tr>\n<th class=\"tg-949j\" colspan=\"2\">Anzahl der Adern * Nennquerschnitt\/mm<\/th>\n<th class=\"tg-grqh\" colspan=\"2\">Au\u00dfendurchmesser der Isolierung\/mm<\/th>\n<th class=\"tg-d93i\" rowspan=\"2\">Kabelau\u00dfendurchmesser\/mm<\/th>\n<\/tr>\n<tr>\n<th class=\"tg-949j\">5\u00d70.50<\/th>\n<th class=\"tg-grqh\">0.2<\/th>\n<th class=\"tg-949j\">1.30\u00b10.1<\/th>\n<th class=\"tg-grqh\">1.2<\/th>\n<\/tr>\n<\/thead>\n<tbody>\n<tr>\n<td class=\"tg-949j\">4\u00d70.5<\/td>\n<td class=\"tg-grqh\">0.2<\/td>\n<td class=\"tg-949j\">1.30\u00b10.1<\/td>\n<td class=\"tg-grqh\">1.2<\/td>\n<td class=\"tg-7fn2\">6.0\u00b10.2<\/td>\n<\/tr>\n<tr>\n<td class=\"tg-949j\">5\u00d70.50<\/td>\n<td class=\"tg-grqh\">0.2<\/td>\n<td class=\"tg-949j\">1.30\u00b10.1<\/td>\n<td class=\"tg-grqh\">1.2<\/td>\n<td class=\"tg-7fn2\">6.4\u00b10.2<\/td>\n<\/tr>\n<tr>\n<td class=\"tg-949j\">6\u00d70.5<\/td>\n<td class=\"tg-grqh\">0.2<\/td>\n<td class=\"tg-949j\">1.30\u00b10.1<\/td>\n<td class=\"tg-grqh\">1.2<\/td>\n<td class=\"tg-7fn2\">6.8\u00b10.2<\/td>\n<\/tr>\n<tr>\n<td class=\"tg-949j\">7\u00d70.50<\/td>\n<td class=\"tg-grqh\">0.2<\/td>\n<td class=\"tg-949j\">1.30\u00b10.1<\/td>\n<td class=\"tg-grqh\">1.2<\/td>\n<td class=\"tg-7fn2\">6.8\u00b10.2<\/td>\n<\/tr>\n<tr>\n<td class=\"tg-949j\">8\u00d70.50<\/td>\n<td class=\"tg-grqh\">0.2<\/td>\n<td class=\"tg-949j\">1.30\u00b10.1<\/td>\n<td class=\"tg-grqh\">1.2<\/td>\n<td class=\"tg-7fn2\">7.2\u00b10.2<\/td>\n<\/tr>\n<tr>\n<td class=\"tg-949j\">2\u00d70.75<\/td>\n<td class=\"tg-grqh\">0.2<\/td>\n<td class=\"tg-949j\">1.55\u00b10.1<\/td>\n<td class=\"tg-grqh\">1.2<\/td>\n<td class=\"tg-7fn2\">6.0\u00b10.2<\/td>\n<\/tr>\n<tr>\n<td class=\"tg-7fn2\">3\u00d70.75<\/td>\n<td class=\"tg-d93i\">0.2<\/td>\n<td class=\"tg-7fn2\">1.55\u00b10.1<\/td>\n<td class=\"tg-d93i\">1.2<\/td>\n<td class=\"tg-7fn2\">6.2\u00b10.2<\/td>\n<\/tr>\n<tr>\n<td class=\"tg-7fn2\">4\u00d70.75<\/td>\n<td class=\"tg-d93i\">0.2<\/td>\n<td class=\"tg-7fn2\">1.55\u00b10.1<\/td>\n<td class=\"tg-d93i\">1.2<\/td>\n<td class=\"tg-7fn2\">6.6\u00b10.2<\/td>\n<\/tr>\n<tr>\n<td class=\"tg-7fn2\">5\u00d70.75<\/td>\n<td class=\"tg-d93i\">0.2<\/td>\n<td class=\"tg-7fn2\">1.55\u00b10.1<\/td>\n<td class=\"tg-d93i\">1.2<\/td>\n<td class=\"tg-7fn2\">7.1\u00b10.2<\/td>\n<\/tr>\n<tr>\n<td class=\"tg-7fn2\" rowspan=\"2\">6\u00d70.75<\/td>\n<td class=\"tg-d93i\">0.2<\/td>\n<td class=\"tg-7fn2\">1.55\u00b10.1<\/td>\n<td class=\"tg-d93i\">1.2<\/td>\n<td class=\"tg-7fn2\">7.6\u00b10.2<\/td>\n<\/tr>\n<tr>\n<td class=\"tg-d93i\">0.2<\/td>\n<td class=\"tg-7fn2\">1.55\u00b10.1<\/td>\n<td class=\"tg-d93i\">1.2<\/td>\n<td class=\"tg-7fn2\">7.6\u00b10.2<\/td>\n<\/tr>\n<tr>\n<td class=\"tg-1771\">8\u00d70.75<\/td>\n<td class=\"tg-qfl9\">0.2<\/td>\n<td class=\"tg-1771\">1.55\u00b10.1<\/td>\n<td class=\"tg-qfl9\">1.2<\/td>\n<td class=\"tg-1771\">8.0\u00b10.2<\/td>\n<\/tr>\n<tr>\n<td class=\"tg-1771\">2\u00d71.0<\/td>\n<td class=\"tg-qfl9\">0.2<\/td>\n<td class=\"tg-1771\">1.65\u00b10.1<\/td>\n<td class=\"tg-qfl9\">1.2<\/td>\n<td class=\"tg-1771\">6.2\u00b10.2<\/td>\n<\/tr>\n<tr>\n<td class=\"tg-1771\">3\u00d71.0<\/td>\n<td class=\"tg-qfl9\">0.2<\/td>\n<td class=\"tg-1771\">1.65\u00b10.1<\/td>\n<td class=\"tg-qfl9\">1.2<\/td>\n<td class=\"tg-1771\">6.5\u00b10.2<\/td>\n<\/tr>\n<tr>\n<td class=\"tg-1771\">4\u00d71.0<\/td>\n<td class=\"tg-qfl9\">0.2<\/td>\n<td class=\"tg-1771\">1.65\u00b10.1<\/td>\n<td class=\"tg-qfl9\">1.2<\/td>\n<td class=\"tg-1771\">6.9\u00b10.2<\/td>\n<\/tr>\n<tr>\n<td class=\"tg-1771\">5\u00d71.0<\/td>\n<td class=\"tg-qfl9\">0.2<\/td>\n<td class=\"tg-1771\">1.65\u00b10.1<\/td>\n<td class=\"tg-qfl9\">1.2<\/td>\n<td class=\"tg-1771\">7.4\u00b10.2<\/td>\n<\/tr>\n<tr>\n<td class=\"tg-1771\">6\u00d71.0<\/td>\n<td class=\"tg-qfl9\">0.2<\/td>\n<td class=\"tg-1771\">1.65\u00b10.1<\/td>\n<td class=\"tg-qfl9\">1.2<\/td>\n<td class=\"tg-1771\">7.9\u00b10.2<\/td>\n<\/tr>\n<tr>\n<td class=\"tg-1771\">7\u00d71.0<\/td>\n<td class=\"tg-qfl9\">0.2<\/td>\n<td class=\"tg-1771\">1.65\u00b10.1<\/td>\n<td class=\"tg-qfl9\">1.2<\/td>\n<td class=\"tg-1771\">7.9\u00b10.2<\/td>\n<\/tr>\n<tr>\n<td class=\"tg-1771\">8\u00d71.0<\/td>\n<td class=\"tg-qfl9\">0.2<\/td>\n<td class=\"tg-1771\">1.65\u00b10.1<\/td>\n<td class=\"tg-qfl9\">1.2<\/td>\n<td class=\"tg-1771\">7.9\u00b10.2<\/td>\n<\/tr>\n<\/tbody>\n<\/table>\n","protected":false},"excerpt":{"rendered":"<p>Kabel f\u00fcr Erdgas\u00fcbertragungsanlagen sind verschlei\u00dffest, extrem k\u00e4ltebest\u00e4ndig und weisen hervorragende mechanische Eigenschaften auf. Sie sind ein wichtiger Teil der Infrastruktur, die Erdgas vom Produktionsstandort zum Verteilungsnetz und zu den Endverbrauchern transportiert.<\/p>\n","protected":false},"featured_media":12602,"template":"","meta":{"_eb_attr":"","site-sidebar-layout":"default","site-content-layout":"","ast-site-content-layout":"default","site-content-style":"default","site-sidebar-style":"default","ast-global-header-display":"","ast-banner-title-visibility":"","ast-main-header-display":"","ast-hfb-above-header-display":"","ast-hfb-below-header-display":"","ast-hfb-mobile-header-display":"","site-post-title":"","ast-breadcrumbs-content":"","ast-featured-img":"","footer-sml-layout":"","theme-transparent-header-meta":"default","adv-header-id-meta":"","stick-header-meta":"","header-above-stick-meta":"","header-main-stick-meta":"","header-below-stick-meta":"","astra-migrate-meta-layouts":"default","ast-page-background-enabled":"default","ast-page-background-meta":{"desktop":{"background-color":"","background-image":"","background-repeat":"repeat","background-position":"center center","background-size":"auto","background-attachment":"scroll","background-type":"","background-media":"","overlay-type":"","overlay-color":"","overlay-opacity":"","overlay-gradient":""},"tablet":{"background-color":"","background-image":"","background-repeat":"repeat","background-position":"center center","background-size":"auto","background-attachment":"scroll","background-type":"","background-media":"","overlay-type":"","overlay-color":"","overlay-opacity":"","overlay-gradient":""},"mobile":{"background-color":"","background-image":"","background-repeat":"repeat","background-position":"center center","background-size":"auto","background-attachment":"scroll","background-type":"","background-media":"","overlay-type":"","overlay-color":"","overlay-opacity":"","overlay-gradient":""}},"ast-content-background-meta":{"desktop":{"background-color":"var(--ast-global-color-5)","background-image":"","background-repeat":"repeat","background-position":"center center","background-size":"auto","background-attachment":"scroll","background-type":"","background-media":"","overlay-type":"","overlay-color":"","overlay-opacity":"","overlay-gradient":""},"tablet":{"background-color":"var(--ast-global-color-5)","background-image":"","background-repeat":"repeat","background-position":"center center","background-size":"auto","background-attachment":"scroll","background-type":"","background-media":"","overlay-type":"","overlay-color":"","overlay-opacity":"","overlay-gradient":""},"mobile":{"background-color":"var(--ast-global-color-5)","background-image":"","background-repeat":"repeat","background-position":"center center","background-size":"auto","background-attachment":"scroll","background-type":"","background-media":"","overlay-type":"","overlay-color":"","overlay-opacity":"","overlay-gradient":""}}},"product_brand":[],"product_cat":[702],"product_tag":[1556,1555],"class_list":{"0":"post-19891","1":"product","2":"type-product","3":"status-publish","4":"has-post-thumbnail","6":"product_cat-oil-gas-de","7":"product_tag-mehradrige-drahte-und-kabel-fur-niedrige-temperaturen","8":"product_tag-niedertemperaturdraht-und-kabel","9":"desktop-align-center","10":"tablet-align-left","11":"mobile-align-left","13":"first","14":"instock","15":"shipping-taxable","16":"product-type-simple"},"yoast_head":"<!-- This site is optimized with the Yoast SEO plugin v27.5 - https:\/\/yoast.com\/product\/yoast-seo-wordpress\/ -->\n<title>Kabel f\u00fcr Erdgas\u00fcbertragungsger\u00e4te<\/title>\n<meta name=\"description\" content=\"Kabel f\u00fcr Erdgas\u00fcbertragungsanlagen sind verschlei\u00dffest, extrem k\u00e4ltebest\u00e4ndig und weisen hervorragende mechanische Eigenschaften auf.\" \/>\n<meta name=\"robots\" content=\"index, follow, max-snippet:-1, max-image-preview:large, max-video-preview:-1\" \/>\n<link rel=\"canonical\" href=\"https:\/\/www.tstcables.com\/de\/produkt\/kabel-fuer-erdgasuebertragungsgeraete\/\" \/>\n<meta property=\"og:locale\" content=\"de_DE\" \/>\n<meta property=\"og:type\" content=\"article\" \/>\n<meta property=\"og:title\" content=\"Kabel f\u00fcr Erdgas\u00fcbertragungsger\u00e4te\" \/>\n<meta property=\"og:description\" content=\"Kabel f\u00fcr Erdgas\u00fcbertragungsanlagen sind verschlei\u00dffest, extrem k\u00e4ltebest\u00e4ndig und weisen hervorragende mechanische Eigenschaften auf.\" \/>\n<meta property=\"og:url\" content=\"https:\/\/www.tstcables.com\/de\/produkt\/kabel-fuer-erdgasuebertragungsgeraete\/\" \/>\n<meta property=\"og:site_name\" content=\"TST CABLES supplier &amp; Manufacture\" \/>\n<meta property=\"og:image\" content=\"https:\/\/www.tstcables.com\/wp-content\/uploads\/2024\/03\/4-8.jpg\" \/>\n\t<meta property=\"og:image:width\" content=\"750\" \/>\n\t<meta property=\"og:image:height\" content=\"750\" \/>\n\t<meta property=\"og:image:type\" content=\"image\/jpeg\" \/>\n<meta name=\"twitter:card\" content=\"summary_large_image\" \/>\n<script type=\"application\/ld+json\" class=\"yoast-schema-graph\">{\"@context\":\"https:\\\/\\\/schema.org\",\"@graph\":[{\"@type\":\"WebPage\",\"@id\":\"https:\\\/\\\/www.tstcables.com\\\/de\\\/produkt\\\/kabel-fuer-erdgasuebertragungsgeraete\\\/\",\"url\":\"https:\\\/\\\/www.tstcables.com\\\/de\\\/produkt\\\/kabel-fuer-erdgasuebertragungsgeraete\\\/\",\"name\":\"Kabel f\u00fcr Erdgas\u00fcbertragungsger\u00e4te\",\"isPartOf\":{\"@id\":\"https:\\\/\\\/www.tstcables.com\\\/de\\\/#website\"},\"primaryImageOfPage\":{\"@id\":\"https:\\\/\\\/www.tstcables.com\\\/de\\\/produkt\\\/kabel-fuer-erdgasuebertragungsgeraete\\\/#primaryimage\"},\"image\":{\"@id\":\"https:\\\/\\\/www.tstcables.com\\\/de\\\/produkt\\\/kabel-fuer-erdgasuebertragungsgeraete\\\/#primaryimage\"},\"thumbnailUrl\":\"https:\\\/\\\/www.tstcables.com\\\/wp-content\\\/uploads\\\/2024\\\/03\\\/4-8.jpg\",\"datePublished\":\"2024-04-12T07:15:13+00:00\",\"description\":\"Kabel f\u00fcr Erdgas\u00fcbertragungsanlagen sind verschlei\u00dffest, extrem k\u00e4ltebest\u00e4ndig und weisen hervorragende mechanische Eigenschaften auf.\",\"breadcrumb\":{\"@id\":\"https:\\\/\\\/www.tstcables.com\\\/de\\\/produkt\\\/kabel-fuer-erdgasuebertragungsgeraete\\\/#breadcrumb\"},\"inLanguage\":\"de\",\"potentialAction\":[{\"@type\":\"ReadAction\",\"target\":[\"https:\\\/\\\/www.tstcables.com\\\/de\\\/produkt\\\/kabel-fuer-erdgasuebertragungsgeraete\\\/\"]}]},{\"@type\":\"ImageObject\",\"inLanguage\":\"de\",\"@id\":\"https:\\\/\\\/www.tstcables.com\\\/de\\\/produkt\\\/kabel-fuer-erdgasuebertragungsgeraete\\\/#primaryimage\",\"url\":\"https:\\\/\\\/www.tstcables.com\\\/wp-content\\\/uploads\\\/2024\\\/03\\\/4-8.jpg\",\"contentUrl\":\"https:\\\/\\\/www.tstcables.com\\\/wp-content\\\/uploads\\\/2024\\\/03\\\/4-8.jpg\",\"width\":750,\"height\":750,\"caption\":\"Fire-resistant wire smoke halogen-free flame retardant GN450-NY\"},{\"@type\":\"BreadcrumbList\",\"@id\":\"https:\\\/\\\/www.tstcables.com\\\/de\\\/produkt\\\/kabel-fuer-erdgasuebertragungsgeraete\\\/#breadcrumb\",\"itemListElement\":[{\"@type\":\"ListItem\",\"position\":1,\"name\":\"\u9996\u9875\",\"item\":\"https:\\\/\\\/www.tstcables.com\\\/de\\\/\"},{\"@type\":\"ListItem\",\"position\":2,\"name\":\"Product\",\"item\":\"https:\\\/\\\/www.tstcables.com\\\/product\\\/\"},{\"@type\":\"ListItem\",\"position\":3,\"name\":\"Kabel f\u00fcr Erdgas\u00fcbertragungsger\u00e4te\"}]},{\"@type\":\"WebSite\",\"@id\":\"https:\\\/\\\/www.tstcables.com\\\/de\\\/#website\",\"url\":\"https:\\\/\\\/www.tstcables.com\\\/de\\\/\",\"name\":\"TST Cable supplier & Manufacture\",\"description\":\"TST CABLES  supplier &amp; Manufacture official website\",\"publisher\":{\"@id\":\"https:\\\/\\\/www.tstcables.com\\\/de\\\/#organization\"},\"potentialAction\":[{\"@type\":\"SearchAction\",\"target\":{\"@type\":\"EntryPoint\",\"urlTemplate\":\"https:\\\/\\\/www.tstcables.com\\\/de\\\/?s={search_term_string}\"},\"query-input\":{\"@type\":\"PropertyValueSpecification\",\"valueRequired\":true,\"valueName\":\"search_term_string\"}}],\"inLanguage\":\"de\"},{\"@type\":\"Organization\",\"@id\":\"https:\\\/\\\/www.tstcables.com\\\/de\\\/#organization\",\"name\":\"TST Cable supplier & Manufacture\",\"url\":\"https:\\\/\\\/www.tstcables.com\\\/de\\\/\",\"logo\":{\"@type\":\"ImageObject\",\"inLanguage\":\"de\",\"@id\":\"https:\\\/\\\/www.tstcables.com\\\/de\\\/#\\\/schema\\\/logo\\\/image\\\/\",\"url\":\"https:\\\/\\\/www.tstcables.com\\\/wp-content\\\/uploads\\\/2024\\\/04\\\/cropped-\u753b\u677f-1-\u62f7\u8d1d-4-1.png\",\"contentUrl\":\"https:\\\/\\\/www.tstcables.com\\\/wp-content\\\/uploads\\\/2024\\\/04\\\/cropped-\u753b\u677f-1-\u62f7\u8d1d-4-1.png\",\"width\":300,\"height\":100,\"caption\":\"TST Cable supplier & Manufacture\"},\"image\":{\"@id\":\"https:\\\/\\\/www.tstcables.com\\\/de\\\/#\\\/schema\\\/logo\\\/image\\\/\"}}]}<\/script>\n<!-- \/ Yoast SEO plugin. -->","yoast_head_json":{"title":"Kabel f\u00fcr Erdgas\u00fcbertragungsger\u00e4te","description":"Kabel f\u00fcr Erdgas\u00fcbertragungsanlagen sind verschlei\u00dffest, extrem k\u00e4ltebest\u00e4ndig und weisen hervorragende mechanische Eigenschaften auf.","robots":{"index":"index","follow":"follow","max-snippet":"max-snippet:-1","max-image-preview":"max-image-preview:large","max-video-preview":"max-video-preview:-1"},"canonical":"https:\/\/www.tstcables.com\/de\/produkt\/kabel-fuer-erdgasuebertragungsgeraete\/","og_locale":"de_DE","og_type":"article","og_title":"Kabel f\u00fcr Erdgas\u00fcbertragungsger\u00e4te","og_description":"Kabel f\u00fcr Erdgas\u00fcbertragungsanlagen sind verschlei\u00dffest, extrem k\u00e4ltebest\u00e4ndig und weisen hervorragende mechanische Eigenschaften auf.","og_url":"https:\/\/www.tstcables.com\/de\/produkt\/kabel-fuer-erdgasuebertragungsgeraete\/","og_site_name":"TST CABLES supplier &amp; Manufacture","og_image":[{"width":750,"height":750,"url":"https:\/\/www.tstcables.com\/wp-content\/uploads\/2024\/03\/4-8.jpg","type":"image\/jpeg"}],"twitter_card":"summary_large_image","schema":{"@context":"https:\/\/schema.org","@graph":[{"@type":"WebPage","@id":"https:\/\/www.tstcables.com\/de\/produkt\/kabel-fuer-erdgasuebertragungsgeraete\/","url":"https:\/\/www.tstcables.com\/de\/produkt\/kabel-fuer-erdgasuebertragungsgeraete\/","name":"Kabel f\u00fcr Erdgas\u00fcbertragungsger\u00e4te","isPartOf":{"@id":"https:\/\/www.tstcables.com\/de\/#website"},"primaryImageOfPage":{"@id":"https:\/\/www.tstcables.com\/de\/produkt\/kabel-fuer-erdgasuebertragungsgeraete\/#primaryimage"},"image":{"@id":"https:\/\/www.tstcables.com\/de\/produkt\/kabel-fuer-erdgasuebertragungsgeraete\/#primaryimage"},"thumbnailUrl":"https:\/\/www.tstcables.com\/wp-content\/uploads\/2024\/03\/4-8.jpg","datePublished":"2024-04-12T07:15:13+00:00","description":"Kabel f\u00fcr Erdgas\u00fcbertragungsanlagen sind verschlei\u00dffest, extrem k\u00e4ltebest\u00e4ndig und weisen hervorragende mechanische Eigenschaften auf.","breadcrumb":{"@id":"https:\/\/www.tstcables.com\/de\/produkt\/kabel-fuer-erdgasuebertragungsgeraete\/#breadcrumb"},"inLanguage":"de","potentialAction":[{"@type":"ReadAction","target":["https:\/\/www.tstcables.com\/de\/produkt\/kabel-fuer-erdgasuebertragungsgeraete\/"]}]},{"@type":"ImageObject","inLanguage":"de","@id":"https:\/\/www.tstcables.com\/de\/produkt\/kabel-fuer-erdgasuebertragungsgeraete\/#primaryimage","url":"https:\/\/www.tstcables.com\/wp-content\/uploads\/2024\/03\/4-8.jpg","contentUrl":"https:\/\/www.tstcables.com\/wp-content\/uploads\/2024\/03\/4-8.jpg","width":750,"height":750,"caption":"Fire-resistant wire smoke halogen-free flame retardant GN450-NY"},{"@type":"BreadcrumbList","@id":"https:\/\/www.tstcables.com\/de\/produkt\/kabel-fuer-erdgasuebertragungsgeraete\/#breadcrumb","itemListElement":[{"@type":"ListItem","position":1,"name":"\u9996\u9875","item":"https:\/\/www.tstcables.com\/de\/"},{"@type":"ListItem","position":2,"name":"Product","item":"https:\/\/www.tstcables.com\/product\/"},{"@type":"ListItem","position":3,"name":"Kabel f\u00fcr Erdgas\u00fcbertragungsger\u00e4te"}]},{"@type":"WebSite","@id":"https:\/\/www.tstcables.com\/de\/#website","url":"https:\/\/www.tstcables.com\/de\/","name":"TST Cable supplier & Manufacture","description":"TST CABLES  supplier &amp; Manufacture official website","publisher":{"@id":"https:\/\/www.tstcables.com\/de\/#organization"},"potentialAction":[{"@type":"SearchAction","target":{"@type":"EntryPoint","urlTemplate":"https:\/\/www.tstcables.com\/de\/?s={search_term_string}"},"query-input":{"@type":"PropertyValueSpecification","valueRequired":true,"valueName":"search_term_string"}}],"inLanguage":"de"},{"@type":"Organization","@id":"https:\/\/www.tstcables.com\/de\/#organization","name":"TST Cable supplier & Manufacture","url":"https:\/\/www.tstcables.com\/de\/","logo":{"@type":"ImageObject","inLanguage":"de","@id":"https:\/\/www.tstcables.com\/de\/#\/schema\/logo\/image\/","url":"https:\/\/www.tstcables.com\/wp-content\/uploads\/2024\/04\/cropped-\u753b\u677f-1-\u62f7\u8d1d-4-1.png","contentUrl":"https:\/\/www.tstcables.com\/wp-content\/uploads\/2024\/04\/cropped-\u753b\u677f-1-\u62f7\u8d1d-4-1.png","width":300,"height":100,"caption":"TST Cable supplier & Manufacture"},"image":{"@id":"https:\/\/www.tstcables.com\/de\/#\/schema\/logo\/image\/"}}]}},"_links":{"self":[{"href":"https:\/\/www.tstcables.com\/de\/wp-json\/wp\/v2\/product\/19891","targetHints":{"allow":["GET"]}}],"collection":[{"href":"https:\/\/www.tstcables.com\/de\/wp-json\/wp\/v2\/product"}],"about":[{"href":"https:\/\/www.tstcables.com\/de\/wp-json\/wp\/v2\/types\/product"}],"version-history":[{"count":0,"href":"https:\/\/www.tstcables.com\/de\/wp-json\/wp\/v2\/product\/19891\/revisions"}],"wp:featuredmedia":[{"embeddable":true,"href":"https:\/\/www.tstcables.com\/de\/wp-json\/wp\/v2\/media\/12602"}],"wp:attachment":[{"href":"https:\/\/www.tstcables.com\/de\/wp-json\/wp\/v2\/media?parent=19891"}],"wp:term":[{"taxonomy":"product_brand","embeddable":true,"href":"https:\/\/www.tstcables.com\/de\/wp-json\/wp\/v2\/product_brand?post=19891"},{"taxonomy":"product_cat","embeddable":true,"href":"https:\/\/www.tstcables.com\/de\/wp-json\/wp\/v2\/product_cat?post=19891"},{"taxonomy":"product_tag","embeddable":true,"href":"https:\/\/www.tstcables.com\/de\/wp-json\/wp\/v2\/product_tag?post=19891"}],"curies":[{"name":"wp","href":"https:\/\/api.w.org\/{rel}","templated":true}]}}