{"id":19892,"date":"2024-04-12T15:20:09","date_gmt":"2024-04-12T07:20:09","guid":{"rendered":"https:\/\/www.tstcables.com\/product\/kabel-fuer-erdgasverfluessigungsausruestung\/"},"modified":"2024-04-12T15:20:09","modified_gmt":"2024-04-12T07:20:09","slug":"kabel-fuer-erdgasverfluessigungsausruestung","status":"publish","type":"product","link":"https:\/\/www.tstcables.com\/de\/produkt\/kabel-fuer-erdgasverfluessigungsausruestung\/","title":{"rendered":"Kabel f\u00fcr Erdgasverfl\u00fcssigungsausr\u00fcstung"},"content":{"rendered":"<p>Anwendung:<\/p>\n<p>Ausr\u00fcstung zur Erdgasverfl\u00fcssigung<\/p>\n<p>Charakteristisch:<\/p>\n<ul>\n<li>Temperaturbest\u00e4ndigkeit: -60 bis 180 \u00b0C<\/li>\n<li>Verzinntes Kupfer<\/li>\n<li>Oxidationsbest\u00e4ndigkeit<\/li>\n<li>Hohe Leitf\u00e4higkeit<\/li>\n<li>Ultratieftemperaturbest\u00e4ndigkeit<\/li>\n<li>Frostschutzmittel und k\u00e4ltebest\u00e4ndig<\/li>\n<li>Hervorragende mechanische Eigenschaften<\/li>\n<\/ul>\n<p>Industriestandard:<\/p>\n<ul>\n<li>EN45545-2<\/li>\n<\/ul>\n<p>Struktur:<\/p>\n<ul>\n<li>Leiter: Verzinnter Kupferleiter, entweder 5-Klassen- oder 6-Klassen-Struktur.<\/li>\n<li>Feuerbest\u00e4ndigkeit: Entspricht EN45545-2 R15\/R16 HL3.<\/li>\n<\/ul>\n<p>Auswahlparameter<\/p>\n<table class=\"tg\">\n<thead>\n<tr>\n<th class=\"tg-949j\" rowspan=\"2\">Nennquerschnitt des Leiters<\/th>\n<th class=\"tg-949j\" rowspan=\"2\">Anzahl der Dr\u00e4hte * Kerndrahtdurchmesser<\/th>\n<th class=\"tg-949j\" colspan=\"2\">Leiterverseilungsdurchmesser (d)<\/th>\n<th class=\"tg-7fn2\" colspan=\"2\">Kabelau\u00dfendurchmesser (D)<\/th>\n<th class=\"tg-7fn2\">20\u2103 Leiterwiderstand<\/th>\n<\/tr>\n<tr>\n<th class=\"tg-949j\">Min. mm<\/th>\n<th class=\"tg-949j\">Min. mm<\/th>\n<th class=\"tg-7fn2\">Min. mm<\/th>\n<th class=\"tg-1771\">Max. mm<\/th>\n<th class=\"tg-1771\">MJ\/K m<\/th>\n<\/tr>\n<\/thead>\n<tbody>\n<tr>\n<td class=\"tg-grqh\">0.5<\/td>\n<td class=\"tg-949j\">19\u00d70.18<\/td>\n<td class=\"tg-grqh\">0.8<\/td>\n<td class=\"tg-grqh\">0.18<\/td>\n<td class=\"tg-d93i\">1.3<\/td>\n<td class=\"tg-qfl9\">1.45<\/td>\n<td class=\"tg-qfl9\">40.1<\/td>\n<\/tr>\n<tr>\n<td class=\"tg-grqh\">0.75<\/td>\n<td class=\"tg-949j\">37\u00d70.16<\/td>\n<td class=\"tg-grqh\">1<\/td>\n<td class=\"tg-grqh\">0.18<\/td>\n<td class=\"tg-d93i\">1.5<\/td>\n<td class=\"tg-qfl9\">1.65<\/td>\n<td class=\"tg-qfl9\">26.7<\/td>\n<\/tr>\n<tr>\n<td class=\"tg-grqh\">1<\/td>\n<td class=\"tg-949j\">37\u00d70.18<\/td>\n<td class=\"tg-grqh\">1.1<\/td>\n<td class=\"tg-grqh\">0.18<\/td>\n<td class=\"tg-d93i\">1.6<\/td>\n<td class=\"tg-qfl9\">1.8<\/td>\n<td class=\"tg-qfl9\">20<\/td>\n<\/tr>\n<tr>\n<td class=\"tg-grqh\">1.5<\/td>\n<td class=\"tg-949j\">37\u00d70.23<\/td>\n<td class=\"tg-grqh\">1.45<\/td>\n<td class=\"tg-grqh\">0.22<\/td>\n<td class=\"tg-d93i\">1.95<\/td>\n<td class=\"tg-qfl9\">2.3<\/td>\n<td class=\"tg-qfl9\">13.7<\/td>\n<\/tr>\n<tr>\n<td class=\"tg-grqh\">2.5<\/td>\n<td class=\"tg-949j\">37\u00d70.30<\/td>\n<td class=\"tg-grqh\">1.85<\/td>\n<td class=\"tg-grqh\">0.28<\/td>\n<td class=\"tg-d93i\">2.35<\/td>\n<td class=\"tg-qfl9\">2.85<\/td>\n<td class=\"tg-qfl9\">8.21<\/td>\n<\/tr>\n<\/tbody>\n<\/table>\n","protected":false},"excerpt":{"rendered":"<p>Kabel f\u00fcr Erdgasverfl\u00fcssigungsanlagen sind antioxidativ, hochleitf\u00e4hig, frostsicher und k\u00e4ltebest\u00e4ndig und spielen eine Schl\u00fcsselrolle im Verfl\u00fcssigungsprozess, indem sie Erdgas zur Lagerung und zum Transport in fl\u00fcssige Form umwandeln.<\/p>\n","protected":false},"featured_media":12554,"template":"","meta":{"_eb_attr":"","site-sidebar-layout":"default","site-content-layout":"","ast-site-content-layout":"default","site-content-style":"default","site-sidebar-style":"default","ast-global-header-display":"","ast-banner-title-visibility":"","ast-main-header-display":"","ast-hfb-above-header-display":"","ast-hfb-below-header-display":"","ast-hfb-mobile-header-display":"","site-post-title":"","ast-breadcrumbs-content":"","ast-featured-img":"","footer-sml-layout":"","theme-transparent-header-meta":"default","adv-header-id-meta":"","stick-header-meta":"","header-above-stick-meta":"","header-main-stick-meta":"","header-below-stick-meta":"","astra-migrate-meta-layouts":"default","ast-page-background-enabled":"default","ast-page-background-meta":{"desktop":{"background-color":"","background-image":"","background-repeat":"repeat","background-position":"center center","background-size":"auto","background-attachment":"scroll","background-type":"","background-media":"","overlay-type":"","overlay-color":"","overlay-opacity":"","overlay-gradient":""},"tablet":{"background-color":"","background-image":"","background-repeat":"repeat","background-position":"center center","background-size":"auto","background-attachment":"scroll","background-type":"","background-media":"","overlay-type":"","overlay-color":"","overlay-opacity":"","overlay-gradient":""},"mobile":{"background-color":"","background-image":"","background-repeat":"repeat","background-position":"center center","background-size":"auto","background-attachment":"scroll","background-type":"","background-media":"","overlay-type":"","overlay-color":"","overlay-opacity":"","overlay-gradient":""}},"ast-content-background-meta":{"desktop":{"background-color":"var(--ast-global-color-5)","background-image":"","background-repeat":"repeat","background-position":"center center","background-size":"auto","background-attachment":"scroll","background-type":"","background-media":"","overlay-type":"","overlay-color":"","overlay-opacity":"","overlay-gradient":""},"tablet":{"background-color":"var(--ast-global-color-5)","background-image":"","background-repeat":"repeat","background-position":"center center","background-size":"auto","background-attachment":"scroll","background-type":"","background-media":"","overlay-type":"","overlay-color":"","overlay-opacity":"","overlay-gradient":""},"mobile":{"background-color":"var(--ast-global-color-5)","background-image":"","background-repeat":"repeat","background-position":"center center","background-size":"auto","background-attachment":"scroll","background-type":"","background-media":"","overlay-type":"","overlay-color":"","overlay-opacity":"","overlay-gradient":""}}},"product_brand":[],"product_cat":[702],"product_tag":[1557,1558,1555],"class_list":{"0":"post-19892","1":"product","2":"type-product","3":"status-publish","4":"has-post-thumbnail","6":"product_cat-oil-gas-de","7":"product_tag-einadriger-draht-und-kabel","8":"product_tag-einadriger-draht-und-kabel-mit-hoher-kalte","9":"product_tag-niedertemperaturdraht-und-kabel","10":"desktop-align-center","11":"tablet-align-left","12":"mobile-align-left","14":"first","15":"instock","16":"shipping-taxable","17":"product-type-simple"},"yoast_head":"<!-- This site is optimized with the Yoast SEO plugin v27.5 - https:\/\/yoast.com\/product\/yoast-seo-wordpress\/ -->\n<title>Kabel f\u00fcr Erdgasverfl\u00fcssigungsausr\u00fcstung<\/title>\n<meta name=\"description\" content=\"Kabel f\u00fcr Erdgasverfl\u00fcssigungsanlagen sind antioxidativ, hochleitf\u00e4hig, frostsicher und k\u00e4ltebest\u00e4ndig.\" \/>\n<meta name=\"robots\" content=\"index, follow, max-snippet:-1, max-image-preview:large, max-video-preview:-1\" \/>\n<link rel=\"canonical\" href=\"https:\/\/www.tstcables.com\/de\/produkt\/kabel-fuer-erdgasverfluessigungsausruestung\/\" \/>\n<meta property=\"og:locale\" content=\"de_DE\" \/>\n<meta property=\"og:type\" content=\"article\" \/>\n<meta property=\"og:title\" content=\"Kabel f\u00fcr Erdgasverfl\u00fcssigungsausr\u00fcstung\" \/>\n<meta property=\"og:description\" content=\"Kabel f\u00fcr Erdgasverfl\u00fcssigungsanlagen sind antioxidativ, hochleitf\u00e4hig, frostsicher und k\u00e4ltebest\u00e4ndig.\" \/>\n<meta property=\"og:url\" content=\"https:\/\/www.tstcables.com\/de\/produkt\/kabel-fuer-erdgasverfluessigungsausruestung\/\" \/>\n<meta property=\"og:site_name\" content=\"TST CABLES supplier &amp; Manufacture\" \/>\n<meta property=\"og:image\" content=\"https:\/\/www.tstcables.com\/wp-content\/uploads\/2024\/03\/3-11.jpg\" \/>\n\t<meta property=\"og:image:width\" content=\"750\" \/>\n\t<meta property=\"og:image:height\" content=\"750\" \/>\n\t<meta property=\"og:image:type\" content=\"image\/jpeg\" \/>\n<meta name=\"twitter:card\" content=\"summary_large_image\" \/>\n<script type=\"application\/ld+json\" class=\"yoast-schema-graph\">{\"@context\":\"https:\\\/\\\/schema.org\",\"@graph\":[{\"@type\":\"WebPage\",\"@id\":\"https:\\\/\\\/www.tstcables.com\\\/de\\\/produkt\\\/kabel-fuer-erdgasverfluessigungsausruestung\\\/\",\"url\":\"https:\\\/\\\/www.tstcables.com\\\/de\\\/produkt\\\/kabel-fuer-erdgasverfluessigungsausruestung\\\/\",\"name\":\"Kabel f\u00fcr Erdgasverfl\u00fcssigungsausr\u00fcstung\",\"isPartOf\":{\"@id\":\"https:\\\/\\\/www.tstcables.com\\\/de\\\/#website\"},\"primaryImageOfPage\":{\"@id\":\"https:\\\/\\\/www.tstcables.com\\\/de\\\/produkt\\\/kabel-fuer-erdgasverfluessigungsausruestung\\\/#primaryimage\"},\"image\":{\"@id\":\"https:\\\/\\\/www.tstcables.com\\\/de\\\/produkt\\\/kabel-fuer-erdgasverfluessigungsausruestung\\\/#primaryimage\"},\"thumbnailUrl\":\"https:\\\/\\\/www.tstcables.com\\\/wp-content\\\/uploads\\\/2024\\\/03\\\/3-11.jpg\",\"datePublished\":\"2024-04-12T07:20:09+00:00\",\"description\":\"Kabel f\u00fcr Erdgasverfl\u00fcssigungsanlagen sind antioxidativ, hochleitf\u00e4hig, frostsicher und k\u00e4ltebest\u00e4ndig.\",\"breadcrumb\":{\"@id\":\"https:\\\/\\\/www.tstcables.com\\\/de\\\/produkt\\\/kabel-fuer-erdgasverfluessigungsausruestung\\\/#breadcrumb\"},\"inLanguage\":\"de\",\"potentialAction\":[{\"@type\":\"ReadAction\",\"target\":[\"https:\\\/\\\/www.tstcables.com\\\/de\\\/produkt\\\/kabel-fuer-erdgasverfluessigungsausruestung\\\/\"]}]},{\"@type\":\"ImageObject\",\"inLanguage\":\"de\",\"@id\":\"https:\\\/\\\/www.tstcables.com\\\/de\\\/produkt\\\/kabel-fuer-erdgasverfluessigungsausruestung\\\/#primaryimage\",\"url\":\"https:\\\/\\\/www.tstcables.com\\\/wp-content\\\/uploads\\\/2024\\\/03\\\/3-11.jpg\",\"contentUrl\":\"https:\\\/\\\/www.tstcables.com\\\/wp-content\\\/uploads\\\/2024\\\/03\\\/3-11.jpg\",\"width\":750,\"height\":750,\"caption\":\"AFPF200 AFPF250 Teflon high temperature shielded cable\"},{\"@type\":\"BreadcrumbList\",\"@id\":\"https:\\\/\\\/www.tstcables.com\\\/de\\\/produkt\\\/kabel-fuer-erdgasverfluessigungsausruestung\\\/#breadcrumb\",\"itemListElement\":[{\"@type\":\"ListItem\",\"position\":1,\"name\":\"\u9996\u9875\",\"item\":\"https:\\\/\\\/www.tstcables.com\\\/de\\\/\"},{\"@type\":\"ListItem\",\"position\":2,\"name\":\"Product\",\"item\":\"https:\\\/\\\/www.tstcables.com\\\/product\\\/\"},{\"@type\":\"ListItem\",\"position\":3,\"name\":\"Kabel f\u00fcr Erdgasverfl\u00fcssigungsausr\u00fcstung\"}]},{\"@type\":\"WebSite\",\"@id\":\"https:\\\/\\\/www.tstcables.com\\\/de\\\/#website\",\"url\":\"https:\\\/\\\/www.tstcables.com\\\/de\\\/\",\"name\":\"TST Cable supplier & Manufacture\",\"description\":\"TST CABLES  supplier &amp; Manufacture official website\",\"publisher\":{\"@id\":\"https:\\\/\\\/www.tstcables.com\\\/de\\\/#organization\"},\"potentialAction\":[{\"@type\":\"SearchAction\",\"target\":{\"@type\":\"EntryPoint\",\"urlTemplate\":\"https:\\\/\\\/www.tstcables.com\\\/de\\\/?s={search_term_string}\"},\"query-input\":{\"@type\":\"PropertyValueSpecification\",\"valueRequired\":true,\"valueName\":\"search_term_string\"}}],\"inLanguage\":\"de\"},{\"@type\":\"Organization\",\"@id\":\"https:\\\/\\\/www.tstcables.com\\\/de\\\/#organization\",\"name\":\"TST Cable supplier & Manufacture\",\"url\":\"https:\\\/\\\/www.tstcables.com\\\/de\\\/\",\"logo\":{\"@type\":\"ImageObject\",\"inLanguage\":\"de\",\"@id\":\"https:\\\/\\\/www.tstcables.com\\\/de\\\/#\\\/schema\\\/logo\\\/image\\\/\",\"url\":\"https:\\\/\\\/www.tstcables.com\\\/wp-content\\\/uploads\\\/2024\\\/04\\\/cropped-\u753b\u677f-1-\u62f7\u8d1d-4-1.png\",\"contentUrl\":\"https:\\\/\\\/www.tstcables.com\\\/wp-content\\\/uploads\\\/2024\\\/04\\\/cropped-\u753b\u677f-1-\u62f7\u8d1d-4-1.png\",\"width\":300,\"height\":100,\"caption\":\"TST Cable supplier & Manufacture\"},\"image\":{\"@id\":\"https:\\\/\\\/www.tstcables.com\\\/de\\\/#\\\/schema\\\/logo\\\/image\\\/\"}}]}<\/script>\n<!-- \/ Yoast SEO plugin. -->","yoast_head_json":{"title":"Kabel f\u00fcr Erdgasverfl\u00fcssigungsausr\u00fcstung","description":"Kabel f\u00fcr Erdgasverfl\u00fcssigungsanlagen sind antioxidativ, hochleitf\u00e4hig, frostsicher und k\u00e4ltebest\u00e4ndig.","robots":{"index":"index","follow":"follow","max-snippet":"max-snippet:-1","max-image-preview":"max-image-preview:large","max-video-preview":"max-video-preview:-1"},"canonical":"https:\/\/www.tstcables.com\/de\/produkt\/kabel-fuer-erdgasverfluessigungsausruestung\/","og_locale":"de_DE","og_type":"article","og_title":"Kabel f\u00fcr Erdgasverfl\u00fcssigungsausr\u00fcstung","og_description":"Kabel f\u00fcr Erdgasverfl\u00fcssigungsanlagen sind antioxidativ, hochleitf\u00e4hig, frostsicher und k\u00e4ltebest\u00e4ndig.","og_url":"https:\/\/www.tstcables.com\/de\/produkt\/kabel-fuer-erdgasverfluessigungsausruestung\/","og_site_name":"TST CABLES supplier &amp; Manufacture","og_image":[{"width":750,"height":750,"url":"https:\/\/www.tstcables.com\/wp-content\/uploads\/2024\/03\/3-11.jpg","type":"image\/jpeg"}],"twitter_card":"summary_large_image","schema":{"@context":"https:\/\/schema.org","@graph":[{"@type":"WebPage","@id":"https:\/\/www.tstcables.com\/de\/produkt\/kabel-fuer-erdgasverfluessigungsausruestung\/","url":"https:\/\/www.tstcables.com\/de\/produkt\/kabel-fuer-erdgasverfluessigungsausruestung\/","name":"Kabel f\u00fcr Erdgasverfl\u00fcssigungsausr\u00fcstung","isPartOf":{"@id":"https:\/\/www.tstcables.com\/de\/#website"},"primaryImageOfPage":{"@id":"https:\/\/www.tstcables.com\/de\/produkt\/kabel-fuer-erdgasverfluessigungsausruestung\/#primaryimage"},"image":{"@id":"https:\/\/www.tstcables.com\/de\/produkt\/kabel-fuer-erdgasverfluessigungsausruestung\/#primaryimage"},"thumbnailUrl":"https:\/\/www.tstcables.com\/wp-content\/uploads\/2024\/03\/3-11.jpg","datePublished":"2024-04-12T07:20:09+00:00","description":"Kabel f\u00fcr Erdgasverfl\u00fcssigungsanlagen sind antioxidativ, hochleitf\u00e4hig, frostsicher und k\u00e4ltebest\u00e4ndig.","breadcrumb":{"@id":"https:\/\/www.tstcables.com\/de\/produkt\/kabel-fuer-erdgasverfluessigungsausruestung\/#breadcrumb"},"inLanguage":"de","potentialAction":[{"@type":"ReadAction","target":["https:\/\/www.tstcables.com\/de\/produkt\/kabel-fuer-erdgasverfluessigungsausruestung\/"]}]},{"@type":"ImageObject","inLanguage":"de","@id":"https:\/\/www.tstcables.com\/de\/produkt\/kabel-fuer-erdgasverfluessigungsausruestung\/#primaryimage","url":"https:\/\/www.tstcables.com\/wp-content\/uploads\/2024\/03\/3-11.jpg","contentUrl":"https:\/\/www.tstcables.com\/wp-content\/uploads\/2024\/03\/3-11.jpg","width":750,"height":750,"caption":"AFPF200 AFPF250 Teflon high temperature shielded cable"},{"@type":"BreadcrumbList","@id":"https:\/\/www.tstcables.com\/de\/produkt\/kabel-fuer-erdgasverfluessigungsausruestung\/#breadcrumb","itemListElement":[{"@type":"ListItem","position":1,"name":"\u9996\u9875","item":"https:\/\/www.tstcables.com\/de\/"},{"@type":"ListItem","position":2,"name":"Product","item":"https:\/\/www.tstcables.com\/product\/"},{"@type":"ListItem","position":3,"name":"Kabel f\u00fcr Erdgasverfl\u00fcssigungsausr\u00fcstung"}]},{"@type":"WebSite","@id":"https:\/\/www.tstcables.com\/de\/#website","url":"https:\/\/www.tstcables.com\/de\/","name":"TST Cable supplier & Manufacture","description":"TST CABLES  supplier &amp; Manufacture official website","publisher":{"@id":"https:\/\/www.tstcables.com\/de\/#organization"},"potentialAction":[{"@type":"SearchAction","target":{"@type":"EntryPoint","urlTemplate":"https:\/\/www.tstcables.com\/de\/?s={search_term_string}"},"query-input":{"@type":"PropertyValueSpecification","valueRequired":true,"valueName":"search_term_string"}}],"inLanguage":"de"},{"@type":"Organization","@id":"https:\/\/www.tstcables.com\/de\/#organization","name":"TST Cable supplier & Manufacture","url":"https:\/\/www.tstcables.com\/de\/","logo":{"@type":"ImageObject","inLanguage":"de","@id":"https:\/\/www.tstcables.com\/de\/#\/schema\/logo\/image\/","url":"https:\/\/www.tstcables.com\/wp-content\/uploads\/2024\/04\/cropped-\u753b\u677f-1-\u62f7\u8d1d-4-1.png","contentUrl":"https:\/\/www.tstcables.com\/wp-content\/uploads\/2024\/04\/cropped-\u753b\u677f-1-\u62f7\u8d1d-4-1.png","width":300,"height":100,"caption":"TST Cable supplier & Manufacture"},"image":{"@id":"https:\/\/www.tstcables.com\/de\/#\/schema\/logo\/image\/"}}]}},"_links":{"self":[{"href":"https:\/\/www.tstcables.com\/de\/wp-json\/wp\/v2\/product\/19892","targetHints":{"allow":["GET"]}}],"collection":[{"href":"https:\/\/www.tstcables.com\/de\/wp-json\/wp\/v2\/product"}],"about":[{"href":"https:\/\/www.tstcables.com\/de\/wp-json\/wp\/v2\/types\/product"}],"version-history":[{"count":0,"href":"https:\/\/www.tstcables.com\/de\/wp-json\/wp\/v2\/product\/19892\/revisions"}],"wp:featuredmedia":[{"embeddable":true,"href":"https:\/\/www.tstcables.com\/de\/wp-json\/wp\/v2\/media\/12554"}],"wp:attachment":[{"href":"https:\/\/www.tstcables.com\/de\/wp-json\/wp\/v2\/media?parent=19892"}],"wp:term":[{"taxonomy":"product_brand","embeddable":true,"href":"https:\/\/www.tstcables.com\/de\/wp-json\/wp\/v2\/product_brand?post=19892"},{"taxonomy":"product_cat","embeddable":true,"href":"https:\/\/www.tstcables.com\/de\/wp-json\/wp\/v2\/product_cat?post=19892"},{"taxonomy":"product_tag","embeddable":true,"href":"https:\/\/www.tstcables.com\/de\/wp-json\/wp\/v2\/product_tag?post=19892"}],"curies":[{"name":"wp","href":"https:\/\/api.w.org\/{rel}","templated":true}]}}