{"id":19901,"date":"2024-04-11T16:19:47","date_gmt":"2024-04-11T08:19:47","guid":{"rendered":"https:\/\/www.tstcables.com\/product\/ueberbrueckungskabel-fuer-den-schienenverkehr\/"},"modified":"2024-04-11T16:19:47","modified_gmt":"2024-04-11T08:19:47","slug":"ueberbrueckungskabel-fuer-den-schienenverkehr","status":"publish","type":"product","link":"https:\/\/www.tstcables.com\/de\/produkt\/ueberbrueckungskabel-fuer-den-schienenverkehr\/","title":{"rendered":"\u00dcberbr\u00fcckungskabel f\u00fcr den Schienenverkehr"},"content":{"rendered":"<p><strong><b>Produktparameter<\/b><\/strong><\/p>\n<ul>\n<li>Leiter: Verzinnter Kupferleiter, Konstruktion der Kategorie 6<\/li>\n<li>Isolierung: Silikonkautschuk<\/li>\n<li>Nennspannung: 3,6\/6,0 kV<\/li>\n<li>Spannungsfestigkeit:8MPa&gt;<\/li>\n<li>Kabelbiegeradius: 6D (D Kabelau\u00dfendurchmesser)<\/li>\n<li>Betriebstemperatur: -50 \u00b0C bis +150 \u00b0C<\/li>\n<li>Betriebsspannung: 300 V\/500 V<\/li>\n<li>Pr\u00fcfspannung: 2.500 V<\/li>\n<\/ul>\n<p><strong>Optimierter Kabelaufbau:<\/strong><br \/>\nPower-Jumper, Steuer-Jumper, Daten-Jumper, umfassender Jumper<\/p>\n<p><strong>Zufriedene Bewerbungen<\/strong><br \/>\n\u2460 Feuerbest\u00e4ndigkeit \u2461 Geringe Rauchentwicklung<\/p>\n<p>\u2462 Geringe Toxizit\u00e4t \u2463 Sonnenalterungsbest\u00e4ndigkeit \u2464 \u00d6lbest\u00e4ndigkeit<\/p>\n<p>\u2465 Witterungsbest\u00e4ndigkeit \u2466 Mechanische Best\u00e4ndigkeit<\/p>\n<p><strong><b>Feuerbest\u00e4ndige Eigenschaften<\/b><\/strong><\/p>\n<ul>\n<li>EN45545-2 HL1 \u2014 HL3 Test<\/li>\n<li>einzeln vertikal EN60332-1-2<\/li>\n<li>Rauchdichte EN61034-2<\/li>\n<li>Toxizit\u00e4t EN50305-9-2<\/li>\n<\/ul>\n<p><strong><b>Alle Qualifikationsnachweise f\u00fcr die Bahnindustrie<\/b><\/strong><\/p>\n<ul>\n<li>CRCC-zertifiziertes Unternehmen<\/li>\n<li>TS22163 (Internationales Eisenbahn-Qualit\u00e4tsmanagementsystem)<\/li>\n<li>ISO9001 (Qualit\u00e4tssystem)<\/li>\n<li>CE-Produktzertifizierung<\/li>\n<li>ECER118 Brandschutz<\/li>\n<\/ul>\n","protected":false},"excerpt":{"rendered":"<p>\u00dcberbr\u00fcckungskabel f\u00fcr den Schienenverkehr sind feuerfest, raucharm und halogenfrei und stellen einen wichtigen Bestandteil der elektrischen Infrastruktur von Eisenbahnsystemen dar und stellen tempor\u00e4re Verbindungen zwischen Stromversorgungen und verschiedenen Ger\u00e4ten her.<\/p>\n","protected":false},"featured_media":9346,"template":"","meta":{"_eb_attr":"","site-sidebar-layout":"default","site-content-layout":"","ast-site-content-layout":"default","site-content-style":"default","site-sidebar-style":"default","ast-global-header-display":"","ast-banner-title-visibility":"","ast-main-header-display":"","ast-hfb-above-header-display":"","ast-hfb-below-header-display":"","ast-hfb-mobile-header-display":"","site-post-title":"","ast-breadcrumbs-content":"","ast-featured-img":"","footer-sml-layout":"","theme-transparent-header-meta":"default","adv-header-id-meta":"","stick-header-meta":"","header-above-stick-meta":"","header-main-stick-meta":"","header-below-stick-meta":"","astra-migrate-meta-layouts":"default","ast-page-background-enabled":"default","ast-page-background-meta":{"desktop":{"background-color":"","background-image":"","background-repeat":"repeat","background-position":"center center","background-size":"auto","background-attachment":"scroll","background-type":"","background-media":"","overlay-type":"","overlay-color":"","overlay-opacity":"","overlay-gradient":""},"tablet":{"background-color":"","background-image":"","background-repeat":"repeat","background-position":"center center","background-size":"auto","background-attachment":"scroll","background-type":"","background-media":"","overlay-type":"","overlay-color":"","overlay-opacity":"","overlay-gradient":""},"mobile":{"background-color":"","background-image":"","background-repeat":"repeat","background-position":"center center","background-size":"auto","background-attachment":"scroll","background-type":"","background-media":"","overlay-type":"","overlay-color":"","overlay-opacity":"","overlay-gradient":""}},"ast-content-background-meta":{"desktop":{"background-color":"var(--ast-global-color-5)","background-image":"","background-repeat":"repeat","background-position":"center center","background-size":"auto","background-attachment":"scroll","background-type":"","background-media":"","overlay-type":"","overlay-color":"","overlay-opacity":"","overlay-gradient":""},"tablet":{"background-color":"var(--ast-global-color-5)","background-image":"","background-repeat":"repeat","background-position":"center center","background-size":"auto","background-attachment":"scroll","background-type":"","background-media":"","overlay-type":"","overlay-color":"","overlay-opacity":"","overlay-gradient":""},"mobile":{"background-color":"var(--ast-global-color-5)","background-image":"","background-repeat":"repeat","background-position":"center center","background-size":"auto","background-attachment":"scroll","background-type":"","background-media":"","overlay-type":"","overlay-color":"","overlay-opacity":"","overlay-gradient":""}}},"product_brand":[],"product_cat":[708],"product_tag":[1560,1562,1561],"class_list":{"0":"post-19901","1":"product","2":"type-product","3":"status-publish","4":"has-post-thumbnail","6":"product_cat-rail-way-de","7":"product_tag-eisenbahnkabel","8":"product_tag-tst-fahrzeug-uberbruckungskabel","9":"product_tag-tst-382-uberbruckungskabel","10":"desktop-align-center","11":"tablet-align-left","12":"mobile-align-left","14":"first","15":"instock","16":"shipping-taxable","17":"product-type-simple"},"yoast_head":"<!-- This site is optimized with the Yoast SEO plugin v27.5 - https:\/\/yoast.com\/product\/yoast-seo-wordpress\/ -->\n<title>\u00dcberbr\u00fcckungskabel f\u00fcr den Schienenverkehr<\/title>\n<meta name=\"description\" content=\"\u00dcberbr\u00fcckungskabel f\u00fcr den Schienenverkehr sind feuerbest\u00e4ndig, raucharm und halogenfrei\" \/>\n<meta name=\"robots\" content=\"index, follow, max-snippet:-1, max-image-preview:large, max-video-preview:-1\" \/>\n<link rel=\"canonical\" href=\"https:\/\/www.tstcables.com\/de\/produkt\/ueberbrueckungskabel-fuer-den-schienenverkehr\/\" \/>\n<meta property=\"og:locale\" content=\"de_DE\" \/>\n<meta property=\"og:type\" content=\"article\" \/>\n<meta property=\"og:title\" content=\"\u00dcberbr\u00fcckungskabel f\u00fcr den Schienenverkehr\" \/>\n<meta property=\"og:description\" content=\"\u00dcberbr\u00fcckungskabel f\u00fcr den Schienenverkehr sind feuerbest\u00e4ndig, raucharm und halogenfrei\" \/>\n<meta property=\"og:url\" content=\"https:\/\/www.tstcables.com\/de\/produkt\/ueberbrueckungskabel-fuer-den-schienenverkehr\/\" \/>\n<meta property=\"og:site_name\" content=\"TST CABLES supplier &amp; Manufacture\" \/>\n<meta property=\"og:image\" content=\"https:\/\/www.tstcables.com\/wp-content\/uploads\/2024\/03\/image_vehiclejumpercable.png\" \/>\n\t<meta property=\"og:image:width\" content=\"900\" \/>\n\t<meta property=\"og:image:height\" content=\"900\" \/>\n\t<meta property=\"og:image:type\" content=\"image\/png\" \/>\n<meta name=\"twitter:card\" content=\"summary_large_image\" \/>\n<script type=\"application\/ld+json\" class=\"yoast-schema-graph\">{\"@context\":\"https:\\\/\\\/schema.org\",\"@graph\":[{\"@type\":\"WebPage\",\"@id\":\"https:\\\/\\\/www.tstcables.com\\\/de\\\/produkt\\\/ueberbrueckungskabel-fuer-den-schienenverkehr\\\/\",\"url\":\"https:\\\/\\\/www.tstcables.com\\\/de\\\/produkt\\\/ueberbrueckungskabel-fuer-den-schienenverkehr\\\/\",\"name\":\"\u00dcberbr\u00fcckungskabel f\u00fcr den Schienenverkehr\",\"isPartOf\":{\"@id\":\"https:\\\/\\\/www.tstcables.com\\\/de\\\/#website\"},\"primaryImageOfPage\":{\"@id\":\"https:\\\/\\\/www.tstcables.com\\\/de\\\/produkt\\\/ueberbrueckungskabel-fuer-den-schienenverkehr\\\/#primaryimage\"},\"image\":{\"@id\":\"https:\\\/\\\/www.tstcables.com\\\/de\\\/produkt\\\/ueberbrueckungskabel-fuer-den-schienenverkehr\\\/#primaryimage\"},\"thumbnailUrl\":\"https:\\\/\\\/www.tstcables.com\\\/wp-content\\\/uploads\\\/2024\\\/03\\\/image_vehiclejumpercable.png\",\"datePublished\":\"2024-04-11T08:19:47+00:00\",\"description\":\"\u00dcberbr\u00fcckungskabel f\u00fcr den Schienenverkehr sind feuerbest\u00e4ndig, raucharm und halogenfrei\",\"breadcrumb\":{\"@id\":\"https:\\\/\\\/www.tstcables.com\\\/de\\\/produkt\\\/ueberbrueckungskabel-fuer-den-schienenverkehr\\\/#breadcrumb\"},\"inLanguage\":\"de\",\"potentialAction\":[{\"@type\":\"ReadAction\",\"target\":[\"https:\\\/\\\/www.tstcables.com\\\/de\\\/produkt\\\/ueberbrueckungskabel-fuer-den-schienenverkehr\\\/\"]}]},{\"@type\":\"ImageObject\",\"inLanguage\":\"de\",\"@id\":\"https:\\\/\\\/www.tstcables.com\\\/de\\\/produkt\\\/ueberbrueckungskabel-fuer-den-schienenverkehr\\\/#primaryimage\",\"url\":\"https:\\\/\\\/www.tstcables.com\\\/wp-content\\\/uploads\\\/2024\\\/03\\\/image_vehiclejumpercable.png\",\"contentUrl\":\"https:\\\/\\\/www.tstcables.com\\\/wp-content\\\/uploads\\\/2024\\\/03\\\/image_vehiclejumpercable.png\",\"width\":900,\"height\":900,\"caption\":\"Vehicle jumper cable\"},{\"@type\":\"BreadcrumbList\",\"@id\":\"https:\\\/\\\/www.tstcables.com\\\/de\\\/produkt\\\/ueberbrueckungskabel-fuer-den-schienenverkehr\\\/#breadcrumb\",\"itemListElement\":[{\"@type\":\"ListItem\",\"position\":1,\"name\":\"\u9996\u9875\",\"item\":\"https:\\\/\\\/www.tstcables.com\\\/de\\\/\"},{\"@type\":\"ListItem\",\"position\":2,\"name\":\"Product\",\"item\":\"https:\\\/\\\/www.tstcables.com\\\/product\\\/\"},{\"@type\":\"ListItem\",\"position\":3,\"name\":\"\u00dcberbr\u00fcckungskabel f\u00fcr den Schienenverkehr\"}]},{\"@type\":\"WebSite\",\"@id\":\"https:\\\/\\\/www.tstcables.com\\\/de\\\/#website\",\"url\":\"https:\\\/\\\/www.tstcables.com\\\/de\\\/\",\"name\":\"TST Cable supplier & Manufacture\",\"description\":\"TST CABLES  supplier &amp; Manufacture official website\",\"publisher\":{\"@id\":\"https:\\\/\\\/www.tstcables.com\\\/de\\\/#organization\"},\"potentialAction\":[{\"@type\":\"SearchAction\",\"target\":{\"@type\":\"EntryPoint\",\"urlTemplate\":\"https:\\\/\\\/www.tstcables.com\\\/de\\\/?s={search_term_string}\"},\"query-input\":{\"@type\":\"PropertyValueSpecification\",\"valueRequired\":true,\"valueName\":\"search_term_string\"}}],\"inLanguage\":\"de\"},{\"@type\":\"Organization\",\"@id\":\"https:\\\/\\\/www.tstcables.com\\\/de\\\/#organization\",\"name\":\"TST Cable supplier & Manufacture\",\"url\":\"https:\\\/\\\/www.tstcables.com\\\/de\\\/\",\"logo\":{\"@type\":\"ImageObject\",\"inLanguage\":\"de\",\"@id\":\"https:\\\/\\\/www.tstcables.com\\\/de\\\/#\\\/schema\\\/logo\\\/image\\\/\",\"url\":\"https:\\\/\\\/www.tstcables.com\\\/wp-content\\\/uploads\\\/2024\\\/04\\\/cropped-\u753b\u677f-1-\u62f7\u8d1d-4-1.png\",\"contentUrl\":\"https:\\\/\\\/www.tstcables.com\\\/wp-content\\\/uploads\\\/2024\\\/04\\\/cropped-\u753b\u677f-1-\u62f7\u8d1d-4-1.png\",\"width\":300,\"height\":100,\"caption\":\"TST Cable supplier & Manufacture\"},\"image\":{\"@id\":\"https:\\\/\\\/www.tstcables.com\\\/de\\\/#\\\/schema\\\/logo\\\/image\\\/\"}}]}<\/script>\n<!-- \/ Yoast SEO plugin. -->","yoast_head_json":{"title":"\u00dcberbr\u00fcckungskabel f\u00fcr den Schienenverkehr","description":"\u00dcberbr\u00fcckungskabel f\u00fcr den Schienenverkehr sind feuerbest\u00e4ndig, raucharm und halogenfrei","robots":{"index":"index","follow":"follow","max-snippet":"max-snippet:-1","max-image-preview":"max-image-preview:large","max-video-preview":"max-video-preview:-1"},"canonical":"https:\/\/www.tstcables.com\/de\/produkt\/ueberbrueckungskabel-fuer-den-schienenverkehr\/","og_locale":"de_DE","og_type":"article","og_title":"\u00dcberbr\u00fcckungskabel f\u00fcr den Schienenverkehr","og_description":"\u00dcberbr\u00fcckungskabel f\u00fcr den Schienenverkehr sind feuerbest\u00e4ndig, raucharm und halogenfrei","og_url":"https:\/\/www.tstcables.com\/de\/produkt\/ueberbrueckungskabel-fuer-den-schienenverkehr\/","og_site_name":"TST CABLES supplier &amp; Manufacture","og_image":[{"width":900,"height":900,"url":"https:\/\/www.tstcables.com\/wp-content\/uploads\/2024\/03\/image_vehiclejumpercable.png","type":"image\/png"}],"twitter_card":"summary_large_image","schema":{"@context":"https:\/\/schema.org","@graph":[{"@type":"WebPage","@id":"https:\/\/www.tstcables.com\/de\/produkt\/ueberbrueckungskabel-fuer-den-schienenverkehr\/","url":"https:\/\/www.tstcables.com\/de\/produkt\/ueberbrueckungskabel-fuer-den-schienenverkehr\/","name":"\u00dcberbr\u00fcckungskabel f\u00fcr den Schienenverkehr","isPartOf":{"@id":"https:\/\/www.tstcables.com\/de\/#website"},"primaryImageOfPage":{"@id":"https:\/\/www.tstcables.com\/de\/produkt\/ueberbrueckungskabel-fuer-den-schienenverkehr\/#primaryimage"},"image":{"@id":"https:\/\/www.tstcables.com\/de\/produkt\/ueberbrueckungskabel-fuer-den-schienenverkehr\/#primaryimage"},"thumbnailUrl":"https:\/\/www.tstcables.com\/wp-content\/uploads\/2024\/03\/image_vehiclejumpercable.png","datePublished":"2024-04-11T08:19:47+00:00","description":"\u00dcberbr\u00fcckungskabel f\u00fcr den Schienenverkehr sind feuerbest\u00e4ndig, raucharm und halogenfrei","breadcrumb":{"@id":"https:\/\/www.tstcables.com\/de\/produkt\/ueberbrueckungskabel-fuer-den-schienenverkehr\/#breadcrumb"},"inLanguage":"de","potentialAction":[{"@type":"ReadAction","target":["https:\/\/www.tstcables.com\/de\/produkt\/ueberbrueckungskabel-fuer-den-schienenverkehr\/"]}]},{"@type":"ImageObject","inLanguage":"de","@id":"https:\/\/www.tstcables.com\/de\/produkt\/ueberbrueckungskabel-fuer-den-schienenverkehr\/#primaryimage","url":"https:\/\/www.tstcables.com\/wp-content\/uploads\/2024\/03\/image_vehiclejumpercable.png","contentUrl":"https:\/\/www.tstcables.com\/wp-content\/uploads\/2024\/03\/image_vehiclejumpercable.png","width":900,"height":900,"caption":"Vehicle jumper cable"},{"@type":"BreadcrumbList","@id":"https:\/\/www.tstcables.com\/de\/produkt\/ueberbrueckungskabel-fuer-den-schienenverkehr\/#breadcrumb","itemListElement":[{"@type":"ListItem","position":1,"name":"\u9996\u9875","item":"https:\/\/www.tstcables.com\/de\/"},{"@type":"ListItem","position":2,"name":"Product","item":"https:\/\/www.tstcables.com\/product\/"},{"@type":"ListItem","position":3,"name":"\u00dcberbr\u00fcckungskabel f\u00fcr den Schienenverkehr"}]},{"@type":"WebSite","@id":"https:\/\/www.tstcables.com\/de\/#website","url":"https:\/\/www.tstcables.com\/de\/","name":"TST Cable supplier & Manufacture","description":"TST CABLES  supplier &amp; Manufacture official website","publisher":{"@id":"https:\/\/www.tstcables.com\/de\/#organization"},"potentialAction":[{"@type":"SearchAction","target":{"@type":"EntryPoint","urlTemplate":"https:\/\/www.tstcables.com\/de\/?s={search_term_string}"},"query-input":{"@type":"PropertyValueSpecification","valueRequired":true,"valueName":"search_term_string"}}],"inLanguage":"de"},{"@type":"Organization","@id":"https:\/\/www.tstcables.com\/de\/#organization","name":"TST Cable supplier & Manufacture","url":"https:\/\/www.tstcables.com\/de\/","logo":{"@type":"ImageObject","inLanguage":"de","@id":"https:\/\/www.tstcables.com\/de\/#\/schema\/logo\/image\/","url":"https:\/\/www.tstcables.com\/wp-content\/uploads\/2024\/04\/cropped-\u753b\u677f-1-\u62f7\u8d1d-4-1.png","contentUrl":"https:\/\/www.tstcables.com\/wp-content\/uploads\/2024\/04\/cropped-\u753b\u677f-1-\u62f7\u8d1d-4-1.png","width":300,"height":100,"caption":"TST Cable supplier & Manufacture"},"image":{"@id":"https:\/\/www.tstcables.com\/de\/#\/schema\/logo\/image\/"}}]}},"_links":{"self":[{"href":"https:\/\/www.tstcables.com\/de\/wp-json\/wp\/v2\/product\/19901","targetHints":{"allow":["GET"]}}],"collection":[{"href":"https:\/\/www.tstcables.com\/de\/wp-json\/wp\/v2\/product"}],"about":[{"href":"https:\/\/www.tstcables.com\/de\/wp-json\/wp\/v2\/types\/product"}],"version-history":[{"count":0,"href":"https:\/\/www.tstcables.com\/de\/wp-json\/wp\/v2\/product\/19901\/revisions"}],"wp:featuredmedia":[{"embeddable":true,"href":"https:\/\/www.tstcables.com\/de\/wp-json\/wp\/v2\/media\/9346"}],"wp:attachment":[{"href":"https:\/\/www.tstcables.com\/de\/wp-json\/wp\/v2\/media?parent=19901"}],"wp:term":[{"taxonomy":"product_brand","embeddable":true,"href":"https:\/\/www.tstcables.com\/de\/wp-json\/wp\/v2\/product_brand?post=19901"},{"taxonomy":"product_cat","embeddable":true,"href":"https:\/\/www.tstcables.com\/de\/wp-json\/wp\/v2\/product_cat?post=19901"},{"taxonomy":"product_tag","embeddable":true,"href":"https:\/\/www.tstcables.com\/de\/wp-json\/wp\/v2\/product_tag?post=19901"}],"curies":[{"name":"wp","href":"https:\/\/api.w.org\/{rel}","templated":true}]}}