{"id":19904,"date":"2024-04-11T15:56:26","date_gmt":"2024-04-11T07:56:26","guid":{"rendered":"https:\/\/www.tstcables.com\/product\/kabel-zur-ueberwachung-der-fahrzeugsicherheit\/"},"modified":"2024-04-11T15:56:26","modified_gmt":"2024-04-11T07:56:26","slug":"kabel-zur-ueberwachung-der-fahrzeugsicherheit","status":"publish","type":"product","link":"https:\/\/www.tstcables.com\/de\/produkt\/kabel-zur-ueberwachung-der-fahrzeugsicherheit\/","title":{"rendered":"Kabel zur \u00dcberwachung der Fahrzeugsicherheit"},"content":{"rendered":"<p>Anwendung:<\/p>\n<p>System zur \u00dcberwachung der Fahrzeugsicherheit<\/p>\n<p>Charakteristisch:<\/p>\n<ul>\n<li>Nennspannung: 300 V Wechselstrom<\/li>\n<li>Temperaturbereich: -40 \u00b0C bis 90 \u00b0C<\/li>\n<li>Biegeradius: 6D (D bezieht sich auf den Kabelau\u00dfendurchmesser)<\/li>\n<li>Charakteristische Impedanz: 100 \u03a9 + 15 \u03a9 (100 MHz)<\/li>\n<li>Isolationsspannung: DC 1000 V\/1 Min<\/li>\n<\/ul>\n<p>Struktur:<\/p>\n<ul>\n<li>Integrierter Leiter: verzinntes Kupfer<\/li>\n<li>Anzahl der Kerne 8<\/li>\n<li>EMV-Abschirmgeflecht aus verzinntem Kupfer (ganzes St\u00fcck)<\/li>\n<li>Strahlungsvernetzter Polyolefinmantel<\/li>\n<\/ul>\n<p>Auswahlparameter<\/p>\n<table class=\"tg\">\n<thead>\n<tr>\n<th class=\"tg-949j\" rowspan=\"2\">Modellspezifikationen<\/th>\n<th class=\"tg-1771\" rowspan=\"2\">Leiterdurchmesser (mm)<\/th>\n<th class=\"tg-7fn2\" rowspan=\"2\">Isolationsdurchmesser (mm)<\/th>\n<th class=\"tg-7fn2\" colspan=\"2\">Isolationsdurchmesser (D)<\/th>\n<\/tr>\n<tr>\n<th class=\"tg-1771\" colspan=\"2\">Min.mm<\/th>\n<\/tr>\n<\/thead>\n<tbody>\n<tr>\n<td class=\"tg-ywbj\">4x2x24A WG<\/td>\n<td class=\"tg-ybkv\">0.6<\/td>\n<td class=\"tg-ybkv\">1.4<\/td>\n<td class=\"tg-ybkv\">7.8<\/td>\n<td class=\"tg-ybkv\">8.5<\/td>\n<\/tr>\n<tr>\n<td class=\"tg-ywbj\">4x2x26A WG<\/td>\n<td class=\"tg-ybkv\">0.48<\/td>\n<td class=\"tg-ybkv\">1<\/td>\n<td class=\"tg-ybkv\">6.6<\/td>\n<td class=\"tg-ybkv\">7.2<\/td>\n<\/tr>\n<\/tbody>\n<\/table>\n","protected":false},"excerpt":{"rendered":"<p>Das Fahrzeugsicherheits\u00fcberwachungskabel hat eine Nennspannung von 300 V, eine gute Isolationsleistung und eine starke Entst\u00f6rungsf\u00e4higkeit. Es spielt eine entscheidende Rolle bei der \u00dcbertragung von Daten und Signalen verschiedener Sicherheitssensoren an das \u00dcberwachungssystem im Fahrzeug.<\/p>\n","protected":false},"featured_media":12786,"template":"","meta":{"_eb_attr":"","site-sidebar-layout":"default","site-content-layout":"","ast-site-content-layout":"default","site-content-style":"default","site-sidebar-style":"default","ast-global-header-display":"","ast-banner-title-visibility":"","ast-main-header-display":"","ast-hfb-above-header-display":"","ast-hfb-below-header-display":"","ast-hfb-mobile-header-display":"","site-post-title":"","ast-breadcrumbs-content":"","ast-featured-img":"","footer-sml-layout":"","theme-transparent-header-meta":"default","adv-header-id-meta":"","stick-header-meta":"","header-above-stick-meta":"","header-main-stick-meta":"","header-below-stick-meta":"","astra-migrate-meta-layouts":"default","ast-page-background-enabled":"default","ast-page-background-meta":{"desktop":{"background-color":"","background-image":"","background-repeat":"repeat","background-position":"center center","background-size":"auto","background-attachment":"scroll","background-type":"","background-media":"","overlay-type":"","overlay-color":"","overlay-opacity":"","overlay-gradient":""},"tablet":{"background-color":"","background-image":"","background-repeat":"repeat","background-position":"center center","background-size":"auto","background-attachment":"scroll","background-type":"","background-media":"","overlay-type":"","overlay-color":"","overlay-opacity":"","overlay-gradient":""},"mobile":{"background-color":"","background-image":"","background-repeat":"repeat","background-position":"center center","background-size":"auto","background-attachment":"scroll","background-type":"","background-media":"","overlay-type":"","overlay-color":"","overlay-opacity":"","overlay-gradient":""}},"ast-content-background-meta":{"desktop":{"background-color":"var(--ast-global-color-5)","background-image":"","background-repeat":"repeat","background-position":"center center","background-size":"auto","background-attachment":"scroll","background-type":"","background-media":"","overlay-type":"","overlay-color":"","overlay-opacity":"","overlay-gradient":""},"tablet":{"background-color":"var(--ast-global-color-5)","background-image":"","background-repeat":"repeat","background-position":"center center","background-size":"auto","background-attachment":"scroll","background-type":"","background-media":"","overlay-type":"","overlay-color":"","overlay-opacity":"","overlay-gradient":""},"mobile":{"background-color":"var(--ast-global-color-5)","background-image":"","background-repeat":"repeat","background-position":"center center","background-size":"auto","background-attachment":"scroll","background-type":"","background-media":"","overlay-type":"","overlay-color":"","overlay-opacity":"","overlay-gradient":""}}},"product_brand":[],"product_cat":[708],"product_tag":[1567,1568],"class_list":{"0":"post-19904","1":"product","2":"type-product","3":"status-publish","4":"has-post-thumbnail","6":"product_cat-rail-way-de","7":"product_tag-cat7-kabel","8":"product_tag-netzwerkkabel-der-kategorie-7","9":"desktop-align-center","10":"tablet-align-left","11":"mobile-align-left","13":"first","14":"instock","15":"shipping-taxable","16":"product-type-simple"},"yoast_head":"<!-- This site is optimized with the Yoast SEO plugin v27.5 - https:\/\/yoast.com\/product\/yoast-seo-wordpress\/ -->\n<title>Kabel zur \u00dcberwachung der Fahrzeugsicherheit<\/title>\n<meta name=\"description\" content=\"Das Fahrzeugsicherheits\u00fcberwachungskabel hat eine Nennspannung von 300 V, eine gute Isolationsleistung und eine starke Entst\u00f6rungsf\u00e4higkeit.\" \/>\n<meta name=\"robots\" content=\"index, follow, max-snippet:-1, max-image-preview:large, max-video-preview:-1\" \/>\n<link rel=\"canonical\" href=\"https:\/\/www.tstcables.com\/de\/produkt\/kabel-zur-ueberwachung-der-fahrzeugsicherheit\/\" \/>\n<meta property=\"og:locale\" content=\"de_DE\" \/>\n<meta property=\"og:type\" content=\"article\" \/>\n<meta property=\"og:title\" content=\"Kabel zur \u00dcberwachung der Fahrzeugsicherheit\" \/>\n<meta property=\"og:description\" content=\"Das Fahrzeugsicherheits\u00fcberwachungskabel hat eine Nennspannung von 300 V, eine gute Isolationsleistung und eine starke Entst\u00f6rungsf\u00e4higkeit.\" \/>\n<meta property=\"og:url\" content=\"https:\/\/www.tstcables.com\/de\/produkt\/kabel-zur-ueberwachung-der-fahrzeugsicherheit\/\" \/>\n<meta property=\"og:site_name\" content=\"TST CABLES supplier &amp; Manufacture\" \/>\n<meta property=\"og:image\" content=\"https:\/\/www.tstcables.com\/wp-content\/uploads\/2024\/03\/1-2.webp\" \/>\n\t<meta property=\"og:image:width\" content=\"640\" \/>\n\t<meta property=\"og:image:height\" content=\"640\" \/>\n\t<meta property=\"og:image:type\" content=\"image\/webp\" \/>\n<meta name=\"twitter:card\" content=\"summary_large_image\" \/>\n<script type=\"application\/ld+json\" class=\"yoast-schema-graph\">{\"@context\":\"https:\\\/\\\/schema.org\",\"@graph\":[{\"@type\":\"WebPage\",\"@id\":\"https:\\\/\\\/www.tstcables.com\\\/de\\\/produkt\\\/kabel-zur-ueberwachung-der-fahrzeugsicherheit\\\/\",\"url\":\"https:\\\/\\\/www.tstcables.com\\\/de\\\/produkt\\\/kabel-zur-ueberwachung-der-fahrzeugsicherheit\\\/\",\"name\":\"Kabel zur \u00dcberwachung der Fahrzeugsicherheit\",\"isPartOf\":{\"@id\":\"https:\\\/\\\/www.tstcables.com\\\/de\\\/#website\"},\"primaryImageOfPage\":{\"@id\":\"https:\\\/\\\/www.tstcables.com\\\/de\\\/produkt\\\/kabel-zur-ueberwachung-der-fahrzeugsicherheit\\\/#primaryimage\"},\"image\":{\"@id\":\"https:\\\/\\\/www.tstcables.com\\\/de\\\/produkt\\\/kabel-zur-ueberwachung-der-fahrzeugsicherheit\\\/#primaryimage\"},\"thumbnailUrl\":\"https:\\\/\\\/www.tstcables.com\\\/wp-content\\\/uploads\\\/2024\\\/03\\\/1-2.webp\",\"datePublished\":\"2024-04-11T07:56:26+00:00\",\"description\":\"Das Fahrzeugsicherheits\u00fcberwachungskabel hat eine Nennspannung von 300 V, eine gute Isolationsleistung und eine starke Entst\u00f6rungsf\u00e4higkeit.\",\"breadcrumb\":{\"@id\":\"https:\\\/\\\/www.tstcables.com\\\/de\\\/produkt\\\/kabel-zur-ueberwachung-der-fahrzeugsicherheit\\\/#breadcrumb\"},\"inLanguage\":\"de\",\"potentialAction\":[{\"@type\":\"ReadAction\",\"target\":[\"https:\\\/\\\/www.tstcables.com\\\/de\\\/produkt\\\/kabel-zur-ueberwachung-der-fahrzeugsicherheit\\\/\"]}]},{\"@type\":\"ImageObject\",\"inLanguage\":\"de\",\"@id\":\"https:\\\/\\\/www.tstcables.com\\\/de\\\/produkt\\\/kabel-zur-ueberwachung-der-fahrzeugsicherheit\\\/#primaryimage\",\"url\":\"https:\\\/\\\/www.tstcables.com\\\/wp-content\\\/uploads\\\/2024\\\/03\\\/1-2.webp\",\"contentUrl\":\"https:\\\/\\\/www.tstcables.com\\\/wp-content\\\/uploads\\\/2024\\\/03\\\/1-2.webp\",\"width\":640,\"height\":640,\"caption\":\"CAT7 cable (Category 7 network cable) EN50264 fire-resistant wire &cableEN50264 fire-resistant wire &cable\"},{\"@type\":\"BreadcrumbList\",\"@id\":\"https:\\\/\\\/www.tstcables.com\\\/de\\\/produkt\\\/kabel-zur-ueberwachung-der-fahrzeugsicherheit\\\/#breadcrumb\",\"itemListElement\":[{\"@type\":\"ListItem\",\"position\":1,\"name\":\"\u9996\u9875\",\"item\":\"https:\\\/\\\/www.tstcables.com\\\/de\\\/\"},{\"@type\":\"ListItem\",\"position\":2,\"name\":\"Product\",\"item\":\"https:\\\/\\\/www.tstcables.com\\\/product\\\/\"},{\"@type\":\"ListItem\",\"position\":3,\"name\":\"Kabel zur \u00dcberwachung der Fahrzeugsicherheit\"}]},{\"@type\":\"WebSite\",\"@id\":\"https:\\\/\\\/www.tstcables.com\\\/de\\\/#website\",\"url\":\"https:\\\/\\\/www.tstcables.com\\\/de\\\/\",\"name\":\"TST Cable supplier & Manufacture\",\"description\":\"TST CABLES  supplier &amp; Manufacture official website\",\"publisher\":{\"@id\":\"https:\\\/\\\/www.tstcables.com\\\/de\\\/#organization\"},\"potentialAction\":[{\"@type\":\"SearchAction\",\"target\":{\"@type\":\"EntryPoint\",\"urlTemplate\":\"https:\\\/\\\/www.tstcables.com\\\/de\\\/?s={search_term_string}\"},\"query-input\":{\"@type\":\"PropertyValueSpecification\",\"valueRequired\":true,\"valueName\":\"search_term_string\"}}],\"inLanguage\":\"de\"},{\"@type\":\"Organization\",\"@id\":\"https:\\\/\\\/www.tstcables.com\\\/de\\\/#organization\",\"name\":\"TST Cable supplier & Manufacture\",\"url\":\"https:\\\/\\\/www.tstcables.com\\\/de\\\/\",\"logo\":{\"@type\":\"ImageObject\",\"inLanguage\":\"de\",\"@id\":\"https:\\\/\\\/www.tstcables.com\\\/de\\\/#\\\/schema\\\/logo\\\/image\\\/\",\"url\":\"https:\\\/\\\/www.tstcables.com\\\/wp-content\\\/uploads\\\/2024\\\/04\\\/cropped-\u753b\u677f-1-\u62f7\u8d1d-4-1.png\",\"contentUrl\":\"https:\\\/\\\/www.tstcables.com\\\/wp-content\\\/uploads\\\/2024\\\/04\\\/cropped-\u753b\u677f-1-\u62f7\u8d1d-4-1.png\",\"width\":300,\"height\":100,\"caption\":\"TST Cable supplier & Manufacture\"},\"image\":{\"@id\":\"https:\\\/\\\/www.tstcables.com\\\/de\\\/#\\\/schema\\\/logo\\\/image\\\/\"}}]}<\/script>\n<!-- \/ Yoast SEO plugin. -->","yoast_head_json":{"title":"Kabel zur \u00dcberwachung der Fahrzeugsicherheit","description":"Das Fahrzeugsicherheits\u00fcberwachungskabel hat eine Nennspannung von 300 V, eine gute Isolationsleistung und eine starke Entst\u00f6rungsf\u00e4higkeit.","robots":{"index":"index","follow":"follow","max-snippet":"max-snippet:-1","max-image-preview":"max-image-preview:large","max-video-preview":"max-video-preview:-1"},"canonical":"https:\/\/www.tstcables.com\/de\/produkt\/kabel-zur-ueberwachung-der-fahrzeugsicherheit\/","og_locale":"de_DE","og_type":"article","og_title":"Kabel zur \u00dcberwachung der Fahrzeugsicherheit","og_description":"Das Fahrzeugsicherheits\u00fcberwachungskabel hat eine Nennspannung von 300 V, eine gute Isolationsleistung und eine starke Entst\u00f6rungsf\u00e4higkeit.","og_url":"https:\/\/www.tstcables.com\/de\/produkt\/kabel-zur-ueberwachung-der-fahrzeugsicherheit\/","og_site_name":"TST CABLES supplier &amp; Manufacture","og_image":[{"width":640,"height":640,"url":"https:\/\/www.tstcables.com\/wp-content\/uploads\/2024\/03\/1-2.webp","type":"image\/webp"}],"twitter_card":"summary_large_image","schema":{"@context":"https:\/\/schema.org","@graph":[{"@type":"WebPage","@id":"https:\/\/www.tstcables.com\/de\/produkt\/kabel-zur-ueberwachung-der-fahrzeugsicherheit\/","url":"https:\/\/www.tstcables.com\/de\/produkt\/kabel-zur-ueberwachung-der-fahrzeugsicherheit\/","name":"Kabel zur \u00dcberwachung der Fahrzeugsicherheit","isPartOf":{"@id":"https:\/\/www.tstcables.com\/de\/#website"},"primaryImageOfPage":{"@id":"https:\/\/www.tstcables.com\/de\/produkt\/kabel-zur-ueberwachung-der-fahrzeugsicherheit\/#primaryimage"},"image":{"@id":"https:\/\/www.tstcables.com\/de\/produkt\/kabel-zur-ueberwachung-der-fahrzeugsicherheit\/#primaryimage"},"thumbnailUrl":"https:\/\/www.tstcables.com\/wp-content\/uploads\/2024\/03\/1-2.webp","datePublished":"2024-04-11T07:56:26+00:00","description":"Das Fahrzeugsicherheits\u00fcberwachungskabel hat eine Nennspannung von 300 V, eine gute Isolationsleistung und eine starke Entst\u00f6rungsf\u00e4higkeit.","breadcrumb":{"@id":"https:\/\/www.tstcables.com\/de\/produkt\/kabel-zur-ueberwachung-der-fahrzeugsicherheit\/#breadcrumb"},"inLanguage":"de","potentialAction":[{"@type":"ReadAction","target":["https:\/\/www.tstcables.com\/de\/produkt\/kabel-zur-ueberwachung-der-fahrzeugsicherheit\/"]}]},{"@type":"ImageObject","inLanguage":"de","@id":"https:\/\/www.tstcables.com\/de\/produkt\/kabel-zur-ueberwachung-der-fahrzeugsicherheit\/#primaryimage","url":"https:\/\/www.tstcables.com\/wp-content\/uploads\/2024\/03\/1-2.webp","contentUrl":"https:\/\/www.tstcables.com\/wp-content\/uploads\/2024\/03\/1-2.webp","width":640,"height":640,"caption":"CAT7 cable (Category 7 network cable) EN50264 fire-resistant wire &cableEN50264 fire-resistant wire &cable"},{"@type":"BreadcrumbList","@id":"https:\/\/www.tstcables.com\/de\/produkt\/kabel-zur-ueberwachung-der-fahrzeugsicherheit\/#breadcrumb","itemListElement":[{"@type":"ListItem","position":1,"name":"\u9996\u9875","item":"https:\/\/www.tstcables.com\/de\/"},{"@type":"ListItem","position":2,"name":"Product","item":"https:\/\/www.tstcables.com\/product\/"},{"@type":"ListItem","position":3,"name":"Kabel zur \u00dcberwachung der Fahrzeugsicherheit"}]},{"@type":"WebSite","@id":"https:\/\/www.tstcables.com\/de\/#website","url":"https:\/\/www.tstcables.com\/de\/","name":"TST Cable supplier & Manufacture","description":"TST CABLES  supplier &amp; Manufacture official website","publisher":{"@id":"https:\/\/www.tstcables.com\/de\/#organization"},"potentialAction":[{"@type":"SearchAction","target":{"@type":"EntryPoint","urlTemplate":"https:\/\/www.tstcables.com\/de\/?s={search_term_string}"},"query-input":{"@type":"PropertyValueSpecification","valueRequired":true,"valueName":"search_term_string"}}],"inLanguage":"de"},{"@type":"Organization","@id":"https:\/\/www.tstcables.com\/de\/#organization","name":"TST Cable supplier & Manufacture","url":"https:\/\/www.tstcables.com\/de\/","logo":{"@type":"ImageObject","inLanguage":"de","@id":"https:\/\/www.tstcables.com\/de\/#\/schema\/logo\/image\/","url":"https:\/\/www.tstcables.com\/wp-content\/uploads\/2024\/04\/cropped-\u753b\u677f-1-\u62f7\u8d1d-4-1.png","contentUrl":"https:\/\/www.tstcables.com\/wp-content\/uploads\/2024\/04\/cropped-\u753b\u677f-1-\u62f7\u8d1d-4-1.png","width":300,"height":100,"caption":"TST Cable supplier & Manufacture"},"image":{"@id":"https:\/\/www.tstcables.com\/de\/#\/schema\/logo\/image\/"}}]}},"_links":{"self":[{"href":"https:\/\/www.tstcables.com\/de\/wp-json\/wp\/v2\/product\/19904","targetHints":{"allow":["GET"]}}],"collection":[{"href":"https:\/\/www.tstcables.com\/de\/wp-json\/wp\/v2\/product"}],"about":[{"href":"https:\/\/www.tstcables.com\/de\/wp-json\/wp\/v2\/types\/product"}],"version-history":[{"count":0,"href":"https:\/\/www.tstcables.com\/de\/wp-json\/wp\/v2\/product\/19904\/revisions"}],"wp:featuredmedia":[{"embeddable":true,"href":"https:\/\/www.tstcables.com\/de\/wp-json\/wp\/v2\/media\/12786"}],"wp:attachment":[{"href":"https:\/\/www.tstcables.com\/de\/wp-json\/wp\/v2\/media?parent=19904"}],"wp:term":[{"taxonomy":"product_brand","embeddable":true,"href":"https:\/\/www.tstcables.com\/de\/wp-json\/wp\/v2\/product_brand?post=19904"},{"taxonomy":"product_cat","embeddable":true,"href":"https:\/\/www.tstcables.com\/de\/wp-json\/wp\/v2\/product_cat?post=19904"},{"taxonomy":"product_tag","embeddable":true,"href":"https:\/\/www.tstcables.com\/de\/wp-json\/wp\/v2\/product_tag?post=19904"}],"curies":[{"name":"wp","href":"https:\/\/api.w.org\/{rel}","templated":true}]}}