{"id":19905,"date":"2024-04-11T16:04:54","date_gmt":"2024-04-11T08:04:54","guid":{"rendered":"https:\/\/www.tstcables.com\/product\/pis-systemkabel\/"},"modified":"2024-04-11T16:04:54","modified_gmt":"2024-04-11T08:04:54","slug":"pis-systemkabel","status":"publish","type":"product","link":"https:\/\/www.tstcables.com\/de\/produkt\/pis-systemkabel\/","title":{"rendered":"PIS-Systemkabel"},"content":{"rendered":"<p>Anwendung:<\/p>\n<p>PIS-System<\/p>\n<p>Charakteristisch:<\/p>\n<ul>\n<li>Nennspannung: 300 VAC<\/li>\n<li>Temperaturbereich: -40 \u00b0C bis 90 \u00b0C<\/li>\n<li>Biegeradius: 6D (D bezieht sich auf den Kabelau\u00dfendurchmesser)<\/li>\n<li>Charakteristische Impedanz: 100 \u03a9 + 15 \u03a9 (100 MHz)<\/li>\n<li>D\u00e4mpfung: &lt;3,1 dB\/&lt;100 m (1 MHz),  32 dB\/100 m (100 MHz)<\/li>\n<li>Betriebskapazit\u00e4t: 5,6 nF\/100 m (1,0 kHz)&lt;<\/li>\n<li>Verzinntes Kupfer<\/li>\n<\/ul>\n<p>Struktur:<\/p>\n<ul>\n<li>Leiter: Verzinnter Kupferleiter, Struktur der Klasse 5.<\/li>\n<li>Isolierung: Isoliermaterial aus Polyethylen.<\/li>\n<li>Abschirmung: Aluminiumfolie + Geflechtschirm.<\/li>\n<li>Mantel\/Mantel: Mantelmaterial aus bestrahltem, vernetztem Polyolefin.<\/li>\n<\/ul>\n<p>Auswahlparameter<\/p>\n<table class=\"tg\">\n<thead>\n<tr>\n<th class=\"tg-949j\" rowspan=\"2\">Modellspezifikationen<\/th>\n<th class=\"tg-1771\" rowspan=\"2\">Leiterdurchmesser (mm)<\/th>\n<th class=\"tg-7fn2\" rowspan=\"2\">Isolationsdurchmesser mm<\/th>\n<th class=\"tg-2t7k\">Au\u00dfendurchmesser (D)<\/th>\n<\/tr>\n<tr>\n<th class=\"tg-1771\">Min.mm<\/th>\n<\/tr>\n<\/thead>\n<tbody>\n<tr>\n<td class=\"tg-ybkv\">4x24AWG<\/td>\n<td class=\"tg-ybkv\">0.6<\/td>\n<td class=\"tg-ybkv\">1.35<\/td>\n<td class=\"tg-ybkv\">5.2<\/td>\n<\/tr>\n<tr>\n<td class=\"tg-ybkv\">4x2x24 AWG<\/td>\n<td class=\"tg-ybkv\">0.6<\/td>\n<td class=\"tg-ybkv\">1.25<\/td>\n<td class=\"tg-ybkv\">7.1<\/td>\n<\/tr>\n<tr>\n<td class=\"tg-ybkv\">4&#215;0.5<\/td>\n<td class=\"tg-ybkv\">0.9<\/td>\n<td class=\"tg-ybkv\">1.9<\/td>\n<td class=\"tg-ybkv\">6.4<\/td>\n<\/tr>\n<tr>\n<td class=\"tg-ybkv\">4x22AWG<\/td>\n<td class=\"tg-ybkv\">0.75<\/td>\n<td class=\"tg-ybkv\">1.8<\/td>\n<td class=\"tg-ybkv\">6.8<\/td>\n<\/tr>\n<tr>\n<td class=\"tg-ywbj\">2x2x0.5<\/td>\n<td class=\"tg-ybkv\">0.9<\/td>\n<td class=\"tg-ybkv\">2<\/td>\n<td class=\"tg-ybkv\">10.5<\/td>\n<\/tr>\n<\/tbody>\n<\/table>\n","protected":false},"excerpt":{"rendered":"<p>PIS-Systemkabel (Passenger Information System) sind hochtemperaturbest\u00e4ndig und haben gute Biegeeigenschaften. Sie sind ein wichtiger Bestandteil von Fahrzeugen des \u00f6ffentlichen Nahverkehrs und f\u00fcr die \u00dcbermittlung von Informationen und Nachrichten an die Fahrg\u00e4ste verantwortlich.<\/p>\n","protected":false},"featured_media":10748,"template":"","meta":{"_eb_attr":"","site-sidebar-layout":"default","site-content-layout":"","ast-site-content-layout":"default","site-content-style":"default","site-sidebar-style":"default","ast-global-header-display":"","ast-banner-title-visibility":"","ast-main-header-display":"","ast-hfb-above-header-display":"","ast-hfb-below-header-display":"","ast-hfb-mobile-header-display":"","site-post-title":"","ast-breadcrumbs-content":"","ast-featured-img":"","footer-sml-layout":"","theme-transparent-header-meta":"default","adv-header-id-meta":"","stick-header-meta":"","header-above-stick-meta":"","header-main-stick-meta":"","header-below-stick-meta":"","astra-migrate-meta-layouts":"default","ast-page-background-enabled":"default","ast-page-background-meta":{"desktop":{"background-color":"","background-image":"","background-repeat":"repeat","background-position":"center center","background-size":"auto","background-attachment":"scroll","background-type":"","background-media":"","overlay-type":"","overlay-color":"","overlay-opacity":"","overlay-gradient":""},"tablet":{"background-color":"","background-image":"","background-repeat":"repeat","background-position":"center center","background-size":"auto","background-attachment":"scroll","background-type":"","background-media":"","overlay-type":"","overlay-color":"","overlay-opacity":"","overlay-gradient":""},"mobile":{"background-color":"","background-image":"","background-repeat":"repeat","background-position":"center center","background-size":"auto","background-attachment":"scroll","background-type":"","background-media":"","overlay-type":"","overlay-color":"","overlay-opacity":"","overlay-gradient":""}},"ast-content-background-meta":{"desktop":{"background-color":"var(--ast-global-color-5)","background-image":"","background-repeat":"repeat","background-position":"center center","background-size":"auto","background-attachment":"scroll","background-type":"","background-media":"","overlay-type":"","overlay-color":"","overlay-opacity":"","overlay-gradient":""},"tablet":{"background-color":"var(--ast-global-color-5)","background-image":"","background-repeat":"repeat","background-position":"center center","background-size":"auto","background-attachment":"scroll","background-type":"","background-media":"","overlay-type":"","overlay-color":"","overlay-opacity":"","overlay-gradient":""},"mobile":{"background-color":"var(--ast-global-color-5)","background-image":"","background-repeat":"repeat","background-position":"center center","background-size":"auto","background-attachment":"scroll","background-type":"","background-media":"","overlay-type":"","overlay-color":"","overlay-opacity":"","overlay-gradient":""}}},"product_brand":[],"product_cat":[708],"product_tag":[1570,1569,1571],"class_list":{"0":"post-19905","1":"product","2":"type-product","3":"status-publish","4":"has-post-thumbnail","6":"product_cat-rail-way-de","7":"product_tag-5e-cable-de","8":"product_tag-cat5-kabel","9":"product_tag-netzwerkkabel-der-kategorie-5","10":"desktop-align-center","11":"tablet-align-left","12":"mobile-align-left","14":"first","15":"instock","16":"shipping-taxable","17":"product-type-simple"},"yoast_head":"<!-- This site is optimized with the Yoast SEO plugin v27.4 - https:\/\/yoast.com\/product\/yoast-seo-wordpress\/ -->\n<title>PIS-Systemkabel<\/title>\n<meta name=\"description\" content=\"PIS-Systemkabel (Passenger Information System) sind hochtemperaturbest\u00e4ndig und haben gute Biegeeigenschaften. Sie sind ein wichtiger Bestandteil von Fahrzeugen des \u00f6ffentlichen Nahverkehrs und f\u00fcr die \u00dcbermittlung von Informationen und Nachrichten an die Fahrg\u00e4ste verantwortlich.\" \/>\n<meta name=\"robots\" content=\"index, follow, max-snippet:-1, max-image-preview:large, max-video-preview:-1\" \/>\n<link rel=\"canonical\" href=\"https:\/\/www.tstcables.com\/de\/produkt\/pis-systemkabel\/\" \/>\n<meta property=\"og:locale\" content=\"de_DE\" \/>\n<meta property=\"og:type\" content=\"article\" \/>\n<meta property=\"og:title\" content=\"PIS-Systemkabel\" \/>\n<meta property=\"og:description\" content=\"PIS-Systemkabel (Passenger Information System) sind hochtemperaturbest\u00e4ndig und haben gute Biegeeigenschaften. Sie sind ein wichtiger Bestandteil von Fahrzeugen des \u00f6ffentlichen Nahverkehrs und f\u00fcr die \u00dcbermittlung von Informationen und Nachrichten an die Fahrg\u00e4ste verantwortlich.\" \/>\n<meta property=\"og:url\" content=\"https:\/\/www.tstcables.com\/de\/produkt\/pis-systemkabel\/\" \/>\n<meta property=\"og:site_name\" content=\"TST CABLES supplier &amp; Manufacture\" \/>\n<meta property=\"og:image\" content=\"https:\/\/www.tstcables.com\/wp-content\/uploads\/2024\/03\/cat5.jpg\" \/>\n\t<meta property=\"og:image:width\" content=\"500\" \/>\n\t<meta property=\"og:image:height\" content=\"500\" \/>\n\t<meta property=\"og:image:type\" content=\"image\/jpeg\" \/>\n<meta name=\"twitter:card\" content=\"summary_large_image\" \/>\n<script type=\"application\/ld+json\" class=\"yoast-schema-graph\">{\"@context\":\"https:\\\/\\\/schema.org\",\"@graph\":[{\"@type\":\"WebPage\",\"@id\":\"https:\\\/\\\/www.tstcables.com\\\/de\\\/produkt\\\/pis-systemkabel\\\/\",\"url\":\"https:\\\/\\\/www.tstcables.com\\\/de\\\/produkt\\\/pis-systemkabel\\\/\",\"name\":\"PIS-Systemkabel\",\"isPartOf\":{\"@id\":\"https:\\\/\\\/www.tstcables.com\\\/de\\\/#website\"},\"primaryImageOfPage\":{\"@id\":\"https:\\\/\\\/www.tstcables.com\\\/de\\\/produkt\\\/pis-systemkabel\\\/#primaryimage\"},\"image\":{\"@id\":\"https:\\\/\\\/www.tstcables.com\\\/de\\\/produkt\\\/pis-systemkabel\\\/#primaryimage\"},\"thumbnailUrl\":\"https:\\\/\\\/www.tstcables.com\\\/wp-content\\\/uploads\\\/2024\\\/03\\\/cat5.jpg\",\"datePublished\":\"2024-04-11T08:04:54+00:00\",\"description\":\"PIS-Systemkabel (Passenger Information System) sind hochtemperaturbest\u00e4ndig und haben gute Biegeeigenschaften. Sie sind ein wichtiger Bestandteil von Fahrzeugen des \u00f6ffentlichen Nahverkehrs und f\u00fcr die \u00dcbermittlung von Informationen und Nachrichten an die Fahrg\u00e4ste verantwortlich.\",\"breadcrumb\":{\"@id\":\"https:\\\/\\\/www.tstcables.com\\\/de\\\/produkt\\\/pis-systemkabel\\\/#breadcrumb\"},\"inLanguage\":\"de\",\"potentialAction\":[{\"@type\":\"ReadAction\",\"target\":[\"https:\\\/\\\/www.tstcables.com\\\/de\\\/produkt\\\/pis-systemkabel\\\/\"]}]},{\"@type\":\"ImageObject\",\"inLanguage\":\"de\",\"@id\":\"https:\\\/\\\/www.tstcables.com\\\/de\\\/produkt\\\/pis-systemkabel\\\/#primaryimage\",\"url\":\"https:\\\/\\\/www.tstcables.com\\\/wp-content\\\/uploads\\\/2024\\\/03\\\/cat5.jpg\",\"contentUrl\":\"https:\\\/\\\/www.tstcables.com\\\/wp-content\\\/uploads\\\/2024\\\/03\\\/cat5.jpg\",\"width\":500,\"height\":500,\"caption\":\"CAT5\\\/5e cable (Category 5 network cable)\"},{\"@type\":\"BreadcrumbList\",\"@id\":\"https:\\\/\\\/www.tstcables.com\\\/de\\\/produkt\\\/pis-systemkabel\\\/#breadcrumb\",\"itemListElement\":[{\"@type\":\"ListItem\",\"position\":1,\"name\":\"\u9996\u9875\",\"item\":\"https:\\\/\\\/www.tstcables.com\\\/de\\\/\"},{\"@type\":\"ListItem\",\"position\":2,\"name\":\"Product\",\"item\":\"https:\\\/\\\/www.tstcables.com\\\/product\\\/\"},{\"@type\":\"ListItem\",\"position\":3,\"name\":\"PIS-Systemkabel\"}]},{\"@type\":\"WebSite\",\"@id\":\"https:\\\/\\\/www.tstcables.com\\\/de\\\/#website\",\"url\":\"https:\\\/\\\/www.tstcables.com\\\/de\\\/\",\"name\":\"TST Cable supplier & Manufacture\",\"description\":\"TST CABLES  supplier &amp; Manufacture official website\",\"publisher\":{\"@id\":\"https:\\\/\\\/www.tstcables.com\\\/de\\\/#organization\"},\"potentialAction\":[{\"@type\":\"SearchAction\",\"target\":{\"@type\":\"EntryPoint\",\"urlTemplate\":\"https:\\\/\\\/www.tstcables.com\\\/de\\\/?s={search_term_string}\"},\"query-input\":{\"@type\":\"PropertyValueSpecification\",\"valueRequired\":true,\"valueName\":\"search_term_string\"}}],\"inLanguage\":\"de\"},{\"@type\":\"Organization\",\"@id\":\"https:\\\/\\\/www.tstcables.com\\\/de\\\/#organization\",\"name\":\"TST Cable supplier & Manufacture\",\"url\":\"https:\\\/\\\/www.tstcables.com\\\/de\\\/\",\"logo\":{\"@type\":\"ImageObject\",\"inLanguage\":\"de\",\"@id\":\"https:\\\/\\\/www.tstcables.com\\\/de\\\/#\\\/schema\\\/logo\\\/image\\\/\",\"url\":\"https:\\\/\\\/www.tstcables.com\\\/wp-content\\\/uploads\\\/2024\\\/04\\\/cropped-\u753b\u677f-1-\u62f7\u8d1d-4-1.png\",\"contentUrl\":\"https:\\\/\\\/www.tstcables.com\\\/wp-content\\\/uploads\\\/2024\\\/04\\\/cropped-\u753b\u677f-1-\u62f7\u8d1d-4-1.png\",\"width\":300,\"height\":100,\"caption\":\"TST Cable supplier & Manufacture\"},\"image\":{\"@id\":\"https:\\\/\\\/www.tstcables.com\\\/de\\\/#\\\/schema\\\/logo\\\/image\\\/\"}}]}<\/script>\n<!-- \/ Yoast SEO plugin. -->","yoast_head_json":{"title":"PIS-Systemkabel","description":"PIS-Systemkabel (Passenger Information System) sind hochtemperaturbest\u00e4ndig und haben gute Biegeeigenschaften. Sie sind ein wichtiger Bestandteil von Fahrzeugen des \u00f6ffentlichen Nahverkehrs und f\u00fcr die \u00dcbermittlung von Informationen und Nachrichten an die Fahrg\u00e4ste verantwortlich.","robots":{"index":"index","follow":"follow","max-snippet":"max-snippet:-1","max-image-preview":"max-image-preview:large","max-video-preview":"max-video-preview:-1"},"canonical":"https:\/\/www.tstcables.com\/de\/produkt\/pis-systemkabel\/","og_locale":"de_DE","og_type":"article","og_title":"PIS-Systemkabel","og_description":"PIS-Systemkabel (Passenger Information System) sind hochtemperaturbest\u00e4ndig und haben gute Biegeeigenschaften. Sie sind ein wichtiger Bestandteil von Fahrzeugen des \u00f6ffentlichen Nahverkehrs und f\u00fcr die \u00dcbermittlung von Informationen und Nachrichten an die Fahrg\u00e4ste verantwortlich.","og_url":"https:\/\/www.tstcables.com\/de\/produkt\/pis-systemkabel\/","og_site_name":"TST CABLES supplier &amp; Manufacture","og_image":[{"width":500,"height":500,"url":"https:\/\/www.tstcables.com\/wp-content\/uploads\/2024\/03\/cat5.jpg","type":"image\/jpeg"}],"twitter_card":"summary_large_image","schema":{"@context":"https:\/\/schema.org","@graph":[{"@type":"WebPage","@id":"https:\/\/www.tstcables.com\/de\/produkt\/pis-systemkabel\/","url":"https:\/\/www.tstcables.com\/de\/produkt\/pis-systemkabel\/","name":"PIS-Systemkabel","isPartOf":{"@id":"https:\/\/www.tstcables.com\/de\/#website"},"primaryImageOfPage":{"@id":"https:\/\/www.tstcables.com\/de\/produkt\/pis-systemkabel\/#primaryimage"},"image":{"@id":"https:\/\/www.tstcables.com\/de\/produkt\/pis-systemkabel\/#primaryimage"},"thumbnailUrl":"https:\/\/www.tstcables.com\/wp-content\/uploads\/2024\/03\/cat5.jpg","datePublished":"2024-04-11T08:04:54+00:00","description":"PIS-Systemkabel (Passenger Information System) sind hochtemperaturbest\u00e4ndig und haben gute Biegeeigenschaften. Sie sind ein wichtiger Bestandteil von Fahrzeugen des \u00f6ffentlichen Nahverkehrs und f\u00fcr die \u00dcbermittlung von Informationen und Nachrichten an die Fahrg\u00e4ste verantwortlich.","breadcrumb":{"@id":"https:\/\/www.tstcables.com\/de\/produkt\/pis-systemkabel\/#breadcrumb"},"inLanguage":"de","potentialAction":[{"@type":"ReadAction","target":["https:\/\/www.tstcables.com\/de\/produkt\/pis-systemkabel\/"]}]},{"@type":"ImageObject","inLanguage":"de","@id":"https:\/\/www.tstcables.com\/de\/produkt\/pis-systemkabel\/#primaryimage","url":"https:\/\/www.tstcables.com\/wp-content\/uploads\/2024\/03\/cat5.jpg","contentUrl":"https:\/\/www.tstcables.com\/wp-content\/uploads\/2024\/03\/cat5.jpg","width":500,"height":500,"caption":"CAT5\/5e cable (Category 5 network cable)"},{"@type":"BreadcrumbList","@id":"https:\/\/www.tstcables.com\/de\/produkt\/pis-systemkabel\/#breadcrumb","itemListElement":[{"@type":"ListItem","position":1,"name":"\u9996\u9875","item":"https:\/\/www.tstcables.com\/de\/"},{"@type":"ListItem","position":2,"name":"Product","item":"https:\/\/www.tstcables.com\/product\/"},{"@type":"ListItem","position":3,"name":"PIS-Systemkabel"}]},{"@type":"WebSite","@id":"https:\/\/www.tstcables.com\/de\/#website","url":"https:\/\/www.tstcables.com\/de\/","name":"TST Cable supplier & Manufacture","description":"TST CABLES  supplier &amp; Manufacture official website","publisher":{"@id":"https:\/\/www.tstcables.com\/de\/#organization"},"potentialAction":[{"@type":"SearchAction","target":{"@type":"EntryPoint","urlTemplate":"https:\/\/www.tstcables.com\/de\/?s={search_term_string}"},"query-input":{"@type":"PropertyValueSpecification","valueRequired":true,"valueName":"search_term_string"}}],"inLanguage":"de"},{"@type":"Organization","@id":"https:\/\/www.tstcables.com\/de\/#organization","name":"TST Cable supplier & Manufacture","url":"https:\/\/www.tstcables.com\/de\/","logo":{"@type":"ImageObject","inLanguage":"de","@id":"https:\/\/www.tstcables.com\/de\/#\/schema\/logo\/image\/","url":"https:\/\/www.tstcables.com\/wp-content\/uploads\/2024\/04\/cropped-\u753b\u677f-1-\u62f7\u8d1d-4-1.png","contentUrl":"https:\/\/www.tstcables.com\/wp-content\/uploads\/2024\/04\/cropped-\u753b\u677f-1-\u62f7\u8d1d-4-1.png","width":300,"height":100,"caption":"TST Cable supplier & Manufacture"},"image":{"@id":"https:\/\/www.tstcables.com\/de\/#\/schema\/logo\/image\/"}}]}},"_links":{"self":[{"href":"https:\/\/www.tstcables.com\/de\/wp-json\/wp\/v2\/product\/19905","targetHints":{"allow":["GET"]}}],"collection":[{"href":"https:\/\/www.tstcables.com\/de\/wp-json\/wp\/v2\/product"}],"about":[{"href":"https:\/\/www.tstcables.com\/de\/wp-json\/wp\/v2\/types\/product"}],"version-history":[{"count":0,"href":"https:\/\/www.tstcables.com\/de\/wp-json\/wp\/v2\/product\/19905\/revisions"}],"wp:featuredmedia":[{"embeddable":true,"href":"https:\/\/www.tstcables.com\/de\/wp-json\/wp\/v2\/media\/10748"}],"wp:attachment":[{"href":"https:\/\/www.tstcables.com\/de\/wp-json\/wp\/v2\/media?parent=19905"}],"wp:term":[{"taxonomy":"product_brand","embeddable":true,"href":"https:\/\/www.tstcables.com\/de\/wp-json\/wp\/v2\/product_brand?post=19905"},{"taxonomy":"product_cat","embeddable":true,"href":"https:\/\/www.tstcables.com\/de\/wp-json\/wp\/v2\/product_cat?post=19905"},{"taxonomy":"product_tag","embeddable":true,"href":"https:\/\/www.tstcables.com\/de\/wp-json\/wp\/v2\/product_tag?post=19905"}],"curies":[{"name":"wp","href":"https:\/\/api.w.org\/{rel}","templated":true}]}}