{"id":19907,"date":"2024-04-11T14:39:51","date_gmt":"2024-04-11T06:39:51","guid":{"rendered":"https:\/\/www.tstcables.com\/product\/kabel-fuer-zugsteuerungssysteme-im-schienenverkehr\/"},"modified":"2024-04-11T14:39:51","modified_gmt":"2024-04-11T06:39:51","slug":"kabel-fuer-zugsteuerungssysteme-im-schienenverkehr","status":"publish","type":"product","link":"https:\/\/www.tstcables.com\/de\/produkt\/kabel-fuer-zugsteuerungssysteme-im-schienenverkehr\/","title":{"rendered":"Kabel f\u00fcr Zugsteuerungssysteme im Schienenverkehr"},"content":{"rendered":"<p>Anwendung:<\/p>\n<p>Zugsteuerungssystem f\u00fcr den Schienenverkehr<\/p>\n<p>Charakteristisch:<\/p>\n<ul>\n<li>Nennspannung: 300 VAC<\/li>\n<li>Temperaturbereich: -40 \u00b0C bis 90 \u00b0C<\/li>\n<li>Biegeradius: 6D (D bezieht sich auf den Kabelau\u00dfendurchmesser)<\/li>\n<li>Oxidationsbest\u00e4ndig<\/li>\n<li>Hohe Leitf\u00e4higkeit<\/li>\n<li>Abriebfeste<\/li>\n<li>Oxidationsbest\u00e4ndig<\/li>\n<\/ul>\n<p>Struktur:<\/p>\n<ul>\n<li>Leiter: Verzinnter Kupferleiter, Struktur der Klasse 5.<\/li>\n<li>Isolierung: Isoliermaterial aus Polyethylen.<\/li>\n<li>Polyesterband.<\/li>\n<li>Abschirmung: Aluminiumfolie + Geflechtschirm.<\/li>\n<li>Mantel\/Mantel: Bestrahltes, vernetztes Polyolefin<\/li>\n<\/ul>\n<p>Auswahlparameter<\/p>\n<table class=\"tg\">\n<thead>\n<tr>\n<th class=\"tg-949j\" rowspan=\"2\">Modellspezifikationen<\/th>\n<th class=\"tg-1771\" rowspan=\"2\">Leiterdurchmesser (mm)<\/th>\n<th class=\"tg-1771\" rowspan=\"2\">Isolationsdurchmesser (mm)<\/th>\n<th class=\"tg-1771\">Au\u00dfendurchmesser (D)<\/th>\n<th class=\"tg-1771\" rowspan=\"2\">Durchschnittliches Kabelgewicht kg\/km<\/th>\n<th class=\"tg-1771\" rowspan=\"2\">Verbrennungsw\u00e4rmewert KJ\/m<\/th>\n<\/tr>\n<tr>\n<th class=\"tg-1771\">Min.mm<\/th>\n<\/tr>\n<\/thead>\n<tbody>\n<tr>\n<td class=\"tg-1771\">2x2x26AWG (massiver Typ)<\/td>\n<td class=\"tg-qfl9\">0.48<\/td>\n<td class=\"tg-qfl9\">1.2<\/td>\n<td class=\"tg-qfl9\">6.2<\/td>\n<td class=\"tg-qfl9\">43<\/td>\n<td class=\"tg-qfl9\">380<\/td>\n<\/tr>\n<tr>\n<td class=\"tg-1771\">4x2x26AWG (massiver Typ)<\/td>\n<td class=\"tg-qfl9\">0.48<\/td>\n<td class=\"tg-qfl9\">1.2<\/td>\n<td class=\"tg-qfl9\">7.2<\/td>\n<td class=\"tg-qfl9\">64<\/td>\n<td class=\"tg-qfl9\">520<\/td>\n<\/tr>\n<tr>\n<td class=\"tg-1771\">2\u00d70,5+1\u00d70,5 (Schaumtyp)<\/td>\n<td class=\"tg-qfl9\">0.9<\/td>\n<td class=\"tg-qfl9\">2.4<\/td>\n<td class=\"tg-qfl9\">6.7<\/td>\n<td class=\"tg-qfl9\">68<\/td>\n<td class=\"tg-qfl9\">1250<\/td>\n<\/tr>\n<tr>\n<td class=\"tg-1771\">4\u00d70,5 (fester Typ)<\/td>\n<td class=\"tg-qfl9\">0.9<\/td>\n<td class=\"tg-qfl9\">2.9<\/td>\n<td class=\"tg-qfl9\">9<\/td>\n<td class=\"tg-qfl9\">96<\/td>\n<td class=\"tg-qfl9\">1560<\/td>\n<\/tr>\n<tr>\n<td class=\"tg-1771\">4\u00d70,75 (fester Typ)<\/td>\n<td class=\"tg-qfl9\">1.15<\/td>\n<td class=\"tg-qfl9\">3.4<\/td>\n<td class=\"tg-qfl9\">10.2<\/td>\n<td class=\"tg-qfl9\">128<\/td>\n<td class=\"tg-qfl9\">1720<\/td>\n<\/tr>\n<\/tbody>\n<\/table>\n","protected":false},"excerpt":{"rendered":"<p>Kabel spielen in den Zugsteuerungssystemen von Schienenfahrzeugen eine wichtige Rolle und erleichtern die Signal\u00fcbertragung und Stromversorgung. Die Optimierung des Einsatzes von Kabeln in Zugsteuerungssystemen f\u00fcr Schienenverkehrsfahrzeuge kann die Systemeffizienz und -zuverl\u00e4ssigkeit verbessern.<\/p>\n","protected":false},"featured_media":12530,"template":"","meta":{"_eb_attr":"","site-sidebar-layout":"default","site-content-layout":"","ast-site-content-layout":"default","site-content-style":"default","site-sidebar-style":"default","ast-global-header-display":"","ast-banner-title-visibility":"","ast-main-header-display":"","ast-hfb-above-header-display":"","ast-hfb-below-header-display":"","ast-hfb-mobile-header-display":"","site-post-title":"","ast-breadcrumbs-content":"","ast-featured-img":"","footer-sml-layout":"","theme-transparent-header-meta":"default","adv-header-id-meta":"","stick-header-meta":"","header-above-stick-meta":"","header-main-stick-meta":"","header-below-stick-meta":"","astra-migrate-meta-layouts":"default","ast-page-background-enabled":"default","ast-page-background-meta":{"desktop":{"background-color":"","background-image":"","background-repeat":"repeat","background-position":"center center","background-size":"auto","background-attachment":"scroll","background-type":"","background-media":"","overlay-type":"","overlay-color":"","overlay-opacity":"","overlay-gradient":""},"tablet":{"background-color":"","background-image":"","background-repeat":"repeat","background-position":"center center","background-size":"auto","background-attachment":"scroll","background-type":"","background-media":"","overlay-type":"","overlay-color":"","overlay-opacity":"","overlay-gradient":""},"mobile":{"background-color":"","background-image":"","background-repeat":"repeat","background-position":"center center","background-size":"auto","background-attachment":"scroll","background-type":"","background-media":"","overlay-type":"","overlay-color":"","overlay-opacity":"","overlay-gradient":""}},"ast-content-background-meta":{"desktop":{"background-color":"var(--ast-global-color-5)","background-image":"","background-repeat":"repeat","background-position":"center center","background-size":"auto","background-attachment":"scroll","background-type":"","background-media":"","overlay-type":"","overlay-color":"","overlay-opacity":"","overlay-gradient":""},"tablet":{"background-color":"var(--ast-global-color-5)","background-image":"","background-repeat":"repeat","background-position":"center center","background-size":"auto","background-attachment":"scroll","background-type":"","background-media":"","overlay-type":"","overlay-color":"","overlay-opacity":"","overlay-gradient":""},"mobile":{"background-color":"var(--ast-global-color-5)","background-image":"","background-repeat":"repeat","background-position":"center center","background-size":"auto","background-attachment":"scroll","background-type":"","background-media":"","overlay-type":"","overlay-color":"","overlay-opacity":"","overlay-gradient":""}}},"product_brand":[],"product_cat":[708],"product_tag":[1574,1573,1572,1576,1575],"class_list":{"0":"post-19907","1":"product","2":"type-product","3":"status-publish","4":"has-post-thumbnail","6":"product_cat-rail-way-de","7":"product_tag-bus-kabel","8":"product_tag-can-kabel","9":"product_tag-kommunikationskabel","10":"product_tag-rs422-kabel","11":"product_tag-rs485-kabel","12":"desktop-align-center","13":"tablet-align-left","14":"mobile-align-left","16":"first","17":"instock","18":"shipping-taxable","19":"product-type-simple"},"yoast_head":"<!-- This site is optimized with the Yoast SEO plugin v27.3 - https:\/\/yoast.com\/product\/yoast-seo-wordpress\/ -->\n<title>Kabel f\u00fcr Zugsteuerungssysteme im Schienenverkehr<\/title>\n<meta name=\"description\" content=\"Zugsteuerungskabel f\u00fcr den Schienenverkehr spielen eine wichtige Rolle in den Zugsteuerungssystemen von Schienenverkehrsfahrzeugen und erleichtern die Signal\u00fcbertragung und Stromversorgung.\" \/>\n<meta name=\"robots\" content=\"index, follow, max-snippet:-1, max-image-preview:large, max-video-preview:-1\" \/>\n<link rel=\"canonical\" href=\"https:\/\/www.tstcables.com\/de\/produkt\/kabel-fuer-zugsteuerungssysteme-im-schienenverkehr\/\" \/>\n<meta property=\"og:locale\" content=\"de_DE\" \/>\n<meta property=\"og:type\" content=\"article\" \/>\n<meta property=\"og:title\" content=\"Kabel f\u00fcr Zugsteuerungssysteme im Schienenverkehr\" \/>\n<meta property=\"og:description\" content=\"Zugsteuerungskabel f\u00fcr den Schienenverkehr spielen eine wichtige Rolle in den Zugsteuerungssystemen von Schienenverkehrsfahrzeugen und erleichtern die Signal\u00fcbertragung und Stromversorgung.\" \/>\n<meta property=\"og:url\" content=\"https:\/\/www.tstcables.com\/de\/produkt\/kabel-fuer-zugsteuerungssysteme-im-schienenverkehr\/\" \/>\n<meta property=\"og:site_name\" content=\"TST CABLES supplier &amp; Manufacture\" \/>\n<meta property=\"og:image\" content=\"https:\/\/www.tstcables.com\/wp-content\/uploads\/2024\/03\/5-7.jpg\" \/>\n\t<meta property=\"og:image:width\" content=\"640\" \/>\n\t<meta property=\"og:image:height\" content=\"640\" \/>\n\t<meta property=\"og:image:type\" content=\"image\/jpeg\" \/>\n<meta name=\"twitter:card\" content=\"summary_large_image\" \/>\n<script type=\"application\/ld+json\" class=\"yoast-schema-graph\">{\"@context\":\"https:\\\/\\\/schema.org\",\"@graph\":[{\"@type\":\"WebPage\",\"@id\":\"https:\\\/\\\/www.tstcables.com\\\/de\\\/produkt\\\/kabel-fuer-zugsteuerungssysteme-im-schienenverkehr\\\/\",\"url\":\"https:\\\/\\\/www.tstcables.com\\\/de\\\/produkt\\\/kabel-fuer-zugsteuerungssysteme-im-schienenverkehr\\\/\",\"name\":\"Kabel f\u00fcr Zugsteuerungssysteme im Schienenverkehr\",\"isPartOf\":{\"@id\":\"https:\\\/\\\/www.tstcables.com\\\/de\\\/#website\"},\"primaryImageOfPage\":{\"@id\":\"https:\\\/\\\/www.tstcables.com\\\/de\\\/produkt\\\/kabel-fuer-zugsteuerungssysteme-im-schienenverkehr\\\/#primaryimage\"},\"image\":{\"@id\":\"https:\\\/\\\/www.tstcables.com\\\/de\\\/produkt\\\/kabel-fuer-zugsteuerungssysteme-im-schienenverkehr\\\/#primaryimage\"},\"thumbnailUrl\":\"https:\\\/\\\/www.tstcables.com\\\/wp-content\\\/uploads\\\/2024\\\/03\\\/5-7.jpg\",\"datePublished\":\"2024-04-11T06:39:51+00:00\",\"description\":\"Zugsteuerungskabel f\u00fcr den Schienenverkehr spielen eine wichtige Rolle in den Zugsteuerungssystemen von Schienenverkehrsfahrzeugen und erleichtern die Signal\u00fcbertragung und Stromversorgung.\",\"breadcrumb\":{\"@id\":\"https:\\\/\\\/www.tstcables.com\\\/de\\\/produkt\\\/kabel-fuer-zugsteuerungssysteme-im-schienenverkehr\\\/#breadcrumb\"},\"inLanguage\":\"de\",\"potentialAction\":[{\"@type\":\"ReadAction\",\"target\":[\"https:\\\/\\\/www.tstcables.com\\\/de\\\/produkt\\\/kabel-fuer-zugsteuerungssysteme-im-schienenverkehr\\\/\"]}]},{\"@type\":\"ImageObject\",\"inLanguage\":\"de\",\"@id\":\"https:\\\/\\\/www.tstcables.com\\\/de\\\/produkt\\\/kabel-fuer-zugsteuerungssysteme-im-schienenverkehr\\\/#primaryimage\",\"url\":\"https:\\\/\\\/www.tstcables.com\\\/wp-content\\\/uploads\\\/2024\\\/03\\\/5-7.jpg\",\"contentUrl\":\"https:\\\/\\\/www.tstcables.com\\\/wp-content\\\/uploads\\\/2024\\\/03\\\/5-7.jpg\",\"width\":640,\"height\":640,\"caption\":\"CAN BUS\\\/RS485\\\/RS422 communication cable\"},{\"@type\":\"BreadcrumbList\",\"@id\":\"https:\\\/\\\/www.tstcables.com\\\/de\\\/produkt\\\/kabel-fuer-zugsteuerungssysteme-im-schienenverkehr\\\/#breadcrumb\",\"itemListElement\":[{\"@type\":\"ListItem\",\"position\":1,\"name\":\"\u9996\u9875\",\"item\":\"https:\\\/\\\/www.tstcables.com\\\/de\\\/\"},{\"@type\":\"ListItem\",\"position\":2,\"name\":\"Product\",\"item\":\"https:\\\/\\\/www.tstcables.com\\\/product\\\/\"},{\"@type\":\"ListItem\",\"position\":3,\"name\":\"Kabel f\u00fcr Zugsteuerungssysteme im Schienenverkehr\"}]},{\"@type\":\"WebSite\",\"@id\":\"https:\\\/\\\/www.tstcables.com\\\/de\\\/#website\",\"url\":\"https:\\\/\\\/www.tstcables.com\\\/de\\\/\",\"name\":\"TST Cable supplier & Manufacture\",\"description\":\"TST CABLES  supplier &amp; Manufacture official website\",\"publisher\":{\"@id\":\"https:\\\/\\\/www.tstcables.com\\\/de\\\/#organization\"},\"potentialAction\":[{\"@type\":\"SearchAction\",\"target\":{\"@type\":\"EntryPoint\",\"urlTemplate\":\"https:\\\/\\\/www.tstcables.com\\\/de\\\/?s={search_term_string}\"},\"query-input\":{\"@type\":\"PropertyValueSpecification\",\"valueRequired\":true,\"valueName\":\"search_term_string\"}}],\"inLanguage\":\"de\"},{\"@type\":\"Organization\",\"@id\":\"https:\\\/\\\/www.tstcables.com\\\/de\\\/#organization\",\"name\":\"TST Cable supplier & Manufacture\",\"url\":\"https:\\\/\\\/www.tstcables.com\\\/de\\\/\",\"logo\":{\"@type\":\"ImageObject\",\"inLanguage\":\"de\",\"@id\":\"https:\\\/\\\/www.tstcables.com\\\/de\\\/#\\\/schema\\\/logo\\\/image\\\/\",\"url\":\"https:\\\/\\\/www.tstcables.com\\\/wp-content\\\/uploads\\\/2024\\\/04\\\/cropped-\u753b\u677f-1-\u62f7\u8d1d-4-1.png\",\"contentUrl\":\"https:\\\/\\\/www.tstcables.com\\\/wp-content\\\/uploads\\\/2024\\\/04\\\/cropped-\u753b\u677f-1-\u62f7\u8d1d-4-1.png\",\"width\":300,\"height\":100,\"caption\":\"TST Cable supplier & Manufacture\"},\"image\":{\"@id\":\"https:\\\/\\\/www.tstcables.com\\\/de\\\/#\\\/schema\\\/logo\\\/image\\\/\"}}]}<\/script>\n<!-- \/ Yoast SEO plugin. -->","yoast_head_json":{"title":"Kabel f\u00fcr Zugsteuerungssysteme im Schienenverkehr","description":"Zugsteuerungskabel f\u00fcr den Schienenverkehr spielen eine wichtige Rolle in den Zugsteuerungssystemen von Schienenverkehrsfahrzeugen und erleichtern die Signal\u00fcbertragung und Stromversorgung.","robots":{"index":"index","follow":"follow","max-snippet":"max-snippet:-1","max-image-preview":"max-image-preview:large","max-video-preview":"max-video-preview:-1"},"canonical":"https:\/\/www.tstcables.com\/de\/produkt\/kabel-fuer-zugsteuerungssysteme-im-schienenverkehr\/","og_locale":"de_DE","og_type":"article","og_title":"Kabel f\u00fcr Zugsteuerungssysteme im Schienenverkehr","og_description":"Zugsteuerungskabel f\u00fcr den Schienenverkehr spielen eine wichtige Rolle in den Zugsteuerungssystemen von Schienenverkehrsfahrzeugen und erleichtern die Signal\u00fcbertragung und Stromversorgung.","og_url":"https:\/\/www.tstcables.com\/de\/produkt\/kabel-fuer-zugsteuerungssysteme-im-schienenverkehr\/","og_site_name":"TST CABLES supplier &amp; Manufacture","og_image":[{"width":640,"height":640,"url":"https:\/\/www.tstcables.com\/wp-content\/uploads\/2024\/03\/5-7.jpg","type":"image\/jpeg"}],"twitter_card":"summary_large_image","schema":{"@context":"https:\/\/schema.org","@graph":[{"@type":"WebPage","@id":"https:\/\/www.tstcables.com\/de\/produkt\/kabel-fuer-zugsteuerungssysteme-im-schienenverkehr\/","url":"https:\/\/www.tstcables.com\/de\/produkt\/kabel-fuer-zugsteuerungssysteme-im-schienenverkehr\/","name":"Kabel f\u00fcr Zugsteuerungssysteme im Schienenverkehr","isPartOf":{"@id":"https:\/\/www.tstcables.com\/de\/#website"},"primaryImageOfPage":{"@id":"https:\/\/www.tstcables.com\/de\/produkt\/kabel-fuer-zugsteuerungssysteme-im-schienenverkehr\/#primaryimage"},"image":{"@id":"https:\/\/www.tstcables.com\/de\/produkt\/kabel-fuer-zugsteuerungssysteme-im-schienenverkehr\/#primaryimage"},"thumbnailUrl":"https:\/\/www.tstcables.com\/wp-content\/uploads\/2024\/03\/5-7.jpg","datePublished":"2024-04-11T06:39:51+00:00","description":"Zugsteuerungskabel f\u00fcr den Schienenverkehr spielen eine wichtige Rolle in den Zugsteuerungssystemen von Schienenverkehrsfahrzeugen und erleichtern die Signal\u00fcbertragung und Stromversorgung.","breadcrumb":{"@id":"https:\/\/www.tstcables.com\/de\/produkt\/kabel-fuer-zugsteuerungssysteme-im-schienenverkehr\/#breadcrumb"},"inLanguage":"de","potentialAction":[{"@type":"ReadAction","target":["https:\/\/www.tstcables.com\/de\/produkt\/kabel-fuer-zugsteuerungssysteme-im-schienenverkehr\/"]}]},{"@type":"ImageObject","inLanguage":"de","@id":"https:\/\/www.tstcables.com\/de\/produkt\/kabel-fuer-zugsteuerungssysteme-im-schienenverkehr\/#primaryimage","url":"https:\/\/www.tstcables.com\/wp-content\/uploads\/2024\/03\/5-7.jpg","contentUrl":"https:\/\/www.tstcables.com\/wp-content\/uploads\/2024\/03\/5-7.jpg","width":640,"height":640,"caption":"CAN BUS\/RS485\/RS422 communication cable"},{"@type":"BreadcrumbList","@id":"https:\/\/www.tstcables.com\/de\/produkt\/kabel-fuer-zugsteuerungssysteme-im-schienenverkehr\/#breadcrumb","itemListElement":[{"@type":"ListItem","position":1,"name":"\u9996\u9875","item":"https:\/\/www.tstcables.com\/de\/"},{"@type":"ListItem","position":2,"name":"Product","item":"https:\/\/www.tstcables.com\/product\/"},{"@type":"ListItem","position":3,"name":"Kabel f\u00fcr Zugsteuerungssysteme im Schienenverkehr"}]},{"@type":"WebSite","@id":"https:\/\/www.tstcables.com\/de\/#website","url":"https:\/\/www.tstcables.com\/de\/","name":"TST Cable supplier & Manufacture","description":"TST CABLES  supplier &amp; Manufacture official website","publisher":{"@id":"https:\/\/www.tstcables.com\/de\/#organization"},"potentialAction":[{"@type":"SearchAction","target":{"@type":"EntryPoint","urlTemplate":"https:\/\/www.tstcables.com\/de\/?s={search_term_string}"},"query-input":{"@type":"PropertyValueSpecification","valueRequired":true,"valueName":"search_term_string"}}],"inLanguage":"de"},{"@type":"Organization","@id":"https:\/\/www.tstcables.com\/de\/#organization","name":"TST Cable supplier & Manufacture","url":"https:\/\/www.tstcables.com\/de\/","logo":{"@type":"ImageObject","inLanguage":"de","@id":"https:\/\/www.tstcables.com\/de\/#\/schema\/logo\/image\/","url":"https:\/\/www.tstcables.com\/wp-content\/uploads\/2024\/04\/cropped-\u753b\u677f-1-\u62f7\u8d1d-4-1.png","contentUrl":"https:\/\/www.tstcables.com\/wp-content\/uploads\/2024\/04\/cropped-\u753b\u677f-1-\u62f7\u8d1d-4-1.png","width":300,"height":100,"caption":"TST Cable supplier & Manufacture"},"image":{"@id":"https:\/\/www.tstcables.com\/de\/#\/schema\/logo\/image\/"}}]}},"_links":{"self":[{"href":"https:\/\/www.tstcables.com\/de\/wp-json\/wp\/v2\/product\/19907","targetHints":{"allow":["GET"]}}],"collection":[{"href":"https:\/\/www.tstcables.com\/de\/wp-json\/wp\/v2\/product"}],"about":[{"href":"https:\/\/www.tstcables.com\/de\/wp-json\/wp\/v2\/types\/product"}],"version-history":[{"count":0,"href":"https:\/\/www.tstcables.com\/de\/wp-json\/wp\/v2\/product\/19907\/revisions"}],"wp:featuredmedia":[{"embeddable":true,"href":"https:\/\/www.tstcables.com\/de\/wp-json\/wp\/v2\/media\/12530"}],"wp:attachment":[{"href":"https:\/\/www.tstcables.com\/de\/wp-json\/wp\/v2\/media?parent=19907"}],"wp:term":[{"taxonomy":"product_brand","embeddable":true,"href":"https:\/\/www.tstcables.com\/de\/wp-json\/wp\/v2\/product_brand?post=19907"},{"taxonomy":"product_cat","embeddable":true,"href":"https:\/\/www.tstcables.com\/de\/wp-json\/wp\/v2\/product_cat?post=19907"},{"taxonomy":"product_tag","embeddable":true,"href":"https:\/\/www.tstcables.com\/de\/wp-json\/wp\/v2\/product_tag?post=19907"}],"curies":[{"name":"wp","href":"https:\/\/api.w.org\/{rel}","templated":true}]}}