{"id":19908,"date":"2024-04-11T15:35:15","date_gmt":"2024-04-11T07:35:15","guid":{"rendered":"https:\/\/www.tstcables.com\/product\/kabel-des-fahrzeugbremssystems\/"},"modified":"2024-04-11T15:35:15","modified_gmt":"2024-04-11T07:35:15","slug":"kabel-des-fahrzeugbremssystems","status":"publish","type":"product","link":"https:\/\/www.tstcables.com\/de\/produkt\/kabel-des-fahrzeugbremssystems\/","title":{"rendered":"Kabel des Fahrzeugbremssystems"},"content":{"rendered":"<p>Anwendung:<\/p>\n<p>Fahrzeugbremssystem<\/p>\n<p>Charakteristisch:<\/p>\n<ul>\n<li>Temperaturbest\u00e4ndigkeit: -40\u00b0C bis 125\u00b0C<\/li>\n<li>Nennspannung: 300 V (Pr\u00fcfspannung: 3500 V\/5 Min.)<\/li>\n<li>Nennspannung: 300 V (Pr\u00fcfspannung: 3500 V\/5 Min.)<\/li>\n<li>Mantelst\u00e4rke: 10 MPa&gt;<\/li>\n<li>Kabelbiegeradius: 6-facher Au\u00dfendurchmesser (6D)<\/li>\n<li>Hohe Leitf\u00e4higkeit<\/li>\n<\/ul>\n<p>Industriestandard:<\/p>\n<ul>\n<li>EN45545-2<\/li>\n<\/ul>\n<p>Struktur:<\/p>\n<ul>\n<li>Leiter: Versilberter Kupferleiter, entweder 5-Klassen- oder 6-Klassen-Struktur.<\/li>\n<li>Isolierung: Halogenfreies Copolymer.<\/li>\n<li>Abschirmung: Verzinntes Kupfergeflecht.<\/li>\n<li>Mantel\/Mantel: Halogenfreies Copolymer.<\/li>\n<\/ul>\n<p>Auswahlparameter<\/p>\n<style type=\"text\/css\">\n.tg  {border-collapse:collapse;border-spacing:0;}<br \/>\n.tg td{border-color:black;border-style:solid;border-width:1px;font-family:Arial, sans-serif;font-size:14px;<br \/>\n  overflow:hidden;padding:10px 5px;word-break:normal;}<br \/>\n.tg th{border-color:black;border-style:solid;border-width:1px;font-family:Arial, sans-serif;font-size:14px;<br \/>\n  font-weight:normal;overflow:hidden;padding:10px 5px;word-break:normal;}<br \/>\n.tg .tg-949j{background-color:#F5F7F9;border-color:inherit;color:#333;text-align:center;vertical-align:top}<br \/>\n.tg .tg-qfl9{background-color:#F5F7F9;text-align:center;vertical-align:middle}<br \/>\n.tg .tg-ybkv{background-color:#F5F7F9;text-align:left;vertical-align:middle}<br \/>\n.tg .tg-1771{background-color:#F5F7F9;text-align:center;vertical-align:top}<br \/>\n.tg .tg-ywbj{background-color:#F5F7F9;text-align:left;vertical-align:top}<br \/>\n<\/style>\n<table class=\"tg\">\n<thead>\n<tr>\n<th class=\"tg-949j\" rowspan=\"2\">Anzahl der Adern * Nennquerschnitt\/mm2<\/th>\n<th class=\"tg-1771\" rowspan=\"2\">D\u00e4mmst\u00e4rke\/mm<\/th>\n<th class=\"tg-1771\" rowspan=\"2\">Au\u00dfendurchmesser der Isolierung\/mm<\/th>\n<th class=\"tg-1771\" colspan=\"2\">Mantelst\u00e4rke\/mm<\/th>\n<\/tr>\n<tr>\n<th class=\"tg-qfl9\">0.5<\/th>\n<th class=\"tg-1771\">4.4\u00b10.2mm<\/th>\n<\/tr>\n<\/thead>\n<tbody>\n<tr>\n<td class=\"tg-ywbj\">4X0.5<\/td>\n<td class=\"tg-ywbj\">0.25\u00b10.05<\/td>\n<td class=\"tg-ywbj\">1.4\u00b10.1<\/td>\n<td class=\"tg-ybkv\">0.6<\/td>\n<td class=\"tg-ywbj\">5.0\u00b10.2mm<\/td>\n<\/tr>\n<tr>\n<td class=\"tg-ywbj\">5X0.5<\/td>\n<td class=\"tg-ywbj\">0.25\u00b10.05<\/td>\n<td class=\"tg-ywbj\">1.4\u00b10.1<\/td>\n<td class=\"tg-ybkv\">0.5<\/td>\n<td class=\"tg-ywbj\">5.2\u00b10.2mm<\/td>\n<\/tr>\n<tr>\n<td class=\"tg-ywbj\">6X0.5<\/td>\n<td class=\"tg-ywbj\">0.25\u00b10.05<\/td>\n<td class=\"tg-ywbj\">1.4\u00b10.1<\/td>\n<td class=\"tg-ybkv\">0.6<\/td>\n<td class=\"tg-ywbj\">6.2\u00b10.2mm<\/td>\n<\/tr>\n<tr>\n<td class=\"tg-ywbj\">8X0.5<\/td>\n<td class=\"tg-ywbj\">0.25\u00b10.05<\/td>\n<td class=\"tg-ywbj\">1.4\u00b10.1<\/td>\n<td class=\"tg-ybkv\">0.5<\/td>\n<td class=\"tg-ywbj\">6.1\u00b10.2mm<\/td>\n<\/tr>\n<tr>\n<td class=\"tg-ywbj\" rowspan=\"2\">2*4*0.2<\/td>\n<td class=\"tg-ywbj\" rowspan=\"2\">0.25\/0.2<\/td>\n<td class=\"tg-ywbj\">1.4\u00b10.1\/1.3<\/td>\n<td class=\"tg-ybkv\" rowspan=\"2\">1.2<\/td>\n<td class=\"tg-ywbj\" rowspan=\"2\">9.0\u00b10.2mm<\/td>\n<\/tr>\n<tr>\n<td class=\"tg-ywbj\">\u00b10.1<\/td>\n<\/tr>\n<\/tbody>\n<\/table>\n","protected":false},"excerpt":{"rendered":"<p>Fahrzeugbremssystemkabel sind hochtemperaturbest\u00e4ndig, feuerbest\u00e4ndig und biegbar und spielen eine wichtige Rolle bei der \u00dcbertragung von Signalen und Befehlen zwischen dem Bremspedal und den Komponenten des Bremssystems.<\/p>\n","protected":false},"featured_media":11486,"template":"","meta":{"_eb_attr":"","site-sidebar-layout":"default","site-content-layout":"","ast-site-content-layout":"default","site-content-style":"default","site-sidebar-style":"default","ast-global-header-display":"","ast-banner-title-visibility":"","ast-main-header-display":"","ast-hfb-above-header-display":"","ast-hfb-below-header-display":"","ast-hfb-mobile-header-display":"","site-post-title":"","ast-breadcrumbs-content":"","ast-featured-img":"","footer-sml-layout":"","theme-transparent-header-meta":"default","adv-header-id-meta":"","stick-header-meta":"","header-above-stick-meta":"","header-main-stick-meta":"","header-below-stick-meta":"","astra-migrate-meta-layouts":"default","ast-page-background-enabled":"default","ast-page-background-meta":{"desktop":{"background-color":"","background-image":"","background-repeat":"repeat","background-position":"center center","background-size":"auto","background-attachment":"scroll","background-type":"","background-media":"","overlay-type":"","overlay-color":"","overlay-opacity":"","overlay-gradient":""},"tablet":{"background-color":"","background-image":"","background-repeat":"repeat","background-position":"center center","background-size":"auto","background-attachment":"scroll","background-type":"","background-media":"","overlay-type":"","overlay-color":"","overlay-opacity":"","overlay-gradient":""},"mobile":{"background-color":"","background-image":"","background-repeat":"repeat","background-position":"center center","background-size":"auto","background-attachment":"scroll","background-type":"","background-media":"","overlay-type":"","overlay-color":"","overlay-opacity":"","overlay-gradient":""}},"ast-content-background-meta":{"desktop":{"background-color":"var(--ast-global-color-5)","background-image":"","background-repeat":"repeat","background-position":"center center","background-size":"auto","background-attachment":"scroll","background-type":"","background-media":"","overlay-type":"","overlay-color":"","overlay-opacity":"","overlay-gradient":""},"tablet":{"background-color":"var(--ast-global-color-5)","background-image":"","background-repeat":"repeat","background-position":"center center","background-size":"auto","background-attachment":"scroll","background-type":"","background-media":"","overlay-type":"","overlay-color":"","overlay-opacity":"","overlay-gradient":""},"mobile":{"background-color":"var(--ast-global-color-5)","background-image":"","background-repeat":"repeat","background-position":"center center","background-size":"auto","background-attachment":"scroll","background-type":"","background-media":"","overlay-type":"","overlay-color":"","overlay-opacity":"","overlay-gradient":""}}},"product_brand":[],"product_cat":[708],"product_tag":[1551,1577],"class_list":{"0":"post-19908","1":"product","2":"type-product","3":"status-publish","4":"has-post-thumbnail","6":"product_cat-rail-way-de","7":"product_tag-sensorkabel","8":"product_tag-verbundsensorkabel","9":"desktop-align-center","10":"tablet-align-left","11":"mobile-align-left","13":"first","14":"instock","15":"shipping-taxable","16":"product-type-simple"},"yoast_head":"<!-- This site is optimized with the Yoast SEO plugin v27.5 - https:\/\/yoast.com\/product\/yoast-seo-wordpress\/ -->\n<title>Kabel des Fahrzeugbremssystems<\/title>\n<meta name=\"description\" content=\"Kabel des Fahrzeugbremssystems spielen eine entscheidende Rolle bei der \u00dcbertragung von Signalen und Befehlen zwischen dem Bremspedal und den Komponenten des Bremssystems.\" \/>\n<meta name=\"robots\" content=\"index, follow, max-snippet:-1, max-image-preview:large, max-video-preview:-1\" \/>\n<link rel=\"canonical\" href=\"https:\/\/www.tstcables.com\/de\/produkt\/kabel-des-fahrzeugbremssystems\/\" \/>\n<meta property=\"og:locale\" content=\"de_DE\" \/>\n<meta property=\"og:type\" content=\"article\" \/>\n<meta property=\"og:title\" content=\"Kabel des Fahrzeugbremssystems\" \/>\n<meta property=\"og:description\" content=\"Kabel des Fahrzeugbremssystems spielen eine entscheidende Rolle bei der \u00dcbertragung von Signalen und Befehlen zwischen dem Bremspedal und den Komponenten des Bremssystems.\" \/>\n<meta property=\"og:url\" content=\"https:\/\/www.tstcables.com\/de\/produkt\/kabel-des-fahrzeugbremssystems\/\" \/>\n<meta property=\"og:site_name\" content=\"TST CABLES supplier &amp; Manufacture\" \/>\n<meta property=\"og:image\" content=\"https:\/\/www.tstcables.com\/wp-content\/uploads\/2024\/03\/Composite-sensor-cable.jpg\" \/>\n\t<meta property=\"og:image:width\" content=\"500\" \/>\n\t<meta property=\"og:image:height\" content=\"500\" \/>\n\t<meta property=\"og:image:type\" content=\"image\/jpeg\" \/>\n<meta name=\"twitter:card\" content=\"summary_large_image\" \/>\n<script type=\"application\/ld+json\" class=\"yoast-schema-graph\">{\"@context\":\"https:\\\/\\\/schema.org\",\"@graph\":[{\"@type\":\"WebPage\",\"@id\":\"https:\\\/\\\/www.tstcables.com\\\/de\\\/produkt\\\/kabel-des-fahrzeugbremssystems\\\/\",\"url\":\"https:\\\/\\\/www.tstcables.com\\\/de\\\/produkt\\\/kabel-des-fahrzeugbremssystems\\\/\",\"name\":\"Kabel des Fahrzeugbremssystems\",\"isPartOf\":{\"@id\":\"https:\\\/\\\/www.tstcables.com\\\/de\\\/#website\"},\"primaryImageOfPage\":{\"@id\":\"https:\\\/\\\/www.tstcables.com\\\/de\\\/produkt\\\/kabel-des-fahrzeugbremssystems\\\/#primaryimage\"},\"image\":{\"@id\":\"https:\\\/\\\/www.tstcables.com\\\/de\\\/produkt\\\/kabel-des-fahrzeugbremssystems\\\/#primaryimage\"},\"thumbnailUrl\":\"https:\\\/\\\/www.tstcables.com\\\/wp-content\\\/uploads\\\/2024\\\/03\\\/Composite-sensor-cable.jpg\",\"datePublished\":\"2024-04-11T07:35:15+00:00\",\"description\":\"Kabel des Fahrzeugbremssystems spielen eine entscheidende Rolle bei der \u00dcbertragung von Signalen und Befehlen zwischen dem Bremspedal und den Komponenten des Bremssystems.\",\"breadcrumb\":{\"@id\":\"https:\\\/\\\/www.tstcables.com\\\/de\\\/produkt\\\/kabel-des-fahrzeugbremssystems\\\/#breadcrumb\"},\"inLanguage\":\"de\",\"potentialAction\":[{\"@type\":\"ReadAction\",\"target\":[\"https:\\\/\\\/www.tstcables.com\\\/de\\\/produkt\\\/kabel-des-fahrzeugbremssystems\\\/\"]}]},{\"@type\":\"ImageObject\",\"inLanguage\":\"de\",\"@id\":\"https:\\\/\\\/www.tstcables.com\\\/de\\\/produkt\\\/kabel-des-fahrzeugbremssystems\\\/#primaryimage\",\"url\":\"https:\\\/\\\/www.tstcables.com\\\/wp-content\\\/uploads\\\/2024\\\/03\\\/Composite-sensor-cable.jpg\",\"contentUrl\":\"https:\\\/\\\/www.tstcables.com\\\/wp-content\\\/uploads\\\/2024\\\/03\\\/Composite-sensor-cable.jpg\",\"width\":500,\"height\":500,\"caption\":\"Composite sensor cable\"},{\"@type\":\"BreadcrumbList\",\"@id\":\"https:\\\/\\\/www.tstcables.com\\\/de\\\/produkt\\\/kabel-des-fahrzeugbremssystems\\\/#breadcrumb\",\"itemListElement\":[{\"@type\":\"ListItem\",\"position\":1,\"name\":\"\u9996\u9875\",\"item\":\"https:\\\/\\\/www.tstcables.com\\\/de\\\/\"},{\"@type\":\"ListItem\",\"position\":2,\"name\":\"Product\",\"item\":\"https:\\\/\\\/www.tstcables.com\\\/product\\\/\"},{\"@type\":\"ListItem\",\"position\":3,\"name\":\"Kabel des Fahrzeugbremssystems\"}]},{\"@type\":\"WebSite\",\"@id\":\"https:\\\/\\\/www.tstcables.com\\\/de\\\/#website\",\"url\":\"https:\\\/\\\/www.tstcables.com\\\/de\\\/\",\"name\":\"TST Cable supplier & Manufacture\",\"description\":\"TST CABLES  supplier &amp; Manufacture official website\",\"publisher\":{\"@id\":\"https:\\\/\\\/www.tstcables.com\\\/de\\\/#organization\"},\"potentialAction\":[{\"@type\":\"SearchAction\",\"target\":{\"@type\":\"EntryPoint\",\"urlTemplate\":\"https:\\\/\\\/www.tstcables.com\\\/de\\\/?s={search_term_string}\"},\"query-input\":{\"@type\":\"PropertyValueSpecification\",\"valueRequired\":true,\"valueName\":\"search_term_string\"}}],\"inLanguage\":\"de\"},{\"@type\":\"Organization\",\"@id\":\"https:\\\/\\\/www.tstcables.com\\\/de\\\/#organization\",\"name\":\"TST Cable supplier & Manufacture\",\"url\":\"https:\\\/\\\/www.tstcables.com\\\/de\\\/\",\"logo\":{\"@type\":\"ImageObject\",\"inLanguage\":\"de\",\"@id\":\"https:\\\/\\\/www.tstcables.com\\\/de\\\/#\\\/schema\\\/logo\\\/image\\\/\",\"url\":\"https:\\\/\\\/www.tstcables.com\\\/wp-content\\\/uploads\\\/2024\\\/04\\\/cropped-\u753b\u677f-1-\u62f7\u8d1d-4-1.png\",\"contentUrl\":\"https:\\\/\\\/www.tstcables.com\\\/wp-content\\\/uploads\\\/2024\\\/04\\\/cropped-\u753b\u677f-1-\u62f7\u8d1d-4-1.png\",\"width\":300,\"height\":100,\"caption\":\"TST Cable supplier & Manufacture\"},\"image\":{\"@id\":\"https:\\\/\\\/www.tstcables.com\\\/de\\\/#\\\/schema\\\/logo\\\/image\\\/\"}}]}<\/script>\n<!-- \/ Yoast SEO plugin. -->","yoast_head_json":{"title":"Kabel des Fahrzeugbremssystems","description":"Kabel des Fahrzeugbremssystems spielen eine entscheidende Rolle bei der \u00dcbertragung von Signalen und Befehlen zwischen dem Bremspedal und den Komponenten des Bremssystems.","robots":{"index":"index","follow":"follow","max-snippet":"max-snippet:-1","max-image-preview":"max-image-preview:large","max-video-preview":"max-video-preview:-1"},"canonical":"https:\/\/www.tstcables.com\/de\/produkt\/kabel-des-fahrzeugbremssystems\/","og_locale":"de_DE","og_type":"article","og_title":"Kabel des Fahrzeugbremssystems","og_description":"Kabel des Fahrzeugbremssystems spielen eine entscheidende Rolle bei der \u00dcbertragung von Signalen und Befehlen zwischen dem Bremspedal und den Komponenten des Bremssystems.","og_url":"https:\/\/www.tstcables.com\/de\/produkt\/kabel-des-fahrzeugbremssystems\/","og_site_name":"TST CABLES supplier &amp; Manufacture","og_image":[{"width":500,"height":500,"url":"https:\/\/www.tstcables.com\/wp-content\/uploads\/2024\/03\/Composite-sensor-cable.jpg","type":"image\/jpeg"}],"twitter_card":"summary_large_image","schema":{"@context":"https:\/\/schema.org","@graph":[{"@type":"WebPage","@id":"https:\/\/www.tstcables.com\/de\/produkt\/kabel-des-fahrzeugbremssystems\/","url":"https:\/\/www.tstcables.com\/de\/produkt\/kabel-des-fahrzeugbremssystems\/","name":"Kabel des Fahrzeugbremssystems","isPartOf":{"@id":"https:\/\/www.tstcables.com\/de\/#website"},"primaryImageOfPage":{"@id":"https:\/\/www.tstcables.com\/de\/produkt\/kabel-des-fahrzeugbremssystems\/#primaryimage"},"image":{"@id":"https:\/\/www.tstcables.com\/de\/produkt\/kabel-des-fahrzeugbremssystems\/#primaryimage"},"thumbnailUrl":"https:\/\/www.tstcables.com\/wp-content\/uploads\/2024\/03\/Composite-sensor-cable.jpg","datePublished":"2024-04-11T07:35:15+00:00","description":"Kabel des Fahrzeugbremssystems spielen eine entscheidende Rolle bei der \u00dcbertragung von Signalen und Befehlen zwischen dem Bremspedal und den Komponenten des Bremssystems.","breadcrumb":{"@id":"https:\/\/www.tstcables.com\/de\/produkt\/kabel-des-fahrzeugbremssystems\/#breadcrumb"},"inLanguage":"de","potentialAction":[{"@type":"ReadAction","target":["https:\/\/www.tstcables.com\/de\/produkt\/kabel-des-fahrzeugbremssystems\/"]}]},{"@type":"ImageObject","inLanguage":"de","@id":"https:\/\/www.tstcables.com\/de\/produkt\/kabel-des-fahrzeugbremssystems\/#primaryimage","url":"https:\/\/www.tstcables.com\/wp-content\/uploads\/2024\/03\/Composite-sensor-cable.jpg","contentUrl":"https:\/\/www.tstcables.com\/wp-content\/uploads\/2024\/03\/Composite-sensor-cable.jpg","width":500,"height":500,"caption":"Composite sensor cable"},{"@type":"BreadcrumbList","@id":"https:\/\/www.tstcables.com\/de\/produkt\/kabel-des-fahrzeugbremssystems\/#breadcrumb","itemListElement":[{"@type":"ListItem","position":1,"name":"\u9996\u9875","item":"https:\/\/www.tstcables.com\/de\/"},{"@type":"ListItem","position":2,"name":"Product","item":"https:\/\/www.tstcables.com\/product\/"},{"@type":"ListItem","position":3,"name":"Kabel des Fahrzeugbremssystems"}]},{"@type":"WebSite","@id":"https:\/\/www.tstcables.com\/de\/#website","url":"https:\/\/www.tstcables.com\/de\/","name":"TST Cable supplier & Manufacture","description":"TST CABLES  supplier &amp; Manufacture official website","publisher":{"@id":"https:\/\/www.tstcables.com\/de\/#organization"},"potentialAction":[{"@type":"SearchAction","target":{"@type":"EntryPoint","urlTemplate":"https:\/\/www.tstcables.com\/de\/?s={search_term_string}"},"query-input":{"@type":"PropertyValueSpecification","valueRequired":true,"valueName":"search_term_string"}}],"inLanguage":"de"},{"@type":"Organization","@id":"https:\/\/www.tstcables.com\/de\/#organization","name":"TST Cable supplier & Manufacture","url":"https:\/\/www.tstcables.com\/de\/","logo":{"@type":"ImageObject","inLanguage":"de","@id":"https:\/\/www.tstcables.com\/de\/#\/schema\/logo\/image\/","url":"https:\/\/www.tstcables.com\/wp-content\/uploads\/2024\/04\/cropped-\u753b\u677f-1-\u62f7\u8d1d-4-1.png","contentUrl":"https:\/\/www.tstcables.com\/wp-content\/uploads\/2024\/04\/cropped-\u753b\u677f-1-\u62f7\u8d1d-4-1.png","width":300,"height":100,"caption":"TST Cable supplier & Manufacture"},"image":{"@id":"https:\/\/www.tstcables.com\/de\/#\/schema\/logo\/image\/"}}]}},"_links":{"self":[{"href":"https:\/\/www.tstcables.com\/de\/wp-json\/wp\/v2\/product\/19908","targetHints":{"allow":["GET"]}}],"collection":[{"href":"https:\/\/www.tstcables.com\/de\/wp-json\/wp\/v2\/product"}],"about":[{"href":"https:\/\/www.tstcables.com\/de\/wp-json\/wp\/v2\/types\/product"}],"version-history":[{"count":0,"href":"https:\/\/www.tstcables.com\/de\/wp-json\/wp\/v2\/product\/19908\/revisions"}],"wp:featuredmedia":[{"embeddable":true,"href":"https:\/\/www.tstcables.com\/de\/wp-json\/wp\/v2\/media\/11486"}],"wp:attachment":[{"href":"https:\/\/www.tstcables.com\/de\/wp-json\/wp\/v2\/media?parent=19908"}],"wp:term":[{"taxonomy":"product_brand","embeddable":true,"href":"https:\/\/www.tstcables.com\/de\/wp-json\/wp\/v2\/product_brand?post=19908"},{"taxonomy":"product_cat","embeddable":true,"href":"https:\/\/www.tstcables.com\/de\/wp-json\/wp\/v2\/product_cat?post=19908"},{"taxonomy":"product_tag","embeddable":true,"href":"https:\/\/www.tstcables.com\/de\/wp-json\/wp\/v2\/product_tag?post=19908"}],"curies":[{"name":"wp","href":"https:\/\/api.w.org\/{rel}","templated":true}]}}