{"id":19914,"date":"2024-03-25T15:00:10","date_gmt":"2024-03-25T07:00:10","guid":{"rendered":"https:\/\/www.tstcables.com\/product\/25-mm-marine-dc-hochtemperatur-und-hochspannungsbestaendiges-lsoh-silikonkabel\/"},"modified":"2024-03-25T15:00:10","modified_gmt":"2024-03-25T07:00:10","slug":"25-mm-marine-dc-hochtemperatur-und-hochspannungsbestaendiges-lsoh-silikonkabel","status":"publish","type":"product","link":"https:\/\/www.tstcables.com\/de\/produkt\/25-mm-marine-dc-hochtemperatur-und-hochspannungsbestaendiges-lsoh-silikonkabel\/","title":{"rendered":"2,5-mm-Marine-DC-Hochtemperatur- und Hochspannungsbest\u00e4ndiges LSOH-Silikonkabel"},"content":{"rendered":"<p>Produktname: Marine DC Hochtemperatur- und Hochspannungsbest\u00e4ndiges LSOH-Silikonkabel<\/p>\n<p>Produktmodell: 2,5 mm<\/p>\n<p>Spannungsfestigkeit: 150\/250 V (300 V).<\/p>\n<p>Temperaturbereich: -40\u2103-+125\u2103<\/p>\n<p>&nbsp;<\/p>\n<p><strong>Anwendungen:<\/strong><\/p>\n<p>Die Produkte werden speziell f\u00fcr Strom-, Beleuchtungs- und allgemeine Steuer- und Instrumentenschaltkreise verschiedener Schiffe in Fl\u00fcssen und Meeren sowie f\u00fcr Offshore-\u00d6lplattformen und andere Wasserstrukturen verwendet.<\/p>\n<p>&nbsp;<\/p>\n<p><strong>Produktmerkmale:<\/strong><\/p>\n<p>Es wurde von der CCS China Classification Society zertifiziert. Es zeichnet sich durch geringe Rauchentwicklung, Halogenfreiheit und geringe Toxizit\u00e4t aus und ist best\u00e4ndig gegen Schimmel und Salzspr\u00fchnebelkorrosion.<\/p>\n<p>&nbsp;<\/p>\n<p><strong>Industriestandard:<\/strong><\/p>\n<p>IEC 60228, IEC 60092-350, IEC 60092-360, IEC 60092-376, IEC 60332-1,<\/p>\n<p>IEC60332-3, IEC60331, IEC61034, IEC60754, GJB150, GJB1916<\/p>\n<p>&nbsp;<\/p>\n<p><strong>Technische Parameter<\/strong><\/p>\n<table class=\"tg\">\n<thead>\n<tr>\n<th class=\"tg-wa1i\">Spezifikation<\/th>\n<th class=\"tg-wa1i\">Leiterstruktur<\/th>\n<th class=\"tg-wa1i\" rowspan=\"2\">Nennisolationsgrad mm<\/th>\n<th class=\"tg-wa1i\" colspan=\"2\">Nenndicke des Mantels mm<\/th>\n<th class=\"tg-wa1i\" rowspan=\"2\">Panzerdrahtdurchmesser bin<\/th>\n<th class=\"tg-wa1i\" colspan=\"2\">Kabelau\u00dfendurchmesser mm<\/th>\n<th class=\"tg-wa1i\">Berechnetes Gewicht des Kabels kg\/km<\/th>\n<\/tr>\n<tr>\n<th class=\"tg-wa1i\">Anzahl der Adern \u00d7 nominale Schnittfl\u00e4che mm2<\/th>\n<th class=\"tg-wa1i\">Anzahl der Litzen\/Einzeldraht-Nenndurchmesser, mm<\/th>\n<th class=\"tg-wa1i\">Innenh\u00fclle<\/th>\n<th class=\"tg-wa1i\">Mantel<\/th>\n<th class=\"tg-wa1i\">Nennwert<\/th>\n<th class=\"tg-wa1i\">Maximalwert<\/th>\n<th class=\"tg-wa1i\">CKGZP85<\/th>\n<\/tr>\n<\/thead>\n<tbody>\n<tr>\n<td class=\"tg-baqh\">2\u00d72.5<\/td>\n<td class=\"tg-baqh\">7\/0.68<\/td>\n<td class=\"tg-8d8j\">0.8<\/td>\n<td class=\"tg-8d8j\"><\/td>\n<td class=\"tg-8d8j\">1.2<\/td>\n<td class=\"tg-8d8j\">0.3<\/td>\n<td class=\"tg-8d8j\">12.3<\/td>\n<td class=\"tg-8d8j\">14<\/td>\n<td class=\"tg-8d8j\">175<\/td>\n<\/tr>\n<tr>\n<td class=\"tg-baqh\">4\u00d72.5<\/td>\n<td class=\"tg-baqh\">7\/0.68<\/td>\n<td class=\"tg-8d8j\">0.8<\/td>\n<td class=\"tg-8d8j\"><\/td>\n<td class=\"tg-8d8j\">1.2<\/td>\n<td class=\"tg-8d8j\">0.3<\/td>\n<td class=\"tg-8d8j\">13.9<\/td>\n<td class=\"tg-8d8j\">16<\/td>\n<td class=\"tg-8d8j\">292<\/td>\n<\/tr>\n<tr>\n<td class=\"tg-baqh\">7\u00d72.5<\/td>\n<td class=\"tg-baqh\">7\/0.68<\/td>\n<td class=\"tg-8d8j\">0.8<\/td>\n<td class=\"tg-8d8j\"><\/td>\n<td class=\"tg-8d8j\">1.3<\/td>\n<td class=\"tg-8d8j\">0.3<\/td>\n<td class=\"tg-8d8j\">16.3<\/td>\n<td class=\"tg-8d8j\">18.5<\/td>\n<td class=\"tg-8d8j\">435<\/td>\n<\/tr>\n<tr>\n<td class=\"tg-baqh\">10\u00d72.5<\/td>\n<td class=\"tg-baqh\">7\/0.68<\/td>\n<td class=\"tg-8d8j\">0.8<\/td>\n<td class=\"tg-8d8j\"><\/td>\n<td class=\"tg-8d8j\">1.4<\/td>\n<td class=\"tg-8d8j\">0.3<\/td>\n<td class=\"tg-8d8j\">20.3<\/td>\n<td class=\"tg-8d8j\">23<\/td>\n<td class=\"tg-8d8j\">603<\/td>\n<\/tr>\n<tr>\n<td class=\"tg-baqh\">14\u00d72.5<\/td>\n<td class=\"tg-baqh\">7\/0.68<\/td>\n<td class=\"tg-8d8j\">0.8<\/td>\n<td class=\"tg-8d8j\"><\/td>\n<td class=\"tg-8d8j\">1.4<\/td>\n<td class=\"tg-8d8j\">0.3<\/td>\n<td class=\"tg-8d8j\">21.9<\/td>\n<td class=\"tg-8d8j\">24.5<\/td>\n<td class=\"tg-8d8j\">769<\/td>\n<\/tr>\n<tr>\n<td class=\"tg-baqh\">19\u00d72.5<\/td>\n<td class=\"tg-baqh\">7\/0.68<\/td>\n<td class=\"tg-8d8j\">0.8<\/td>\n<td class=\"tg-8d8j\"><\/td>\n<td class=\"tg-8d8j\">1.5<\/td>\n<td class=\"tg-8d8j\">0.3<\/td>\n<td class=\"tg-8d8j\">24.3<\/td>\n<td class=\"tg-8d8j\">27.5<\/td>\n<td class=\"tg-8d8j\">990<\/td>\n<\/tr>\n<tr>\n<td class=\"tg-baqh\">24\u00d72.5<\/td>\n<td class=\"tg-baqh\">7\/0.68<\/td>\n<td class=\"tg-8d8j\">0.8<\/td>\n<td class=\"tg-8d8j\"><\/td>\n<td class=\"tg-8d8j\">1.6<\/td>\n<td class=\"tg-8d8j\">0.3<\/td>\n<td class=\"tg-8d8j\">28.3<\/td>\n<td class=\"tg-8d8j\">31.5<\/td>\n<td class=\"tg-baqh\">1 236<\/td>\n<\/tr>\n<tr>\n<td class=\"tg-baqh\">30\u00d72.5<\/td>\n<td class=\"tg-baqh\">7\/0.68<\/td>\n<td class=\"tg-8d8j\">0.8<\/td>\n<td class=\"tg-8d8j\"><\/td>\n<td class=\"tg-8d8j\">1.6<\/td>\n<td class=\"tg-8d8j\">0.3<\/td>\n<td class=\"tg-8d8j\">29.9<\/td>\n<td class=\"tg-8d8j\">33.5<\/td>\n<td class=\"tg-baqh\">1 488<\/td>\n<\/tr>\n<tr>\n<td class=\"tg-baqh\">37\u00d72.5<\/td>\n<td class=\"tg-baqh\">7\/0.68<\/td>\n<td class=\"tg-8d8j\">0.8<\/td>\n<td class=\"tg-8d8j\"><\/td>\n<td class=\"tg-8d8j\">1.7<\/td>\n<td class=\"tg-8d8j\">0.3<\/td>\n<td class=\"tg-8d8j\">32.3<\/td>\n<td class=\"tg-8d8j\">36<\/td>\n<td class=\"tg-baqh\">1 773<\/td>\n<\/tr>\n<\/tbody>\n<\/table>\n<p><span class=\"Y2IQFc\" lang=\"en\">Hinweis: Produkte mit anderen Parametern k\u00f6nnen je nach Bedarf angepasst werden<\/span><\/p>\n","protected":false},"excerpt":{"rendered":"<p>Die Produkte werden speziell f\u00fcr Strom-, Beleuchtungs- und allgemeine Steuer- und Instrumentenschaltkreise verschiedener Schiffe in Fl\u00fcssen und Meeren sowie f\u00fcr Offshore-\u00d6lplattformen und andere Wasserstrukturen verwendet.<\/p>\n","protected":false},"featured_media":12170,"template":"","meta":{"_eb_attr":"","site-sidebar-layout":"default","site-content-layout":"","ast-site-content-layout":"default","site-content-style":"default","site-sidebar-style":"default","ast-global-header-display":"","ast-banner-title-visibility":"","ast-main-header-display":"","ast-hfb-above-header-display":"","ast-hfb-below-header-display":"","ast-hfb-mobile-header-display":"","site-post-title":"","ast-breadcrumbs-content":"","ast-featured-img":"","footer-sml-layout":"","theme-transparent-header-meta":"default","adv-header-id-meta":"","stick-header-meta":"","header-above-stick-meta":"","header-main-stick-meta":"","header-below-stick-meta":"","astra-migrate-meta-layouts":"default","ast-page-background-enabled":"default","ast-page-background-meta":{"desktop":{"background-color":"","background-image":"","background-repeat":"repeat","background-position":"center center","background-size":"auto","background-attachment":"scroll","background-type":"","background-media":"","overlay-type":"","overlay-color":"","overlay-opacity":"","overlay-gradient":""},"tablet":{"background-color":"","background-image":"","background-repeat":"repeat","background-position":"center center","background-size":"auto","background-attachment":"scroll","background-type":"","background-media":"","overlay-type":"","overlay-color":"","overlay-opacity":"","overlay-gradient":""},"mobile":{"background-color":"","background-image":"","background-repeat":"repeat","background-position":"center center","background-size":"auto","background-attachment":"scroll","background-type":"","background-media":"","overlay-type":"","overlay-color":"","overlay-opacity":"","overlay-gradient":""}},"ast-content-background-meta":{"desktop":{"background-color":"var(--ast-global-color-5)","background-image":"","background-repeat":"repeat","background-position":"center center","background-size":"auto","background-attachment":"scroll","background-type":"","background-media":"","overlay-type":"","overlay-color":"","overlay-opacity":"","overlay-gradient":""},"tablet":{"background-color":"var(--ast-global-color-5)","background-image":"","background-repeat":"repeat","background-position":"center center","background-size":"auto","background-attachment":"scroll","background-type":"","background-media":"","overlay-type":"","overlay-color":"","overlay-opacity":"","overlay-gradient":""},"mobile":{"background-color":"var(--ast-global-color-5)","background-image":"","background-repeat":"repeat","background-position":"center center","background-size":"auto","background-attachment":"scroll","background-type":"","background-media":"","overlay-type":"","overlay-color":"","overlay-opacity":"","overlay-gradient":""}}},"product_brand":[],"product_cat":[693,696,697,698,699,691,700,709],"product_tag":[1584,1583],"class_list":{"0":"post-19914","1":"product","2":"type-product","3":"status-publish","4":"has-post-thumbnail","6":"product_cat-enstandard-cable-de","7":"product_cat-en50382-de","8":"product_cat-high-temperature-cable-de","9":"product_cat-ice-standard-de","10":"product_cat-lsoh-cable-de","11":"product_cat-aviation-de","12":"product_cat-marine-de","13":"product_cat-silicone-cable-de","14":"product_tag-ckgzp85-dc-kabel","15":"product_tag-ckgzp85-dc-typ-25-mm","16":"desktop-align-center","17":"tablet-align-left","18":"mobile-align-left","20":"first","21":"instock","22":"shipping-taxable","23":"product-type-simple"},"yoast_head":"<!-- This site is optimized with the Yoast SEO plugin v27.5 - https:\/\/yoast.com\/product\/yoast-seo-wordpress\/ -->\n<title>Elektrisches Schiffskabel CKGZP85\/DC Typ 2,5 mm<\/title>\n<meta name=\"description\" content=\"Schiffs-Elektrokabel, mehradrig, silikonisoliertes Kabel CKGZP85\/DC, Typ 2,5 mm\u00b2, -40 \u00b0C bis +125 \u00b0C. Die Produkte werden speziell f\u00fcr Strom und Beleuchtung verwendet\" \/>\n<meta name=\"robots\" content=\"index, follow, max-snippet:-1, max-image-preview:large, max-video-preview:-1\" \/>\n<link rel=\"canonical\" href=\"https:\/\/www.tstcables.com\/de\/produkt\/25-mm-marine-dc-hochtemperatur-und-hochspannungsbestaendiges-lsoh-silikonkabel\/\" \/>\n<meta property=\"og:locale\" content=\"de_DE\" \/>\n<meta property=\"og:type\" content=\"article\" \/>\n<meta property=\"og:title\" content=\"Elektrisches Schiffskabel CKGZP85\/DC Typ 2,5 mm\" \/>\n<meta property=\"og:description\" content=\"Schiffs-Elektrokabel, mehradrig, silikonisoliertes Kabel CKGZP85\/DC, Typ 2,5 mm\u00b2, -40 \u00b0C bis +125 \u00b0C. Die Produkte werden speziell f\u00fcr Strom und Beleuchtung verwendet\" \/>\n<meta property=\"og:url\" content=\"https:\/\/www.tstcables.com\/de\/produkt\/25-mm-marine-dc-hochtemperatur-und-hochspannungsbestaendiges-lsoh-silikonkabel\/\" \/>\n<meta property=\"og:site_name\" content=\"TST CABLES supplier &amp; Manufacture\" \/>\n<meta property=\"og:image\" content=\"https:\/\/www.tstcables.com\/wp-content\/uploads\/2024\/03\/5-4.jpg\" \/>\n\t<meta property=\"og:image:width\" content=\"640\" \/>\n\t<meta property=\"og:image:height\" content=\"640\" \/>\n\t<meta property=\"og:image:type\" content=\"image\/jpeg\" \/>\n<meta name=\"twitter:card\" content=\"summary_large_image\" \/>\n<meta name=\"twitter:label1\" content=\"Gesch\u00e4tzte Lesezeit\" \/>\n\t<meta name=\"twitter:data1\" content=\"1\u00a0Minute\" \/>\n<script type=\"application\/ld+json\" class=\"yoast-schema-graph\">{\"@context\":\"https:\\\/\\\/schema.org\",\"@graph\":[{\"@type\":\"WebPage\",\"@id\":\"https:\\\/\\\/www.tstcables.com\\\/de\\\/produkt\\\/25-mm-marine-dc-hochtemperatur-und-hochspannungsbestaendiges-lsoh-silikonkabel\\\/\",\"url\":\"https:\\\/\\\/www.tstcables.com\\\/de\\\/produkt\\\/25-mm-marine-dc-hochtemperatur-und-hochspannungsbestaendiges-lsoh-silikonkabel\\\/\",\"name\":\"Elektrisches Schiffskabel CKGZP85\\\/DC Typ 2,5 mm\",\"isPartOf\":{\"@id\":\"https:\\\/\\\/www.tstcables.com\\\/de\\\/#website\"},\"primaryImageOfPage\":{\"@id\":\"https:\\\/\\\/www.tstcables.com\\\/de\\\/produkt\\\/25-mm-marine-dc-hochtemperatur-und-hochspannungsbestaendiges-lsoh-silikonkabel\\\/#primaryimage\"},\"image\":{\"@id\":\"https:\\\/\\\/www.tstcables.com\\\/de\\\/produkt\\\/25-mm-marine-dc-hochtemperatur-und-hochspannungsbestaendiges-lsoh-silikonkabel\\\/#primaryimage\"},\"thumbnailUrl\":\"https:\\\/\\\/www.tstcables.com\\\/wp-content\\\/uploads\\\/2024\\\/03\\\/5-4.jpg\",\"datePublished\":\"2024-03-25T07:00:10+00:00\",\"description\":\"Schiffs-Elektrokabel, mehradrig, silikonisoliertes Kabel CKGZP85\\\/DC, Typ 2,5 mm\u00b2, -40 \u00b0C bis +125 \u00b0C. Die Produkte werden speziell f\u00fcr Strom und Beleuchtung verwendet\",\"breadcrumb\":{\"@id\":\"https:\\\/\\\/www.tstcables.com\\\/de\\\/produkt\\\/25-mm-marine-dc-hochtemperatur-und-hochspannungsbestaendiges-lsoh-silikonkabel\\\/#breadcrumb\"},\"inLanguage\":\"de\",\"potentialAction\":[{\"@type\":\"ReadAction\",\"target\":[\"https:\\\/\\\/www.tstcables.com\\\/de\\\/produkt\\\/25-mm-marine-dc-hochtemperatur-und-hochspannungsbestaendiges-lsoh-silikonkabel\\\/\"]}]},{\"@type\":\"ImageObject\",\"inLanguage\":\"de\",\"@id\":\"https:\\\/\\\/www.tstcables.com\\\/de\\\/produkt\\\/25-mm-marine-dc-hochtemperatur-und-hochspannungsbestaendiges-lsoh-silikonkabel\\\/#primaryimage\",\"url\":\"https:\\\/\\\/www.tstcables.com\\\/wp-content\\\/uploads\\\/2024\\\/03\\\/5-4.jpg\",\"contentUrl\":\"https:\\\/\\\/www.tstcables.com\\\/wp-content\\\/uploads\\\/2024\\\/03\\\/5-4.jpg\",\"width\":640,\"height\":640,\"caption\":\"multi-core silicone insulated cable CKGZP85\\\/DC\"},{\"@type\":\"BreadcrumbList\",\"@id\":\"https:\\\/\\\/www.tstcables.com\\\/de\\\/produkt\\\/25-mm-marine-dc-hochtemperatur-und-hochspannungsbestaendiges-lsoh-silikonkabel\\\/#breadcrumb\",\"itemListElement\":[{\"@type\":\"ListItem\",\"position\":1,\"name\":\"\u9996\u9875\",\"item\":\"https:\\\/\\\/www.tstcables.com\\\/de\\\/\"},{\"@type\":\"ListItem\",\"position\":2,\"name\":\"Product\",\"item\":\"https:\\\/\\\/www.tstcables.com\\\/product\\\/\"},{\"@type\":\"ListItem\",\"position\":3,\"name\":\"2,5-mm-Marine-DC-Hochtemperatur- und Hochspannungsbest\u00e4ndiges LSOH-Silikonkabel\"}]},{\"@type\":\"WebSite\",\"@id\":\"https:\\\/\\\/www.tstcables.com\\\/de\\\/#website\",\"url\":\"https:\\\/\\\/www.tstcables.com\\\/de\\\/\",\"name\":\"TST Cable supplier & Manufacture\",\"description\":\"TST CABLES  supplier &amp; Manufacture official website\",\"publisher\":{\"@id\":\"https:\\\/\\\/www.tstcables.com\\\/de\\\/#organization\"},\"potentialAction\":[{\"@type\":\"SearchAction\",\"target\":{\"@type\":\"EntryPoint\",\"urlTemplate\":\"https:\\\/\\\/www.tstcables.com\\\/de\\\/?s={search_term_string}\"},\"query-input\":{\"@type\":\"PropertyValueSpecification\",\"valueRequired\":true,\"valueName\":\"search_term_string\"}}],\"inLanguage\":\"de\"},{\"@type\":\"Organization\",\"@id\":\"https:\\\/\\\/www.tstcables.com\\\/de\\\/#organization\",\"name\":\"TST Cable supplier & Manufacture\",\"url\":\"https:\\\/\\\/www.tstcables.com\\\/de\\\/\",\"logo\":{\"@type\":\"ImageObject\",\"inLanguage\":\"de\",\"@id\":\"https:\\\/\\\/www.tstcables.com\\\/de\\\/#\\\/schema\\\/logo\\\/image\\\/\",\"url\":\"https:\\\/\\\/www.tstcables.com\\\/wp-content\\\/uploads\\\/2024\\\/04\\\/cropped-\u753b\u677f-1-\u62f7\u8d1d-4-1.png\",\"contentUrl\":\"https:\\\/\\\/www.tstcables.com\\\/wp-content\\\/uploads\\\/2024\\\/04\\\/cropped-\u753b\u677f-1-\u62f7\u8d1d-4-1.png\",\"width\":300,\"height\":100,\"caption\":\"TST Cable supplier & Manufacture\"},\"image\":{\"@id\":\"https:\\\/\\\/www.tstcables.com\\\/de\\\/#\\\/schema\\\/logo\\\/image\\\/\"}}]}<\/script>\n<!-- \/ Yoast SEO plugin. -->","yoast_head_json":{"title":"Elektrisches Schiffskabel CKGZP85\/DC Typ 2,5 mm","description":"Schiffs-Elektrokabel, mehradrig, silikonisoliertes Kabel CKGZP85\/DC, Typ 2,5 mm\u00b2, -40 \u00b0C bis +125 \u00b0C. Die Produkte werden speziell f\u00fcr Strom und Beleuchtung verwendet","robots":{"index":"index","follow":"follow","max-snippet":"max-snippet:-1","max-image-preview":"max-image-preview:large","max-video-preview":"max-video-preview:-1"},"canonical":"https:\/\/www.tstcables.com\/de\/produkt\/25-mm-marine-dc-hochtemperatur-und-hochspannungsbestaendiges-lsoh-silikonkabel\/","og_locale":"de_DE","og_type":"article","og_title":"Elektrisches Schiffskabel CKGZP85\/DC Typ 2,5 mm","og_description":"Schiffs-Elektrokabel, mehradrig, silikonisoliertes Kabel CKGZP85\/DC, Typ 2,5 mm\u00b2, -40 \u00b0C bis +125 \u00b0C. Die Produkte werden speziell f\u00fcr Strom und Beleuchtung verwendet","og_url":"https:\/\/www.tstcables.com\/de\/produkt\/25-mm-marine-dc-hochtemperatur-und-hochspannungsbestaendiges-lsoh-silikonkabel\/","og_site_name":"TST CABLES supplier &amp; Manufacture","og_image":[{"width":640,"height":640,"url":"https:\/\/www.tstcables.com\/wp-content\/uploads\/2024\/03\/5-4.jpg","type":"image\/jpeg"}],"twitter_card":"summary_large_image","twitter_misc":{"Gesch\u00e4tzte Lesezeit":"1\u00a0Minute"},"schema":{"@context":"https:\/\/schema.org","@graph":[{"@type":"WebPage","@id":"https:\/\/www.tstcables.com\/de\/produkt\/25-mm-marine-dc-hochtemperatur-und-hochspannungsbestaendiges-lsoh-silikonkabel\/","url":"https:\/\/www.tstcables.com\/de\/produkt\/25-mm-marine-dc-hochtemperatur-und-hochspannungsbestaendiges-lsoh-silikonkabel\/","name":"Elektrisches Schiffskabel CKGZP85\/DC Typ 2,5 mm","isPartOf":{"@id":"https:\/\/www.tstcables.com\/de\/#website"},"primaryImageOfPage":{"@id":"https:\/\/www.tstcables.com\/de\/produkt\/25-mm-marine-dc-hochtemperatur-und-hochspannungsbestaendiges-lsoh-silikonkabel\/#primaryimage"},"image":{"@id":"https:\/\/www.tstcables.com\/de\/produkt\/25-mm-marine-dc-hochtemperatur-und-hochspannungsbestaendiges-lsoh-silikonkabel\/#primaryimage"},"thumbnailUrl":"https:\/\/www.tstcables.com\/wp-content\/uploads\/2024\/03\/5-4.jpg","datePublished":"2024-03-25T07:00:10+00:00","description":"Schiffs-Elektrokabel, mehradrig, silikonisoliertes Kabel CKGZP85\/DC, Typ 2,5 mm\u00b2, -40 \u00b0C bis +125 \u00b0C. Die Produkte werden speziell f\u00fcr Strom und Beleuchtung verwendet","breadcrumb":{"@id":"https:\/\/www.tstcables.com\/de\/produkt\/25-mm-marine-dc-hochtemperatur-und-hochspannungsbestaendiges-lsoh-silikonkabel\/#breadcrumb"},"inLanguage":"de","potentialAction":[{"@type":"ReadAction","target":["https:\/\/www.tstcables.com\/de\/produkt\/25-mm-marine-dc-hochtemperatur-und-hochspannungsbestaendiges-lsoh-silikonkabel\/"]}]},{"@type":"ImageObject","inLanguage":"de","@id":"https:\/\/www.tstcables.com\/de\/produkt\/25-mm-marine-dc-hochtemperatur-und-hochspannungsbestaendiges-lsoh-silikonkabel\/#primaryimage","url":"https:\/\/www.tstcables.com\/wp-content\/uploads\/2024\/03\/5-4.jpg","contentUrl":"https:\/\/www.tstcables.com\/wp-content\/uploads\/2024\/03\/5-4.jpg","width":640,"height":640,"caption":"multi-core silicone insulated cable CKGZP85\/DC"},{"@type":"BreadcrumbList","@id":"https:\/\/www.tstcables.com\/de\/produkt\/25-mm-marine-dc-hochtemperatur-und-hochspannungsbestaendiges-lsoh-silikonkabel\/#breadcrumb","itemListElement":[{"@type":"ListItem","position":1,"name":"\u9996\u9875","item":"https:\/\/www.tstcables.com\/de\/"},{"@type":"ListItem","position":2,"name":"Product","item":"https:\/\/www.tstcables.com\/product\/"},{"@type":"ListItem","position":3,"name":"2,5-mm-Marine-DC-Hochtemperatur- und Hochspannungsbest\u00e4ndiges LSOH-Silikonkabel"}]},{"@type":"WebSite","@id":"https:\/\/www.tstcables.com\/de\/#website","url":"https:\/\/www.tstcables.com\/de\/","name":"TST Cable supplier & Manufacture","description":"TST CABLES  supplier &amp; Manufacture official website","publisher":{"@id":"https:\/\/www.tstcables.com\/de\/#organization"},"potentialAction":[{"@type":"SearchAction","target":{"@type":"EntryPoint","urlTemplate":"https:\/\/www.tstcables.com\/de\/?s={search_term_string}"},"query-input":{"@type":"PropertyValueSpecification","valueRequired":true,"valueName":"search_term_string"}}],"inLanguage":"de"},{"@type":"Organization","@id":"https:\/\/www.tstcables.com\/de\/#organization","name":"TST Cable supplier & Manufacture","url":"https:\/\/www.tstcables.com\/de\/","logo":{"@type":"ImageObject","inLanguage":"de","@id":"https:\/\/www.tstcables.com\/de\/#\/schema\/logo\/image\/","url":"https:\/\/www.tstcables.com\/wp-content\/uploads\/2024\/04\/cropped-\u753b\u677f-1-\u62f7\u8d1d-4-1.png","contentUrl":"https:\/\/www.tstcables.com\/wp-content\/uploads\/2024\/04\/cropped-\u753b\u677f-1-\u62f7\u8d1d-4-1.png","width":300,"height":100,"caption":"TST Cable supplier & Manufacture"},"image":{"@id":"https:\/\/www.tstcables.com\/de\/#\/schema\/logo\/image\/"}}]}},"_links":{"self":[{"href":"https:\/\/www.tstcables.com\/de\/wp-json\/wp\/v2\/product\/19914","targetHints":{"allow":["GET"]}}],"collection":[{"href":"https:\/\/www.tstcables.com\/de\/wp-json\/wp\/v2\/product"}],"about":[{"href":"https:\/\/www.tstcables.com\/de\/wp-json\/wp\/v2\/types\/product"}],"version-history":[{"count":0,"href":"https:\/\/www.tstcables.com\/de\/wp-json\/wp\/v2\/product\/19914\/revisions"}],"wp:featuredmedia":[{"embeddable":true,"href":"https:\/\/www.tstcables.com\/de\/wp-json\/wp\/v2\/media\/12170"}],"wp:attachment":[{"href":"https:\/\/www.tstcables.com\/de\/wp-json\/wp\/v2\/media?parent=19914"}],"wp:term":[{"taxonomy":"product_brand","embeddable":true,"href":"https:\/\/www.tstcables.com\/de\/wp-json\/wp\/v2\/product_brand?post=19914"},{"taxonomy":"product_cat","embeddable":true,"href":"https:\/\/www.tstcables.com\/de\/wp-json\/wp\/v2\/product_cat?post=19914"},{"taxonomy":"product_tag","embeddable":true,"href":"https:\/\/www.tstcables.com\/de\/wp-json\/wp\/v2\/product_tag?post=19914"}],"curies":[{"name":"wp","href":"https:\/\/api.w.org\/{rel}","templated":true}]}}