{"id":19916,"date":"2024-03-25T11:53:12","date_gmt":"2024-03-25T03:53:12","guid":{"rendered":"https:\/\/www.tstcables.com\/product\/elektrisches-schiffskabel-075-mm-verschleissfestes-kaeltebestaendiges-silikonisoliertes-lsoh-kabel\/"},"modified":"2024-03-25T11:53:12","modified_gmt":"2024-03-25T03:53:12","slug":"elektrisches-schiffskabel-075-mm-verschleissfestes-kaeltebestaendiges-silikonisoliertes-lsoh-kabel","status":"publish","type":"product","link":"https:\/\/www.tstcables.com\/de\/produkt\/elektrisches-schiffskabel-075-mm-verschleissfestes-kaeltebestaendiges-silikonisoliertes-lsoh-kabel\/","title":{"rendered":"Elektrisches Schiffskabel, 0,75 mm, verschlei\u00dffestes, k\u00e4ltebest\u00e4ndiges, silikonisoliertes LSOH-Kabel"},"content":{"rendered":"<p>Produktname: Elektrisches Schiffskabel, 0,75 mm, verschlei\u00dffestes, k\u00e4ltebest\u00e4ndiges silikonisoliertes Kabel<\/p>\n<p>Produktmodell: 0,75 mm<\/p>\n<p>Spannungsfestigkeit: 150\/250 V (300 V).<\/p>\n<p>Temperaturbereich: -40\u2103-+125\u2103<\/p>\n<p>&nbsp;<\/p>\n<p><strong>Anwendungen:<\/strong><\/p>\n<p>Schiffsstromkabel 0,75 mm verschlei\u00dffeste, niedrigtemperaturbest\u00e4ndige silikonisolierte Kabel werden speziell f\u00fcr Strom-, Beleuchtungs- und allgemeine Steuer- und Instrumentenschaltkreise verschiedener Schiffe in Fl\u00fcssen und Meeren sowie auf Offshore-\u00d6lplattformen und anderen Wasserstrukturen verwendet.<\/p>\n<p>&nbsp;<\/p>\n<p><strong>Produktmerkmale:<\/strong><\/p>\n<p>Elektrisches Schiffskabel Das 0,75 mm dicke, verschlei\u00dffeste, temperaturbest\u00e4ndige silikonisolierte Kabel wurde von der CCS China Classification Society zertifiziert. Es zeichnet sich durch geringe Rauchentwicklung, Halogenfreiheit und geringe Toxizit\u00e4t aus und ist best\u00e4ndig gegen Schimmel und Salzspr\u00fchnebelkorrosion.<\/p>\n<p>&nbsp;<\/p>\n<p><strong>Industriestandard:<\/strong><\/p>\n<p>IEC60228, IEC60092-350, IEC60092-360, IEC60092-376, IEC60332-1,<\/p>\n<p>IEC60332-3, IEC60331, IEC61034, IEC60754, GJB150, GJB1916<\/p>\n<p>&nbsp;<\/p>\n<p><strong>Technische Parameter<\/strong><\/p>\n<p>&nbsp;<\/p>\n<table class=\"tg\">\n<thead>\n<tr>\n<th class=\"tg-uzvj\">Spezifikation<\/th>\n<th class=\"tg-uzvj\">Dirigent<br \/>\nStruktur<\/th>\n<th class=\"tg-uzvj\" rowspan=\"2\">Nominell<br \/>\nGrad<br \/>\nvon<br \/>\nIsolierung<br \/>\nmm<\/th>\n<th class=\"tg-uzvj\" colspan=\"2\">Mantel nominal<br \/>\nDicke mm<\/th>\n<th class=\"tg-uzvj\" rowspan=\"2\">Gepanzert<br \/>\nDraht<br \/>\nDurchmesser<br \/>\nBin<\/th>\n<th class=\"tg-uzvj\" colspan=\"2\">Kabel au\u00dfen<br \/>\nDurchmesser mm<\/th>\n<th class=\"tg-uzvj\" colspan=\"2\">Berechnet<br \/>\nGewicht von<br \/>\nKabel kg\/km<\/th>\n<\/tr>\n<tr>\n<th class=\"tg-uzvj\">Anzahl<br \/>\nKerne \u00d7 nominal<br \/>\nSchnittbereich mm2<\/th>\n<th class=\"tg-uzvj\">Anzahl<br \/>\nStr\u00e4nge\/einzeln<br \/>\nDraht nominal<br \/>\nDurchmesser, mm<\/th>\n<th class=\"tg-uzvj\">Innere<br \/>\n\u00c4rmel<\/th>\n<th class=\"tg-uzvj\">Mantel<\/th>\n<th class=\"tg-uzvj\">nominal<br \/>\nWert<\/th>\n<th class=\"tg-uzvj\">maximal<br \/>\nWert<\/th>\n<th class=\"tg-uzvj\" colspan=\"2\">CKGZP85\/<\/p>\n<p>DC type<\/th>\n<\/tr>\n<\/thead>\n<tbody>\n<tr>\n<td class=\"tg-c3ow\">2\u00d70.75DC-Typ<\/td>\n<td class=\"tg-pb0m\">7\/0.37<\/td>\n<td class=\"tg-pb0m\">0.7<\/td>\n<td class=\"tg-za14\">\/<\/td>\n<td class=\"tg-pb0m\">1<\/td>\n<td class=\"tg-za14\">\/<\/td>\n<td class=\"tg-pb0m\">8.2<\/td>\n<td class=\"tg-pb0m\">9.8<\/td>\n<td class=\"tg-pb0m\" colspan=\"2\">62<\/td>\n<\/tr>\n<tr>\n<td class=\"tg-c3ow\">4\u00d70.75<\/td>\n<td class=\"tg-c3ow\">7\/0.37<\/td>\n<td class=\"tg-pb0m\">0.7<\/td>\n<td class=\"tg-za14\">\/<\/td>\n<td class=\"tg-pb0m\">1.1<\/td>\n<td class=\"tg-za14\">\/<\/td>\n<td class=\"tg-pb0m\">9.5<\/td>\n<td class=\"tg-pb0m\">11.5<\/td>\n<td class=\"tg-pb0m\" colspan=\"2\">98<\/td>\n<\/tr>\n<tr>\n<td class=\"tg-c3ow\">7\u00d70.75<\/td>\n<td class=\"tg-c3ow\">7\/0.37<\/td>\n<td class=\"tg-pb0m\">0.7<\/td>\n<td class=\"tg-za14\">\/<\/td>\n<td class=\"tg-pb0m\">1.1<\/td>\n<td class=\"tg-za14\">\/<\/td>\n<td class=\"tg-pb0m\">11<\/td>\n<td class=\"tg-pb0m\">13.5<\/td>\n<td class=\"tg-pb0m\" colspan=\"2\">145<\/td>\n<\/tr>\n<tr>\n<td class=\"tg-c3ow\">10\u00d70.75<\/td>\n<td class=\"tg-pb0m\">7\/0.37<\/td>\n<td class=\"tg-pb0m\">0.7<\/td>\n<td class=\"tg-za14\">\/<\/td>\n<td class=\"tg-pb0m\">1.3<\/td>\n<td class=\"tg-za14\">\/<\/td>\n<td class=\"tg-pb0m\">14.1<\/td>\n<td class=\"tg-pb0m\">17<\/td>\n<td class=\"tg-pb0m\" colspan=\"2\">211<\/td>\n<\/tr>\n<tr>\n<td class=\"tg-c3ow\">14\u00d70.75<\/td>\n<td class=\"tg-c3ow\">7\/0.37<\/td>\n<td class=\"tg-pb0m\">0.7<\/td>\n<td class=\"tg-za14\">\/<\/td>\n<td class=\"tg-pb0m\">1.3<\/td>\n<td class=\"tg-za14\">\/<\/td>\n<td class=\"tg-pb0m\">15.2<\/td>\n<td class=\"tg-pb0m\">18<\/td>\n<td class=\"tg-pb0m\" colspan=\"2\">270<\/td>\n<\/tr>\n<tr>\n<td class=\"tg-c3ow\">19\u00d70.75<\/td>\n<td class=\"tg-c3ow\">7\/0.37<\/td>\n<td class=\"tg-pb0m\">0.7<\/td>\n<td class=\"tg-za14\">\/<\/td>\n<td class=\"tg-pb0m\">1.3<\/td>\n<td class=\"tg-za14\">\/<\/td>\n<td class=\"tg-pb0m\">16.8<\/td>\n<td class=\"tg-pb0m\">20<\/td>\n<td class=\"tg-pb0m\" colspan=\"2\">345<\/td>\n<\/tr>\n<tr>\n<td class=\"tg-c3ow\">24\u00d70.75<\/td>\n<td class=\"tg-c3ow\">7\/0.37<\/td>\n<td class=\"tg-pb0m\">0.7<\/td>\n<td class=\"tg-za14\">\/<\/td>\n<td class=\"tg-pb0m\">1.5<\/td>\n<td class=\"tg-za14\">\/<\/td>\n<td class=\"tg-pb0m\">19.8<\/td>\n<td class=\"tg-pb0m\">23.5<\/td>\n<td class=\"tg-pb0m\" colspan=\"2\">444<\/td>\n<\/tr>\n<tr>\n<td class=\"tg-c3ow\">30\u00d70.75<\/td>\n<td class=\"tg-c3ow\">7\/0.37<\/td>\n<td class=\"tg-pb0m\">0.7<\/td>\n<td class=\"tg-za14\">\/<\/td>\n<td class=\"tg-pb0m\">1.5<\/td>\n<td class=\"tg-za14\">\/<\/td>\n<td class=\"tg-pb0m\">20.9<\/td>\n<td class=\"tg-pb0m\">24.5<\/td>\n<td class=\"tg-pb0m\" colspan=\"2\">530<\/td>\n<\/tr>\n<tr>\n<td class=\"tg-c3ow\">37\u00d70.75<\/td>\n<td class=\"tg-c3ow\">7\/0.37<\/td>\n<td class=\"tg-pb0m\">0.7<\/td>\n<td class=\"tg-za14\">\/<\/td>\n<td class=\"tg-pb0m\">1.5<\/td>\n<td class=\"tg-za14\">\/<\/td>\n<td class=\"tg-pb0m\">22.5<\/td>\n<td class=\"tg-pb0m\">26.5<\/td>\n<td class=\"tg-pb0m\" colspan=\"2\">633<\/td>\n<\/tr>\n<\/tbody>\n<\/table>\n<p>Hinweis: Produkte mit anderen Spezifikationen k\u00f6nnen auch entsprechend den Kundenbed\u00fcrfnissen angepasst werden<\/p>\n","protected":false},"excerpt":{"rendered":"<p>Schiffsstromkabel 0,75 mm verschlei\u00dffeste, niedrigtemperaturbest\u00e4ndige silikonisolierte Kabel werden speziell f\u00fcr Strom-, Beleuchtungs- und allgemeine Steuer- und Instrumentenschaltkreise verschiedener Schiffe in Fl\u00fcssen und Meeren sowie Offshore-\u00d6lplattformen und anderen Wasserstrukturen verwendet. Sie wurden von CCS China zertifiziert Klassifikationsgesellschaft; Es zeichnet sich durch geringe Rauchentwicklung, Halogenfreiheit und geringe Toxizit\u00e4t aus und ist best\u00e4ndig gegen Schimmel und Salzspr\u00fchnebelkorrosion.<\/p>\n","protected":false},"featured_media":12338,"template":"","meta":{"_eb_attr":"","site-sidebar-layout":"default","site-content-layout":"","ast-site-content-layout":"default","site-content-style":"default","site-sidebar-style":"default","ast-global-header-display":"","ast-banner-title-visibility":"","ast-main-header-display":"","ast-hfb-above-header-display":"","ast-hfb-below-header-display":"","ast-hfb-mobile-header-display":"","site-post-title":"","ast-breadcrumbs-content":"","ast-featured-img":"","footer-sml-layout":"","theme-transparent-header-meta":"default","adv-header-id-meta":"","stick-header-meta":"","header-above-stick-meta":"","header-main-stick-meta":"","header-below-stick-meta":"","astra-migrate-meta-layouts":"default","ast-page-background-enabled":"default","ast-page-background-meta":{"desktop":{"background-color":"","background-image":"","background-repeat":"repeat","background-position":"center center","background-size":"auto","background-attachment":"scroll","background-type":"","background-media":"","overlay-type":"","overlay-color":"","overlay-opacity":"","overlay-gradient":""},"tablet":{"background-color":"","background-image":"","background-repeat":"repeat","background-position":"center center","background-size":"auto","background-attachment":"scroll","background-type":"","background-media":"","overlay-type":"","overlay-color":"","overlay-opacity":"","overlay-gradient":""},"mobile":{"background-color":"","background-image":"","background-repeat":"repeat","background-position":"center center","background-size":"auto","background-attachment":"scroll","background-type":"","background-media":"","overlay-type":"","overlay-color":"","overlay-opacity":"","overlay-gradient":""}},"ast-content-background-meta":{"desktop":{"background-color":"var(--ast-global-color-5)","background-image":"","background-repeat":"repeat","background-position":"center center","background-size":"auto","background-attachment":"scroll","background-type":"","background-media":"","overlay-type":"","overlay-color":"","overlay-opacity":"","overlay-gradient":""},"tablet":{"background-color":"var(--ast-global-color-5)","background-image":"","background-repeat":"repeat","background-position":"center center","background-size":"auto","background-attachment":"scroll","background-type":"","background-media":"","overlay-type":"","overlay-color":"","overlay-opacity":"","overlay-gradient":""},"mobile":{"background-color":"var(--ast-global-color-5)","background-image":"","background-repeat":"repeat","background-position":"center center","background-size":"auto","background-attachment":"scroll","background-type":"","background-media":"","overlay-type":"","overlay-color":"","overlay-opacity":"","overlay-gradient":""}}},"product_brand":[],"product_cat":[693,694,695,698,1514,1515,699,700,1589,1579],"product_tag":[1590,1587,1580],"class_list":{"0":"post-19916","1":"product","2":"type-product","3":"status-publish","4":"has-post-thumbnail","6":"product_cat-enstandard-cable-de","7":"product_cat-en50264-de","8":"product_cat-en50306-de","9":"product_cat-ice-standard-de","10":"product_cat-kleines-kabel","11":"product_cat-leichtes-kabel","12":"product_cat-lsoh-cable-de","13":"product_cat-marine-de","14":"product_cat-niedertemperaturkabel","15":"product_cat-verschleisfestes-kabel","16":"product_tag-ckgzp85-dc-typ-075-mm","17":"product_tag-elektrisches-schiffskabel","18":"product_tag-mehradriges-silikonisoliertes-kabel-ckgzp85-dc","19":"desktop-align-center","20":"tablet-align-left","21":"mobile-align-left","23":"first","24":"instock","25":"shipping-taxable","26":"product-type-simple"},"yoast_head":"<!-- This site is optimized with the Yoast SEO plugin v27.4 - https:\/\/yoast.com\/product\/yoast-seo-wordpress\/ -->\n<title>Elektrokabel f\u00fcr Schiffe, 0,75 mm, verschlei\u00dffestes, k\u00e4ltebest\u00e4ndiges, silikonisoliertes Kabel<\/title>\n<meta name=\"description\" content=\"Schiffsstromkabel 0,75 mm verschlei\u00dffestes, k\u00e4ltebest\u00e4ndiges silikonisoliertes Kabel, speziell f\u00fcr Strom, Beleuchtung...\" \/>\n<meta name=\"robots\" content=\"index, follow, max-snippet:-1, max-image-preview:large, max-video-preview:-1\" \/>\n<link rel=\"canonical\" href=\"https:\/\/www.tstcables.com\/de\/produkt\/elektrisches-schiffskabel-075-mm-verschleissfestes-kaeltebestaendiges-silikonisoliertes-lsoh-kabel\/\" \/>\n<meta property=\"og:locale\" content=\"de_DE\" \/>\n<meta property=\"og:type\" content=\"article\" \/>\n<meta property=\"og:title\" content=\"Elektrokabel f\u00fcr Schiffe, 0,75 mm, verschlei\u00dffestes, k\u00e4ltebest\u00e4ndiges, silikonisoliertes Kabel\" \/>\n<meta property=\"og:description\" content=\"Schiffsstromkabel 0,75 mm verschlei\u00dffestes, k\u00e4ltebest\u00e4ndiges silikonisoliertes Kabel, speziell f\u00fcr Strom, Beleuchtung...\" \/>\n<meta property=\"og:url\" content=\"https:\/\/www.tstcables.com\/de\/produkt\/elektrisches-schiffskabel-075-mm-verschleissfestes-kaeltebestaendiges-silikonisoliertes-lsoh-kabel\/\" \/>\n<meta property=\"og:site_name\" content=\"TST CABLES supplier &amp; Manufacture\" \/>\n<meta property=\"og:image\" content=\"https:\/\/www.tstcables.com\/wp-content\/uploads\/2024\/03\/1.webp\" \/>\n\t<meta property=\"og:image:width\" content=\"640\" \/>\n\t<meta property=\"og:image:height\" content=\"640\" \/>\n\t<meta property=\"og:image:type\" content=\"image\/webp\" \/>\n<meta name=\"twitter:card\" content=\"summary_large_image\" \/>\n<meta name=\"twitter:label1\" content=\"Gesch\u00e4tzte Lesezeit\" \/>\n\t<meta name=\"twitter:data1\" content=\"1\u00a0Minute\" \/>\n<script type=\"application\/ld+json\" class=\"yoast-schema-graph\">{\"@context\":\"https:\\\/\\\/schema.org\",\"@graph\":[{\"@type\":\"WebPage\",\"@id\":\"https:\\\/\\\/www.tstcables.com\\\/de\\\/produkt\\\/elektrisches-schiffskabel-075-mm-verschleissfestes-kaeltebestaendiges-silikonisoliertes-lsoh-kabel\\\/\",\"url\":\"https:\\\/\\\/www.tstcables.com\\\/de\\\/produkt\\\/elektrisches-schiffskabel-075-mm-verschleissfestes-kaeltebestaendiges-silikonisoliertes-lsoh-kabel\\\/\",\"name\":\"Elektrokabel f\u00fcr Schiffe, 0,75 mm, verschlei\u00dffestes, k\u00e4ltebest\u00e4ndiges, silikonisoliertes Kabel\",\"isPartOf\":{\"@id\":\"https:\\\/\\\/www.tstcables.com\\\/de\\\/#website\"},\"primaryImageOfPage\":{\"@id\":\"https:\\\/\\\/www.tstcables.com\\\/de\\\/produkt\\\/elektrisches-schiffskabel-075-mm-verschleissfestes-kaeltebestaendiges-silikonisoliertes-lsoh-kabel\\\/#primaryimage\"},\"image\":{\"@id\":\"https:\\\/\\\/www.tstcables.com\\\/de\\\/produkt\\\/elektrisches-schiffskabel-075-mm-verschleissfestes-kaeltebestaendiges-silikonisoliertes-lsoh-kabel\\\/#primaryimage\"},\"thumbnailUrl\":\"https:\\\/\\\/www.tstcables.com\\\/wp-content\\\/uploads\\\/2024\\\/03\\\/1.webp\",\"datePublished\":\"2024-03-25T03:53:12+00:00\",\"description\":\"Schiffsstromkabel 0,75 mm verschlei\u00dffestes, k\u00e4ltebest\u00e4ndiges silikonisoliertes Kabel, speziell f\u00fcr Strom, Beleuchtung...\",\"breadcrumb\":{\"@id\":\"https:\\\/\\\/www.tstcables.com\\\/de\\\/produkt\\\/elektrisches-schiffskabel-075-mm-verschleissfestes-kaeltebestaendiges-silikonisoliertes-lsoh-kabel\\\/#breadcrumb\"},\"inLanguage\":\"de\",\"potentialAction\":[{\"@type\":\"ReadAction\",\"target\":[\"https:\\\/\\\/www.tstcables.com\\\/de\\\/produkt\\\/elektrisches-schiffskabel-075-mm-verschleissfestes-kaeltebestaendiges-silikonisoliertes-lsoh-kabel\\\/\"]}]},{\"@type\":\"ImageObject\",\"inLanguage\":\"de\",\"@id\":\"https:\\\/\\\/www.tstcables.com\\\/de\\\/produkt\\\/elektrisches-schiffskabel-075-mm-verschleissfestes-kaeltebestaendiges-silikonisoliertes-lsoh-kabel\\\/#primaryimage\",\"url\":\"https:\\\/\\\/www.tstcables.com\\\/wp-content\\\/uploads\\\/2024\\\/03\\\/1.webp\",\"contentUrl\":\"https:\\\/\\\/www.tstcables.com\\\/wp-content\\\/uploads\\\/2024\\\/03\\\/1.webp\",\"width\":640,\"height\":640,\"caption\":\"high frequency wire 32AWG 17AWG\"},{\"@type\":\"BreadcrumbList\",\"@id\":\"https:\\\/\\\/www.tstcables.com\\\/de\\\/produkt\\\/elektrisches-schiffskabel-075-mm-verschleissfestes-kaeltebestaendiges-silikonisoliertes-lsoh-kabel\\\/#breadcrumb\",\"itemListElement\":[{\"@type\":\"ListItem\",\"position\":1,\"name\":\"\u9996\u9875\",\"item\":\"https:\\\/\\\/www.tstcables.com\\\/de\\\/\"},{\"@type\":\"ListItem\",\"position\":2,\"name\":\"Product\",\"item\":\"https:\\\/\\\/www.tstcables.com\\\/product\\\/\"},{\"@type\":\"ListItem\",\"position\":3,\"name\":\"Elektrisches Schiffskabel, 0,75 mm, verschlei\u00dffestes, k\u00e4ltebest\u00e4ndiges, silikonisoliertes LSOH-Kabel\"}]},{\"@type\":\"WebSite\",\"@id\":\"https:\\\/\\\/www.tstcables.com\\\/de\\\/#website\",\"url\":\"https:\\\/\\\/www.tstcables.com\\\/de\\\/\",\"name\":\"TST Cable supplier & Manufacture\",\"description\":\"TST CABLES  supplier &amp; Manufacture official website\",\"publisher\":{\"@id\":\"https:\\\/\\\/www.tstcables.com\\\/de\\\/#organization\"},\"potentialAction\":[{\"@type\":\"SearchAction\",\"target\":{\"@type\":\"EntryPoint\",\"urlTemplate\":\"https:\\\/\\\/www.tstcables.com\\\/de\\\/?s={search_term_string}\"},\"query-input\":{\"@type\":\"PropertyValueSpecification\",\"valueRequired\":true,\"valueName\":\"search_term_string\"}}],\"inLanguage\":\"de\"},{\"@type\":\"Organization\",\"@id\":\"https:\\\/\\\/www.tstcables.com\\\/de\\\/#organization\",\"name\":\"TST Cable supplier & Manufacture\",\"url\":\"https:\\\/\\\/www.tstcables.com\\\/de\\\/\",\"logo\":{\"@type\":\"ImageObject\",\"inLanguage\":\"de\",\"@id\":\"https:\\\/\\\/www.tstcables.com\\\/de\\\/#\\\/schema\\\/logo\\\/image\\\/\",\"url\":\"https:\\\/\\\/www.tstcables.com\\\/wp-content\\\/uploads\\\/2024\\\/04\\\/cropped-\u753b\u677f-1-\u62f7\u8d1d-4-1.png\",\"contentUrl\":\"https:\\\/\\\/www.tstcables.com\\\/wp-content\\\/uploads\\\/2024\\\/04\\\/cropped-\u753b\u677f-1-\u62f7\u8d1d-4-1.png\",\"width\":300,\"height\":100,\"caption\":\"TST Cable supplier & Manufacture\"},\"image\":{\"@id\":\"https:\\\/\\\/www.tstcables.com\\\/de\\\/#\\\/schema\\\/logo\\\/image\\\/\"}}]}<\/script>\n<!-- \/ Yoast SEO plugin. -->","yoast_head_json":{"title":"Elektrokabel f\u00fcr Schiffe, 0,75 mm, verschlei\u00dffestes, k\u00e4ltebest\u00e4ndiges, silikonisoliertes Kabel","description":"Schiffsstromkabel 0,75 mm verschlei\u00dffestes, k\u00e4ltebest\u00e4ndiges silikonisoliertes Kabel, speziell f\u00fcr Strom, Beleuchtung...","robots":{"index":"index","follow":"follow","max-snippet":"max-snippet:-1","max-image-preview":"max-image-preview:large","max-video-preview":"max-video-preview:-1"},"canonical":"https:\/\/www.tstcables.com\/de\/produkt\/elektrisches-schiffskabel-075-mm-verschleissfestes-kaeltebestaendiges-silikonisoliertes-lsoh-kabel\/","og_locale":"de_DE","og_type":"article","og_title":"Elektrokabel f\u00fcr Schiffe, 0,75 mm, verschlei\u00dffestes, k\u00e4ltebest\u00e4ndiges, silikonisoliertes Kabel","og_description":"Schiffsstromkabel 0,75 mm verschlei\u00dffestes, k\u00e4ltebest\u00e4ndiges silikonisoliertes Kabel, speziell f\u00fcr Strom, Beleuchtung...","og_url":"https:\/\/www.tstcables.com\/de\/produkt\/elektrisches-schiffskabel-075-mm-verschleissfestes-kaeltebestaendiges-silikonisoliertes-lsoh-kabel\/","og_site_name":"TST CABLES supplier &amp; Manufacture","og_image":[{"width":640,"height":640,"url":"https:\/\/www.tstcables.com\/wp-content\/uploads\/2024\/03\/1.webp","type":"image\/webp"}],"twitter_card":"summary_large_image","twitter_misc":{"Gesch\u00e4tzte Lesezeit":"1\u00a0Minute"},"schema":{"@context":"https:\/\/schema.org","@graph":[{"@type":"WebPage","@id":"https:\/\/www.tstcables.com\/de\/produkt\/elektrisches-schiffskabel-075-mm-verschleissfestes-kaeltebestaendiges-silikonisoliertes-lsoh-kabel\/","url":"https:\/\/www.tstcables.com\/de\/produkt\/elektrisches-schiffskabel-075-mm-verschleissfestes-kaeltebestaendiges-silikonisoliertes-lsoh-kabel\/","name":"Elektrokabel f\u00fcr Schiffe, 0,75 mm, verschlei\u00dffestes, k\u00e4ltebest\u00e4ndiges, silikonisoliertes Kabel","isPartOf":{"@id":"https:\/\/www.tstcables.com\/de\/#website"},"primaryImageOfPage":{"@id":"https:\/\/www.tstcables.com\/de\/produkt\/elektrisches-schiffskabel-075-mm-verschleissfestes-kaeltebestaendiges-silikonisoliertes-lsoh-kabel\/#primaryimage"},"image":{"@id":"https:\/\/www.tstcables.com\/de\/produkt\/elektrisches-schiffskabel-075-mm-verschleissfestes-kaeltebestaendiges-silikonisoliertes-lsoh-kabel\/#primaryimage"},"thumbnailUrl":"https:\/\/www.tstcables.com\/wp-content\/uploads\/2024\/03\/1.webp","datePublished":"2024-03-25T03:53:12+00:00","description":"Schiffsstromkabel 0,75 mm verschlei\u00dffestes, k\u00e4ltebest\u00e4ndiges silikonisoliertes Kabel, speziell f\u00fcr Strom, Beleuchtung...","breadcrumb":{"@id":"https:\/\/www.tstcables.com\/de\/produkt\/elektrisches-schiffskabel-075-mm-verschleissfestes-kaeltebestaendiges-silikonisoliertes-lsoh-kabel\/#breadcrumb"},"inLanguage":"de","potentialAction":[{"@type":"ReadAction","target":["https:\/\/www.tstcables.com\/de\/produkt\/elektrisches-schiffskabel-075-mm-verschleissfestes-kaeltebestaendiges-silikonisoliertes-lsoh-kabel\/"]}]},{"@type":"ImageObject","inLanguage":"de","@id":"https:\/\/www.tstcables.com\/de\/produkt\/elektrisches-schiffskabel-075-mm-verschleissfestes-kaeltebestaendiges-silikonisoliertes-lsoh-kabel\/#primaryimage","url":"https:\/\/www.tstcables.com\/wp-content\/uploads\/2024\/03\/1.webp","contentUrl":"https:\/\/www.tstcables.com\/wp-content\/uploads\/2024\/03\/1.webp","width":640,"height":640,"caption":"high frequency wire 32AWG 17AWG"},{"@type":"BreadcrumbList","@id":"https:\/\/www.tstcables.com\/de\/produkt\/elektrisches-schiffskabel-075-mm-verschleissfestes-kaeltebestaendiges-silikonisoliertes-lsoh-kabel\/#breadcrumb","itemListElement":[{"@type":"ListItem","position":1,"name":"\u9996\u9875","item":"https:\/\/www.tstcables.com\/de\/"},{"@type":"ListItem","position":2,"name":"Product","item":"https:\/\/www.tstcables.com\/product\/"},{"@type":"ListItem","position":3,"name":"Elektrisches Schiffskabel, 0,75 mm, verschlei\u00dffestes, k\u00e4ltebest\u00e4ndiges, silikonisoliertes LSOH-Kabel"}]},{"@type":"WebSite","@id":"https:\/\/www.tstcables.com\/de\/#website","url":"https:\/\/www.tstcables.com\/de\/","name":"TST Cable supplier & Manufacture","description":"TST CABLES  supplier &amp; Manufacture official website","publisher":{"@id":"https:\/\/www.tstcables.com\/de\/#organization"},"potentialAction":[{"@type":"SearchAction","target":{"@type":"EntryPoint","urlTemplate":"https:\/\/www.tstcables.com\/de\/?s={search_term_string}"},"query-input":{"@type":"PropertyValueSpecification","valueRequired":true,"valueName":"search_term_string"}}],"inLanguage":"de"},{"@type":"Organization","@id":"https:\/\/www.tstcables.com\/de\/#organization","name":"TST Cable supplier & Manufacture","url":"https:\/\/www.tstcables.com\/de\/","logo":{"@type":"ImageObject","inLanguage":"de","@id":"https:\/\/www.tstcables.com\/de\/#\/schema\/logo\/image\/","url":"https:\/\/www.tstcables.com\/wp-content\/uploads\/2024\/04\/cropped-\u753b\u677f-1-\u62f7\u8d1d-4-1.png","contentUrl":"https:\/\/www.tstcables.com\/wp-content\/uploads\/2024\/04\/cropped-\u753b\u677f-1-\u62f7\u8d1d-4-1.png","width":300,"height":100,"caption":"TST Cable supplier & Manufacture"},"image":{"@id":"https:\/\/www.tstcables.com\/de\/#\/schema\/logo\/image\/"}}]}},"_links":{"self":[{"href":"https:\/\/www.tstcables.com\/de\/wp-json\/wp\/v2\/product\/19916","targetHints":{"allow":["GET"]}}],"collection":[{"href":"https:\/\/www.tstcables.com\/de\/wp-json\/wp\/v2\/product"}],"about":[{"href":"https:\/\/www.tstcables.com\/de\/wp-json\/wp\/v2\/types\/product"}],"version-history":[{"count":0,"href":"https:\/\/www.tstcables.com\/de\/wp-json\/wp\/v2\/product\/19916\/revisions"}],"wp:featuredmedia":[{"embeddable":true,"href":"https:\/\/www.tstcables.com\/de\/wp-json\/wp\/v2\/media\/12338"}],"wp:attachment":[{"href":"https:\/\/www.tstcables.com\/de\/wp-json\/wp\/v2\/media?parent=19916"}],"wp:term":[{"taxonomy":"product_brand","embeddable":true,"href":"https:\/\/www.tstcables.com\/de\/wp-json\/wp\/v2\/product_brand?post=19916"},{"taxonomy":"product_cat","embeddable":true,"href":"https:\/\/www.tstcables.com\/de\/wp-json\/wp\/v2\/product_cat?post=19916"},{"taxonomy":"product_tag","embeddable":true,"href":"https:\/\/www.tstcables.com\/de\/wp-json\/wp\/v2\/product_tag?post=19916"}],"curies":[{"name":"wp","href":"https:\/\/api.w.org\/{rel}","templated":true}]}}