{"id":19917,"date":"2024-03-25T13:50:54","date_gmt":"2024-03-25T05:50:54","guid":{"rendered":"https:\/\/www.tstcables.com\/product\/marine-elektrokabel-1-mm-ac-hochtemperatur-und-hochspannungsbestaendiges-polyolefin-isoliertes-kabel\/"},"modified":"2024-03-25T13:50:54","modified_gmt":"2024-03-25T05:50:54","slug":"marine-elektrokabel-1-mm-ac-hochtemperatur-und-hochspannungsbestaendiges-polyolefin-isoliertes-kabel","status":"publish","type":"product","link":"https:\/\/www.tstcables.com\/de\/produkt\/marine-elektrokabel-1-mm-ac-hochtemperatur-und-hochspannungsbestaendiges-polyolefin-isoliertes-kabel\/","title":{"rendered":"Marine-Elektrokabel 1 mm AC. Hochtemperatur- und hochspannungsbest\u00e4ndiges Polyolefin-isoliertes Kabel"},"content":{"rendered":"<p>Produktmodell: 1,0 mm<\/p>\n<p>Produktname: Marine-Elektrokabel 1 mm AC. Hochtemperatur- und hochspannungsbest\u00e4ndiges Polyolefin-isoliertes Kabel<\/p>\n<p>Spannungsfestigkeit: 150\/250 V (300 V).<\/p>\n<p>Temperaturbereich: -40\u2103-+125\u2103<\/p>\n<p>&nbsp;<\/p>\n<p><strong>Anwendungen:<\/strong><\/p>\n<p>Marine-Elektrokabel 1 mm AC. Hochtemperatur- und hochspannungsbest\u00e4ndige Polyolefin-isolierte Kabel werden speziell f\u00fcr Strom-, Beleuchtungs- und allgemeine Steuer- und Instrumentenschaltkreise verschiedener Schiffe in Fl\u00fcssen und Meeren sowie Offshore-\u00d6lplattformen und anderen Wasserstrukturen verwendet.<\/p>\n<p>&nbsp;<\/p>\n<p><strong>Produktmerkmale:<\/strong><\/p>\n<p>Marine-Elektrokabel 1 mm AC Hochtemperatur- und hochspannungsbest\u00e4ndiges Polyolefin-isoliertes Kabel wurde von der CCS China Classification Society zertifiziert; Es zeichnet sich durch geringe Rauchentwicklung, Halogenfreiheit und geringe Toxizit\u00e4t aus und ist best\u00e4ndig gegen Schimmel und Salzspr\u00fchnebelkorrosion.<\/p>\n<p>&nbsp;<\/p>\n<p><strong>Industriestandard:<\/strong><\/p>\n<p>IEC60228, IEC60092-350, IEC60092-360, IEC60092-376, IEC60332-1, IEC60332-3, IEC60331, IEC61034, IEC60754, GJB150, GJB1916<\/p>\n<p>&nbsp;<\/p>\n<p><strong>Technische Parameter<\/strong><\/p>\n<table class=\"tg\">\n<thead>\n<tr>\n<th class=\"tg-uzvj\">Spezifikation<\/th>\n<th class=\"tg-uzvj\">Leiterstruktur<\/th>\n<th class=\"tg-uzvj\" rowspan=\"2\">Nominell<br \/>\nGrad von<br \/>\nIsolierung mm<\/th>\n<th class=\"tg-uzvj\" colspan=\"2\">Mantel nominal<br \/>\nDicke mm<\/th>\n<th class=\"tg-uzvj\" rowspan=\"2\">Panzerdraht<br \/>\nDurchmesser bin<\/th>\n<th class=\"tg-uzvj\" colspan=\"2\">Kabel au\u00dfen<br \/>\nDurchmesser mm<\/th>\n<th class=\"tg-uzvj\">Berechnet<br \/>\nGewicht von<br \/>\nKabel kg\/km<\/th>\n<\/tr>\n<tr>\n<th class=\"tg-uzvj\">Anzahl<br \/>\nKerne \u00d7<br \/>\nnominal<br \/>\nSchneiden<br \/>\nFl\u00e4che mm2<\/th>\n<th class=\"tg-uzvj\">Anzahl<br \/>\nStr\u00e4nge\/einzeln<br \/>\nDraht nominal<br \/>\nDurchmesser, mm<\/th>\n<th class=\"tg-uzvj\">Innere<br \/>\n\u00c4rmel<\/th>\n<th class=\"tg-uzvj\">Mantel<\/th>\n<th class=\"tg-uzvj\">nominal<br \/>\nWert<\/th>\n<th class=\"tg-uzvj\">maximal<br \/>\nWert<\/th>\n<th class=\"tg-uzvj\">CKOJ 185\/DC<\/th>\n<\/tr>\n<\/thead>\n<tbody>\n<tr>\n<td class=\"tg-c3ow\">2\u00d71<\/td>\n<td class=\"tg-c3ow\">7\/0.43<\/td>\n<td class=\"tg-pb0m\">0.7<\/td>\n<td class=\"tg-za14\"><\/td>\n<td class=\"tg-pb0m\">1.1<\/td>\n<td class=\"tg-pb0m\">0.2<\/td>\n<td class=\"tg-pb0m\">9.7<\/td>\n<td class=\"tg-pb0m\">11.5<\/td>\n<td class=\"tg-pb0m\">111<\/td>\n<\/tr>\n<tr>\n<td class=\"tg-c3ow\">4\u00d71<\/td>\n<td class=\"tg-c3ow\">7\/0.43<\/td>\n<td class=\"tg-pb0m\">0.7<\/td>\n<td class=\"tg-za14\"><\/td>\n<td class=\"tg-pb0m\">1.1<\/td>\n<td class=\"tg-pb0m\">0.2<\/td>\n<td class=\"tg-pb0m\">10.9<\/td>\n<td class=\"tg-pb0m\">12.5<\/td>\n<td class=\"tg-pb0m\">152<\/td>\n<\/tr>\n<tr>\n<td class=\"tg-c3ow\">7\u00d71<\/td>\n<td class=\"tg-pb0m\">7\/0.43<\/td>\n<td class=\"tg-pb0m\">0.7<\/td>\n<td class=\"tg-za14\"><\/td>\n<td class=\"tg-pb0m\">1.2<\/td>\n<td class=\"tg-pb0m\">0.2<\/td>\n<td class=\"tg-pb0m\">12.8<\/td>\n<td class=\"tg-pb0m\">14.5<\/td>\n<td class=\"tg-pb0m\">216<\/td>\n<\/tr>\n<tr>\n<td class=\"tg-c3ow\">10\u00d71<\/td>\n<td class=\"tg-c3ow\">7\/0.43<\/td>\n<td class=\"tg-pb0m\">0.7<\/td>\n<td class=\"tg-c3ow\">\u2014<\/td>\n<td class=\"tg-pb0m\">1.3<\/td>\n<td class=\"tg-pb0m\">0.3<\/td>\n<td class=\"tg-pb0m\">16.3<\/td>\n<td class=\"tg-pb0m\">18.5<\/td>\n<td class=\"tg-pb0m\">322<\/td>\n<\/tr>\n<tr>\n<td class=\"tg-c3ow\">14\u00d71<\/td>\n<td class=\"tg-c3ow\">7\/0.43<\/td>\n<td class=\"tg-pb0m\">0.7<\/td>\n<td class=\"tg-za14\"><\/td>\n<td class=\"tg-pb0m\">1.3<\/td>\n<td class=\"tg-pb0m\">0.3<\/td>\n<td class=\"tg-pb0m\">17.5<\/td>\n<td class=\"tg-pb0m\">20<\/td>\n<td class=\"tg-pb0m\">410<\/td>\n<\/tr>\n<tr>\n<td class=\"tg-c3ow\">19\u00d71<\/td>\n<td class=\"tg-pb0m\">7\/0.43<\/td>\n<td class=\"tg-pb0m\">0.7<\/td>\n<td class=\"tg-za14\"><\/td>\n<td class=\"tg-pb0m\">1.4<\/td>\n<td class=\"tg-pb0m\">0.3<\/td>\n<td class=\"tg-pb0m\">19.4<\/td>\n<td class=\"tg-pb0m\">22<\/td>\n<td class=\"tg-pb0m\">509<\/td>\n<\/tr>\n<tr>\n<td class=\"tg-c3ow\">24\u00d71<\/td>\n<td class=\"tg-c3ow\">7\/0.43<\/td>\n<td class=\"tg-pb0m\">0.7<\/td>\n<td class=\"tg-za14\"><\/td>\n<td class=\"tg-pb0m\">1.5<\/td>\n<td class=\"tg-pb0m\">0.3<\/td>\n<td class=\"tg-pb0m\">22.4<\/td>\n<td class=\"tg-pb0m\">25.5<\/td>\n<td class=\"tg-pb0m\">617<\/td>\n<\/tr>\n<tr>\n<td class=\"tg-c3ow\">30\u00d71<\/td>\n<td class=\"tg-c3ow\">7\/0.43<\/td>\n<td class=\"tg-pb0m\">0.7<\/td>\n<td class=\"tg-c3ow\">\u2014<\/td>\n<td class=\"tg-pb0m\">1.6<\/td>\n<td class=\"tg-pb0m\">0.3<\/td>\n<td class=\"tg-pb0m\">23.8<\/td>\n<td class=\"tg-pb0m\">27<\/td>\n<td class=\"tg-pb0m\">745<\/td>\n<\/tr>\n<tr>\n<td class=\"tg-c3ow\">37\u00d71<\/td>\n<td class=\"tg-pb0m\">7\/0.43<\/td>\n<td class=\"tg-pb0m\">0.7<\/td>\n<td class=\"tg-za14\"><\/td>\n<td class=\"tg-pb0m\">1.6<\/td>\n<td class=\"tg-pb0m\">0.3<\/td>\n<td class=\"tg-pb0m\">25.5<\/td>\n<td class=\"tg-pb0m\">29<\/td>\n<td class=\"tg-pb0m\">871<\/td>\n<\/tr>\n<\/tbody>\n<\/table>\n<p>Hinweis: Produkte mit anderen Spezifikationen k\u00f6nnen auch entsprechend den Kundenbed\u00fcrfnissen angepasst werden<\/p>\n","protected":false},"excerpt":{"rendered":"<p>Marine-Elektrokabel 1 mm AC. Hochtemperatur- und hochspannungsbest\u00e4ndige Polyolefin-isolierte Kabel werden speziell f\u00fcr Strom-, Beleuchtungs- und allgemeine Steuer- und Instrumentenschaltkreise verschiedener Schiffe in Fl\u00fcssen und Meeren sowie Offshore-\u00d6lplattformen und anderen Wasserstrukturen verwendet.<\/p>\n","protected":false},"featured_media":11876,"template":"","meta":{"_eb_attr":"","site-sidebar-layout":"default","site-content-layout":"","ast-site-content-layout":"default","site-content-style":"default","site-sidebar-style":"default","ast-global-header-display":"","ast-banner-title-visibility":"","ast-main-header-display":"","ast-hfb-above-header-display":"","ast-hfb-below-header-display":"","ast-hfb-mobile-header-display":"","site-post-title":"","ast-breadcrumbs-content":"","ast-featured-img":"","footer-sml-layout":"","theme-transparent-header-meta":"default","adv-header-id-meta":"","stick-header-meta":"","header-above-stick-meta":"","header-main-stick-meta":"","header-below-stick-meta":"","astra-migrate-meta-layouts":"default","ast-page-background-enabled":"default","ast-page-background-meta":{"desktop":{"background-color":"","background-image":"","background-repeat":"repeat","background-position":"center center","background-size":"auto","background-attachment":"scroll","background-type":"","background-media":"","overlay-type":"","overlay-color":"","overlay-opacity":"","overlay-gradient":""},"tablet":{"background-color":"","background-image":"","background-repeat":"repeat","background-position":"center center","background-size":"auto","background-attachment":"scroll","background-type":"","background-media":"","overlay-type":"","overlay-color":"","overlay-opacity":"","overlay-gradient":""},"mobile":{"background-color":"","background-image":"","background-repeat":"repeat","background-position":"center center","background-size":"auto","background-attachment":"scroll","background-type":"","background-media":"","overlay-type":"","overlay-color":"","overlay-opacity":"","overlay-gradient":""}},"ast-content-background-meta":{"desktop":{"background-color":"var(--ast-global-color-5)","background-image":"","background-repeat":"repeat","background-position":"center center","background-size":"auto","background-attachment":"scroll","background-type":"","background-media":"","overlay-type":"","overlay-color":"","overlay-opacity":"","overlay-gradient":""},"tablet":{"background-color":"var(--ast-global-color-5)","background-image":"","background-repeat":"repeat","background-position":"center center","background-size":"auto","background-attachment":"scroll","background-type":"","background-media":"","overlay-type":"","overlay-color":"","overlay-opacity":"","overlay-gradient":""},"mobile":{"background-color":"var(--ast-global-color-5)","background-image":"","background-repeat":"repeat","background-position":"center center","background-size":"auto","background-attachment":"scroll","background-type":"","background-media":"","overlay-type":"","overlay-color":"","overlay-opacity":"","overlay-gradient":""}}},"product_brand":[],"product_cat":[693,694,695,697,698,1514,1515,700],"product_tag":[1591,1593,1592],"class_list":{"0":"post-19917","1":"product","2":"type-product","3":"status-publish","4":"has-post-thumbnail","6":"product_cat-enstandard-cable-de","7":"product_cat-en50264-de","8":"product_cat-en50306-de","9":"product_cat-high-temperature-cable-de","10":"product_cat-ice-standard-de","11":"product_cat-kleines-kabel","12":"product_cat-leichtes-kabel","13":"product_cat-marine-de","14":"product_tag-ckojzp85-dc-typ-10-mm","15":"product_tag-elektrisches-schiffskabel-de","16":"product_tag-mehradriges-mit-vernetztem-polyolefin-isoliertes-kabel","17":"desktop-align-center","18":"tablet-align-left","19":"mobile-align-left","21":"first","22":"instock","23":"shipping-taxable","24":"product-type-simple"},"yoast_head":"<!-- This site is optimized with the Yoast SEO plugin v27.4 - https:\/\/yoast.com\/product\/yoast-seo-wordpress\/ -->\n<title>Marine-Elektrokabel 1 mm AC. Hochtemperatur- und hochspannungsbest\u00e4ndiges Polyolefin-isoliertes Kabel<\/title>\n<meta name=\"description\" content=\"Marine-Elektrokabel 1 mm AC. Hochtemperatur- und hochspannungsbest\u00e4ndiges Polyolefin-isoliertes Kabel wurde von der CCS China Classification Society zertifiziert\" \/>\n<meta name=\"robots\" content=\"index, follow, max-snippet:-1, max-image-preview:large, max-video-preview:-1\" \/>\n<link rel=\"canonical\" href=\"https:\/\/www.tstcables.com\/de\/produkt\/marine-elektrokabel-1-mm-ac-hochtemperatur-und-hochspannungsbestaendiges-polyolefin-isoliertes-kabel\/\" \/>\n<meta property=\"og:locale\" content=\"de_DE\" \/>\n<meta property=\"og:type\" content=\"article\" \/>\n<meta property=\"og:title\" content=\"Marine-Elektrokabel 1 mm AC. Hochtemperatur- und hochspannungsbest\u00e4ndiges Polyolefin-isoliertes Kabel\" \/>\n<meta property=\"og:description\" content=\"Marine-Elektrokabel 1 mm AC. Hochtemperatur- und hochspannungsbest\u00e4ndiges Polyolefin-isoliertes Kabel wurde von der CCS China Classification Society zertifiziert\" \/>\n<meta property=\"og:url\" content=\"https:\/\/www.tstcables.com\/de\/produkt\/marine-elektrokabel-1-mm-ac-hochtemperatur-und-hochspannungsbestaendiges-polyolefin-isoliertes-kabel\/\" \/>\n<meta property=\"og:site_name\" content=\"TST CABLES supplier &amp; Manufacture\" \/>\n<meta property=\"og:image\" content=\"https:\/\/www.tstcables.com\/wp-content\/uploads\/2024\/03\/EN50306-3-300V-MM-4.jpg\" \/>\n\t<meta property=\"og:image:width\" content=\"1000\" \/>\n\t<meta property=\"og:image:height\" content=\"1000\" \/>\n\t<meta property=\"og:image:type\" content=\"image\/jpeg\" \/>\n<meta name=\"twitter:card\" content=\"summary_large_image\" \/>\n<meta name=\"twitter:label1\" content=\"Gesch\u00e4tzte Lesezeit\" \/>\n\t<meta name=\"twitter:data1\" content=\"1\u00a0Minute\" \/>\n<script type=\"application\/ld+json\" class=\"yoast-schema-graph\">{\"@context\":\"https:\\\/\\\/schema.org\",\"@graph\":[{\"@type\":\"WebPage\",\"@id\":\"https:\\\/\\\/www.tstcables.com\\\/de\\\/produkt\\\/marine-elektrokabel-1-mm-ac-hochtemperatur-und-hochspannungsbestaendiges-polyolefin-isoliertes-kabel\\\/\",\"url\":\"https:\\\/\\\/www.tstcables.com\\\/de\\\/produkt\\\/marine-elektrokabel-1-mm-ac-hochtemperatur-und-hochspannungsbestaendiges-polyolefin-isoliertes-kabel\\\/\",\"name\":\"Marine-Elektrokabel 1 mm AC. Hochtemperatur- und hochspannungsbest\u00e4ndiges Polyolefin-isoliertes Kabel\",\"isPartOf\":{\"@id\":\"https:\\\/\\\/www.tstcables.com\\\/de\\\/#website\"},\"primaryImageOfPage\":{\"@id\":\"https:\\\/\\\/www.tstcables.com\\\/de\\\/produkt\\\/marine-elektrokabel-1-mm-ac-hochtemperatur-und-hochspannungsbestaendiges-polyolefin-isoliertes-kabel\\\/#primaryimage\"},\"image\":{\"@id\":\"https:\\\/\\\/www.tstcables.com\\\/de\\\/produkt\\\/marine-elektrokabel-1-mm-ac-hochtemperatur-und-hochspannungsbestaendiges-polyolefin-isoliertes-kabel\\\/#primaryimage\"},\"thumbnailUrl\":\"https:\\\/\\\/www.tstcables.com\\\/wp-content\\\/uploads\\\/2024\\\/03\\\/EN50306-3-300V-MM-4.jpg\",\"datePublished\":\"2024-03-25T05:50:54+00:00\",\"description\":\"Marine-Elektrokabel 1 mm AC. Hochtemperatur- und hochspannungsbest\u00e4ndiges Polyolefin-isoliertes Kabel wurde von der CCS China Classification Society zertifiziert\",\"breadcrumb\":{\"@id\":\"https:\\\/\\\/www.tstcables.com\\\/de\\\/produkt\\\/marine-elektrokabel-1-mm-ac-hochtemperatur-und-hochspannungsbestaendiges-polyolefin-isoliertes-kabel\\\/#breadcrumb\"},\"inLanguage\":\"de\",\"potentialAction\":[{\"@type\":\"ReadAction\",\"target\":[\"https:\\\/\\\/www.tstcables.com\\\/de\\\/produkt\\\/marine-elektrokabel-1-mm-ac-hochtemperatur-und-hochspannungsbestaendiges-polyolefin-isoliertes-kabel\\\/\"]}]},{\"@type\":\"ImageObject\",\"inLanguage\":\"de\",\"@id\":\"https:\\\/\\\/www.tstcables.com\\\/de\\\/produkt\\\/marine-elektrokabel-1-mm-ac-hochtemperatur-und-hochspannungsbestaendiges-polyolefin-isoliertes-kabel\\\/#primaryimage\",\"url\":\"https:\\\/\\\/www.tstcables.com\\\/wp-content\\\/uploads\\\/2024\\\/03\\\/EN50306-3-300V-MM-4.jpg\",\"contentUrl\":\"https:\\\/\\\/www.tstcables.com\\\/wp-content\\\/uploads\\\/2024\\\/03\\\/EN50306-3-300V-MM-4.jpg\",\"width\":1000,\"height\":1000,\"caption\":\"multi-core silicone insulated cable CKGZP85\\\/DC\"},{\"@type\":\"BreadcrumbList\",\"@id\":\"https:\\\/\\\/www.tstcables.com\\\/de\\\/produkt\\\/marine-elektrokabel-1-mm-ac-hochtemperatur-und-hochspannungsbestaendiges-polyolefin-isoliertes-kabel\\\/#breadcrumb\",\"itemListElement\":[{\"@type\":\"ListItem\",\"position\":1,\"name\":\"\u9996\u9875\",\"item\":\"https:\\\/\\\/www.tstcables.com\\\/de\\\/\"},{\"@type\":\"ListItem\",\"position\":2,\"name\":\"Product\",\"item\":\"https:\\\/\\\/www.tstcables.com\\\/product\\\/\"},{\"@type\":\"ListItem\",\"position\":3,\"name\":\"Marine-Elektrokabel 1 mm AC. Hochtemperatur- und hochspannungsbest\u00e4ndiges Polyolefin-isoliertes Kabel\"}]},{\"@type\":\"WebSite\",\"@id\":\"https:\\\/\\\/www.tstcables.com\\\/de\\\/#website\",\"url\":\"https:\\\/\\\/www.tstcables.com\\\/de\\\/\",\"name\":\"TST Cable supplier & Manufacture\",\"description\":\"TST CABLES  supplier &amp; Manufacture official website\",\"publisher\":{\"@id\":\"https:\\\/\\\/www.tstcables.com\\\/de\\\/#organization\"},\"potentialAction\":[{\"@type\":\"SearchAction\",\"target\":{\"@type\":\"EntryPoint\",\"urlTemplate\":\"https:\\\/\\\/www.tstcables.com\\\/de\\\/?s={search_term_string}\"},\"query-input\":{\"@type\":\"PropertyValueSpecification\",\"valueRequired\":true,\"valueName\":\"search_term_string\"}}],\"inLanguage\":\"de\"},{\"@type\":\"Organization\",\"@id\":\"https:\\\/\\\/www.tstcables.com\\\/de\\\/#organization\",\"name\":\"TST Cable supplier & Manufacture\",\"url\":\"https:\\\/\\\/www.tstcables.com\\\/de\\\/\",\"logo\":{\"@type\":\"ImageObject\",\"inLanguage\":\"de\",\"@id\":\"https:\\\/\\\/www.tstcables.com\\\/de\\\/#\\\/schema\\\/logo\\\/image\\\/\",\"url\":\"https:\\\/\\\/www.tstcables.com\\\/wp-content\\\/uploads\\\/2024\\\/04\\\/cropped-\u753b\u677f-1-\u62f7\u8d1d-4-1.png\",\"contentUrl\":\"https:\\\/\\\/www.tstcables.com\\\/wp-content\\\/uploads\\\/2024\\\/04\\\/cropped-\u753b\u677f-1-\u62f7\u8d1d-4-1.png\",\"width\":300,\"height\":100,\"caption\":\"TST Cable supplier & Manufacture\"},\"image\":{\"@id\":\"https:\\\/\\\/www.tstcables.com\\\/de\\\/#\\\/schema\\\/logo\\\/image\\\/\"}}]}<\/script>\n<!-- \/ Yoast SEO plugin. -->","yoast_head_json":{"title":"Marine-Elektrokabel 1 mm AC. Hochtemperatur- und hochspannungsbest\u00e4ndiges Polyolefin-isoliertes Kabel","description":"Marine-Elektrokabel 1 mm AC. Hochtemperatur- und hochspannungsbest\u00e4ndiges Polyolefin-isoliertes Kabel wurde von der CCS China Classification Society zertifiziert","robots":{"index":"index","follow":"follow","max-snippet":"max-snippet:-1","max-image-preview":"max-image-preview:large","max-video-preview":"max-video-preview:-1"},"canonical":"https:\/\/www.tstcables.com\/de\/produkt\/marine-elektrokabel-1-mm-ac-hochtemperatur-und-hochspannungsbestaendiges-polyolefin-isoliertes-kabel\/","og_locale":"de_DE","og_type":"article","og_title":"Marine-Elektrokabel 1 mm AC. Hochtemperatur- und hochspannungsbest\u00e4ndiges Polyolefin-isoliertes Kabel","og_description":"Marine-Elektrokabel 1 mm AC. Hochtemperatur- und hochspannungsbest\u00e4ndiges Polyolefin-isoliertes Kabel wurde von der CCS China Classification Society zertifiziert","og_url":"https:\/\/www.tstcables.com\/de\/produkt\/marine-elektrokabel-1-mm-ac-hochtemperatur-und-hochspannungsbestaendiges-polyolefin-isoliertes-kabel\/","og_site_name":"TST CABLES supplier &amp; Manufacture","og_image":[{"width":1000,"height":1000,"url":"https:\/\/www.tstcables.com\/wp-content\/uploads\/2024\/03\/EN50306-3-300V-MM-4.jpg","type":"image\/jpeg"}],"twitter_card":"summary_large_image","twitter_misc":{"Gesch\u00e4tzte Lesezeit":"1\u00a0Minute"},"schema":{"@context":"https:\/\/schema.org","@graph":[{"@type":"WebPage","@id":"https:\/\/www.tstcables.com\/de\/produkt\/marine-elektrokabel-1-mm-ac-hochtemperatur-und-hochspannungsbestaendiges-polyolefin-isoliertes-kabel\/","url":"https:\/\/www.tstcables.com\/de\/produkt\/marine-elektrokabel-1-mm-ac-hochtemperatur-und-hochspannungsbestaendiges-polyolefin-isoliertes-kabel\/","name":"Marine-Elektrokabel 1 mm AC. Hochtemperatur- und hochspannungsbest\u00e4ndiges Polyolefin-isoliertes Kabel","isPartOf":{"@id":"https:\/\/www.tstcables.com\/de\/#website"},"primaryImageOfPage":{"@id":"https:\/\/www.tstcables.com\/de\/produkt\/marine-elektrokabel-1-mm-ac-hochtemperatur-und-hochspannungsbestaendiges-polyolefin-isoliertes-kabel\/#primaryimage"},"image":{"@id":"https:\/\/www.tstcables.com\/de\/produkt\/marine-elektrokabel-1-mm-ac-hochtemperatur-und-hochspannungsbestaendiges-polyolefin-isoliertes-kabel\/#primaryimage"},"thumbnailUrl":"https:\/\/www.tstcables.com\/wp-content\/uploads\/2024\/03\/EN50306-3-300V-MM-4.jpg","datePublished":"2024-03-25T05:50:54+00:00","description":"Marine-Elektrokabel 1 mm AC. Hochtemperatur- und hochspannungsbest\u00e4ndiges Polyolefin-isoliertes Kabel wurde von der CCS China Classification Society zertifiziert","breadcrumb":{"@id":"https:\/\/www.tstcables.com\/de\/produkt\/marine-elektrokabel-1-mm-ac-hochtemperatur-und-hochspannungsbestaendiges-polyolefin-isoliertes-kabel\/#breadcrumb"},"inLanguage":"de","potentialAction":[{"@type":"ReadAction","target":["https:\/\/www.tstcables.com\/de\/produkt\/marine-elektrokabel-1-mm-ac-hochtemperatur-und-hochspannungsbestaendiges-polyolefin-isoliertes-kabel\/"]}]},{"@type":"ImageObject","inLanguage":"de","@id":"https:\/\/www.tstcables.com\/de\/produkt\/marine-elektrokabel-1-mm-ac-hochtemperatur-und-hochspannungsbestaendiges-polyolefin-isoliertes-kabel\/#primaryimage","url":"https:\/\/www.tstcables.com\/wp-content\/uploads\/2024\/03\/EN50306-3-300V-MM-4.jpg","contentUrl":"https:\/\/www.tstcables.com\/wp-content\/uploads\/2024\/03\/EN50306-3-300V-MM-4.jpg","width":1000,"height":1000,"caption":"multi-core silicone insulated cable CKGZP85\/DC"},{"@type":"BreadcrumbList","@id":"https:\/\/www.tstcables.com\/de\/produkt\/marine-elektrokabel-1-mm-ac-hochtemperatur-und-hochspannungsbestaendiges-polyolefin-isoliertes-kabel\/#breadcrumb","itemListElement":[{"@type":"ListItem","position":1,"name":"\u9996\u9875","item":"https:\/\/www.tstcables.com\/de\/"},{"@type":"ListItem","position":2,"name":"Product","item":"https:\/\/www.tstcables.com\/product\/"},{"@type":"ListItem","position":3,"name":"Marine-Elektrokabel 1 mm AC. Hochtemperatur- und hochspannungsbest\u00e4ndiges Polyolefin-isoliertes Kabel"}]},{"@type":"WebSite","@id":"https:\/\/www.tstcables.com\/de\/#website","url":"https:\/\/www.tstcables.com\/de\/","name":"TST Cable supplier & Manufacture","description":"TST CABLES  supplier &amp; Manufacture official website","publisher":{"@id":"https:\/\/www.tstcables.com\/de\/#organization"},"potentialAction":[{"@type":"SearchAction","target":{"@type":"EntryPoint","urlTemplate":"https:\/\/www.tstcables.com\/de\/?s={search_term_string}"},"query-input":{"@type":"PropertyValueSpecification","valueRequired":true,"valueName":"search_term_string"}}],"inLanguage":"de"},{"@type":"Organization","@id":"https:\/\/www.tstcables.com\/de\/#organization","name":"TST Cable supplier & Manufacture","url":"https:\/\/www.tstcables.com\/de\/","logo":{"@type":"ImageObject","inLanguage":"de","@id":"https:\/\/www.tstcables.com\/de\/#\/schema\/logo\/image\/","url":"https:\/\/www.tstcables.com\/wp-content\/uploads\/2024\/04\/cropped-\u753b\u677f-1-\u62f7\u8d1d-4-1.png","contentUrl":"https:\/\/www.tstcables.com\/wp-content\/uploads\/2024\/04\/cropped-\u753b\u677f-1-\u62f7\u8d1d-4-1.png","width":300,"height":100,"caption":"TST Cable supplier & Manufacture"},"image":{"@id":"https:\/\/www.tstcables.com\/de\/#\/schema\/logo\/image\/"}}]}},"_links":{"self":[{"href":"https:\/\/www.tstcables.com\/de\/wp-json\/wp\/v2\/product\/19917","targetHints":{"allow":["GET"]}}],"collection":[{"href":"https:\/\/www.tstcables.com\/de\/wp-json\/wp\/v2\/product"}],"about":[{"href":"https:\/\/www.tstcables.com\/de\/wp-json\/wp\/v2\/types\/product"}],"version-history":[{"count":0,"href":"https:\/\/www.tstcables.com\/de\/wp-json\/wp\/v2\/product\/19917\/revisions"}],"wp:featuredmedia":[{"embeddable":true,"href":"https:\/\/www.tstcables.com\/de\/wp-json\/wp\/v2\/media\/11876"}],"wp:attachment":[{"href":"https:\/\/www.tstcables.com\/de\/wp-json\/wp\/v2\/media?parent=19917"}],"wp:term":[{"taxonomy":"product_brand","embeddable":true,"href":"https:\/\/www.tstcables.com\/de\/wp-json\/wp\/v2\/product_brand?post=19917"},{"taxonomy":"product_cat","embeddable":true,"href":"https:\/\/www.tstcables.com\/de\/wp-json\/wp\/v2\/product_cat?post=19917"},{"taxonomy":"product_tag","embeddable":true,"href":"https:\/\/www.tstcables.com\/de\/wp-json\/wp\/v2\/product_tag?post=19917"}],"curies":[{"name":"wp","href":"https:\/\/api.w.org\/{rel}","templated":true}]}}