{"id":19919,"date":"2024-03-23T19:20:54","date_gmt":"2024-03-23T11:20:54","guid":{"rendered":"https:\/\/www.tstcables.com\/product\/lszh-cat7-kabel-cat-7-netzwerkkabel\/"},"modified":"2024-03-23T19:20:54","modified_gmt":"2024-03-23T11:20:54","slug":"lszh-cat7-kabel-cat-7-netzwerkkabel","status":"publish","type":"product","link":"https:\/\/www.tstcables.com\/de\/produkt\/lszh-cat7-kabel-cat-7-netzwerkkabel\/","title":{"rendered":"lszh CAT7-Kabel (Cat 7-Netzwerkkabel)"},"content":{"rendered":"<p>Anwendung:<\/p>\n<p>Das lszh CAT7-Kabel (Cat 7-Netzwerkkabel) eignet sich besonders f\u00fcr Gigabit-Ethernet und digitale Daten\u00fcbertragung bis zu 10 Gigabit und erf\u00fcllt die Anforderungen von IEEE802.3.<\/p>\n<p>Charakteristisch:<\/p>\n<ul>\n<li>Nennspannung: 300 V Wechselstrom<\/li>\n<li>Temperaturbereich: -40 \u00b0C bis 90 \u00b0C<\/li>\n<li>Biegeradius: 6D (D bezieht sich auf den Kabelau\u00dfendurchmesser)<\/li>\n<li>Charakteristische Impedanz: 100 \u03a9 + 15 \u03a9 (100 MHz)<\/li>\n<li>Isolationsspannung: DC 1000 V\/1 Min<\/li>\n<li>Verzinntes Kupfer<\/li>\n<li>Oxidationsbest\u00e4ndig<\/li>\n<li>Hohe Leitf\u00e4higkeit<\/li>\n<li>Abriebfeste<\/li>\n<li>Oxidationsbest\u00e4ndig<\/li>\n<li>Nicht verformbar<\/li>\n<\/ul>\n<p>Struktur:<\/p>\n<ul>\n<li>Integrierter Leiter: verzinntes Kupfer<\/li>\n<li>Isolierschaum<\/li>\n<li>Anzahl der Kerne 8<\/li>\n<li>Bilden Sie 4 Gruppen<\/li>\n<li>EMV-Abschirmgeflecht aus verzinntem Kupfer (ganzes St\u00fcck)<\/li>\n<li>Strahlungsvernetzter Polyolefinmantel<\/li>\n<\/ul>\n<p>Auswahlparameter<\/p>\n<table class=\"tg\">\n<thead>\n<tr>\n<th class=\"tg-0pky\" rowspan=\"2\">Modellspezifikationen<\/th>\n<th class=\"tg-0pky\" rowspan=\"2\"><span style=\"color: #000;\">Leiterdurchmesser (mm)<\/span><\/th>\n<th class=\"tg-0pky\" rowspan=\"2\"><span style=\"color: #000;\">Isolationsdurchmesser (mm)<\/span><\/th>\n<th class=\"tg-0pky\" colspan=\"2\"><span style=\"color: #000;\">Isolationsdurchmesser (D)<\/span><\/th>\n<th class=\"tg-0pky\" rowspan=\"2\"><span style=\"color: #000;\">Durchschnittliches Kabelgewicht kg\/km<\/span><\/th>\n<th class=\"tg-0pky\" rowspan=\"2\"><span style=\"color: #000;\">Verbrennungsw\u00e4rmewert KJ\/m<\/span><\/th>\n<\/tr>\n<tr>\n<th class=\"tg-0pky\" colspan=\"2\"><span style=\"color: #000;\">Min.mm<\/span><\/th>\n<\/tr>\n<\/thead>\n<tbody>\n<tr>\n<td class=\"tg-0pky\"><span style=\"color: #000;\">4x2x24A WG<\/span><\/td>\n<td class=\"tg-0pky\"><span style=\"color: #000;\">0.6<\/span><\/td>\n<td class=\"tg-0pky\"><span style=\"color: #000;\">1.4<\/span><\/td>\n<td class=\"tg-0pky\"><span style=\"color: #000;\">7.8<\/span><\/td>\n<td class=\"tg-0pky\"><span style=\"color: #000;\">8.5<\/span><\/td>\n<td class=\"tg-0pky\"><span style=\"color: #000;\">69<\/span><\/td>\n<td class=\"tg-0pky\"><span style=\"color: #000;\">908<\/span><\/td>\n<\/tr>\n<tr>\n<td class=\"tg-0pky\"><span style=\"color: #000;\">4x2x26A WG<\/span><\/td>\n<td class=\"tg-0pky\"><span style=\"color: #000;\">0.48<\/span><\/td>\n<td class=\"tg-0pky\"><span style=\"color: #000;\">1<\/span><\/td>\n<td class=\"tg-0pky\"><span style=\"color: #000;\">6.6<\/span><\/td>\n<td class=\"tg-0pky\"><span style=\"color: #000;\">7.2<\/span><\/td>\n<td class=\"tg-0pky\"><span style=\"color: #000;\">51<\/span><\/td>\n<td class=\"tg-0pky\"><span style=\"color: #000;\">342<\/span><\/td>\n<\/tr>\n<\/tbody>\n<\/table>\n","protected":false},"excerpt":{"rendered":"<p>Halogenfreies, elektronisch vernetztes Kabel verf\u00fcgt \u00fcber eine verbesserte Feuerbest\u00e4ndigkeit, einfaches Abisolieren, Best\u00e4ndigkeit gegen L\u00f6tkolben und Flexibilit\u00e4t. Erf\u00fcllt die elektrischen Anforderungen von EN50288-4-2 und IEC61156-6 Kategorie 7. Das Vorabisolieren der Dr\u00e4hte tr\u00e4gt zu einer besseren Montage bei. Das Kabel eignet sich besonders f\u00fcr Gigabit-Ethernet und digitale Daten\u00fcbertragung bis 10Gigabit und erf\u00fcllt die Anforderungen von IEEE802.3.<\/p>\n","protected":false},"featured_media":12786,"template":"","meta":{"_eb_attr":"","site-sidebar-layout":"default","site-content-layout":"","ast-site-content-layout":"default","site-content-style":"default","site-sidebar-style":"default","ast-global-header-display":"","ast-banner-title-visibility":"","ast-main-header-display":"","ast-hfb-above-header-display":"","ast-hfb-below-header-display":"","ast-hfb-mobile-header-display":"","site-post-title":"","ast-breadcrumbs-content":"","ast-featured-img":"","footer-sml-layout":"","theme-transparent-header-meta":"default","adv-header-id-meta":"","stick-header-meta":"","header-above-stick-meta":"","header-main-stick-meta":"","header-below-stick-meta":"","astra-migrate-meta-layouts":"default","ast-page-background-enabled":"default","ast-page-background-meta":{"desktop":{"background-color":"","background-image":"","background-repeat":"repeat","background-position":"center center","background-size":"auto","background-attachment":"scroll","background-type":"","background-media":"","overlay-type":"","overlay-color":"","overlay-opacity":"","overlay-gradient":""},"tablet":{"background-color":"","background-image":"","background-repeat":"repeat","background-position":"center center","background-size":"auto","background-attachment":"scroll","background-type":"","background-media":"","overlay-type":"","overlay-color":"","overlay-opacity":"","overlay-gradient":""},"mobile":{"background-color":"","background-image":"","background-repeat":"repeat","background-position":"center center","background-size":"auto","background-attachment":"scroll","background-type":"","background-media":"","overlay-type":"","overlay-color":"","overlay-opacity":"","overlay-gradient":""}},"ast-content-background-meta":{"desktop":{"background-color":"var(--ast-global-color-5)","background-image":"","background-repeat":"repeat","background-position":"center center","background-size":"auto","background-attachment":"scroll","background-type":"","background-media":"","overlay-type":"","overlay-color":"","overlay-opacity":"","overlay-gradient":""},"tablet":{"background-color":"var(--ast-global-color-5)","background-image":"","background-repeat":"repeat","background-position":"center center","background-size":"auto","background-attachment":"scroll","background-type":"","background-media":"","overlay-type":"","overlay-color":"","overlay-opacity":"","overlay-gradient":""},"mobile":{"background-color":"var(--ast-global-color-5)","background-image":"","background-repeat":"repeat","background-position":"center center","background-size":"auto","background-attachment":"scroll","background-type":"","background-media":"","overlay-type":"","overlay-color":"","overlay-opacity":"","overlay-gradient":""}}},"product_brand":[],"product_cat":[708,693,694,695,696,698,699,691,700,701,702,713],"product_tag":[1567,1568],"class_list":{"0":"post-19919","1":"product","2":"type-product","3":"status-publish","4":"has-post-thumbnail","6":"product_cat-rail-way-de","7":"product_cat-enstandard-cable-de","8":"product_cat-en50264-de","9":"product_cat-en50306-de","10":"product_cat-en50382-de","11":"product_cat-ice-standard-de","12":"product_cat-lsoh-cable-de","13":"product_cat-aviation-de","14":"product_cat-marine-de","15":"product_cat-nuclear-de","16":"product_cat-oil-gas-de","17":"product_cat-wind-power-de","18":"product_tag-cat7-kabel","19":"product_tag-netzwerkkabel-der-kategorie-7","20":"desktop-align-center","21":"tablet-align-left","22":"mobile-align-left","24":"first","25":"instock","26":"shipping-taxable","27":"product-type-simple"},"yoast_head":"<!-- This site is optimized with the Yoast SEO plugin v27.3 - https:\/\/yoast.com\/product\/yoast-seo-wordpress\/ -->\n<title>CAT7-Kabel (Netzwerkkabel der Kategorie 7) CAT7-Kabel (Netzwerkkabel der Kategorie 7)<\/title>\n<meta name=\"description\" content=\"CAT7 (Netzwerkkabel der Kategorie 7) verf\u00fcgt \u00fcber eine verbesserte Feuerbest\u00e4ndigkeit, einfaches Abisolieren, L\u00f6tkolbenbest\u00e4ndigkeit und Flexibilit\u00e4t.\" \/>\n<meta name=\"robots\" content=\"index, follow, max-snippet:-1, max-image-preview:large, max-video-preview:-1\" \/>\n<link rel=\"canonical\" href=\"https:\/\/www.tstcables.com\/de\/produkt\/lszh-cat7-kabel-cat-7-netzwerkkabel\/\" \/>\n<meta property=\"og:locale\" content=\"de_DE\" \/>\n<meta property=\"og:type\" content=\"article\" \/>\n<meta property=\"og:title\" content=\"CAT7-Kabel (Netzwerkkabel der Kategorie 7) CAT7-Kabel (Netzwerkkabel der Kategorie 7)\" \/>\n<meta property=\"og:description\" content=\"CAT7 (Netzwerkkabel der Kategorie 7) verf\u00fcgt \u00fcber eine verbesserte Feuerbest\u00e4ndigkeit, einfaches Abisolieren, L\u00f6tkolbenbest\u00e4ndigkeit und Flexibilit\u00e4t.\" \/>\n<meta property=\"og:url\" content=\"https:\/\/www.tstcables.com\/de\/produkt\/lszh-cat7-kabel-cat-7-netzwerkkabel\/\" \/>\n<meta property=\"og:site_name\" content=\"TST CABLES supplier &amp; Manufacture\" \/>\n<meta property=\"og:image\" content=\"https:\/\/www.tstcables.com\/wp-content\/uploads\/2024\/03\/1-2.webp\" \/>\n\t<meta property=\"og:image:width\" content=\"640\" \/>\n\t<meta property=\"og:image:height\" content=\"640\" \/>\n\t<meta property=\"og:image:type\" content=\"image\/webp\" \/>\n<meta name=\"twitter:card\" content=\"summary_large_image\" \/>\n<meta name=\"twitter:label1\" content=\"Gesch\u00e4tzte Lesezeit\" \/>\n\t<meta name=\"twitter:data1\" content=\"1\u00a0Minute\" \/>\n<script type=\"application\/ld+json\" class=\"yoast-schema-graph\">{\"@context\":\"https:\\\/\\\/schema.org\",\"@graph\":[{\"@type\":\"WebPage\",\"@id\":\"https:\\\/\\\/www.tstcables.com\\\/de\\\/produkt\\\/lszh-cat7-kabel-cat-7-netzwerkkabel\\\/\",\"url\":\"https:\\\/\\\/www.tstcables.com\\\/de\\\/produkt\\\/lszh-cat7-kabel-cat-7-netzwerkkabel\\\/\",\"name\":\"CAT7-Kabel (Netzwerkkabel der Kategorie 7) CAT7-Kabel (Netzwerkkabel der Kategorie 7)\",\"isPartOf\":{\"@id\":\"https:\\\/\\\/www.tstcables.com\\\/de\\\/#website\"},\"primaryImageOfPage\":{\"@id\":\"https:\\\/\\\/www.tstcables.com\\\/de\\\/produkt\\\/lszh-cat7-kabel-cat-7-netzwerkkabel\\\/#primaryimage\"},\"image\":{\"@id\":\"https:\\\/\\\/www.tstcables.com\\\/de\\\/produkt\\\/lszh-cat7-kabel-cat-7-netzwerkkabel\\\/#primaryimage\"},\"thumbnailUrl\":\"https:\\\/\\\/www.tstcables.com\\\/wp-content\\\/uploads\\\/2024\\\/03\\\/1-2.webp\",\"datePublished\":\"2024-03-23T11:20:54+00:00\",\"description\":\"CAT7 (Netzwerkkabel der Kategorie 7) verf\u00fcgt \u00fcber eine verbesserte Feuerbest\u00e4ndigkeit, einfaches Abisolieren, L\u00f6tkolbenbest\u00e4ndigkeit und Flexibilit\u00e4t.\",\"breadcrumb\":{\"@id\":\"https:\\\/\\\/www.tstcables.com\\\/de\\\/produkt\\\/lszh-cat7-kabel-cat-7-netzwerkkabel\\\/#breadcrumb\"},\"inLanguage\":\"de\",\"potentialAction\":[{\"@type\":\"ReadAction\",\"target\":[\"https:\\\/\\\/www.tstcables.com\\\/de\\\/produkt\\\/lszh-cat7-kabel-cat-7-netzwerkkabel\\\/\"]}]},{\"@type\":\"ImageObject\",\"inLanguage\":\"de\",\"@id\":\"https:\\\/\\\/www.tstcables.com\\\/de\\\/produkt\\\/lszh-cat7-kabel-cat-7-netzwerkkabel\\\/#primaryimage\",\"url\":\"https:\\\/\\\/www.tstcables.com\\\/wp-content\\\/uploads\\\/2024\\\/03\\\/1-2.webp\",\"contentUrl\":\"https:\\\/\\\/www.tstcables.com\\\/wp-content\\\/uploads\\\/2024\\\/03\\\/1-2.webp\",\"width\":640,\"height\":640,\"caption\":\"CAT7 cable (Category 7 network cable) EN50264 fire-resistant wire &cableEN50264 fire-resistant wire &cable\"},{\"@type\":\"BreadcrumbList\",\"@id\":\"https:\\\/\\\/www.tstcables.com\\\/de\\\/produkt\\\/lszh-cat7-kabel-cat-7-netzwerkkabel\\\/#breadcrumb\",\"itemListElement\":[{\"@type\":\"ListItem\",\"position\":1,\"name\":\"\u9996\u9875\",\"item\":\"https:\\\/\\\/www.tstcables.com\\\/de\\\/\"},{\"@type\":\"ListItem\",\"position\":2,\"name\":\"Product\",\"item\":\"https:\\\/\\\/www.tstcables.com\\\/product\\\/\"},{\"@type\":\"ListItem\",\"position\":3,\"name\":\"lszh CAT7-Kabel (Cat 7-Netzwerkkabel)\"}]},{\"@type\":\"WebSite\",\"@id\":\"https:\\\/\\\/www.tstcables.com\\\/de\\\/#website\",\"url\":\"https:\\\/\\\/www.tstcables.com\\\/de\\\/\",\"name\":\"TST Cable supplier & Manufacture\",\"description\":\"TST CABLES  supplier &amp; Manufacture official website\",\"publisher\":{\"@id\":\"https:\\\/\\\/www.tstcables.com\\\/de\\\/#organization\"},\"potentialAction\":[{\"@type\":\"SearchAction\",\"target\":{\"@type\":\"EntryPoint\",\"urlTemplate\":\"https:\\\/\\\/www.tstcables.com\\\/de\\\/?s={search_term_string}\"},\"query-input\":{\"@type\":\"PropertyValueSpecification\",\"valueRequired\":true,\"valueName\":\"search_term_string\"}}],\"inLanguage\":\"de\"},{\"@type\":\"Organization\",\"@id\":\"https:\\\/\\\/www.tstcables.com\\\/de\\\/#organization\",\"name\":\"TST Cable supplier & Manufacture\",\"url\":\"https:\\\/\\\/www.tstcables.com\\\/de\\\/\",\"logo\":{\"@type\":\"ImageObject\",\"inLanguage\":\"de\",\"@id\":\"https:\\\/\\\/www.tstcables.com\\\/de\\\/#\\\/schema\\\/logo\\\/image\\\/\",\"url\":\"https:\\\/\\\/www.tstcables.com\\\/wp-content\\\/uploads\\\/2024\\\/04\\\/cropped-\u753b\u677f-1-\u62f7\u8d1d-4-1.png\",\"contentUrl\":\"https:\\\/\\\/www.tstcables.com\\\/wp-content\\\/uploads\\\/2024\\\/04\\\/cropped-\u753b\u677f-1-\u62f7\u8d1d-4-1.png\",\"width\":300,\"height\":100,\"caption\":\"TST Cable supplier & Manufacture\"},\"image\":{\"@id\":\"https:\\\/\\\/www.tstcables.com\\\/de\\\/#\\\/schema\\\/logo\\\/image\\\/\"}}]}<\/script>\n<!-- \/ Yoast SEO plugin. -->","yoast_head_json":{"title":"CAT7-Kabel (Netzwerkkabel der Kategorie 7) CAT7-Kabel (Netzwerkkabel der Kategorie 7)","description":"CAT7 (Netzwerkkabel der Kategorie 7) verf\u00fcgt \u00fcber eine verbesserte Feuerbest\u00e4ndigkeit, einfaches Abisolieren, L\u00f6tkolbenbest\u00e4ndigkeit und Flexibilit\u00e4t.","robots":{"index":"index","follow":"follow","max-snippet":"max-snippet:-1","max-image-preview":"max-image-preview:large","max-video-preview":"max-video-preview:-1"},"canonical":"https:\/\/www.tstcables.com\/de\/produkt\/lszh-cat7-kabel-cat-7-netzwerkkabel\/","og_locale":"de_DE","og_type":"article","og_title":"CAT7-Kabel (Netzwerkkabel der Kategorie 7) CAT7-Kabel (Netzwerkkabel der Kategorie 7)","og_description":"CAT7 (Netzwerkkabel der Kategorie 7) verf\u00fcgt \u00fcber eine verbesserte Feuerbest\u00e4ndigkeit, einfaches Abisolieren, L\u00f6tkolbenbest\u00e4ndigkeit und Flexibilit\u00e4t.","og_url":"https:\/\/www.tstcables.com\/de\/produkt\/lszh-cat7-kabel-cat-7-netzwerkkabel\/","og_site_name":"TST CABLES supplier &amp; Manufacture","og_image":[{"width":640,"height":640,"url":"https:\/\/www.tstcables.com\/wp-content\/uploads\/2024\/03\/1-2.webp","type":"image\/webp"}],"twitter_card":"summary_large_image","twitter_misc":{"Gesch\u00e4tzte Lesezeit":"1\u00a0Minute"},"schema":{"@context":"https:\/\/schema.org","@graph":[{"@type":"WebPage","@id":"https:\/\/www.tstcables.com\/de\/produkt\/lszh-cat7-kabel-cat-7-netzwerkkabel\/","url":"https:\/\/www.tstcables.com\/de\/produkt\/lszh-cat7-kabel-cat-7-netzwerkkabel\/","name":"CAT7-Kabel (Netzwerkkabel der Kategorie 7) CAT7-Kabel (Netzwerkkabel der Kategorie 7)","isPartOf":{"@id":"https:\/\/www.tstcables.com\/de\/#website"},"primaryImageOfPage":{"@id":"https:\/\/www.tstcables.com\/de\/produkt\/lszh-cat7-kabel-cat-7-netzwerkkabel\/#primaryimage"},"image":{"@id":"https:\/\/www.tstcables.com\/de\/produkt\/lszh-cat7-kabel-cat-7-netzwerkkabel\/#primaryimage"},"thumbnailUrl":"https:\/\/www.tstcables.com\/wp-content\/uploads\/2024\/03\/1-2.webp","datePublished":"2024-03-23T11:20:54+00:00","description":"CAT7 (Netzwerkkabel der Kategorie 7) verf\u00fcgt \u00fcber eine verbesserte Feuerbest\u00e4ndigkeit, einfaches Abisolieren, L\u00f6tkolbenbest\u00e4ndigkeit und Flexibilit\u00e4t.","breadcrumb":{"@id":"https:\/\/www.tstcables.com\/de\/produkt\/lszh-cat7-kabel-cat-7-netzwerkkabel\/#breadcrumb"},"inLanguage":"de","potentialAction":[{"@type":"ReadAction","target":["https:\/\/www.tstcables.com\/de\/produkt\/lszh-cat7-kabel-cat-7-netzwerkkabel\/"]}]},{"@type":"ImageObject","inLanguage":"de","@id":"https:\/\/www.tstcables.com\/de\/produkt\/lszh-cat7-kabel-cat-7-netzwerkkabel\/#primaryimage","url":"https:\/\/www.tstcables.com\/wp-content\/uploads\/2024\/03\/1-2.webp","contentUrl":"https:\/\/www.tstcables.com\/wp-content\/uploads\/2024\/03\/1-2.webp","width":640,"height":640,"caption":"CAT7 cable (Category 7 network cable) EN50264 fire-resistant wire &cableEN50264 fire-resistant wire &cable"},{"@type":"BreadcrumbList","@id":"https:\/\/www.tstcables.com\/de\/produkt\/lszh-cat7-kabel-cat-7-netzwerkkabel\/#breadcrumb","itemListElement":[{"@type":"ListItem","position":1,"name":"\u9996\u9875","item":"https:\/\/www.tstcables.com\/de\/"},{"@type":"ListItem","position":2,"name":"Product","item":"https:\/\/www.tstcables.com\/product\/"},{"@type":"ListItem","position":3,"name":"lszh CAT7-Kabel (Cat 7-Netzwerkkabel)"}]},{"@type":"WebSite","@id":"https:\/\/www.tstcables.com\/de\/#website","url":"https:\/\/www.tstcables.com\/de\/","name":"TST Cable supplier & Manufacture","description":"TST CABLES  supplier &amp; Manufacture official website","publisher":{"@id":"https:\/\/www.tstcables.com\/de\/#organization"},"potentialAction":[{"@type":"SearchAction","target":{"@type":"EntryPoint","urlTemplate":"https:\/\/www.tstcables.com\/de\/?s={search_term_string}"},"query-input":{"@type":"PropertyValueSpecification","valueRequired":true,"valueName":"search_term_string"}}],"inLanguage":"de"},{"@type":"Organization","@id":"https:\/\/www.tstcables.com\/de\/#organization","name":"TST Cable supplier & Manufacture","url":"https:\/\/www.tstcables.com\/de\/","logo":{"@type":"ImageObject","inLanguage":"de","@id":"https:\/\/www.tstcables.com\/de\/#\/schema\/logo\/image\/","url":"https:\/\/www.tstcables.com\/wp-content\/uploads\/2024\/04\/cropped-\u753b\u677f-1-\u62f7\u8d1d-4-1.png","contentUrl":"https:\/\/www.tstcables.com\/wp-content\/uploads\/2024\/04\/cropped-\u753b\u677f-1-\u62f7\u8d1d-4-1.png","width":300,"height":100,"caption":"TST Cable supplier & Manufacture"},"image":{"@id":"https:\/\/www.tstcables.com\/de\/#\/schema\/logo\/image\/"}}]}},"_links":{"self":[{"href":"https:\/\/www.tstcables.com\/de\/wp-json\/wp\/v2\/product\/19919","targetHints":{"allow":["GET"]}}],"collection":[{"href":"https:\/\/www.tstcables.com\/de\/wp-json\/wp\/v2\/product"}],"about":[{"href":"https:\/\/www.tstcables.com\/de\/wp-json\/wp\/v2\/types\/product"}],"version-history":[{"count":0,"href":"https:\/\/www.tstcables.com\/de\/wp-json\/wp\/v2\/product\/19919\/revisions"}],"wp:featuredmedia":[{"embeddable":true,"href":"https:\/\/www.tstcables.com\/de\/wp-json\/wp\/v2\/media\/12786"}],"wp:attachment":[{"href":"https:\/\/www.tstcables.com\/de\/wp-json\/wp\/v2\/media?parent=19919"}],"wp:term":[{"taxonomy":"product_brand","embeddable":true,"href":"https:\/\/www.tstcables.com\/de\/wp-json\/wp\/v2\/product_brand?post=19919"},{"taxonomy":"product_cat","embeddable":true,"href":"https:\/\/www.tstcables.com\/de\/wp-json\/wp\/v2\/product_cat?post=19919"},{"taxonomy":"product_tag","embeddable":true,"href":"https:\/\/www.tstcables.com\/de\/wp-json\/wp\/v2\/product_tag?post=19919"}],"curies":[{"name":"wp","href":"https:\/\/api.w.org\/{rel}","templated":true}]}}