{"id":19923,"date":"2024-03-23T20:06:14","date_gmt":"2024-03-23T12:06:14","guid":{"rendered":"https:\/\/www.tstcables.com\/product\/tewp-200%e2%84%83-hochtemperaturbestaendiges-leichtes-isoliertes-kabel-und-draht\/"},"modified":"2024-03-23T20:06:14","modified_gmt":"2024-03-23T12:06:14","slug":"tewp-200%e2%84%83-hochtemperaturbestaendiges-leichtes-isoliertes-kabel-und-draht","status":"publish","type":"product","link":"https:\/\/www.tstcables.com\/de\/produkt\/tewp-200%e2%84%83-hochtemperaturbestaendiges-leichtes-isoliertes-kabel-und-draht\/","title":{"rendered":"TEWP 200\u2103 hochtemperaturbest\u00e4ndiges, leichtes, isoliertes Kabel und Draht"},"content":{"rendered":"<p><strong>Produkteinf\u00fchrung<\/strong><\/p>\n<p>TEWP 200\u2103 hochtemperaturbest\u00e4ndiges, leichtes, isoliertes Kabel und Kabel ist ein isoliertes Hochleistungskabel. Dieser Draht hat drei Isolationsschichten mit einem Kerndraht in der Mitte. Seine Isolationsdicke kann nur wenige Mikrometer betragen. Gleichzeitig werden durch den Einsatz speziell beschichteter Leiter geringe Verluste und ein hoher Raumkoeffizient erreicht. Durch die Kompatibilit\u00e4t kann dieses Material die Gr\u00f6\u00dfe elektrischer Ger\u00e4te erheblich reduzieren, Material einsparen und die Kosten erheblich senken.<\/p>\n<p>Speziell f\u00fcr die Motoren- und Transformatorenindustrie isolieren verst\u00e4rkte isolierte Leiter aus drei Schichten die Prim\u00e4r- und Sekund\u00e4rseite des Transformators vollst\u00e4ndig. Daher entfallen Barrieren, Zwischenlagenb\u00e4nder und Isolierrohre im Transformator. Neben der Reduzierung der Gr\u00f6\u00dfe des Transformators und der Einsparung von Materialkosten kann auch seine Leistung durch die Verringerung des Abstands zwischen den Spulen verbessert werden.<\/p>\n<p>Spezifikationsbereich: 30AWG\u201317AWG<br \/>\nTemperaturbest\u00e4ndigkeitsklasse: F-Klasse (200\u2103)<\/p>\n<p><strong>Anwendungen<\/strong><br \/>\nVerschiedene Schalter, Netzteile, Transformatoren, Beleuchtungsnetzteile, Fahrzeuge mit neuer Energie, kabelloses Aufladen von Mobiltelefonen<\/p>\n<p><strong>Produktmerkmale:<\/strong><br \/>\n1. Geringer Verlust.<br \/>\nDas spezielle Design der Leiterstruktur mit speziell beschichtetem Litzendraht reduziert Wirbelstr\u00f6me im Inneren des Leiters<br \/>\nVerlust, wodurch ein kleinerer Leiterau\u00dfendurchmesser und eine hervorragende Schwei\u00dfbarkeit erreicht werden; seine verlustarme Leistung entspricht<br \/>\nLitz-Leitung reduziert unn\u00f6tige Verluste;<br \/>\n2. Drei Schichten Isolationsschutz, keine Nadell\u00f6cher;<br \/>\nMehrere Schichten isolierender Beschichtung aus unterschiedlichen Materialien verhindern die Bildung von Nadell\u00f6chern.<br \/>\n3. Bei hoher Isolationsspannung k\u00f6nnen Isolierband und Isolationsschichten entfallen und das Volumen reduziert werden;<br \/>\n4. Die Spule l\u00e4sst sich leicht rollen, da die Oberfl\u00e4che einen sehr niedrigen Reibungskoeffizienten aufweist, was die M\u00f6glichkeit eines automatischen Hochgeschwindigkeitswickelns bietet;<br \/>\n5. H\u00f6heres Temperaturniveau und hervorragende Leistung. Zu den Temperaturklassen geh\u00f6ren 155 \u00b0C, 180 \u00b0C und 200 \u00b0C.<br \/>\n6. Leicht abziehbar.<br \/>\nDurch die Verwendung spezieller Beschichtungsmaterialien l\u00e4sst sich der Leiter leichter abziehen. Kann direkt gel\u00f6tet werden, ohne dass die Isolationsschicht vollst\u00e4ndig entfernt wird.<\/p>\n<p><strong>Technische Parameter<\/strong><\/p>\n<table class=\"tg\">\n<thead>\n<tr>\n<th class=\"tg-amwm\" colspan=\"2\">Leitergr\u00f6\u00dfe<\/th>\n<th class=\"tg-amwm\" rowspan=\"2\">Standard-Au\u00dfenmaterial<br \/>\nDurchmesser<\/th>\n<th class=\"tg-amwm\" rowspan=\"2\">Maximales \u00c4u\u00dferes<br \/>\nDurchmesser<\/th>\n<th class=\"tg-amwm\" rowspan=\"2\">Max Dirigent<br \/>\nWiderstand (\u03a9\/km)<\/th>\n<th class=\"tg-amwm\" rowspan=\"2\">Standard<br \/>\nGewicht (g\/m)<\/th>\n<\/tr>\n<tr>\n<th class=\"tg-wa1i\">AWG<\/th>\n<th class=\"tg-amwm\">Au\u00dfendurchmesser<br \/>\n(mm)<\/th>\n<\/tr>\n<\/thead>\n<tbody>\n<tr>\n<td class=\"tg-nrix\">32<\/td>\n<td class=\"tg-nrix\">0.2<\/td>\n<td class=\"tg-nrix\">0.52<\/td>\n<td class=\"tg-nrix\">0.56<\/td>\n<td class=\"tg-nrix\">614<\/td>\n<td class=\"tg-nrix\">0.52<\/td>\n<\/tr>\n<tr>\n<td class=\"tg-nrix\">30<\/td>\n<td class=\"tg-nrix\">0.26<\/td>\n<td class=\"tg-nrix\">0.55<\/td>\n<td class=\"tg-nrix\">0.59<\/td>\n<td class=\"tg-nrix\">359<\/td>\n<td class=\"tg-nrix\">0.72<\/td>\n<\/tr>\n<tr>\n<td class=\"tg-nrix\">28<\/td>\n<td class=\"tg-nrix\">0.32<\/td>\n<td class=\"tg-nrix\">0.59<\/td>\n<td class=\"tg-nrix\">0.63<\/td>\n<td class=\"tg-nrix\">237<\/td>\n<td class=\"tg-nrix\">0.97<\/td>\n<\/tr>\n<tr>\n<td class=\"tg-nrix\">26<\/td>\n<td class=\"tg-nrix\">0.4<\/td>\n<td class=\"tg-nrix\">0.64<\/td>\n<td class=\"tg-nrix\">0.68<\/td>\n<td class=\"tg-nrix\">152<\/td>\n<td class=\"tg-nrix\">1.38<\/td>\n<\/tr>\n<tr>\n<td class=\"tg-nrix\">25<\/td>\n<td class=\"tg-nrix\">0.5<\/td>\n<td class=\"tg-nrix\">0.72<\/td>\n<td class=\"tg-nrix\">0.76<\/td>\n<td class=\"tg-nrix\">95.1<\/td>\n<td class=\"tg-nrix\">2.03<\/td>\n<\/tr>\n<tr>\n<td class=\"tg-nrix\">23<\/td>\n<td class=\"tg-nrix\">0.6<\/td>\n<td class=\"tg-nrix\">0.82<\/td>\n<td class=\"tg-nrix\">0.86<\/td>\n<td class=\"tg-nrix\">66.1<\/td>\n<td class=\"tg-nrix\">2.84<\/td>\n<\/tr>\n<tr>\n<td class=\"tg-nrix\">22<\/td>\n<td class=\"tg-nrix\">0.64<\/td>\n<td class=\"tg-nrix\">0.85<\/td>\n<td class=\"tg-nrix\">0.89<\/td>\n<td class=\"tg-nrix\">56.3<\/td>\n<td class=\"tg-nrix\">3.19<\/td>\n<\/tr>\n<tr>\n<td class=\"tg-nrix\">22<\/td>\n<td class=\"tg-nrix\">0.7<\/td>\n<td class=\"tg-nrix\">0.92<\/td>\n<td class=\"tg-nrix\">0.96<\/td>\n<td class=\"tg-nrix\">48.5<\/td>\n<td class=\"tg-nrix\">3.79<\/td>\n<\/tr>\n<tr>\n<td class=\"tg-nrix\">21<\/td>\n<td class=\"tg-nrix\">0.8<\/td>\n<td class=\"tg-nrix\">1<\/td>\n<td class=\"tg-nrix\">1.04<\/td>\n<td class=\"tg-nrix\">37.2<\/td>\n<td class=\"tg-nrix\">4.82<\/td>\n<\/tr>\n<tr>\n<td class=\"tg-nrix\">19<\/td>\n<td class=\"tg-nrix\">1<\/td>\n<td class=\"tg-nrix\">1.19<\/td>\n<td class=\"tg-nrix\">1.23<\/td>\n<td class=\"tg-nrix\">23.8<\/td>\n<td class=\"tg-nrix\">7.42<\/td>\n<\/tr>\n<tr>\n<td class=\"tg-nrix\">17<\/td>\n<td class=\"tg-nrix\">1.2<\/td>\n<td class=\"tg-nrix\">1.43<\/td>\n<td class=\"tg-nrix\">1.47<\/td>\n<td class=\"tg-nrix\">16.5<\/td>\n<td class=\"tg-nrix\">10.6<\/td>\n<\/tr>\n<\/tbody>\n<\/table>\n<p><span class=\"Y2IQFc\" lang=\"en\">Hinweis: Produkte mit anderen Parametern k\u00f6nnen je nach Bedarf angepasst werden<\/span><\/p>\n","protected":false},"excerpt":{"rendered":"<p>TEWP 200\u2103 hochtemperaturbest\u00e4ndiges, leichtes, isoliertes Kabel und Kabel ist ein isoliertes Hochleistungskabel. Dieser Draht hat drei Isolationsschichten mit einem Kerndraht in der Mitte. Seine Isolationsdicke kann nur wenige Mikrometer betragen. Gleichzeitig werden durch den Einsatz speziell beschichteter Leiter geringe Verluste und ein hoher Raumkoeffizient erreicht. Durch die Kompatibilit\u00e4t kann dieses Material die Gr\u00f6\u00dfe elektrischer Ger\u00e4te erheblich reduzieren, Material einsparen und die Kosten erheblich senken.<\/p>\n","protected":false},"featured_media":12362,"template":"","meta":{"_eb_attr":"","site-sidebar-layout":"default","site-content-layout":"","ast-site-content-layout":"default","site-content-style":"default","site-sidebar-style":"default","ast-global-header-display":"","ast-banner-title-visibility":"","ast-main-header-display":"","ast-hfb-above-header-display":"","ast-hfb-below-header-display":"","ast-hfb-mobile-header-display":"","site-post-title":"","ast-breadcrumbs-content":"","ast-featured-img":"","footer-sml-layout":"","theme-transparent-header-meta":"default","adv-header-id-meta":"","stick-header-meta":"","header-above-stick-meta":"","header-main-stick-meta":"","header-below-stick-meta":"","astra-migrate-meta-layouts":"default","ast-page-background-enabled":"default","ast-page-background-meta":{"desktop":{"background-color":"","background-image":"","background-repeat":"repeat","background-position":"center center","background-size":"auto","background-attachment":"scroll","background-type":"","background-media":"","overlay-type":"","overlay-color":"","overlay-opacity":"","overlay-gradient":""},"tablet":{"background-color":"","background-image":"","background-repeat":"repeat","background-position":"center center","background-size":"auto","background-attachment":"scroll","background-type":"","background-media":"","overlay-type":"","overlay-color":"","overlay-opacity":"","overlay-gradient":""},"mobile":{"background-color":"","background-image":"","background-repeat":"repeat","background-position":"center center","background-size":"auto","background-attachment":"scroll","background-type":"","background-media":"","overlay-type":"","overlay-color":"","overlay-opacity":"","overlay-gradient":""}},"ast-content-background-meta":{"desktop":{"background-color":"var(--ast-global-color-5)","background-image":"","background-repeat":"repeat","background-position":"center center","background-size":"auto","background-attachment":"scroll","background-type":"","background-media":"","overlay-type":"","overlay-color":"","overlay-opacity":"","overlay-gradient":""},"tablet":{"background-color":"var(--ast-global-color-5)","background-image":"","background-repeat":"repeat","background-position":"center center","background-size":"auto","background-attachment":"scroll","background-type":"","background-media":"","overlay-type":"","overlay-color":"","overlay-opacity":"","overlay-gradient":""},"mobile":{"background-color":"var(--ast-global-color-5)","background-image":"","background-repeat":"repeat","background-position":"center center","background-size":"auto","background-attachment":"scroll","background-type":"","background-media":"","overlay-type":"","overlay-color":"","overlay-opacity":"","overlay-gradient":""}}},"product_brand":[],"product_cat":[708,693,694,695,697,698,1514,1515,699,691],"product_tag":[1521,1553,1554],"class_list":{"0":"post-19923","1":"product","2":"type-product","3":"status-publish","4":"has-post-thumbnail","6":"product_cat-rail-way-de","7":"product_cat-enstandard-cable-de","8":"product_cat-en50264-de","9":"product_cat-en50306-de","10":"product_cat-high-temperature-cable-de","11":"product_cat-ice-standard-de","12":"product_cat-kleines-kabel","13":"product_cat-leichtes-kabel","14":"product_cat-lsoh-cable-de","15":"product_cat-aviation-de","16":"product_tag-hochtemperaturbestandiger-hochfrequenzdraht-tewp","17":"product_tag-tewp-32awg-17awg-200-de","18":"product_tag-tewp-hochfrequenzkabel","19":"desktop-align-center","20":"tablet-align-left","21":"mobile-align-left","23":"first","24":"instock","25":"shipping-taxable","26":"product-type-simple"},"yoast_head":"<!-- This site is optimized with the Yoast SEO plugin v27.5 - https:\/\/yoast.com\/product\/yoast-seo-wordpress\/ -->\n<title>TEWP 200\u2103 hochtemperaturbest\u00e4ndiges, leichtes, isoliertes Kabel und Draht<\/title>\n<meta name=\"description\" content=\"TEWP 200\u2103 hochtemperaturbest\u00e4ndige, leichte, isolierte Kabel und Leitungen verf\u00fcgen \u00fcber drei Isolationsschichten mit einem Kerndraht in der Mitte.\" \/>\n<meta name=\"robots\" content=\"index, follow, max-snippet:-1, max-image-preview:large, max-video-preview:-1\" \/>\n<link rel=\"canonical\" href=\"https:\/\/www.tstcables.com\/de\/produkt\/tewp-200%e2%84%83-hochtemperaturbestaendiges-leichtes-isoliertes-kabel-und-draht\/\" \/>\n<meta property=\"og:locale\" content=\"de_DE\" \/>\n<meta property=\"og:type\" content=\"article\" \/>\n<meta property=\"og:title\" content=\"TEWP 200\u2103 hochtemperaturbest\u00e4ndiges, leichtes, isoliertes Kabel und Draht\" \/>\n<meta property=\"og:description\" content=\"TEWP 200\u2103 hochtemperaturbest\u00e4ndige, leichte, isolierte Kabel und Leitungen verf\u00fcgen \u00fcber drei Isolationsschichten mit einem Kerndraht in der Mitte.\" \/>\n<meta property=\"og:url\" content=\"https:\/\/www.tstcables.com\/de\/produkt\/tewp-200%e2%84%83-hochtemperaturbestaendiges-leichtes-isoliertes-kabel-und-draht\/\" \/>\n<meta property=\"og:site_name\" content=\"TST CABLES supplier &amp; Manufacture\" \/>\n<meta property=\"og:image\" content=\"https:\/\/www.tstcables.com\/wp-content\/uploads\/2024\/03\/2-7.jpg\" \/>\n\t<meta property=\"og:image:width\" content=\"640\" \/>\n\t<meta property=\"og:image:height\" content=\"640\" \/>\n\t<meta property=\"og:image:type\" content=\"image\/jpeg\" \/>\n<meta name=\"twitter:card\" content=\"summary_large_image\" \/>\n<meta name=\"twitter:label1\" content=\"Gesch\u00e4tzte Lesezeit\" \/>\n\t<meta name=\"twitter:data1\" content=\"2\u00a0Minuten\" \/>\n<script type=\"application\/ld+json\" class=\"yoast-schema-graph\">{\"@context\":\"https:\\\/\\\/schema.org\",\"@graph\":[{\"@type\":\"WebPage\",\"@id\":\"https:\\\/\\\/www.tstcables.com\\\/de\\\/produkt\\\/tewp-200%e2%84%83-hochtemperaturbestaendiges-leichtes-isoliertes-kabel-und-draht\\\/\",\"url\":\"https:\\\/\\\/www.tstcables.com\\\/de\\\/produkt\\\/tewp-200%e2%84%83-hochtemperaturbestaendiges-leichtes-isoliertes-kabel-und-draht\\\/\",\"name\":\"TEWP 200\u2103 hochtemperaturbest\u00e4ndiges, leichtes, isoliertes Kabel und Draht\",\"isPartOf\":{\"@id\":\"https:\\\/\\\/www.tstcables.com\\\/de\\\/#website\"},\"primaryImageOfPage\":{\"@id\":\"https:\\\/\\\/www.tstcables.com\\\/de\\\/produkt\\\/tewp-200%e2%84%83-hochtemperaturbestaendiges-leichtes-isoliertes-kabel-und-draht\\\/#primaryimage\"},\"image\":{\"@id\":\"https:\\\/\\\/www.tstcables.com\\\/de\\\/produkt\\\/tewp-200%e2%84%83-hochtemperaturbestaendiges-leichtes-isoliertes-kabel-und-draht\\\/#primaryimage\"},\"thumbnailUrl\":\"https:\\\/\\\/www.tstcables.com\\\/wp-content\\\/uploads\\\/2024\\\/03\\\/2-7.jpg\",\"datePublished\":\"2024-03-23T12:06:14+00:00\",\"description\":\"TEWP 200\u2103 hochtemperaturbest\u00e4ndige, leichte, isolierte Kabel und Leitungen verf\u00fcgen \u00fcber drei Isolationsschichten mit einem Kerndraht in der Mitte.\",\"breadcrumb\":{\"@id\":\"https:\\\/\\\/www.tstcables.com\\\/de\\\/produkt\\\/tewp-200%e2%84%83-hochtemperaturbestaendiges-leichtes-isoliertes-kabel-und-draht\\\/#breadcrumb\"},\"inLanguage\":\"de\",\"potentialAction\":[{\"@type\":\"ReadAction\",\"target\":[\"https:\\\/\\\/www.tstcables.com\\\/de\\\/produkt\\\/tewp-200%e2%84%83-hochtemperaturbestaendiges-leichtes-isoliertes-kabel-und-draht\\\/\"]}]},{\"@type\":\"ImageObject\",\"inLanguage\":\"de\",\"@id\":\"https:\\\/\\\/www.tstcables.com\\\/de\\\/produkt\\\/tewp-200%e2%84%83-hochtemperaturbestaendiges-leichtes-isoliertes-kabel-und-draht\\\/#primaryimage\",\"url\":\"https:\\\/\\\/www.tstcables.com\\\/wp-content\\\/uploads\\\/2024\\\/03\\\/2-7.jpg\",\"contentUrl\":\"https:\\\/\\\/www.tstcables.com\\\/wp-content\\\/uploads\\\/2024\\\/03\\\/2-7.jpg\",\"width\":640,\"height\":640,\"caption\":\"TEWP high temperature resistant\"},{\"@type\":\"BreadcrumbList\",\"@id\":\"https:\\\/\\\/www.tstcables.com\\\/de\\\/produkt\\\/tewp-200%e2%84%83-hochtemperaturbestaendiges-leichtes-isoliertes-kabel-und-draht\\\/#breadcrumb\",\"itemListElement\":[{\"@type\":\"ListItem\",\"position\":1,\"name\":\"\u9996\u9875\",\"item\":\"https:\\\/\\\/www.tstcables.com\\\/de\\\/\"},{\"@type\":\"ListItem\",\"position\":2,\"name\":\"Product\",\"item\":\"https:\\\/\\\/www.tstcables.com\\\/product\\\/\"},{\"@type\":\"ListItem\",\"position\":3,\"name\":\"TEWP 200\u2103 hochtemperaturbest\u00e4ndiges, leichtes, isoliertes Kabel und Draht\"}]},{\"@type\":\"WebSite\",\"@id\":\"https:\\\/\\\/www.tstcables.com\\\/de\\\/#website\",\"url\":\"https:\\\/\\\/www.tstcables.com\\\/de\\\/\",\"name\":\"TST Cable supplier & Manufacture\",\"description\":\"TST CABLES  supplier &amp; Manufacture official website\",\"publisher\":{\"@id\":\"https:\\\/\\\/www.tstcables.com\\\/de\\\/#organization\"},\"potentialAction\":[{\"@type\":\"SearchAction\",\"target\":{\"@type\":\"EntryPoint\",\"urlTemplate\":\"https:\\\/\\\/www.tstcables.com\\\/de\\\/?s={search_term_string}\"},\"query-input\":{\"@type\":\"PropertyValueSpecification\",\"valueRequired\":true,\"valueName\":\"search_term_string\"}}],\"inLanguage\":\"de\"},{\"@type\":\"Organization\",\"@id\":\"https:\\\/\\\/www.tstcables.com\\\/de\\\/#organization\",\"name\":\"TST Cable supplier & Manufacture\",\"url\":\"https:\\\/\\\/www.tstcables.com\\\/de\\\/\",\"logo\":{\"@type\":\"ImageObject\",\"inLanguage\":\"de\",\"@id\":\"https:\\\/\\\/www.tstcables.com\\\/de\\\/#\\\/schema\\\/logo\\\/image\\\/\",\"url\":\"https:\\\/\\\/www.tstcables.com\\\/wp-content\\\/uploads\\\/2024\\\/04\\\/cropped-\u753b\u677f-1-\u62f7\u8d1d-4-1.png\",\"contentUrl\":\"https:\\\/\\\/www.tstcables.com\\\/wp-content\\\/uploads\\\/2024\\\/04\\\/cropped-\u753b\u677f-1-\u62f7\u8d1d-4-1.png\",\"width\":300,\"height\":100,\"caption\":\"TST Cable supplier & Manufacture\"},\"image\":{\"@id\":\"https:\\\/\\\/www.tstcables.com\\\/de\\\/#\\\/schema\\\/logo\\\/image\\\/\"}}]}<\/script>\n<!-- \/ Yoast SEO plugin. -->","yoast_head_json":{"title":"TEWP 200\u2103 hochtemperaturbest\u00e4ndiges, leichtes, isoliertes Kabel und Draht","description":"TEWP 200\u2103 hochtemperaturbest\u00e4ndige, leichte, isolierte Kabel und Leitungen verf\u00fcgen \u00fcber drei Isolationsschichten mit einem Kerndraht in der Mitte.","robots":{"index":"index","follow":"follow","max-snippet":"max-snippet:-1","max-image-preview":"max-image-preview:large","max-video-preview":"max-video-preview:-1"},"canonical":"https:\/\/www.tstcables.com\/de\/produkt\/tewp-200%e2%84%83-hochtemperaturbestaendiges-leichtes-isoliertes-kabel-und-draht\/","og_locale":"de_DE","og_type":"article","og_title":"TEWP 200\u2103 hochtemperaturbest\u00e4ndiges, leichtes, isoliertes Kabel und Draht","og_description":"TEWP 200\u2103 hochtemperaturbest\u00e4ndige, leichte, isolierte Kabel und Leitungen verf\u00fcgen \u00fcber drei Isolationsschichten mit einem Kerndraht in der Mitte.","og_url":"https:\/\/www.tstcables.com\/de\/produkt\/tewp-200%e2%84%83-hochtemperaturbestaendiges-leichtes-isoliertes-kabel-und-draht\/","og_site_name":"TST CABLES supplier &amp; Manufacture","og_image":[{"width":640,"height":640,"url":"https:\/\/www.tstcables.com\/wp-content\/uploads\/2024\/03\/2-7.jpg","type":"image\/jpeg"}],"twitter_card":"summary_large_image","twitter_misc":{"Gesch\u00e4tzte Lesezeit":"2\u00a0Minuten"},"schema":{"@context":"https:\/\/schema.org","@graph":[{"@type":"WebPage","@id":"https:\/\/www.tstcables.com\/de\/produkt\/tewp-200%e2%84%83-hochtemperaturbestaendiges-leichtes-isoliertes-kabel-und-draht\/","url":"https:\/\/www.tstcables.com\/de\/produkt\/tewp-200%e2%84%83-hochtemperaturbestaendiges-leichtes-isoliertes-kabel-und-draht\/","name":"TEWP 200\u2103 hochtemperaturbest\u00e4ndiges, leichtes, isoliertes Kabel und Draht","isPartOf":{"@id":"https:\/\/www.tstcables.com\/de\/#website"},"primaryImageOfPage":{"@id":"https:\/\/www.tstcables.com\/de\/produkt\/tewp-200%e2%84%83-hochtemperaturbestaendiges-leichtes-isoliertes-kabel-und-draht\/#primaryimage"},"image":{"@id":"https:\/\/www.tstcables.com\/de\/produkt\/tewp-200%e2%84%83-hochtemperaturbestaendiges-leichtes-isoliertes-kabel-und-draht\/#primaryimage"},"thumbnailUrl":"https:\/\/www.tstcables.com\/wp-content\/uploads\/2024\/03\/2-7.jpg","datePublished":"2024-03-23T12:06:14+00:00","description":"TEWP 200\u2103 hochtemperaturbest\u00e4ndige, leichte, isolierte Kabel und Leitungen verf\u00fcgen \u00fcber drei Isolationsschichten mit einem Kerndraht in der Mitte.","breadcrumb":{"@id":"https:\/\/www.tstcables.com\/de\/produkt\/tewp-200%e2%84%83-hochtemperaturbestaendiges-leichtes-isoliertes-kabel-und-draht\/#breadcrumb"},"inLanguage":"de","potentialAction":[{"@type":"ReadAction","target":["https:\/\/www.tstcables.com\/de\/produkt\/tewp-200%e2%84%83-hochtemperaturbestaendiges-leichtes-isoliertes-kabel-und-draht\/"]}]},{"@type":"ImageObject","inLanguage":"de","@id":"https:\/\/www.tstcables.com\/de\/produkt\/tewp-200%e2%84%83-hochtemperaturbestaendiges-leichtes-isoliertes-kabel-und-draht\/#primaryimage","url":"https:\/\/www.tstcables.com\/wp-content\/uploads\/2024\/03\/2-7.jpg","contentUrl":"https:\/\/www.tstcables.com\/wp-content\/uploads\/2024\/03\/2-7.jpg","width":640,"height":640,"caption":"TEWP high temperature resistant"},{"@type":"BreadcrumbList","@id":"https:\/\/www.tstcables.com\/de\/produkt\/tewp-200%e2%84%83-hochtemperaturbestaendiges-leichtes-isoliertes-kabel-und-draht\/#breadcrumb","itemListElement":[{"@type":"ListItem","position":1,"name":"\u9996\u9875","item":"https:\/\/www.tstcables.com\/de\/"},{"@type":"ListItem","position":2,"name":"Product","item":"https:\/\/www.tstcables.com\/product\/"},{"@type":"ListItem","position":3,"name":"TEWP 200\u2103 hochtemperaturbest\u00e4ndiges, leichtes, isoliertes Kabel und Draht"}]},{"@type":"WebSite","@id":"https:\/\/www.tstcables.com\/de\/#website","url":"https:\/\/www.tstcables.com\/de\/","name":"TST Cable supplier & Manufacture","description":"TST CABLES  supplier &amp; Manufacture official website","publisher":{"@id":"https:\/\/www.tstcables.com\/de\/#organization"},"potentialAction":[{"@type":"SearchAction","target":{"@type":"EntryPoint","urlTemplate":"https:\/\/www.tstcables.com\/de\/?s={search_term_string}"},"query-input":{"@type":"PropertyValueSpecification","valueRequired":true,"valueName":"search_term_string"}}],"inLanguage":"de"},{"@type":"Organization","@id":"https:\/\/www.tstcables.com\/de\/#organization","name":"TST Cable supplier & Manufacture","url":"https:\/\/www.tstcables.com\/de\/","logo":{"@type":"ImageObject","inLanguage":"de","@id":"https:\/\/www.tstcables.com\/de\/#\/schema\/logo\/image\/","url":"https:\/\/www.tstcables.com\/wp-content\/uploads\/2024\/04\/cropped-\u753b\u677f-1-\u62f7\u8d1d-4-1.png","contentUrl":"https:\/\/www.tstcables.com\/wp-content\/uploads\/2024\/04\/cropped-\u753b\u677f-1-\u62f7\u8d1d-4-1.png","width":300,"height":100,"caption":"TST Cable supplier & Manufacture"},"image":{"@id":"https:\/\/www.tstcables.com\/de\/#\/schema\/logo\/image\/"}}]}},"_links":{"self":[{"href":"https:\/\/www.tstcables.com\/de\/wp-json\/wp\/v2\/product\/19923","targetHints":{"allow":["GET"]}}],"collection":[{"href":"https:\/\/www.tstcables.com\/de\/wp-json\/wp\/v2\/product"}],"about":[{"href":"https:\/\/www.tstcables.com\/de\/wp-json\/wp\/v2\/types\/product"}],"version-history":[{"count":0,"href":"https:\/\/www.tstcables.com\/de\/wp-json\/wp\/v2\/product\/19923\/revisions"}],"wp:featuredmedia":[{"embeddable":true,"href":"https:\/\/www.tstcables.com\/de\/wp-json\/wp\/v2\/media\/12362"}],"wp:attachment":[{"href":"https:\/\/www.tstcables.com\/de\/wp-json\/wp\/v2\/media?parent=19923"}],"wp:term":[{"taxonomy":"product_brand","embeddable":true,"href":"https:\/\/www.tstcables.com\/de\/wp-json\/wp\/v2\/product_brand?post=19923"},{"taxonomy":"product_cat","embeddable":true,"href":"https:\/\/www.tstcables.com\/de\/wp-json\/wp\/v2\/product_cat?post=19923"},{"taxonomy":"product_tag","embeddable":true,"href":"https:\/\/www.tstcables.com\/de\/wp-json\/wp\/v2\/product_tag?post=19923"}],"curies":[{"name":"wp","href":"https:\/\/api.w.org\/{rel}","templated":true}]}}