{"id":19924,"date":"2024-03-23T19:15:09","date_gmt":"2024-03-23T11:15:09","guid":{"rendered":"https:\/\/www.tstcables.com\/product\/lszh-cat5-5e-kabel-cat-5-netzwerkkabel\/"},"modified":"2024-03-23T19:15:09","modified_gmt":"2024-03-23T11:15:09","slug":"lszh-cat5-5e-kabel-cat-5-netzwerkkabel","status":"publish","type":"product","link":"https:\/\/www.tstcables.com\/de\/produkt\/lszh-cat5-5e-kabel-cat-5-netzwerkkabel\/","title":{"rendered":"LSZH CAT5\/5e-Kabel (Cat 5-Netzwerkkabel)"},"content":{"rendered":"<p>Anwendung:<\/p>\n<p>LSZH CAT5\/5e-Kabel (Cat 5-Netzwerkkabel) zur Ethernet-basierten Netzwerk\u00fcbertragung, z. B. Infotainment, Multimedia, Fahrgastinformationssysteme usw.<\/p>\n<p>Charakteristisch:<\/p>\n<ul>\n<li>Nennspannung: 300 VAC<\/li>\n<li>Temperaturbereich: -40 \u00b0C bis 90 \u00b0C<\/li>\n<li>Biegeradius: 6D (D bezieht sich auf den Kabelau\u00dfendurchmesser)<\/li>\n<li>Charakteristische Impedanz: 100 \u03a9 + 15 \u03a9 (100 MHz)<\/li>\n<li>D\u00e4mpfung: &lt;3,1 dB\/&lt;100 m (1 MHz),  32 dB\/100 m (100 MHz)<\/li>\n<li>Betriebskapazit\u00e4t: 5,6 nF\/100 m (1,0 kHz)&lt;<\/li>\n<li>Erdungskapazit\u00e4t: 160pF\/100m (1,0kHz)&lt;<\/li>\n<li>R\u00fcckflussd\u00e4mpfung: &gt;20dB (14MHz), &lt;19dB (100MHz)<\/li>\n<li>Verzinntes Kupfer<\/li>\n<li>Oxidationsbest\u00e4ndig<\/li>\n<li>Hohe Leitf\u00e4higkeit<\/li>\n<li>Abriebfeste<\/li>\n<li>Oxidationsbest\u00e4ndig<\/li>\n<li>Nicht verformbar<\/li>\n<\/ul>\n<p>Struktur:<\/p>\n<ul>\n<li>Leiter: Verzinnter Kupferleiter, Struktur der Klasse 5.<\/li>\n<li>Isolierung: Isoliermaterial aus Polyethylen.<\/li>\n<li>Polyesterband.<\/li>\n<li>Abschirmung: Aluminiumfolie + Geflechtschirm.<\/li>\n<li>Mantel\/Mantel: Mantelmaterial aus bestrahltem, vernetztem Polyolefin.<\/li>\n<\/ul>\n<p>Auswahlparameter<\/p>\n<table class=\"tg\">\n<thead>\n<tr>\n<th class=\"tg-c3ow\" rowspan=\"2\">Modellspezifikationen<\/th>\n<th class=\"tg-c3ow\" rowspan=\"2\"><span style=\"color: #000;\">Leiterdurchmesser (mm)<\/span><\/th>\n<th class=\"tg-c3ow\" rowspan=\"2\"><span style=\"color: #000;\">Isolationsdurchmesser mm<\/span><\/th>\n<th class=\"tg-c3ow\" colspan=\"2\">Au\u00dfendurchmesser (D)<\/th>\n<th class=\"tg-c3ow\" rowspan=\"2\"><span style=\"color: #000;\">Durchschnittliches Kabelgewicht kg\/km<\/span><\/th>\n<th class=\"tg-c3ow\" rowspan=\"2\"><span style=\"color: #000;\">Verbrennungsw\u00e4rmewert KJ\/m<\/span><\/th>\n<\/tr>\n<tr>\n<th class=\"tg-c3ow\" colspan=\"2\"><span style=\"color: #000;\">Min.mm<\/span><\/th>\n<\/tr>\n<\/thead>\n<tbody>\n<tr>\n<td class=\"tg-c3ow\"><span style=\"color: #000;\">4x24AW<\/span><br \/>\n<span style=\"color: #000;\">G<\/span><\/td>\n<td class=\"tg-c3ow\"><span style=\"color: #000;\">0.6<\/span><\/td>\n<td class=\"tg-c3ow\"><span style=\"color: #000;\">1.35<\/span><\/td>\n<td class=\"tg-c3ow\"><span style=\"color: #000;\">5.2<\/span><\/td>\n<td class=\"tg-c3ow\"><span style=\"color: #000;\">5.7<\/span><\/td>\n<td class=\"tg-c3ow\"><span style=\"color: #000;\">46<\/span><\/td>\n<td class=\"tg-c3ow\"><span style=\"color: #000;\">547<\/span><\/td>\n<\/tr>\n<tr>\n<td class=\"tg-c3ow\"><span style=\"color: #000;\">4x2x24 AWG<\/span><\/td>\n<td class=\"tg-c3ow\"><span style=\"color: #000;\">0.6<\/span><\/td>\n<td class=\"tg-c3ow\"><span style=\"color: #000;\">1.25<\/span><\/td>\n<td class=\"tg-c3ow\"><span style=\"color: #000;\">7.1<\/span><\/td>\n<td class=\"tg-c3ow\"><span style=\"color: #000;\">7.6<\/span><\/td>\n<td class=\"tg-c3ow\"><span style=\"color: #000;\">72<\/span><\/td>\n<td class=\"tg-c3ow\"><span style=\"color: #000;\">680<\/span><\/td>\n<\/tr>\n<tr>\n<td class=\"tg-c3ow\"><span style=\"color: #000;\">4&#215;0.5<\/span><\/td>\n<td class=\"tg-c3ow\"><span style=\"color: #000;\">0.9<\/span><\/td>\n<td class=\"tg-c3ow\"><span style=\"color: #000;\">1.9<\/span><\/td>\n<td class=\"tg-c3ow\"><span style=\"color: #000;\">6.4<\/span><\/td>\n<td class=\"tg-c3ow\"><span style=\"color: #000;\">6.9<\/span><\/td>\n<td class=\"tg-c3ow\"><span style=\"color: #000;\">64<\/span><\/td>\n<td class=\"tg-c3ow\"><span style=\"color: #000;\">730<\/span><\/td>\n<\/tr>\n<tr>\n<td class=\"tg-c3ow\"><span style=\"color: #000;\">4x22AW<\/span><br \/>\n<span style=\"color: #000;\">G<\/span><\/td>\n<td class=\"tg-c3ow\"><span style=\"color: #000;\">0.75<\/span><\/td>\n<td class=\"tg-c3ow\"><span style=\"color: #000;\">1.8<\/span><\/td>\n<td class=\"tg-c3ow\"><span style=\"color: #000;\">6.8<\/span><\/td>\n<td class=\"tg-c3ow\"><span style=\"color: #000;\">7.6<\/span><\/td>\n<td class=\"tg-c3ow\"><span style=\"color: #000;\">65<\/span><\/td>\n<td class=\"tg-c3ow\"><span style=\"color: #000;\">569<\/span><\/td>\n<\/tr>\n<tr>\n<td class=\"tg-c3ow\"><span style=\"color: #000;\">2x2x0.5<\/span><\/td>\n<td class=\"tg-c3ow\"><span style=\"color: #000;\">0.9<\/span><\/td>\n<td class=\"tg-c3ow\"><span style=\"color: #000;\">2<\/span><\/td>\n<td class=\"tg-c3ow\"><span style=\"color: #000;\">10.5<\/span><\/td>\n<td class=\"tg-c3ow\"><span style=\"color: #000;\">11<\/span><\/td>\n<td class=\"tg-c3ow\"><span style=\"color: #000;\">126<\/span><\/td>\n<td class=\"tg-c3ow\"><span style=\"color: #000;\">1080<\/span><\/td>\n<\/tr>\n<\/tbody>\n<\/table>\n","protected":false},"excerpt":{"rendered":"<p>CAT5\/5e-Kabel (Netzwerkkabel der Kategorie 5) werden dauerhaft und sch\u00fctzend an den internen und externen Anschl\u00fcssen von Eisenbahnlokomotiven, Bussen und anderen Fahrzeugen installiert. Wird f\u00fcr die Ethernet-basierte Netzwerk\u00fcbertragung verwendet, z. B. f\u00fcr Infotainment, Multimedia, Fahrgastinformationssysteme usw.<\/p>\n","protected":false},"featured_media":10748,"template":"","meta":{"_eb_attr":"","site-sidebar-layout":"default","site-content-layout":"","ast-site-content-layout":"default","site-content-style":"default","site-sidebar-style":"default","ast-global-header-display":"","ast-banner-title-visibility":"","ast-main-header-display":"","ast-hfb-above-header-display":"","ast-hfb-below-header-display":"","ast-hfb-mobile-header-display":"","site-post-title":"","ast-breadcrumbs-content":"","ast-featured-img":"","footer-sml-layout":"","theme-transparent-header-meta":"default","adv-header-id-meta":"","stick-header-meta":"","header-above-stick-meta":"","header-main-stick-meta":"","header-below-stick-meta":"","astra-migrate-meta-layouts":"default","ast-page-background-enabled":"default","ast-page-background-meta":{"desktop":{"background-color":"","background-image":"","background-repeat":"repeat","background-position":"center center","background-size":"auto","background-attachment":"scroll","background-type":"","background-media":"","overlay-type":"","overlay-color":"","overlay-opacity":"","overlay-gradient":""},"tablet":{"background-color":"","background-image":"","background-repeat":"repeat","background-position":"center center","background-size":"auto","background-attachment":"scroll","background-type":"","background-media":"","overlay-type":"","overlay-color":"","overlay-opacity":"","overlay-gradient":""},"mobile":{"background-color":"","background-image":"","background-repeat":"repeat","background-position":"center center","background-size":"auto","background-attachment":"scroll","background-type":"","background-media":"","overlay-type":"","overlay-color":"","overlay-opacity":"","overlay-gradient":""}},"ast-content-background-meta":{"desktop":{"background-color":"var(--ast-global-color-5)","background-image":"","background-repeat":"repeat","background-position":"center center","background-size":"auto","background-attachment":"scroll","background-type":"","background-media":"","overlay-type":"","overlay-color":"","overlay-opacity":"","overlay-gradient":""},"tablet":{"background-color":"var(--ast-global-color-5)","background-image":"","background-repeat":"repeat","background-position":"center center","background-size":"auto","background-attachment":"scroll","background-type":"","background-media":"","overlay-type":"","overlay-color":"","overlay-opacity":"","overlay-gradient":""},"mobile":{"background-color":"var(--ast-global-color-5)","background-image":"","background-repeat":"repeat","background-position":"center center","background-size":"auto","background-attachment":"scroll","background-type":"","background-media":"","overlay-type":"","overlay-color":"","overlay-opacity":"","overlay-gradient":""}}},"product_brand":[],"product_cat":[708,693,694,695,696,698,699,691,700,701,702,706,713],"product_tag":[1570,1569,1571],"class_list":{"0":"post-19924","1":"product","2":"type-product","3":"status-publish","4":"has-post-thumbnail","6":"product_cat-rail-way-de","7":"product_cat-enstandard-cable-de","8":"product_cat-en50264-de","9":"product_cat-en50306-de","10":"product_cat-en50382-de","11":"product_cat-ice-standard-de","12":"product_cat-lsoh-cable-de","13":"product_cat-aviation-de","14":"product_cat-marine-de","15":"product_cat-nuclear-de","16":"product_cat-oil-gas-de","17":"product_cat-product-by-standard-de","18":"product_cat-wind-power-de","19":"product_tag-5e-cable-de","20":"product_tag-cat5-kabel","21":"product_tag-netzwerkkabel-der-kategorie-5","22":"desktop-align-center","23":"tablet-align-left","24":"mobile-align-left","26":"first","27":"instock","28":"shipping-taxable","29":"product-type-simple"},"yoast_head":"<!-- This site is optimized with the Yoast SEO plugin v27.5 - https:\/\/yoast.com\/product\/yoast-seo-wordpress\/ -->\n<title>CAT5\/5e-Kabel (Netzwerkkabel der Kategorie 5)<\/title>\n<meta name=\"description\" content=\"CAT5\/5e-Kabel (Netzwerkkabel der Kategorie 5) werden dauerhaft und sch\u00fctzend an den internen und externen Anschl\u00fcssen von Eisenbahnlokomotiven, Bussen und anderen Fahrzeugen installiert.\" \/>\n<meta name=\"robots\" content=\"index, follow, max-snippet:-1, max-image-preview:large, max-video-preview:-1\" \/>\n<link rel=\"canonical\" href=\"https:\/\/www.tstcables.com\/de\/produkt\/lszh-cat5-5e-kabel-cat-5-netzwerkkabel\/\" \/>\n<meta property=\"og:locale\" content=\"de_DE\" \/>\n<meta property=\"og:type\" content=\"article\" \/>\n<meta property=\"og:title\" content=\"CAT5\/5e-Kabel (Netzwerkkabel der Kategorie 5)\" \/>\n<meta property=\"og:description\" content=\"CAT5\/5e-Kabel (Netzwerkkabel der Kategorie 5) werden dauerhaft und sch\u00fctzend an den internen und externen Anschl\u00fcssen von Eisenbahnlokomotiven, Bussen und anderen Fahrzeugen installiert.\" \/>\n<meta property=\"og:url\" content=\"https:\/\/www.tstcables.com\/de\/produkt\/lszh-cat5-5e-kabel-cat-5-netzwerkkabel\/\" \/>\n<meta property=\"og:site_name\" content=\"TST CABLES supplier &amp; Manufacture\" \/>\n<meta property=\"og:image\" content=\"https:\/\/www.tstcables.com\/wp-content\/uploads\/2024\/03\/cat5.jpg\" \/>\n\t<meta property=\"og:image:width\" content=\"500\" \/>\n\t<meta property=\"og:image:height\" content=\"500\" \/>\n\t<meta property=\"og:image:type\" content=\"image\/jpeg\" \/>\n<meta name=\"twitter:card\" content=\"summary_large_image\" \/>\n<meta name=\"twitter:label1\" content=\"Gesch\u00e4tzte Lesezeit\" \/>\n\t<meta name=\"twitter:data1\" content=\"1\u00a0Minute\" \/>\n<script type=\"application\/ld+json\" class=\"yoast-schema-graph\">{\"@context\":\"https:\\\/\\\/schema.org\",\"@graph\":[{\"@type\":\"WebPage\",\"@id\":\"https:\\\/\\\/www.tstcables.com\\\/de\\\/produkt\\\/lszh-cat5-5e-kabel-cat-5-netzwerkkabel\\\/\",\"url\":\"https:\\\/\\\/www.tstcables.com\\\/de\\\/produkt\\\/lszh-cat5-5e-kabel-cat-5-netzwerkkabel\\\/\",\"name\":\"CAT5\\\/5e-Kabel (Netzwerkkabel der Kategorie 5)\",\"isPartOf\":{\"@id\":\"https:\\\/\\\/www.tstcables.com\\\/de\\\/#website\"},\"primaryImageOfPage\":{\"@id\":\"https:\\\/\\\/www.tstcables.com\\\/de\\\/produkt\\\/lszh-cat5-5e-kabel-cat-5-netzwerkkabel\\\/#primaryimage\"},\"image\":{\"@id\":\"https:\\\/\\\/www.tstcables.com\\\/de\\\/produkt\\\/lszh-cat5-5e-kabel-cat-5-netzwerkkabel\\\/#primaryimage\"},\"thumbnailUrl\":\"https:\\\/\\\/www.tstcables.com\\\/wp-content\\\/uploads\\\/2024\\\/03\\\/cat5.jpg\",\"datePublished\":\"2024-03-23T11:15:09+00:00\",\"description\":\"CAT5\\\/5e-Kabel (Netzwerkkabel der Kategorie 5) werden dauerhaft und sch\u00fctzend an den internen und externen Anschl\u00fcssen von Eisenbahnlokomotiven, Bussen und anderen Fahrzeugen installiert.\",\"breadcrumb\":{\"@id\":\"https:\\\/\\\/www.tstcables.com\\\/de\\\/produkt\\\/lszh-cat5-5e-kabel-cat-5-netzwerkkabel\\\/#breadcrumb\"},\"inLanguage\":\"de\",\"potentialAction\":[{\"@type\":\"ReadAction\",\"target\":[\"https:\\\/\\\/www.tstcables.com\\\/de\\\/produkt\\\/lszh-cat5-5e-kabel-cat-5-netzwerkkabel\\\/\"]}]},{\"@type\":\"ImageObject\",\"inLanguage\":\"de\",\"@id\":\"https:\\\/\\\/www.tstcables.com\\\/de\\\/produkt\\\/lszh-cat5-5e-kabel-cat-5-netzwerkkabel\\\/#primaryimage\",\"url\":\"https:\\\/\\\/www.tstcables.com\\\/wp-content\\\/uploads\\\/2024\\\/03\\\/cat5.jpg\",\"contentUrl\":\"https:\\\/\\\/www.tstcables.com\\\/wp-content\\\/uploads\\\/2024\\\/03\\\/cat5.jpg\",\"width\":500,\"height\":500,\"caption\":\"CAT5\\\/5e cable (Category 5 network cable)\"},{\"@type\":\"BreadcrumbList\",\"@id\":\"https:\\\/\\\/www.tstcables.com\\\/de\\\/produkt\\\/lszh-cat5-5e-kabel-cat-5-netzwerkkabel\\\/#breadcrumb\",\"itemListElement\":[{\"@type\":\"ListItem\",\"position\":1,\"name\":\"\u9996\u9875\",\"item\":\"https:\\\/\\\/www.tstcables.com\\\/de\\\/\"},{\"@type\":\"ListItem\",\"position\":2,\"name\":\"Product\",\"item\":\"https:\\\/\\\/www.tstcables.com\\\/product\\\/\"},{\"@type\":\"ListItem\",\"position\":3,\"name\":\"LSZH CAT5\\\/5e-Kabel (Cat 5-Netzwerkkabel)\"}]},{\"@type\":\"WebSite\",\"@id\":\"https:\\\/\\\/www.tstcables.com\\\/de\\\/#website\",\"url\":\"https:\\\/\\\/www.tstcables.com\\\/de\\\/\",\"name\":\"TST Cable supplier & Manufacture\",\"description\":\"TST CABLES  supplier &amp; Manufacture official website\",\"publisher\":{\"@id\":\"https:\\\/\\\/www.tstcables.com\\\/de\\\/#organization\"},\"potentialAction\":[{\"@type\":\"SearchAction\",\"target\":{\"@type\":\"EntryPoint\",\"urlTemplate\":\"https:\\\/\\\/www.tstcables.com\\\/de\\\/?s={search_term_string}\"},\"query-input\":{\"@type\":\"PropertyValueSpecification\",\"valueRequired\":true,\"valueName\":\"search_term_string\"}}],\"inLanguage\":\"de\"},{\"@type\":\"Organization\",\"@id\":\"https:\\\/\\\/www.tstcables.com\\\/de\\\/#organization\",\"name\":\"TST Cable supplier & Manufacture\",\"url\":\"https:\\\/\\\/www.tstcables.com\\\/de\\\/\",\"logo\":{\"@type\":\"ImageObject\",\"inLanguage\":\"de\",\"@id\":\"https:\\\/\\\/www.tstcables.com\\\/de\\\/#\\\/schema\\\/logo\\\/image\\\/\",\"url\":\"https:\\\/\\\/www.tstcables.com\\\/wp-content\\\/uploads\\\/2024\\\/04\\\/cropped-\u753b\u677f-1-\u62f7\u8d1d-4-1.png\",\"contentUrl\":\"https:\\\/\\\/www.tstcables.com\\\/wp-content\\\/uploads\\\/2024\\\/04\\\/cropped-\u753b\u677f-1-\u62f7\u8d1d-4-1.png\",\"width\":300,\"height\":100,\"caption\":\"TST Cable supplier & Manufacture\"},\"image\":{\"@id\":\"https:\\\/\\\/www.tstcables.com\\\/de\\\/#\\\/schema\\\/logo\\\/image\\\/\"}}]}<\/script>\n<!-- \/ Yoast SEO plugin. -->","yoast_head_json":{"title":"CAT5\/5e-Kabel (Netzwerkkabel der Kategorie 5)","description":"CAT5\/5e-Kabel (Netzwerkkabel der Kategorie 5) werden dauerhaft und sch\u00fctzend an den internen und externen Anschl\u00fcssen von Eisenbahnlokomotiven, Bussen und anderen Fahrzeugen installiert.","robots":{"index":"index","follow":"follow","max-snippet":"max-snippet:-1","max-image-preview":"max-image-preview:large","max-video-preview":"max-video-preview:-1"},"canonical":"https:\/\/www.tstcables.com\/de\/produkt\/lszh-cat5-5e-kabel-cat-5-netzwerkkabel\/","og_locale":"de_DE","og_type":"article","og_title":"CAT5\/5e-Kabel (Netzwerkkabel der Kategorie 5)","og_description":"CAT5\/5e-Kabel (Netzwerkkabel der Kategorie 5) werden dauerhaft und sch\u00fctzend an den internen und externen Anschl\u00fcssen von Eisenbahnlokomotiven, Bussen und anderen Fahrzeugen installiert.","og_url":"https:\/\/www.tstcables.com\/de\/produkt\/lszh-cat5-5e-kabel-cat-5-netzwerkkabel\/","og_site_name":"TST CABLES supplier &amp; Manufacture","og_image":[{"width":500,"height":500,"url":"https:\/\/www.tstcables.com\/wp-content\/uploads\/2024\/03\/cat5.jpg","type":"image\/jpeg"}],"twitter_card":"summary_large_image","twitter_misc":{"Gesch\u00e4tzte Lesezeit":"1\u00a0Minute"},"schema":{"@context":"https:\/\/schema.org","@graph":[{"@type":"WebPage","@id":"https:\/\/www.tstcables.com\/de\/produkt\/lszh-cat5-5e-kabel-cat-5-netzwerkkabel\/","url":"https:\/\/www.tstcables.com\/de\/produkt\/lszh-cat5-5e-kabel-cat-5-netzwerkkabel\/","name":"CAT5\/5e-Kabel (Netzwerkkabel der Kategorie 5)","isPartOf":{"@id":"https:\/\/www.tstcables.com\/de\/#website"},"primaryImageOfPage":{"@id":"https:\/\/www.tstcables.com\/de\/produkt\/lszh-cat5-5e-kabel-cat-5-netzwerkkabel\/#primaryimage"},"image":{"@id":"https:\/\/www.tstcables.com\/de\/produkt\/lszh-cat5-5e-kabel-cat-5-netzwerkkabel\/#primaryimage"},"thumbnailUrl":"https:\/\/www.tstcables.com\/wp-content\/uploads\/2024\/03\/cat5.jpg","datePublished":"2024-03-23T11:15:09+00:00","description":"CAT5\/5e-Kabel (Netzwerkkabel der Kategorie 5) werden dauerhaft und sch\u00fctzend an den internen und externen Anschl\u00fcssen von Eisenbahnlokomotiven, Bussen und anderen Fahrzeugen installiert.","breadcrumb":{"@id":"https:\/\/www.tstcables.com\/de\/produkt\/lszh-cat5-5e-kabel-cat-5-netzwerkkabel\/#breadcrumb"},"inLanguage":"de","potentialAction":[{"@type":"ReadAction","target":["https:\/\/www.tstcables.com\/de\/produkt\/lszh-cat5-5e-kabel-cat-5-netzwerkkabel\/"]}]},{"@type":"ImageObject","inLanguage":"de","@id":"https:\/\/www.tstcables.com\/de\/produkt\/lszh-cat5-5e-kabel-cat-5-netzwerkkabel\/#primaryimage","url":"https:\/\/www.tstcables.com\/wp-content\/uploads\/2024\/03\/cat5.jpg","contentUrl":"https:\/\/www.tstcables.com\/wp-content\/uploads\/2024\/03\/cat5.jpg","width":500,"height":500,"caption":"CAT5\/5e cable (Category 5 network cable)"},{"@type":"BreadcrumbList","@id":"https:\/\/www.tstcables.com\/de\/produkt\/lszh-cat5-5e-kabel-cat-5-netzwerkkabel\/#breadcrumb","itemListElement":[{"@type":"ListItem","position":1,"name":"\u9996\u9875","item":"https:\/\/www.tstcables.com\/de\/"},{"@type":"ListItem","position":2,"name":"Product","item":"https:\/\/www.tstcables.com\/product\/"},{"@type":"ListItem","position":3,"name":"LSZH CAT5\/5e-Kabel (Cat 5-Netzwerkkabel)"}]},{"@type":"WebSite","@id":"https:\/\/www.tstcables.com\/de\/#website","url":"https:\/\/www.tstcables.com\/de\/","name":"TST Cable supplier & Manufacture","description":"TST CABLES  supplier &amp; Manufacture official website","publisher":{"@id":"https:\/\/www.tstcables.com\/de\/#organization"},"potentialAction":[{"@type":"SearchAction","target":{"@type":"EntryPoint","urlTemplate":"https:\/\/www.tstcables.com\/de\/?s={search_term_string}"},"query-input":{"@type":"PropertyValueSpecification","valueRequired":true,"valueName":"search_term_string"}}],"inLanguage":"de"},{"@type":"Organization","@id":"https:\/\/www.tstcables.com\/de\/#organization","name":"TST Cable supplier & Manufacture","url":"https:\/\/www.tstcables.com\/de\/","logo":{"@type":"ImageObject","inLanguage":"de","@id":"https:\/\/www.tstcables.com\/de\/#\/schema\/logo\/image\/","url":"https:\/\/www.tstcables.com\/wp-content\/uploads\/2024\/04\/cropped-\u753b\u677f-1-\u62f7\u8d1d-4-1.png","contentUrl":"https:\/\/www.tstcables.com\/wp-content\/uploads\/2024\/04\/cropped-\u753b\u677f-1-\u62f7\u8d1d-4-1.png","width":300,"height":100,"caption":"TST Cable supplier & Manufacture"},"image":{"@id":"https:\/\/www.tstcables.com\/de\/#\/schema\/logo\/image\/"}}]}},"_links":{"self":[{"href":"https:\/\/www.tstcables.com\/de\/wp-json\/wp\/v2\/product\/19924","targetHints":{"allow":["GET"]}}],"collection":[{"href":"https:\/\/www.tstcables.com\/de\/wp-json\/wp\/v2\/product"}],"about":[{"href":"https:\/\/www.tstcables.com\/de\/wp-json\/wp\/v2\/types\/product"}],"version-history":[{"count":0,"href":"https:\/\/www.tstcables.com\/de\/wp-json\/wp\/v2\/product\/19924\/revisions"}],"wp:featuredmedia":[{"embeddable":true,"href":"https:\/\/www.tstcables.com\/de\/wp-json\/wp\/v2\/media\/10748"}],"wp:attachment":[{"href":"https:\/\/www.tstcables.com\/de\/wp-json\/wp\/v2\/media?parent=19924"}],"wp:term":[{"taxonomy":"product_brand","embeddable":true,"href":"https:\/\/www.tstcables.com\/de\/wp-json\/wp\/v2\/product_brand?post=19924"},{"taxonomy":"product_cat","embeddable":true,"href":"https:\/\/www.tstcables.com\/de\/wp-json\/wp\/v2\/product_cat?post=19924"},{"taxonomy":"product_tag","embeddable":true,"href":"https:\/\/www.tstcables.com\/de\/wp-json\/wp\/v2\/product_tag?post=19924"}],"curies":[{"name":"wp","href":"https:\/\/api.w.org\/{rel}","templated":true}]}}