{"id":19925,"date":"2024-03-23T19:09:03","date_gmt":"2024-03-23T11:09:03","guid":{"rendered":"https:\/\/www.tstcables.com\/product\/50%cf%89-75%cf%89-koaxialkabel\/"},"modified":"2024-03-23T19:09:03","modified_gmt":"2024-03-23T11:09:03","slug":"50%cf%89-75%cf%89-koaxialkabel","status":"publish","type":"product","link":"https:\/\/www.tstcables.com\/de\/produkt\/50%cf%89-75%cf%89-koaxialkabel\/","title":{"rendered":"50\u03a9\/75\u03a9 Koaxialkabel"},"content":{"rendered":"<p>Charakteristisch:<\/p>\n<ul>\n<li>Temperaturbereich: -40 \u00b0C bis 90 \u00b0C<\/li>\n<li>Biegeradius: 6D (D bezieht sich auf den Kabelau\u00dfendurchmesser)<\/li>\n<li>\u00dcbertragungsrate (%): 66 %<\/li>\n<\/ul>\n<p>Struktur:<\/p>\n<ul>\n<li>Leiter: Verzinntes Kupfer oder blankes Kupfer.<\/li>\n<li>Isolierung: Polyethylen.<\/li>\n<li>Flechten.<\/li>\n<li>Mantel\/Mantel: Bestrahltes, vernetztes Polyolefin.<\/li>\n<\/ul>\n<p>Auswahlparameter<\/p>\n<table class=\"tg\">\n<thead>\n<tr>\n<th class=\"tg-c3ow\" colspan=\"9\"><span style=\"color: #000;\">Koaxiales HF-Kabel (50 \u03a9)<\/span><\/th>\n<\/tr>\n<\/thead>\n<tbody>\n<tr>\n<td class=\"tg-c3ow\" rowspan=\"2\">Modellspezifikationen<\/td>\n<td class=\"tg-c3ow\" rowspan=\"2\"><span style=\"color: #000;\">Anzahl der Innenleiter * Durchmesser (mm)<\/span><\/td>\n<td class=\"tg-c3ow\" rowspan=\"2\"><span style=\"color: #000;\">Isolationsdurchmesser (mm)<\/span><\/td>\n<td class=\"tg-c3ow\" colspan=\"2\">Au\u00dfenleiter<\/td>\n<td class=\"tg-c3ow\" colspan=\"2\"><span style=\"color: #000;\">Au\u00dfendurchmesser (D)<\/span><\/td>\n<td class=\"tg-baqh\" rowspan=\"2\"><span style=\"color: #000;\">Impedanz (\u03a9)<\/span><\/td>\n<td class=\"tg-baqh\" rowspan=\"2\"><span style=\"color: #000;\">D\u00e4mpfung dB\/m<\/span><\/td>\n<\/tr>\n<tr>\n<td class=\"tg-c3ow\">Material<\/td>\n<td class=\"tg-c3ow\"><span style=\"color: #000;\">Durchmesser des geflochtenen Drahtes mm<\/span><\/td>\n<td class=\"tg-c3ow\"><span style=\"color: #000;\">Min.mm<\/span><\/td>\n<td class=\"tg-c3ow\"><span style=\"color: #000;\">Max.mm<\/span><\/td>\n<\/tr>\n<tr>\n<td class=\"tg-c3ow\"><span style=\"color: #000;\">SYYZ-50-2-1<\/span><\/td>\n<td class=\"tg-c3ow\"><span style=\"color: #000;\">7&#215;0,16blankes Kupfer<\/span><\/td>\n<td class=\"tg-c3ow\"><span style=\"color: #000;\">1.5\u00b10.1<\/span><\/td>\n<td class=\"tg-c3ow\">blankes Kupfer<\/td>\n<td class=\"tg-c3ow\"><span style=\"color: #000;\">0.1<\/span><\/td>\n<td class=\"tg-c3ow\"><span style=\"color: #000;\">2.6<\/span><\/td>\n<td class=\"tg-c3ow\"><span style=\"color: #000;\">3<\/span><\/td>\n<td class=\"tg-baqh\"><span style=\"color: #000;\">50\u00b12<\/span><\/td>\n<td class=\"tg-baqh\"><span style=\"color: #000;\">200MHz\u22640.45<\/span><\/td>\n<\/tr>\n<tr>\n<td class=\"tg-baqh\"><span style=\"color: #000;\">SYYZ-50-3-1<\/span><\/td>\n<td class=\"tg-baqh\"><span style=\"color: #000;\">7&#215;0,32blankes Kupfer<\/span><\/td>\n<td class=\"tg-baqh\"><span style=\"color: #000;\">2.95\u00b10.1<\/span><br \/>\n<span style=\"color: #000;\">3<\/span><\/td>\n<td class=\"tg-baqh\">blankes Kupfer<\/td>\n<td class=\"tg-baqh\"><span style=\"color: #000;\">0.15<\/span><\/td>\n<td class=\"tg-baqh\"><span style=\"color: #000;\">4.8<\/span><\/td>\n<td class=\"tg-baqh\"><span style=\"color: #000;\">5.2<\/span><\/td>\n<td class=\"tg-baqh\"><span style=\"color: #000;\">50\u00b12<\/span><\/td>\n<td class=\"tg-baqh\"><span style=\"color: #000;\">200MHz\u22640.24<\/span><\/td>\n<\/tr>\n<tr>\n<td class=\"tg-baqh\"><span style=\"color: #000;\">SYYZ-50-5-1<\/span><\/td>\n<td class=\"tg-baqh\"><span style=\"color: #000;\">1&#215;1,4 blankes Kupfer<\/span><\/td>\n<td class=\"tg-baqh\"><span style=\"color: #000;\">4.8\u00b10.2<\/span><\/td>\n<td class=\"tg-baqh\">blankes Kupfer<\/td>\n<td class=\"tg-baqh\"><span style=\"color: #000;\">0.15<\/span><\/td>\n<td class=\"tg-baqh\"><span style=\"color: #000;\">6.9<\/span><\/td>\n<td class=\"tg-baqh\"><span style=\"color: #000;\">7.5<\/span><\/td>\n<td class=\"tg-baqh\"><span style=\"color: #000;\">50\u00b12<\/span><\/td>\n<td class=\"tg-baqh\"><span style=\"color: #000;\">200MHz\u22640.15<\/span><\/td>\n<\/tr>\n<tr>\n<td class=\"tg-baqh\"><span style=\"color: #000;\">SYYZ-50-7-2<\/span><\/td>\n<td class=\"tg-baqh\"><span style=\"color: #000;\">7&#215;0,75blankes Kupfer<\/span><\/td>\n<td class=\"tg-baqh\"><span style=\"color: #000;\">7.25\u00b10.2<\/span><br \/>\n<span style=\"color: #000;\">5<\/span><\/td>\n<td class=\"tg-baqh\">blankes Kupfer<\/td>\n<td class=\"tg-baqh\"><span style=\"color: #000;\">0.18<\/span><\/td>\n<td class=\"tg-baqh\"><span style=\"color: #000;\">10<\/span><\/td>\n<td class=\"tg-baqh\"><span style=\"color: #000;\">10.6<\/span><\/td>\n<td class=\"tg-baqh\"><span style=\"color: #000;\">50\u00b12<\/span><\/td>\n<td class=\"tg-baqh\"><span style=\"color: #000;\">200MHz\u22640.11<\/span><\/td>\n<\/tr>\n<tr>\n<td class=\"tg-baqh\"><span style=\"color: #000;\">RG58<\/span><\/td>\n<td class=\"tg-baqh\"><span style=\"color: #000;\">19&#215;0,18Verzinntes Kupfer<\/span><\/td>\n<td class=\"tg-baqh\"><span style=\"color: #000;\">0.9\u00b10.1<\/span><\/td>\n<td class=\"tg-baqh\">Aluminiumfolie + verzinntes Kupfer<\/td>\n<td class=\"tg-baqh\"><span style=\"color: #000;\">0.12<\/span><\/td>\n<td class=\"tg-baqh\"><span style=\"color: #000;\">4.8<\/span><\/td>\n<td class=\"tg-baqh\"><span style=\"color: #000;\">5.1<\/span><\/td>\n<td class=\"tg-baqh\"><span style=\"color: #000;\">50\u00b12<\/span><\/td>\n<td class=\"tg-baqh\"><span style=\"color: #000;\">400MHz\u22640.35<\/span><\/td>\n<\/tr>\n<\/tbody>\n<\/table>\n<p>&nbsp;<\/p>\n<table class=\"tg\">\n<thead>\n<tr>\n<th class=\"tg-c3ow\" colspan=\"9\"><span style=\"color: #000;\">Koaxiales HF-Kabel (75 \u03a9)<\/span><\/th>\n<\/tr>\n<\/thead>\n<tbody>\n<tr>\n<td class=\"tg-c3ow\" rowspan=\"2\">Modellspezifikationen<\/td>\n<td class=\"tg-c3ow\" rowspan=\"2\"><span style=\"color: #000;\">Anzahl der Innenleiter x Durchmesser (mm)<\/span><\/td>\n<td class=\"tg-c3ow\" rowspan=\"2\"><span style=\"color: #000;\">Isolationsdurchmesser (mm)<\/span><\/td>\n<td class=\"tg-c3ow\" colspan=\"2\">Au\u00dfenleiter<\/td>\n<td class=\"tg-c3ow\" colspan=\"2\">Au\u00dfendurchmesser (D)<\/td>\n<td class=\"tg-c3ow\" rowspan=\"2\"><span style=\"color: #000;\">Impedanz (\u03a92)<\/span><\/td>\n<td class=\"tg-c3ow\" rowspan=\"2\"><span style=\"color: #000;\">D\u00e4mpfung dB\/m<\/span><\/td>\n<\/tr>\n<tr>\n<td class=\"tg-c3ow\">Material<\/td>\n<td class=\"tg-c3ow\"><span style=\"color: #000;\">Durchmesser des geflochtenen Drahtes mm<\/span><\/td>\n<td class=\"tg-c3ow\"><span style=\"color: #000;\">Min.mm<\/span><\/td>\n<td class=\"tg-c3ow\"><span style=\"color: #000;\">Max.mm<\/span><\/td>\n<\/tr>\n<tr>\n<td class=\"tg-c3ow\"><span style=\"color: #000;\">SYYZ-75-3-41<\/span><\/td>\n<td class=\"tg-c3ow\"><span style=\"color: #000;\">7&#215;0,17blankes Kupfer<\/span><\/td>\n<td class=\"tg-c3ow\"><span style=\"color: #000;\">3.0\u00b10.13<\/span><\/td>\n<td class=\"tg-c3ow\">blankes Kupfer<\/td>\n<td class=\"tg-c3ow\"><span style=\"color: #000;\">0.15<\/span><\/td>\n<td class=\"tg-c3ow\"><span style=\"color: #000;\">4.8<\/span><\/td>\n<td class=\"tg-c3ow\"><span style=\"color: #000;\">5.2<\/span><\/td>\n<td class=\"tg-c3ow\"><span style=\"color: #000;\">75\u00b13<\/span><\/td>\n<td class=\"tg-c3ow\"><span style=\"color: #000;\">200MHz\u22640.28<\/span><\/td>\n<\/tr>\n<tr>\n<td class=\"tg-c3ow\"><span style=\"color: #000;\">SYYZ-75-4-1<\/span><\/td>\n<td class=\"tg-c3ow\"><span style=\"color: #000;\">7&#215;0,17blankes Kupfer<\/span><\/td>\n<td class=\"tg-c3ow\"><span style=\"color: #000;\">3.7\u00b10.13<\/span><\/td>\n<td class=\"tg-c3ow\">blankes Kupfer<\/td>\n<td class=\"tg-c3ow\"><span style=\"color: #000;\">0.15<\/span><\/td>\n<td class=\"tg-c3ow\"><span style=\"color: #000;\">5.8<\/span><\/td>\n<td class=\"tg-c3ow\"><span style=\"color: #000;\">6.2<\/span><\/td>\n<td class=\"tg-c3ow\"><span style=\"color: #000;\">75\u00b13<\/span><\/td>\n<td class=\"tg-c3ow\"><span style=\"color: #000;\">200MHz\u22640.22<\/span><\/td>\n<\/tr>\n<tr>\n<td class=\"tg-c3ow\"><span style=\"color: #000;\">SYYZ-75-5-41<\/span><\/td>\n<td class=\"tg-c3ow\"><span style=\"color: #000;\">1&#215;0,75 blankes Kupfer<\/span><\/td>\n<td class=\"tg-c3ow\"><span style=\"color: #000;\">4.8\u00b10.2<\/span><\/td>\n<td class=\"tg-c3ow\">blankes Kupfer<\/td>\n<td class=\"tg-c3ow\"><span style=\"color: #000;\">0.15<\/span><\/td>\n<td class=\"tg-c3ow\"><span style=\"color: #000;\">6.9<\/span><\/td>\n<td class=\"tg-c3ow\"><span style=\"color: #000;\">7.5<\/span><\/td>\n<td class=\"tg-c3ow\"><span style=\"color: #000;\">75\u00b13<\/span><\/td>\n<td class=\"tg-c3ow\"><span style=\"color: #000;\">200MHz\u22640.15<\/span><\/td>\n<\/tr>\n<tr>\n<td class=\"tg-c3ow\"><span style=\"color: #000;\">SYYZ-75-7-2<\/span><\/td>\n<td class=\"tg-c3ow\"><span style=\"color: #000;\">7&#215;0,4 blankes Kupfer<\/span><\/td>\n<td class=\"tg-c3ow\"><span style=\"color: #000;\">7.25\u00b10.2<\/span><br \/>\n<span style=\"color: #000;\">5<\/span><\/td>\n<td class=\"tg-c3ow\">blankes Kupfer<\/td>\n<td class=\"tg-c3ow\"><span style=\"color: #000;\">0.18<\/span><\/td>\n<td class=\"tg-c3ow\"><span style=\"color: #000;\">10<\/span><\/td>\n<td class=\"tg-c3ow\"><span style=\"color: #000;\">10.6<\/span><\/td>\n<td class=\"tg-c3ow\"><span style=\"color: #000;\">75\u00b13<\/span><\/td>\n<td class=\"tg-c3ow\"><span style=\"color: #000;\">200MHz\u22640.12<\/span><\/td>\n<\/tr>\n<\/tbody>\n<\/table>\n","protected":false},"excerpt":{"rendered":"<p>50\u03a9\/75\u03a9-Koaxialkabel werden haupts\u00e4chlich in der Funkkommunikation und in elektronischen Ger\u00e4ten verwendet, die \u00e4hnliche Technologien verwenden. Diese Kabel sind flexibel, leicht und resistent gegen elektromagnetische St\u00f6rungen.<\/p>\n","protected":false},"featured_media":10764,"template":"","meta":{"_eb_attr":"","site-sidebar-layout":"default","site-content-layout":"","ast-site-content-layout":"default","site-content-style":"default","site-sidebar-style":"default","ast-global-header-display":"","ast-banner-title-visibility":"","ast-main-header-display":"","ast-hfb-above-header-display":"","ast-hfb-below-header-display":"","ast-hfb-mobile-header-display":"","site-post-title":"","ast-breadcrumbs-content":"","ast-featured-img":"","footer-sml-layout":"","theme-transparent-header-meta":"default","adv-header-id-meta":"","stick-header-meta":"","header-above-stick-meta":"","header-main-stick-meta":"","header-below-stick-meta":"","astra-migrate-meta-layouts":"default","ast-page-background-enabled":"default","ast-page-background-meta":{"desktop":{"background-color":"","background-image":"","background-repeat":"repeat","background-position":"center center","background-size":"auto","background-attachment":"scroll","background-type":"","background-media":"","overlay-type":"","overlay-color":"","overlay-opacity":"","overlay-gradient":""},"tablet":{"background-color":"","background-image":"","background-repeat":"repeat","background-position":"center center","background-size":"auto","background-attachment":"scroll","background-type":"","background-media":"","overlay-type":"","overlay-color":"","overlay-opacity":"","overlay-gradient":""},"mobile":{"background-color":"","background-image":"","background-repeat":"repeat","background-position":"center center","background-size":"auto","background-attachment":"scroll","background-type":"","background-media":"","overlay-type":"","overlay-color":"","overlay-opacity":"","overlay-gradient":""}},"ast-content-background-meta":{"desktop":{"background-color":"var(--ast-global-color-5)","background-image":"","background-repeat":"repeat","background-position":"center center","background-size":"auto","background-attachment":"scroll","background-type":"","background-media":"","overlay-type":"","overlay-color":"","overlay-opacity":"","overlay-gradient":""},"tablet":{"background-color":"var(--ast-global-color-5)","background-image":"","background-repeat":"repeat","background-position":"center center","background-size":"auto","background-attachment":"scroll","background-type":"","background-media":"","overlay-type":"","overlay-color":"","overlay-opacity":"","overlay-gradient":""},"mobile":{"background-color":"var(--ast-global-color-5)","background-image":"","background-repeat":"repeat","background-position":"center center","background-size":"auto","background-attachment":"scroll","background-type":"","background-media":"","overlay-type":"","overlay-color":"","overlay-opacity":"","overlay-gradient":""}}},"product_brand":[],"product_cat":[708,693,694,695,696,698,699,691,700,701,702,713],"product_tag":[1523,1524],"class_list":{"0":"post-19925","1":"product","2":"type-product","3":"status-publish","4":"has-post-thumbnail","6":"product_cat-rail-way-de","7":"product_cat-enstandard-cable-de","8":"product_cat-en50264-de","9":"product_cat-en50306-de","10":"product_cat-en50382-de","11":"product_cat-ice-standard-de","12":"product_cat-lsoh-cable-de","13":"product_cat-aviation-de","14":"product_cat-marine-de","15":"product_cat-nuclear-de","16":"product_cat-oil-gas-de","17":"product_cat-wind-power-de","18":"product_tag-50-koaxialkabel","19":"product_tag-75-koaxialkabel","20":"desktop-align-center","21":"tablet-align-left","22":"mobile-align-left","24":"first","25":"instock","26":"shipping-taxable","27":"product-type-simple"},"yoast_head":"<!-- This site is optimized with the Yoast SEO plugin v27.5 - https:\/\/yoast.com\/product\/yoast-seo-wordpress\/ -->\n<title>50\u03a9\/75\u03a9 Koaxialkabel<\/title>\n<meta name=\"description\" content=\"50\u03a9\/75\u03a9-Koaxialkabel werden haupts\u00e4chlich in der Funkkommunikation und in elektronischen Ger\u00e4ten verwendet, die \u00e4hnliche Technologien verwenden.\" \/>\n<meta name=\"robots\" content=\"index, follow, max-snippet:-1, max-image-preview:large, max-video-preview:-1\" \/>\n<link rel=\"canonical\" href=\"https:\/\/www.tstcables.com\/de\/produkt\/50%cf%89-75%cf%89-koaxialkabel\/\" \/>\n<meta property=\"og:locale\" content=\"de_DE\" \/>\n<meta property=\"og:type\" content=\"article\" \/>\n<meta property=\"og:title\" content=\"50\u03a9\/75\u03a9 Koaxialkabel\" \/>\n<meta property=\"og:description\" content=\"50\u03a9\/75\u03a9-Koaxialkabel werden haupts\u00e4chlich in der Funkkommunikation und in elektronischen Ger\u00e4ten verwendet, die \u00e4hnliche Technologien verwenden.\" \/>\n<meta property=\"og:url\" content=\"https:\/\/www.tstcables.com\/de\/produkt\/50%cf%89-75%cf%89-koaxialkabel\/\" \/>\n<meta property=\"og:site_name\" content=\"TST CABLES supplier &amp; Manufacture\" \/>\n<meta property=\"og:image\" content=\"https:\/\/www.tstcables.com\/wp-content\/uploads\/2024\/03\/50-ohm-coax-cable_.jpg\" \/>\n\t<meta property=\"og:image:width\" content=\"522\" \/>\n\t<meta property=\"og:image:height\" content=\"522\" \/>\n\t<meta property=\"og:image:type\" content=\"image\/jpeg\" \/>\n<meta name=\"twitter:card\" content=\"summary_large_image\" \/>\n<meta name=\"twitter:label1\" content=\"Gesch\u00e4tzte Lesezeit\" \/>\n\t<meta name=\"twitter:data1\" content=\"1\u00a0Minute\" \/>\n<script type=\"application\/ld+json\" class=\"yoast-schema-graph\">{\"@context\":\"https:\\\/\\\/schema.org\",\"@graph\":[{\"@type\":\"WebPage\",\"@id\":\"https:\\\/\\\/www.tstcables.com\\\/de\\\/produkt\\\/50%cf%89-75%cf%89-koaxialkabel\\\/\",\"url\":\"https:\\\/\\\/www.tstcables.com\\\/de\\\/produkt\\\/50%cf%89-75%cf%89-koaxialkabel\\\/\",\"name\":\"50\u03a9\\\/75\u03a9 Koaxialkabel\",\"isPartOf\":{\"@id\":\"https:\\\/\\\/www.tstcables.com\\\/de\\\/#website\"},\"primaryImageOfPage\":{\"@id\":\"https:\\\/\\\/www.tstcables.com\\\/de\\\/produkt\\\/50%cf%89-75%cf%89-koaxialkabel\\\/#primaryimage\"},\"image\":{\"@id\":\"https:\\\/\\\/www.tstcables.com\\\/de\\\/produkt\\\/50%cf%89-75%cf%89-koaxialkabel\\\/#primaryimage\"},\"thumbnailUrl\":\"https:\\\/\\\/www.tstcables.com\\\/wp-content\\\/uploads\\\/2024\\\/03\\\/50-ohm-coax-cable_.jpg\",\"datePublished\":\"2024-03-23T11:09:03+00:00\",\"description\":\"50\u03a9\\\/75\u03a9-Koaxialkabel werden haupts\u00e4chlich in der Funkkommunikation und in elektronischen Ger\u00e4ten verwendet, die \u00e4hnliche Technologien verwenden.\",\"breadcrumb\":{\"@id\":\"https:\\\/\\\/www.tstcables.com\\\/de\\\/produkt\\\/50%cf%89-75%cf%89-koaxialkabel\\\/#breadcrumb\"},\"inLanguage\":\"de\",\"potentialAction\":[{\"@type\":\"ReadAction\",\"target\":[\"https:\\\/\\\/www.tstcables.com\\\/de\\\/produkt\\\/50%cf%89-75%cf%89-koaxialkabel\\\/\"]}]},{\"@type\":\"ImageObject\",\"inLanguage\":\"de\",\"@id\":\"https:\\\/\\\/www.tstcables.com\\\/de\\\/produkt\\\/50%cf%89-75%cf%89-koaxialkabel\\\/#primaryimage\",\"url\":\"https:\\\/\\\/www.tstcables.com\\\/wp-content\\\/uploads\\\/2024\\\/03\\\/50-ohm-coax-cable_.jpg\",\"contentUrl\":\"https:\\\/\\\/www.tstcables.com\\\/wp-content\\\/uploads\\\/2024\\\/03\\\/50-ohm-coax-cable_.jpg\",\"width\":522,\"height\":522,\"caption\":\"50\u03a9\\\/75\u03a9 coaxial cable\"},{\"@type\":\"BreadcrumbList\",\"@id\":\"https:\\\/\\\/www.tstcables.com\\\/de\\\/produkt\\\/50%cf%89-75%cf%89-koaxialkabel\\\/#breadcrumb\",\"itemListElement\":[{\"@type\":\"ListItem\",\"position\":1,\"name\":\"\u9996\u9875\",\"item\":\"https:\\\/\\\/www.tstcables.com\\\/de\\\/\"},{\"@type\":\"ListItem\",\"position\":2,\"name\":\"Product\",\"item\":\"https:\\\/\\\/www.tstcables.com\\\/product\\\/\"},{\"@type\":\"ListItem\",\"position\":3,\"name\":\"50\u03a9\\\/75\u03a9 Koaxialkabel\"}]},{\"@type\":\"WebSite\",\"@id\":\"https:\\\/\\\/www.tstcables.com\\\/de\\\/#website\",\"url\":\"https:\\\/\\\/www.tstcables.com\\\/de\\\/\",\"name\":\"TST Cable supplier & Manufacture\",\"description\":\"TST CABLES  supplier &amp; Manufacture official website\",\"publisher\":{\"@id\":\"https:\\\/\\\/www.tstcables.com\\\/de\\\/#organization\"},\"potentialAction\":[{\"@type\":\"SearchAction\",\"target\":{\"@type\":\"EntryPoint\",\"urlTemplate\":\"https:\\\/\\\/www.tstcables.com\\\/de\\\/?s={search_term_string}\"},\"query-input\":{\"@type\":\"PropertyValueSpecification\",\"valueRequired\":true,\"valueName\":\"search_term_string\"}}],\"inLanguage\":\"de\"},{\"@type\":\"Organization\",\"@id\":\"https:\\\/\\\/www.tstcables.com\\\/de\\\/#organization\",\"name\":\"TST Cable supplier & Manufacture\",\"url\":\"https:\\\/\\\/www.tstcables.com\\\/de\\\/\",\"logo\":{\"@type\":\"ImageObject\",\"inLanguage\":\"de\",\"@id\":\"https:\\\/\\\/www.tstcables.com\\\/de\\\/#\\\/schema\\\/logo\\\/image\\\/\",\"url\":\"https:\\\/\\\/www.tstcables.com\\\/wp-content\\\/uploads\\\/2024\\\/04\\\/cropped-\u753b\u677f-1-\u62f7\u8d1d-4-1.png\",\"contentUrl\":\"https:\\\/\\\/www.tstcables.com\\\/wp-content\\\/uploads\\\/2024\\\/04\\\/cropped-\u753b\u677f-1-\u62f7\u8d1d-4-1.png\",\"width\":300,\"height\":100,\"caption\":\"TST Cable supplier & Manufacture\"},\"image\":{\"@id\":\"https:\\\/\\\/www.tstcables.com\\\/de\\\/#\\\/schema\\\/logo\\\/image\\\/\"}}]}<\/script>\n<!-- \/ Yoast SEO plugin. -->","yoast_head_json":{"title":"50\u03a9\/75\u03a9 Koaxialkabel","description":"50\u03a9\/75\u03a9-Koaxialkabel werden haupts\u00e4chlich in der Funkkommunikation und in elektronischen Ger\u00e4ten verwendet, die \u00e4hnliche Technologien verwenden.","robots":{"index":"index","follow":"follow","max-snippet":"max-snippet:-1","max-image-preview":"max-image-preview:large","max-video-preview":"max-video-preview:-1"},"canonical":"https:\/\/www.tstcables.com\/de\/produkt\/50%cf%89-75%cf%89-koaxialkabel\/","og_locale":"de_DE","og_type":"article","og_title":"50\u03a9\/75\u03a9 Koaxialkabel","og_description":"50\u03a9\/75\u03a9-Koaxialkabel werden haupts\u00e4chlich in der Funkkommunikation und in elektronischen Ger\u00e4ten verwendet, die \u00e4hnliche Technologien verwenden.","og_url":"https:\/\/www.tstcables.com\/de\/produkt\/50%cf%89-75%cf%89-koaxialkabel\/","og_site_name":"TST CABLES supplier &amp; Manufacture","og_image":[{"width":522,"height":522,"url":"https:\/\/www.tstcables.com\/wp-content\/uploads\/2024\/03\/50-ohm-coax-cable_.jpg","type":"image\/jpeg"}],"twitter_card":"summary_large_image","twitter_misc":{"Gesch\u00e4tzte Lesezeit":"1\u00a0Minute"},"schema":{"@context":"https:\/\/schema.org","@graph":[{"@type":"WebPage","@id":"https:\/\/www.tstcables.com\/de\/produkt\/50%cf%89-75%cf%89-koaxialkabel\/","url":"https:\/\/www.tstcables.com\/de\/produkt\/50%cf%89-75%cf%89-koaxialkabel\/","name":"50\u03a9\/75\u03a9 Koaxialkabel","isPartOf":{"@id":"https:\/\/www.tstcables.com\/de\/#website"},"primaryImageOfPage":{"@id":"https:\/\/www.tstcables.com\/de\/produkt\/50%cf%89-75%cf%89-koaxialkabel\/#primaryimage"},"image":{"@id":"https:\/\/www.tstcables.com\/de\/produkt\/50%cf%89-75%cf%89-koaxialkabel\/#primaryimage"},"thumbnailUrl":"https:\/\/www.tstcables.com\/wp-content\/uploads\/2024\/03\/50-ohm-coax-cable_.jpg","datePublished":"2024-03-23T11:09:03+00:00","description":"50\u03a9\/75\u03a9-Koaxialkabel werden haupts\u00e4chlich in der Funkkommunikation und in elektronischen Ger\u00e4ten verwendet, die \u00e4hnliche Technologien verwenden.","breadcrumb":{"@id":"https:\/\/www.tstcables.com\/de\/produkt\/50%cf%89-75%cf%89-koaxialkabel\/#breadcrumb"},"inLanguage":"de","potentialAction":[{"@type":"ReadAction","target":["https:\/\/www.tstcables.com\/de\/produkt\/50%cf%89-75%cf%89-koaxialkabel\/"]}]},{"@type":"ImageObject","inLanguage":"de","@id":"https:\/\/www.tstcables.com\/de\/produkt\/50%cf%89-75%cf%89-koaxialkabel\/#primaryimage","url":"https:\/\/www.tstcables.com\/wp-content\/uploads\/2024\/03\/50-ohm-coax-cable_.jpg","contentUrl":"https:\/\/www.tstcables.com\/wp-content\/uploads\/2024\/03\/50-ohm-coax-cable_.jpg","width":522,"height":522,"caption":"50\u03a9\/75\u03a9 coaxial cable"},{"@type":"BreadcrumbList","@id":"https:\/\/www.tstcables.com\/de\/produkt\/50%cf%89-75%cf%89-koaxialkabel\/#breadcrumb","itemListElement":[{"@type":"ListItem","position":1,"name":"\u9996\u9875","item":"https:\/\/www.tstcables.com\/de\/"},{"@type":"ListItem","position":2,"name":"Product","item":"https:\/\/www.tstcables.com\/product\/"},{"@type":"ListItem","position":3,"name":"50\u03a9\/75\u03a9 Koaxialkabel"}]},{"@type":"WebSite","@id":"https:\/\/www.tstcables.com\/de\/#website","url":"https:\/\/www.tstcables.com\/de\/","name":"TST Cable supplier & Manufacture","description":"TST CABLES  supplier &amp; Manufacture official website","publisher":{"@id":"https:\/\/www.tstcables.com\/de\/#organization"},"potentialAction":[{"@type":"SearchAction","target":{"@type":"EntryPoint","urlTemplate":"https:\/\/www.tstcables.com\/de\/?s={search_term_string}"},"query-input":{"@type":"PropertyValueSpecification","valueRequired":true,"valueName":"search_term_string"}}],"inLanguage":"de"},{"@type":"Organization","@id":"https:\/\/www.tstcables.com\/de\/#organization","name":"TST Cable supplier & Manufacture","url":"https:\/\/www.tstcables.com\/de\/","logo":{"@type":"ImageObject","inLanguage":"de","@id":"https:\/\/www.tstcables.com\/de\/#\/schema\/logo\/image\/","url":"https:\/\/www.tstcables.com\/wp-content\/uploads\/2024\/04\/cropped-\u753b\u677f-1-\u62f7\u8d1d-4-1.png","contentUrl":"https:\/\/www.tstcables.com\/wp-content\/uploads\/2024\/04\/cropped-\u753b\u677f-1-\u62f7\u8d1d-4-1.png","width":300,"height":100,"caption":"TST Cable supplier & Manufacture"},"image":{"@id":"https:\/\/www.tstcables.com\/de\/#\/schema\/logo\/image\/"}}]}},"_links":{"self":[{"href":"https:\/\/www.tstcables.com\/de\/wp-json\/wp\/v2\/product\/19925","targetHints":{"allow":["GET"]}}],"collection":[{"href":"https:\/\/www.tstcables.com\/de\/wp-json\/wp\/v2\/product"}],"about":[{"href":"https:\/\/www.tstcables.com\/de\/wp-json\/wp\/v2\/types\/product"}],"version-history":[{"count":0,"href":"https:\/\/www.tstcables.com\/de\/wp-json\/wp\/v2\/product\/19925\/revisions"}],"wp:featuredmedia":[{"embeddable":true,"href":"https:\/\/www.tstcables.com\/de\/wp-json\/wp\/v2\/media\/10764"}],"wp:attachment":[{"href":"https:\/\/www.tstcables.com\/de\/wp-json\/wp\/v2\/media?parent=19925"}],"wp:term":[{"taxonomy":"product_brand","embeddable":true,"href":"https:\/\/www.tstcables.com\/de\/wp-json\/wp\/v2\/product_brand?post=19925"},{"taxonomy":"product_cat","embeddable":true,"href":"https:\/\/www.tstcables.com\/de\/wp-json\/wp\/v2\/product_cat?post=19925"},{"taxonomy":"product_tag","embeddable":true,"href":"https:\/\/www.tstcables.com\/de\/wp-json\/wp\/v2\/product_tag?post=19925"}],"curies":[{"name":"wp","href":"https:\/\/api.w.org\/{rel}","templated":true}]}}