{"id":19926,"date":"2024-03-23T19:00:27","date_gmt":"2024-03-23T11:00:27","guid":{"rendered":"https:\/\/www.tstcables.com\/product\/600-v-pi-hochtemperaturbestaendiges-raucharmes-halogenfreies-korrosionsbestaendiges-abgeschirmtes-kabel\/"},"modified":"2024-03-23T19:00:27","modified_gmt":"2024-03-23T11:00:27","slug":"600-v-pi-hochtemperaturbestaendiges-raucharmes-halogenfreies-korrosionsbestaendiges-abgeschirmtes-kabel","status":"publish","type":"product","link":"https:\/\/www.tstcables.com\/de\/produkt\/600-v-pi-hochtemperaturbestaendiges-raucharmes-halogenfreies-korrosionsbestaendiges-abgeschirmtes-kabel\/","title":{"rendered":"600 V PI hochtemperaturbest\u00e4ndiges, raucharmes, halogenfreies, korrosionsbest\u00e4ndiges, abgeschirmtes Kabel"},"content":{"rendered":"<p><strong><b>Produkteinf\u00fchrung:<\/b><\/strong><\/p>\n<p>600V PI hochtemperaturbest\u00e4ndiges, raucharmes, halogenfreies, korrosionsbest\u00e4ndiges, abgeschirmtes Kabel ist raucharm, halogenfrei, flammhemmend, best\u00e4ndig gegen hohe und niedrige Temperaturen, Strahlungsbest\u00e4ndigkeit und gute mechanische Eigenschaften.<\/p>\n<p>Im Vergleich zu herk\u00f6mmlichen PI-Kabeln (Polyimid) mit gewickelter Struktur ist die extrudierte PI-Molek\u00fclkette (Polyimid) dichter, wodurch Defekte wie Vakuum und Trachom behoben und die Spannungswiderstandseigenschaften des Produkts erheblich verbessert werden.<\/p>\n<p>&nbsp;<\/p>\n<p><strong><b>Industriestandard<\/b><\/strong><\/p>\n<ul>\n<li>EN45545-2<\/li>\n<\/ul>\n<p><strong><b>Produktmerkmale:<\/b><\/strong><\/p>\n<ol>\n<li>Langzeittemperaturbest\u00e4ndigkeit: -50-220\u2103<\/li>\n<li>Spannungsfestigkeit: 300 V \u2013 600 V<\/li>\n<li>Best\u00e4ndigkeit gegen Gammastrahlung: 850KGy, kann \u00fcber einen langen Zeitraum verwendet werden.&gt;<\/li>\n<li>Halogenfreies Flammschutzmittel mit geringer Rauchentwicklung:<\/li>\n<\/ol>\n<p>&nbsp;<\/p>\n<p><strong><b>Technische Parameter<\/b><\/strong><\/p>\n<table class=\"tg\">\n<thead>\n<tr>\n<th class=\"tg-wa1i\">Anzahl der Kerne<br \/>\nDr\u00e4hte und nominal<br \/>\nQuerschnitt<\/th>\n<th class=\"tg-wa1i\">Minimum<br \/>\nDicke<br \/>\nder H\u00fclle<\/th>\n<th class=\"tg-wa1i\" colspan=\"2\">Kabel au\u00dfen<br \/>\nDurchmesser D<\/th>\n<th class=\"tg-wa1i\">20\u2103 Leiter<br \/>\nWiderstand<\/th>\n<th class=\"tg-wa1i\">Durchschnittsgewicht<\/th>\n<\/tr>\n<\/thead>\n<tbody>\n<tr>\n<td class=\"tg-wa1i\" rowspan=\"2\">mm2<\/td>\n<td class=\"tg-wa1i\" rowspan=\"2\">mm<\/td>\n<td class=\"tg-wa1i\">Min<\/td>\n<td class=\"tg-wa1i\">Max<\/td>\n<td class=\"tg-wa1i\">Max<\/td>\n<td class=\"tg-wa1i\" rowspan=\"2\">Kg\/km<\/td>\n<\/tr>\n<tr>\n<td class=\"tg-wa1i\">mm<\/td>\n<td class=\"tg-wa1i\">mm<\/td>\n<td class=\"tg-wa1i\">\u03a9\/km<\/td>\n<\/tr>\n<tr>\n<td class=\"tg-baqh\">2*0.06<\/td>\n<td class=\"tg-nrix\">0.25<\/td>\n<td class=\"tg-nrix\">2.4<\/td>\n<td class=\"tg-nrix\">2.5<\/td>\n<td class=\"tg-nrix\">330<\/td>\n<td class=\"tg-nrix\">10.52<\/td>\n<\/tr>\n<tr>\n<td class=\"tg-baqh\">2*0.08<\/td>\n<td class=\"tg-nrix\">0.25<\/td>\n<td class=\"tg-nrix\">2.55<\/td>\n<td class=\"tg-nrix\">2.65<\/td>\n<td class=\"tg-nrix\">227<\/td>\n<td class=\"tg-nrix\">11.61<\/td>\n<\/tr>\n<tr>\n<td class=\"tg-baqh\">2*0.14<\/td>\n<td class=\"tg-nrix\">0.25<\/td>\n<td class=\"tg-nrix\">2.8<\/td>\n<td class=\"tg-nrix\">2.9<\/td>\n<td class=\"tg-nrix\">126<\/td>\n<td class=\"tg-nrix\">14.34<\/td>\n<\/tr>\n<tr>\n<td class=\"tg-baqh\">2*0.2<\/td>\n<td class=\"tg-nrix\">0.25<\/td>\n<td class=\"tg-nrix\">3<\/td>\n<td class=\"tg-nrix\">3.1<\/td>\n<td class=\"tg-nrix\">83.5<\/td>\n<td class=\"tg-nrix\">16.57<\/td>\n<\/tr>\n<tr>\n<td class=\"tg-baqh\">2*0.35<\/td>\n<td class=\"tg-nrix\">0.25<\/td>\n<td class=\"tg-nrix\">3.3<\/td>\n<td class=\"tg-nrix\">3.4<\/td>\n<td class=\"tg-nrix\">49.5<\/td>\n<td class=\"tg-nrix\">20.24<\/td>\n<\/tr>\n<tr>\n<td class=\"tg-baqh\">2*0.5<\/td>\n<td class=\"tg-nrix\">0.25<\/td>\n<td class=\"tg-nrix\">3.6<\/td>\n<td class=\"tg-nrix\">4.5<\/td>\n<td class=\"tg-nrix\">40.1<\/td>\n<td class=\"tg-nrix\">24.34<\/td>\n<\/tr>\n<tr>\n<td class=\"tg-baqh\">3*0.06<\/td>\n<td class=\"tg-nrix\">0.25<\/td>\n<td class=\"tg-nrix\">2.5<\/td>\n<td class=\"tg-nrix\">2.6<\/td>\n<td class=\"tg-nrix\">330<\/td>\n<td class=\"tg-nrix\">11.91<\/td>\n<\/tr>\n<tr>\n<td class=\"tg-baqh\">3*0.08<\/td>\n<td class=\"tg-nrix\">0.25<\/td>\n<td class=\"tg-nrix\">2.55<\/td>\n<td class=\"tg-nrix\">2.75<\/td>\n<td class=\"tg-nrix\">227<\/td>\n<td class=\"tg-nrix\">13.28<\/td>\n<\/tr>\n<tr>\n<td class=\"tg-baqh\">3*0.14<\/td>\n<td class=\"tg-nrix\">0.25<\/td>\n<td class=\"tg-nrix\">2.95<\/td>\n<td class=\"tg-nrix\">3.05<\/td>\n<td class=\"tg-nrix\">126<\/td>\n<td class=\"tg-nrix\">16.81<\/td>\n<\/tr>\n<tr>\n<td class=\"tg-baqh\">3*0.2<\/td>\n<td class=\"tg-nrix\">0.25<\/td>\n<td class=\"tg-nrix\">3.15<\/td>\n<td class=\"tg-nrix\">3.25<\/td>\n<td class=\"tg-nrix\">83.5<\/td>\n<td class=\"tg-nrix\">19.69<\/td>\n<\/tr>\n<tr>\n<td class=\"tg-baqh\">3*0.35<\/td>\n<td class=\"tg-nrix\">0.25<\/td>\n<td class=\"tg-nrix\">3.5<\/td>\n<td class=\"tg-nrix\">3.6<\/td>\n<td class=\"tg-nrix\">49.5<\/td>\n<td class=\"tg-nrix\">24.56<\/td>\n<\/tr>\n<tr>\n<td class=\"tg-baqh\">3*0.5<\/td>\n<td class=\"tg-nrix\">0.25<\/td>\n<td class=\"tg-nrix\">3.8<\/td>\n<td class=\"tg-nrix\">3.9<\/td>\n<td class=\"tg-nrix\">40.1<\/td>\n<td class=\"tg-nrix\">30.06<\/td>\n<\/tr>\n<tr>\n<td class=\"tg-baqh\">4*0.06<\/td>\n<td class=\"tg-nrix\">0.25<\/td>\n<td class=\"tg-nrix\">2.7<\/td>\n<td class=\"tg-nrix\">2.8<\/td>\n<td class=\"tg-nrix\">330<\/td>\n<td class=\"tg-nrix\">13.67<\/td>\n<\/tr>\n<tr>\n<td class=\"tg-baqh\">4*0.08<\/td>\n<td class=\"tg-nrix\">0.25<\/td>\n<td class=\"tg-nrix\">2.85<\/td>\n<td class=\"tg-nrix\">2.95<\/td>\n<td class=\"tg-nrix\">227<\/td>\n<td class=\"tg-nrix\">6.39<\/td>\n<\/tr>\n<tr>\n<td class=\"tg-baqh\">4*0.14<\/td>\n<td class=\"tg-nrix\">0.25<\/td>\n<td class=\"tg-nrix\">3.15<\/td>\n<td class=\"tg-nrix\">3.25<\/td>\n<td class=\"tg-nrix\">126<\/td>\n<td class=\"tg-nrix\">15.36<\/td>\n<\/tr>\n<tr>\n<td class=\"tg-baqh\">4*0.2<\/td>\n<td class=\"tg-nrix\">0.25<\/td>\n<td class=\"tg-nrix\">3.4<\/td>\n<td class=\"tg-nrix\">3.5<\/td>\n<td class=\"tg-nrix\">83.5<\/td>\n<td class=\"tg-nrix\">23.36<\/td>\n<\/tr>\n<tr>\n<td class=\"tg-baqh\">4*0.35<\/td>\n<td class=\"tg-nrix\">0.25<\/td>\n<td class=\"tg-nrix\">3.8<\/td>\n<td class=\"tg-nrix\">3.9<\/td>\n<td class=\"tg-nrix\">49.5<\/td>\n<td class=\"tg-nrix\">29.49<\/td>\n<\/tr>\n<tr>\n<td class=\"tg-baqh\">4*0.5<\/td>\n<td class=\"tg-nrix\">0.25<\/td>\n<td class=\"tg-nrix\">4.15<\/td>\n<td class=\"tg-nrix\">4.25<\/td>\n<td class=\"tg-nrix\">40.1<\/td>\n<td class=\"tg-nrix\">36.48<\/td>\n<\/tr>\n<tr>\n<td class=\"tg-baqh\">5*0.06<\/td>\n<td class=\"tg-nrix\">0.25<\/td>\n<td class=\"tg-nrix\">2.9<\/td>\n<td class=\"tg-nrix\">3<\/td>\n<td class=\"tg-nrix\">330<\/td>\n<td class=\"tg-nrix\">15.51<\/td>\n<\/tr>\n<tr>\n<td class=\"tg-baqh\">5*0.08<\/td>\n<td class=\"tg-nrix\">0.25<\/td>\n<td class=\"tg-nrix\">3.05<\/td>\n<td class=\"tg-nrix\">3.15<\/td>\n<td class=\"tg-nrix\">227<\/td>\n<td class=\"tg-nrix\">17.53<\/td>\n<\/tr>\n<tr>\n<td class=\"tg-baqh\">5*0.14<\/td>\n<td class=\"tg-nrix\">0.25<\/td>\n<td class=\"tg-nrix\">3.45<\/td>\n<td class=\"tg-nrix\">3.55<\/td>\n<td class=\"tg-nrix\">126<\/td>\n<td class=\"tg-nrix\">22.77<\/td>\n<\/tr>\n<tr>\n<td class=\"tg-baqh\">5*0.2<\/td>\n<td class=\"tg-nrix\">0.25<\/td>\n<td class=\"tg-nrix\">3.7<\/td>\n<td class=\"tg-nrix\">3.8<\/td>\n<td class=\"tg-nrix\">83.5<\/td>\n<td class=\"tg-nrix\">27.14<\/td>\n<\/tr>\n<tr>\n<td class=\"tg-baqh\">5*0.35<\/td>\n<td class=\"tg-nrix\">0.25<\/td>\n<td class=\"tg-nrix\">4.1<\/td>\n<td class=\"tg-nrix\">4.2<\/td>\n<td class=\"tg-nrix\">49.5<\/td>\n<td class=\"tg-nrix\">34.58<\/td>\n<\/tr>\n<\/tbody>\n<\/table>\n","protected":false},"excerpt":{"rendered":"<p>600V PI hochtemperaturbest\u00e4ndiges, raucharmes, halogenfreies, korrosionsbest\u00e4ndiges, abgeschirmtes Kabel ist raucharm, halogenfrei, flammhemmend, best\u00e4ndig gegen hohe und niedrige Temperaturen, Strahlungsbest\u00e4ndigkeit und gute mechanische Eigenschaften.<\/p>\n","protected":false},"featured_media":12610,"template":"","meta":{"_eb_attr":"","site-sidebar-layout":"default","site-content-layout":"","ast-site-content-layout":"default","site-content-style":"default","site-sidebar-style":"default","ast-global-header-display":"","ast-banner-title-visibility":"","ast-main-header-display":"","ast-hfb-above-header-display":"","ast-hfb-below-header-display":"","ast-hfb-mobile-header-display":"","site-post-title":"","ast-breadcrumbs-content":"","ast-featured-img":"","footer-sml-layout":"","theme-transparent-header-meta":"default","adv-header-id-meta":"","stick-header-meta":"","header-above-stick-meta":"","header-main-stick-meta":"","header-below-stick-meta":"","astra-migrate-meta-layouts":"default","ast-page-background-enabled":"default","ast-page-background-meta":{"desktop":{"background-color":"","background-image":"","background-repeat":"repeat","background-position":"center center","background-size":"auto","background-attachment":"scroll","background-type":"","background-media":"","overlay-type":"","overlay-color":"","overlay-opacity":"","overlay-gradient":""},"tablet":{"background-color":"","background-image":"","background-repeat":"repeat","background-position":"center center","background-size":"auto","background-attachment":"scroll","background-type":"","background-media":"","overlay-type":"","overlay-color":"","overlay-opacity":"","overlay-gradient":""},"mobile":{"background-color":"","background-image":"","background-repeat":"repeat","background-position":"center center","background-size":"auto","background-attachment":"scroll","background-type":"","background-media":"","overlay-type":"","overlay-color":"","overlay-opacity":"","overlay-gradient":""}},"ast-content-background-meta":{"desktop":{"background-color":"var(--ast-global-color-5)","background-image":"","background-repeat":"repeat","background-position":"center center","background-size":"auto","background-attachment":"scroll","background-type":"","background-media":"","overlay-type":"","overlay-color":"","overlay-opacity":"","overlay-gradient":""},"tablet":{"background-color":"var(--ast-global-color-5)","background-image":"","background-repeat":"repeat","background-position":"center center","background-size":"auto","background-attachment":"scroll","background-type":"","background-media":"","overlay-type":"","overlay-color":"","overlay-opacity":"","overlay-gradient":""},"mobile":{"background-color":"var(--ast-global-color-5)","background-image":"","background-repeat":"repeat","background-position":"center center","background-size":"auto","background-attachment":"scroll","background-type":"","background-media":"","overlay-type":"","overlay-color":"","overlay-opacity":"","overlay-gradient":""}}},"product_brand":[],"product_cat":[693,697,698,699,702,1601],"product_tag":[1603,1602,1604],"class_list":{"0":"post-19926","1":"product","2":"type-product","3":"status-publish","4":"has-post-thumbnail","6":"product_cat-enstandard-cable-de","7":"product_cat-high-temperature-cable-de","8":"product_cat-ice-standard-de","9":"product_cat-lsoh-cable-de","10":"product_cat-oil-gas-de","11":"product_cat-pi-kabel","12":"product_tag-extrudiertes-pi-kabel-polyimid","13":"product_tag-pi-polyimid-kabel-th-j-aipi-220","14":"product_tag-th-j-aipi-220-600-v-mehradriges-abgeschirmtes-kabel","15":"desktop-align-center","16":"tablet-align-left","17":"mobile-align-left","19":"first","20":"instock","21":"shipping-taxable","22":"product-type-simple"},"yoast_head":"<!-- This site is optimized with the Yoast SEO plugin v27.4 - https:\/\/yoast.com\/product\/yoast-seo-wordpress\/ -->\n<title>600 V PI hochtemperaturbest\u00e4ndiges, raucharmes, halogenfreies, korrosionsbest\u00e4ndiges, abgeschirmtes Kabel<\/title>\n<meta name=\"description\" content=\"Das hochtemperaturbest\u00e4ndige, raucharme, halogenfreie, korrosionsbest\u00e4ndige, abgeschirmte 600-V-PI-Kabel weist Strahlungsbest\u00e4ndigkeit und gute mechanische Eigenschaften auf.\" \/>\n<meta name=\"robots\" content=\"index, follow, max-snippet:-1, max-image-preview:large, max-video-preview:-1\" \/>\n<link rel=\"canonical\" href=\"https:\/\/www.tstcables.com\/de\/produkt\/600-v-pi-hochtemperaturbestaendiges-raucharmes-halogenfreies-korrosionsbestaendiges-abgeschirmtes-kabel\/\" \/>\n<meta property=\"og:locale\" content=\"de_DE\" \/>\n<meta property=\"og:type\" content=\"article\" \/>\n<meta property=\"og:title\" content=\"600 V PI hochtemperaturbest\u00e4ndiges, raucharmes, halogenfreies, korrosionsbest\u00e4ndiges, abgeschirmtes Kabel\" \/>\n<meta property=\"og:description\" content=\"Das hochtemperaturbest\u00e4ndige, raucharme, halogenfreie, korrosionsbest\u00e4ndige, abgeschirmte 600-V-PI-Kabel weist Strahlungsbest\u00e4ndigkeit und gute mechanische Eigenschaften auf.\" \/>\n<meta property=\"og:url\" content=\"https:\/\/www.tstcables.com\/de\/produkt\/600-v-pi-hochtemperaturbestaendiges-raucharmes-halogenfreies-korrosionsbestaendiges-abgeschirmtes-kabel\/\" \/>\n<meta property=\"og:site_name\" content=\"TST CABLES supplier &amp; Manufacture\" \/>\n<meta property=\"og:image\" content=\"https:\/\/www.tstcables.com\/wp-content\/uploads\/2024\/03\/5-9.jpg\" \/>\n\t<meta property=\"og:image:width\" content=\"750\" \/>\n\t<meta property=\"og:image:height\" content=\"750\" \/>\n\t<meta property=\"og:image:type\" content=\"image\/jpeg\" \/>\n<meta name=\"twitter:card\" content=\"summary_large_image\" \/>\n<meta name=\"twitter:label1\" content=\"Gesch\u00e4tzte Lesezeit\" \/>\n\t<meta name=\"twitter:data1\" content=\"1\u00a0Minute\" \/>\n<script type=\"application\/ld+json\" class=\"yoast-schema-graph\">{\"@context\":\"https:\\\/\\\/schema.org\",\"@graph\":[{\"@type\":\"WebPage\",\"@id\":\"https:\\\/\\\/www.tstcables.com\\\/de\\\/produkt\\\/600-v-pi-hochtemperaturbestaendiges-raucharmes-halogenfreies-korrosionsbestaendiges-abgeschirmtes-kabel\\\/\",\"url\":\"https:\\\/\\\/www.tstcables.com\\\/de\\\/produkt\\\/600-v-pi-hochtemperaturbestaendiges-raucharmes-halogenfreies-korrosionsbestaendiges-abgeschirmtes-kabel\\\/\",\"name\":\"600 V PI hochtemperaturbest\u00e4ndiges, raucharmes, halogenfreies, korrosionsbest\u00e4ndiges, abgeschirmtes Kabel\",\"isPartOf\":{\"@id\":\"https:\\\/\\\/www.tstcables.com\\\/de\\\/#website\"},\"primaryImageOfPage\":{\"@id\":\"https:\\\/\\\/www.tstcables.com\\\/de\\\/produkt\\\/600-v-pi-hochtemperaturbestaendiges-raucharmes-halogenfreies-korrosionsbestaendiges-abgeschirmtes-kabel\\\/#primaryimage\"},\"image\":{\"@id\":\"https:\\\/\\\/www.tstcables.com\\\/de\\\/produkt\\\/600-v-pi-hochtemperaturbestaendiges-raucharmes-halogenfreies-korrosionsbestaendiges-abgeschirmtes-kabel\\\/#primaryimage\"},\"thumbnailUrl\":\"https:\\\/\\\/www.tstcables.com\\\/wp-content\\\/uploads\\\/2024\\\/03\\\/5-9.jpg\",\"datePublished\":\"2024-03-23T11:00:27+00:00\",\"description\":\"Das hochtemperaturbest\u00e4ndige, raucharme, halogenfreie, korrosionsbest\u00e4ndige, abgeschirmte 600-V-PI-Kabel weist Strahlungsbest\u00e4ndigkeit und gute mechanische Eigenschaften auf.\",\"breadcrumb\":{\"@id\":\"https:\\\/\\\/www.tstcables.com\\\/de\\\/produkt\\\/600-v-pi-hochtemperaturbestaendiges-raucharmes-halogenfreies-korrosionsbestaendiges-abgeschirmtes-kabel\\\/#breadcrumb\"},\"inLanguage\":\"de\",\"potentialAction\":[{\"@type\":\"ReadAction\",\"target\":[\"https:\\\/\\\/www.tstcables.com\\\/de\\\/produkt\\\/600-v-pi-hochtemperaturbestaendiges-raucharmes-halogenfreies-korrosionsbestaendiges-abgeschirmtes-kabel\\\/\"]}]},{\"@type\":\"ImageObject\",\"inLanguage\":\"de\",\"@id\":\"https:\\\/\\\/www.tstcables.com\\\/de\\\/produkt\\\/600-v-pi-hochtemperaturbestaendiges-raucharmes-halogenfreies-korrosionsbestaendiges-abgeschirmtes-kabel\\\/#primaryimage\",\"url\":\"https:\\\/\\\/www.tstcables.com\\\/wp-content\\\/uploads\\\/2024\\\/03\\\/5-9.jpg\",\"contentUrl\":\"https:\\\/\\\/www.tstcables.com\\\/wp-content\\\/uploads\\\/2024\\\/03\\\/5-9.jpg\",\"width\":750,\"height\":750,\"caption\":\"PI (polyimide) cable AII-220\"},{\"@type\":\"BreadcrumbList\",\"@id\":\"https:\\\/\\\/www.tstcables.com\\\/de\\\/produkt\\\/600-v-pi-hochtemperaturbestaendiges-raucharmes-halogenfreies-korrosionsbestaendiges-abgeschirmtes-kabel\\\/#breadcrumb\",\"itemListElement\":[{\"@type\":\"ListItem\",\"position\":1,\"name\":\"\u9996\u9875\",\"item\":\"https:\\\/\\\/www.tstcables.com\\\/de\\\/\"},{\"@type\":\"ListItem\",\"position\":2,\"name\":\"Product\",\"item\":\"https:\\\/\\\/www.tstcables.com\\\/product\\\/\"},{\"@type\":\"ListItem\",\"position\":3,\"name\":\"600 V PI hochtemperaturbest\u00e4ndiges, raucharmes, halogenfreies, korrosionsbest\u00e4ndiges, abgeschirmtes Kabel\"}]},{\"@type\":\"WebSite\",\"@id\":\"https:\\\/\\\/www.tstcables.com\\\/de\\\/#website\",\"url\":\"https:\\\/\\\/www.tstcables.com\\\/de\\\/\",\"name\":\"TST Cable supplier & Manufacture\",\"description\":\"TST CABLES  supplier &amp; Manufacture official website\",\"publisher\":{\"@id\":\"https:\\\/\\\/www.tstcables.com\\\/de\\\/#organization\"},\"potentialAction\":[{\"@type\":\"SearchAction\",\"target\":{\"@type\":\"EntryPoint\",\"urlTemplate\":\"https:\\\/\\\/www.tstcables.com\\\/de\\\/?s={search_term_string}\"},\"query-input\":{\"@type\":\"PropertyValueSpecification\",\"valueRequired\":true,\"valueName\":\"search_term_string\"}}],\"inLanguage\":\"de\"},{\"@type\":\"Organization\",\"@id\":\"https:\\\/\\\/www.tstcables.com\\\/de\\\/#organization\",\"name\":\"TST Cable supplier & Manufacture\",\"url\":\"https:\\\/\\\/www.tstcables.com\\\/de\\\/\",\"logo\":{\"@type\":\"ImageObject\",\"inLanguage\":\"de\",\"@id\":\"https:\\\/\\\/www.tstcables.com\\\/de\\\/#\\\/schema\\\/logo\\\/image\\\/\",\"url\":\"https:\\\/\\\/www.tstcables.com\\\/wp-content\\\/uploads\\\/2024\\\/04\\\/cropped-\u753b\u677f-1-\u62f7\u8d1d-4-1.png\",\"contentUrl\":\"https:\\\/\\\/www.tstcables.com\\\/wp-content\\\/uploads\\\/2024\\\/04\\\/cropped-\u753b\u677f-1-\u62f7\u8d1d-4-1.png\",\"width\":300,\"height\":100,\"caption\":\"TST Cable supplier & Manufacture\"},\"image\":{\"@id\":\"https:\\\/\\\/www.tstcables.com\\\/de\\\/#\\\/schema\\\/logo\\\/image\\\/\"}}]}<\/script>\n<!-- \/ Yoast SEO plugin. -->","yoast_head_json":{"title":"600 V PI hochtemperaturbest\u00e4ndiges, raucharmes, halogenfreies, korrosionsbest\u00e4ndiges, abgeschirmtes Kabel","description":"Das hochtemperaturbest\u00e4ndige, raucharme, halogenfreie, korrosionsbest\u00e4ndige, abgeschirmte 600-V-PI-Kabel weist Strahlungsbest\u00e4ndigkeit und gute mechanische Eigenschaften auf.","robots":{"index":"index","follow":"follow","max-snippet":"max-snippet:-1","max-image-preview":"max-image-preview:large","max-video-preview":"max-video-preview:-1"},"canonical":"https:\/\/www.tstcables.com\/de\/produkt\/600-v-pi-hochtemperaturbestaendiges-raucharmes-halogenfreies-korrosionsbestaendiges-abgeschirmtes-kabel\/","og_locale":"de_DE","og_type":"article","og_title":"600 V PI hochtemperaturbest\u00e4ndiges, raucharmes, halogenfreies, korrosionsbest\u00e4ndiges, abgeschirmtes Kabel","og_description":"Das hochtemperaturbest\u00e4ndige, raucharme, halogenfreie, korrosionsbest\u00e4ndige, abgeschirmte 600-V-PI-Kabel weist Strahlungsbest\u00e4ndigkeit und gute mechanische Eigenschaften auf.","og_url":"https:\/\/www.tstcables.com\/de\/produkt\/600-v-pi-hochtemperaturbestaendiges-raucharmes-halogenfreies-korrosionsbestaendiges-abgeschirmtes-kabel\/","og_site_name":"TST CABLES supplier &amp; Manufacture","og_image":[{"width":750,"height":750,"url":"https:\/\/www.tstcables.com\/wp-content\/uploads\/2024\/03\/5-9.jpg","type":"image\/jpeg"}],"twitter_card":"summary_large_image","twitter_misc":{"Gesch\u00e4tzte Lesezeit":"1\u00a0Minute"},"schema":{"@context":"https:\/\/schema.org","@graph":[{"@type":"WebPage","@id":"https:\/\/www.tstcables.com\/de\/produkt\/600-v-pi-hochtemperaturbestaendiges-raucharmes-halogenfreies-korrosionsbestaendiges-abgeschirmtes-kabel\/","url":"https:\/\/www.tstcables.com\/de\/produkt\/600-v-pi-hochtemperaturbestaendiges-raucharmes-halogenfreies-korrosionsbestaendiges-abgeschirmtes-kabel\/","name":"600 V PI hochtemperaturbest\u00e4ndiges, raucharmes, halogenfreies, korrosionsbest\u00e4ndiges, abgeschirmtes Kabel","isPartOf":{"@id":"https:\/\/www.tstcables.com\/de\/#website"},"primaryImageOfPage":{"@id":"https:\/\/www.tstcables.com\/de\/produkt\/600-v-pi-hochtemperaturbestaendiges-raucharmes-halogenfreies-korrosionsbestaendiges-abgeschirmtes-kabel\/#primaryimage"},"image":{"@id":"https:\/\/www.tstcables.com\/de\/produkt\/600-v-pi-hochtemperaturbestaendiges-raucharmes-halogenfreies-korrosionsbestaendiges-abgeschirmtes-kabel\/#primaryimage"},"thumbnailUrl":"https:\/\/www.tstcables.com\/wp-content\/uploads\/2024\/03\/5-9.jpg","datePublished":"2024-03-23T11:00:27+00:00","description":"Das hochtemperaturbest\u00e4ndige, raucharme, halogenfreie, korrosionsbest\u00e4ndige, abgeschirmte 600-V-PI-Kabel weist Strahlungsbest\u00e4ndigkeit und gute mechanische Eigenschaften auf.","breadcrumb":{"@id":"https:\/\/www.tstcables.com\/de\/produkt\/600-v-pi-hochtemperaturbestaendiges-raucharmes-halogenfreies-korrosionsbestaendiges-abgeschirmtes-kabel\/#breadcrumb"},"inLanguage":"de","potentialAction":[{"@type":"ReadAction","target":["https:\/\/www.tstcables.com\/de\/produkt\/600-v-pi-hochtemperaturbestaendiges-raucharmes-halogenfreies-korrosionsbestaendiges-abgeschirmtes-kabel\/"]}]},{"@type":"ImageObject","inLanguage":"de","@id":"https:\/\/www.tstcables.com\/de\/produkt\/600-v-pi-hochtemperaturbestaendiges-raucharmes-halogenfreies-korrosionsbestaendiges-abgeschirmtes-kabel\/#primaryimage","url":"https:\/\/www.tstcables.com\/wp-content\/uploads\/2024\/03\/5-9.jpg","contentUrl":"https:\/\/www.tstcables.com\/wp-content\/uploads\/2024\/03\/5-9.jpg","width":750,"height":750,"caption":"PI (polyimide) cable AII-220"},{"@type":"BreadcrumbList","@id":"https:\/\/www.tstcables.com\/de\/produkt\/600-v-pi-hochtemperaturbestaendiges-raucharmes-halogenfreies-korrosionsbestaendiges-abgeschirmtes-kabel\/#breadcrumb","itemListElement":[{"@type":"ListItem","position":1,"name":"\u9996\u9875","item":"https:\/\/www.tstcables.com\/de\/"},{"@type":"ListItem","position":2,"name":"Product","item":"https:\/\/www.tstcables.com\/product\/"},{"@type":"ListItem","position":3,"name":"600 V PI hochtemperaturbest\u00e4ndiges, raucharmes, halogenfreies, korrosionsbest\u00e4ndiges, abgeschirmtes Kabel"}]},{"@type":"WebSite","@id":"https:\/\/www.tstcables.com\/de\/#website","url":"https:\/\/www.tstcables.com\/de\/","name":"TST Cable supplier & Manufacture","description":"TST CABLES  supplier &amp; Manufacture official website","publisher":{"@id":"https:\/\/www.tstcables.com\/de\/#organization"},"potentialAction":[{"@type":"SearchAction","target":{"@type":"EntryPoint","urlTemplate":"https:\/\/www.tstcables.com\/de\/?s={search_term_string}"},"query-input":{"@type":"PropertyValueSpecification","valueRequired":true,"valueName":"search_term_string"}}],"inLanguage":"de"},{"@type":"Organization","@id":"https:\/\/www.tstcables.com\/de\/#organization","name":"TST Cable supplier & Manufacture","url":"https:\/\/www.tstcables.com\/de\/","logo":{"@type":"ImageObject","inLanguage":"de","@id":"https:\/\/www.tstcables.com\/de\/#\/schema\/logo\/image\/","url":"https:\/\/www.tstcables.com\/wp-content\/uploads\/2024\/04\/cropped-\u753b\u677f-1-\u62f7\u8d1d-4-1.png","contentUrl":"https:\/\/www.tstcables.com\/wp-content\/uploads\/2024\/04\/cropped-\u753b\u677f-1-\u62f7\u8d1d-4-1.png","width":300,"height":100,"caption":"TST Cable supplier & Manufacture"},"image":{"@id":"https:\/\/www.tstcables.com\/de\/#\/schema\/logo\/image\/"}}]}},"_links":{"self":[{"href":"https:\/\/www.tstcables.com\/de\/wp-json\/wp\/v2\/product\/19926","targetHints":{"allow":["GET"]}}],"collection":[{"href":"https:\/\/www.tstcables.com\/de\/wp-json\/wp\/v2\/product"}],"about":[{"href":"https:\/\/www.tstcables.com\/de\/wp-json\/wp\/v2\/types\/product"}],"version-history":[{"count":0,"href":"https:\/\/www.tstcables.com\/de\/wp-json\/wp\/v2\/product\/19926\/revisions"}],"wp:featuredmedia":[{"embeddable":true,"href":"https:\/\/www.tstcables.com\/de\/wp-json\/wp\/v2\/media\/12610"}],"wp:attachment":[{"href":"https:\/\/www.tstcables.com\/de\/wp-json\/wp\/v2\/media?parent=19926"}],"wp:term":[{"taxonomy":"product_brand","embeddable":true,"href":"https:\/\/www.tstcables.com\/de\/wp-json\/wp\/v2\/product_brand?post=19926"},{"taxonomy":"product_cat","embeddable":true,"href":"https:\/\/www.tstcables.com\/de\/wp-json\/wp\/v2\/product_cat?post=19926"},{"taxonomy":"product_tag","embeddable":true,"href":"https:\/\/www.tstcables.com\/de\/wp-json\/wp\/v2\/product_tag?post=19926"}],"curies":[{"name":"wp","href":"https:\/\/api.w.org\/{rel}","templated":true}]}}