{"id":19929,"date":"2024-03-23T18:58:31","date_gmt":"2024-03-23T10:58:31","guid":{"rendered":"https:\/\/www.tstcables.com\/product\/can-bus-rs485-rs422-kommunikationskabel\/"},"modified":"2024-03-23T18:58:31","modified_gmt":"2024-03-23T10:58:31","slug":"can-bus-rs485-rs422-kommunikationskabel","status":"publish","type":"product","link":"https:\/\/www.tstcables.com\/de\/produkt\/can-bus-rs485-rs422-kommunikationskabel\/","title":{"rendered":"CAN-BUS\/RS485\/RS422-Kommunikationskabel"},"content":{"rendered":"<p>Anwendung:<\/p>\n<p>Kommunikation zwischen den verschiedenen Komponenten im Automobil<\/p>\n<p>Charakteristisch:<\/p>\n<ul>\n<li>Nennspannung: 300 VAC<\/li>\n<li>Temperaturbereich: -40 \u00b0C bis 90 \u00b0C<\/li>\n<li>Biegeradius: 6D (D bezieht sich auf den Kabelau\u00dfendurchmesser)<\/li>\n<li>Charakteristische Impedanz: 120 \u03a9 + 12 \u03a9 (0,75 ~ 3 MHz)<\/li>\n<li>Verzinntes Kupfer<\/li>\n<li>Oxidationsbest\u00e4ndig<\/li>\n<li>Hohe Leitf\u00e4higkeit<\/li>\n<li>Abriebfeste<\/li>\n<li>Oxidationsbest\u00e4ndig<\/li>\n<li>Nicht verformbar<\/li>\n<\/ul>\n<p>Struktur:<\/p>\n<ul>\n<li>Leiter: Verzinnter Kupferleiter, Struktur der Klasse 5.<\/li>\n<li>Isolierung: Isoliermaterial aus Polyethylen.<\/li>\n<li>Polyesterband.<\/li>\n<li>Abschirmung: Aluminiumfolie + Geflechtschirm.<\/li>\n<li>Mantel\/Mantel: Bestrahltes, vernetztes Polyolefin<\/li>\n<li>im Mantelmaterial.<\/li>\n<\/ul>\n<p>Auswahlparameter<\/p>\n<style type=\"text\/css\">\n.tg  {border-collapse:collapse;border-color:#ccc;border-spacing:0;}<br \/>.tg td{background-color:#fff;border-color:#ccc;border-style:solid;border-width:1px;color:#333;<br \/>  font-family:Arial, sans-serif;font-size:14px;overflow:hidden;padding:10px 5px;word-break:normal;}<br \/>.tg th{background-color:#f0f0f0;border-color:#ccc;border-style:solid;border-width:1px;color:#333;<br \/>  font-family:Arial, sans-serif;font-size:14px;font-weight:normal;overflow:hidden;padding:10px 5px;word-break:normal;}<br \/>.tg .tg-0pky{border-color:inherit;text-align:left;vertical-align:top}<br \/>.tg .tg-0lax{text-align:left;vertical-align:top}<br \/><\/style>\n<table class=\"tg\">\n<thead>\n<tr>\n<th class=\"tg-0pky\" rowspan=\"2\">Modellspezifikationen<\/th>\n<th class=\"tg-0pky\" rowspan=\"2\"><span style=\"color: #000;\">Leiterdurchmesser (mm)<\/span><\/th>\n<th class=\"tg-0pky\" rowspan=\"2\"><span style=\"color: #000;\">Isolationsdurchmesser (mm)<\/span><\/th>\n<th class=\"tg-0pky\" colspan=\"2\"><span style=\"color: #000;\">Au\u00dfendurchmesser (D)<\/span><\/th>\n<th class=\"tg-0pky\" rowspan=\"2\"><span style=\"color: #000;\">Durchschnittliches Kabelgewicht kg\/km<\/span><\/th>\n<th class=\"tg-0pky\" rowspan=\"2\"><span style=\"color: #000;\">Verbrennungsw\u00e4rmewert KJ\/m<\/span><\/th>\n<\/tr>\n<tr>\n<th class=\"tg-0pky\"><span style=\"color: #000;\">Min.mm<\/span><\/th>\n<th class=\"tg-0pky\"><span style=\"color: #000;\">Max.mm<\/span><\/th>\n<\/tr>\n<\/thead>\n<tbody>\n<tr>\n<td class=\"tg-0pky\"><span style=\"color: #000;\">2x2x26AWG (massiver Typ)<\/span><\/td>\n<td class=\"tg-0pky\"><span style=\"color: #000;\">0.48<\/span><\/td>\n<td class=\"tg-0pky\"><span style=\"color: #000;\">1.2<\/span><\/td>\n<td class=\"tg-0pky\"><span style=\"color: #000;\">6.2<\/span><\/td>\n<td class=\"tg-0pky\"><span style=\"color: #000;\">6.8<\/span><\/td>\n<td class=\"tg-0pky\"><span style=\"color: #000;\">43<\/span><\/td>\n<td class=\"tg-0pky\"><span style=\"color: #000;\">380<\/span><\/td>\n<\/tr>\n<tr>\n<td class=\"tg-0pky\"><span style=\"color: #000;\">4x2x26AWG (massiver Typ)<\/span><\/td>\n<td class=\"tg-0pky\"><span style=\"color: #000;\">0.48<\/span><\/td>\n<td class=\"tg-0pky\"><span style=\"color: #000;\">1.2<\/span><\/td>\n<td class=\"tg-0pky\"><span style=\"color: #000;\">7.2<\/span><\/td>\n<td class=\"tg-0pky\"><span style=\"color: #000;\">7.8<\/span><\/td>\n<td class=\"tg-0pky\"><span style=\"color: #000;\">64<\/span><\/td>\n<td class=\"tg-0pky\"><span style=\"color: #000;\">520<\/span><\/td>\n<\/tr>\n<tr>\n<td class=\"tg-0lax\"><span style=\"color: #000;\">2&#215;0,5+1&#215;0,5 (Schaumtyp)<\/span><\/td>\n<td class=\"tg-0lax\"><span style=\"color: #000;\">0.9<\/span><\/td>\n<td class=\"tg-0lax\"><span style=\"color: #000;\">2.4<\/span><\/td>\n<td class=\"tg-0lax\"><span style=\"color: #000;\">6.7<\/span><\/td>\n<td class=\"tg-0lax\"><span style=\"color: #000;\">7.2<\/span><\/td>\n<td class=\"tg-0lax\"><span style=\"color: #000;\">68<\/span><\/td>\n<td class=\"tg-0lax\"><span style=\"color: #000;\">1250<\/span><\/td>\n<\/tr>\n<tr>\n<td class=\"tg-0lax\"><span style=\"color: #000;\">4&#215;0,5 (fester Typ)<\/span><\/td>\n<td class=\"tg-0lax\"><span style=\"color: #000;\">0.9<\/span><\/td>\n<td class=\"tg-0lax\"><span style=\"color: #000;\">2.9<\/span><\/td>\n<td class=\"tg-0lax\"><span style=\"color: #000;\">9<\/span><\/td>\n<td class=\"tg-0lax\"><span style=\"color: #000;\">9.5<\/span><\/td>\n<td class=\"tg-0lax\"><span style=\"color: #000;\">96<\/span><\/td>\n<td class=\"tg-0lax\"><span style=\"color: #000;\">1560<\/span><\/td>\n<\/tr>\n<tr>\n<td class=\"tg-0lax\"><span style=\"color: #000;\">4&#215;0,75 (fester Typ)<\/span><\/td>\n<td class=\"tg-0lax\"><span style=\"color: #000;\">1.15<\/span><\/td>\n<td class=\"tg-0lax\"><span style=\"color: #000;\">3.4<\/span><\/td>\n<td class=\"tg-0lax\"><span style=\"color: #000;\">10.2<\/span><\/td>\n<td class=\"tg-0lax\"><span style=\"color: #000;\">10.8<\/span><\/td>\n<td class=\"tg-0lax\"><span style=\"color: #000;\">128<\/span><\/td>\n<td class=\"tg-0lax\"><span style=\"color: #000;\">1720<\/span><\/td>\n<\/tr>\n<\/tbody>\n<\/table>\n","protected":false},"excerpt":{"rendered":"<p>Controller Area Network (CAN) ist ein serieller Kommunikationsprotokollbus, der f\u00fcr Echtzeitanwendungen verwendet wird. Es wird f\u00fcr die Kommunikation zwischen verschiedenen Komponenten in Automobilen verwendet und ersetzt teure und sperrige Verteilerkabelb\u00e4ume. Zu den Funktionen geh\u00f6ren vollst\u00e4ndige serielle Datenkommunikation, Echtzeitunterst\u00fctzung, \u00dcbertragungsraten von bis zu 1 Mbit\/s, gleichzeitige 11-Bit-Adressierung und Fehlererkennungsfunktionen.<\/p>\n","protected":false},"featured_media":12530,"template":"","meta":{"_eb_attr":"","site-sidebar-layout":"default","site-content-layout":"","ast-site-content-layout":"default","site-content-style":"default","site-sidebar-style":"default","ast-global-header-display":"","ast-banner-title-visibility":"","ast-main-header-display":"","ast-hfb-above-header-display":"","ast-hfb-below-header-display":"","ast-hfb-mobile-header-display":"","site-post-title":"","ast-breadcrumbs-content":"","ast-featured-img":"","footer-sml-layout":"","theme-transparent-header-meta":"default","adv-header-id-meta":"","stick-header-meta":"","header-above-stick-meta":"","header-main-stick-meta":"","header-below-stick-meta":"","astra-migrate-meta-layouts":"default","ast-page-background-enabled":"default","ast-page-background-meta":{"desktop":{"background-color":"","background-image":"","background-repeat":"repeat","background-position":"center center","background-size":"auto","background-attachment":"scroll","background-type":"","background-media":"","overlay-type":"","overlay-color":"","overlay-opacity":"","overlay-gradient":""},"tablet":{"background-color":"","background-image":"","background-repeat":"repeat","background-position":"center center","background-size":"auto","background-attachment":"scroll","background-type":"","background-media":"","overlay-type":"","overlay-color":"","overlay-opacity":"","overlay-gradient":""},"mobile":{"background-color":"","background-image":"","background-repeat":"repeat","background-position":"center center","background-size":"auto","background-attachment":"scroll","background-type":"","background-media":"","overlay-type":"","overlay-color":"","overlay-opacity":"","overlay-gradient":""}},"ast-content-background-meta":{"desktop":{"background-color":"var(--ast-global-color-5)","background-image":"","background-repeat":"repeat","background-position":"center center","background-size":"auto","background-attachment":"scroll","background-type":"","background-media":"","overlay-type":"","overlay-color":"","overlay-opacity":"","overlay-gradient":""},"tablet":{"background-color":"var(--ast-global-color-5)","background-image":"","background-repeat":"repeat","background-position":"center center","background-size":"auto","background-attachment":"scroll","background-type":"","background-media":"","overlay-type":"","overlay-color":"","overlay-opacity":"","overlay-gradient":""},"mobile":{"background-color":"var(--ast-global-color-5)","background-image":"","background-repeat":"repeat","background-position":"center center","background-size":"auto","background-attachment":"scroll","background-type":"","background-media":"","overlay-type":"","overlay-color":"","overlay-opacity":"","overlay-gradient":""}}},"product_brand":[],"product_cat":[708,693,694,695,696,698,699,691,700,701,702,713],"product_tag":[1574,1573,1572,1576,1575],"class_list":{"0":"post-19929","1":"product","2":"type-product","3":"status-publish","4":"has-post-thumbnail","6":"product_cat-rail-way-de","7":"product_cat-enstandard-cable-de","8":"product_cat-en50264-de","9":"product_cat-en50306-de","10":"product_cat-en50382-de","11":"product_cat-ice-standard-de","12":"product_cat-lsoh-cable-de","13":"product_cat-aviation-de","14":"product_cat-marine-de","15":"product_cat-nuclear-de","16":"product_cat-oil-gas-de","17":"product_cat-wind-power-de","18":"product_tag-bus-kabel","19":"product_tag-can-kabel","20":"product_tag-kommunikationskabel","21":"product_tag-rs422-kabel","22":"product_tag-rs485-kabel","23":"desktop-align-center","24":"tablet-align-left","25":"mobile-align-left","27":"first","28":"instock","29":"shipping-taxable","30":"product-type-simple"},"yoast_head":"<!-- This site is optimized with the Yoast SEO plugin v27.5 - https:\/\/yoast.com\/product\/yoast-seo-wordpress\/ -->\n<title>CAN-BUS\/RS485\/RS422-Kommunikationskabel<\/title>\n<meta name=\"description\" content=\"Controller Area Network (CAN) ist ein serieller Kommunikationsprotokollbus, der f\u00fcr Echtzeitanwendungen verwendet wird.\" \/>\n<meta name=\"robots\" content=\"index, follow, max-snippet:-1, max-image-preview:large, max-video-preview:-1\" \/>\n<link rel=\"canonical\" href=\"https:\/\/www.tstcables.com\/de\/produkt\/can-bus-rs485-rs422-kommunikationskabel\/\" \/>\n<meta property=\"og:locale\" content=\"de_DE\" \/>\n<meta property=\"og:type\" content=\"article\" \/>\n<meta property=\"og:title\" content=\"CAN-BUS\/RS485\/RS422-Kommunikationskabel\" \/>\n<meta property=\"og:description\" content=\"Controller Area Network (CAN) ist ein serieller Kommunikationsprotokollbus, der f\u00fcr Echtzeitanwendungen verwendet wird.\" \/>\n<meta property=\"og:url\" content=\"https:\/\/www.tstcables.com\/de\/produkt\/can-bus-rs485-rs422-kommunikationskabel\/\" \/>\n<meta property=\"og:site_name\" content=\"TST CABLES supplier &amp; Manufacture\" \/>\n<meta property=\"og:image\" content=\"https:\/\/www.tstcables.com\/wp-content\/uploads\/2024\/03\/5-7.jpg\" \/>\n\t<meta property=\"og:image:width\" content=\"640\" \/>\n\t<meta property=\"og:image:height\" content=\"640\" \/>\n\t<meta property=\"og:image:type\" content=\"image\/jpeg\" \/>\n<meta name=\"twitter:card\" content=\"summary_large_image\" \/>\n<meta name=\"twitter:label1\" content=\"Gesch\u00e4tzte Lesezeit\" \/>\n\t<meta name=\"twitter:data1\" content=\"1\u00a0Minute\" \/>\n<script type=\"application\/ld+json\" class=\"yoast-schema-graph\">{\"@context\":\"https:\\\/\\\/schema.org\",\"@graph\":[{\"@type\":\"WebPage\",\"@id\":\"https:\\\/\\\/www.tstcables.com\\\/de\\\/produkt\\\/can-bus-rs485-rs422-kommunikationskabel\\\/\",\"url\":\"https:\\\/\\\/www.tstcables.com\\\/de\\\/produkt\\\/can-bus-rs485-rs422-kommunikationskabel\\\/\",\"name\":\"CAN-BUS\\\/RS485\\\/RS422-Kommunikationskabel\",\"isPartOf\":{\"@id\":\"https:\\\/\\\/www.tstcables.com\\\/de\\\/#website\"},\"primaryImageOfPage\":{\"@id\":\"https:\\\/\\\/www.tstcables.com\\\/de\\\/produkt\\\/can-bus-rs485-rs422-kommunikationskabel\\\/#primaryimage\"},\"image\":{\"@id\":\"https:\\\/\\\/www.tstcables.com\\\/de\\\/produkt\\\/can-bus-rs485-rs422-kommunikationskabel\\\/#primaryimage\"},\"thumbnailUrl\":\"https:\\\/\\\/www.tstcables.com\\\/wp-content\\\/uploads\\\/2024\\\/03\\\/5-7.jpg\",\"datePublished\":\"2024-03-23T10:58:31+00:00\",\"description\":\"Controller Area Network (CAN) ist ein serieller Kommunikationsprotokollbus, der f\u00fcr Echtzeitanwendungen verwendet wird.\",\"breadcrumb\":{\"@id\":\"https:\\\/\\\/www.tstcables.com\\\/de\\\/produkt\\\/can-bus-rs485-rs422-kommunikationskabel\\\/#breadcrumb\"},\"inLanguage\":\"de\",\"potentialAction\":[{\"@type\":\"ReadAction\",\"target\":[\"https:\\\/\\\/www.tstcables.com\\\/de\\\/produkt\\\/can-bus-rs485-rs422-kommunikationskabel\\\/\"]}]},{\"@type\":\"ImageObject\",\"inLanguage\":\"de\",\"@id\":\"https:\\\/\\\/www.tstcables.com\\\/de\\\/produkt\\\/can-bus-rs485-rs422-kommunikationskabel\\\/#primaryimage\",\"url\":\"https:\\\/\\\/www.tstcables.com\\\/wp-content\\\/uploads\\\/2024\\\/03\\\/5-7.jpg\",\"contentUrl\":\"https:\\\/\\\/www.tstcables.com\\\/wp-content\\\/uploads\\\/2024\\\/03\\\/5-7.jpg\",\"width\":640,\"height\":640,\"caption\":\"CAN BUS\\\/RS485\\\/RS422 communication cable\"},{\"@type\":\"BreadcrumbList\",\"@id\":\"https:\\\/\\\/www.tstcables.com\\\/de\\\/produkt\\\/can-bus-rs485-rs422-kommunikationskabel\\\/#breadcrumb\",\"itemListElement\":[{\"@type\":\"ListItem\",\"position\":1,\"name\":\"\u9996\u9875\",\"item\":\"https:\\\/\\\/www.tstcables.com\\\/de\\\/\"},{\"@type\":\"ListItem\",\"position\":2,\"name\":\"Product\",\"item\":\"https:\\\/\\\/www.tstcables.com\\\/product\\\/\"},{\"@type\":\"ListItem\",\"position\":3,\"name\":\"CAN-BUS\\\/RS485\\\/RS422-Kommunikationskabel\"}]},{\"@type\":\"WebSite\",\"@id\":\"https:\\\/\\\/www.tstcables.com\\\/de\\\/#website\",\"url\":\"https:\\\/\\\/www.tstcables.com\\\/de\\\/\",\"name\":\"TST Cable supplier & Manufacture\",\"description\":\"TST CABLES  supplier &amp; Manufacture official website\",\"publisher\":{\"@id\":\"https:\\\/\\\/www.tstcables.com\\\/de\\\/#organization\"},\"potentialAction\":[{\"@type\":\"SearchAction\",\"target\":{\"@type\":\"EntryPoint\",\"urlTemplate\":\"https:\\\/\\\/www.tstcables.com\\\/de\\\/?s={search_term_string}\"},\"query-input\":{\"@type\":\"PropertyValueSpecification\",\"valueRequired\":true,\"valueName\":\"search_term_string\"}}],\"inLanguage\":\"de\"},{\"@type\":\"Organization\",\"@id\":\"https:\\\/\\\/www.tstcables.com\\\/de\\\/#organization\",\"name\":\"TST Cable supplier & Manufacture\",\"url\":\"https:\\\/\\\/www.tstcables.com\\\/de\\\/\",\"logo\":{\"@type\":\"ImageObject\",\"inLanguage\":\"de\",\"@id\":\"https:\\\/\\\/www.tstcables.com\\\/de\\\/#\\\/schema\\\/logo\\\/image\\\/\",\"url\":\"https:\\\/\\\/www.tstcables.com\\\/wp-content\\\/uploads\\\/2024\\\/04\\\/cropped-\u753b\u677f-1-\u62f7\u8d1d-4-1.png\",\"contentUrl\":\"https:\\\/\\\/www.tstcables.com\\\/wp-content\\\/uploads\\\/2024\\\/04\\\/cropped-\u753b\u677f-1-\u62f7\u8d1d-4-1.png\",\"width\":300,\"height\":100,\"caption\":\"TST Cable supplier & Manufacture\"},\"image\":{\"@id\":\"https:\\\/\\\/www.tstcables.com\\\/de\\\/#\\\/schema\\\/logo\\\/image\\\/\"}}]}<\/script>\n<!-- \/ Yoast SEO plugin. -->","yoast_head_json":{"title":"CAN-BUS\/RS485\/RS422-Kommunikationskabel","description":"Controller Area Network (CAN) ist ein serieller Kommunikationsprotokollbus, der f\u00fcr Echtzeitanwendungen verwendet wird.","robots":{"index":"index","follow":"follow","max-snippet":"max-snippet:-1","max-image-preview":"max-image-preview:large","max-video-preview":"max-video-preview:-1"},"canonical":"https:\/\/www.tstcables.com\/de\/produkt\/can-bus-rs485-rs422-kommunikationskabel\/","og_locale":"de_DE","og_type":"article","og_title":"CAN-BUS\/RS485\/RS422-Kommunikationskabel","og_description":"Controller Area Network (CAN) ist ein serieller Kommunikationsprotokollbus, der f\u00fcr Echtzeitanwendungen verwendet wird.","og_url":"https:\/\/www.tstcables.com\/de\/produkt\/can-bus-rs485-rs422-kommunikationskabel\/","og_site_name":"TST CABLES supplier &amp; Manufacture","og_image":[{"width":640,"height":640,"url":"https:\/\/www.tstcables.com\/wp-content\/uploads\/2024\/03\/5-7.jpg","type":"image\/jpeg"}],"twitter_card":"summary_large_image","twitter_misc":{"Gesch\u00e4tzte Lesezeit":"1\u00a0Minute"},"schema":{"@context":"https:\/\/schema.org","@graph":[{"@type":"WebPage","@id":"https:\/\/www.tstcables.com\/de\/produkt\/can-bus-rs485-rs422-kommunikationskabel\/","url":"https:\/\/www.tstcables.com\/de\/produkt\/can-bus-rs485-rs422-kommunikationskabel\/","name":"CAN-BUS\/RS485\/RS422-Kommunikationskabel","isPartOf":{"@id":"https:\/\/www.tstcables.com\/de\/#website"},"primaryImageOfPage":{"@id":"https:\/\/www.tstcables.com\/de\/produkt\/can-bus-rs485-rs422-kommunikationskabel\/#primaryimage"},"image":{"@id":"https:\/\/www.tstcables.com\/de\/produkt\/can-bus-rs485-rs422-kommunikationskabel\/#primaryimage"},"thumbnailUrl":"https:\/\/www.tstcables.com\/wp-content\/uploads\/2024\/03\/5-7.jpg","datePublished":"2024-03-23T10:58:31+00:00","description":"Controller Area Network (CAN) ist ein serieller Kommunikationsprotokollbus, der f\u00fcr Echtzeitanwendungen verwendet wird.","breadcrumb":{"@id":"https:\/\/www.tstcables.com\/de\/produkt\/can-bus-rs485-rs422-kommunikationskabel\/#breadcrumb"},"inLanguage":"de","potentialAction":[{"@type":"ReadAction","target":["https:\/\/www.tstcables.com\/de\/produkt\/can-bus-rs485-rs422-kommunikationskabel\/"]}]},{"@type":"ImageObject","inLanguage":"de","@id":"https:\/\/www.tstcables.com\/de\/produkt\/can-bus-rs485-rs422-kommunikationskabel\/#primaryimage","url":"https:\/\/www.tstcables.com\/wp-content\/uploads\/2024\/03\/5-7.jpg","contentUrl":"https:\/\/www.tstcables.com\/wp-content\/uploads\/2024\/03\/5-7.jpg","width":640,"height":640,"caption":"CAN BUS\/RS485\/RS422 communication cable"},{"@type":"BreadcrumbList","@id":"https:\/\/www.tstcables.com\/de\/produkt\/can-bus-rs485-rs422-kommunikationskabel\/#breadcrumb","itemListElement":[{"@type":"ListItem","position":1,"name":"\u9996\u9875","item":"https:\/\/www.tstcables.com\/de\/"},{"@type":"ListItem","position":2,"name":"Product","item":"https:\/\/www.tstcables.com\/product\/"},{"@type":"ListItem","position":3,"name":"CAN-BUS\/RS485\/RS422-Kommunikationskabel"}]},{"@type":"WebSite","@id":"https:\/\/www.tstcables.com\/de\/#website","url":"https:\/\/www.tstcables.com\/de\/","name":"TST Cable supplier & Manufacture","description":"TST CABLES  supplier &amp; Manufacture official website","publisher":{"@id":"https:\/\/www.tstcables.com\/de\/#organization"},"potentialAction":[{"@type":"SearchAction","target":{"@type":"EntryPoint","urlTemplate":"https:\/\/www.tstcables.com\/de\/?s={search_term_string}"},"query-input":{"@type":"PropertyValueSpecification","valueRequired":true,"valueName":"search_term_string"}}],"inLanguage":"de"},{"@type":"Organization","@id":"https:\/\/www.tstcables.com\/de\/#organization","name":"TST Cable supplier & Manufacture","url":"https:\/\/www.tstcables.com\/de\/","logo":{"@type":"ImageObject","inLanguage":"de","@id":"https:\/\/www.tstcables.com\/de\/#\/schema\/logo\/image\/","url":"https:\/\/www.tstcables.com\/wp-content\/uploads\/2024\/04\/cropped-\u753b\u677f-1-\u62f7\u8d1d-4-1.png","contentUrl":"https:\/\/www.tstcables.com\/wp-content\/uploads\/2024\/04\/cropped-\u753b\u677f-1-\u62f7\u8d1d-4-1.png","width":300,"height":100,"caption":"TST Cable supplier & Manufacture"},"image":{"@id":"https:\/\/www.tstcables.com\/de\/#\/schema\/logo\/image\/"}}]}},"_links":{"self":[{"href":"https:\/\/www.tstcables.com\/de\/wp-json\/wp\/v2\/product\/19929","targetHints":{"allow":["GET"]}}],"collection":[{"href":"https:\/\/www.tstcables.com\/de\/wp-json\/wp\/v2\/product"}],"about":[{"href":"https:\/\/www.tstcables.com\/de\/wp-json\/wp\/v2\/types\/product"}],"version-history":[{"count":0,"href":"https:\/\/www.tstcables.com\/de\/wp-json\/wp\/v2\/product\/19929\/revisions"}],"wp:featuredmedia":[{"embeddable":true,"href":"https:\/\/www.tstcables.com\/de\/wp-json\/wp\/v2\/media\/12530"}],"wp:attachment":[{"href":"https:\/\/www.tstcables.com\/de\/wp-json\/wp\/v2\/media?parent=19929"}],"wp:term":[{"taxonomy":"product_brand","embeddable":true,"href":"https:\/\/www.tstcables.com\/de\/wp-json\/wp\/v2\/product_brand?post=19929"},{"taxonomy":"product_cat","embeddable":true,"href":"https:\/\/www.tstcables.com\/de\/wp-json\/wp\/v2\/product_cat?post=19929"},{"taxonomy":"product_tag","embeddable":true,"href":"https:\/\/www.tstcables.com\/de\/wp-json\/wp\/v2\/product_tag?post=19929"}],"curies":[{"name":"wp","href":"https:\/\/api.w.org\/{rel}","templated":true}]}}