{"id":19930,"date":"2024-03-23T18:31:11","date_gmt":"2024-03-23T10:31:11","guid":{"rendered":"https:\/\/www.tstcables.com\/product\/einadriges-raucharmes-halogenfreies-hohes-kaltes-niedriges-temperaturkabel-und-kabel-fuer-den-schienenverkehr\/"},"modified":"2024-03-23T18:31:11","modified_gmt":"2024-03-23T10:31:11","slug":"einadriges-raucharmes-halogenfreies-hohes-kaltes-niedriges-temperaturkabel-und-kabel-fuer-den-schienenverkehr","status":"publish","type":"product","link":"https:\/\/www.tstcables.com\/de\/produkt\/einadriges-raucharmes-halogenfreies-hohes-kaltes-niedriges-temperaturkabel-und-kabel-fuer-den-schienenverkehr\/","title":{"rendered":"Einadriges, raucharmes, halogenfreies, hohes, kaltes, niedriges Temperaturkabel und -kabel f\u00fcr den Schienenverkehr"},"content":{"rendered":"<p>Anwendung:<\/p>\n<p>Einadrige, raucharme, halogenfreie, hohe K\u00e4lte- und Niedertemperaturkabel f\u00fcr den Schienenverkehr haben die F\u00e4higkeit, sich an das entsprechende Niveau extrem kalter Umgebungen anzupassen. Diese Produkte weisen eine ausgezeichnete K\u00e4ltebest\u00e4ndigkeit auf und werden daher h\u00e4ufig als spezielle Verbindungskabel f\u00fcr Stromversorgungs- und Steuerkreise in kalten Regionen und Umgebungen, insbesondere in Schienenfahrzeugen, eingesetzt.<\/p>\n<p>Charakteristisch:<\/p>\n<ul>\n<li>Temperaturbest\u00e4ndigkeit: -60 bis 180 \u00b0C<\/li>\n<li>Isolationsst\u00e4rke: 100 MPa&gt;<\/li>\n<li>Verzinntes Kupfer<\/li>\n<li>Oxidationsbest\u00e4ndigkeit<\/li>\n<li>Hohe Leitf\u00e4higkeit<\/li>\n<li>Ultratieftemperaturbest\u00e4ndigkeit<\/li>\n<li>Frostschutzmittel und k\u00e4ltebest\u00e4ndig<\/li>\n<li>Hervorragende mechanische Eigenschaften<\/li>\n<li>\u00dcberlegene elektrische Isolationsleistung<\/li>\n<li>Gute chemische Stabilit\u00e4t<\/li>\n<\/ul>\n<p>Industriestandard:<\/p>\n<ul>\n<li>EN45545-2<\/li>\n<\/ul>\n<p>Struktur:<\/p>\n<ul>\n<li>Leiter: Verzinnter Kupferleiter, entweder 5-Klassen- oder 6-Klassen-Struktur.<\/li>\n<li>Isolierung: raucharmes, halogenfreies Polymer TST-101.<\/li>\n<li>Feuerbest\u00e4ndigkeit: Entspricht EN45545-2 R15\/R16 HL3.<\/li>\n<\/ul>\n<p>Auswahlparameter<\/p>\n<table class=\"tg\">\n<thead>\n<tr>\n<th class=\"tg-0pky\" rowspan=\"2\">Nennquerschnitt des Leiters<\/th>\n<th class=\"tg-0pky\" rowspan=\"2\">Anzahl der Dr\u00e4hte * Kerndrahtdurchmesser<\/th>\n<th class=\"tg-0pky\" colspan=\"2\"><span style=\"color: #000;\">Leiterverseilungsdurchmesser (d)<\/span><\/th>\n<th class=\"tg-0pky\">Durchschnittliche Dicke der Isolierung<\/th>\n<th class=\"tg-0pky\" colspan=\"2\">Kabelau\u00dfendurchmesser (D)<\/th>\n<th class=\"tg-0lax\">20\u2103 Leiterwiderstand<\/th>\n<th class=\"tg-0lax\">Gewicht<\/th>\n<th class=\"tg-0lax\">Verbrennungsw\u00e4rmewert<\/th>\n<\/tr>\n<tr>\n<th class=\"tg-0pky\"><span style=\"color: #000;\">Min. mm<\/span><\/th>\n<th class=\"tg-0pky\"><span style=\"color: #000;\">Max. mm<\/span><\/th>\n<th class=\"tg-0pky\"><span style=\"color: #000;\">Min. mm<\/span><\/th>\n<th class=\"tg-0pky\"><span style=\"color: #000;\">Min. mm<\/span><\/th>\n<th class=\"tg-0pky\"><span style=\"color: #000;\">Max. mm<\/span><\/th>\n<th class=\"tg-0lax\"><span style=\"color: #000;\">MJ\/K m<\/span><\/th>\n<th class=\"tg-0lax\"><span style=\"color: #000;\">Kg\/k m<\/span><\/th>\n<th class=\"tg-0lax\"><span style=\"color: #000;\">MJ\/k m<\/span><\/th>\n<\/tr>\n<\/thead>\n<tbody>\n<tr>\n<td class=\"tg-0pky\"><span style=\"color: #000;\">0.5<\/span><\/td>\n<td class=\"tg-0pky\"><span style=\"color: #000;\">19&#215;0.18<\/span><\/td>\n<td class=\"tg-0pky\"><span style=\"color: #000;\">0.8<\/span><\/td>\n<td class=\"tg-0pky\"><span style=\"color: #000;\">0.95<\/span><\/td>\n<td class=\"tg-0pky\"><span style=\"color: #000;\">0.18<\/span><\/td>\n<td class=\"tg-0pky\"><span style=\"color: #000;\">1.3<\/span><\/td>\n<td class=\"tg-0pky\"><span style=\"color: #000;\">1.45<\/span><\/td>\n<td class=\"tg-0lax\"><span style=\"color: #000;\">40.1<\/span><\/td>\n<td class=\"tg-0lax\"><span style=\"color: #000;\">6<\/span><\/td>\n<td class=\"tg-0lax\"><span style=\"color: #000;\">23<\/span><\/td>\n<\/tr>\n<tr>\n<td class=\"tg-0pky\"><span style=\"color: #000;\">0.75<\/span><\/td>\n<td class=\"tg-0pky\"><span style=\"color: #000;\">a<\/span><br \/>\n<span style=\"color: #000;\">37&#215;0.16<\/span><\/td>\n<td class=\"tg-0pky\"><span style=\"color: #000;\">1<\/span><\/td>\n<td class=\"tg-0pky\"><span style=\"color: #000;\">1.15<\/span><\/td>\n<td class=\"tg-0pky\"><span style=\"color: #000;\">0.18<\/span><\/td>\n<td class=\"tg-0pky\"><span style=\"color: #000;\">1.5<\/span><\/td>\n<td class=\"tg-0pky\"><span style=\"color: #000;\">1.65<\/span><\/td>\n<td class=\"tg-0lax\"><span style=\"color: #000;\">26.7<\/span><\/td>\n<td class=\"tg-0lax\"><span style=\"color: #000;\">8<\/span><\/td>\n<td class=\"tg-0lax\"><span style=\"color: #000;\">29<\/span><\/td>\n<\/tr>\n<tr>\n<td class=\"tg-0lax\"><span style=\"color: #000;\">1<\/span><\/td>\n<td class=\"tg-0lax\"><span style=\"color: #000;\">a<\/span><br \/>\n<span style=\"color: #000;\">37&#215;0.18<\/span><\/td>\n<td class=\"tg-0lax\"><span style=\"color: #000;\">1.1<\/span><\/td>\n<td class=\"tg-0lax\"><span style=\"color: #000;\">1.3<\/span><\/td>\n<td class=\"tg-0lax\"><span style=\"color: #000;\">0.18<\/span><\/td>\n<td class=\"tg-0lax\"><span style=\"color: #000;\">1.6<\/span><\/td>\n<td class=\"tg-0lax\"><span style=\"color: #000;\">1.8<\/span><\/td>\n<td class=\"tg-0lax\"><span style=\"color: #000;\">20<\/span><\/td>\n<td class=\"tg-0lax\"><span style=\"color: #000;\">11<\/span><\/td>\n<td class=\"tg-0lax\"><span style=\"color: #000;\">32<\/span><\/td>\n<\/tr>\n<tr>\n<td class=\"tg-0lax\"><span style=\"color: #000;\">1.5<\/span><\/td>\n<td class=\"tg-0lax\"><span style=\"color: #000;\">37&#215;0.23<\/span><\/td>\n<td class=\"tg-0lax\"><span style=\"color: #000;\">1.45<\/span><\/td>\n<td class=\"tg-0lax\"><span style=\"color: #000;\">1.65<\/span><\/td>\n<td class=\"tg-0lax\"><span style=\"color: #000;\">0.22<\/span><\/td>\n<td class=\"tg-0lax\"><span style=\"color: #000;\">1.95<\/span><\/td>\n<td class=\"tg-0lax\"><span style=\"color: #000;\">2.3<\/span><\/td>\n<td class=\"tg-0lax\"><span style=\"color: #000;\">13.7<\/span><\/td>\n<td class=\"tg-0lax\"><span style=\"color: #000;\">17<\/span><\/td>\n<td class=\"tg-0lax\"><span style=\"color: #000;\">58<\/span><\/td>\n<\/tr>\n<tr>\n<td class=\"tg-0lax\"><span style=\"color: #000;\">2.5<\/span><\/td>\n<td class=\"tg-0lax\"><span style=\"color: #000;\">a<\/span><br \/>\n<span style=\"color: #000;\">37&#215;0.30<\/span><\/td>\n<td class=\"tg-0lax\"><span style=\"color: #000;\">1.85<\/span><\/td>\n<td class=\"tg-0lax\"><span style=\"color: #000;\">2.15<\/span><\/td>\n<td class=\"tg-0lax\"><span style=\"color: #000;\">0.28<\/span><\/td>\n<td class=\"tg-0lax\"><span style=\"color: #000;\">2.35<\/span><\/td>\n<td class=\"tg-0lax\"><span style=\"color: #000;\">2.85<\/span><\/td>\n<td class=\"tg-0lax\"><span style=\"color: #000;\">8.21<\/span><\/td>\n<td class=\"tg-0lax\"><span style=\"color: #000;\">29<\/span><\/td>\n<td class=\"tg-0lax\"><span style=\"color: #000;\">78<\/span><\/td>\n<\/tr>\n<\/tbody>\n<\/table>\n","protected":false},"excerpt":{"rendered":"<p>TST-GH-S Einadrige, raucharme, halogenfreie, hohe K\u00e4lte- und Niedertemperatur-Einzelleiterkabel und -kabel f\u00fcr den Schienenverkehr weisen eine hervorragende K\u00e4ltebest\u00e4ndigkeit auf und werden daher h\u00e4ufig als Spezialverbindungskabel f\u00fcr Stromversorgungs- und Steuerkreise in kalten Regionen und Umgebungen, insbesondere in Schienenfahrzeugen, eingesetzt. Selbst unter extrem niedrigen Temperaturbedingungen behalten die Kabel ihre guten physikalischen, mechanischen, elektrischen und Alterungsbest\u00e4ndigkeitseigenschaften bei, ohne dass es zu Rissen kommt, was die Sicherheit und Lebensdauer der Kabel erheblich erh\u00f6ht.<\/p>\n","protected":false},"featured_media":12554,"template":"","meta":{"_eb_attr":"","site-sidebar-layout":"default","site-content-layout":"","ast-site-content-layout":"default","site-content-style":"default","site-sidebar-style":"default","ast-global-header-display":"","ast-banner-title-visibility":"","ast-main-header-display":"","ast-hfb-above-header-display":"","ast-hfb-below-header-display":"","ast-hfb-mobile-header-display":"","site-post-title":"","ast-breadcrumbs-content":"","ast-featured-img":"","footer-sml-layout":"","theme-transparent-header-meta":"default","adv-header-id-meta":"","stick-header-meta":"","header-above-stick-meta":"","header-main-stick-meta":"","header-below-stick-meta":"","astra-migrate-meta-layouts":"default","ast-page-background-enabled":"default","ast-page-background-meta":{"desktop":{"background-color":"","background-image":"","background-repeat":"repeat","background-position":"center center","background-size":"auto","background-attachment":"scroll","background-type":"","background-media":"","overlay-type":"","overlay-color":"","overlay-opacity":"","overlay-gradient":""},"tablet":{"background-color":"","background-image":"","background-repeat":"repeat","background-position":"center center","background-size":"auto","background-attachment":"scroll","background-type":"","background-media":"","overlay-type":"","overlay-color":"","overlay-opacity":"","overlay-gradient":""},"mobile":{"background-color":"","background-image":"","background-repeat":"repeat","background-position":"center center","background-size":"auto","background-attachment":"scroll","background-type":"","background-media":"","overlay-type":"","overlay-color":"","overlay-opacity":"","overlay-gradient":""}},"ast-content-background-meta":{"desktop":{"background-color":"var(--ast-global-color-5)","background-image":"","background-repeat":"repeat","background-position":"center center","background-size":"auto","background-attachment":"scroll","background-type":"","background-media":"","overlay-type":"","overlay-color":"","overlay-opacity":"","overlay-gradient":""},"tablet":{"background-color":"var(--ast-global-color-5)","background-image":"","background-repeat":"repeat","background-position":"center center","background-size":"auto","background-attachment":"scroll","background-type":"","background-media":"","overlay-type":"","overlay-color":"","overlay-opacity":"","overlay-gradient":""},"mobile":{"background-color":"var(--ast-global-color-5)","background-image":"","background-repeat":"repeat","background-position":"center center","background-size":"auto","background-attachment":"scroll","background-type":"","background-media":"","overlay-type":"","overlay-color":"","overlay-opacity":"","overlay-gradient":""}}},"product_brand":[],"product_cat":[708,693,694,695,696,698,699,1589],"product_tag":[1557,1558,1555],"class_list":{"0":"post-19930","1":"product","2":"type-product","3":"status-publish","4":"has-post-thumbnail","6":"product_cat-rail-way-de","7":"product_cat-enstandard-cable-de","8":"product_cat-en50264-de","9":"product_cat-en50306-de","10":"product_cat-en50382-de","11":"product_cat-ice-standard-de","12":"product_cat-lsoh-cable-de","13":"product_cat-niedertemperaturkabel","14":"product_tag-einadriger-draht-und-kabel","15":"product_tag-einadriger-draht-und-kabel-mit-hoher-kalte","16":"product_tag-niedertemperaturdraht-und-kabel","17":"desktop-align-center","18":"tablet-align-left","19":"mobile-align-left","21":"first","22":"instock","23":"shipping-taxable","24":"product-type-simple"},"yoast_head":"<!-- This site is optimized with the Yoast SEO plugin v27.4 - https:\/\/yoast.com\/product\/yoast-seo-wordpress\/ -->\n<title>Einadriges, raucharmes, halogenfreies, hohes, kaltes, niedriges Temperaturkabel und -kabel f\u00fcr den Schienenverkehr<\/title>\n<meta name=\"description\" content=\"TST-GH-S Einadrige, raucharme, halogenfreie, hohe K\u00e4lte- und Niedertemperatur-Einzelleiterkabel und -kabel f\u00fcr den Schienenverkehr weisen eine hervorragende K\u00e4ltebest\u00e4ndigkeit auf und werden daher h\u00e4ufig als Spezialverbindungskabel verwendet.\" \/>\n<meta name=\"robots\" content=\"index, follow, max-snippet:-1, max-image-preview:large, max-video-preview:-1\" \/>\n<link rel=\"canonical\" href=\"https:\/\/www.tstcables.com\/de\/produkt\/einadriges-raucharmes-halogenfreies-hohes-kaltes-niedriges-temperaturkabel-und-kabel-fuer-den-schienenverkehr\/\" \/>\n<meta property=\"og:locale\" content=\"de_DE\" \/>\n<meta property=\"og:type\" content=\"article\" \/>\n<meta property=\"og:title\" content=\"Einadriges, raucharmes, halogenfreies, hohes, kaltes, niedriges Temperaturkabel und -kabel f\u00fcr den Schienenverkehr\" \/>\n<meta property=\"og:description\" content=\"TST-GH-S Einadrige, raucharme, halogenfreie, hohe K\u00e4lte- und Niedertemperatur-Einzelleiterkabel und -kabel f\u00fcr den Schienenverkehr weisen eine hervorragende K\u00e4ltebest\u00e4ndigkeit auf und werden daher h\u00e4ufig als Spezialverbindungskabel verwendet.\" \/>\n<meta property=\"og:url\" content=\"https:\/\/www.tstcables.com\/de\/produkt\/einadriges-raucharmes-halogenfreies-hohes-kaltes-niedriges-temperaturkabel-und-kabel-fuer-den-schienenverkehr\/\" \/>\n<meta property=\"og:site_name\" content=\"TST CABLES supplier &amp; Manufacture\" \/>\n<meta property=\"og:image\" content=\"https:\/\/www.tstcables.com\/wp-content\/uploads\/2024\/03\/3-11.jpg\" \/>\n\t<meta property=\"og:image:width\" content=\"750\" \/>\n\t<meta property=\"og:image:height\" content=\"750\" \/>\n\t<meta property=\"og:image:type\" content=\"image\/jpeg\" \/>\n<meta name=\"twitter:card\" content=\"summary_large_image\" \/>\n<meta name=\"twitter:label1\" content=\"Gesch\u00e4tzte Lesezeit\" \/>\n\t<meta name=\"twitter:data1\" content=\"1\u00a0Minute\" \/>\n<script type=\"application\/ld+json\" class=\"yoast-schema-graph\">{\"@context\":\"https:\\\/\\\/schema.org\",\"@graph\":[{\"@type\":\"WebPage\",\"@id\":\"https:\\\/\\\/www.tstcables.com\\\/de\\\/produkt\\\/einadriges-raucharmes-halogenfreies-hohes-kaltes-niedriges-temperaturkabel-und-kabel-fuer-den-schienenverkehr\\\/\",\"url\":\"https:\\\/\\\/www.tstcables.com\\\/de\\\/produkt\\\/einadriges-raucharmes-halogenfreies-hohes-kaltes-niedriges-temperaturkabel-und-kabel-fuer-den-schienenverkehr\\\/\",\"name\":\"Einadriges, raucharmes, halogenfreies, hohes, kaltes, niedriges Temperaturkabel und -kabel f\u00fcr den Schienenverkehr\",\"isPartOf\":{\"@id\":\"https:\\\/\\\/www.tstcables.com\\\/de\\\/#website\"},\"primaryImageOfPage\":{\"@id\":\"https:\\\/\\\/www.tstcables.com\\\/de\\\/produkt\\\/einadriges-raucharmes-halogenfreies-hohes-kaltes-niedriges-temperaturkabel-und-kabel-fuer-den-schienenverkehr\\\/#primaryimage\"},\"image\":{\"@id\":\"https:\\\/\\\/www.tstcables.com\\\/de\\\/produkt\\\/einadriges-raucharmes-halogenfreies-hohes-kaltes-niedriges-temperaturkabel-und-kabel-fuer-den-schienenverkehr\\\/#primaryimage\"},\"thumbnailUrl\":\"https:\\\/\\\/www.tstcables.com\\\/wp-content\\\/uploads\\\/2024\\\/03\\\/3-11.jpg\",\"datePublished\":\"2024-03-23T10:31:11+00:00\",\"description\":\"TST-GH-S Einadrige, raucharme, halogenfreie, hohe K\u00e4lte- und Niedertemperatur-Einzelleiterkabel und -kabel f\u00fcr den Schienenverkehr weisen eine hervorragende K\u00e4ltebest\u00e4ndigkeit auf und werden daher h\u00e4ufig als Spezialverbindungskabel verwendet.\",\"breadcrumb\":{\"@id\":\"https:\\\/\\\/www.tstcables.com\\\/de\\\/produkt\\\/einadriges-raucharmes-halogenfreies-hohes-kaltes-niedriges-temperaturkabel-und-kabel-fuer-den-schienenverkehr\\\/#breadcrumb\"},\"inLanguage\":\"de\",\"potentialAction\":[{\"@type\":\"ReadAction\",\"target\":[\"https:\\\/\\\/www.tstcables.com\\\/de\\\/produkt\\\/einadriges-raucharmes-halogenfreies-hohes-kaltes-niedriges-temperaturkabel-und-kabel-fuer-den-schienenverkehr\\\/\"]}]},{\"@type\":\"ImageObject\",\"inLanguage\":\"de\",\"@id\":\"https:\\\/\\\/www.tstcables.com\\\/de\\\/produkt\\\/einadriges-raucharmes-halogenfreies-hohes-kaltes-niedriges-temperaturkabel-und-kabel-fuer-den-schienenverkehr\\\/#primaryimage\",\"url\":\"https:\\\/\\\/www.tstcables.com\\\/wp-content\\\/uploads\\\/2024\\\/03\\\/3-11.jpg\",\"contentUrl\":\"https:\\\/\\\/www.tstcables.com\\\/wp-content\\\/uploads\\\/2024\\\/03\\\/3-11.jpg\",\"width\":750,\"height\":750,\"caption\":\"AFPF200 AFPF250 Teflon high temperature shielded cable\"},{\"@type\":\"BreadcrumbList\",\"@id\":\"https:\\\/\\\/www.tstcables.com\\\/de\\\/produkt\\\/einadriges-raucharmes-halogenfreies-hohes-kaltes-niedriges-temperaturkabel-und-kabel-fuer-den-schienenverkehr\\\/#breadcrumb\",\"itemListElement\":[{\"@type\":\"ListItem\",\"position\":1,\"name\":\"\u9996\u9875\",\"item\":\"https:\\\/\\\/www.tstcables.com\\\/de\\\/\"},{\"@type\":\"ListItem\",\"position\":2,\"name\":\"Product\",\"item\":\"https:\\\/\\\/www.tstcables.com\\\/product\\\/\"},{\"@type\":\"ListItem\",\"position\":3,\"name\":\"Einadriges, raucharmes, halogenfreies, hohes, kaltes, niedriges Temperaturkabel und -kabel f\u00fcr den Schienenverkehr\"}]},{\"@type\":\"WebSite\",\"@id\":\"https:\\\/\\\/www.tstcables.com\\\/de\\\/#website\",\"url\":\"https:\\\/\\\/www.tstcables.com\\\/de\\\/\",\"name\":\"TST Cable supplier & Manufacture\",\"description\":\"TST CABLES  supplier &amp; Manufacture official website\",\"publisher\":{\"@id\":\"https:\\\/\\\/www.tstcables.com\\\/de\\\/#organization\"},\"potentialAction\":[{\"@type\":\"SearchAction\",\"target\":{\"@type\":\"EntryPoint\",\"urlTemplate\":\"https:\\\/\\\/www.tstcables.com\\\/de\\\/?s={search_term_string}\"},\"query-input\":{\"@type\":\"PropertyValueSpecification\",\"valueRequired\":true,\"valueName\":\"search_term_string\"}}],\"inLanguage\":\"de\"},{\"@type\":\"Organization\",\"@id\":\"https:\\\/\\\/www.tstcables.com\\\/de\\\/#organization\",\"name\":\"TST Cable supplier & Manufacture\",\"url\":\"https:\\\/\\\/www.tstcables.com\\\/de\\\/\",\"logo\":{\"@type\":\"ImageObject\",\"inLanguage\":\"de\",\"@id\":\"https:\\\/\\\/www.tstcables.com\\\/de\\\/#\\\/schema\\\/logo\\\/image\\\/\",\"url\":\"https:\\\/\\\/www.tstcables.com\\\/wp-content\\\/uploads\\\/2024\\\/04\\\/cropped-\u753b\u677f-1-\u62f7\u8d1d-4-1.png\",\"contentUrl\":\"https:\\\/\\\/www.tstcables.com\\\/wp-content\\\/uploads\\\/2024\\\/04\\\/cropped-\u753b\u677f-1-\u62f7\u8d1d-4-1.png\",\"width\":300,\"height\":100,\"caption\":\"TST Cable supplier & Manufacture\"},\"image\":{\"@id\":\"https:\\\/\\\/www.tstcables.com\\\/de\\\/#\\\/schema\\\/logo\\\/image\\\/\"}}]}<\/script>\n<!-- \/ Yoast SEO plugin. -->","yoast_head_json":{"title":"Einadriges, raucharmes, halogenfreies, hohes, kaltes, niedriges Temperaturkabel und -kabel f\u00fcr den Schienenverkehr","description":"TST-GH-S Einadrige, raucharme, halogenfreie, hohe K\u00e4lte- und Niedertemperatur-Einzelleiterkabel und -kabel f\u00fcr den Schienenverkehr weisen eine hervorragende K\u00e4ltebest\u00e4ndigkeit auf und werden daher h\u00e4ufig als Spezialverbindungskabel verwendet.","robots":{"index":"index","follow":"follow","max-snippet":"max-snippet:-1","max-image-preview":"max-image-preview:large","max-video-preview":"max-video-preview:-1"},"canonical":"https:\/\/www.tstcables.com\/de\/produkt\/einadriges-raucharmes-halogenfreies-hohes-kaltes-niedriges-temperaturkabel-und-kabel-fuer-den-schienenverkehr\/","og_locale":"de_DE","og_type":"article","og_title":"Einadriges, raucharmes, halogenfreies, hohes, kaltes, niedriges Temperaturkabel und -kabel f\u00fcr den Schienenverkehr","og_description":"TST-GH-S Einadrige, raucharme, halogenfreie, hohe K\u00e4lte- und Niedertemperatur-Einzelleiterkabel und -kabel f\u00fcr den Schienenverkehr weisen eine hervorragende K\u00e4ltebest\u00e4ndigkeit auf und werden daher h\u00e4ufig als Spezialverbindungskabel verwendet.","og_url":"https:\/\/www.tstcables.com\/de\/produkt\/einadriges-raucharmes-halogenfreies-hohes-kaltes-niedriges-temperaturkabel-und-kabel-fuer-den-schienenverkehr\/","og_site_name":"TST CABLES supplier &amp; Manufacture","og_image":[{"width":750,"height":750,"url":"https:\/\/www.tstcables.com\/wp-content\/uploads\/2024\/03\/3-11.jpg","type":"image\/jpeg"}],"twitter_card":"summary_large_image","twitter_misc":{"Gesch\u00e4tzte Lesezeit":"1\u00a0Minute"},"schema":{"@context":"https:\/\/schema.org","@graph":[{"@type":"WebPage","@id":"https:\/\/www.tstcables.com\/de\/produkt\/einadriges-raucharmes-halogenfreies-hohes-kaltes-niedriges-temperaturkabel-und-kabel-fuer-den-schienenverkehr\/","url":"https:\/\/www.tstcables.com\/de\/produkt\/einadriges-raucharmes-halogenfreies-hohes-kaltes-niedriges-temperaturkabel-und-kabel-fuer-den-schienenverkehr\/","name":"Einadriges, raucharmes, halogenfreies, hohes, kaltes, niedriges Temperaturkabel und -kabel f\u00fcr den Schienenverkehr","isPartOf":{"@id":"https:\/\/www.tstcables.com\/de\/#website"},"primaryImageOfPage":{"@id":"https:\/\/www.tstcables.com\/de\/produkt\/einadriges-raucharmes-halogenfreies-hohes-kaltes-niedriges-temperaturkabel-und-kabel-fuer-den-schienenverkehr\/#primaryimage"},"image":{"@id":"https:\/\/www.tstcables.com\/de\/produkt\/einadriges-raucharmes-halogenfreies-hohes-kaltes-niedriges-temperaturkabel-und-kabel-fuer-den-schienenverkehr\/#primaryimage"},"thumbnailUrl":"https:\/\/www.tstcables.com\/wp-content\/uploads\/2024\/03\/3-11.jpg","datePublished":"2024-03-23T10:31:11+00:00","description":"TST-GH-S Einadrige, raucharme, halogenfreie, hohe K\u00e4lte- und Niedertemperatur-Einzelleiterkabel und -kabel f\u00fcr den Schienenverkehr weisen eine hervorragende K\u00e4ltebest\u00e4ndigkeit auf und werden daher h\u00e4ufig als Spezialverbindungskabel verwendet.","breadcrumb":{"@id":"https:\/\/www.tstcables.com\/de\/produkt\/einadriges-raucharmes-halogenfreies-hohes-kaltes-niedriges-temperaturkabel-und-kabel-fuer-den-schienenverkehr\/#breadcrumb"},"inLanguage":"de","potentialAction":[{"@type":"ReadAction","target":["https:\/\/www.tstcables.com\/de\/produkt\/einadriges-raucharmes-halogenfreies-hohes-kaltes-niedriges-temperaturkabel-und-kabel-fuer-den-schienenverkehr\/"]}]},{"@type":"ImageObject","inLanguage":"de","@id":"https:\/\/www.tstcables.com\/de\/produkt\/einadriges-raucharmes-halogenfreies-hohes-kaltes-niedriges-temperaturkabel-und-kabel-fuer-den-schienenverkehr\/#primaryimage","url":"https:\/\/www.tstcables.com\/wp-content\/uploads\/2024\/03\/3-11.jpg","contentUrl":"https:\/\/www.tstcables.com\/wp-content\/uploads\/2024\/03\/3-11.jpg","width":750,"height":750,"caption":"AFPF200 AFPF250 Teflon high temperature shielded cable"},{"@type":"BreadcrumbList","@id":"https:\/\/www.tstcables.com\/de\/produkt\/einadriges-raucharmes-halogenfreies-hohes-kaltes-niedriges-temperaturkabel-und-kabel-fuer-den-schienenverkehr\/#breadcrumb","itemListElement":[{"@type":"ListItem","position":1,"name":"\u9996\u9875","item":"https:\/\/www.tstcables.com\/de\/"},{"@type":"ListItem","position":2,"name":"Product","item":"https:\/\/www.tstcables.com\/product\/"},{"@type":"ListItem","position":3,"name":"Einadriges, raucharmes, halogenfreies, hohes, kaltes, niedriges Temperaturkabel und -kabel f\u00fcr den Schienenverkehr"}]},{"@type":"WebSite","@id":"https:\/\/www.tstcables.com\/de\/#website","url":"https:\/\/www.tstcables.com\/de\/","name":"TST Cable supplier & Manufacture","description":"TST CABLES  supplier &amp; Manufacture official website","publisher":{"@id":"https:\/\/www.tstcables.com\/de\/#organization"},"potentialAction":[{"@type":"SearchAction","target":{"@type":"EntryPoint","urlTemplate":"https:\/\/www.tstcables.com\/de\/?s={search_term_string}"},"query-input":{"@type":"PropertyValueSpecification","valueRequired":true,"valueName":"search_term_string"}}],"inLanguage":"de"},{"@type":"Organization","@id":"https:\/\/www.tstcables.com\/de\/#organization","name":"TST Cable supplier & Manufacture","url":"https:\/\/www.tstcables.com\/de\/","logo":{"@type":"ImageObject","inLanguage":"de","@id":"https:\/\/www.tstcables.com\/de\/#\/schema\/logo\/image\/","url":"https:\/\/www.tstcables.com\/wp-content\/uploads\/2024\/04\/cropped-\u753b\u677f-1-\u62f7\u8d1d-4-1.png","contentUrl":"https:\/\/www.tstcables.com\/wp-content\/uploads\/2024\/04\/cropped-\u753b\u677f-1-\u62f7\u8d1d-4-1.png","width":300,"height":100,"caption":"TST Cable supplier & Manufacture"},"image":{"@id":"https:\/\/www.tstcables.com\/de\/#\/schema\/logo\/image\/"}}]}},"_links":{"self":[{"href":"https:\/\/www.tstcables.com\/de\/wp-json\/wp\/v2\/product\/19930","targetHints":{"allow":["GET"]}}],"collection":[{"href":"https:\/\/www.tstcables.com\/de\/wp-json\/wp\/v2\/product"}],"about":[{"href":"https:\/\/www.tstcables.com\/de\/wp-json\/wp\/v2\/types\/product"}],"version-history":[{"count":0,"href":"https:\/\/www.tstcables.com\/de\/wp-json\/wp\/v2\/product\/19930\/revisions"}],"wp:featuredmedia":[{"embeddable":true,"href":"https:\/\/www.tstcables.com\/de\/wp-json\/wp\/v2\/media\/12554"}],"wp:attachment":[{"href":"https:\/\/www.tstcables.com\/de\/wp-json\/wp\/v2\/media?parent=19930"}],"wp:term":[{"taxonomy":"product_brand","embeddable":true,"href":"https:\/\/www.tstcables.com\/de\/wp-json\/wp\/v2\/product_brand?post=19930"},{"taxonomy":"product_cat","embeddable":true,"href":"https:\/\/www.tstcables.com\/de\/wp-json\/wp\/v2\/product_cat?post=19930"},{"taxonomy":"product_tag","embeddable":true,"href":"https:\/\/www.tstcables.com\/de\/wp-json\/wp\/v2\/product_tag?post=19930"}],"curies":[{"name":"wp","href":"https:\/\/api.w.org\/{rel}","templated":true}]}}