{"id":19935,"date":"2024-03-23T18:22:28","date_gmt":"2024-03-23T10:22:28","guid":{"rendered":"https:\/\/www.tstcables.com\/product\/hoch-und-niedrigtemperaturbestaendiges-strahlungsschutzkabel-pi-lszh\/"},"modified":"2024-03-23T18:22:28","modified_gmt":"2024-03-23T10:22:28","slug":"hoch-und-niedrigtemperaturbestaendiges-strahlungsschutzkabel-pi-lszh","status":"publish","type":"product","link":"https:\/\/www.tstcables.com\/de\/produkt\/hoch-und-niedrigtemperaturbestaendiges-strahlungsschutzkabel-pi-lszh\/","title":{"rendered":"Hoch- und niedrigtemperaturbest\u00e4ndiges Strahlungsschutzkabel PI LSZH"},"content":{"rendered":"<p><strong><b>Produkteinf\u00fchrung:<\/b><\/strong><\/p>\n<p>Das hoch- und niedrigtemperaturbest\u00e4ndige Strahlungsschutzkabel PI LSZH ist raucharm, halogenfrei, flammhemmend, hoch- und niedrigtemperaturbest\u00e4ndig, strahlungsbest\u00e4ndig und verf\u00fcgt \u00fcber gute mechanische Eigenschaften.<\/p>\n<p>Im Vergleich zu herk\u00f6mmlichen PI-Kabeln (Polyimid) mit gewickelter Struktur ist die extrudierte PI-Molek\u00fclkette (Polyimid) dichter, wodurch Defekte wie Vakuum und Trachom behoben und die Spannungswiderstandseigenschaften des Produkts erheblich verbessert werden.<\/p>\n<p>&nbsp;<\/p>\n<p><strong><b>Industriestandard<\/b><\/strong><\/p>\n<ul>\n<li>EN45545-2<\/li>\n<\/ul>\n<p><strong><b>Produktmerkmale:<\/b><\/strong><\/p>\n<ol>\n<li>Langzeittemperaturbest\u00e4ndigkeit: -50-220\u2103<\/li>\n<li>Spannungsfestigkeit: 300 V \u2013 600 V<\/li>\n<li>Best\u00e4ndigkeit gegen Gammastrahlung: 850KGy, kann \u00fcber einen langen Zeitraum verwendet werden.&gt;<\/li>\n<li>Halogenfreies Flammschutzmittel mit geringer Rauchentwicklung:<\/li>\n<\/ol>\n<p>&nbsp;<\/p>\n<p><strong><b>Technische Parameter<\/b><\/strong><\/p>\n<table class=\"tg\">\n<thead>\n<tr>\n<th class=\"tg-amwm\" rowspan=\"2\">Nominell<br \/>\nkreuzen<br \/>\nAbschnitt<\/th>\n<th class=\"tg-amwm\">Dirigent<br \/>\nStruktur<\/th>\n<th class=\"tg-amwm\" rowspan=\"2\">Dirigent<br \/>\nDurchmesser d<\/th>\n<th class=\"tg-amwm\" rowspan=\"2\">Isolierung<br \/>\nDicke<\/th>\n<th class=\"tg-amwm\" rowspan=\"2\">Kabel au\u00dfen<br \/>\nDurchmesser D<\/th>\n<th class=\"tg-amwm\" rowspan=\"2\">20\u2103 Leiter<br \/>\nWiderstand<\/th>\n<th class=\"tg-amwm\" rowspan=\"2\">Durchschnitt<br \/>\nGewicht<\/th>\n<\/tr>\n<tr>\n<th class=\"tg-amwm\">Wurzeldurchmesser<\/th>\n<\/tr>\n<\/thead>\n<tbody>\n<tr>\n<td class=\"tg-baqh\" rowspan=\"2\">mm 2<\/td>\n<td class=\"tg-baqh\" rowspan=\"2\">mm<\/td>\n<td class=\"tg-baqh\">Min<\/td>\n<td class=\"tg-baqh\">Min<\/td>\n<td class=\"tg-baqh\">Min<\/td>\n<td class=\"tg-baqh\">Max<\/td>\n<td class=\"tg-baqh\" rowspan=\"2\">Kg\/km<\/td>\n<\/tr>\n<tr>\n<td class=\"tg-baqh\">mm<\/td>\n<td class=\"tg-baqh\">mm<\/td>\n<td class=\"tg-baqh\">mm<\/td>\n<td class=\"tg-baqh\">\u03a9\/km<\/td>\n<\/tr>\n<tr>\n<td class=\"tg-nrix\">0.035<\/td>\n<td class=\"tg-baqh\">7\/0.08<\/td>\n<td class=\"tg-nrix\">0.24<\/td>\n<td class=\"tg-nrix\">0.18<\/td>\n<td class=\"tg-nrix\">0.6<\/td>\n<td class=\"tg-nrix\">525<\/td>\n<td class=\"tg-nrix\">0.62<\/td>\n<\/tr>\n<tr>\n<td class=\"tg-nrix\">0.06<\/td>\n<td class=\"tg-baqh\">7\/0.10<\/td>\n<td class=\"tg-nrix\">0.3<\/td>\n<td class=\"tg-nrix\">0.18<\/td>\n<td class=\"tg-nrix\">0.66<\/td>\n<td class=\"tg-nrix\">330<\/td>\n<td class=\"tg-nrix\">0.85<\/td>\n<\/tr>\n<tr>\n<td class=\"tg-nrix\">0.08<\/td>\n<td class=\"tg-baqh\">7\/0.12<\/td>\n<td class=\"tg-nrix\">0.36<\/td>\n<td class=\"tg-nrix\">0.18<\/td>\n<td class=\"tg-nrix\">0.72<\/td>\n<td class=\"tg-nrix\">227<\/td>\n<td class=\"tg-nrix\">1.1<\/td>\n<\/tr>\n<tr>\n<td class=\"tg-nrix\">0.14<\/td>\n<td class=\"tg-baqh\">19\/0.10<\/td>\n<td class=\"tg-nrix\">0.5<\/td>\n<td class=\"tg-nrix\">0.2<\/td>\n<td class=\"tg-nrix\">0.9<\/td>\n<td class=\"tg-nrix\">126<\/td>\n<td class=\"tg-nrix\">1.9<\/td>\n<\/tr>\n<tr>\n<td class=\"tg-nrix\">0.2<\/td>\n<td class=\"tg-baqh\">19\/0.12<\/td>\n<td class=\"tg-nrix\">0.6<\/td>\n<td class=\"tg-nrix\">0.2<\/td>\n<td class=\"tg-nrix\">1<\/td>\n<td class=\"tg-nrix\">83.5<\/td>\n<td class=\"tg-nrix\">2.6<\/td>\n<\/tr>\n<tr>\n<td class=\"tg-baqh\">0.4\/0.3<\/td>\n<td class=\"tg-baqh\">19\/0.16<\/td>\n<td class=\"tg-nrix\">0.8<\/td>\n<td class=\"tg-nrix\">0.2<\/td>\n<td class=\"tg-nrix\">1.2<\/td>\n<td class=\"tg-nrix\">49.5<\/td>\n<td class=\"tg-nrix\">4.3<\/td>\n<\/tr>\n<tr>\n<td class=\"tg-nrix\">0.5<\/td>\n<td class=\"tg-baqh\">19\/0.18<\/td>\n<td class=\"tg-nrix\">0.9<\/td>\n<td class=\"tg-nrix\">0.2<\/td>\n<td class=\"tg-nrix\">1.4<\/td>\n<td class=\"tg-nrix\">30.2<\/td>\n<td class=\"tg-nrix\">5.3<\/td>\n<\/tr>\n<tr>\n<td class=\"tg-nrix\">0.75<\/td>\n<td class=\"tg-baqh\">37\/0.16<\/td>\n<td class=\"tg-nrix\">1.12<\/td>\n<td class=\"tg-nrix\">0.2<\/td>\n<td class=\"tg-nrix\">1.52<\/td>\n<td class=\"tg-nrix\">22.7<\/td>\n<td class=\"tg-nrix\">7.8<\/td>\n<\/tr>\n<tr>\n<td class=\"tg-nrix\">1<\/td>\n<td class=\"tg-baqh\">37\/0.18<\/td>\n<td class=\"tg-nrix\">1.26<\/td>\n<td class=\"tg-nrix\">0.2<\/td>\n<td class=\"tg-nrix\">1.66<\/td>\n<td class=\"tg-nrix\">19<\/td>\n<td class=\"tg-nrix\">9.7<\/td>\n<\/tr>\n<\/tbody>\n<\/table>\n<pre id=\"tw-target-text\" class=\"tw-data-text tw-text-large tw-ta\" dir=\"ltr\" data-placeholder=\"\u7ffb\u8bd1\" aria-label=\"\u8bd1\u6587\" data-ved=\"2ahUKEwj65uua5ImFAxU6rVYBHRIKC50Q3ewLegQIBRAU\"><span class=\"Y2IQFc\" lang=\"en\">Note: Products with other specifications can also be customized according to needs<\/span><\/pre>\n","protected":false},"excerpt":{"rendered":"<p>Das hoch- und niedrigtemperaturbest\u00e4ndige Strahlungsschutzkabel PI LSZH ist raucharm, halogenfrei, flammhemmend, hoch- und niedrigtemperaturbest\u00e4ndig, strahlungsbest\u00e4ndig und verf\u00fcgt \u00fcber gute mechanische Eigenschaften.<\/p>\n","protected":false},"featured_media":12770,"template":"","meta":{"_eb_attr":"","site-sidebar-layout":"default","site-content-layout":"","ast-site-content-layout":"default","site-content-style":"default","site-sidebar-style":"default","ast-global-header-display":"","ast-banner-title-visibility":"","ast-main-header-display":"","ast-hfb-above-header-display":"","ast-hfb-below-header-display":"","ast-hfb-mobile-header-display":"","site-post-title":"","ast-breadcrumbs-content":"","ast-featured-img":"","footer-sml-layout":"","theme-transparent-header-meta":"default","adv-header-id-meta":"","stick-header-meta":"","header-above-stick-meta":"","header-main-stick-meta":"","header-below-stick-meta":"","astra-migrate-meta-layouts":"default","ast-page-background-enabled":"default","ast-page-background-meta":{"desktop":{"background-color":"","background-image":"","background-repeat":"repeat","background-position":"center center","background-size":"auto","background-attachment":"scroll","background-type":"","background-media":"","overlay-type":"","overlay-color":"","overlay-opacity":"","overlay-gradient":""},"tablet":{"background-color":"","background-image":"","background-repeat":"repeat","background-position":"center center","background-size":"auto","background-attachment":"scroll","background-type":"","background-media":"","overlay-type":"","overlay-color":"","overlay-opacity":"","overlay-gradient":""},"mobile":{"background-color":"","background-image":"","background-repeat":"repeat","background-position":"center center","background-size":"auto","background-attachment":"scroll","background-type":"","background-media":"","overlay-type":"","overlay-color":"","overlay-opacity":"","overlay-gradient":""}},"ast-content-background-meta":{"desktop":{"background-color":"var(--ast-global-color-5)","background-image":"","background-repeat":"repeat","background-position":"center center","background-size":"auto","background-attachment":"scroll","background-type":"","background-media":"","overlay-type":"","overlay-color":"","overlay-opacity":"","overlay-gradient":""},"tablet":{"background-color":"var(--ast-global-color-5)","background-image":"","background-repeat":"repeat","background-position":"center center","background-size":"auto","background-attachment":"scroll","background-type":"","background-media":"","overlay-type":"","overlay-color":"","overlay-opacity":"","overlay-gradient":""},"mobile":{"background-color":"var(--ast-global-color-5)","background-image":"","background-repeat":"repeat","background-position":"center center","background-size":"auto","background-attachment":"scroll","background-type":"","background-media":"","overlay-type":"","overlay-color":"","overlay-opacity":"","overlay-gradient":""}}},"product_brand":[],"product_cat":[708,693,694,695,696,697,698,699,691,700,1589,701,702,1601,707,713],"product_tag":[1609,1608,1610],"class_list":{"0":"post-19935","1":"product","2":"type-product","3":"status-publish","4":"has-post-thumbnail","6":"product_cat-rail-way-de","7":"product_cat-enstandard-cable-de","8":"product_cat-en50264-de","9":"product_cat-en50306-de","10":"product_cat-en50382-de","11":"product_cat-high-temperature-cable-de","12":"product_cat-ice-standard-de","13":"product_cat-lsoh-cable-de","14":"product_cat-aviation-de","15":"product_cat-marine-de","16":"product_cat-niedertemperaturkabel","17":"product_cat-nuclear-de","18":"product_cat-oil-gas-de","19":"product_cat-pi-kabel","20":"product_cat-radiation-resistant-cable-de","21":"product_cat-wind-power-de","22":"product_tag-extrudiertes-pi-kabel-polyimid-th-j-ai-220","23":"product_tag-halogenfreies-einadriges-kabel-mit-geringer-rauchentwicklung","24":"product_tag-pi-polyimid-kabel-th-j-ai-220-300-v","25":"desktop-align-center","26":"tablet-align-left","27":"mobile-align-left","29":"first","30":"instock","31":"shipping-taxable","32":"product-type-simple"},"yoast_head":"<!-- This site is optimized with the Yoast SEO plugin v27.4 - https:\/\/yoast.com\/product\/yoast-seo-wordpress\/ -->\n<title>Hoch- und niedrigtemperaturbest\u00e4ndiges Strahlungsschutzkabel PI LSZH<\/title>\n<meta name=\"description\" content=\"Das hoch- und niedrigtemperaturbest\u00e4ndige Strahlungsschutzkabel PI LSZH ist flammhemmend, strahlungsbest\u00e4ndig und verf\u00fcgt \u00fcber gute mechanische Eigenschaften.\" \/>\n<meta name=\"robots\" content=\"index, follow, max-snippet:-1, max-image-preview:large, max-video-preview:-1\" \/>\n<link rel=\"canonical\" href=\"https:\/\/www.tstcables.com\/de\/produkt\/hoch-und-niedrigtemperaturbestaendiges-strahlungsschutzkabel-pi-lszh\/\" \/>\n<meta property=\"og:locale\" content=\"de_DE\" \/>\n<meta property=\"og:type\" content=\"article\" \/>\n<meta property=\"og:title\" content=\"Hoch- und niedrigtemperaturbest\u00e4ndiges Strahlungsschutzkabel PI LSZH\" \/>\n<meta property=\"og:description\" content=\"Das hoch- und niedrigtemperaturbest\u00e4ndige Strahlungsschutzkabel PI LSZH ist flammhemmend, strahlungsbest\u00e4ndig und verf\u00fcgt \u00fcber gute mechanische Eigenschaften.\" \/>\n<meta property=\"og:url\" content=\"https:\/\/www.tstcables.com\/de\/produkt\/hoch-und-niedrigtemperaturbestaendiges-strahlungsschutzkabel-pi-lszh\/\" \/>\n<meta property=\"og:site_name\" content=\"TST CABLES supplier &amp; Manufacture\" \/>\n<meta property=\"og:image\" content=\"https:\/\/www.tstcables.com\/wp-content\/uploads\/2024\/03\/5-11.jpg\" \/>\n\t<meta property=\"og:image:width\" content=\"750\" \/>\n\t<meta property=\"og:image:height\" content=\"750\" \/>\n\t<meta property=\"og:image:type\" content=\"image\/jpeg\" \/>\n<meta name=\"twitter:card\" content=\"summary_large_image\" \/>\n<meta name=\"twitter:label1\" content=\"Gesch\u00e4tzte Lesezeit\" \/>\n\t<meta name=\"twitter:data1\" content=\"1\u00a0Minute\" \/>\n<script type=\"application\/ld+json\" class=\"yoast-schema-graph\">{\"@context\":\"https:\\\/\\\/schema.org\",\"@graph\":[{\"@type\":\"WebPage\",\"@id\":\"https:\\\/\\\/www.tstcables.com\\\/de\\\/produkt\\\/hoch-und-niedrigtemperaturbestaendiges-strahlungsschutzkabel-pi-lszh\\\/\",\"url\":\"https:\\\/\\\/www.tstcables.com\\\/de\\\/produkt\\\/hoch-und-niedrigtemperaturbestaendiges-strahlungsschutzkabel-pi-lszh\\\/\",\"name\":\"Hoch- und niedrigtemperaturbest\u00e4ndiges Strahlungsschutzkabel PI LSZH\",\"isPartOf\":{\"@id\":\"https:\\\/\\\/www.tstcables.com\\\/de\\\/#website\"},\"primaryImageOfPage\":{\"@id\":\"https:\\\/\\\/www.tstcables.com\\\/de\\\/produkt\\\/hoch-und-niedrigtemperaturbestaendiges-strahlungsschutzkabel-pi-lszh\\\/#primaryimage\"},\"image\":{\"@id\":\"https:\\\/\\\/www.tstcables.com\\\/de\\\/produkt\\\/hoch-und-niedrigtemperaturbestaendiges-strahlungsschutzkabel-pi-lszh\\\/#primaryimage\"},\"thumbnailUrl\":\"https:\\\/\\\/www.tstcables.com\\\/wp-content\\\/uploads\\\/2024\\\/03\\\/5-11.jpg\",\"datePublished\":\"2024-03-23T10:22:28+00:00\",\"description\":\"Das hoch- und niedrigtemperaturbest\u00e4ndige Strahlungsschutzkabel PI LSZH ist flammhemmend, strahlungsbest\u00e4ndig und verf\u00fcgt \u00fcber gute mechanische Eigenschaften.\",\"breadcrumb\":{\"@id\":\"https:\\\/\\\/www.tstcables.com\\\/de\\\/produkt\\\/hoch-und-niedrigtemperaturbestaendiges-strahlungsschutzkabel-pi-lszh\\\/#breadcrumb\"},\"inLanguage\":\"de\",\"potentialAction\":[{\"@type\":\"ReadAction\",\"target\":[\"https:\\\/\\\/www.tstcables.com\\\/de\\\/produkt\\\/hoch-und-niedrigtemperaturbestaendiges-strahlungsschutzkabel-pi-lszh\\\/\"]}]},{\"@type\":\"ImageObject\",\"inLanguage\":\"de\",\"@id\":\"https:\\\/\\\/www.tstcables.com\\\/de\\\/produkt\\\/hoch-und-niedrigtemperaturbestaendiges-strahlungsschutzkabel-pi-lszh\\\/#primaryimage\",\"url\":\"https:\\\/\\\/www.tstcables.com\\\/wp-content\\\/uploads\\\/2024\\\/03\\\/5-11.jpg\",\"contentUrl\":\"https:\\\/\\\/www.tstcables.com\\\/wp-content\\\/uploads\\\/2024\\\/03\\\/5-11.jpg\",\"width\":750,\"height\":750,\"caption\":\"PI (polyimide) cable AII-220\"},{\"@type\":\"BreadcrumbList\",\"@id\":\"https:\\\/\\\/www.tstcables.com\\\/de\\\/produkt\\\/hoch-und-niedrigtemperaturbestaendiges-strahlungsschutzkabel-pi-lszh\\\/#breadcrumb\",\"itemListElement\":[{\"@type\":\"ListItem\",\"position\":1,\"name\":\"\u9996\u9875\",\"item\":\"https:\\\/\\\/www.tstcables.com\\\/de\\\/\"},{\"@type\":\"ListItem\",\"position\":2,\"name\":\"Product\",\"item\":\"https:\\\/\\\/www.tstcables.com\\\/product\\\/\"},{\"@type\":\"ListItem\",\"position\":3,\"name\":\"Hoch- und niedrigtemperaturbest\u00e4ndiges Strahlungsschutzkabel PI LSZH\"}]},{\"@type\":\"WebSite\",\"@id\":\"https:\\\/\\\/www.tstcables.com\\\/de\\\/#website\",\"url\":\"https:\\\/\\\/www.tstcables.com\\\/de\\\/\",\"name\":\"TST Cable supplier & Manufacture\",\"description\":\"TST CABLES  supplier &amp; Manufacture official website\",\"publisher\":{\"@id\":\"https:\\\/\\\/www.tstcables.com\\\/de\\\/#organization\"},\"potentialAction\":[{\"@type\":\"SearchAction\",\"target\":{\"@type\":\"EntryPoint\",\"urlTemplate\":\"https:\\\/\\\/www.tstcables.com\\\/de\\\/?s={search_term_string}\"},\"query-input\":{\"@type\":\"PropertyValueSpecification\",\"valueRequired\":true,\"valueName\":\"search_term_string\"}}],\"inLanguage\":\"de\"},{\"@type\":\"Organization\",\"@id\":\"https:\\\/\\\/www.tstcables.com\\\/de\\\/#organization\",\"name\":\"TST Cable supplier & Manufacture\",\"url\":\"https:\\\/\\\/www.tstcables.com\\\/de\\\/\",\"logo\":{\"@type\":\"ImageObject\",\"inLanguage\":\"de\",\"@id\":\"https:\\\/\\\/www.tstcables.com\\\/de\\\/#\\\/schema\\\/logo\\\/image\\\/\",\"url\":\"https:\\\/\\\/www.tstcables.com\\\/wp-content\\\/uploads\\\/2024\\\/04\\\/cropped-\u753b\u677f-1-\u62f7\u8d1d-4-1.png\",\"contentUrl\":\"https:\\\/\\\/www.tstcables.com\\\/wp-content\\\/uploads\\\/2024\\\/04\\\/cropped-\u753b\u677f-1-\u62f7\u8d1d-4-1.png\",\"width\":300,\"height\":100,\"caption\":\"TST Cable supplier & Manufacture\"},\"image\":{\"@id\":\"https:\\\/\\\/www.tstcables.com\\\/de\\\/#\\\/schema\\\/logo\\\/image\\\/\"}}]}<\/script>\n<!-- \/ Yoast SEO plugin. -->","yoast_head_json":{"title":"Hoch- und niedrigtemperaturbest\u00e4ndiges Strahlungsschutzkabel PI LSZH","description":"Das hoch- und niedrigtemperaturbest\u00e4ndige Strahlungsschutzkabel PI LSZH ist flammhemmend, strahlungsbest\u00e4ndig und verf\u00fcgt \u00fcber gute mechanische Eigenschaften.","robots":{"index":"index","follow":"follow","max-snippet":"max-snippet:-1","max-image-preview":"max-image-preview:large","max-video-preview":"max-video-preview:-1"},"canonical":"https:\/\/www.tstcables.com\/de\/produkt\/hoch-und-niedrigtemperaturbestaendiges-strahlungsschutzkabel-pi-lszh\/","og_locale":"de_DE","og_type":"article","og_title":"Hoch- und niedrigtemperaturbest\u00e4ndiges Strahlungsschutzkabel PI LSZH","og_description":"Das hoch- und niedrigtemperaturbest\u00e4ndige Strahlungsschutzkabel PI LSZH ist flammhemmend, strahlungsbest\u00e4ndig und verf\u00fcgt \u00fcber gute mechanische Eigenschaften.","og_url":"https:\/\/www.tstcables.com\/de\/produkt\/hoch-und-niedrigtemperaturbestaendiges-strahlungsschutzkabel-pi-lszh\/","og_site_name":"TST CABLES supplier &amp; Manufacture","og_image":[{"width":750,"height":750,"url":"https:\/\/www.tstcables.com\/wp-content\/uploads\/2024\/03\/5-11.jpg","type":"image\/jpeg"}],"twitter_card":"summary_large_image","twitter_misc":{"Gesch\u00e4tzte Lesezeit":"1\u00a0Minute"},"schema":{"@context":"https:\/\/schema.org","@graph":[{"@type":"WebPage","@id":"https:\/\/www.tstcables.com\/de\/produkt\/hoch-und-niedrigtemperaturbestaendiges-strahlungsschutzkabel-pi-lszh\/","url":"https:\/\/www.tstcables.com\/de\/produkt\/hoch-und-niedrigtemperaturbestaendiges-strahlungsschutzkabel-pi-lszh\/","name":"Hoch- und niedrigtemperaturbest\u00e4ndiges Strahlungsschutzkabel PI LSZH","isPartOf":{"@id":"https:\/\/www.tstcables.com\/de\/#website"},"primaryImageOfPage":{"@id":"https:\/\/www.tstcables.com\/de\/produkt\/hoch-und-niedrigtemperaturbestaendiges-strahlungsschutzkabel-pi-lszh\/#primaryimage"},"image":{"@id":"https:\/\/www.tstcables.com\/de\/produkt\/hoch-und-niedrigtemperaturbestaendiges-strahlungsschutzkabel-pi-lszh\/#primaryimage"},"thumbnailUrl":"https:\/\/www.tstcables.com\/wp-content\/uploads\/2024\/03\/5-11.jpg","datePublished":"2024-03-23T10:22:28+00:00","description":"Das hoch- und niedrigtemperaturbest\u00e4ndige Strahlungsschutzkabel PI LSZH ist flammhemmend, strahlungsbest\u00e4ndig und verf\u00fcgt \u00fcber gute mechanische Eigenschaften.","breadcrumb":{"@id":"https:\/\/www.tstcables.com\/de\/produkt\/hoch-und-niedrigtemperaturbestaendiges-strahlungsschutzkabel-pi-lszh\/#breadcrumb"},"inLanguage":"de","potentialAction":[{"@type":"ReadAction","target":["https:\/\/www.tstcables.com\/de\/produkt\/hoch-und-niedrigtemperaturbestaendiges-strahlungsschutzkabel-pi-lszh\/"]}]},{"@type":"ImageObject","inLanguage":"de","@id":"https:\/\/www.tstcables.com\/de\/produkt\/hoch-und-niedrigtemperaturbestaendiges-strahlungsschutzkabel-pi-lszh\/#primaryimage","url":"https:\/\/www.tstcables.com\/wp-content\/uploads\/2024\/03\/5-11.jpg","contentUrl":"https:\/\/www.tstcables.com\/wp-content\/uploads\/2024\/03\/5-11.jpg","width":750,"height":750,"caption":"PI (polyimide) cable AII-220"},{"@type":"BreadcrumbList","@id":"https:\/\/www.tstcables.com\/de\/produkt\/hoch-und-niedrigtemperaturbestaendiges-strahlungsschutzkabel-pi-lszh\/#breadcrumb","itemListElement":[{"@type":"ListItem","position":1,"name":"\u9996\u9875","item":"https:\/\/www.tstcables.com\/de\/"},{"@type":"ListItem","position":2,"name":"Product","item":"https:\/\/www.tstcables.com\/product\/"},{"@type":"ListItem","position":3,"name":"Hoch- und niedrigtemperaturbest\u00e4ndiges Strahlungsschutzkabel PI LSZH"}]},{"@type":"WebSite","@id":"https:\/\/www.tstcables.com\/de\/#website","url":"https:\/\/www.tstcables.com\/de\/","name":"TST Cable supplier & Manufacture","description":"TST CABLES  supplier &amp; Manufacture official website","publisher":{"@id":"https:\/\/www.tstcables.com\/de\/#organization"},"potentialAction":[{"@type":"SearchAction","target":{"@type":"EntryPoint","urlTemplate":"https:\/\/www.tstcables.com\/de\/?s={search_term_string}"},"query-input":{"@type":"PropertyValueSpecification","valueRequired":true,"valueName":"search_term_string"}}],"inLanguage":"de"},{"@type":"Organization","@id":"https:\/\/www.tstcables.com\/de\/#organization","name":"TST Cable supplier & Manufacture","url":"https:\/\/www.tstcables.com\/de\/","logo":{"@type":"ImageObject","inLanguage":"de","@id":"https:\/\/www.tstcables.com\/de\/#\/schema\/logo\/image\/","url":"https:\/\/www.tstcables.com\/wp-content\/uploads\/2024\/04\/cropped-\u753b\u677f-1-\u62f7\u8d1d-4-1.png","contentUrl":"https:\/\/www.tstcables.com\/wp-content\/uploads\/2024\/04\/cropped-\u753b\u677f-1-\u62f7\u8d1d-4-1.png","width":300,"height":100,"caption":"TST Cable supplier & Manufacture"},"image":{"@id":"https:\/\/www.tstcables.com\/de\/#\/schema\/logo\/image\/"}}]}},"_links":{"self":[{"href":"https:\/\/www.tstcables.com\/de\/wp-json\/wp\/v2\/product\/19935","targetHints":{"allow":["GET"]}}],"collection":[{"href":"https:\/\/www.tstcables.com\/de\/wp-json\/wp\/v2\/product"}],"about":[{"href":"https:\/\/www.tstcables.com\/de\/wp-json\/wp\/v2\/types\/product"}],"version-history":[{"count":0,"href":"https:\/\/www.tstcables.com\/de\/wp-json\/wp\/v2\/product\/19935\/revisions"}],"wp:featuredmedia":[{"embeddable":true,"href":"https:\/\/www.tstcables.com\/de\/wp-json\/wp\/v2\/media\/12770"}],"wp:attachment":[{"href":"https:\/\/www.tstcables.com\/de\/wp-json\/wp\/v2\/media?parent=19935"}],"wp:term":[{"taxonomy":"product_brand","embeddable":true,"href":"https:\/\/www.tstcables.com\/de\/wp-json\/wp\/v2\/product_brand?post=19935"},{"taxonomy":"product_cat","embeddable":true,"href":"https:\/\/www.tstcables.com\/de\/wp-json\/wp\/v2\/product_cat?post=19935"},{"taxonomy":"product_tag","embeddable":true,"href":"https:\/\/www.tstcables.com\/de\/wp-json\/wp\/v2\/product_tag?post=19935"}],"curies":[{"name":"wp","href":"https:\/\/api.w.org\/{rel}","templated":true}]}}