{"id":19937,"date":"2024-03-23T17:40:05","date_gmt":"2024-03-23T09:40:05","guid":{"rendered":"https:\/\/www.tstcables.com\/product\/kabel-fuer-fotoelektrischen-geschwindigkeitssensor\/"},"modified":"2024-03-23T17:40:05","modified_gmt":"2024-03-23T09:40:05","slug":"kabel-fuer-fotoelektrischen-geschwindigkeitssensor","status":"publish","type":"product","link":"https:\/\/www.tstcables.com\/de\/produkt\/kabel-fuer-fotoelektrischen-geschwindigkeitssensor\/","title":{"rendered":"Kabel f\u00fcr fotoelektrischen Geschwindigkeitssensor"},"content":{"rendered":"<p>Anwendung:<\/p>\n<p>Sensorkabel f\u00fcr Schienenfahrzeuge werden haupts\u00e4chlich zur Signal- und Daten\u00fcbertragung von Geschwindigkeitssensoren eingesetzt.<\/p>\n<p>Charakteristisch:<\/p>\n<ul>\n<li>Temperaturbest\u00e4ndigkeit: -40\u00b0C bis 125\u00b0C<\/li>\n<li>Nennspannung: 750 V (Pr\u00fcfspannung: 4000 V\/5 Min.)<\/li>\n<li>Nennspannung: 300 V (Pr\u00fcfspannung: 3500 V\/5 Min.)<\/li>\n<li>Isolationsst\u00e4rke: 12 MPa&gt;<\/li>\n<li>Mantelst\u00e4rke: 10 MPa&gt;<\/li>\n<li>Kabelbiegeradius: 6-facher Au\u00dfendurchmesser (6D)<\/li>\n<li>Farbe: Schwarz<\/li>\n<\/ul>\n<p>Industriestandard:<\/p>\n<ul>\n<li>EN45545-2<\/li>\n<\/ul>\n<p>Struktur:<\/p>\n<ul>\n<li>Leiter: Versilberter Kupferleiter, entweder 5-Klassen- oder 6-Klassen-Struktur.<\/li>\n<li>Isolierung: Bestrahltes vernetztes Polyolefin.<\/li>\n<li>Abschirmung: Verzinntes Kupfergeflecht.<\/li>\n<li>Mantel\/Mantel: Entweder bestrahltes vernetztes Polyolefin oder Gummielastomer.<\/li>\n<\/ul>\n<p>Auswahlparameter<\/p>\n<style type=\"text\/css\">\n.tg  {border-collapse:collapse;border-color:#ccc;border-spacing:0;}<br \/>.tg td{background-color:#fff;border-color:#ccc;border-style:solid;border-width:1px;color:#333;<br \/>  font-family:Arial, sans-serif;font-size:14px;overflow:hidden;padding:10px 5px;word-break:normal;}<br \/>.tg th{background-color:#f0f0f0;border-color:#ccc;border-style:solid;border-width:1px;color:#333;<br \/>  font-family:Arial, sans-serif;font-size:14px;font-weight:normal;overflow:hidden;padding:10px 5px;word-break:normal;}<br \/>.tg .tg-0pky{border-color:inherit;text-align:left;vertical-align:top}<br \/>.tg .tg-0lax{text-align:left;vertical-align:top}<br \/><\/style>\n<table class=\"tg\">\n<thead>\n<tr>\n<th class=\"tg-0pky\" rowspan=\"2\"><span style=\"color: #000;\">Anzahl der Adern * Nennquerschnitt\/mm<\/span><\/th>\n<th class=\"tg-0pky\" rowspan=\"2\"><span style=\"color: #000;\">D\u00e4mmst\u00e4rke\/mm<\/span><\/th>\n<th class=\"tg-0pky\"><span style=\"color: #000;\">Au\u00dfendurchmesser der Isolierung\/ mm<\/span><\/th>\n<th class=\"tg-0pky\" colspan=\"2\"><span style=\"color: #000;\">Mantelst\u00e4rke\/mm<\/span><\/th>\n<th class=\"tg-0pky\" colspan=\"2\"><span style=\"color: #000;\">Durchschnittsgewicht KG\/Km<\/span><\/th>\n<\/tr>\n<tr>\n<th class=\"tg-0pky\"><span style=\"color: #000;\">1.3\u00b10.1<\/span><\/th>\n<th class=\"tg-0pky\"><span style=\"color: #000;\">0.8<\/span><\/th>\n<th class=\"tg-0pky\"><span style=\"color: #000;\">6.8\u00b10.3<\/span><\/th>\n<th class=\"tg-0pky\"><span style=\"color: #000;\">61.9<\/span><\/th>\n<th class=\"tg-0pky\"><span style=\"color: #000;\">633<\/span><\/th>\n<\/tr>\n<\/thead>\n<tbody>\n<tr>\n<td class=\"tg-0pky\"><span style=\"color: #000;\">9&#215;0.35<\/span><\/td>\n<td class=\"tg-0pky\"><span style=\"color: #000;\">0.30\u00b10.05<\/span><\/td>\n<td class=\"tg-0pky\"><span style=\"color: #000;\">1.3\u00b10.1<\/span><\/td>\n<td class=\"tg-0pky\"><span style=\"color: #000;\">0.8<\/span><\/td>\n<td class=\"tg-0pky\"><span style=\"color: #000;\">7.3\u00b10.3<\/span><\/td>\n<td class=\"tg-0pky\"><span style=\"color: #000;\">82.4<\/span><\/td>\n<td class=\"tg-0pky\"><span style=\"color: #000;\">721<\/span><\/td>\n<\/tr>\n<tr>\n<td class=\"tg-0pky\"><span style=\"color: #000;\">12&#215;0.35<\/span><\/td>\n<td class=\"tg-0pky\"><span style=\"color: #000;\">0.30\u00b10.05<\/span><\/td>\n<td class=\"tg-0pky\"><span style=\"color: #000;\">1.3\u00b10.1<\/span><\/td>\n<td class=\"tg-0pky\"><span style=\"color: #000;\">0.8<\/span><\/td>\n<td class=\"tg-0pky\"><span style=\"color: #000;\">9.6\u00b10.3<\/span><\/td>\n<td class=\"tg-0pky\"><span style=\"color: #000;\">108.6<\/span><\/td>\n<td class=\"tg-0pky\"><span style=\"color: #000;\">837<\/span><\/td>\n<\/tr>\n<tr>\n<td class=\"tg-0pky\"><span style=\"color: #000;\">18&#215;0.35<\/span><\/td>\n<td class=\"tg-0pky\"><span style=\"color: #000;\">0.30\u00b10.05<\/span><\/td>\n<td class=\"tg-0pky\"><span style=\"color: #000;\">1.3\u00b10.1<\/span><\/td>\n<td class=\"tg-0pky\"><span style=\"color: #000;\">0.8<\/span><\/td>\n<td class=\"tg-0pky\"><span style=\"color: #000;\">10.4\u00b10.3<\/span><\/td>\n<td class=\"tg-0pky\"><span style=\"color: #000;\">126.3<\/span><\/td>\n<td class=\"tg-0pky\"><span style=\"color: #000;\">1013<\/span><\/td>\n<\/tr>\n<tr>\n<td class=\"tg-0pky\"><span style=\"color: #000;\">6&#215;0.50<\/span><\/td>\n<td class=\"tg-0pky\"><span style=\"color: #000;\">0.30\u00b10.05<\/span><\/td>\n<td class=\"tg-0pky\"><span style=\"color: #000;\">1.5\u00b10.1<\/span><\/td>\n<td class=\"tg-0pky\"><span style=\"color: #000;\">4.5<\/span><\/td>\n<td class=\"tg-0pky\"><span style=\"color: #000;\">14.0\u00b10.3<\/span><\/td>\n<td class=\"tg-0pky\"><span style=\"color: #000;\">192.1<\/span><\/td>\n<td class=\"tg-0pky\"><span style=\"color: #000;\">1692<\/span><\/td>\n<\/tr>\n<tr>\n<td class=\"tg-0pky\"><span style=\"color: #000;\">9&#215;0.50<\/span><\/td>\n<td class=\"tg-0pky\"><span style=\"color: #000;\">0.30\u00b10.05<\/span><\/td>\n<td class=\"tg-0pky\"><span style=\"color: #000;\">1.5\u00b10.1<\/span><\/td>\n<td class=\"tg-0pky\"><span style=\"color: #000;\">4<\/span><\/td>\n<td class=\"tg-0pky\"><span style=\"color: #000;\">14.0\u00b10.3<\/span><\/td>\n<td class=\"tg-0pky\"><span style=\"color: #000;\">206.9<\/span><\/td>\n<td class=\"tg-0pky\"><span style=\"color: #000;\">1863<\/span><\/td>\n<\/tr>\n<tr>\n<td class=\"tg-0pky\"><span style=\"color: #000;\">12&#215;0.50<\/span><\/td>\n<td class=\"tg-0pky\"><span style=\"color: #000;\">0.30\u00b10.05<\/span><\/td>\n<td class=\"tg-0pky\"><span style=\"color: #000;\">1.5\u00b10.1<\/span><\/td>\n<td class=\"tg-0pky\"><span style=\"color: #000;\">3.6<\/span><\/td>\n<td class=\"tg-0pky\"><span style=\"color: #000;\">14.0\u00b10.3<\/span><\/td>\n<td class=\"tg-0pky\"><span style=\"color: #000;\">218.6<\/span><\/td>\n<td class=\"tg-0pky\"><span style=\"color: #000;\">1981<\/span><\/td>\n<\/tr>\n<tr>\n<td class=\"tg-0lax\"><span style=\"color: #000;\">18&#215;0.50<\/span><\/td>\n<td class=\"tg-0lax\"><span style=\"color: #000;\">0.30\u00b10.05<\/span><\/td>\n<td class=\"tg-0lax\"><span style=\"color: #000;\">1.5\u00b10.1<\/span><\/td>\n<td class=\"tg-0lax\"><span style=\"color: #000;\">3<\/span><\/td>\n<td class=\"tg-0lax\"><span style=\"color: #000;\">14.0\u00b10.3<\/span><\/td>\n<td class=\"tg-0lax\"><span style=\"color: #000;\">247.2<\/span><\/td>\n<td class=\"tg-0lax\"><span style=\"color: #000;\">2095<\/span><\/td>\n<\/tr>\n<tr>\n<td class=\"tg-0lax\"><span style=\"color: #000;\">20&#215;0.50<\/span><\/td>\n<td class=\"tg-0lax\"><span style=\"color: #000;\">0.20\u00b10.05<\/span><\/td>\n<td class=\"tg-0lax\"><span style=\"color: #000;\">1.3\u00b10.1<\/span><\/td>\n<td class=\"tg-0lax\"><span style=\"color: #000;\">2.9<\/span><\/td>\n<td class=\"tg-0lax\"><span style=\"color: #000;\">12.8\u00b10.3<\/span><\/td>\n<td class=\"tg-0lax\"><span style=\"color: #000;\">286.3<\/span><\/td>\n<td class=\"tg-0lax\"><span style=\"color: #000;\">2243<\/span><\/td>\n<\/tr>\n<tr>\n<td class=\"tg-0lax\"><span style=\"color: #000;\">20&#215;0.50<\/span><\/td>\n<td class=\"tg-0lax\"><span style=\"color: #000;\">0.25\u00b10.05<\/span><\/td>\n<td class=\"tg-0lax\"><span style=\"color: #000;\">1.4\u00b10.1<\/span><\/td>\n<td class=\"tg-0lax\"><span style=\"color: #000;\">3.9<\/span><\/td>\n<td class=\"tg-0lax\"><span style=\"color: #000;\">14.0\u00b10.3<\/span><\/td>\n<td class=\"tg-0lax\"><span style=\"color: #000;\">294.8<\/span><\/td>\n<td class=\"tg-0lax\"><span style=\"color: #000;\">2469<\/span><\/td>\n<\/tr>\n<\/tbody>\n<\/table>\n","protected":false},"excerpt":{"rendered":"<p>Kabel f\u00fcr fotoelektrische Geschwindigkeitssensoren bestehen aus flexiblen Materialien, die eine hervorragende Zugfestigkeit und Torsionsfestigkeit bieten. Sie sind best\u00e4ndig gegen \u00d6l, Abrieb, Erm\u00fcdung und S\u00e4ure\/Laugen und k\u00f6nnen so auch in komplexen Arbeitsumgebungen eine gute Leistung erbringen. Dies stellt die Zuverl\u00e4ssigkeit und Stabilit\u00e4t der Verbindungen sicher und verhindert effektiv Signalunterbrechungen und \u00dcbertragungsprobleme. Sensorkabel spielen eine entscheidende Rolle f\u00fcr die unterbrechungsfreie und genaue \u00dcbertragung von Sensordaten in Schienenfahrzeuganwendungen.<\/p>\n","protected":false},"featured_media":12938,"template":"","meta":{"_eb_attr":"","site-sidebar-layout":"default","site-content-layout":"","ast-site-content-layout":"default","site-content-style":"default","site-sidebar-style":"default","ast-global-header-display":"","ast-banner-title-visibility":"","ast-main-header-display":"","ast-hfb-above-header-display":"","ast-hfb-below-header-display":"","ast-hfb-mobile-header-display":"","site-post-title":"","ast-breadcrumbs-content":"","ast-featured-img":"","footer-sml-layout":"","theme-transparent-header-meta":"default","adv-header-id-meta":"","stick-header-meta":"","header-above-stick-meta":"","header-main-stick-meta":"","header-below-stick-meta":"","astra-migrate-meta-layouts":"default","ast-page-background-enabled":"default","ast-page-background-meta":{"desktop":{"background-color":"","background-image":"","background-repeat":"repeat","background-position":"center center","background-size":"auto","background-attachment":"scroll","background-type":"","background-media":"","overlay-type":"","overlay-color":"","overlay-opacity":"","overlay-gradient":""},"tablet":{"background-color":"","background-image":"","background-repeat":"repeat","background-position":"center center","background-size":"auto","background-attachment":"scroll","background-type":"","background-media":"","overlay-type":"","overlay-color":"","overlay-opacity":"","overlay-gradient":""},"mobile":{"background-color":"","background-image":"","background-repeat":"repeat","background-position":"center center","background-size":"auto","background-attachment":"scroll","background-type":"","background-media":"","overlay-type":"","overlay-color":"","overlay-opacity":"","overlay-gradient":""}},"ast-content-background-meta":{"desktop":{"background-color":"var(--ast-global-color-5)","background-image":"","background-repeat":"repeat","background-position":"center center","background-size":"auto","background-attachment":"scroll","background-type":"","background-media":"","overlay-type":"","overlay-color":"","overlay-opacity":"","overlay-gradient":""},"tablet":{"background-color":"var(--ast-global-color-5)","background-image":"","background-repeat":"repeat","background-position":"center center","background-size":"auto","background-attachment":"scroll","background-type":"","background-media":"","overlay-type":"","overlay-color":"","overlay-opacity":"","overlay-gradient":""},"mobile":{"background-color":"var(--ast-global-color-5)","background-image":"","background-repeat":"repeat","background-position":"center center","background-size":"auto","background-attachment":"scroll","background-type":"","background-media":"","overlay-type":"","overlay-color":"","overlay-opacity":"","overlay-gradient":""}}},"product_brand":[],"product_cat":[708,693,694,695,696,698,699,691,700,702,713],"product_tag":[1533,1611],"class_list":{"0":"post-19937","1":"product","2":"type-product","3":"status-publish","4":"has-post-thumbnail","6":"product_cat-rail-way-de","7":"product_cat-enstandard-cable-de","8":"product_cat-en50264-de","9":"product_cat-en50306-de","10":"product_cat-en50382-de","11":"product_cat-ice-standard-de","12":"product_cat-lsoh-cable-de","13":"product_cat-aviation-de","14":"product_cat-marine-de","15":"product_cat-oil-gas-de","16":"product_cat-wind-power-de","17":"product_tag-geschwindigkeitssensorkabel","18":"product_tag-kabel-fur-fotoelektrischen-geschwindigkeitssensor","19":"desktop-align-center","20":"tablet-align-left","21":"mobile-align-left","23":"first","24":"instock","25":"shipping-taxable","26":"product-type-simple"},"yoast_head":"<!-- This site is optimized with the Yoast SEO plugin v27.4 - https:\/\/yoast.com\/product\/yoast-seo-wordpress\/ -->\n<title>Kabel f\u00fcr fotoelektrischen Geschwindigkeitssensor<\/title>\n<meta name=\"description\" content=\"Kabel f\u00fcr fotoelektrische Geschwindigkeitssensoren bestehen aus flexiblen Materialien, die eine hervorragende Zugfestigkeit und Torsionsfestigkeit bieten.\" \/>\n<meta name=\"robots\" content=\"index, follow, max-snippet:-1, max-image-preview:large, max-video-preview:-1\" \/>\n<link rel=\"canonical\" href=\"https:\/\/www.tstcables.com\/de\/produkt\/kabel-fuer-fotoelektrischen-geschwindigkeitssensor\/\" \/>\n<meta property=\"og:locale\" content=\"de_DE\" \/>\n<meta property=\"og:type\" content=\"article\" \/>\n<meta property=\"og:title\" content=\"Kabel f\u00fcr fotoelektrischen Geschwindigkeitssensor\" \/>\n<meta property=\"og:description\" content=\"Kabel f\u00fcr fotoelektrische Geschwindigkeitssensoren bestehen aus flexiblen Materialien, die eine hervorragende Zugfestigkeit und Torsionsfestigkeit bieten.\" \/>\n<meta property=\"og:url\" content=\"https:\/\/www.tstcables.com\/de\/produkt\/kabel-fuer-fotoelektrischen-geschwindigkeitssensor\/\" \/>\n<meta property=\"og:site_name\" content=\"TST CABLES supplier &amp; Manufacture\" \/>\n<meta property=\"og:image\" content=\"https:\/\/www.tstcables.com\/wp-content\/uploads\/2024\/03\/2-15.jpg\" \/>\n\t<meta property=\"og:image:width\" content=\"640\" \/>\n\t<meta property=\"og:image:height\" content=\"640\" \/>\n\t<meta property=\"og:image:type\" content=\"image\/jpeg\" \/>\n<meta name=\"twitter:card\" content=\"summary_large_image\" \/>\n<meta name=\"twitter:label1\" content=\"Gesch\u00e4tzte Lesezeit\" \/>\n\t<meta name=\"twitter:data1\" content=\"1\u00a0Minute\" \/>\n<script type=\"application\/ld+json\" class=\"yoast-schema-graph\">{\"@context\":\"https:\\\/\\\/schema.org\",\"@graph\":[{\"@type\":\"WebPage\",\"@id\":\"https:\\\/\\\/www.tstcables.com\\\/de\\\/produkt\\\/kabel-fuer-fotoelektrischen-geschwindigkeitssensor\\\/\",\"url\":\"https:\\\/\\\/www.tstcables.com\\\/de\\\/produkt\\\/kabel-fuer-fotoelektrischen-geschwindigkeitssensor\\\/\",\"name\":\"Kabel f\u00fcr fotoelektrischen Geschwindigkeitssensor\",\"isPartOf\":{\"@id\":\"https:\\\/\\\/www.tstcables.com\\\/de\\\/#website\"},\"primaryImageOfPage\":{\"@id\":\"https:\\\/\\\/www.tstcables.com\\\/de\\\/produkt\\\/kabel-fuer-fotoelektrischen-geschwindigkeitssensor\\\/#primaryimage\"},\"image\":{\"@id\":\"https:\\\/\\\/www.tstcables.com\\\/de\\\/produkt\\\/kabel-fuer-fotoelektrischen-geschwindigkeitssensor\\\/#primaryimage\"},\"thumbnailUrl\":\"https:\\\/\\\/www.tstcables.com\\\/wp-content\\\/uploads\\\/2024\\\/03\\\/2-15.jpg\",\"datePublished\":\"2024-03-23T09:40:05+00:00\",\"description\":\"Kabel f\u00fcr fotoelektrische Geschwindigkeitssensoren bestehen aus flexiblen Materialien, die eine hervorragende Zugfestigkeit und Torsionsfestigkeit bieten.\",\"breadcrumb\":{\"@id\":\"https:\\\/\\\/www.tstcables.com\\\/de\\\/produkt\\\/kabel-fuer-fotoelektrischen-geschwindigkeitssensor\\\/#breadcrumb\"},\"inLanguage\":\"de\",\"potentialAction\":[{\"@type\":\"ReadAction\",\"target\":[\"https:\\\/\\\/www.tstcables.com\\\/de\\\/produkt\\\/kabel-fuer-fotoelektrischen-geschwindigkeitssensor\\\/\"]}]},{\"@type\":\"ImageObject\",\"inLanguage\":\"de\",\"@id\":\"https:\\\/\\\/www.tstcables.com\\\/de\\\/produkt\\\/kabel-fuer-fotoelektrischen-geschwindigkeitssensor\\\/#primaryimage\",\"url\":\"https:\\\/\\\/www.tstcables.com\\\/wp-content\\\/uploads\\\/2024\\\/03\\\/2-15.jpg\",\"contentUrl\":\"https:\\\/\\\/www.tstcables.com\\\/wp-content\\\/uploads\\\/2024\\\/03\\\/2-15.jpg\",\"width\":640,\"height\":640,\"caption\":\"Photoelectric speed sensor cable\"},{\"@type\":\"BreadcrumbList\",\"@id\":\"https:\\\/\\\/www.tstcables.com\\\/de\\\/produkt\\\/kabel-fuer-fotoelektrischen-geschwindigkeitssensor\\\/#breadcrumb\",\"itemListElement\":[{\"@type\":\"ListItem\",\"position\":1,\"name\":\"\u9996\u9875\",\"item\":\"https:\\\/\\\/www.tstcables.com\\\/de\\\/\"},{\"@type\":\"ListItem\",\"position\":2,\"name\":\"Product\",\"item\":\"https:\\\/\\\/www.tstcables.com\\\/product\\\/\"},{\"@type\":\"ListItem\",\"position\":3,\"name\":\"Kabel f\u00fcr fotoelektrischen Geschwindigkeitssensor\"}]},{\"@type\":\"WebSite\",\"@id\":\"https:\\\/\\\/www.tstcables.com\\\/de\\\/#website\",\"url\":\"https:\\\/\\\/www.tstcables.com\\\/de\\\/\",\"name\":\"TST Cable supplier & Manufacture\",\"description\":\"TST CABLES  supplier &amp; Manufacture official website\",\"publisher\":{\"@id\":\"https:\\\/\\\/www.tstcables.com\\\/de\\\/#organization\"},\"potentialAction\":[{\"@type\":\"SearchAction\",\"target\":{\"@type\":\"EntryPoint\",\"urlTemplate\":\"https:\\\/\\\/www.tstcables.com\\\/de\\\/?s={search_term_string}\"},\"query-input\":{\"@type\":\"PropertyValueSpecification\",\"valueRequired\":true,\"valueName\":\"search_term_string\"}}],\"inLanguage\":\"de\"},{\"@type\":\"Organization\",\"@id\":\"https:\\\/\\\/www.tstcables.com\\\/de\\\/#organization\",\"name\":\"TST Cable supplier & Manufacture\",\"url\":\"https:\\\/\\\/www.tstcables.com\\\/de\\\/\",\"logo\":{\"@type\":\"ImageObject\",\"inLanguage\":\"de\",\"@id\":\"https:\\\/\\\/www.tstcables.com\\\/de\\\/#\\\/schema\\\/logo\\\/image\\\/\",\"url\":\"https:\\\/\\\/www.tstcables.com\\\/wp-content\\\/uploads\\\/2024\\\/04\\\/cropped-\u753b\u677f-1-\u62f7\u8d1d-4-1.png\",\"contentUrl\":\"https:\\\/\\\/www.tstcables.com\\\/wp-content\\\/uploads\\\/2024\\\/04\\\/cropped-\u753b\u677f-1-\u62f7\u8d1d-4-1.png\",\"width\":300,\"height\":100,\"caption\":\"TST Cable supplier & Manufacture\"},\"image\":{\"@id\":\"https:\\\/\\\/www.tstcables.com\\\/de\\\/#\\\/schema\\\/logo\\\/image\\\/\"}}]}<\/script>\n<!-- \/ Yoast SEO plugin. -->","yoast_head_json":{"title":"Kabel f\u00fcr fotoelektrischen Geschwindigkeitssensor","description":"Kabel f\u00fcr fotoelektrische Geschwindigkeitssensoren bestehen aus flexiblen Materialien, die eine hervorragende Zugfestigkeit und Torsionsfestigkeit bieten.","robots":{"index":"index","follow":"follow","max-snippet":"max-snippet:-1","max-image-preview":"max-image-preview:large","max-video-preview":"max-video-preview:-1"},"canonical":"https:\/\/www.tstcables.com\/de\/produkt\/kabel-fuer-fotoelektrischen-geschwindigkeitssensor\/","og_locale":"de_DE","og_type":"article","og_title":"Kabel f\u00fcr fotoelektrischen Geschwindigkeitssensor","og_description":"Kabel f\u00fcr fotoelektrische Geschwindigkeitssensoren bestehen aus flexiblen Materialien, die eine hervorragende Zugfestigkeit und Torsionsfestigkeit bieten.","og_url":"https:\/\/www.tstcables.com\/de\/produkt\/kabel-fuer-fotoelektrischen-geschwindigkeitssensor\/","og_site_name":"TST CABLES supplier &amp; Manufacture","og_image":[{"width":640,"height":640,"url":"https:\/\/www.tstcables.com\/wp-content\/uploads\/2024\/03\/2-15.jpg","type":"image\/jpeg"}],"twitter_card":"summary_large_image","twitter_misc":{"Gesch\u00e4tzte Lesezeit":"1\u00a0Minute"},"schema":{"@context":"https:\/\/schema.org","@graph":[{"@type":"WebPage","@id":"https:\/\/www.tstcables.com\/de\/produkt\/kabel-fuer-fotoelektrischen-geschwindigkeitssensor\/","url":"https:\/\/www.tstcables.com\/de\/produkt\/kabel-fuer-fotoelektrischen-geschwindigkeitssensor\/","name":"Kabel f\u00fcr fotoelektrischen Geschwindigkeitssensor","isPartOf":{"@id":"https:\/\/www.tstcables.com\/de\/#website"},"primaryImageOfPage":{"@id":"https:\/\/www.tstcables.com\/de\/produkt\/kabel-fuer-fotoelektrischen-geschwindigkeitssensor\/#primaryimage"},"image":{"@id":"https:\/\/www.tstcables.com\/de\/produkt\/kabel-fuer-fotoelektrischen-geschwindigkeitssensor\/#primaryimage"},"thumbnailUrl":"https:\/\/www.tstcables.com\/wp-content\/uploads\/2024\/03\/2-15.jpg","datePublished":"2024-03-23T09:40:05+00:00","description":"Kabel f\u00fcr fotoelektrische Geschwindigkeitssensoren bestehen aus flexiblen Materialien, die eine hervorragende Zugfestigkeit und Torsionsfestigkeit bieten.","breadcrumb":{"@id":"https:\/\/www.tstcables.com\/de\/produkt\/kabel-fuer-fotoelektrischen-geschwindigkeitssensor\/#breadcrumb"},"inLanguage":"de","potentialAction":[{"@type":"ReadAction","target":["https:\/\/www.tstcables.com\/de\/produkt\/kabel-fuer-fotoelektrischen-geschwindigkeitssensor\/"]}]},{"@type":"ImageObject","inLanguage":"de","@id":"https:\/\/www.tstcables.com\/de\/produkt\/kabel-fuer-fotoelektrischen-geschwindigkeitssensor\/#primaryimage","url":"https:\/\/www.tstcables.com\/wp-content\/uploads\/2024\/03\/2-15.jpg","contentUrl":"https:\/\/www.tstcables.com\/wp-content\/uploads\/2024\/03\/2-15.jpg","width":640,"height":640,"caption":"Photoelectric speed sensor cable"},{"@type":"BreadcrumbList","@id":"https:\/\/www.tstcables.com\/de\/produkt\/kabel-fuer-fotoelektrischen-geschwindigkeitssensor\/#breadcrumb","itemListElement":[{"@type":"ListItem","position":1,"name":"\u9996\u9875","item":"https:\/\/www.tstcables.com\/de\/"},{"@type":"ListItem","position":2,"name":"Product","item":"https:\/\/www.tstcables.com\/product\/"},{"@type":"ListItem","position":3,"name":"Kabel f\u00fcr fotoelektrischen Geschwindigkeitssensor"}]},{"@type":"WebSite","@id":"https:\/\/www.tstcables.com\/de\/#website","url":"https:\/\/www.tstcables.com\/de\/","name":"TST Cable supplier & Manufacture","description":"TST CABLES  supplier &amp; Manufacture official website","publisher":{"@id":"https:\/\/www.tstcables.com\/de\/#organization"},"potentialAction":[{"@type":"SearchAction","target":{"@type":"EntryPoint","urlTemplate":"https:\/\/www.tstcables.com\/de\/?s={search_term_string}"},"query-input":{"@type":"PropertyValueSpecification","valueRequired":true,"valueName":"search_term_string"}}],"inLanguage":"de"},{"@type":"Organization","@id":"https:\/\/www.tstcables.com\/de\/#organization","name":"TST Cable supplier & Manufacture","url":"https:\/\/www.tstcables.com\/de\/","logo":{"@type":"ImageObject","inLanguage":"de","@id":"https:\/\/www.tstcables.com\/de\/#\/schema\/logo\/image\/","url":"https:\/\/www.tstcables.com\/wp-content\/uploads\/2024\/04\/cropped-\u753b\u677f-1-\u62f7\u8d1d-4-1.png","contentUrl":"https:\/\/www.tstcables.com\/wp-content\/uploads\/2024\/04\/cropped-\u753b\u677f-1-\u62f7\u8d1d-4-1.png","width":300,"height":100,"caption":"TST Cable supplier & Manufacture"},"image":{"@id":"https:\/\/www.tstcables.com\/de\/#\/schema\/logo\/image\/"}}]}},"_links":{"self":[{"href":"https:\/\/www.tstcables.com\/de\/wp-json\/wp\/v2\/product\/19937","targetHints":{"allow":["GET"]}}],"collection":[{"href":"https:\/\/www.tstcables.com\/de\/wp-json\/wp\/v2\/product"}],"about":[{"href":"https:\/\/www.tstcables.com\/de\/wp-json\/wp\/v2\/types\/product"}],"version-history":[{"count":0,"href":"https:\/\/www.tstcables.com\/de\/wp-json\/wp\/v2\/product\/19937\/revisions"}],"wp:featuredmedia":[{"embeddable":true,"href":"https:\/\/www.tstcables.com\/de\/wp-json\/wp\/v2\/media\/12938"}],"wp:attachment":[{"href":"https:\/\/www.tstcables.com\/de\/wp-json\/wp\/v2\/media?parent=19937"}],"wp:term":[{"taxonomy":"product_brand","embeddable":true,"href":"https:\/\/www.tstcables.com\/de\/wp-json\/wp\/v2\/product_brand?post=19937"},{"taxonomy":"product_cat","embeddable":true,"href":"https:\/\/www.tstcables.com\/de\/wp-json\/wp\/v2\/product_cat?post=19937"},{"taxonomy":"product_tag","embeddable":true,"href":"https:\/\/www.tstcables.com\/de\/wp-json\/wp\/v2\/product_tag?post=19937"}],"curies":[{"name":"wp","href":"https:\/\/api.w.org\/{rel}","templated":true}]}}