{"id":19940,"date":"2024-03-23T17:18:40","date_gmt":"2024-03-23T09:18:40","guid":{"rendered":"https:\/\/www.tstcables.com\/product\/600-v-peek-hochtemperatur-salz-und-alkalibestaendiges-einadriges-abgeschirmtes-silikonkabel-und-draht\/"},"modified":"2024-03-23T17:18:40","modified_gmt":"2024-03-23T09:18:40","slug":"600-v-peek-hochtemperatur-salz-und-alkalibestaendiges-einadriges-abgeschirmtes-silikonkabel-und-draht","status":"publish","type":"product","link":"https:\/\/www.tstcables.com\/de\/produkt\/600-v-peek-hochtemperatur-salz-und-alkalibestaendiges-einadriges-abgeschirmtes-silikonkabel-und-draht\/","title":{"rendered":"600-V-PEEK-Hochtemperatur-Salz- und alkalibest\u00e4ndiges, einadriges, abgeschirmtes Silikonkabel und -draht"},"content":{"rendered":"<p><strong>Anwendungen<\/strong><\/p>\n<p>Das 600-V-PEEK-Hochtemperatur-Salz- und alkalibest\u00e4ndige, einadrige, abgeschirmte Silikonkabel und -kabel ist seewasserbest\u00e4ndig, leicht, klein, flammhemmend, raucharm, halogenfrei, flammhemmend, hoch- und niedrigtemperaturbest\u00e4ndig, strahlungsbest\u00e4ndig und verf\u00fcgt \u00fcber gute mechanische Eigenschaften. Es wird h\u00e4ufig in Ultrahochtemperaturdr\u00e4hten f\u00fcr Hochgeschwindigkeitszuglokomotiven im Schienenverkehr, in Schiffen und in der Luftfahrtindustrie eingesetzt. Wickeldr\u00e4hte f\u00fcr \u00d6lfeld-Tauchpumpenmotoren, Anschlussdr\u00e4hte f\u00fcr \u00d6lfeld-Tiefbrunnen-Tauchpumpenmotoren, Kernkraft-Wicklungsdr\u00e4hte und Sensor-Back-Ends usw.<\/p>\n<p>&nbsp;<\/p>\n<p><strong>Industriestandard<\/strong><\/p>\n<ul>\n<li>lEN45545-2<\/li>\n<\/ul>\n<p><strong>Produktmerkmale:<\/strong><\/p>\n<ol>\n<li>Langzeittemperaturbest\u00e4ndigkeit: -50-250\u2103<\/li>\n<li>Spannungsfestigkeit: 300 V \u2013 600 V<\/li>\n<li>Best\u00e4ndig gegen Gammastrahlung: 850 KGy k\u00f6nnen \u00fcber einen langen Zeitraum verwendet werden.<\/li>\n<li>Raucharm, halogenfrei, flammhemmend, hoch- und niedrigtemperaturbest\u00e4ndig<\/li>\n<\/ol>\n<p><strong>Technische Parameter<\/strong><\/p>\n<table class=\"tg\">\n<thead>\n<tr>\n<th class=\"tg-uzvj\">Anzahl der Kerne<br \/>\nDr\u00e4hte und nominal<br \/>\nQuerschnitt<\/th>\n<th class=\"tg-uzvj\">Minimum<br \/>\nDicke<br \/>\nder H\u00fclle<\/th>\n<th class=\"tg-uzvj\" colspan=\"2\">Kabel au\u00dfen<br \/>\nDurchmesser D<\/th>\n<th class=\"tg-uzvj\">20\u2103 Leiter<br \/>\nWiderstand<\/th>\n<th class=\"tg-uzvj\">Durchschnitt<br \/>\nGewicht<\/th>\n<\/tr>\n<\/thead>\n<tbody>\n<tr>\n<td class=\"tg-c3ow\" rowspan=\"2\">mm2<\/td>\n<td class=\"tg-c3ow\" rowspan=\"2\">mm<\/td>\n<td class=\"tg-c3ow\">Min<\/td>\n<td class=\"tg-c3ow\">Max<\/td>\n<td class=\"tg-c3ow\">Max<\/td>\n<td class=\"tg-c3ow\" rowspan=\"2\">Kg\/km<\/td>\n<\/tr>\n<tr>\n<td class=\"tg-c3ow\">mm<\/td>\n<td class=\"tg-c3ow\">mm<\/td>\n<td class=\"tg-c3ow\">\u03a9\/km<\/td>\n<\/tr>\n<tr>\n<td class=\"tg-c3ow\">2*0.06<\/td>\n<td class=\"tg-9wq8\">0.25<\/td>\n<td class=\"tg-9wq8\">1.9<\/td>\n<td class=\"tg-9wq8\">2<\/td>\n<td class=\"tg-9wq8\">330<\/td>\n<td class=\"tg-9wq8\">3.78<\/td>\n<\/tr>\n<tr>\n<td class=\"tg-c3ow\">2*0.08<\/td>\n<td class=\"tg-9wq8\">0.25<\/td>\n<td class=\"tg-9wq8\">2.05<\/td>\n<td class=\"tg-9wq8\">2.15<\/td>\n<td class=\"tg-9wq8\">227<\/td>\n<td class=\"tg-9wq8\">4.52<\/td>\n<\/tr>\n<tr>\n<td class=\"tg-c3ow\">2*0.14<\/td>\n<td class=\"tg-9wq8\">0.25<\/td>\n<td class=\"tg-9wq8\">2.3<\/td>\n<td class=\"tg-9wq8\">2.4<\/td>\n<td class=\"tg-9wq8\">126<\/td>\n<td class=\"tg-9wq8\">6.29<\/td>\n<\/tr>\n<tr>\n<td class=\"tg-c3ow\">2*0.2<\/td>\n<td class=\"tg-9wq8\">0.25<\/td>\n<td class=\"tg-9wq8\">2.5<\/td>\n<td class=\"tg-9wq8\">2.6<\/td>\n<td class=\"tg-9wq8\">83.5<\/td>\n<td class=\"tg-9wq8\">7.88<\/td>\n<\/tr>\n<tr>\n<td class=\"tg-baqh\">2*0.35<\/td>\n<td class=\"tg-nrix\">0.25<\/td>\n<td class=\"tg-nrix\">2.8<\/td>\n<td class=\"tg-nrix\">2.9<\/td>\n<td class=\"tg-nrix\">49.5<\/td>\n<td class=\"tg-nrix\">10.67<\/td>\n<\/tr>\n<tr>\n<td class=\"tg-baqh\">2*0.5<\/td>\n<td class=\"tg-nrix\">0.25<\/td>\n<td class=\"tg-nrix\">3.1<\/td>\n<td class=\"tg-nrix\">3.2<\/td>\n<td class=\"tg-nrix\">40.1<\/td>\n<td class=\"tg-nrix\">13.94<\/td>\n<\/tr>\n<tr>\n<td class=\"tg-baqh\">3*0.06<\/td>\n<td class=\"tg-nrix\">0.25<\/td>\n<td class=\"tg-nrix\">2<\/td>\n<td class=\"tg-nrix\">2.1<\/td>\n<td class=\"tg-nrix\">330<\/td>\n<td class=\"tg-nrix\">4.85<\/td>\n<\/tr>\n<tr>\n<td class=\"tg-baqh\">3*0.08<\/td>\n<td class=\"tg-nrix\">0.25<\/td>\n<td class=\"tg-nrix\">2.15<\/td>\n<td class=\"tg-nrix\">2.25<\/td>\n<td class=\"tg-nrix\">227<\/td>\n<td class=\"tg-nrix\">5.82<\/td>\n<\/tr>\n<tr>\n<td class=\"tg-baqh\">3*0.14<\/td>\n<td class=\"tg-nrix\">0.25<\/td>\n<td class=\"tg-nrix\">2.45<\/td>\n<td class=\"tg-nrix\">2.55<\/td>\n<td class=\"tg-nrix\">126<\/td>\n<td class=\"tg-nrix\">8.43<\/td>\n<\/tr>\n<tr>\n<td class=\"tg-baqh\">3*0.2<\/td>\n<td class=\"tg-nrix\">0.25<\/td>\n<td class=\"tg-nrix\">2.65<\/td>\n<td class=\"tg-nrix\">2.75<\/td>\n<td class=\"tg-nrix\">83.5<\/td>\n<td class=\"tg-nrix\">10.72<\/td>\n<\/tr>\n<tr>\n<td class=\"tg-baqh\">3*0.35<\/td>\n<td class=\"tg-nrix\">0.25<\/td>\n<td class=\"tg-nrix\">3<\/td>\n<td class=\"tg-nrix\">3.1<\/td>\n<td class=\"tg-nrix\">49.5<\/td>\n<td class=\"tg-nrix\">14.76<\/td>\n<\/tr>\n<tr>\n<td class=\"tg-baqh\">3*0.5<\/td>\n<td class=\"tg-nrix\">0.25<\/td>\n<td class=\"tg-nrix\">3.3<\/td>\n<td class=\"tg-nrix\">3.4<\/td>\n<td class=\"tg-nrix\">40.1<\/td>\n<td class=\"tg-nrix\">19.52<\/td>\n<\/tr>\n<tr>\n<td class=\"tg-baqh\">4*0.06<\/td>\n<td class=\"tg-nrix\">0.25<\/td>\n<td class=\"tg-nrix\">2.2<\/td>\n<td class=\"tg-nrix\">2.3<\/td>\n<td class=\"tg-nrix\">330<\/td>\n<td class=\"tg-nrix\">6.01<\/td>\n<\/tr>\n<tr>\n<td class=\"tg-baqh\">4*0.08<\/td>\n<td class=\"tg-nrix\">0.25<\/td>\n<td class=\"tg-nrix\">2.35<\/td>\n<td class=\"tg-nrix\">2.45<\/td>\n<td class=\"tg-nrix\">227<\/td>\n<td class=\"tg-nrix\">7.26<\/td>\n<\/tr>\n<tr>\n<td class=\"tg-baqh\">4*0.14<\/td>\n<td class=\"tg-nrix\">0.25<\/td>\n<td class=\"tg-nrix\">2.65<\/td>\n<td class=\"tg-nrix\">2.75<\/td>\n<td class=\"tg-nrix\">126<\/td>\n<td class=\"tg-nrix\">10.69<\/td>\n<\/tr>\n<tr>\n<td class=\"tg-baqh\">4*0.2<\/td>\n<td class=\"tg-nrix\">0.25<\/td>\n<td class=\"tg-nrix\">2.9<\/td>\n<td class=\"tg-nrix\">3<\/td>\n<td class=\"tg-nrix\">83.5<\/td>\n<td class=\"tg-nrix\">13.68<\/td>\n<\/tr>\n<tr>\n<td class=\"tg-baqh\">4*0.35<\/td>\n<td class=\"tg-nrix\">0.25<\/td>\n<td class=\"tg-nrix\">3.3<\/td>\n<td class=\"tg-nrix\">3.4<\/td>\n<td class=\"tg-nrix\">49.5<\/td>\n<td class=\"tg-nrix\">18.98<\/td>\n<\/tr>\n<tr>\n<td class=\"tg-baqh\">4*0.5<\/td>\n<td class=\"tg-nrix\">0.25<\/td>\n<td class=\"tg-nrix\">3.65<\/td>\n<td class=\"tg-nrix\">3.75<\/td>\n<td class=\"tg-nrix\">40.1<\/td>\n<td class=\"tg-nrix\">25.25<\/td>\n<\/tr>\n<tr>\n<td class=\"tg-baqh\">5*0.06<\/td>\n<td class=\"tg-nrix\">0.25<\/td>\n<td class=\"tg-nrix\">2.4<\/td>\n<td class=\"tg-nrix\">2.5<\/td>\n<td class=\"tg-nrix\">330<\/td>\n<td class=\"tg-nrix\">7.19<\/td>\n<\/tr>\n<tr>\n<td class=\"tg-baqh\">5*0.08<\/td>\n<td class=\"tg-nrix\">0.25<\/td>\n<td class=\"tg-nrix\">2.55<\/td>\n<td class=\"tg-nrix\">2.65<\/td>\n<td class=\"tg-nrix\">227<\/td>\n<td class=\"tg-nrix\">8.73<\/td>\n<\/tr>\n<tr>\n<td class=\"tg-baqh\">5*0.14<\/td>\n<td class=\"tg-nrix\">0.25<\/td>\n<td class=\"tg-nrix\">2.95<\/td>\n<td class=\"tg-nrix\">3.05<\/td>\n<td class=\"tg-nrix\">126<\/td>\n<td class=\"tg-nrix\">12.95<\/td>\n<\/tr>\n<tr>\n<td class=\"tg-baqh\">5*0.2<\/td>\n<td class=\"tg-nrix\">0.25<\/td>\n<td class=\"tg-nrix\">3.2<\/td>\n<td class=\"tg-nrix\">3.3<\/td>\n<td class=\"tg-nrix\">83.5<\/td>\n<td class=\"tg-nrix\">16.66<\/td>\n<\/tr>\n<tr>\n<td class=\"tg-baqh\">5*0.35<\/td>\n<td class=\"tg-nrix\">0.25<\/td>\n<td class=\"tg-nrix\">3.6<\/td>\n<td class=\"tg-nrix\">3.7<\/td>\n<td class=\"tg-nrix\">49.5<\/td>\n<td class=\"tg-nrix\">23.25<\/td>\n<\/tr>\n<\/tbody>\n<\/table>\n","protected":false},"excerpt":{"rendered":"<p>Das 600-V-PEEK-Hochtemperatur-Salz- und alkalibest\u00e4ndige, einadrige, abgeschirmte Silikonkabel und -kabel ist seewasserbest\u00e4ndig, leicht, klein, flammhemmend, raucharm, halogenfrei, flammhemmend, hoch- und niedrigtemperaturbest\u00e4ndig, strahlungsbest\u00e4ndig und verf\u00fcgt \u00fcber gute mechanische Eigenschaften.<\/p>\n","protected":false},"featured_media":13066,"template":"","meta":{"_eb_attr":"","site-sidebar-layout":"default","site-content-layout":"","ast-site-content-layout":"default","site-content-style":"default","site-sidebar-style":"default","ast-global-header-display":"","ast-banner-title-visibility":"","ast-main-header-display":"","ast-hfb-above-header-display":"","ast-hfb-below-header-display":"","ast-hfb-mobile-header-display":"","site-post-title":"","ast-breadcrumbs-content":"","ast-featured-img":"","footer-sml-layout":"","theme-transparent-header-meta":"default","adv-header-id-meta":"","stick-header-meta":"","header-above-stick-meta":"","header-main-stick-meta":"","header-below-stick-meta":"","astra-migrate-meta-layouts":"default","ast-page-background-enabled":"default","ast-page-background-meta":{"desktop":{"background-color":"","background-image":"","background-repeat":"repeat","background-position":"center center","background-size":"auto","background-attachment":"scroll","background-type":"","background-media":"","overlay-type":"","overlay-color":"","overlay-opacity":"","overlay-gradient":""},"tablet":{"background-color":"","background-image":"","background-repeat":"repeat","background-position":"center center","background-size":"auto","background-attachment":"scroll","background-type":"","background-media":"","overlay-type":"","overlay-color":"","overlay-opacity":"","overlay-gradient":""},"mobile":{"background-color":"","background-image":"","background-repeat":"repeat","background-position":"center center","background-size":"auto","background-attachment":"scroll","background-type":"","background-media":"","overlay-type":"","overlay-color":"","overlay-opacity":"","overlay-gradient":""}},"ast-content-background-meta":{"desktop":{"background-color":"var(--ast-global-color-5)","background-image":"","background-repeat":"repeat","background-position":"center center","background-size":"auto","background-attachment":"scroll","background-type":"","background-media":"","overlay-type":"","overlay-color":"","overlay-opacity":"","overlay-gradient":""},"tablet":{"background-color":"var(--ast-global-color-5)","background-image":"","background-repeat":"repeat","background-position":"center center","background-size":"auto","background-attachment":"scroll","background-type":"","background-media":"","overlay-type":"","overlay-color":"","overlay-opacity":"","overlay-gradient":""},"mobile":{"background-color":"var(--ast-global-color-5)","background-image":"","background-repeat":"repeat","background-position":"center center","background-size":"auto","background-attachment":"scroll","background-type":"","background-media":"","overlay-type":"","overlay-color":"","overlay-opacity":"","overlay-gradient":""}}},"product_brand":[],"product_cat":[708,693,694,695,697,698,691,700,692,1589,701,702,1594,1585],"product_tag":[1536,1538,1539],"class_list":{"0":"post-19940","1":"product","2":"type-product","3":"status-publish","4":"has-post-thumbnail","6":"product_cat-rail-way-de","7":"product_cat-enstandard-cable-de","8":"product_cat-en50264-de","9":"product_cat-en50306-de","10":"product_cat-high-temperature-cable-de","11":"product_cat-ice-standard-de","12":"product_cat-aviation-de","13":"product_cat-marine-de","14":"product_cat-customized-cable-de","15":"product_cat-niedertemperaturkabel","16":"product_cat-nuclear-de","17":"product_cat-oil-gas-de","18":"product_cat-peek-kabel","19":"product_cat-salzalkalibestandiges-kabel","20":"product_tag-einadriges-ummanteltes-kabel-aus-peek-polyetheretherketon","21":"product_tag-einadriges-ummanteltes-peek-kabel-th-j-akk-200einadriges-ummanteltes-peek-kabel-th-j-akk-200","22":"product_tag-th-j-akk-200-de","23":"desktop-align-center","24":"tablet-align-left","25":"mobile-align-left","27":"first","28":"instock","29":"shipping-taxable","30":"product-type-simple"},"yoast_head":"<!-- This site is optimized with the Yoast SEO plugin v27.4 - https:\/\/yoast.com\/product\/yoast-seo-wordpress\/ -->\n<title>600-V-PEEK-Hochtemperatur-Salz- und alkalibest\u00e4ndiges, einadriges, abgeschirmtes Silikonkabel und -draht<\/title>\n<meta name=\"description\" content=\"Das 600-V-PEEK-Hochtemperatur-Salz- und alkalibest\u00e4ndige, einadrige, abgeschirmte Silikonkabel und -kabel ist seewasserbest\u00e4ndig, leicht, klein und flammhemmend.\" \/>\n<meta name=\"robots\" content=\"index, follow, max-snippet:-1, max-image-preview:large, max-video-preview:-1\" \/>\n<link rel=\"canonical\" href=\"https:\/\/www.tstcables.com\/de\/produkt\/600-v-peek-hochtemperatur-salz-und-alkalibestaendiges-einadriges-abgeschirmtes-silikonkabel-und-draht\/\" \/>\n<meta property=\"og:locale\" content=\"de_DE\" \/>\n<meta property=\"og:type\" content=\"article\" \/>\n<meta property=\"og:title\" content=\"600-V-PEEK-Hochtemperatur-Salz- und alkalibest\u00e4ndiges, einadriges, abgeschirmtes Silikonkabel und -draht\" \/>\n<meta property=\"og:description\" content=\"Das 600-V-PEEK-Hochtemperatur-Salz- und alkalibest\u00e4ndige, einadrige, abgeschirmte Silikonkabel und -kabel ist seewasserbest\u00e4ndig, leicht, klein und flammhemmend.\" \/>\n<meta property=\"og:url\" content=\"https:\/\/www.tstcables.com\/de\/produkt\/600-v-peek-hochtemperatur-salz-und-alkalibestaendiges-einadriges-abgeschirmtes-silikonkabel-und-draht\/\" \/>\n<meta property=\"og:site_name\" content=\"TST CABLES supplier &amp; Manufacture\" \/>\n<meta property=\"og:image\" content=\"https:\/\/www.tstcables.com\/wp-content\/uploads\/2024\/03\/4-12.jpg\" \/>\n\t<meta property=\"og:image:width\" content=\"750\" \/>\n\t<meta property=\"og:image:height\" content=\"750\" \/>\n\t<meta property=\"og:image:type\" content=\"image\/jpeg\" \/>\n<meta name=\"twitter:card\" content=\"summary_large_image\" \/>\n<meta name=\"twitter:label1\" content=\"Gesch\u00e4tzte Lesezeit\" \/>\n\t<meta name=\"twitter:data1\" content=\"1\u00a0Minute\" \/>\n<script type=\"application\/ld+json\" class=\"yoast-schema-graph\">{\"@context\":\"https:\\\/\\\/schema.org\",\"@graph\":[{\"@type\":\"WebPage\",\"@id\":\"https:\\\/\\\/www.tstcables.com\\\/de\\\/produkt\\\/600-v-peek-hochtemperatur-salz-und-alkalibestaendiges-einadriges-abgeschirmtes-silikonkabel-und-draht\\\/\",\"url\":\"https:\\\/\\\/www.tstcables.com\\\/de\\\/produkt\\\/600-v-peek-hochtemperatur-salz-und-alkalibestaendiges-einadriges-abgeschirmtes-silikonkabel-und-draht\\\/\",\"name\":\"600-V-PEEK-Hochtemperatur-Salz- und alkalibest\u00e4ndiges, einadriges, abgeschirmtes Silikonkabel und -draht\",\"isPartOf\":{\"@id\":\"https:\\\/\\\/www.tstcables.com\\\/de\\\/#website\"},\"primaryImageOfPage\":{\"@id\":\"https:\\\/\\\/www.tstcables.com\\\/de\\\/produkt\\\/600-v-peek-hochtemperatur-salz-und-alkalibestaendiges-einadriges-abgeschirmtes-silikonkabel-und-draht\\\/#primaryimage\"},\"image\":{\"@id\":\"https:\\\/\\\/www.tstcables.com\\\/de\\\/produkt\\\/600-v-peek-hochtemperatur-salz-und-alkalibestaendiges-einadriges-abgeschirmtes-silikonkabel-und-draht\\\/#primaryimage\"},\"thumbnailUrl\":\"https:\\\/\\\/www.tstcables.com\\\/wp-content\\\/uploads\\\/2024\\\/03\\\/4-12.jpg\",\"datePublished\":\"2024-03-23T09:18:40+00:00\",\"description\":\"Das 600-V-PEEK-Hochtemperatur-Salz- und alkalibest\u00e4ndige, einadrige, abgeschirmte Silikonkabel und -kabel ist seewasserbest\u00e4ndig, leicht, klein und flammhemmend.\",\"breadcrumb\":{\"@id\":\"https:\\\/\\\/www.tstcables.com\\\/de\\\/produkt\\\/600-v-peek-hochtemperatur-salz-und-alkalibestaendiges-einadriges-abgeschirmtes-silikonkabel-und-draht\\\/#breadcrumb\"},\"inLanguage\":\"de\",\"potentialAction\":[{\"@type\":\"ReadAction\",\"target\":[\"https:\\\/\\\/www.tstcables.com\\\/de\\\/produkt\\\/600-v-peek-hochtemperatur-salz-und-alkalibestaendiges-einadriges-abgeschirmtes-silikonkabel-und-draht\\\/\"]}]},{\"@type\":\"ImageObject\",\"inLanguage\":\"de\",\"@id\":\"https:\\\/\\\/www.tstcables.com\\\/de\\\/produkt\\\/600-v-peek-hochtemperatur-salz-und-alkalibestaendiges-einadriges-abgeschirmtes-silikonkabel-und-draht\\\/#primaryimage\",\"url\":\"https:\\\/\\\/www.tstcables.com\\\/wp-content\\\/uploads\\\/2024\\\/03\\\/4-12.jpg\",\"contentUrl\":\"https:\\\/\\\/www.tstcables.com\\\/wp-content\\\/uploads\\\/2024\\\/03\\\/4-12.jpg\",\"width\":750,\"height\":750,\"caption\":\"Low smoke halogen-free type GN800\"},{\"@type\":\"BreadcrumbList\",\"@id\":\"https:\\\/\\\/www.tstcables.com\\\/de\\\/produkt\\\/600-v-peek-hochtemperatur-salz-und-alkalibestaendiges-einadriges-abgeschirmtes-silikonkabel-und-draht\\\/#breadcrumb\",\"itemListElement\":[{\"@type\":\"ListItem\",\"position\":1,\"name\":\"\u9996\u9875\",\"item\":\"https:\\\/\\\/www.tstcables.com\\\/de\\\/\"},{\"@type\":\"ListItem\",\"position\":2,\"name\":\"Product\",\"item\":\"https:\\\/\\\/www.tstcables.com\\\/product\\\/\"},{\"@type\":\"ListItem\",\"position\":3,\"name\":\"600-V-PEEK-Hochtemperatur-Salz- und alkalibest\u00e4ndiges, einadriges, abgeschirmtes Silikonkabel und -draht\"}]},{\"@type\":\"WebSite\",\"@id\":\"https:\\\/\\\/www.tstcables.com\\\/de\\\/#website\",\"url\":\"https:\\\/\\\/www.tstcables.com\\\/de\\\/\",\"name\":\"TST Cable supplier & Manufacture\",\"description\":\"TST CABLES  supplier &amp; Manufacture official website\",\"publisher\":{\"@id\":\"https:\\\/\\\/www.tstcables.com\\\/de\\\/#organization\"},\"potentialAction\":[{\"@type\":\"SearchAction\",\"target\":{\"@type\":\"EntryPoint\",\"urlTemplate\":\"https:\\\/\\\/www.tstcables.com\\\/de\\\/?s={search_term_string}\"},\"query-input\":{\"@type\":\"PropertyValueSpecification\",\"valueRequired\":true,\"valueName\":\"search_term_string\"}}],\"inLanguage\":\"de\"},{\"@type\":\"Organization\",\"@id\":\"https:\\\/\\\/www.tstcables.com\\\/de\\\/#organization\",\"name\":\"TST Cable supplier & Manufacture\",\"url\":\"https:\\\/\\\/www.tstcables.com\\\/de\\\/\",\"logo\":{\"@type\":\"ImageObject\",\"inLanguage\":\"de\",\"@id\":\"https:\\\/\\\/www.tstcables.com\\\/de\\\/#\\\/schema\\\/logo\\\/image\\\/\",\"url\":\"https:\\\/\\\/www.tstcables.com\\\/wp-content\\\/uploads\\\/2024\\\/04\\\/cropped-\u753b\u677f-1-\u62f7\u8d1d-4-1.png\",\"contentUrl\":\"https:\\\/\\\/www.tstcables.com\\\/wp-content\\\/uploads\\\/2024\\\/04\\\/cropped-\u753b\u677f-1-\u62f7\u8d1d-4-1.png\",\"width\":300,\"height\":100,\"caption\":\"TST Cable supplier & Manufacture\"},\"image\":{\"@id\":\"https:\\\/\\\/www.tstcables.com\\\/de\\\/#\\\/schema\\\/logo\\\/image\\\/\"}}]}<\/script>\n<!-- \/ Yoast SEO plugin. -->","yoast_head_json":{"title":"600-V-PEEK-Hochtemperatur-Salz- und alkalibest\u00e4ndiges, einadriges, abgeschirmtes Silikonkabel und -draht","description":"Das 600-V-PEEK-Hochtemperatur-Salz- und alkalibest\u00e4ndige, einadrige, abgeschirmte Silikonkabel und -kabel ist seewasserbest\u00e4ndig, leicht, klein und flammhemmend.","robots":{"index":"index","follow":"follow","max-snippet":"max-snippet:-1","max-image-preview":"max-image-preview:large","max-video-preview":"max-video-preview:-1"},"canonical":"https:\/\/www.tstcables.com\/de\/produkt\/600-v-peek-hochtemperatur-salz-und-alkalibestaendiges-einadriges-abgeschirmtes-silikonkabel-und-draht\/","og_locale":"de_DE","og_type":"article","og_title":"600-V-PEEK-Hochtemperatur-Salz- und alkalibest\u00e4ndiges, einadriges, abgeschirmtes Silikonkabel und -draht","og_description":"Das 600-V-PEEK-Hochtemperatur-Salz- und alkalibest\u00e4ndige, einadrige, abgeschirmte Silikonkabel und -kabel ist seewasserbest\u00e4ndig, leicht, klein und flammhemmend.","og_url":"https:\/\/www.tstcables.com\/de\/produkt\/600-v-peek-hochtemperatur-salz-und-alkalibestaendiges-einadriges-abgeschirmtes-silikonkabel-und-draht\/","og_site_name":"TST CABLES supplier &amp; Manufacture","og_image":[{"width":750,"height":750,"url":"https:\/\/www.tstcables.com\/wp-content\/uploads\/2024\/03\/4-12.jpg","type":"image\/jpeg"}],"twitter_card":"summary_large_image","twitter_misc":{"Gesch\u00e4tzte Lesezeit":"1\u00a0Minute"},"schema":{"@context":"https:\/\/schema.org","@graph":[{"@type":"WebPage","@id":"https:\/\/www.tstcables.com\/de\/produkt\/600-v-peek-hochtemperatur-salz-und-alkalibestaendiges-einadriges-abgeschirmtes-silikonkabel-und-draht\/","url":"https:\/\/www.tstcables.com\/de\/produkt\/600-v-peek-hochtemperatur-salz-und-alkalibestaendiges-einadriges-abgeschirmtes-silikonkabel-und-draht\/","name":"600-V-PEEK-Hochtemperatur-Salz- und alkalibest\u00e4ndiges, einadriges, abgeschirmtes Silikonkabel und -draht","isPartOf":{"@id":"https:\/\/www.tstcables.com\/de\/#website"},"primaryImageOfPage":{"@id":"https:\/\/www.tstcables.com\/de\/produkt\/600-v-peek-hochtemperatur-salz-und-alkalibestaendiges-einadriges-abgeschirmtes-silikonkabel-und-draht\/#primaryimage"},"image":{"@id":"https:\/\/www.tstcables.com\/de\/produkt\/600-v-peek-hochtemperatur-salz-und-alkalibestaendiges-einadriges-abgeschirmtes-silikonkabel-und-draht\/#primaryimage"},"thumbnailUrl":"https:\/\/www.tstcables.com\/wp-content\/uploads\/2024\/03\/4-12.jpg","datePublished":"2024-03-23T09:18:40+00:00","description":"Das 600-V-PEEK-Hochtemperatur-Salz- und alkalibest\u00e4ndige, einadrige, abgeschirmte Silikonkabel und -kabel ist seewasserbest\u00e4ndig, leicht, klein und flammhemmend.","breadcrumb":{"@id":"https:\/\/www.tstcables.com\/de\/produkt\/600-v-peek-hochtemperatur-salz-und-alkalibestaendiges-einadriges-abgeschirmtes-silikonkabel-und-draht\/#breadcrumb"},"inLanguage":"de","potentialAction":[{"@type":"ReadAction","target":["https:\/\/www.tstcables.com\/de\/produkt\/600-v-peek-hochtemperatur-salz-und-alkalibestaendiges-einadriges-abgeschirmtes-silikonkabel-und-draht\/"]}]},{"@type":"ImageObject","inLanguage":"de","@id":"https:\/\/www.tstcables.com\/de\/produkt\/600-v-peek-hochtemperatur-salz-und-alkalibestaendiges-einadriges-abgeschirmtes-silikonkabel-und-draht\/#primaryimage","url":"https:\/\/www.tstcables.com\/wp-content\/uploads\/2024\/03\/4-12.jpg","contentUrl":"https:\/\/www.tstcables.com\/wp-content\/uploads\/2024\/03\/4-12.jpg","width":750,"height":750,"caption":"Low smoke halogen-free type GN800"},{"@type":"BreadcrumbList","@id":"https:\/\/www.tstcables.com\/de\/produkt\/600-v-peek-hochtemperatur-salz-und-alkalibestaendiges-einadriges-abgeschirmtes-silikonkabel-und-draht\/#breadcrumb","itemListElement":[{"@type":"ListItem","position":1,"name":"\u9996\u9875","item":"https:\/\/www.tstcables.com\/de\/"},{"@type":"ListItem","position":2,"name":"Product","item":"https:\/\/www.tstcables.com\/product\/"},{"@type":"ListItem","position":3,"name":"600-V-PEEK-Hochtemperatur-Salz- und alkalibest\u00e4ndiges, einadriges, abgeschirmtes Silikonkabel und -draht"}]},{"@type":"WebSite","@id":"https:\/\/www.tstcables.com\/de\/#website","url":"https:\/\/www.tstcables.com\/de\/","name":"TST Cable supplier & Manufacture","description":"TST CABLES  supplier &amp; Manufacture official website","publisher":{"@id":"https:\/\/www.tstcables.com\/de\/#organization"},"potentialAction":[{"@type":"SearchAction","target":{"@type":"EntryPoint","urlTemplate":"https:\/\/www.tstcables.com\/de\/?s={search_term_string}"},"query-input":{"@type":"PropertyValueSpecification","valueRequired":true,"valueName":"search_term_string"}}],"inLanguage":"de"},{"@type":"Organization","@id":"https:\/\/www.tstcables.com\/de\/#organization","name":"TST Cable supplier & Manufacture","url":"https:\/\/www.tstcables.com\/de\/","logo":{"@type":"ImageObject","inLanguage":"de","@id":"https:\/\/www.tstcables.com\/de\/#\/schema\/logo\/image\/","url":"https:\/\/www.tstcables.com\/wp-content\/uploads\/2024\/04\/cropped-\u753b\u677f-1-\u62f7\u8d1d-4-1.png","contentUrl":"https:\/\/www.tstcables.com\/wp-content\/uploads\/2024\/04\/cropped-\u753b\u677f-1-\u62f7\u8d1d-4-1.png","width":300,"height":100,"caption":"TST Cable supplier & Manufacture"},"image":{"@id":"https:\/\/www.tstcables.com\/de\/#\/schema\/logo\/image\/"}}]}},"_links":{"self":[{"href":"https:\/\/www.tstcables.com\/de\/wp-json\/wp\/v2\/product\/19940","targetHints":{"allow":["GET"]}}],"collection":[{"href":"https:\/\/www.tstcables.com\/de\/wp-json\/wp\/v2\/product"}],"about":[{"href":"https:\/\/www.tstcables.com\/de\/wp-json\/wp\/v2\/types\/product"}],"version-history":[{"count":0,"href":"https:\/\/www.tstcables.com\/de\/wp-json\/wp\/v2\/product\/19940\/revisions"}],"wp:featuredmedia":[{"embeddable":true,"href":"https:\/\/www.tstcables.com\/de\/wp-json\/wp\/v2\/media\/13066"}],"wp:attachment":[{"href":"https:\/\/www.tstcables.com\/de\/wp-json\/wp\/v2\/media?parent=19940"}],"wp:term":[{"taxonomy":"product_brand","embeddable":true,"href":"https:\/\/www.tstcables.com\/de\/wp-json\/wp\/v2\/product_brand?post=19940"},{"taxonomy":"product_cat","embeddable":true,"href":"https:\/\/www.tstcables.com\/de\/wp-json\/wp\/v2\/product_cat?post=19940"},{"taxonomy":"product_tag","embeddable":true,"href":"https:\/\/www.tstcables.com\/de\/wp-json\/wp\/v2\/product_tag?post=19940"}],"curies":[{"name":"wp","href":"https:\/\/api.w.org\/{rel}","templated":true}]}}