{"id":19943,"date":"2024-03-23T17:32:34","date_gmt":"2024-03-23T09:32:34","guid":{"rendered":"https:\/\/www.tstcables.com\/product\/leichte-salz-und-alkalibestaendige-peek-kabel-fuer-schiffe-werden-in-rauen-umgebungen-eingesetzt\/"},"modified":"2024-03-23T17:32:34","modified_gmt":"2024-03-23T09:32:34","slug":"leichte-salz-und-alkalibestaendige-peek-kabel-fuer-schiffe-werden-in-rauen-umgebungen-eingesetzt","status":"publish","type":"product","link":"https:\/\/www.tstcables.com\/de\/produkt\/leichte-salz-und-alkalibestaendige-peek-kabel-fuer-schiffe-werden-in-rauen-umgebungen-eingesetzt\/","title":{"rendered":"Leichte, salz- und alkalibest\u00e4ndige PEEK-Kabel f\u00fcr Schiffe werden in rauen Umgebungen eingesetzt"},"content":{"rendered":"<p><strong>Anwendungen<\/strong><\/p>\n<p>Leichte, salz-alkalibest\u00e4ndige PEEK-Kabel f\u00fcr Schiffe zeichnen sich durch Seewasserbest\u00e4ndigkeit, geringes Gewicht, geringe Gr\u00f6\u00dfe, Flammhemmung, geringe Rauchentwicklung, halogenfreie Flammhemmung, hohe und niedrige Temperaturbest\u00e4ndigkeit, Strahlungsbest\u00e4ndigkeit und gute mechanische Eigenschaften aus. Es wird h\u00e4ufig in Ultrahochtemperaturdr\u00e4hten f\u00fcr Hochgeschwindigkeitszuglokomotiven im Schienenverkehr, in Schiffen und in der Luftfahrtindustrie eingesetzt. Wickeldr\u00e4hte f\u00fcr \u00d6lfeld-Tauchpumpenmotoren, Anschlussdr\u00e4hte f\u00fcr \u00d6lfeld-Tiefbrunnen-Tauchpumpenmotoren, Kernkraft-Wicklungsdr\u00e4hte und Sensor-Back-Ends usw.<\/p>\n<p>&nbsp;<\/p>\n<p><strong>Industriestandard<\/strong><\/p>\n<ul>\n<li>lEN45545-2<\/li>\n<\/ul>\n<p><strong>Produktmerkmale:<\/strong><\/p>\n<ol>\n<li>Langzeittemperaturbest\u00e4ndigkeit: -50-250\u2103<\/li>\n<li>Spannungsfestigkeit: 300 V \u2013 600 V<\/li>\n<li>Best\u00e4ndig gegen Gammastrahlung: 850 KGy k\u00f6nnen \u00fcber einen langen Zeitraum verwendet werden.<\/li>\n<li>Raucharm, halogenfrei, flammhemmend, hoch- und niedrigtemperaturbest\u00e4ndig<\/li>\n<\/ol>\n<p><strong>Technische Parameter<\/strong><\/p>\n<table class=\"tg\">\n<thead>\n<tr>\n<th class=\"tg-wa1i\">Anzahl<\/p>\n<p>Kern<br \/>\nDr\u00e4hte und<\/p>\n<p>nominal<br \/>\nQuerschnitt<\/th>\n<th class=\"tg-wa1i\">Minimum<br \/>\nDicke<br \/>\nder H\u00fclle<\/th>\n<th class=\"tg-wa1i\" colspan=\"2\">Kabel au\u00dfen<br \/>\nDurchmesser D<\/th>\n<th class=\"tg-wa1i\">20\u2103 Leiter<br \/>\nWiderstand<\/th>\n<th class=\"tg-wa1i\">Durchschnitt<br \/>\nGewicht<\/th>\n<\/tr>\n<\/thead>\n<tbody>\n<tr>\n<td class=\"tg-baqh\" rowspan=\"2\">mm2<\/td>\n<td class=\"tg-baqh\" rowspan=\"2\">mm<\/td>\n<td class=\"tg-baqh\">Min<\/td>\n<td class=\"tg-baqh\">Max<\/td>\n<td class=\"tg-baqh\">Max<\/td>\n<td class=\"tg-baqh\" rowspan=\"2\">Kg\/km<\/td>\n<\/tr>\n<tr>\n<td class=\"tg-baqh\">mm<\/td>\n<td class=\"tg-baqh\">mm<\/td>\n<td class=\"tg-baqh\">\u03a9\/km<\/td>\n<\/tr>\n<tr>\n<td class=\"tg-baqh\">2*0.06<\/td>\n<td class=\"tg-nrix\">0.25<\/td>\n<td class=\"tg-nrix\">2.4<\/td>\n<td class=\"tg-nrix\">2.5<\/td>\n<td class=\"tg-nrix\">330<\/td>\n<td class=\"tg-nrix\">10.52<\/td>\n<\/tr>\n<tr>\n<td class=\"tg-baqh\">2*0.08<\/td>\n<td class=\"tg-nrix\">0.25<\/td>\n<td class=\"tg-nrix\">2.55<\/td>\n<td class=\"tg-nrix\">2.65<\/td>\n<td class=\"tg-nrix\">227<\/td>\n<td class=\"tg-nrix\">11.61<\/td>\n<\/tr>\n<tr>\n<td class=\"tg-baqh\">2*0.14<\/td>\n<td class=\"tg-nrix\">0.25<\/td>\n<td class=\"tg-nrix\">2.8<\/td>\n<td class=\"tg-nrix\">2.9<\/td>\n<td class=\"tg-nrix\">126<\/td>\n<td class=\"tg-nrix\">14.34<\/td>\n<\/tr>\n<tr>\n<td class=\"tg-baqh\">2*0.2<\/td>\n<td class=\"tg-nrix\">0.25<\/td>\n<td class=\"tg-nrix\">3<\/td>\n<td class=\"tg-nrix\">3.1<\/td>\n<td class=\"tg-nrix\">83.5<\/td>\n<td class=\"tg-nrix\">16.57<\/td>\n<\/tr>\n<tr>\n<td class=\"tg-baqh\">2*0.35<\/td>\n<td class=\"tg-nrix\">0.25<\/td>\n<td class=\"tg-nrix\">3.3<\/td>\n<td class=\"tg-nrix\">3.4<\/td>\n<td class=\"tg-nrix\">49.5<\/td>\n<td class=\"tg-nrix\">20.24<\/td>\n<\/tr>\n<tr>\n<td class=\"tg-baqh\">2*0.5<\/td>\n<td class=\"tg-nrix\">0.25<\/td>\n<td class=\"tg-nrix\">3.6<\/td>\n<td class=\"tg-nrix\">4.5<\/td>\n<td class=\"tg-nrix\">40.1<\/td>\n<td class=\"tg-nrix\">24.34<\/td>\n<\/tr>\n<tr>\n<td class=\"tg-baqh\">3*0.06<\/td>\n<td class=\"tg-nrix\">0.25<\/td>\n<td class=\"tg-nrix\">2.5<\/td>\n<td class=\"tg-nrix\">2.6<\/td>\n<td class=\"tg-nrix\">330<\/td>\n<td class=\"tg-nrix\">11.91<\/td>\n<\/tr>\n<tr>\n<td class=\"tg-baqh\">3*0.08<\/td>\n<td class=\"tg-nrix\">0.25<\/td>\n<td class=\"tg-nrix\">2.55<\/td>\n<td class=\"tg-nrix\">2.75<\/td>\n<td class=\"tg-nrix\">227<\/td>\n<td class=\"tg-nrix\">13.28<\/td>\n<\/tr>\n<tr>\n<td class=\"tg-baqh\">3*0.14<\/td>\n<td class=\"tg-nrix\">0.25<\/td>\n<td class=\"tg-nrix\">2.95<\/td>\n<td class=\"tg-nrix\">3.05<\/td>\n<td class=\"tg-nrix\">126<\/td>\n<td class=\"tg-nrix\">16.81<\/td>\n<\/tr>\n<tr>\n<td class=\"tg-baqh\">3*0.2<\/td>\n<td class=\"tg-nrix\">0.25<\/td>\n<td class=\"tg-nrix\">3.15<\/td>\n<td class=\"tg-nrix\">3.25<\/td>\n<td class=\"tg-nrix\">83.5<\/td>\n<td class=\"tg-nrix\">19.69<\/td>\n<\/tr>\n<tr>\n<td class=\"tg-baqh\">3*0.35<\/td>\n<td class=\"tg-nrix\">0.25<\/td>\n<td class=\"tg-nrix\">3.5<\/td>\n<td class=\"tg-nrix\">3.6<\/td>\n<td class=\"tg-nrix\">49.5<\/td>\n<td class=\"tg-nrix\">24.56<\/td>\n<\/tr>\n<tr>\n<td class=\"tg-baqh\">3*0.5<\/td>\n<td class=\"tg-nrix\">0.25<\/td>\n<td class=\"tg-nrix\">3.8<\/td>\n<td class=\"tg-nrix\">3.9<\/td>\n<td class=\"tg-nrix\">40.1<\/td>\n<td class=\"tg-nrix\">30.06<\/td>\n<\/tr>\n<tr>\n<td class=\"tg-baqh\">4*0.06<\/td>\n<td class=\"tg-nrix\">0.25<\/td>\n<td class=\"tg-nrix\">2.7<\/td>\n<td class=\"tg-nrix\">2.8<\/td>\n<td class=\"tg-nrix\">330<\/td>\n<td class=\"tg-nrix\">13.67<\/td>\n<\/tr>\n<tr>\n<td class=\"tg-baqh\">4*0.08<\/td>\n<td class=\"tg-nrix\">0.25<\/td>\n<td class=\"tg-nrix\">2.85<\/td>\n<td class=\"tg-nrix\">2.95<\/td>\n<td class=\"tg-nrix\">227<\/td>\n<td class=\"tg-nrix\">6.39<\/td>\n<\/tr>\n<tr>\n<td class=\"tg-baqh\">4*0.14<\/td>\n<td class=\"tg-nrix\">0.25<\/td>\n<td class=\"tg-nrix\">3.15<\/td>\n<td class=\"tg-nrix\">3.25<\/td>\n<td class=\"tg-nrix\">126<\/td>\n<td class=\"tg-nrix\">15.36<\/td>\n<\/tr>\n<tr>\n<td class=\"tg-baqh\">4*0.2<\/td>\n<td class=\"tg-nrix\">0.25<\/td>\n<td class=\"tg-nrix\">3.4<\/td>\n<td class=\"tg-nrix\">3.5<\/td>\n<td class=\"tg-nrix\">83.5<\/td>\n<td class=\"tg-nrix\">23.36<\/td>\n<\/tr>\n<tr>\n<td class=\"tg-baqh\">4*0.35<\/td>\n<td class=\"tg-nrix\">0.25<\/td>\n<td class=\"tg-nrix\">3.8<\/td>\n<td class=\"tg-nrix\">3.9<\/td>\n<td class=\"tg-nrix\">49.5<\/td>\n<td class=\"tg-nrix\">29.49<\/td>\n<\/tr>\n<tr>\n<td class=\"tg-baqh\">4*0.5<\/td>\n<td class=\"tg-nrix\">0.25<\/td>\n<td class=\"tg-nrix\">4.15<\/td>\n<td class=\"tg-nrix\">4.25<\/td>\n<td class=\"tg-nrix\">40.1<\/td>\n<td class=\"tg-nrix\">36.48<\/td>\n<\/tr>\n<tr>\n<td class=\"tg-baqh\">5*0.06<\/td>\n<td class=\"tg-nrix\">0.25<\/td>\n<td class=\"tg-nrix\">2.9<\/td>\n<td class=\"tg-nrix\">3<\/td>\n<td class=\"tg-nrix\">330<\/td>\n<td class=\"tg-nrix\">15.51<\/td>\n<\/tr>\n<tr>\n<td class=\"tg-baqh\">5*0.08<\/td>\n<td class=\"tg-nrix\">0.25<\/td>\n<td class=\"tg-nrix\">3.05<\/td>\n<td class=\"tg-nrix\">3.15<\/td>\n<td class=\"tg-nrix\">227<\/td>\n<td class=\"tg-nrix\">17.53<\/td>\n<\/tr>\n<tr>\n<td class=\"tg-baqh\">5*0.14<\/td>\n<td class=\"tg-nrix\">0.25<\/td>\n<td class=\"tg-nrix\">3.45<\/td>\n<td class=\"tg-nrix\">3.55<\/td>\n<td class=\"tg-nrix\">126<\/td>\n<td class=\"tg-nrix\">22.77<\/td>\n<\/tr>\n<tr>\n<td class=\"tg-baqh\">5*0.2<\/td>\n<td class=\"tg-nrix\">0.25<\/td>\n<td class=\"tg-nrix\">3.7<\/td>\n<td class=\"tg-nrix\">3.8<\/td>\n<td class=\"tg-nrix\">83.5<\/td>\n<td class=\"tg-nrix\">27.14<\/td>\n<\/tr>\n<tr>\n<td class=\"tg-baqh\">5*0.35<\/td>\n<td class=\"tg-nrix\">0.25<\/td>\n<td class=\"tg-nrix\">4.1<\/td>\n<td class=\"tg-nrix\">4.2<\/td>\n<td class=\"tg-nrix\">49.5<\/td>\n<td class=\"tg-nrix\">34.58<\/td>\n<\/tr>\n<\/tbody>\n<\/table>\n<p>Hinweis: Produkte mit anderen Spezifikationen k\u00f6nnen je nach Bedarf auch angepasst werden<\/p>\n","protected":false},"excerpt":{"rendered":"<p>Leichte, salz-alkalibest\u00e4ndige PEEK-Kabel f\u00fcr Schiffe zeichnen sich durch Seewasserbest\u00e4ndigkeit, geringes Gewicht, geringe Gr\u00f6\u00dfe, Flammhemmung, geringe Rauchentwicklung, halogenfreie Flammhemmung, hohe und niedrige Temperaturbest\u00e4ndigkeit, Strahlungsbest\u00e4ndigkeit und gute mechanische Eigenschaften aus.<\/p>\n","protected":false},"featured_media":13034,"template":"","meta":{"_eb_attr":"","site-sidebar-layout":"default","site-content-layout":"","ast-site-content-layout":"default","site-content-style":"default","site-sidebar-style":"default","ast-global-header-display":"","ast-banner-title-visibility":"","ast-main-header-display":"","ast-hfb-above-header-display":"","ast-hfb-below-header-display":"","ast-hfb-mobile-header-display":"","site-post-title":"","ast-breadcrumbs-content":"","ast-featured-img":"","footer-sml-layout":"","theme-transparent-header-meta":"default","adv-header-id-meta":"","stick-header-meta":"","header-above-stick-meta":"","header-main-stick-meta":"","header-below-stick-meta":"","astra-migrate-meta-layouts":"default","ast-page-background-enabled":"default","ast-page-background-meta":{"desktop":{"background-color":"","background-image":"","background-repeat":"repeat","background-position":"center center","background-size":"auto","background-attachment":"scroll","background-type":"","background-media":"","overlay-type":"","overlay-color":"","overlay-opacity":"","overlay-gradient":""},"tablet":{"background-color":"","background-image":"","background-repeat":"repeat","background-position":"center center","background-size":"auto","background-attachment":"scroll","background-type":"","background-media":"","overlay-type":"","overlay-color":"","overlay-opacity":"","overlay-gradient":""},"mobile":{"background-color":"","background-image":"","background-repeat":"repeat","background-position":"center center","background-size":"auto","background-attachment":"scroll","background-type":"","background-media":"","overlay-type":"","overlay-color":"","overlay-opacity":"","overlay-gradient":""}},"ast-content-background-meta":{"desktop":{"background-color":"var(--ast-global-color-5)","background-image":"","background-repeat":"repeat","background-position":"center center","background-size":"auto","background-attachment":"scroll","background-type":"","background-media":"","overlay-type":"","overlay-color":"","overlay-opacity":"","overlay-gradient":""},"tablet":{"background-color":"var(--ast-global-color-5)","background-image":"","background-repeat":"repeat","background-position":"center center","background-size":"auto","background-attachment":"scroll","background-type":"","background-media":"","overlay-type":"","overlay-color":"","overlay-opacity":"","overlay-gradient":""},"mobile":{"background-color":"var(--ast-global-color-5)","background-image":"","background-repeat":"repeat","background-position":"center center","background-size":"auto","background-attachment":"scroll","background-type":"","background-media":"","overlay-type":"","overlay-color":"","overlay-opacity":"","overlay-gradient":""}}},"product_brand":[],"product_cat":[693,694,695,698,1514,1515,699,700,1594,1585],"product_tag":[1536,1547,1546,1545],"class_list":{"0":"post-19943","1":"product","2":"type-product","3":"status-publish","4":"has-post-thumbnail","6":"product_cat-enstandard-cable-de","7":"product_cat-en50264-de","8":"product_cat-en50306-de","9":"product_cat-ice-standard-de","10":"product_cat-kleines-kabel","11":"product_cat-leichtes-kabel","12":"product_cat-lsoh-cable-de","13":"product_cat-marine-de","14":"product_cat-peek-kabel","15":"product_cat-salzalkalibestandiges-kabel","16":"product_tag-einadriges-ummanteltes-kabel-aus-peek-polyetheretherketon","17":"product_tag-peek-kabel-th-j-akpk-200","18":"product_tag-schiffskabel-peek","19":"product_tag-th-j-akpk-200-600-v-mehradriges-abgeschirmtes-kabel","20":"desktop-align-center","21":"tablet-align-left","22":"mobile-align-left","24":"first","25":"instock","26":"shipping-taxable","27":"product-type-simple"},"yoast_head":"<!-- This site is optimized with the Yoast SEO plugin v27.4 - https:\/\/yoast.com\/product\/yoast-seo-wordpress\/ -->\n<title>Leichte, salz- und alkalibest\u00e4ndige PEEK-Kabel f\u00fcr Schiffe<\/title>\n<meta name=\"description\" content=\"Leichte, salz-alkalibest\u00e4ndige PEEK-Kabel f\u00fcr Schiffe sind seewasserbest\u00e4ndig, klein, flammhemmend, raucharm und halogenfrei flammhemmend.\" \/>\n<meta name=\"robots\" content=\"index, follow, max-snippet:-1, max-image-preview:large, max-video-preview:-1\" \/>\n<link rel=\"canonical\" href=\"https:\/\/www.tstcables.com\/de\/produkt\/leichte-salz-und-alkalibestaendige-peek-kabel-fuer-schiffe-werden-in-rauen-umgebungen-eingesetzt\/\" \/>\n<meta property=\"og:locale\" content=\"de_DE\" \/>\n<meta property=\"og:type\" content=\"article\" \/>\n<meta property=\"og:title\" content=\"Leichte, salz- und alkalibest\u00e4ndige PEEK-Kabel f\u00fcr Schiffe\" \/>\n<meta property=\"og:description\" content=\"Leichte, salz-alkalibest\u00e4ndige PEEK-Kabel f\u00fcr Schiffe sind seewasserbest\u00e4ndig, klein, flammhemmend, raucharm und halogenfrei flammhemmend.\" \/>\n<meta property=\"og:url\" content=\"https:\/\/www.tstcables.com\/de\/produkt\/leichte-salz-und-alkalibestaendige-peek-kabel-fuer-schiffe-werden-in-rauen-umgebungen-eingesetzt\/\" \/>\n<meta property=\"og:site_name\" content=\"TST CABLES supplier &amp; Manufacture\" \/>\n<meta property=\"og:image\" content=\"https:\/\/www.tstcables.com\/wp-content\/uploads\/2024\/03\/1-20.jpg\" \/>\n\t<meta property=\"og:image:width\" content=\"750\" \/>\n\t<meta property=\"og:image:height\" content=\"750\" \/>\n\t<meta property=\"og:image:type\" content=\"image\/jpeg\" \/>\n<meta name=\"twitter:card\" content=\"summary_large_image\" \/>\n<meta name=\"twitter:label1\" content=\"Gesch\u00e4tzte Lesezeit\" \/>\n\t<meta name=\"twitter:data1\" content=\"1\u00a0Minute\" \/>\n<script type=\"application\/ld+json\" class=\"yoast-schema-graph\">{\"@context\":\"https:\\\/\\\/schema.org\",\"@graph\":[{\"@type\":\"WebPage\",\"@id\":\"https:\\\/\\\/www.tstcables.com\\\/de\\\/produkt\\\/leichte-salz-und-alkalibestaendige-peek-kabel-fuer-schiffe-werden-in-rauen-umgebungen-eingesetzt\\\/\",\"url\":\"https:\\\/\\\/www.tstcables.com\\\/de\\\/produkt\\\/leichte-salz-und-alkalibestaendige-peek-kabel-fuer-schiffe-werden-in-rauen-umgebungen-eingesetzt\\\/\",\"name\":\"Leichte, salz- und alkalibest\u00e4ndige PEEK-Kabel f\u00fcr Schiffe\",\"isPartOf\":{\"@id\":\"https:\\\/\\\/www.tstcables.com\\\/de\\\/#website\"},\"primaryImageOfPage\":{\"@id\":\"https:\\\/\\\/www.tstcables.com\\\/de\\\/produkt\\\/leichte-salz-und-alkalibestaendige-peek-kabel-fuer-schiffe-werden-in-rauen-umgebungen-eingesetzt\\\/#primaryimage\"},\"image\":{\"@id\":\"https:\\\/\\\/www.tstcables.com\\\/de\\\/produkt\\\/leichte-salz-und-alkalibestaendige-peek-kabel-fuer-schiffe-werden-in-rauen-umgebungen-eingesetzt\\\/#primaryimage\"},\"thumbnailUrl\":\"https:\\\/\\\/www.tstcables.com\\\/wp-content\\\/uploads\\\/2024\\\/03\\\/1-20.jpg\",\"datePublished\":\"2024-03-23T09:32:34+00:00\",\"description\":\"Leichte, salz-alkalibest\u00e4ndige PEEK-Kabel f\u00fcr Schiffe sind seewasserbest\u00e4ndig, klein, flammhemmend, raucharm und halogenfrei flammhemmend.\",\"breadcrumb\":{\"@id\":\"https:\\\/\\\/www.tstcables.com\\\/de\\\/produkt\\\/leichte-salz-und-alkalibestaendige-peek-kabel-fuer-schiffe-werden-in-rauen-umgebungen-eingesetzt\\\/#breadcrumb\"},\"inLanguage\":\"de\",\"potentialAction\":[{\"@type\":\"ReadAction\",\"target\":[\"https:\\\/\\\/www.tstcables.com\\\/de\\\/produkt\\\/leichte-salz-und-alkalibestaendige-peek-kabel-fuer-schiffe-werden-in-rauen-umgebungen-eingesetzt\\\/\"]}]},{\"@type\":\"ImageObject\",\"inLanguage\":\"de\",\"@id\":\"https:\\\/\\\/www.tstcables.com\\\/de\\\/produkt\\\/leichte-salz-und-alkalibestaendige-peek-kabel-fuer-schiffe-werden-in-rauen-umgebungen-eingesetzt\\\/#primaryimage\",\"url\":\"https:\\\/\\\/www.tstcables.com\\\/wp-content\\\/uploads\\\/2024\\\/03\\\/1-20.jpg\",\"contentUrl\":\"https:\\\/\\\/www.tstcables.com\\\/wp-content\\\/uploads\\\/2024\\\/03\\\/1-20.jpg\",\"width\":750,\"height\":750,\"caption\":\"AFPF200 AFPF250 Teflon high temperature shielded cable\"},{\"@type\":\"BreadcrumbList\",\"@id\":\"https:\\\/\\\/www.tstcables.com\\\/de\\\/produkt\\\/leichte-salz-und-alkalibestaendige-peek-kabel-fuer-schiffe-werden-in-rauen-umgebungen-eingesetzt\\\/#breadcrumb\",\"itemListElement\":[{\"@type\":\"ListItem\",\"position\":1,\"name\":\"\u9996\u9875\",\"item\":\"https:\\\/\\\/www.tstcables.com\\\/de\\\/\"},{\"@type\":\"ListItem\",\"position\":2,\"name\":\"Product\",\"item\":\"https:\\\/\\\/www.tstcables.com\\\/product\\\/\"},{\"@type\":\"ListItem\",\"position\":3,\"name\":\"Leichte, salz- und alkalibest\u00e4ndige PEEK-Kabel f\u00fcr Schiffe werden in rauen Umgebungen eingesetzt\"}]},{\"@type\":\"WebSite\",\"@id\":\"https:\\\/\\\/www.tstcables.com\\\/de\\\/#website\",\"url\":\"https:\\\/\\\/www.tstcables.com\\\/de\\\/\",\"name\":\"TST Cable supplier & Manufacture\",\"description\":\"TST CABLES  supplier &amp; Manufacture official website\",\"publisher\":{\"@id\":\"https:\\\/\\\/www.tstcables.com\\\/de\\\/#organization\"},\"potentialAction\":[{\"@type\":\"SearchAction\",\"target\":{\"@type\":\"EntryPoint\",\"urlTemplate\":\"https:\\\/\\\/www.tstcables.com\\\/de\\\/?s={search_term_string}\"},\"query-input\":{\"@type\":\"PropertyValueSpecification\",\"valueRequired\":true,\"valueName\":\"search_term_string\"}}],\"inLanguage\":\"de\"},{\"@type\":\"Organization\",\"@id\":\"https:\\\/\\\/www.tstcables.com\\\/de\\\/#organization\",\"name\":\"TST Cable supplier & Manufacture\",\"url\":\"https:\\\/\\\/www.tstcables.com\\\/de\\\/\",\"logo\":{\"@type\":\"ImageObject\",\"inLanguage\":\"de\",\"@id\":\"https:\\\/\\\/www.tstcables.com\\\/de\\\/#\\\/schema\\\/logo\\\/image\\\/\",\"url\":\"https:\\\/\\\/www.tstcables.com\\\/wp-content\\\/uploads\\\/2024\\\/04\\\/cropped-\u753b\u677f-1-\u62f7\u8d1d-4-1.png\",\"contentUrl\":\"https:\\\/\\\/www.tstcables.com\\\/wp-content\\\/uploads\\\/2024\\\/04\\\/cropped-\u753b\u677f-1-\u62f7\u8d1d-4-1.png\",\"width\":300,\"height\":100,\"caption\":\"TST Cable supplier & Manufacture\"},\"image\":{\"@id\":\"https:\\\/\\\/www.tstcables.com\\\/de\\\/#\\\/schema\\\/logo\\\/image\\\/\"}}]}<\/script>\n<!-- \/ Yoast SEO plugin. -->","yoast_head_json":{"title":"Leichte, salz- und alkalibest\u00e4ndige PEEK-Kabel f\u00fcr Schiffe","description":"Leichte, salz-alkalibest\u00e4ndige PEEK-Kabel f\u00fcr Schiffe sind seewasserbest\u00e4ndig, klein, flammhemmend, raucharm und halogenfrei flammhemmend.","robots":{"index":"index","follow":"follow","max-snippet":"max-snippet:-1","max-image-preview":"max-image-preview:large","max-video-preview":"max-video-preview:-1"},"canonical":"https:\/\/www.tstcables.com\/de\/produkt\/leichte-salz-und-alkalibestaendige-peek-kabel-fuer-schiffe-werden-in-rauen-umgebungen-eingesetzt\/","og_locale":"de_DE","og_type":"article","og_title":"Leichte, salz- und alkalibest\u00e4ndige PEEK-Kabel f\u00fcr Schiffe","og_description":"Leichte, salz-alkalibest\u00e4ndige PEEK-Kabel f\u00fcr Schiffe sind seewasserbest\u00e4ndig, klein, flammhemmend, raucharm und halogenfrei flammhemmend.","og_url":"https:\/\/www.tstcables.com\/de\/produkt\/leichte-salz-und-alkalibestaendige-peek-kabel-fuer-schiffe-werden-in-rauen-umgebungen-eingesetzt\/","og_site_name":"TST CABLES supplier &amp; Manufacture","og_image":[{"width":750,"height":750,"url":"https:\/\/www.tstcables.com\/wp-content\/uploads\/2024\/03\/1-20.jpg","type":"image\/jpeg"}],"twitter_card":"summary_large_image","twitter_misc":{"Gesch\u00e4tzte Lesezeit":"1\u00a0Minute"},"schema":{"@context":"https:\/\/schema.org","@graph":[{"@type":"WebPage","@id":"https:\/\/www.tstcables.com\/de\/produkt\/leichte-salz-und-alkalibestaendige-peek-kabel-fuer-schiffe-werden-in-rauen-umgebungen-eingesetzt\/","url":"https:\/\/www.tstcables.com\/de\/produkt\/leichte-salz-und-alkalibestaendige-peek-kabel-fuer-schiffe-werden-in-rauen-umgebungen-eingesetzt\/","name":"Leichte, salz- und alkalibest\u00e4ndige PEEK-Kabel f\u00fcr Schiffe","isPartOf":{"@id":"https:\/\/www.tstcables.com\/de\/#website"},"primaryImageOfPage":{"@id":"https:\/\/www.tstcables.com\/de\/produkt\/leichte-salz-und-alkalibestaendige-peek-kabel-fuer-schiffe-werden-in-rauen-umgebungen-eingesetzt\/#primaryimage"},"image":{"@id":"https:\/\/www.tstcables.com\/de\/produkt\/leichte-salz-und-alkalibestaendige-peek-kabel-fuer-schiffe-werden-in-rauen-umgebungen-eingesetzt\/#primaryimage"},"thumbnailUrl":"https:\/\/www.tstcables.com\/wp-content\/uploads\/2024\/03\/1-20.jpg","datePublished":"2024-03-23T09:32:34+00:00","description":"Leichte, salz-alkalibest\u00e4ndige PEEK-Kabel f\u00fcr Schiffe sind seewasserbest\u00e4ndig, klein, flammhemmend, raucharm und halogenfrei flammhemmend.","breadcrumb":{"@id":"https:\/\/www.tstcables.com\/de\/produkt\/leichte-salz-und-alkalibestaendige-peek-kabel-fuer-schiffe-werden-in-rauen-umgebungen-eingesetzt\/#breadcrumb"},"inLanguage":"de","potentialAction":[{"@type":"ReadAction","target":["https:\/\/www.tstcables.com\/de\/produkt\/leichte-salz-und-alkalibestaendige-peek-kabel-fuer-schiffe-werden-in-rauen-umgebungen-eingesetzt\/"]}]},{"@type":"ImageObject","inLanguage":"de","@id":"https:\/\/www.tstcables.com\/de\/produkt\/leichte-salz-und-alkalibestaendige-peek-kabel-fuer-schiffe-werden-in-rauen-umgebungen-eingesetzt\/#primaryimage","url":"https:\/\/www.tstcables.com\/wp-content\/uploads\/2024\/03\/1-20.jpg","contentUrl":"https:\/\/www.tstcables.com\/wp-content\/uploads\/2024\/03\/1-20.jpg","width":750,"height":750,"caption":"AFPF200 AFPF250 Teflon high temperature shielded cable"},{"@type":"BreadcrumbList","@id":"https:\/\/www.tstcables.com\/de\/produkt\/leichte-salz-und-alkalibestaendige-peek-kabel-fuer-schiffe-werden-in-rauen-umgebungen-eingesetzt\/#breadcrumb","itemListElement":[{"@type":"ListItem","position":1,"name":"\u9996\u9875","item":"https:\/\/www.tstcables.com\/de\/"},{"@type":"ListItem","position":2,"name":"Product","item":"https:\/\/www.tstcables.com\/product\/"},{"@type":"ListItem","position":3,"name":"Leichte, salz- und alkalibest\u00e4ndige PEEK-Kabel f\u00fcr Schiffe werden in rauen Umgebungen eingesetzt"}]},{"@type":"WebSite","@id":"https:\/\/www.tstcables.com\/de\/#website","url":"https:\/\/www.tstcables.com\/de\/","name":"TST Cable supplier & Manufacture","description":"TST CABLES  supplier &amp; Manufacture official website","publisher":{"@id":"https:\/\/www.tstcables.com\/de\/#organization"},"potentialAction":[{"@type":"SearchAction","target":{"@type":"EntryPoint","urlTemplate":"https:\/\/www.tstcables.com\/de\/?s={search_term_string}"},"query-input":{"@type":"PropertyValueSpecification","valueRequired":true,"valueName":"search_term_string"}}],"inLanguage":"de"},{"@type":"Organization","@id":"https:\/\/www.tstcables.com\/de\/#organization","name":"TST Cable supplier & Manufacture","url":"https:\/\/www.tstcables.com\/de\/","logo":{"@type":"ImageObject","inLanguage":"de","@id":"https:\/\/www.tstcables.com\/de\/#\/schema\/logo\/image\/","url":"https:\/\/www.tstcables.com\/wp-content\/uploads\/2024\/04\/cropped-\u753b\u677f-1-\u62f7\u8d1d-4-1.png","contentUrl":"https:\/\/www.tstcables.com\/wp-content\/uploads\/2024\/04\/cropped-\u753b\u677f-1-\u62f7\u8d1d-4-1.png","width":300,"height":100,"caption":"TST Cable supplier & Manufacture"},"image":{"@id":"https:\/\/www.tstcables.com\/de\/#\/schema\/logo\/image\/"}}]}},"_links":{"self":[{"href":"https:\/\/www.tstcables.com\/de\/wp-json\/wp\/v2\/product\/19943","targetHints":{"allow":["GET"]}}],"collection":[{"href":"https:\/\/www.tstcables.com\/de\/wp-json\/wp\/v2\/product"}],"about":[{"href":"https:\/\/www.tstcables.com\/de\/wp-json\/wp\/v2\/types\/product"}],"version-history":[{"count":0,"href":"https:\/\/www.tstcables.com\/de\/wp-json\/wp\/v2\/product\/19943\/revisions"}],"wp:featuredmedia":[{"embeddable":true,"href":"https:\/\/www.tstcables.com\/de\/wp-json\/wp\/v2\/media\/13034"}],"wp:attachment":[{"href":"https:\/\/www.tstcables.com\/de\/wp-json\/wp\/v2\/media?parent=19943"}],"wp:term":[{"taxonomy":"product_brand","embeddable":true,"href":"https:\/\/www.tstcables.com\/de\/wp-json\/wp\/v2\/product_brand?post=19943"},{"taxonomy":"product_cat","embeddable":true,"href":"https:\/\/www.tstcables.com\/de\/wp-json\/wp\/v2\/product_cat?post=19943"},{"taxonomy":"product_tag","embeddable":true,"href":"https:\/\/www.tstcables.com\/de\/wp-json\/wp\/v2\/product_tag?post=19943"}],"curies":[{"name":"wp","href":"https:\/\/api.w.org\/{rel}","templated":true}]}}