{"id":19944,"date":"2024-03-23T16:21:07","date_gmt":"2024-03-23T08:21:07","guid":{"rendered":"https:\/\/www.tstcables.com\/product\/200%e2%84%83-leichtes-hochtemperaturbestaendiges-stoerungsfreies-eisenbahnsignal-steuerkabel-und-draht\/"},"modified":"2024-03-23T16:21:07","modified_gmt":"2024-03-23T08:21:07","slug":"200%e2%84%83-leichtes-hochtemperaturbestaendiges-stoerungsfreies-eisenbahnsignal-steuerkabel-und-draht","status":"publish","type":"product","link":"https:\/\/www.tstcables.com\/de\/produkt\/200%e2%84%83-leichtes-hochtemperaturbestaendiges-stoerungsfreies-eisenbahnsignal-steuerkabel-und-draht\/","title":{"rendered":"200\u2103 Leichtes, hochtemperaturbest\u00e4ndiges, st\u00f6rungsfreies Eisenbahnsignal-Steuerkabel und -Draht"},"content":{"rendered":"<p>Anwendung:<\/p>\n<p>Leichte, hochtemperaturbest\u00e4ndige, st\u00f6rungsfreie Eisenbahnsignal-Steuerkabel und -Dr\u00e4hte eignen sich besonders f\u00fcr die Verkabelung von Schalttafeln, elektrischen Steuerk\u00e4sten, Wagenverkabelungen, die Stromversorgung verschiedener Systeme in Klemmenk\u00e4sten und Erdungsverbindungen f\u00fcr mobile Ger\u00e4te in Schienenfahrzeugen. Es erf\u00fcllt die Anforderungen der europ\u00e4ischen Eisenbahn-Brandschutznormen und gew\u00e4hrleistet die Einhaltung von Sicherheitsvorschriften und -normen in Eisenbahnanwendungen.<\/p>\n<p>Charakteristisch:<\/p>\n<ul>\n<li>Temperaturbest\u00e4ndigkeit: -50\u00b0C bis 200\u00b0C<\/li>\n<li>Nennspannung: 600 V<\/li>\n<li>Isolationsfestigkeit: 10 MPa&gt;<\/li>\n<li>Bruchdehnung: 125 %&gt;<\/li>\n<li>Feuerwiderstandsklasse: Erf\u00fcllt HL3 von EN45545-2 R15\/R16<\/li>\n<\/ul>\n<p>Industriestandard:<\/p>\n<ul>\n<li>Erf\u00fcllen Sie die Kabelanforderungen f\u00fcr Lokomotiven und Personenkraftwagen gem\u00e4\u00df TB\/T1484.1-2017 und TJ\/CL254-2013 gem\u00e4\u00df EN45545, HL1, HL2 und HL3 innerhalb und au\u00dferhalb des Fahrzeugs.<\/li>\n<li>Erf\u00fcllen Sie die Anforderungen von BS6853:1999 f\u00fcr Lokomotiven der Klassen la, lb und Klasse hinsichtlich interner und externer Kabel. Bestanden<\/li>\n<li>BS 6853:1999 und DIN 5510-2:2009 Feuer-, Rauch- und Toxizit\u00e4tstests. Erf\u00fcllen Sie die Anforderungen der Brennbarkeitsklasse S1~S5 in DIN5510-2:2009.<\/li>\n<li>Hat die CRCC-Zertifizierung von China Railway Products bestanden.<\/li>\n<\/ul>\n<p>Struktur:<\/p>\n<ul>\n<li>Leiter: Flexibler, verzinnter, gegl\u00fchter Kupferdraht mit Struktur der Klasse 5.<\/li>\n<li>Isolierung: Standardm\u00e4\u00dfige, raucharme, halogenfreie Elastomermischung.<\/li>\n<li>Mantel: Standardm\u00e4\u00dfige, raucharme, halogenfreie Elastomermischung.<\/li>\n<li>Kabelbiegeradius: 6-facher Kabelau\u00dfendurchmesser (6D).<\/li>\n<\/ul>\n<p>Auswahlparameter<\/p>\n<table class=\"tg\">\n<thead>\n<tr>\n<th class=\"tg-0pky\" rowspan=\"2\">Nennquerschnitt<\/th>\n<th class=\"tg-0pky\" rowspan=\"2\">Anzahl der Dr\u00e4hte * Leiterdurchmesser<\/th>\n<th class=\"tg-0pky\" colspan=\"2\">Durchmesser der Leiterverseilung<\/th>\n<th class=\"tg-0pky\">Durchschnittliche Dicke der Isolierung<\/th>\n<th class=\"tg-0pky\" colspan=\"2\">Au\u00dfendurchmesser (D)<\/th>\n<th class=\"tg-0pky\" rowspan=\"2\">20\u2103 Leiterwiderstand max<\/th>\n<th class=\"tg-0pky\" rowspan=\"2\">Referenzgewicht<\/th>\n<th class=\"tg-0lax\" rowspan=\"2\">Brandlast<\/th>\n<\/tr>\n<tr>\n<th class=\"tg-0pky\"><span style=\"color: #000;\">min<\/span><\/th>\n<th class=\"tg-0pky\"><span style=\"color: #000;\">max<\/span><\/th>\n<th class=\"tg-0pky\"><span style=\"color: #000;\">min<\/span><\/th>\n<th class=\"tg-0pky\"><span style=\"color: #000;\">min<\/span><\/th>\n<th class=\"tg-0pky\"><span style=\"color: #000;\">max<\/span><\/th>\n<\/tr>\n<\/thead>\n<tbody>\n<tr>\n<td class=\"tg-0pky\"><span style=\"color: #000;\">mm<\/span><\/td>\n<td class=\"tg-0pky\"><span style=\"color: #000;\">n xmm<\/span><\/td>\n<td class=\"tg-0pky\"><span style=\"color: #000;\">mm<\/span><\/td>\n<td class=\"tg-0pky\"><span style=\"color: #000;\">mm<\/span><\/td>\n<td class=\"tg-0pky\"><span style=\"color: #000;\">mm<\/span><\/td>\n<td class=\"tg-0pky\"><span style=\"color: #000;\">mm<\/span><\/td>\n<td class=\"tg-0pky\"><span style=\"color: #000;\">mm<\/span><\/td>\n<td class=\"tg-0pky\"><span style=\"color: #000;\">\u03a9\/km<\/span><\/td>\n<td class=\"tg-0pky\"><span style=\"color: #000;\">Kg\/k m<\/span><\/td>\n<td class=\"tg-0lax\"><span style=\"color: #000;\">KJ\/m<\/span><\/td>\n<\/tr>\n<tr>\n<td class=\"tg-0pky\"><span style=\"color: #000;\">0.5<\/span><\/td>\n<td class=\"tg-0pky\"><span style=\"color: #000;\">19&#215;0.18<\/span><\/td>\n<td class=\"tg-0pky\"><span style=\"color: #000;\">0.8<\/span><\/td>\n<td class=\"tg-0pky\"><span style=\"color: #000;\">0.95<\/span><\/td>\n<td class=\"tg-0pky\"><span style=\"color: #000;\">0.18<\/span><\/td>\n<td class=\"tg-0pky\"><span style=\"color: #000;\">1.15<\/span><\/td>\n<td class=\"tg-0pky\"><span style=\"color: #000;\">1.45<\/span><\/td>\n<td class=\"tg-0pky\"><span style=\"color: #000;\">40.1<\/span><\/td>\n<td class=\"tg-0pky\"><span style=\"color: #000;\">5.9<\/span><\/td>\n<td class=\"tg-0lax\"><span style=\"color: #000;\">22<\/span><\/td>\n<\/tr>\n<tr>\n<td class=\"tg-0pky\"><span style=\"color: #000;\">0.75<\/span><\/td>\n<td class=\"tg-0pky\"><span style=\"color: #000;\">37&#215;0.16a<\/span><\/td>\n<td class=\"tg-0pky\"><span style=\"color: #000;\">1<\/span><\/td>\n<td class=\"tg-0pky\"><span style=\"color: #000;\">1.15<\/span><\/td>\n<td class=\"tg-0pky\"><span style=\"color: #000;\">0.18<\/span><\/td>\n<td class=\"tg-0pky\"><span style=\"color: #000;\">1.35<\/span><\/td>\n<td class=\"tg-0pky\"><span style=\"color: #000;\">1.65<\/span><\/td>\n<td class=\"tg-0pky\"><span style=\"color: #000;\">26.7<\/span><\/td>\n<td class=\"tg-0pky\"><span style=\"color: #000;\">8.1<\/span><\/td>\n<td class=\"tg-0lax\"><span style=\"color: #000;\">27<\/span><\/td>\n<\/tr>\n<tr>\n<td class=\"tg-0pky\"><span style=\"color: #000;\">1<\/span><\/td>\n<td class=\"tg-0pky\"><span style=\"color: #000;\">37&#215;0.18a<\/span><\/td>\n<td class=\"tg-0pky\"><span style=\"color: #000;\">1.1<\/span><\/td>\n<td class=\"tg-0pky\"><span style=\"color: #000;\">1.3<\/span><\/td>\n<td class=\"tg-0pky\"><span style=\"color: #000;\">0.18<\/span><\/td>\n<td class=\"tg-0pky\"><span style=\"color: #000;\">1.45<\/span><\/td>\n<td class=\"tg-0pky\"><span style=\"color: #000;\">1.8<\/span><\/td>\n<td class=\"tg-0pky\"><span style=\"color: #000;\">20<\/span><\/td>\n<td class=\"tg-0pky\"><span style=\"color: #000;\">10.1<\/span><\/td>\n<td class=\"tg-0lax\"><span style=\"color: #000;\">33<\/span><\/td>\n<\/tr>\n<tr>\n<td class=\"tg-0pky\"><span style=\"color: #000;\">1.5<\/span><\/td>\n<td class=\"tg-0pky\"><span style=\"color: #000;\">37&#215;0.23a<\/span><\/td>\n<td class=\"tg-0pky\"><span style=\"color: #000;\">1.45<\/span><\/td>\n<td class=\"tg-0pky\"><span style=\"color: #000;\">1.65<\/span><\/td>\n<td class=\"tg-0pky\"><span style=\"color: #000;\">0.22<\/span><\/td>\n<td class=\"tg-0pky\"><span style=\"color: #000;\">1.95<\/span><\/td>\n<td class=\"tg-0pky\"><span style=\"color: #000;\">2.3<\/span><\/td>\n<td class=\"tg-0pky\"><span style=\"color: #000;\">13.7<\/span><\/td>\n<td class=\"tg-0pky\"><span style=\"color: #000;\">16.5<\/span><\/td>\n<td class=\"tg-0lax\"><span style=\"color: #000;\">58<\/span><\/td>\n<\/tr>\n<tr>\n<td class=\"tg-0pky\"><span style=\"color: #000;\">2.5<\/span><\/td>\n<td class=\"tg-0pky\"><span style=\"color: #000;\">37&#215;0.30<\/span><\/td>\n<td class=\"tg-0pky\"><span style=\"color: #000;\">1.85<\/span><\/td>\n<td class=\"tg-0pky\"><span style=\"color: #000;\">2.15<\/span><\/td>\n<td class=\"tg-0pky\"><span style=\"color: #000;\">0.28<\/span><\/td>\n<td class=\"tg-0pky\"><span style=\"color: #000;\">2.5<\/span><\/td>\n<td class=\"tg-0pky\"><span style=\"color: #000;\">2.85<\/span><\/td>\n<td class=\"tg-0pky\"><span style=\"color: #000;\">8.21<\/span><\/td>\n<td class=\"tg-0pky\"><span style=\"color: #000;\">27.5<\/span><\/td>\n<td class=\"tg-0lax\"><span style=\"color: #000;\">72<\/span><\/td>\n<\/tr>\n<\/tbody>\n<\/table>\n","protected":false},"excerpt":{"rendered":"<p>Leichtes, hochtemperaturbest\u00e4ndiges, st\u00f6rungsfreies Eisenbahnsignal-Steuerkabel und -Draht, das speziell f\u00fcr Schienenfahrzeuge entwickelt wurde. Dieses Kabel ist halogenfrei, d. h. es enth\u00e4lt keine Halogenverbindungen. Im Brandfall werden keine \u00e4tzenden Gase freigesetzt, was die Sicherheit f\u00fcr Passagiere und Ausr\u00fcstung erh\u00f6ht. Es ist flammhemmend, d. h. es verhindert die Ausbreitung von Feuer und st\u00f6\u00dft nur geringe Mengen Rauch aus, wodurch Sichtbehinderungen und potenzielle Gefahren f\u00fcr die Atemwege verringert werden. Das Kabel hat au\u00dferdem einen niedrigen Toxizit\u00e4tsindex, wodurch die sch\u00e4dlichen Auswirkungen m\u00f6glicher Emissionen minimiert werden.<\/p>\n","protected":false},"featured_media":13090,"template":"","meta":{"_eb_attr":"","site-sidebar-layout":"default","site-content-layout":"","ast-site-content-layout":"default","site-content-style":"default","site-sidebar-style":"default","ast-global-header-display":"","ast-banner-title-visibility":"","ast-main-header-display":"","ast-hfb-above-header-display":"","ast-hfb-below-header-display":"","ast-hfb-mobile-header-display":"","site-post-title":"","ast-breadcrumbs-content":"","ast-featured-img":"","footer-sml-layout":"","theme-transparent-header-meta":"default","adv-header-id-meta":"","stick-header-meta":"","header-above-stick-meta":"","header-main-stick-meta":"","header-below-stick-meta":"","astra-migrate-meta-layouts":"default","ast-page-background-enabled":"default","ast-page-background-meta":{"desktop":{"background-color":"","background-image":"","background-repeat":"repeat","background-position":"center center","background-size":"auto","background-attachment":"scroll","background-type":"","background-media":"","overlay-type":"","overlay-color":"","overlay-opacity":"","overlay-gradient":""},"tablet":{"background-color":"","background-image":"","background-repeat":"repeat","background-position":"center center","background-size":"auto","background-attachment":"scroll","background-type":"","background-media":"","overlay-type":"","overlay-color":"","overlay-opacity":"","overlay-gradient":""},"mobile":{"background-color":"","background-image":"","background-repeat":"repeat","background-position":"center center","background-size":"auto","background-attachment":"scroll","background-type":"","background-media":"","overlay-type":"","overlay-color":"","overlay-opacity":"","overlay-gradient":""}},"ast-content-background-meta":{"desktop":{"background-color":"var(--ast-global-color-5)","background-image":"","background-repeat":"repeat","background-position":"center center","background-size":"auto","background-attachment":"scroll","background-type":"","background-media":"","overlay-type":"","overlay-color":"","overlay-opacity":"","overlay-gradient":""},"tablet":{"background-color":"var(--ast-global-color-5)","background-image":"","background-repeat":"repeat","background-position":"center center","background-size":"auto","background-attachment":"scroll","background-type":"","background-media":"","overlay-type":"","overlay-color":"","overlay-opacity":"","overlay-gradient":""},"mobile":{"background-color":"var(--ast-global-color-5)","background-image":"","background-repeat":"repeat","background-position":"center center","background-size":"auto","background-attachment":"scroll","background-type":"","background-media":"","overlay-type":"","overlay-color":"","overlay-opacity":"","overlay-gradient":""}}},"product_brand":[],"product_cat":[708,693,694,695,696,697,698,699,691,692],"product_tag":[1557,1518,1544],"class_list":{"0":"post-19944","1":"product","2":"type-product","3":"status-publish","4":"has-post-thumbnail","6":"product_cat-rail-way-de","7":"product_cat-enstandard-cable-de","8":"product_cat-en50264-de","9":"product_cat-en50306-de","10":"product_cat-en50382-de","11":"product_cat-high-temperature-cable-de","12":"product_cat-ice-standard-de","13":"product_cat-lsoh-cable-de","14":"product_cat-aviation-de","15":"product_cat-customized-cable-de","16":"product_tag-einadriger-draht-und-kabel","17":"product_tag-hochtemperaturkabel","18":"product_tag-steuersignaldraht-und-kabel","19":"desktop-align-center","20":"tablet-align-left","21":"mobile-align-left","23":"first","24":"instock","25":"shipping-taxable","26":"product-type-simple"},"yoast_head":"<!-- This site is optimized with the Yoast SEO plugin v27.4 - https:\/\/yoast.com\/product\/yoast-seo-wordpress\/ -->\n<title>Leichtes, hochtemperaturbest\u00e4ndiges, st\u00f6rungsfreies Eisenbahnsignal-Steuerkabel und -Draht<\/title>\n<meta name=\"description\" content=\"Das leichte, hochtemperaturbest\u00e4ndige und st\u00f6rungsfreie Eisenbahnsignal-Steuerkabel und -Draht ist halogenfrei, d. h. es enth\u00e4lt keine Halogenverbindungen.\" \/>\n<meta name=\"robots\" content=\"index, follow, max-snippet:-1, max-image-preview:large, max-video-preview:-1\" \/>\n<link rel=\"canonical\" href=\"https:\/\/www.tstcables.com\/de\/produkt\/200%e2%84%83-leichtes-hochtemperaturbestaendiges-stoerungsfreies-eisenbahnsignal-steuerkabel-und-draht\/\" \/>\n<meta property=\"og:locale\" content=\"de_DE\" \/>\n<meta property=\"og:type\" content=\"article\" \/>\n<meta property=\"og:title\" content=\"Leichtes, hochtemperaturbest\u00e4ndiges, st\u00f6rungsfreies Eisenbahnsignal-Steuerkabel und -Draht\" \/>\n<meta property=\"og:description\" content=\"Das leichte, hochtemperaturbest\u00e4ndige und st\u00f6rungsfreie Eisenbahnsignal-Steuerkabel und -Draht ist halogenfrei, d. h. es enth\u00e4lt keine Halogenverbindungen.\" \/>\n<meta property=\"og:url\" content=\"https:\/\/www.tstcables.com\/de\/produkt\/200%e2%84%83-leichtes-hochtemperaturbestaendiges-stoerungsfreies-eisenbahnsignal-steuerkabel-und-draht\/\" \/>\n<meta property=\"og:site_name\" content=\"TST CABLES supplier &amp; Manufacture\" \/>\n<meta property=\"og:image\" content=\"https:\/\/www.tstcables.com\/wp-content\/uploads\/2024\/03\/1-22.jpg\" \/>\n\t<meta property=\"og:image:width\" content=\"750\" \/>\n\t<meta property=\"og:image:height\" content=\"750\" \/>\n\t<meta property=\"og:image:type\" content=\"image\/jpeg\" \/>\n<meta name=\"twitter:card\" content=\"summary_large_image\" \/>\n<meta name=\"twitter:label1\" content=\"Gesch\u00e4tzte Lesezeit\" \/>\n\t<meta name=\"twitter:data1\" content=\"1\u00a0Minute\" \/>\n<script type=\"application\/ld+json\" class=\"yoast-schema-graph\">{\"@context\":\"https:\\\/\\\/schema.org\",\"@graph\":[{\"@type\":\"WebPage\",\"@id\":\"https:\\\/\\\/www.tstcables.com\\\/de\\\/produkt\\\/200%e2%84%83-leichtes-hochtemperaturbestaendiges-stoerungsfreies-eisenbahnsignal-steuerkabel-und-draht\\\/\",\"url\":\"https:\\\/\\\/www.tstcables.com\\\/de\\\/produkt\\\/200%e2%84%83-leichtes-hochtemperaturbestaendiges-stoerungsfreies-eisenbahnsignal-steuerkabel-und-draht\\\/\",\"name\":\"Leichtes, hochtemperaturbest\u00e4ndiges, st\u00f6rungsfreies Eisenbahnsignal-Steuerkabel und -Draht\",\"isPartOf\":{\"@id\":\"https:\\\/\\\/www.tstcables.com\\\/de\\\/#website\"},\"primaryImageOfPage\":{\"@id\":\"https:\\\/\\\/www.tstcables.com\\\/de\\\/produkt\\\/200%e2%84%83-leichtes-hochtemperaturbestaendiges-stoerungsfreies-eisenbahnsignal-steuerkabel-und-draht\\\/#primaryimage\"},\"image\":{\"@id\":\"https:\\\/\\\/www.tstcables.com\\\/de\\\/produkt\\\/200%e2%84%83-leichtes-hochtemperaturbestaendiges-stoerungsfreies-eisenbahnsignal-steuerkabel-und-draht\\\/#primaryimage\"},\"thumbnailUrl\":\"https:\\\/\\\/www.tstcables.com\\\/wp-content\\\/uploads\\\/2024\\\/03\\\/1-22.jpg\",\"datePublished\":\"2024-03-23T08:21:07+00:00\",\"description\":\"Das leichte, hochtemperaturbest\u00e4ndige und st\u00f6rungsfreie Eisenbahnsignal-Steuerkabel und -Draht ist halogenfrei, d. h. es enth\u00e4lt keine Halogenverbindungen.\",\"breadcrumb\":{\"@id\":\"https:\\\/\\\/www.tstcables.com\\\/de\\\/produkt\\\/200%e2%84%83-leichtes-hochtemperaturbestaendiges-stoerungsfreies-eisenbahnsignal-steuerkabel-und-draht\\\/#breadcrumb\"},\"inLanguage\":\"de\",\"potentialAction\":[{\"@type\":\"ReadAction\",\"target\":[\"https:\\\/\\\/www.tstcables.com\\\/de\\\/produkt\\\/200%e2%84%83-leichtes-hochtemperaturbestaendiges-stoerungsfreies-eisenbahnsignal-steuerkabel-und-draht\\\/\"]}]},{\"@type\":\"ImageObject\",\"inLanguage\":\"de\",\"@id\":\"https:\\\/\\\/www.tstcables.com\\\/de\\\/produkt\\\/200%e2%84%83-leichtes-hochtemperaturbestaendiges-stoerungsfreies-eisenbahnsignal-steuerkabel-und-draht\\\/#primaryimage\",\"url\":\"https:\\\/\\\/www.tstcables.com\\\/wp-content\\\/uploads\\\/2024\\\/03\\\/1-22.jpg\",\"contentUrl\":\"https:\\\/\\\/www.tstcables.com\\\/wp-content\\\/uploads\\\/2024\\\/03\\\/1-22.jpg\",\"width\":750,\"height\":750,\"caption\":\"200\u2103 thinned single core high temperature control signal wire cable\"},{\"@type\":\"BreadcrumbList\",\"@id\":\"https:\\\/\\\/www.tstcables.com\\\/de\\\/produkt\\\/200%e2%84%83-leichtes-hochtemperaturbestaendiges-stoerungsfreies-eisenbahnsignal-steuerkabel-und-draht\\\/#breadcrumb\",\"itemListElement\":[{\"@type\":\"ListItem\",\"position\":1,\"name\":\"\u9996\u9875\",\"item\":\"https:\\\/\\\/www.tstcables.com\\\/de\\\/\"},{\"@type\":\"ListItem\",\"position\":2,\"name\":\"Product\",\"item\":\"https:\\\/\\\/www.tstcables.com\\\/product\\\/\"},{\"@type\":\"ListItem\",\"position\":3,\"name\":\"200\u2103 Leichtes, hochtemperaturbest\u00e4ndiges, st\u00f6rungsfreies Eisenbahnsignal-Steuerkabel und -Draht\"}]},{\"@type\":\"WebSite\",\"@id\":\"https:\\\/\\\/www.tstcables.com\\\/de\\\/#website\",\"url\":\"https:\\\/\\\/www.tstcables.com\\\/de\\\/\",\"name\":\"TST Cable supplier & Manufacture\",\"description\":\"TST CABLES  supplier &amp; Manufacture official website\",\"publisher\":{\"@id\":\"https:\\\/\\\/www.tstcables.com\\\/de\\\/#organization\"},\"potentialAction\":[{\"@type\":\"SearchAction\",\"target\":{\"@type\":\"EntryPoint\",\"urlTemplate\":\"https:\\\/\\\/www.tstcables.com\\\/de\\\/?s={search_term_string}\"},\"query-input\":{\"@type\":\"PropertyValueSpecification\",\"valueRequired\":true,\"valueName\":\"search_term_string\"}}],\"inLanguage\":\"de\"},{\"@type\":\"Organization\",\"@id\":\"https:\\\/\\\/www.tstcables.com\\\/de\\\/#organization\",\"name\":\"TST Cable supplier & Manufacture\",\"url\":\"https:\\\/\\\/www.tstcables.com\\\/de\\\/\",\"logo\":{\"@type\":\"ImageObject\",\"inLanguage\":\"de\",\"@id\":\"https:\\\/\\\/www.tstcables.com\\\/de\\\/#\\\/schema\\\/logo\\\/image\\\/\",\"url\":\"https:\\\/\\\/www.tstcables.com\\\/wp-content\\\/uploads\\\/2024\\\/04\\\/cropped-\u753b\u677f-1-\u62f7\u8d1d-4-1.png\",\"contentUrl\":\"https:\\\/\\\/www.tstcables.com\\\/wp-content\\\/uploads\\\/2024\\\/04\\\/cropped-\u753b\u677f-1-\u62f7\u8d1d-4-1.png\",\"width\":300,\"height\":100,\"caption\":\"TST Cable supplier & Manufacture\"},\"image\":{\"@id\":\"https:\\\/\\\/www.tstcables.com\\\/de\\\/#\\\/schema\\\/logo\\\/image\\\/\"}}]}<\/script>\n<!-- \/ Yoast SEO plugin. -->","yoast_head_json":{"title":"Leichtes, hochtemperaturbest\u00e4ndiges, st\u00f6rungsfreies Eisenbahnsignal-Steuerkabel und -Draht","description":"Das leichte, hochtemperaturbest\u00e4ndige und st\u00f6rungsfreie Eisenbahnsignal-Steuerkabel und -Draht ist halogenfrei, d. h. es enth\u00e4lt keine Halogenverbindungen.","robots":{"index":"index","follow":"follow","max-snippet":"max-snippet:-1","max-image-preview":"max-image-preview:large","max-video-preview":"max-video-preview:-1"},"canonical":"https:\/\/www.tstcables.com\/de\/produkt\/200%e2%84%83-leichtes-hochtemperaturbestaendiges-stoerungsfreies-eisenbahnsignal-steuerkabel-und-draht\/","og_locale":"de_DE","og_type":"article","og_title":"Leichtes, hochtemperaturbest\u00e4ndiges, st\u00f6rungsfreies Eisenbahnsignal-Steuerkabel und -Draht","og_description":"Das leichte, hochtemperaturbest\u00e4ndige und st\u00f6rungsfreie Eisenbahnsignal-Steuerkabel und -Draht ist halogenfrei, d. h. es enth\u00e4lt keine Halogenverbindungen.","og_url":"https:\/\/www.tstcables.com\/de\/produkt\/200%e2%84%83-leichtes-hochtemperaturbestaendiges-stoerungsfreies-eisenbahnsignal-steuerkabel-und-draht\/","og_site_name":"TST CABLES supplier &amp; Manufacture","og_image":[{"width":750,"height":750,"url":"https:\/\/www.tstcables.com\/wp-content\/uploads\/2024\/03\/1-22.jpg","type":"image\/jpeg"}],"twitter_card":"summary_large_image","twitter_misc":{"Gesch\u00e4tzte Lesezeit":"1\u00a0Minute"},"schema":{"@context":"https:\/\/schema.org","@graph":[{"@type":"WebPage","@id":"https:\/\/www.tstcables.com\/de\/produkt\/200%e2%84%83-leichtes-hochtemperaturbestaendiges-stoerungsfreies-eisenbahnsignal-steuerkabel-und-draht\/","url":"https:\/\/www.tstcables.com\/de\/produkt\/200%e2%84%83-leichtes-hochtemperaturbestaendiges-stoerungsfreies-eisenbahnsignal-steuerkabel-und-draht\/","name":"Leichtes, hochtemperaturbest\u00e4ndiges, st\u00f6rungsfreies Eisenbahnsignal-Steuerkabel und -Draht","isPartOf":{"@id":"https:\/\/www.tstcables.com\/de\/#website"},"primaryImageOfPage":{"@id":"https:\/\/www.tstcables.com\/de\/produkt\/200%e2%84%83-leichtes-hochtemperaturbestaendiges-stoerungsfreies-eisenbahnsignal-steuerkabel-und-draht\/#primaryimage"},"image":{"@id":"https:\/\/www.tstcables.com\/de\/produkt\/200%e2%84%83-leichtes-hochtemperaturbestaendiges-stoerungsfreies-eisenbahnsignal-steuerkabel-und-draht\/#primaryimage"},"thumbnailUrl":"https:\/\/www.tstcables.com\/wp-content\/uploads\/2024\/03\/1-22.jpg","datePublished":"2024-03-23T08:21:07+00:00","description":"Das leichte, hochtemperaturbest\u00e4ndige und st\u00f6rungsfreie Eisenbahnsignal-Steuerkabel und -Draht ist halogenfrei, d. h. es enth\u00e4lt keine Halogenverbindungen.","breadcrumb":{"@id":"https:\/\/www.tstcables.com\/de\/produkt\/200%e2%84%83-leichtes-hochtemperaturbestaendiges-stoerungsfreies-eisenbahnsignal-steuerkabel-und-draht\/#breadcrumb"},"inLanguage":"de","potentialAction":[{"@type":"ReadAction","target":["https:\/\/www.tstcables.com\/de\/produkt\/200%e2%84%83-leichtes-hochtemperaturbestaendiges-stoerungsfreies-eisenbahnsignal-steuerkabel-und-draht\/"]}]},{"@type":"ImageObject","inLanguage":"de","@id":"https:\/\/www.tstcables.com\/de\/produkt\/200%e2%84%83-leichtes-hochtemperaturbestaendiges-stoerungsfreies-eisenbahnsignal-steuerkabel-und-draht\/#primaryimage","url":"https:\/\/www.tstcables.com\/wp-content\/uploads\/2024\/03\/1-22.jpg","contentUrl":"https:\/\/www.tstcables.com\/wp-content\/uploads\/2024\/03\/1-22.jpg","width":750,"height":750,"caption":"200\u2103 thinned single core high temperature control signal wire cable"},{"@type":"BreadcrumbList","@id":"https:\/\/www.tstcables.com\/de\/produkt\/200%e2%84%83-leichtes-hochtemperaturbestaendiges-stoerungsfreies-eisenbahnsignal-steuerkabel-und-draht\/#breadcrumb","itemListElement":[{"@type":"ListItem","position":1,"name":"\u9996\u9875","item":"https:\/\/www.tstcables.com\/de\/"},{"@type":"ListItem","position":2,"name":"Product","item":"https:\/\/www.tstcables.com\/product\/"},{"@type":"ListItem","position":3,"name":"200\u2103 Leichtes, hochtemperaturbest\u00e4ndiges, st\u00f6rungsfreies Eisenbahnsignal-Steuerkabel und -Draht"}]},{"@type":"WebSite","@id":"https:\/\/www.tstcables.com\/de\/#website","url":"https:\/\/www.tstcables.com\/de\/","name":"TST Cable supplier & Manufacture","description":"TST CABLES  supplier &amp; Manufacture official website","publisher":{"@id":"https:\/\/www.tstcables.com\/de\/#organization"},"potentialAction":[{"@type":"SearchAction","target":{"@type":"EntryPoint","urlTemplate":"https:\/\/www.tstcables.com\/de\/?s={search_term_string}"},"query-input":{"@type":"PropertyValueSpecification","valueRequired":true,"valueName":"search_term_string"}}],"inLanguage":"de"},{"@type":"Organization","@id":"https:\/\/www.tstcables.com\/de\/#organization","name":"TST Cable supplier & Manufacture","url":"https:\/\/www.tstcables.com\/de\/","logo":{"@type":"ImageObject","inLanguage":"de","@id":"https:\/\/www.tstcables.com\/de\/#\/schema\/logo\/image\/","url":"https:\/\/www.tstcables.com\/wp-content\/uploads\/2024\/04\/cropped-\u753b\u677f-1-\u62f7\u8d1d-4-1.png","contentUrl":"https:\/\/www.tstcables.com\/wp-content\/uploads\/2024\/04\/cropped-\u753b\u677f-1-\u62f7\u8d1d-4-1.png","width":300,"height":100,"caption":"TST Cable supplier & Manufacture"},"image":{"@id":"https:\/\/www.tstcables.com\/de\/#\/schema\/logo\/image\/"}}]}},"_links":{"self":[{"href":"https:\/\/www.tstcables.com\/de\/wp-json\/wp\/v2\/product\/19944","targetHints":{"allow":["GET"]}}],"collection":[{"href":"https:\/\/www.tstcables.com\/de\/wp-json\/wp\/v2\/product"}],"about":[{"href":"https:\/\/www.tstcables.com\/de\/wp-json\/wp\/v2\/types\/product"}],"version-history":[{"count":0,"href":"https:\/\/www.tstcables.com\/de\/wp-json\/wp\/v2\/product\/19944\/revisions"}],"wp:featuredmedia":[{"embeddable":true,"href":"https:\/\/www.tstcables.com\/de\/wp-json\/wp\/v2\/media\/13090"}],"wp:attachment":[{"href":"https:\/\/www.tstcables.com\/de\/wp-json\/wp\/v2\/media?parent=19944"}],"wp:term":[{"taxonomy":"product_brand","embeddable":true,"href":"https:\/\/www.tstcables.com\/de\/wp-json\/wp\/v2\/product_brand?post=19944"},{"taxonomy":"product_cat","embeddable":true,"href":"https:\/\/www.tstcables.com\/de\/wp-json\/wp\/v2\/product_cat?post=19944"},{"taxonomy":"product_tag","embeddable":true,"href":"https:\/\/www.tstcables.com\/de\/wp-json\/wp\/v2\/product_tag?post=19944"}],"curies":[{"name":"wp","href":"https:\/\/api.w.org\/{rel}","templated":true}]}}