{"id":19945,"date":"2024-03-23T16:42:05","date_gmt":"2024-03-23T08:42:05","guid":{"rendered":"https:\/\/www.tstcables.com\/product\/hochtemperaturbestaendiges-flammhemmendes-einadriges-abgeschirmtes-peek-kabel-ak200-300-v\/"},"modified":"2024-03-23T16:42:05","modified_gmt":"2024-03-23T08:42:05","slug":"hochtemperaturbestaendiges-flammhemmendes-einadriges-abgeschirmtes-peek-kabel-ak200-300-v","status":"publish","type":"product","link":"https:\/\/www.tstcables.com\/de\/produkt\/hochtemperaturbestaendiges-flammhemmendes-einadriges-abgeschirmtes-peek-kabel-ak200-300-v\/","title":{"rendered":"Hochtemperaturbest\u00e4ndiges, flammhemmendes, einadriges, abgeschirmtes PEEK-Kabel AK200 300 V"},"content":{"rendered":"<p><strong>Anwendungen<\/strong><\/p>\n<p>Das hochtemperaturbest\u00e4ndige, flammhemmende, einadrige, abgeschirmte PEEK-Kabel ist seewasserbest\u00e4ndig, leicht, klein, flammhemmend, raucharm, halogenfrei, flammhemmend, hoch- und niedrigtemperaturbest\u00e4ndig, strahlungsbest\u00e4ndig und verf\u00fcgt \u00fcber gute mechanische Eigenschaften. Es wird h\u00e4ufig in Ultrahochtemperaturdr\u00e4hten f\u00fcr Hochgeschwindigkeitszuglokomotiven im Schienenverkehr, in Schiffen und in der Luftfahrtindustrie eingesetzt. Wickeldr\u00e4hte f\u00fcr \u00d6lfeld-Tauchpumpenmotoren, Anschlussdr\u00e4hte f\u00fcr \u00d6lfeld-Tiefbrunnen-Tauchpumpenmotoren, Kernkraft-Wicklungsdr\u00e4hte und Sensor-Back-Ends usw.<\/p>\n<p>&nbsp;<\/p>\n<p><strong>Industriestandard<\/strong><\/p>\n<ul>\n<li>lEN45545-2<\/li>\n<\/ul>\n<p><strong>Produktmerkmale:<\/strong><\/p>\n<ol>\n<li>Langzeittemperaturbest\u00e4ndigkeit: -50-250\u2103<\/li>\n<li>Spannungsfestigkeit: 300 V \u2013 600 V<\/li>\n<li>Best\u00e4ndig gegen Gammastrahlung: 850 KGy k\u00f6nnen \u00fcber einen langen Zeitraum verwendet werden.<\/li>\n<li>Raucharm, halogenfrei, flammhemmend, hoch- und niedrigtemperaturbest\u00e4ndig<\/li>\n<\/ol>\n<p><strong>Technische Parameter<\/strong><\/p>\n<table class=\"tg\">\n<thead>\n<tr>\n<th class=\"tg-wa1i\" rowspan=\"2\">Nennquerschnitt<\/th>\n<th class=\"tg-wa1i\">Leiterstruktur<\/th>\n<th class=\"tg-wa1i\" rowspan=\"2\">Leiterdurchmesser d<\/th>\n<th class=\"tg-wa1i\" rowspan=\"2\">D\u00e4mmst\u00e4rke<\/th>\n<th class=\"tg-wa1i\" rowspan=\"2\">Kabelau\u00dfendurchmesser D<\/th>\n<th class=\"tg-wa1i\" rowspan=\"2\">20\u2103 Leiterwiderstand<\/th>\n<th class=\"tg-wa1i\" rowspan=\"2\">Durchschnittsgewicht<\/th>\n<\/tr>\n<tr>\n<th class=\"tg-wa1i\">Wurzeldurchmesser<\/th>\n<\/tr>\n<\/thead>\n<tbody>\n<tr>\n<td class=\"tg-baqh\" rowspan=\"2\">mm 2<\/td>\n<td class=\"tg-baqh\" rowspan=\"2\">mm<\/td>\n<td class=\"tg-baqh\">Min<\/td>\n<td class=\"tg-baqh\">Min<\/td>\n<td class=\"tg-baqh\">Min<\/td>\n<td class=\"tg-baqh\">Max<\/td>\n<td class=\"tg-baqh\" rowspan=\"2\">Kg\/km<\/td>\n<\/tr>\n<tr>\n<td class=\"tg-baqh\">mm<\/td>\n<td class=\"tg-baqh\">mm<\/td>\n<td class=\"tg-baqh\">mm<\/td>\n<td class=\"tg-baqh\">\u03a9\/km<\/td>\n<\/tr>\n<tr>\n<td class=\"tg-nrix\">0.035<\/td>\n<td class=\"tg-baqh\">7\/0.08<\/td>\n<td class=\"tg-nrix\">0.24<\/td>\n<td class=\"tg-nrix\">0.18<\/td>\n<td class=\"tg-nrix\">0.6<\/td>\n<td class=\"tg-nrix\">525<\/td>\n<td class=\"tg-nrix\">0.62<\/td>\n<\/tr>\n<tr>\n<td class=\"tg-nrix\">0.06<\/td>\n<td class=\"tg-baqh\">7\/0.10<\/td>\n<td class=\"tg-nrix\">0.3<\/td>\n<td class=\"tg-nrix\">0.18<\/td>\n<td class=\"tg-nrix\">0.66<\/td>\n<td class=\"tg-nrix\">330<\/td>\n<td class=\"tg-nrix\">0.85<\/td>\n<\/tr>\n<tr>\n<td class=\"tg-nrix\">0.08<\/td>\n<td class=\"tg-baqh\">7\/0.12<\/td>\n<td class=\"tg-nrix\">0.36<\/td>\n<td class=\"tg-nrix\">0.18<\/td>\n<td class=\"tg-nrix\">0.72<\/td>\n<td class=\"tg-nrix\">227<\/td>\n<td class=\"tg-nrix\">1.1<\/td>\n<\/tr>\n<tr>\n<td class=\"tg-nrix\">0.14<\/td>\n<td class=\"tg-baqh\">19\/0.10<\/td>\n<td class=\"tg-nrix\">0.5<\/td>\n<td class=\"tg-nrix\">0.2<\/td>\n<td class=\"tg-nrix\">0.9<\/td>\n<td class=\"tg-nrix\">126<\/td>\n<td class=\"tg-nrix\">1.9<\/td>\n<\/tr>\n<tr>\n<td class=\"tg-nrix\">0.2<\/td>\n<td class=\"tg-baqh\">19\/0.12<\/td>\n<td class=\"tg-nrix\">0.6<\/td>\n<td class=\"tg-nrix\">0.2<\/td>\n<td class=\"tg-nrix\">1<\/td>\n<td class=\"tg-nrix\">83.5<\/td>\n<td class=\"tg-nrix\">2.6<\/td>\n<\/tr>\n<tr>\n<td class=\"tg-baqh\">0.4\/0.3<\/td>\n<td class=\"tg-baqh\">19\/0.16<\/td>\n<td class=\"tg-nrix\">0.8<\/td>\n<td class=\"tg-nrix\">0.2<\/td>\n<td class=\"tg-nrix\">1.2<\/td>\n<td class=\"tg-nrix\">49.5<\/td>\n<td class=\"tg-nrix\">4.3<\/td>\n<\/tr>\n<tr>\n<td class=\"tg-nrix\">0.5<\/td>\n<td class=\"tg-baqh\">19\/0.18<\/td>\n<td class=\"tg-nrix\">0.9<\/td>\n<td class=\"tg-nrix\">0.2<\/td>\n<td class=\"tg-nrix\">1.4<\/td>\n<td class=\"tg-nrix\">30.2<\/td>\n<td class=\"tg-nrix\">5.3<\/td>\n<\/tr>\n<tr>\n<td class=\"tg-nrix\">0.75<\/td>\n<td class=\"tg-baqh\">37\/0.16<\/td>\n<td class=\"tg-nrix\">1.12<\/td>\n<td class=\"tg-nrix\">0.2<\/td>\n<td class=\"tg-nrix\">1.52<\/td>\n<td class=\"tg-nrix\">22.7<\/td>\n<td class=\"tg-nrix\">7.8<\/td>\n<\/tr>\n<tr>\n<td class=\"tg-nrix\">1<\/td>\n<td class=\"tg-baqh\">37\/0.18<\/td>\n<td class=\"tg-nrix\">1.26<\/td>\n<td class=\"tg-nrix\">0.2<\/td>\n<td class=\"tg-nrix\">1.66<\/td>\n<td class=\"tg-nrix\">19<\/td>\n<td class=\"tg-nrix\">9.7<\/td>\n<\/tr>\n<\/tbody>\n<\/table>\n<pre id=\"tw-target-text\" class=\"tw-data-text tw-text-large tw-ta\" dir=\"ltr\" data-placeholder=\"\u7ffb\u8bd1\" aria-label=\"\u8bd1\u6587\" data-ved=\"2ahUKEwj65uua5ImFAxU6rVYBHRIKC50Q3ewLegQIBRAU\"><span class=\"Y2IQFc\" lang=\"en\">Note: Products with other specifications can also be customized according to needs<\/span><\/pre>\n","protected":false},"excerpt":{"rendered":"<p>Das hochtemperaturbest\u00e4ndige, flammhemmende, einadrige, abgeschirmte PEEK-Kabel ist seewasserbest\u00e4ndig, leicht, klein, flammhemmend, raucharm, halogenfrei, flammhemmend, hoch- und niedrigtemperaturbest\u00e4ndig, strahlungsbest\u00e4ndig und verf\u00fcgt \u00fcber gute mechanische Eigenschaften.<\/p>\n","protected":false},"featured_media":13074,"template":"","meta":{"_eb_attr":"","site-sidebar-layout":"default","site-content-layout":"","ast-site-content-layout":"default","site-content-style":"default","site-sidebar-style":"default","ast-global-header-display":"","ast-banner-title-visibility":"","ast-main-header-display":"","ast-hfb-above-header-display":"","ast-hfb-below-header-display":"","ast-hfb-mobile-header-display":"","site-post-title":"","ast-breadcrumbs-content":"","ast-featured-img":"","footer-sml-layout":"","theme-transparent-header-meta":"default","adv-header-id-meta":"","stick-header-meta":"","header-above-stick-meta":"","header-main-stick-meta":"","header-below-stick-meta":"","astra-migrate-meta-layouts":"default","ast-page-background-enabled":"default","ast-page-background-meta":{"desktop":{"background-color":"","background-image":"","background-repeat":"repeat","background-position":"center center","background-size":"auto","background-attachment":"scroll","background-type":"","background-media":"","overlay-type":"","overlay-color":"","overlay-opacity":"","overlay-gradient":""},"tablet":{"background-color":"","background-image":"","background-repeat":"repeat","background-position":"center center","background-size":"auto","background-attachment":"scroll","background-type":"","background-media":"","overlay-type":"","overlay-color":"","overlay-opacity":"","overlay-gradient":""},"mobile":{"background-color":"","background-image":"","background-repeat":"repeat","background-position":"center center","background-size":"auto","background-attachment":"scroll","background-type":"","background-media":"","overlay-type":"","overlay-color":"","overlay-opacity":"","overlay-gradient":""}},"ast-content-background-meta":{"desktop":{"background-color":"var(--ast-global-color-5)","background-image":"","background-repeat":"repeat","background-position":"center center","background-size":"auto","background-attachment":"scroll","background-type":"","background-media":"","overlay-type":"","overlay-color":"","overlay-opacity":"","overlay-gradient":""},"tablet":{"background-color":"var(--ast-global-color-5)","background-image":"","background-repeat":"repeat","background-position":"center center","background-size":"auto","background-attachment":"scroll","background-type":"","background-media":"","overlay-type":"","overlay-color":"","overlay-opacity":"","overlay-gradient":""},"mobile":{"background-color":"var(--ast-global-color-5)","background-image":"","background-repeat":"repeat","background-position":"center center","background-size":"auto","background-attachment":"scroll","background-type":"","background-media":"","overlay-type":"","overlay-color":"","overlay-opacity":"","overlay-gradient":""}}},"product_brand":[],"product_cat":[708,693,694,695,697,698,699,691,700,701,702,1594,713],"product_tag":[1535,1536,1537],"class_list":{"0":"post-19945","1":"product","2":"type-product","3":"status-publish","4":"has-post-thumbnail","6":"product_cat-rail-way-de","7":"product_cat-enstandard-cable-de","8":"product_cat-en50264-de","9":"product_cat-en50306-de","10":"product_cat-high-temperature-cable-de","11":"product_cat-ice-standard-de","12":"product_cat-lsoh-cable-de","13":"product_cat-aviation-de","14":"product_cat-marine-de","15":"product_cat-nuclear-de","16":"product_cat-oil-gas-de","17":"product_cat-peek-kabel","18":"product_cat-wind-power-de","19":"product_tag-einadriges-kabel","20":"product_tag-einadriges-ummanteltes-kabel-aus-peek-polyetheretherketon","21":"product_tag-th-j-ak-200-300v-einadriges-kabel","22":"desktop-align-center","23":"tablet-align-left","24":"mobile-align-left","26":"first","27":"instock","28":"shipping-taxable","29":"product-type-simple"},"yoast_head":"<!-- This site is optimized with the Yoast SEO plugin v27.3 - https:\/\/yoast.com\/product\/yoast-seo-wordpress\/ -->\n<title>Hochtemperaturbest\u00e4ndiges, flammhemmendes, einadriges, abgeschirmtes PEEK-Kabel. Hochtemperaturbest\u00e4ndiges, flammhemmendes, einadriges, abgeschirmtes PEEK-Kabel<\/title>\n<meta name=\"description\" content=\"Das hochtemperaturbest\u00e4ndige, flammhemmende, einadrige, abgeschirmte PEEK-Kabel ist seewasserbest\u00e4ndig, leicht und klein.\" \/>\n<meta name=\"robots\" content=\"index, follow, max-snippet:-1, max-image-preview:large, max-video-preview:-1\" \/>\n<link rel=\"canonical\" href=\"https:\/\/www.tstcables.com\/de\/produkt\/hochtemperaturbestaendiges-flammhemmendes-einadriges-abgeschirmtes-peek-kabel-ak200-300-v\/\" \/>\n<meta property=\"og:locale\" content=\"de_DE\" \/>\n<meta property=\"og:type\" content=\"article\" \/>\n<meta property=\"og:title\" content=\"Hochtemperaturbest\u00e4ndiges, flammhemmendes, einadriges, abgeschirmtes PEEK-Kabel. Hochtemperaturbest\u00e4ndiges, flammhemmendes, einadriges, abgeschirmtes PEEK-Kabel\" \/>\n<meta property=\"og:description\" content=\"Das hochtemperaturbest\u00e4ndige, flammhemmende, einadrige, abgeschirmte PEEK-Kabel ist seewasserbest\u00e4ndig, leicht und klein.\" \/>\n<meta property=\"og:url\" content=\"https:\/\/www.tstcables.com\/de\/produkt\/hochtemperaturbestaendiges-flammhemmendes-einadriges-abgeschirmtes-peek-kabel-ak200-300-v\/\" \/>\n<meta property=\"og:site_name\" content=\"TST CABLES supplier &amp; Manufacture\" \/>\n<meta property=\"og:image\" content=\"https:\/\/www.tstcables.com\/wp-content\/uploads\/2024\/03\/5-13.jpg\" \/>\n\t<meta property=\"og:image:width\" content=\"750\" \/>\n\t<meta property=\"og:image:height\" content=\"750\" \/>\n\t<meta property=\"og:image:type\" content=\"image\/jpeg\" \/>\n<meta name=\"twitter:card\" content=\"summary_large_image\" \/>\n<meta name=\"twitter:label1\" content=\"Gesch\u00e4tzte Lesezeit\" \/>\n\t<meta name=\"twitter:data1\" content=\"1\u00a0Minute\" \/>\n<script type=\"application\/ld+json\" class=\"yoast-schema-graph\">{\"@context\":\"https:\\\/\\\/schema.org\",\"@graph\":[{\"@type\":\"WebPage\",\"@id\":\"https:\\\/\\\/www.tstcables.com\\\/de\\\/produkt\\\/hochtemperaturbestaendiges-flammhemmendes-einadriges-abgeschirmtes-peek-kabel-ak200-300-v\\\/\",\"url\":\"https:\\\/\\\/www.tstcables.com\\\/de\\\/produkt\\\/hochtemperaturbestaendiges-flammhemmendes-einadriges-abgeschirmtes-peek-kabel-ak200-300-v\\\/\",\"name\":\"Hochtemperaturbest\u00e4ndiges, flammhemmendes, einadriges, abgeschirmtes PEEK-Kabel. Hochtemperaturbest\u00e4ndiges, flammhemmendes, einadriges, abgeschirmtes PEEK-Kabel\",\"isPartOf\":{\"@id\":\"https:\\\/\\\/www.tstcables.com\\\/de\\\/#website\"},\"primaryImageOfPage\":{\"@id\":\"https:\\\/\\\/www.tstcables.com\\\/de\\\/produkt\\\/hochtemperaturbestaendiges-flammhemmendes-einadriges-abgeschirmtes-peek-kabel-ak200-300-v\\\/#primaryimage\"},\"image\":{\"@id\":\"https:\\\/\\\/www.tstcables.com\\\/de\\\/produkt\\\/hochtemperaturbestaendiges-flammhemmendes-einadriges-abgeschirmtes-peek-kabel-ak200-300-v\\\/#primaryimage\"},\"thumbnailUrl\":\"https:\\\/\\\/www.tstcables.com\\\/wp-content\\\/uploads\\\/2024\\\/03\\\/5-13.jpg\",\"datePublished\":\"2024-03-23T08:42:05+00:00\",\"description\":\"Das hochtemperaturbest\u00e4ndige, flammhemmende, einadrige, abgeschirmte PEEK-Kabel ist seewasserbest\u00e4ndig, leicht und klein.\",\"breadcrumb\":{\"@id\":\"https:\\\/\\\/www.tstcables.com\\\/de\\\/produkt\\\/hochtemperaturbestaendiges-flammhemmendes-einadriges-abgeschirmtes-peek-kabel-ak200-300-v\\\/#breadcrumb\"},\"inLanguage\":\"de\",\"potentialAction\":[{\"@type\":\"ReadAction\",\"target\":[\"https:\\\/\\\/www.tstcables.com\\\/de\\\/produkt\\\/hochtemperaturbestaendiges-flammhemmendes-einadriges-abgeschirmtes-peek-kabel-ak200-300-v\\\/\"]}]},{\"@type\":\"ImageObject\",\"inLanguage\":\"de\",\"@id\":\"https:\\\/\\\/www.tstcables.com\\\/de\\\/produkt\\\/hochtemperaturbestaendiges-flammhemmendes-einadriges-abgeschirmtes-peek-kabel-ak200-300-v\\\/#primaryimage\",\"url\":\"https:\\\/\\\/www.tstcables.com\\\/wp-content\\\/uploads\\\/2024\\\/03\\\/5-13.jpg\",\"contentUrl\":\"https:\\\/\\\/www.tstcables.com\\\/wp-content\\\/uploads\\\/2024\\\/03\\\/5-13.jpg\",\"width\":750,\"height\":750,\"caption\":\"Fire-resistant wire smoke halogen-free flame retardant GN450-NY\"},{\"@type\":\"BreadcrumbList\",\"@id\":\"https:\\\/\\\/www.tstcables.com\\\/de\\\/produkt\\\/hochtemperaturbestaendiges-flammhemmendes-einadriges-abgeschirmtes-peek-kabel-ak200-300-v\\\/#breadcrumb\",\"itemListElement\":[{\"@type\":\"ListItem\",\"position\":1,\"name\":\"\u9996\u9875\",\"item\":\"https:\\\/\\\/www.tstcables.com\\\/de\\\/\"},{\"@type\":\"ListItem\",\"position\":2,\"name\":\"Product\",\"item\":\"https:\\\/\\\/www.tstcables.com\\\/product\\\/\"},{\"@type\":\"ListItem\",\"position\":3,\"name\":\"Hochtemperaturbest\u00e4ndiges, flammhemmendes, einadriges, abgeschirmtes PEEK-Kabel AK200 300 V\"}]},{\"@type\":\"WebSite\",\"@id\":\"https:\\\/\\\/www.tstcables.com\\\/de\\\/#website\",\"url\":\"https:\\\/\\\/www.tstcables.com\\\/de\\\/\",\"name\":\"TST Cable supplier & Manufacture\",\"description\":\"TST CABLES  supplier &amp; Manufacture official website\",\"publisher\":{\"@id\":\"https:\\\/\\\/www.tstcables.com\\\/de\\\/#organization\"},\"potentialAction\":[{\"@type\":\"SearchAction\",\"target\":{\"@type\":\"EntryPoint\",\"urlTemplate\":\"https:\\\/\\\/www.tstcables.com\\\/de\\\/?s={search_term_string}\"},\"query-input\":{\"@type\":\"PropertyValueSpecification\",\"valueRequired\":true,\"valueName\":\"search_term_string\"}}],\"inLanguage\":\"de\"},{\"@type\":\"Organization\",\"@id\":\"https:\\\/\\\/www.tstcables.com\\\/de\\\/#organization\",\"name\":\"TST Cable supplier & Manufacture\",\"url\":\"https:\\\/\\\/www.tstcables.com\\\/de\\\/\",\"logo\":{\"@type\":\"ImageObject\",\"inLanguage\":\"de\",\"@id\":\"https:\\\/\\\/www.tstcables.com\\\/de\\\/#\\\/schema\\\/logo\\\/image\\\/\",\"url\":\"https:\\\/\\\/www.tstcables.com\\\/wp-content\\\/uploads\\\/2024\\\/04\\\/cropped-\u753b\u677f-1-\u62f7\u8d1d-4-1.png\",\"contentUrl\":\"https:\\\/\\\/www.tstcables.com\\\/wp-content\\\/uploads\\\/2024\\\/04\\\/cropped-\u753b\u677f-1-\u62f7\u8d1d-4-1.png\",\"width\":300,\"height\":100,\"caption\":\"TST Cable supplier & Manufacture\"},\"image\":{\"@id\":\"https:\\\/\\\/www.tstcables.com\\\/de\\\/#\\\/schema\\\/logo\\\/image\\\/\"}}]}<\/script>\n<!-- \/ Yoast SEO plugin. -->","yoast_head_json":{"title":"Hochtemperaturbest\u00e4ndiges, flammhemmendes, einadriges, abgeschirmtes PEEK-Kabel. Hochtemperaturbest\u00e4ndiges, flammhemmendes, einadriges, abgeschirmtes PEEK-Kabel","description":"Das hochtemperaturbest\u00e4ndige, flammhemmende, einadrige, abgeschirmte PEEK-Kabel ist seewasserbest\u00e4ndig, leicht und klein.","robots":{"index":"index","follow":"follow","max-snippet":"max-snippet:-1","max-image-preview":"max-image-preview:large","max-video-preview":"max-video-preview:-1"},"canonical":"https:\/\/www.tstcables.com\/de\/produkt\/hochtemperaturbestaendiges-flammhemmendes-einadriges-abgeschirmtes-peek-kabel-ak200-300-v\/","og_locale":"de_DE","og_type":"article","og_title":"Hochtemperaturbest\u00e4ndiges, flammhemmendes, einadriges, abgeschirmtes PEEK-Kabel. Hochtemperaturbest\u00e4ndiges, flammhemmendes, einadriges, abgeschirmtes PEEK-Kabel","og_description":"Das hochtemperaturbest\u00e4ndige, flammhemmende, einadrige, abgeschirmte PEEK-Kabel ist seewasserbest\u00e4ndig, leicht und klein.","og_url":"https:\/\/www.tstcables.com\/de\/produkt\/hochtemperaturbestaendiges-flammhemmendes-einadriges-abgeschirmtes-peek-kabel-ak200-300-v\/","og_site_name":"TST CABLES supplier &amp; Manufacture","og_image":[{"width":750,"height":750,"url":"https:\/\/www.tstcables.com\/wp-content\/uploads\/2024\/03\/5-13.jpg","type":"image\/jpeg"}],"twitter_card":"summary_large_image","twitter_misc":{"Gesch\u00e4tzte Lesezeit":"1\u00a0Minute"},"schema":{"@context":"https:\/\/schema.org","@graph":[{"@type":"WebPage","@id":"https:\/\/www.tstcables.com\/de\/produkt\/hochtemperaturbestaendiges-flammhemmendes-einadriges-abgeschirmtes-peek-kabel-ak200-300-v\/","url":"https:\/\/www.tstcables.com\/de\/produkt\/hochtemperaturbestaendiges-flammhemmendes-einadriges-abgeschirmtes-peek-kabel-ak200-300-v\/","name":"Hochtemperaturbest\u00e4ndiges, flammhemmendes, einadriges, abgeschirmtes PEEK-Kabel. Hochtemperaturbest\u00e4ndiges, flammhemmendes, einadriges, abgeschirmtes PEEK-Kabel","isPartOf":{"@id":"https:\/\/www.tstcables.com\/de\/#website"},"primaryImageOfPage":{"@id":"https:\/\/www.tstcables.com\/de\/produkt\/hochtemperaturbestaendiges-flammhemmendes-einadriges-abgeschirmtes-peek-kabel-ak200-300-v\/#primaryimage"},"image":{"@id":"https:\/\/www.tstcables.com\/de\/produkt\/hochtemperaturbestaendiges-flammhemmendes-einadriges-abgeschirmtes-peek-kabel-ak200-300-v\/#primaryimage"},"thumbnailUrl":"https:\/\/www.tstcables.com\/wp-content\/uploads\/2024\/03\/5-13.jpg","datePublished":"2024-03-23T08:42:05+00:00","description":"Das hochtemperaturbest\u00e4ndige, flammhemmende, einadrige, abgeschirmte PEEK-Kabel ist seewasserbest\u00e4ndig, leicht und klein.","breadcrumb":{"@id":"https:\/\/www.tstcables.com\/de\/produkt\/hochtemperaturbestaendiges-flammhemmendes-einadriges-abgeschirmtes-peek-kabel-ak200-300-v\/#breadcrumb"},"inLanguage":"de","potentialAction":[{"@type":"ReadAction","target":["https:\/\/www.tstcables.com\/de\/produkt\/hochtemperaturbestaendiges-flammhemmendes-einadriges-abgeschirmtes-peek-kabel-ak200-300-v\/"]}]},{"@type":"ImageObject","inLanguage":"de","@id":"https:\/\/www.tstcables.com\/de\/produkt\/hochtemperaturbestaendiges-flammhemmendes-einadriges-abgeschirmtes-peek-kabel-ak200-300-v\/#primaryimage","url":"https:\/\/www.tstcables.com\/wp-content\/uploads\/2024\/03\/5-13.jpg","contentUrl":"https:\/\/www.tstcables.com\/wp-content\/uploads\/2024\/03\/5-13.jpg","width":750,"height":750,"caption":"Fire-resistant wire smoke halogen-free flame retardant GN450-NY"},{"@type":"BreadcrumbList","@id":"https:\/\/www.tstcables.com\/de\/produkt\/hochtemperaturbestaendiges-flammhemmendes-einadriges-abgeschirmtes-peek-kabel-ak200-300-v\/#breadcrumb","itemListElement":[{"@type":"ListItem","position":1,"name":"\u9996\u9875","item":"https:\/\/www.tstcables.com\/de\/"},{"@type":"ListItem","position":2,"name":"Product","item":"https:\/\/www.tstcables.com\/product\/"},{"@type":"ListItem","position":3,"name":"Hochtemperaturbest\u00e4ndiges, flammhemmendes, einadriges, abgeschirmtes PEEK-Kabel AK200 300 V"}]},{"@type":"WebSite","@id":"https:\/\/www.tstcables.com\/de\/#website","url":"https:\/\/www.tstcables.com\/de\/","name":"TST Cable supplier & Manufacture","description":"TST CABLES  supplier &amp; Manufacture official website","publisher":{"@id":"https:\/\/www.tstcables.com\/de\/#organization"},"potentialAction":[{"@type":"SearchAction","target":{"@type":"EntryPoint","urlTemplate":"https:\/\/www.tstcables.com\/de\/?s={search_term_string}"},"query-input":{"@type":"PropertyValueSpecification","valueRequired":true,"valueName":"search_term_string"}}],"inLanguage":"de"},{"@type":"Organization","@id":"https:\/\/www.tstcables.com\/de\/#organization","name":"TST Cable supplier & Manufacture","url":"https:\/\/www.tstcables.com\/de\/","logo":{"@type":"ImageObject","inLanguage":"de","@id":"https:\/\/www.tstcables.com\/de\/#\/schema\/logo\/image\/","url":"https:\/\/www.tstcables.com\/wp-content\/uploads\/2024\/04\/cropped-\u753b\u677f-1-\u62f7\u8d1d-4-1.png","contentUrl":"https:\/\/www.tstcables.com\/wp-content\/uploads\/2024\/04\/cropped-\u753b\u677f-1-\u62f7\u8d1d-4-1.png","width":300,"height":100,"caption":"TST Cable supplier & Manufacture"},"image":{"@id":"https:\/\/www.tstcables.com\/de\/#\/schema\/logo\/image\/"}}]}},"_links":{"self":[{"href":"https:\/\/www.tstcables.com\/de\/wp-json\/wp\/v2\/product\/19945","targetHints":{"allow":["GET"]}}],"collection":[{"href":"https:\/\/www.tstcables.com\/de\/wp-json\/wp\/v2\/product"}],"about":[{"href":"https:\/\/www.tstcables.com\/de\/wp-json\/wp\/v2\/types\/product"}],"version-history":[{"count":0,"href":"https:\/\/www.tstcables.com\/de\/wp-json\/wp\/v2\/product\/19945\/revisions"}],"wp:featuredmedia":[{"embeddable":true,"href":"https:\/\/www.tstcables.com\/de\/wp-json\/wp\/v2\/media\/13074"}],"wp:attachment":[{"href":"https:\/\/www.tstcables.com\/de\/wp-json\/wp\/v2\/media?parent=19945"}],"wp:term":[{"taxonomy":"product_brand","embeddable":true,"href":"https:\/\/www.tstcables.com\/de\/wp-json\/wp\/v2\/product_brand?post=19945"},{"taxonomy":"product_cat","embeddable":true,"href":"https:\/\/www.tstcables.com\/de\/wp-json\/wp\/v2\/product_cat?post=19945"},{"taxonomy":"product_tag","embeddable":true,"href":"https:\/\/www.tstcables.com\/de\/wp-json\/wp\/v2\/product_tag?post=19945"}],"curies":[{"name":"wp","href":"https:\/\/api.w.org\/{rel}","templated":true}]}}