{"id":19946,"date":"2024-03-23T17:12:26","date_gmt":"2024-03-23T09:12:26","guid":{"rendered":"https:\/\/www.tstcables.com\/product\/peek-verschleissfestes-flammhemmendes-raucharmes-halogenfreies-kabel-ak250-300-v\/"},"modified":"2024-03-23T17:12:26","modified_gmt":"2024-03-23T09:12:26","slug":"peek-verschleissfestes-flammhemmendes-raucharmes-halogenfreies-kabel-ak250-300-v","status":"publish","type":"product","link":"https:\/\/www.tstcables.com\/de\/produkt\/peek-verschleissfestes-flammhemmendes-raucharmes-halogenfreies-kabel-ak250-300-v\/","title":{"rendered":"PEEK verschlei\u00dffestes, flammhemmendes, raucharmes, halogenfreies Kabel AK250 300 V"},"content":{"rendered":"<p><strong>Anwendungen<\/strong><\/p>\n<p>Das verschlei\u00dffeste, flammhemmende und raucharme, halogenfreie PEEK-Kabel ist seewasserbest\u00e4ndig, leicht, klein, flammhemmend, raucharm, halogenfrei, flammhemmend, hoch- und niedrigtemperaturbest\u00e4ndig, strahlungsbest\u00e4ndig und verf\u00fcgt \u00fcber gute mechanische Eigenschaften. Es wird h\u00e4ufig in Ultrahochtemperaturdr\u00e4hten f\u00fcr Hochgeschwindigkeitszuglokomotiven im Schienenverkehr, in Schiffen und in der Luftfahrtindustrie eingesetzt. Wickeldr\u00e4hte f\u00fcr \u00d6lfeld-Tauchpumpenmotoren, Anschlussdr\u00e4hte f\u00fcr \u00d6lfeld-Tiefbrunnen-Tauchpumpenmotoren, Kernkraft-Wicklungsdr\u00e4hte und Sensor-Back-Ends usw.<\/p>\n<p>&nbsp;<\/p>\n<p><strong>Industriestandard<\/strong><\/p>\n<ul>\n<li>lEN45545-2<\/li>\n<\/ul>\n<p><strong>Produktmerkmale:<\/strong><\/p>\n<ol>\n<li>Langzeittemperaturbest\u00e4ndigkeit: -50-250\u2103<\/li>\n<li>Spannungsfestigkeit: 300 V \u2013 600 V<\/li>\n<li>Best\u00e4ndig gegen Gammastrahlung: 850 KGy k\u00f6nnen \u00fcber einen langen Zeitraum verwendet werden.<\/li>\n<li>Raucharm, halogenfrei, flammhemmend, hoch- und niedrigtemperaturbest\u00e4ndig<\/li>\n<\/ol>\n<p><strong>Technische Parameter<\/strong><\/p>\n<table>\n<tbody>\n<tr>\n<td rowspan=\"2\"><strong><b>Nennquerschnitt<\/b><\/strong><\/td>\n<td><strong><b>Leiterstruktur<\/b><\/strong><\/td>\n<td rowspan=\"2\"><strong><b>Leiterdurchmesser d<\/b><\/strong><\/td>\n<td rowspan=\"2\"><strong><b>D\u00e4mmst\u00e4rke<\/b><\/strong><\/td>\n<td rowspan=\"2\"><strong><b>Kabelau\u00dfendurchmesser D<\/b><\/strong><\/td>\n<td rowspan=\"2\"><strong><b>20\u2103 Leiterwiderstand<\/b><\/strong><\/td>\n<td rowspan=\"2\"><strong><b>Durchschnittsgewicht<\/b><\/strong><\/td>\n<\/tr>\n<tr>\n<td><strong><b>Wurzeldurchmesser<\/b><\/strong><\/td>\n<\/tr>\n<tr>\n<td rowspan=\"2\">mm 2<\/td>\n<td rowspan=\"2\">mm<\/td>\n<td>Min<\/td>\n<td>Min<\/td>\n<td>Min<\/td>\n<td>Max<\/td>\n<td rowspan=\"2\">Kg\/km<\/td>\n<\/tr>\n<tr>\n<td>mm<\/td>\n<td>mm<\/td>\n<td>mm<\/td>\n<td>\u03a9\/km<\/td>\n<\/tr>\n<tr>\n<td>0.06<\/td>\n<td>7\/0.10<\/td>\n<td>0.3<\/td>\n<td>0.18<\/td>\n<td>0.66<\/td>\n<td>330<\/td>\n<td>0.85<\/td>\n<\/tr>\n<tr>\n<td>0.08<\/td>\n<td>7\/0.12<\/td>\n<td>0.36<\/td>\n<td>0.18<\/td>\n<td>0.72<\/td>\n<td>227<\/td>\n<td>1.1<\/td>\n<\/tr>\n<tr>\n<td>0.14<\/td>\n<td>19\/0.10<\/td>\n<td>0.5<\/td>\n<td>0.2<\/td>\n<td>0.9<\/td>\n<td>126<\/td>\n<td>1.9<\/td>\n<\/tr>\n<tr>\n<td>0.2<\/td>\n<td>19\/0.12<\/td>\n<td>0.6<\/td>\n<td>0.2<\/td>\n<td>1<\/td>\n<td>83.5<\/td>\n<td>2.6<\/td>\n<\/tr>\n<tr>\n<td>0.4\/0.3<\/td>\n<td>19\/0.16<\/td>\n<td>0.8<\/td>\n<td>0.2<\/td>\n<td>1.2<\/td>\n<td>49.5<\/td>\n<td>4.3<\/td>\n<\/tr>\n<tr>\n<td>0.5<\/td>\n<td>19\/0.18<\/td>\n<td>0.9<\/td>\n<td>0.2<\/td>\n<td>1.4<\/td>\n<td>30.2<\/td>\n<td>5.3<\/td>\n<\/tr>\n<tr>\n<td>0.75<\/td>\n<td>37\/0.16<\/td>\n<td>1.12<\/td>\n<td>0.2<\/td>\n<td>1.52<\/td>\n<td>22.7<\/td>\n<td>7.8<\/td>\n<\/tr>\n<tr>\n<td>1<\/td>\n<td>37\/0.18<\/td>\n<td>1.26<\/td>\n<td>0.2<\/td>\n<td>1.66<\/td>\n<td>19<\/td>\n<td>9.7<\/td>\n<\/tr>\n<\/tbody>\n<\/table>\n<p>Hinweis: Produkte mit anderen Spezifikationen k\u00f6nnen je nach Bedarf auch angepasst werden<\/p>\n","protected":false},"excerpt":{"rendered":"<p>Das verschlei\u00dffeste, flammhemmende und raucharme, halogenfreie PEEK-Kabel ist seewasserbest\u00e4ndig, leicht, klein, flammhemmend, raucharm, halogenfrei, flammhemmend, hoch- und niedrigtemperaturbest\u00e4ndig, strahlungsbest\u00e4ndig und verf\u00fcgt \u00fcber gute mechanische Eigenschaften.<\/p>\n","protected":false},"featured_media":13042,"template":"","meta":{"_eb_attr":"","site-sidebar-layout":"default","site-content-layout":"","ast-site-content-layout":"default","site-content-style":"default","site-sidebar-style":"default","ast-global-header-display":"","ast-banner-title-visibility":"","ast-main-header-display":"","ast-hfb-above-header-display":"","ast-hfb-below-header-display":"","ast-hfb-mobile-header-display":"","site-post-title":"","ast-breadcrumbs-content":"","ast-featured-img":"","footer-sml-layout":"","theme-transparent-header-meta":"default","adv-header-id-meta":"","stick-header-meta":"","header-above-stick-meta":"","header-main-stick-meta":"","header-below-stick-meta":"","astra-migrate-meta-layouts":"default","ast-page-background-enabled":"default","ast-page-background-meta":{"desktop":{"background-color":"","background-image":"","background-repeat":"repeat","background-position":"center center","background-size":"auto","background-attachment":"scroll","background-type":"","background-media":"","overlay-type":"","overlay-color":"","overlay-opacity":"","overlay-gradient":""},"tablet":{"background-color":"","background-image":"","background-repeat":"repeat","background-position":"center center","background-size":"auto","background-attachment":"scroll","background-type":"","background-media":"","overlay-type":"","overlay-color":"","overlay-opacity":"","overlay-gradient":""},"mobile":{"background-color":"","background-image":"","background-repeat":"repeat","background-position":"center center","background-size":"auto","background-attachment":"scroll","background-type":"","background-media":"","overlay-type":"","overlay-color":"","overlay-opacity":"","overlay-gradient":""}},"ast-content-background-meta":{"desktop":{"background-color":"var(--ast-global-color-5)","background-image":"","background-repeat":"repeat","background-position":"center center","background-size":"auto","background-attachment":"scroll","background-type":"","background-media":"","overlay-type":"","overlay-color":"","overlay-opacity":"","overlay-gradient":""},"tablet":{"background-color":"var(--ast-global-color-5)","background-image":"","background-repeat":"repeat","background-position":"center center","background-size":"auto","background-attachment":"scroll","background-type":"","background-media":"","overlay-type":"","overlay-color":"","overlay-opacity":"","overlay-gradient":""},"mobile":{"background-color":"var(--ast-global-color-5)","background-image":"","background-repeat":"repeat","background-position":"center center","background-size":"auto","background-attachment":"scroll","background-type":"","background-media":"","overlay-type":"","overlay-color":"","overlay-opacity":"","overlay-gradient":""}}},"product_brand":[],"product_cat":[708,693,694,695,697,698,699,691,700,692,701,702,1594,1579,713],"product_tag":[1535,1559,1536],"class_list":{"0":"post-19946","1":"product","2":"type-product","3":"status-publish","4":"has-post-thumbnail","6":"product_cat-rail-way-de","7":"product_cat-enstandard-cable-de","8":"product_cat-en50264-de","9":"product_cat-en50306-de","10":"product_cat-high-temperature-cable-de","11":"product_cat-ice-standard-de","12":"product_cat-lsoh-cable-de","13":"product_cat-aviation-de","14":"product_cat-marine-de","15":"product_cat-customized-cable-de","16":"product_cat-nuclear-de","17":"product_cat-oil-gas-de","18":"product_cat-peek-kabel","19":"product_cat-verschleisfestes-kabel","20":"product_cat-wind-power-de","21":"product_tag-einadriges-kabel","22":"product_tag-einadriges-mantelkabel-th-j-ak-250","23":"product_tag-einadriges-ummanteltes-kabel-aus-peek-polyetheretherketon","24":"desktop-align-center","25":"tablet-align-left","26":"mobile-align-left","28":"first","29":"instock","30":"shipping-taxable","31":"product-type-simple"},"yoast_head":"<!-- This site is optimized with the Yoast SEO plugin v27.5 - https:\/\/yoast.com\/product\/yoast-seo-wordpress\/ -->\n<title>Verschlei\u00dffestes, flammhemmendes, raucharmes und halogenfreies PEEK-Kabel<\/title>\n<meta name=\"description\" content=\"Das verschlei\u00dffeste, flammhemmende und raucharme, halogenfreie PEEK-Kabel ist seewasserbest\u00e4ndig, leicht, klein und flammhemmend.\" \/>\n<meta name=\"robots\" content=\"index, follow, max-snippet:-1, max-image-preview:large, max-video-preview:-1\" \/>\n<link rel=\"canonical\" href=\"https:\/\/www.tstcables.com\/de\/produkt\/peek-verschleissfestes-flammhemmendes-raucharmes-halogenfreies-kabel-ak250-300-v\/\" \/>\n<meta property=\"og:locale\" content=\"de_DE\" \/>\n<meta property=\"og:type\" content=\"article\" \/>\n<meta property=\"og:title\" content=\"Verschlei\u00dffestes, flammhemmendes, raucharmes und halogenfreies PEEK-Kabel\" \/>\n<meta property=\"og:description\" content=\"Das verschlei\u00dffeste, flammhemmende und raucharme, halogenfreie PEEK-Kabel ist seewasserbest\u00e4ndig, leicht, klein und flammhemmend.\" \/>\n<meta property=\"og:url\" content=\"https:\/\/www.tstcables.com\/de\/produkt\/peek-verschleissfestes-flammhemmendes-raucharmes-halogenfreies-kabel-ak250-300-v\/\" \/>\n<meta property=\"og:site_name\" content=\"TST CABLES supplier &amp; Manufacture\" \/>\n<meta property=\"og:image\" content=\"https:\/\/www.tstcables.com\/wp-content\/uploads\/2024\/03\/1-21.jpg\" \/>\n\t<meta property=\"og:image:width\" content=\"750\" \/>\n\t<meta property=\"og:image:height\" content=\"750\" \/>\n\t<meta property=\"og:image:type\" content=\"image\/jpeg\" \/>\n<meta name=\"twitter:card\" content=\"summary_large_image\" \/>\n<meta name=\"twitter:label1\" content=\"Gesch\u00e4tzte Lesezeit\" \/>\n\t<meta name=\"twitter:data1\" content=\"1\u00a0Minute\" \/>\n<script type=\"application\/ld+json\" class=\"yoast-schema-graph\">{\"@context\":\"https:\\\/\\\/schema.org\",\"@graph\":[{\"@type\":\"WebPage\",\"@id\":\"https:\\\/\\\/www.tstcables.com\\\/de\\\/produkt\\\/peek-verschleissfestes-flammhemmendes-raucharmes-halogenfreies-kabel-ak250-300-v\\\/\",\"url\":\"https:\\\/\\\/www.tstcables.com\\\/de\\\/produkt\\\/peek-verschleissfestes-flammhemmendes-raucharmes-halogenfreies-kabel-ak250-300-v\\\/\",\"name\":\"Verschlei\u00dffestes, flammhemmendes, raucharmes und halogenfreies PEEK-Kabel\",\"isPartOf\":{\"@id\":\"https:\\\/\\\/www.tstcables.com\\\/de\\\/#website\"},\"primaryImageOfPage\":{\"@id\":\"https:\\\/\\\/www.tstcables.com\\\/de\\\/produkt\\\/peek-verschleissfestes-flammhemmendes-raucharmes-halogenfreies-kabel-ak250-300-v\\\/#primaryimage\"},\"image\":{\"@id\":\"https:\\\/\\\/www.tstcables.com\\\/de\\\/produkt\\\/peek-verschleissfestes-flammhemmendes-raucharmes-halogenfreies-kabel-ak250-300-v\\\/#primaryimage\"},\"thumbnailUrl\":\"https:\\\/\\\/www.tstcables.com\\\/wp-content\\\/uploads\\\/2024\\\/03\\\/1-21.jpg\",\"datePublished\":\"2024-03-23T09:12:26+00:00\",\"description\":\"Das verschlei\u00dffeste, flammhemmende und raucharme, halogenfreie PEEK-Kabel ist seewasserbest\u00e4ndig, leicht, klein und flammhemmend.\",\"breadcrumb\":{\"@id\":\"https:\\\/\\\/www.tstcables.com\\\/de\\\/produkt\\\/peek-verschleissfestes-flammhemmendes-raucharmes-halogenfreies-kabel-ak250-300-v\\\/#breadcrumb\"},\"inLanguage\":\"de\",\"potentialAction\":[{\"@type\":\"ReadAction\",\"target\":[\"https:\\\/\\\/www.tstcables.com\\\/de\\\/produkt\\\/peek-verschleissfestes-flammhemmendes-raucharmes-halogenfreies-kabel-ak250-300-v\\\/\"]}]},{\"@type\":\"ImageObject\",\"inLanguage\":\"de\",\"@id\":\"https:\\\/\\\/www.tstcables.com\\\/de\\\/produkt\\\/peek-verschleissfestes-flammhemmendes-raucharmes-halogenfreies-kabel-ak250-300-v\\\/#primaryimage\",\"url\":\"https:\\\/\\\/www.tstcables.com\\\/wp-content\\\/uploads\\\/2024\\\/03\\\/1-21.jpg\",\"contentUrl\":\"https:\\\/\\\/www.tstcables.com\\\/wp-content\\\/uploads\\\/2024\\\/03\\\/1-21.jpg\",\"width\":750,\"height\":750,\"caption\":\"Silicone High Voltage Wire & Cable\"},{\"@type\":\"BreadcrumbList\",\"@id\":\"https:\\\/\\\/www.tstcables.com\\\/de\\\/produkt\\\/peek-verschleissfestes-flammhemmendes-raucharmes-halogenfreies-kabel-ak250-300-v\\\/#breadcrumb\",\"itemListElement\":[{\"@type\":\"ListItem\",\"position\":1,\"name\":\"\u9996\u9875\",\"item\":\"https:\\\/\\\/www.tstcables.com\\\/de\\\/\"},{\"@type\":\"ListItem\",\"position\":2,\"name\":\"Product\",\"item\":\"https:\\\/\\\/www.tstcables.com\\\/product\\\/\"},{\"@type\":\"ListItem\",\"position\":3,\"name\":\"PEEK verschlei\u00dffestes, flammhemmendes, raucharmes, halogenfreies Kabel AK250 300 V\"}]},{\"@type\":\"WebSite\",\"@id\":\"https:\\\/\\\/www.tstcables.com\\\/de\\\/#website\",\"url\":\"https:\\\/\\\/www.tstcables.com\\\/de\\\/\",\"name\":\"TST Cable supplier & Manufacture\",\"description\":\"TST CABLES  supplier &amp; Manufacture official website\",\"publisher\":{\"@id\":\"https:\\\/\\\/www.tstcables.com\\\/de\\\/#organization\"},\"potentialAction\":[{\"@type\":\"SearchAction\",\"target\":{\"@type\":\"EntryPoint\",\"urlTemplate\":\"https:\\\/\\\/www.tstcables.com\\\/de\\\/?s={search_term_string}\"},\"query-input\":{\"@type\":\"PropertyValueSpecification\",\"valueRequired\":true,\"valueName\":\"search_term_string\"}}],\"inLanguage\":\"de\"},{\"@type\":\"Organization\",\"@id\":\"https:\\\/\\\/www.tstcables.com\\\/de\\\/#organization\",\"name\":\"TST Cable supplier & Manufacture\",\"url\":\"https:\\\/\\\/www.tstcables.com\\\/de\\\/\",\"logo\":{\"@type\":\"ImageObject\",\"inLanguage\":\"de\",\"@id\":\"https:\\\/\\\/www.tstcables.com\\\/de\\\/#\\\/schema\\\/logo\\\/image\\\/\",\"url\":\"https:\\\/\\\/www.tstcables.com\\\/wp-content\\\/uploads\\\/2024\\\/04\\\/cropped-\u753b\u677f-1-\u62f7\u8d1d-4-1.png\",\"contentUrl\":\"https:\\\/\\\/www.tstcables.com\\\/wp-content\\\/uploads\\\/2024\\\/04\\\/cropped-\u753b\u677f-1-\u62f7\u8d1d-4-1.png\",\"width\":300,\"height\":100,\"caption\":\"TST Cable supplier & Manufacture\"},\"image\":{\"@id\":\"https:\\\/\\\/www.tstcables.com\\\/de\\\/#\\\/schema\\\/logo\\\/image\\\/\"}}]}<\/script>\n<!-- \/ Yoast SEO plugin. -->","yoast_head_json":{"title":"Verschlei\u00dffestes, flammhemmendes, raucharmes und halogenfreies PEEK-Kabel","description":"Das verschlei\u00dffeste, flammhemmende und raucharme, halogenfreie PEEK-Kabel ist seewasserbest\u00e4ndig, leicht, klein und flammhemmend.","robots":{"index":"index","follow":"follow","max-snippet":"max-snippet:-1","max-image-preview":"max-image-preview:large","max-video-preview":"max-video-preview:-1"},"canonical":"https:\/\/www.tstcables.com\/de\/produkt\/peek-verschleissfestes-flammhemmendes-raucharmes-halogenfreies-kabel-ak250-300-v\/","og_locale":"de_DE","og_type":"article","og_title":"Verschlei\u00dffestes, flammhemmendes, raucharmes und halogenfreies PEEK-Kabel","og_description":"Das verschlei\u00dffeste, flammhemmende und raucharme, halogenfreie PEEK-Kabel ist seewasserbest\u00e4ndig, leicht, klein und flammhemmend.","og_url":"https:\/\/www.tstcables.com\/de\/produkt\/peek-verschleissfestes-flammhemmendes-raucharmes-halogenfreies-kabel-ak250-300-v\/","og_site_name":"TST CABLES supplier &amp; Manufacture","og_image":[{"width":750,"height":750,"url":"https:\/\/www.tstcables.com\/wp-content\/uploads\/2024\/03\/1-21.jpg","type":"image\/jpeg"}],"twitter_card":"summary_large_image","twitter_misc":{"Gesch\u00e4tzte Lesezeit":"1\u00a0Minute"},"schema":{"@context":"https:\/\/schema.org","@graph":[{"@type":"WebPage","@id":"https:\/\/www.tstcables.com\/de\/produkt\/peek-verschleissfestes-flammhemmendes-raucharmes-halogenfreies-kabel-ak250-300-v\/","url":"https:\/\/www.tstcables.com\/de\/produkt\/peek-verschleissfestes-flammhemmendes-raucharmes-halogenfreies-kabel-ak250-300-v\/","name":"Verschlei\u00dffestes, flammhemmendes, raucharmes und halogenfreies PEEK-Kabel","isPartOf":{"@id":"https:\/\/www.tstcables.com\/de\/#website"},"primaryImageOfPage":{"@id":"https:\/\/www.tstcables.com\/de\/produkt\/peek-verschleissfestes-flammhemmendes-raucharmes-halogenfreies-kabel-ak250-300-v\/#primaryimage"},"image":{"@id":"https:\/\/www.tstcables.com\/de\/produkt\/peek-verschleissfestes-flammhemmendes-raucharmes-halogenfreies-kabel-ak250-300-v\/#primaryimage"},"thumbnailUrl":"https:\/\/www.tstcables.com\/wp-content\/uploads\/2024\/03\/1-21.jpg","datePublished":"2024-03-23T09:12:26+00:00","description":"Das verschlei\u00dffeste, flammhemmende und raucharme, halogenfreie PEEK-Kabel ist seewasserbest\u00e4ndig, leicht, klein und flammhemmend.","breadcrumb":{"@id":"https:\/\/www.tstcables.com\/de\/produkt\/peek-verschleissfestes-flammhemmendes-raucharmes-halogenfreies-kabel-ak250-300-v\/#breadcrumb"},"inLanguage":"de","potentialAction":[{"@type":"ReadAction","target":["https:\/\/www.tstcables.com\/de\/produkt\/peek-verschleissfestes-flammhemmendes-raucharmes-halogenfreies-kabel-ak250-300-v\/"]}]},{"@type":"ImageObject","inLanguage":"de","@id":"https:\/\/www.tstcables.com\/de\/produkt\/peek-verschleissfestes-flammhemmendes-raucharmes-halogenfreies-kabel-ak250-300-v\/#primaryimage","url":"https:\/\/www.tstcables.com\/wp-content\/uploads\/2024\/03\/1-21.jpg","contentUrl":"https:\/\/www.tstcables.com\/wp-content\/uploads\/2024\/03\/1-21.jpg","width":750,"height":750,"caption":"Silicone High Voltage Wire & Cable"},{"@type":"BreadcrumbList","@id":"https:\/\/www.tstcables.com\/de\/produkt\/peek-verschleissfestes-flammhemmendes-raucharmes-halogenfreies-kabel-ak250-300-v\/#breadcrumb","itemListElement":[{"@type":"ListItem","position":1,"name":"\u9996\u9875","item":"https:\/\/www.tstcables.com\/de\/"},{"@type":"ListItem","position":2,"name":"Product","item":"https:\/\/www.tstcables.com\/product\/"},{"@type":"ListItem","position":3,"name":"PEEK verschlei\u00dffestes, flammhemmendes, raucharmes, halogenfreies Kabel AK250 300 V"}]},{"@type":"WebSite","@id":"https:\/\/www.tstcables.com\/de\/#website","url":"https:\/\/www.tstcables.com\/de\/","name":"TST Cable supplier & Manufacture","description":"TST CABLES  supplier &amp; Manufacture official website","publisher":{"@id":"https:\/\/www.tstcables.com\/de\/#organization"},"potentialAction":[{"@type":"SearchAction","target":{"@type":"EntryPoint","urlTemplate":"https:\/\/www.tstcables.com\/de\/?s={search_term_string}"},"query-input":{"@type":"PropertyValueSpecification","valueRequired":true,"valueName":"search_term_string"}}],"inLanguage":"de"},{"@type":"Organization","@id":"https:\/\/www.tstcables.com\/de\/#organization","name":"TST Cable supplier & Manufacture","url":"https:\/\/www.tstcables.com\/de\/","logo":{"@type":"ImageObject","inLanguage":"de","@id":"https:\/\/www.tstcables.com\/de\/#\/schema\/logo\/image\/","url":"https:\/\/www.tstcables.com\/wp-content\/uploads\/2024\/04\/cropped-\u753b\u677f-1-\u62f7\u8d1d-4-1.png","contentUrl":"https:\/\/www.tstcables.com\/wp-content\/uploads\/2024\/04\/cropped-\u753b\u677f-1-\u62f7\u8d1d-4-1.png","width":300,"height":100,"caption":"TST Cable supplier & Manufacture"},"image":{"@id":"https:\/\/www.tstcables.com\/de\/#\/schema\/logo\/image\/"}}]}},"_links":{"self":[{"href":"https:\/\/www.tstcables.com\/de\/wp-json\/wp\/v2\/product\/19946","targetHints":{"allow":["GET"]}}],"collection":[{"href":"https:\/\/www.tstcables.com\/de\/wp-json\/wp\/v2\/product"}],"about":[{"href":"https:\/\/www.tstcables.com\/de\/wp-json\/wp\/v2\/types\/product"}],"version-history":[{"count":0,"href":"https:\/\/www.tstcables.com\/de\/wp-json\/wp\/v2\/product\/19946\/revisions"}],"wp:featuredmedia":[{"embeddable":true,"href":"https:\/\/www.tstcables.com\/de\/wp-json\/wp\/v2\/media\/13042"}],"wp:attachment":[{"href":"https:\/\/www.tstcables.com\/de\/wp-json\/wp\/v2\/media?parent=19946"}],"wp:term":[{"taxonomy":"product_brand","embeddable":true,"href":"https:\/\/www.tstcables.com\/de\/wp-json\/wp\/v2\/product_brand?post=19946"},{"taxonomy":"product_cat","embeddable":true,"href":"https:\/\/www.tstcables.com\/de\/wp-json\/wp\/v2\/product_cat?post=19946"},{"taxonomy":"product_tag","embeddable":true,"href":"https:\/\/www.tstcables.com\/de\/wp-json\/wp\/v2\/product_tag?post=19946"}],"curies":[{"name":"wp","href":"https:\/\/api.w.org\/{rel}","templated":true}]}}