{"id":19947,"date":"2024-03-23T15:03:25","date_gmt":"2024-03-23T07:03:25","guid":{"rendered":"https:\/\/www.tstcables.com\/product\/hochtemperaturbestaendiges-leichtgewicht-multifunktionale-integrierte-steuerungssysteme-draht-und-kabel\/"},"modified":"2024-03-23T15:03:25","modified_gmt":"2024-03-23T07:03:25","slug":"hochtemperaturbestaendiges-leichtgewicht-multifunktionale-integrierte-steuerungssysteme-draht-und-kabel","status":"publish","type":"product","link":"https:\/\/www.tstcables.com\/de\/produkt\/hochtemperaturbestaendiges-leichtgewicht-multifunktionale-integrierte-steuerungssysteme-draht-und-kabel\/","title":{"rendered":"Hochtemperaturbest\u00e4ndiges Leichtgewicht Multifunktionale integrierte Steuerungssysteme Draht und Kabel"},"content":{"rendered":"<p>Anwendung:<\/p>\n<p>Hochtemperaturbest\u00e4ndiges, leichtes, multifunktionales integriertes Steuerungssystem. Draht und Kabel, weit verbreitet in der Luft- und Raumfahrt, Hochgeschwindigkeitsbahn, Schifffahrt, Robotik, Medizin, neuen Energien und verschiedenen industriellen Automatisierungssteuerungssystemen.<\/p>\n<p>Charakteristisch:<\/p>\n<ul>\n<li>Nennspannung: 300 V, 600 V.<\/li>\n<li>Temperaturbereich: -40 \u00b0C bis 125 \u00b0C, -60 \u00b0C bis 200 \u00b0C.<\/li>\n<li>Leitermaterialien: Verzinnt, versilbert, vernickelt, Legierung.<\/li>\n<li>Quadratischer Querschnitt: 32AWG bis 18AWG.<\/li>\n<li>Anzahl der Kabeladern: 1-99 Adern.<\/li>\n<li>Langfristige Best\u00e4ndigkeit gegen nukleare Strahlung, kompakte Gr\u00f6\u00dfe, geringes Gewicht.<\/li>\n<li>Biegeradius: Fest verlegt: 6-facher Kabelau\u00dfendurchmesser (6D).<\/li>\n<\/ul>\n<p>Industriestandard:<\/p>\n<p>Q\/TST-010<\/p>\n<p>&nbsp;<\/p>\n","protected":false},"excerpt":{"rendered":"<p>Hochtemperaturbest\u00e4ndiges, leichtes, multifunktionales integriertes Steuerungssystem Wire &amp; Cable besteht aus einem kompletten Kabel kombiniert mit Simulationsgrafiken. Es sch\u00fctzt vor elektromagnetischen St\u00f6rungen von au\u00dfen und reduziert elektromagnetische St\u00f6rungen. Es reduziert au\u00dferdem die Anzahl der strukturellen L\u00f6cher, erh\u00f6ht die Sicherheit und reduziert das Gewicht der Verdrahtungskabel (mit einer potenziellen Gewichtsreduzierung von bis zu 20 %).<\/p>\n","protected":false},"featured_media":12490,"template":"","meta":{"_eb_attr":"","site-sidebar-layout":"default","site-content-layout":"","ast-site-content-layout":"default","site-content-style":"default","site-sidebar-style":"default","ast-global-header-display":"","ast-banner-title-visibility":"","ast-main-header-display":"","ast-hfb-above-header-display":"","ast-hfb-below-header-display":"","ast-hfb-mobile-header-display":"","site-post-title":"","ast-breadcrumbs-content":"","ast-featured-img":"","footer-sml-layout":"","theme-transparent-header-meta":"default","adv-header-id-meta":"","stick-header-meta":"","header-above-stick-meta":"","header-main-stick-meta":"","header-below-stick-meta":"","astra-migrate-meta-layouts":"default","ast-page-background-enabled":"default","ast-page-background-meta":{"desktop":{"background-color":"","background-image":"","background-repeat":"repeat","background-position":"center center","background-size":"auto","background-attachment":"scroll","background-type":"","background-media":"","overlay-type":"","overlay-color":"","overlay-opacity":"","overlay-gradient":""},"tablet":{"background-color":"","background-image":"","background-repeat":"repeat","background-position":"center center","background-size":"auto","background-attachment":"scroll","background-type":"","background-media":"","overlay-type":"","overlay-color":"","overlay-opacity":"","overlay-gradient":""},"mobile":{"background-color":"","background-image":"","background-repeat":"repeat","background-position":"center center","background-size":"auto","background-attachment":"scroll","background-type":"","background-media":"","overlay-type":"","overlay-color":"","overlay-opacity":"","overlay-gradient":""}},"ast-content-background-meta":{"desktop":{"background-color":"var(--ast-global-color-5)","background-image":"","background-repeat":"repeat","background-position":"center center","background-size":"auto","background-attachment":"scroll","background-type":"","background-media":"","overlay-type":"","overlay-color":"","overlay-opacity":"","overlay-gradient":""},"tablet":{"background-color":"var(--ast-global-color-5)","background-image":"","background-repeat":"repeat","background-position":"center center","background-size":"auto","background-attachment":"scroll","background-type":"","background-media":"","overlay-type":"","overlay-color":"","overlay-opacity":"","overlay-gradient":""},"mobile":{"background-color":"var(--ast-global-color-5)","background-image":"","background-repeat":"repeat","background-position":"center center","background-size":"auto","background-attachment":"scroll","background-type":"","background-media":"","overlay-type":"","overlay-color":"","overlay-opacity":"","overlay-gradient":""}}},"product_brand":[],"product_cat":[708,693,694,695,696,697,698,1514,1515,699,691,700,1597,702,713],"product_tag":[1616,1615],"class_list":{"0":"post-19947","1":"product","2":"type-product","3":"status-publish","4":"has-post-thumbnail","6":"product_cat-rail-way-de","7":"product_cat-enstandard-cable-de","8":"product_cat-en50264-de","9":"product_cat-en50306-de","10":"product_cat-en50382-de","11":"product_cat-high-temperature-cable-de","12":"product_cat-ice-standard-de","13":"product_cat-kleines-kabel","14":"product_cat-leichtes-kabel","15":"product_cat-lsoh-cable-de","16":"product_cat-aviation-de","17":"product_cat-marine-de","18":"product_cat-multifunktionales-verbundkabel","19":"product_cat-oil-gas-de","20":"product_cat-wind-power-de","21":"product_tag-multifunktionaler-draht-und-kabel","22":"product_tag-multifunktionaler-integrierter-draht-und-kabel","23":"desktop-align-center","24":"tablet-align-left","25":"mobile-align-left","27":"first","28":"instock","29":"shipping-taxable","30":"product-type-simple"},"yoast_head":"<!-- This site is optimized with the Yoast SEO plugin v27.5 - https:\/\/yoast.com\/product\/yoast-seo-wordpress\/ -->\n<title>Hochtemperaturbest\u00e4ndiges Leichtgewicht Multifunktionale integrierte Steuerungssysteme Draht und Kabel<\/title>\n<meta name=\"description\" content=\"Das multifunktionale integrierte Wire &amp; Cable besteht aus einem kompletten Kabel kombiniert mit Simulationsgrafiken.\" \/>\n<meta name=\"robots\" content=\"index, follow, max-snippet:-1, max-image-preview:large, max-video-preview:-1\" \/>\n<link rel=\"canonical\" href=\"https:\/\/www.tstcables.com\/de\/produkt\/hochtemperaturbestaendiges-leichtgewicht-multifunktionale-integrierte-steuerungssysteme-draht-und-kabel\/\" \/>\n<meta property=\"og:locale\" content=\"de_DE\" \/>\n<meta property=\"og:type\" content=\"article\" \/>\n<meta property=\"og:title\" content=\"Hochtemperaturbest\u00e4ndiges Leichtgewicht Multifunktionale integrierte Steuerungssysteme Draht und Kabel\" \/>\n<meta property=\"og:description\" content=\"Das multifunktionale integrierte Wire &amp; Cable besteht aus einem kompletten Kabel kombiniert mit Simulationsgrafiken.\" \/>\n<meta property=\"og:url\" content=\"https:\/\/www.tstcables.com\/de\/produkt\/hochtemperaturbestaendiges-leichtgewicht-multifunktionale-integrierte-steuerungssysteme-draht-und-kabel\/\" \/>\n<meta property=\"og:site_name\" content=\"TST CABLES supplier &amp; Manufacture\" \/>\n<meta property=\"og:image\" content=\"https:\/\/www.tstcables.com\/wp-content\/uploads\/2024\/03\/1-1.webp\" \/>\n\t<meta property=\"og:image:width\" content=\"640\" \/>\n\t<meta property=\"og:image:height\" content=\"640\" \/>\n\t<meta property=\"og:image:type\" content=\"image\/webp\" \/>\n<meta name=\"twitter:card\" content=\"summary_large_image\" \/>\n<script type=\"application\/ld+json\" class=\"yoast-schema-graph\">{\"@context\":\"https:\\\/\\\/schema.org\",\"@graph\":[{\"@type\":\"WebPage\",\"@id\":\"https:\\\/\\\/www.tstcables.com\\\/de\\\/produkt\\\/hochtemperaturbestaendiges-leichtgewicht-multifunktionale-integrierte-steuerungssysteme-draht-und-kabel\\\/\",\"url\":\"https:\\\/\\\/www.tstcables.com\\\/de\\\/produkt\\\/hochtemperaturbestaendiges-leichtgewicht-multifunktionale-integrierte-steuerungssysteme-draht-und-kabel\\\/\",\"name\":\"Hochtemperaturbest\u00e4ndiges Leichtgewicht Multifunktionale integrierte Steuerungssysteme Draht und Kabel\",\"isPartOf\":{\"@id\":\"https:\\\/\\\/www.tstcables.com\\\/de\\\/#website\"},\"primaryImageOfPage\":{\"@id\":\"https:\\\/\\\/www.tstcables.com\\\/de\\\/produkt\\\/hochtemperaturbestaendiges-leichtgewicht-multifunktionale-integrierte-steuerungssysteme-draht-und-kabel\\\/#primaryimage\"},\"image\":{\"@id\":\"https:\\\/\\\/www.tstcables.com\\\/de\\\/produkt\\\/hochtemperaturbestaendiges-leichtgewicht-multifunktionale-integrierte-steuerungssysteme-draht-und-kabel\\\/#primaryimage\"},\"thumbnailUrl\":\"https:\\\/\\\/www.tstcables.com\\\/wp-content\\\/uploads\\\/2024\\\/03\\\/1-1.webp\",\"datePublished\":\"2024-03-23T07:03:25+00:00\",\"description\":\"Das multifunktionale integrierte Wire & Cable besteht aus einem kompletten Kabel kombiniert mit Simulationsgrafiken.\",\"breadcrumb\":{\"@id\":\"https:\\\/\\\/www.tstcables.com\\\/de\\\/produkt\\\/hochtemperaturbestaendiges-leichtgewicht-multifunktionale-integrierte-steuerungssysteme-draht-und-kabel\\\/#breadcrumb\"},\"inLanguage\":\"de\",\"potentialAction\":[{\"@type\":\"ReadAction\",\"target\":[\"https:\\\/\\\/www.tstcables.com\\\/de\\\/produkt\\\/hochtemperaturbestaendiges-leichtgewicht-multifunktionale-integrierte-steuerungssysteme-draht-und-kabel\\\/\"]}]},{\"@type\":\"ImageObject\",\"inLanguage\":\"de\",\"@id\":\"https:\\\/\\\/www.tstcables.com\\\/de\\\/produkt\\\/hochtemperaturbestaendiges-leichtgewicht-multifunktionale-integrierte-steuerungssysteme-draht-und-kabel\\\/#primaryimage\",\"url\":\"https:\\\/\\\/www.tstcables.com\\\/wp-content\\\/uploads\\\/2024\\\/03\\\/1-1.webp\",\"contentUrl\":\"https:\\\/\\\/www.tstcables.com\\\/wp-content\\\/uploads\\\/2024\\\/03\\\/1-1.webp\",\"width\":640,\"height\":640,\"caption\":\"Multifunctional integrated Wire Cable\"},{\"@type\":\"BreadcrumbList\",\"@id\":\"https:\\\/\\\/www.tstcables.com\\\/de\\\/produkt\\\/hochtemperaturbestaendiges-leichtgewicht-multifunktionale-integrierte-steuerungssysteme-draht-und-kabel\\\/#breadcrumb\",\"itemListElement\":[{\"@type\":\"ListItem\",\"position\":1,\"name\":\"\u9996\u9875\",\"item\":\"https:\\\/\\\/www.tstcables.com\\\/de\\\/\"},{\"@type\":\"ListItem\",\"position\":2,\"name\":\"Product\",\"item\":\"https:\\\/\\\/www.tstcables.com\\\/product\\\/\"},{\"@type\":\"ListItem\",\"position\":3,\"name\":\"Hochtemperaturbest\u00e4ndiges Leichtgewicht Multifunktionale integrierte Steuerungssysteme Draht und Kabel\"}]},{\"@type\":\"WebSite\",\"@id\":\"https:\\\/\\\/www.tstcables.com\\\/de\\\/#website\",\"url\":\"https:\\\/\\\/www.tstcables.com\\\/de\\\/\",\"name\":\"TST Cable supplier & Manufacture\",\"description\":\"TST CABLES  supplier &amp; Manufacture official website\",\"publisher\":{\"@id\":\"https:\\\/\\\/www.tstcables.com\\\/de\\\/#organization\"},\"potentialAction\":[{\"@type\":\"SearchAction\",\"target\":{\"@type\":\"EntryPoint\",\"urlTemplate\":\"https:\\\/\\\/www.tstcables.com\\\/de\\\/?s={search_term_string}\"},\"query-input\":{\"@type\":\"PropertyValueSpecification\",\"valueRequired\":true,\"valueName\":\"search_term_string\"}}],\"inLanguage\":\"de\"},{\"@type\":\"Organization\",\"@id\":\"https:\\\/\\\/www.tstcables.com\\\/de\\\/#organization\",\"name\":\"TST Cable supplier & Manufacture\",\"url\":\"https:\\\/\\\/www.tstcables.com\\\/de\\\/\",\"logo\":{\"@type\":\"ImageObject\",\"inLanguage\":\"de\",\"@id\":\"https:\\\/\\\/www.tstcables.com\\\/de\\\/#\\\/schema\\\/logo\\\/image\\\/\",\"url\":\"https:\\\/\\\/www.tstcables.com\\\/wp-content\\\/uploads\\\/2024\\\/04\\\/cropped-\u753b\u677f-1-\u62f7\u8d1d-4-1.png\",\"contentUrl\":\"https:\\\/\\\/www.tstcables.com\\\/wp-content\\\/uploads\\\/2024\\\/04\\\/cropped-\u753b\u677f-1-\u62f7\u8d1d-4-1.png\",\"width\":300,\"height\":100,\"caption\":\"TST Cable supplier & Manufacture\"},\"image\":{\"@id\":\"https:\\\/\\\/www.tstcables.com\\\/de\\\/#\\\/schema\\\/logo\\\/image\\\/\"}}]}<\/script>\n<!-- \/ Yoast SEO plugin. -->","yoast_head_json":{"title":"Hochtemperaturbest\u00e4ndiges Leichtgewicht Multifunktionale integrierte Steuerungssysteme Draht und Kabel","description":"Das multifunktionale integrierte Wire & Cable besteht aus einem kompletten Kabel kombiniert mit Simulationsgrafiken.","robots":{"index":"index","follow":"follow","max-snippet":"max-snippet:-1","max-image-preview":"max-image-preview:large","max-video-preview":"max-video-preview:-1"},"canonical":"https:\/\/www.tstcables.com\/de\/produkt\/hochtemperaturbestaendiges-leichtgewicht-multifunktionale-integrierte-steuerungssysteme-draht-und-kabel\/","og_locale":"de_DE","og_type":"article","og_title":"Hochtemperaturbest\u00e4ndiges Leichtgewicht Multifunktionale integrierte Steuerungssysteme Draht und Kabel","og_description":"Das multifunktionale integrierte Wire & Cable besteht aus einem kompletten Kabel kombiniert mit Simulationsgrafiken.","og_url":"https:\/\/www.tstcables.com\/de\/produkt\/hochtemperaturbestaendiges-leichtgewicht-multifunktionale-integrierte-steuerungssysteme-draht-und-kabel\/","og_site_name":"TST CABLES supplier &amp; Manufacture","og_image":[{"width":640,"height":640,"url":"https:\/\/www.tstcables.com\/wp-content\/uploads\/2024\/03\/1-1.webp","type":"image\/webp"}],"twitter_card":"summary_large_image","schema":{"@context":"https:\/\/schema.org","@graph":[{"@type":"WebPage","@id":"https:\/\/www.tstcables.com\/de\/produkt\/hochtemperaturbestaendiges-leichtgewicht-multifunktionale-integrierte-steuerungssysteme-draht-und-kabel\/","url":"https:\/\/www.tstcables.com\/de\/produkt\/hochtemperaturbestaendiges-leichtgewicht-multifunktionale-integrierte-steuerungssysteme-draht-und-kabel\/","name":"Hochtemperaturbest\u00e4ndiges Leichtgewicht Multifunktionale integrierte Steuerungssysteme Draht und Kabel","isPartOf":{"@id":"https:\/\/www.tstcables.com\/de\/#website"},"primaryImageOfPage":{"@id":"https:\/\/www.tstcables.com\/de\/produkt\/hochtemperaturbestaendiges-leichtgewicht-multifunktionale-integrierte-steuerungssysteme-draht-und-kabel\/#primaryimage"},"image":{"@id":"https:\/\/www.tstcables.com\/de\/produkt\/hochtemperaturbestaendiges-leichtgewicht-multifunktionale-integrierte-steuerungssysteme-draht-und-kabel\/#primaryimage"},"thumbnailUrl":"https:\/\/www.tstcables.com\/wp-content\/uploads\/2024\/03\/1-1.webp","datePublished":"2024-03-23T07:03:25+00:00","description":"Das multifunktionale integrierte Wire & Cable besteht aus einem kompletten Kabel kombiniert mit Simulationsgrafiken.","breadcrumb":{"@id":"https:\/\/www.tstcables.com\/de\/produkt\/hochtemperaturbestaendiges-leichtgewicht-multifunktionale-integrierte-steuerungssysteme-draht-und-kabel\/#breadcrumb"},"inLanguage":"de","potentialAction":[{"@type":"ReadAction","target":["https:\/\/www.tstcables.com\/de\/produkt\/hochtemperaturbestaendiges-leichtgewicht-multifunktionale-integrierte-steuerungssysteme-draht-und-kabel\/"]}]},{"@type":"ImageObject","inLanguage":"de","@id":"https:\/\/www.tstcables.com\/de\/produkt\/hochtemperaturbestaendiges-leichtgewicht-multifunktionale-integrierte-steuerungssysteme-draht-und-kabel\/#primaryimage","url":"https:\/\/www.tstcables.com\/wp-content\/uploads\/2024\/03\/1-1.webp","contentUrl":"https:\/\/www.tstcables.com\/wp-content\/uploads\/2024\/03\/1-1.webp","width":640,"height":640,"caption":"Multifunctional integrated Wire Cable"},{"@type":"BreadcrumbList","@id":"https:\/\/www.tstcables.com\/de\/produkt\/hochtemperaturbestaendiges-leichtgewicht-multifunktionale-integrierte-steuerungssysteme-draht-und-kabel\/#breadcrumb","itemListElement":[{"@type":"ListItem","position":1,"name":"\u9996\u9875","item":"https:\/\/www.tstcables.com\/de\/"},{"@type":"ListItem","position":2,"name":"Product","item":"https:\/\/www.tstcables.com\/product\/"},{"@type":"ListItem","position":3,"name":"Hochtemperaturbest\u00e4ndiges Leichtgewicht Multifunktionale integrierte Steuerungssysteme Draht und Kabel"}]},{"@type":"WebSite","@id":"https:\/\/www.tstcables.com\/de\/#website","url":"https:\/\/www.tstcables.com\/de\/","name":"TST Cable supplier & Manufacture","description":"TST CABLES  supplier &amp; Manufacture official website","publisher":{"@id":"https:\/\/www.tstcables.com\/de\/#organization"},"potentialAction":[{"@type":"SearchAction","target":{"@type":"EntryPoint","urlTemplate":"https:\/\/www.tstcables.com\/de\/?s={search_term_string}"},"query-input":{"@type":"PropertyValueSpecification","valueRequired":true,"valueName":"search_term_string"}}],"inLanguage":"de"},{"@type":"Organization","@id":"https:\/\/www.tstcables.com\/de\/#organization","name":"TST Cable supplier & Manufacture","url":"https:\/\/www.tstcables.com\/de\/","logo":{"@type":"ImageObject","inLanguage":"de","@id":"https:\/\/www.tstcables.com\/de\/#\/schema\/logo\/image\/","url":"https:\/\/www.tstcables.com\/wp-content\/uploads\/2024\/04\/cropped-\u753b\u677f-1-\u62f7\u8d1d-4-1.png","contentUrl":"https:\/\/www.tstcables.com\/wp-content\/uploads\/2024\/04\/cropped-\u753b\u677f-1-\u62f7\u8d1d-4-1.png","width":300,"height":100,"caption":"TST Cable supplier & Manufacture"},"image":{"@id":"https:\/\/www.tstcables.com\/de\/#\/schema\/logo\/image\/"}}]}},"_links":{"self":[{"href":"https:\/\/www.tstcables.com\/de\/wp-json\/wp\/v2\/product\/19947","targetHints":{"allow":["GET"]}}],"collection":[{"href":"https:\/\/www.tstcables.com\/de\/wp-json\/wp\/v2\/product"}],"about":[{"href":"https:\/\/www.tstcables.com\/de\/wp-json\/wp\/v2\/types\/product"}],"version-history":[{"count":0,"href":"https:\/\/www.tstcables.com\/de\/wp-json\/wp\/v2\/product\/19947\/revisions"}],"wp:featuredmedia":[{"embeddable":true,"href":"https:\/\/www.tstcables.com\/de\/wp-json\/wp\/v2\/media\/12490"}],"wp:attachment":[{"href":"https:\/\/www.tstcables.com\/de\/wp-json\/wp\/v2\/media?parent=19947"}],"wp:term":[{"taxonomy":"product_brand","embeddable":true,"href":"https:\/\/www.tstcables.com\/de\/wp-json\/wp\/v2\/product_brand?post=19947"},{"taxonomy":"product_cat","embeddable":true,"href":"https:\/\/www.tstcables.com\/de\/wp-json\/wp\/v2\/product_cat?post=19947"},{"taxonomy":"product_tag","embeddable":true,"href":"https:\/\/www.tstcables.com\/de\/wp-json\/wp\/v2\/product_tag?post=19947"}],"curies":[{"name":"wp","href":"https:\/\/api.w.org\/{rel}","templated":true}]}}