{"id":19948,"date":"2024-03-23T15:14:21","date_gmt":"2024-03-23T07:14:21","guid":{"rendered":"https:\/\/www.tstcables.com\/product\/eisenbahn-dc-ac-hochdruck-salz-und-alkali-verschleissfestes-mehradriges-drahtkabel\/"},"modified":"2024-03-23T15:14:21","modified_gmt":"2024-03-23T07:14:21","slug":"eisenbahn-dc-ac-hochdruck-salz-und-alkali-verschleissfestes-mehradriges-drahtkabel","status":"publish","type":"product","link":"https:\/\/www.tstcables.com\/de\/produkt\/eisenbahn-dc-ac-hochdruck-salz-und-alkali-verschleissfestes-mehradriges-drahtkabel\/","title":{"rendered":"Eisenbahn-DC\/AC-Hochdruck-Salz- und Alkali-verschlei\u00dffestes mehradriges Drahtkabel"},"content":{"rendered":"<p>Anwendung:<\/p>\n<p>Das salz- und alkalibest\u00e4ndige mehradrige Hochdruck-Gleichstrom-\/Wechselstromkabel eignet sich sowohl f\u00fcr feste als auch f\u00fcr bewegliche Komponenten in den internen und externen Verbindungen von Lokomotiven und Fahrzeugen, sowohl f\u00fcr Gleichstrom- als auch f\u00fcr Wechselstromanwendungen. Es eignet sich besonders gut f\u00fcr Anwendungen mit Invertertechnik. Es bietet zuverl\u00e4ssige elektrische Verbindungen und erf\u00fcllt gleichzeitig die strengen Sicherheits- und Leistungsstandards, die in Schienenverkehrssystemen erforderlich sind.<\/p>\n<p>Charakteristisch:<\/p>\n<ul>\n<li>Temperaturbest\u00e4ndigkeit: -40 \u00b0C bis 105 \u00b0C.<\/li>\n<li>Nennspannung: 3600 V.<\/li>\n<li>Feuerwiderstandsklasse: HL3.<\/li>\n<li>Isolationsfestigkeit: Mehr als 10 MPa.<\/li>\n<li>Bruchdehnung: Mehr als 125 %.<\/li>\n<li>Kabelbiegeradius: 6-facher Kabelau\u00dfendurchmesser (6D).<\/li>\n<li>Eigenschaften: Best\u00e4ndig gegen Kriechen, Verschlei\u00df und Kompression; raucharm und halogenfrei; L\u00f6sungsmittelbest\u00e4ndigkeit; S\u00e4ure- und Alkalibest\u00e4ndigkeit; Mineral\u00f6lbest\u00e4ndigkeit; Heiz\u00f6lbest\u00e4ndigkeit; ausgezeichnete Tieftemperatur- und Hochtemperaturbest\u00e4ndigkeit; kompakte Gr\u00f6\u00dfe und leicht.<\/li>\n<\/ul>\n<p>Industriestandard:<\/p>\n<ul>\n<li>TB\/T1484.1-2017<\/li>\n<li>TJ\/CL254-2013<\/li>\n<li>EN45545\u3001HL1\u3001HL2 \u3001 HL3<\/li>\n<li>Es entspricht den Anforderungen von BS6853:1999 f\u00fcr Lokomotiven der Klassen la, lb und l hinsichtlich interner und externer Kabel.<\/li>\n<li>Hat die Brand-, Rauch- und Toxizit\u00e4tstests nach BS 6853:1999 und DIN 5510-2:2009 bestanden.<\/li>\n<li>Erf\u00fcllen Sie die Anforderungen der Brennbarkeitsklasse S1~S5 in DIN5510-2:2009.<\/li>\n<\/ul>\n<p>Struktur:<\/p>\n<ul>\n<li>Leiter: Verzinnter Kupferleiter der Klasse 5 oder 6.<\/li>\n<li>Isolierung: Vernetztes Polyolefin (XLPO), hergestellt durch Strahlenvernetzung.<\/li>\n<li>Abschirmung: Verzinntes Kupfergeflecht.<\/li>\n<li>Mantel: Vernetztes Polyolefin (XLPO) oder Elastomermaterial.<\/li>\n<\/ul>\n<p>Auswahlparameter<\/p>\n<table class=\"tg\">\n<thead>\n<tr>\n<th class=\"tg-0pky\" rowspan=\"2\">Anzahl der Adern * Nennquerschnitt<\/th>\n<th class=\"tg-0pky\" rowspan=\"2\"><span style=\"color: #000;\">Leiterdurchmesser (d)<\/span><\/th>\n<th class=\"tg-0pky\">Durchschnittliche Dicke der Isolierung<\/th>\n<th class=\"tg-0pky\" colspan=\"2\">Au\u00dfendurchmesser D<\/th>\n<th class=\"tg-0lax\">20\u2103 Leiterwiderstand<\/th>\n<th class=\"tg-0lax\">20\u2103 Isolationswiderstand<\/th>\n<th class=\"tg-0lax\">90\u2103 Isolationswiderstand<\/th>\n<th class=\"tg-0lax\">Referenzgewicht<\/th>\n<th class=\"tg-0lax\">Verbrennungsw\u00e4rmewert<\/th>\n<\/tr>\n<tr>\n<th class=\"tg-0pky\"><span style=\"color: #000;\">Min. mm<\/span><\/th>\n<th class=\"tg-0pky\"><span style=\"color: #000;\">Min. mm<\/span><\/th>\n<th class=\"tg-0pky\"><span style=\"color: #000;\">Max. mm<\/span><\/th>\n<th class=\"tg-0lax\"><span style=\"color: #000;\">Max.\u03a9\/km<\/span><\/th>\n<th class=\"tg-0lax\"><span style=\"color: #000;\">Min. m\u03a9.km<\/span><\/th>\n<th class=\"tg-0lax\"><span style=\"color: #000;\">Min. m\u03a9.km<\/span><\/th>\n<th class=\"tg-0lax\"><span style=\"color: #000;\">kg\/km<\/span><\/th>\n<th class=\"tg-0lax\"><span style=\"color: #000;\">KJ\/m<\/span><\/th>\n<\/tr>\n<\/thead>\n<tbody>\n<tr>\n<td class=\"tg-0pky\"><span style=\"color: #000;\">3X4.0<\/span><\/td>\n<td class=\"tg-0pky\"><span style=\"color: #000;\">2.4<\/span><\/td>\n<td class=\"tg-0pky\"><span style=\"color: #000;\">1.6<\/span><\/td>\n<td class=\"tg-0pky\"><span style=\"color: #000;\">16<\/span><\/td>\n<td class=\"tg-0pky\"><span style=\"color: #000;\">17<\/span><\/td>\n<td class=\"tg-0lax\"><span style=\"color: #000;\">5.09<\/span><\/td>\n<td class=\"tg-0lax\"><span style=\"color: #000;\">40<\/span><\/td>\n<td class=\"tg-0lax\"><span style=\"color: #000;\">0.4<\/span><\/td>\n<td class=\"tg-0lax\"><span style=\"color: #000;\">181<\/span><\/td>\n<td class=\"tg-0lax\"><span style=\"color: #000;\">4476<\/span><\/td>\n<\/tr>\n<tr>\n<td class=\"tg-0pky\"><span style=\"color: #000;\">6X4.0<\/span><\/td>\n<td class=\"tg-0pky\"><span style=\"color: #000;\">2.4<\/span><\/td>\n<td class=\"tg-0pky\"><span style=\"color: #000;\">1.6<\/span><\/td>\n<td class=\"tg-0pky\"><span style=\"color: #000;\">22.3<\/span><\/td>\n<td class=\"tg-0pky\"><span style=\"color: #000;\">23.3<\/span><\/td>\n<td class=\"tg-0lax\"><span style=\"color: #000;\">5.09<\/span><\/td>\n<td class=\"tg-0lax\"><span style=\"color: #000;\">40<\/span><\/td>\n<td class=\"tg-0lax\"><span style=\"color: #000;\">0.4<\/span><\/td>\n<td class=\"tg-0lax\"><span style=\"color: #000;\">342<\/span><\/td>\n<td class=\"tg-0lax\"><span style=\"color: #000;\">8623<\/span><\/td>\n<\/tr>\n<tr>\n<td class=\"tg-0pky\"><span style=\"color: #000;\">4X6.0<\/span><\/td>\n<td class=\"tg-0pky\"><span style=\"color: #000;\">2.95<\/span><\/td>\n<td class=\"tg-0pky\"><span style=\"color: #000;\">1.6<\/span><\/td>\n<td class=\"tg-0pky\"><span style=\"color: #000;\">20.3<\/span><\/td>\n<td class=\"tg-0pky\"><span style=\"color: #000;\">21.3<\/span><\/td>\n<td class=\"tg-0lax\"><span style=\"color: #000;\">3.39<\/span><\/td>\n<td class=\"tg-0lax\"><span style=\"color: #000;\">35<\/span><\/td>\n<td class=\"tg-0lax\"><span style=\"color: #000;\">0.35<\/span><\/td>\n<td class=\"tg-0lax\"><span style=\"color: #000;\">317<\/span><\/td>\n<td class=\"tg-0lax\"><span style=\"color: #000;\">7022<\/span><\/td>\n<\/tr>\n<tr>\n<td class=\"tg-0lax\"><span style=\"color: #000;\">2X10<\/span><\/td>\n<td class=\"tg-0lax\"><span style=\"color: #000;\">3.9<\/span><\/td>\n<td class=\"tg-0lax\"><span style=\"color: #000;\">1.8<\/span><\/td>\n<td class=\"tg-0lax\"><span style=\"color: #000;\">19.2<\/span><\/td>\n<td class=\"tg-0lax\"><span style=\"color: #000;\">20.2<\/span><\/td>\n<td class=\"tg-0lax\"><span style=\"color: #000;\">1.95<\/span><\/td>\n<td class=\"tg-0lax\"><span style=\"color: #000;\">30<\/span><\/td>\n<td class=\"tg-0lax\"><span style=\"color: #000;\">0.3<\/span><\/td>\n<td class=\"tg-0lax\"><span style=\"color: #000;\">283<\/span><\/td>\n<td class=\"tg-0lax\"><span style=\"color: #000;\">5938<\/span><\/td>\n<\/tr>\n<tr>\n<td class=\"tg-0lax\"><span style=\"color: #000;\">4X35<\/span><\/td>\n<td class=\"tg-0lax\"><span style=\"color: #000;\">7.8<\/span><\/td>\n<td class=\"tg-0lax\"><span style=\"color: #000;\">2.4<\/span><\/td>\n<td class=\"tg-0lax\"><span style=\"color: #000;\">39<\/span><\/td>\n<td class=\"tg-0lax\"><span style=\"color: #000;\">40.4<\/span><\/td>\n<td class=\"tg-0lax\"><span style=\"color: #000;\">0.565<\/span><\/td>\n<td class=\"tg-0lax\"><span style=\"color: #000;\">25<\/span><\/td>\n<td class=\"tg-0lax\"><span style=\"color: #000;\">0.25<\/span><\/td>\n<td class=\"tg-0lax\"><span style=\"color: #000;\">1583<\/span><\/td>\n<td class=\"tg-0lax\"><span style=\"color: #000;\">19237<\/span><\/td>\n<\/tr>\n<\/tbody>\n<\/table>\n","protected":false},"excerpt":{"rendered":"<p>Das verschlei\u00dffeste mehradrige Hochdruck-Salz- und Alkali-Hochdruck-Gleichstrom-\/Wechselstromkabel ist ein kompaktes und flexibles einadriges Kabel, das die Anforderungen moderner Schienenverkehrskabel erf\u00fcllt. Es hat einen kleinen Durchmesser und ein leichtes Design. Es ist halogenfrei, flammhemmend, raucharm und wenig toxisch und erf\u00fcllt die Anforderungen an Abriebfestigkeit, Ozonbest\u00e4ndigkeit und \u00d6lbest\u00e4ndigkeit.<\/p>\n<p>&nbsp;<\/p>\n","protected":false},"featured_media":12786,"template":"","meta":{"_eb_attr":"","site-sidebar-layout":"default","site-content-layout":"","ast-site-content-layout":"default","site-content-style":"default","site-sidebar-style":"default","ast-global-header-display":"","ast-banner-title-visibility":"","ast-main-header-display":"","ast-hfb-above-header-display":"","ast-hfb-below-header-display":"","ast-hfb-mobile-header-display":"","site-post-title":"","ast-breadcrumbs-content":"","ast-featured-img":"","footer-sml-layout":"","theme-transparent-header-meta":"default","adv-header-id-meta":"","stick-header-meta":"","header-above-stick-meta":"","header-main-stick-meta":"","header-below-stick-meta":"","astra-migrate-meta-layouts":"default","ast-page-background-enabled":"default","ast-page-background-meta":{"desktop":{"background-color":"","background-image":"","background-repeat":"repeat","background-position":"center center","background-size":"auto","background-attachment":"scroll","background-type":"","background-media":"","overlay-type":"","overlay-color":"","overlay-opacity":"","overlay-gradient":""},"tablet":{"background-color":"","background-image":"","background-repeat":"repeat","background-position":"center center","background-size":"auto","background-attachment":"scroll","background-type":"","background-media":"","overlay-type":"","overlay-color":"","overlay-opacity":"","overlay-gradient":""},"mobile":{"background-color":"","background-image":"","background-repeat":"repeat","background-position":"center center","background-size":"auto","background-attachment":"scroll","background-type":"","background-media":"","overlay-type":"","overlay-color":"","overlay-opacity":"","overlay-gradient":""}},"ast-content-background-meta":{"desktop":{"background-color":"var(--ast-global-color-5)","background-image":"","background-repeat":"repeat","background-position":"center center","background-size":"auto","background-attachment":"scroll","background-type":"","background-media":"","overlay-type":"","overlay-color":"","overlay-opacity":"","overlay-gradient":""},"tablet":{"background-color":"var(--ast-global-color-5)","background-image":"","background-repeat":"repeat","background-position":"center center","background-size":"auto","background-attachment":"scroll","background-type":"","background-media":"","overlay-type":"","overlay-color":"","overlay-opacity":"","overlay-gradient":""},"mobile":{"background-color":"var(--ast-global-color-5)","background-image":"","background-repeat":"repeat","background-position":"center center","background-size":"auto","background-attachment":"scroll","background-type":"","background-media":"","overlay-type":"","overlay-color":"","overlay-opacity":"","overlay-gradient":""}}},"product_brand":[],"product_cat":[708,693,694,695,696,697,698,699,691,692,1585,1579],"product_tag":[1617],"class_list":{"0":"post-19948","1":"product","2":"type-product","3":"status-publish","4":"has-post-thumbnail","6":"product_cat-rail-way-de","7":"product_cat-enstandard-cable-de","8":"product_cat-en50264-de","9":"product_cat-en50306-de","10":"product_cat-en50382-de","11":"product_cat-high-temperature-cable-de","12":"product_cat-ice-standard-de","13":"product_cat-lsoh-cable-de","14":"product_cat-aviation-de","15":"product_cat-customized-cable-de","16":"product_cat-salzalkalibestandiges-kabel","17":"product_cat-verschleisfestes-kabel","18":"product_tag-mehradrige-drahte-und-kabel","19":"desktop-align-center","20":"tablet-align-left","21":"mobile-align-left","23":"first","24":"instock","25":"shipping-taxable","26":"product-type-simple"},"yoast_head":"<!-- This site is optimized with the Yoast SEO plugin v27.5 - https:\/\/yoast.com\/product\/yoast-seo-wordpress\/ -->\n<title>Eisenbahn-DC\/AC-Hochdruck-Salz- und Alkali-verschlei\u00dffestes mehradriges Drahtkabel<\/title>\n<meta name=\"description\" content=\"Das verschlei\u00dffeste mehradrige Hochdruck-Gleichstrom-\/Wechselstromkabel f\u00fcr Salz und Alkali erf\u00fcllt die Anforderungen moderner Schienenverkehrskabel.\" \/>\n<meta name=\"robots\" content=\"index, follow, max-snippet:-1, max-image-preview:large, max-video-preview:-1\" \/>\n<link rel=\"canonical\" href=\"https:\/\/www.tstcables.com\/de\/produkt\/eisenbahn-dc-ac-hochdruck-salz-und-alkali-verschleissfestes-mehradriges-drahtkabel\/\" \/>\n<meta property=\"og:locale\" content=\"de_DE\" \/>\n<meta property=\"og:type\" content=\"article\" \/>\n<meta property=\"og:title\" content=\"Eisenbahn-DC\/AC-Hochdruck-Salz- und Alkali-verschlei\u00dffestes mehradriges Drahtkabel\" \/>\n<meta property=\"og:description\" content=\"Das verschlei\u00dffeste mehradrige Hochdruck-Gleichstrom-\/Wechselstromkabel f\u00fcr Salz und Alkali erf\u00fcllt die Anforderungen moderner Schienenverkehrskabel.\" \/>\n<meta property=\"og:url\" content=\"https:\/\/www.tstcables.com\/de\/produkt\/eisenbahn-dc-ac-hochdruck-salz-und-alkali-verschleissfestes-mehradriges-drahtkabel\/\" \/>\n<meta property=\"og:site_name\" content=\"TST CABLES supplier &amp; Manufacture\" \/>\n<meta property=\"og:image\" content=\"https:\/\/www.tstcables.com\/wp-content\/uploads\/2024\/03\/1-2.webp\" \/>\n\t<meta property=\"og:image:width\" content=\"640\" \/>\n\t<meta property=\"og:image:height\" content=\"640\" \/>\n\t<meta property=\"og:image:type\" content=\"image\/webp\" \/>\n<meta name=\"twitter:card\" content=\"summary_large_image\" \/>\n<meta name=\"twitter:label1\" content=\"Gesch\u00e4tzte Lesezeit\" \/>\n\t<meta name=\"twitter:data1\" content=\"1\u00a0Minute\" \/>\n<script type=\"application\/ld+json\" class=\"yoast-schema-graph\">{\"@context\":\"https:\\\/\\\/schema.org\",\"@graph\":[{\"@type\":\"WebPage\",\"@id\":\"https:\\\/\\\/www.tstcables.com\\\/de\\\/produkt\\\/eisenbahn-dc-ac-hochdruck-salz-und-alkali-verschleissfestes-mehradriges-drahtkabel\\\/\",\"url\":\"https:\\\/\\\/www.tstcables.com\\\/de\\\/produkt\\\/eisenbahn-dc-ac-hochdruck-salz-und-alkali-verschleissfestes-mehradriges-drahtkabel\\\/\",\"name\":\"Eisenbahn-DC\\\/AC-Hochdruck-Salz- und Alkali-verschlei\u00dffestes mehradriges Drahtkabel\",\"isPartOf\":{\"@id\":\"https:\\\/\\\/www.tstcables.com\\\/de\\\/#website\"},\"primaryImageOfPage\":{\"@id\":\"https:\\\/\\\/www.tstcables.com\\\/de\\\/produkt\\\/eisenbahn-dc-ac-hochdruck-salz-und-alkali-verschleissfestes-mehradriges-drahtkabel\\\/#primaryimage\"},\"image\":{\"@id\":\"https:\\\/\\\/www.tstcables.com\\\/de\\\/produkt\\\/eisenbahn-dc-ac-hochdruck-salz-und-alkali-verschleissfestes-mehradriges-drahtkabel\\\/#primaryimage\"},\"thumbnailUrl\":\"https:\\\/\\\/www.tstcables.com\\\/wp-content\\\/uploads\\\/2024\\\/03\\\/1-2.webp\",\"datePublished\":\"2024-03-23T07:14:21+00:00\",\"description\":\"Das verschlei\u00dffeste mehradrige Hochdruck-Gleichstrom-\\\/Wechselstromkabel f\u00fcr Salz und Alkali erf\u00fcllt die Anforderungen moderner Schienenverkehrskabel.\",\"breadcrumb\":{\"@id\":\"https:\\\/\\\/www.tstcables.com\\\/de\\\/produkt\\\/eisenbahn-dc-ac-hochdruck-salz-und-alkali-verschleissfestes-mehradriges-drahtkabel\\\/#breadcrumb\"},\"inLanguage\":\"de\",\"potentialAction\":[{\"@type\":\"ReadAction\",\"target\":[\"https:\\\/\\\/www.tstcables.com\\\/de\\\/produkt\\\/eisenbahn-dc-ac-hochdruck-salz-und-alkali-verschleissfestes-mehradriges-drahtkabel\\\/\"]}]},{\"@type\":\"ImageObject\",\"inLanguage\":\"de\",\"@id\":\"https:\\\/\\\/www.tstcables.com\\\/de\\\/produkt\\\/eisenbahn-dc-ac-hochdruck-salz-und-alkali-verschleissfestes-mehradriges-drahtkabel\\\/#primaryimage\",\"url\":\"https:\\\/\\\/www.tstcables.com\\\/wp-content\\\/uploads\\\/2024\\\/03\\\/1-2.webp\",\"contentUrl\":\"https:\\\/\\\/www.tstcables.com\\\/wp-content\\\/uploads\\\/2024\\\/03\\\/1-2.webp\",\"width\":640,\"height\":640,\"caption\":\"CAT7 cable (Category 7 network cable) EN50264 fire-resistant wire &cableEN50264 fire-resistant wire &cable\"},{\"@type\":\"BreadcrumbList\",\"@id\":\"https:\\\/\\\/www.tstcables.com\\\/de\\\/produkt\\\/eisenbahn-dc-ac-hochdruck-salz-und-alkali-verschleissfestes-mehradriges-drahtkabel\\\/#breadcrumb\",\"itemListElement\":[{\"@type\":\"ListItem\",\"position\":1,\"name\":\"\u9996\u9875\",\"item\":\"https:\\\/\\\/www.tstcables.com\\\/de\\\/\"},{\"@type\":\"ListItem\",\"position\":2,\"name\":\"Product\",\"item\":\"https:\\\/\\\/www.tstcables.com\\\/product\\\/\"},{\"@type\":\"ListItem\",\"position\":3,\"name\":\"Eisenbahn-DC\\\/AC-Hochdruck-Salz- und Alkali-verschlei\u00dffestes mehradriges Drahtkabel\"}]},{\"@type\":\"WebSite\",\"@id\":\"https:\\\/\\\/www.tstcables.com\\\/de\\\/#website\",\"url\":\"https:\\\/\\\/www.tstcables.com\\\/de\\\/\",\"name\":\"TST Cable supplier & Manufacture\",\"description\":\"TST CABLES  supplier &amp; Manufacture official website\",\"publisher\":{\"@id\":\"https:\\\/\\\/www.tstcables.com\\\/de\\\/#organization\"},\"potentialAction\":[{\"@type\":\"SearchAction\",\"target\":{\"@type\":\"EntryPoint\",\"urlTemplate\":\"https:\\\/\\\/www.tstcables.com\\\/de\\\/?s={search_term_string}\"},\"query-input\":{\"@type\":\"PropertyValueSpecification\",\"valueRequired\":true,\"valueName\":\"search_term_string\"}}],\"inLanguage\":\"de\"},{\"@type\":\"Organization\",\"@id\":\"https:\\\/\\\/www.tstcables.com\\\/de\\\/#organization\",\"name\":\"TST Cable supplier & Manufacture\",\"url\":\"https:\\\/\\\/www.tstcables.com\\\/de\\\/\",\"logo\":{\"@type\":\"ImageObject\",\"inLanguage\":\"de\",\"@id\":\"https:\\\/\\\/www.tstcables.com\\\/de\\\/#\\\/schema\\\/logo\\\/image\\\/\",\"url\":\"https:\\\/\\\/www.tstcables.com\\\/wp-content\\\/uploads\\\/2024\\\/04\\\/cropped-\u753b\u677f-1-\u62f7\u8d1d-4-1.png\",\"contentUrl\":\"https:\\\/\\\/www.tstcables.com\\\/wp-content\\\/uploads\\\/2024\\\/04\\\/cropped-\u753b\u677f-1-\u62f7\u8d1d-4-1.png\",\"width\":300,\"height\":100,\"caption\":\"TST Cable supplier & Manufacture\"},\"image\":{\"@id\":\"https:\\\/\\\/www.tstcables.com\\\/de\\\/#\\\/schema\\\/logo\\\/image\\\/\"}}]}<\/script>\n<!-- \/ Yoast SEO plugin. -->","yoast_head_json":{"title":"Eisenbahn-DC\/AC-Hochdruck-Salz- und Alkali-verschlei\u00dffestes mehradriges Drahtkabel","description":"Das verschlei\u00dffeste mehradrige Hochdruck-Gleichstrom-\/Wechselstromkabel f\u00fcr Salz und Alkali erf\u00fcllt die Anforderungen moderner Schienenverkehrskabel.","robots":{"index":"index","follow":"follow","max-snippet":"max-snippet:-1","max-image-preview":"max-image-preview:large","max-video-preview":"max-video-preview:-1"},"canonical":"https:\/\/www.tstcables.com\/de\/produkt\/eisenbahn-dc-ac-hochdruck-salz-und-alkali-verschleissfestes-mehradriges-drahtkabel\/","og_locale":"de_DE","og_type":"article","og_title":"Eisenbahn-DC\/AC-Hochdruck-Salz- und Alkali-verschlei\u00dffestes mehradriges Drahtkabel","og_description":"Das verschlei\u00dffeste mehradrige Hochdruck-Gleichstrom-\/Wechselstromkabel f\u00fcr Salz und Alkali erf\u00fcllt die Anforderungen moderner Schienenverkehrskabel.","og_url":"https:\/\/www.tstcables.com\/de\/produkt\/eisenbahn-dc-ac-hochdruck-salz-und-alkali-verschleissfestes-mehradriges-drahtkabel\/","og_site_name":"TST CABLES supplier &amp; Manufacture","og_image":[{"width":640,"height":640,"url":"https:\/\/www.tstcables.com\/wp-content\/uploads\/2024\/03\/1-2.webp","type":"image\/webp"}],"twitter_card":"summary_large_image","twitter_misc":{"Gesch\u00e4tzte Lesezeit":"1\u00a0Minute"},"schema":{"@context":"https:\/\/schema.org","@graph":[{"@type":"WebPage","@id":"https:\/\/www.tstcables.com\/de\/produkt\/eisenbahn-dc-ac-hochdruck-salz-und-alkali-verschleissfestes-mehradriges-drahtkabel\/","url":"https:\/\/www.tstcables.com\/de\/produkt\/eisenbahn-dc-ac-hochdruck-salz-und-alkali-verschleissfestes-mehradriges-drahtkabel\/","name":"Eisenbahn-DC\/AC-Hochdruck-Salz- und Alkali-verschlei\u00dffestes mehradriges Drahtkabel","isPartOf":{"@id":"https:\/\/www.tstcables.com\/de\/#website"},"primaryImageOfPage":{"@id":"https:\/\/www.tstcables.com\/de\/produkt\/eisenbahn-dc-ac-hochdruck-salz-und-alkali-verschleissfestes-mehradriges-drahtkabel\/#primaryimage"},"image":{"@id":"https:\/\/www.tstcables.com\/de\/produkt\/eisenbahn-dc-ac-hochdruck-salz-und-alkali-verschleissfestes-mehradriges-drahtkabel\/#primaryimage"},"thumbnailUrl":"https:\/\/www.tstcables.com\/wp-content\/uploads\/2024\/03\/1-2.webp","datePublished":"2024-03-23T07:14:21+00:00","description":"Das verschlei\u00dffeste mehradrige Hochdruck-Gleichstrom-\/Wechselstromkabel f\u00fcr Salz und Alkali erf\u00fcllt die Anforderungen moderner Schienenverkehrskabel.","breadcrumb":{"@id":"https:\/\/www.tstcables.com\/de\/produkt\/eisenbahn-dc-ac-hochdruck-salz-und-alkali-verschleissfestes-mehradriges-drahtkabel\/#breadcrumb"},"inLanguage":"de","potentialAction":[{"@type":"ReadAction","target":["https:\/\/www.tstcables.com\/de\/produkt\/eisenbahn-dc-ac-hochdruck-salz-und-alkali-verschleissfestes-mehradriges-drahtkabel\/"]}]},{"@type":"ImageObject","inLanguage":"de","@id":"https:\/\/www.tstcables.com\/de\/produkt\/eisenbahn-dc-ac-hochdruck-salz-und-alkali-verschleissfestes-mehradriges-drahtkabel\/#primaryimage","url":"https:\/\/www.tstcables.com\/wp-content\/uploads\/2024\/03\/1-2.webp","contentUrl":"https:\/\/www.tstcables.com\/wp-content\/uploads\/2024\/03\/1-2.webp","width":640,"height":640,"caption":"CAT7 cable (Category 7 network cable) EN50264 fire-resistant wire &cableEN50264 fire-resistant wire &cable"},{"@type":"BreadcrumbList","@id":"https:\/\/www.tstcables.com\/de\/produkt\/eisenbahn-dc-ac-hochdruck-salz-und-alkali-verschleissfestes-mehradriges-drahtkabel\/#breadcrumb","itemListElement":[{"@type":"ListItem","position":1,"name":"\u9996\u9875","item":"https:\/\/www.tstcables.com\/de\/"},{"@type":"ListItem","position":2,"name":"Product","item":"https:\/\/www.tstcables.com\/product\/"},{"@type":"ListItem","position":3,"name":"Eisenbahn-DC\/AC-Hochdruck-Salz- und Alkali-verschlei\u00dffestes mehradriges Drahtkabel"}]},{"@type":"WebSite","@id":"https:\/\/www.tstcables.com\/de\/#website","url":"https:\/\/www.tstcables.com\/de\/","name":"TST Cable supplier & Manufacture","description":"TST CABLES  supplier &amp; Manufacture official website","publisher":{"@id":"https:\/\/www.tstcables.com\/de\/#organization"},"potentialAction":[{"@type":"SearchAction","target":{"@type":"EntryPoint","urlTemplate":"https:\/\/www.tstcables.com\/de\/?s={search_term_string}"},"query-input":{"@type":"PropertyValueSpecification","valueRequired":true,"valueName":"search_term_string"}}],"inLanguage":"de"},{"@type":"Organization","@id":"https:\/\/www.tstcables.com\/de\/#organization","name":"TST Cable supplier & Manufacture","url":"https:\/\/www.tstcables.com\/de\/","logo":{"@type":"ImageObject","inLanguage":"de","@id":"https:\/\/www.tstcables.com\/de\/#\/schema\/logo\/image\/","url":"https:\/\/www.tstcables.com\/wp-content\/uploads\/2024\/04\/cropped-\u753b\u677f-1-\u62f7\u8d1d-4-1.png","contentUrl":"https:\/\/www.tstcables.com\/wp-content\/uploads\/2024\/04\/cropped-\u753b\u677f-1-\u62f7\u8d1d-4-1.png","width":300,"height":100,"caption":"TST Cable supplier & Manufacture"},"image":{"@id":"https:\/\/www.tstcables.com\/de\/#\/schema\/logo\/image\/"}}]}},"_links":{"self":[{"href":"https:\/\/www.tstcables.com\/de\/wp-json\/wp\/v2\/product\/19948","targetHints":{"allow":["GET"]}}],"collection":[{"href":"https:\/\/www.tstcables.com\/de\/wp-json\/wp\/v2\/product"}],"about":[{"href":"https:\/\/www.tstcables.com\/de\/wp-json\/wp\/v2\/types\/product"}],"version-history":[{"count":0,"href":"https:\/\/www.tstcables.com\/de\/wp-json\/wp\/v2\/product\/19948\/revisions"}],"wp:featuredmedia":[{"embeddable":true,"href":"https:\/\/www.tstcables.com\/de\/wp-json\/wp\/v2\/media\/12786"}],"wp:attachment":[{"href":"https:\/\/www.tstcables.com\/de\/wp-json\/wp\/v2\/media?parent=19948"}],"wp:term":[{"taxonomy":"product_brand","embeddable":true,"href":"https:\/\/www.tstcables.com\/de\/wp-json\/wp\/v2\/product_brand?post=19948"},{"taxonomy":"product_cat","embeddable":true,"href":"https:\/\/www.tstcables.com\/de\/wp-json\/wp\/v2\/product_cat?post=19948"},{"taxonomy":"product_tag","embeddable":true,"href":"https:\/\/www.tstcables.com\/de\/wp-json\/wp\/v2\/product_tag?post=19948"}],"curies":[{"name":"wp","href":"https:\/\/api.w.org\/{rel}","templated":true}]}}