{"id":19950,"date":"2024-03-23T14:38:41","date_gmt":"2024-03-23T06:38:41","guid":{"rendered":"https:\/\/www.tstcables.com\/product\/ladekabel-und-kabel-fuer-elektrofahrzeuge\/"},"modified":"2024-03-23T14:38:41","modified_gmt":"2024-03-23T06:38:41","slug":"ladekabel-und-kabel-fuer-elektrofahrzeuge","status":"publish","type":"product","link":"https:\/\/www.tstcables.com\/de\/produkt\/ladekabel-und-kabel-fuer-elektrofahrzeuge\/","title":{"rendered":"Ladekabel und Kabel f\u00fcr Elektrofahrzeuge"},"content":{"rendered":"<p>Anwendung:<\/p>\n<p>Ladedr\u00e4hte und -kabel f\u00fcr Elektrofahrzeuge werden h\u00e4ufig in Ladestationen, Parkpl\u00e4tzen, Hotels, Gemeinden, Garagen und anderen Bereichen verwendet.Ladedr\u00e4hte und -kabel f\u00fcr Elektrofahrzeuge werden h\u00e4ufig in Ladestationen, Parkpl\u00e4tzen, Hotels, Gemeinden, Garagen und anderen Bereichen verwendet. Tragbare Ladekabel k\u00f6nnen bequem im Fahrzeug verstaut werden.<\/p>\n<p>Charakteristisch:<\/p>\n<ul>\n<li>Nennspannung: AC 450\/750 V, DC 1,0 kV.<\/li>\n<li>Querschnittsfl\u00e4che: 0,75 mm2, 1,5 mm2, 2,5 mm2, 4,0 mm2, 6,0 mm2, 16 mm2, 20 mm2, 35 mm2, 50 mm2, 80 mm2.<\/li>\n<li>Anzahl der Kabeladern: Signalleitung + Steuerleitung + Stromleitung.<\/li>\n<li>Leiter: Flexible Leiter der Klassen 5 und 6.<\/li>\n<li>Biegeradius: 5D (spezielle Anforderungen).<\/li>\n<li>Hinweis: Im Zusammenhang mit den Kabeleigenschaften bezieht sich \u201e5D\u201c auf einen Biegeradius, der dem F\u00fcnffachen des Au\u00dfendurchmessers des Kabels entspricht.<\/li>\n<\/ul>\n<p>Industriestandard:<\/p>\n<ul>\n<li>IEC 62893<\/li>\n<li>Eu &#8211; 50260<\/li>\n<li>ur62<\/li>\n<li>T33594<\/li>\n<\/ul>\n","protected":false},"excerpt":{"rendered":"<p>Ladekabel und -kabel f\u00fcr Elektrofahrzeuge dienen zur Verbindung von Ladeger\u00e4ten und Ladeinfrastruktur f\u00fcr Elektrofahrzeuge und erm\u00f6glichen so die \u00dcbertragung von Strom an Elektrofahrzeuge. Diese Kabel sind mit einer bestimmten Anzahl an Signalleitungen, Steuerleitungen, Energiehilfsleitungen usw. ausgestattet, um eine pr\u00e4zise Steuerung und einen sicheren Betrieb w\u00e4hrend des gesamten Ladevorgangs zu gew\u00e4hrleisten.<\/p>\n","protected":false},"featured_media":10714,"template":"","meta":{"_eb_attr":"","site-sidebar-layout":"default","site-content-layout":"","ast-site-content-layout":"default","site-content-style":"default","site-sidebar-style":"default","ast-global-header-display":"","ast-banner-title-visibility":"","ast-main-header-display":"","ast-hfb-above-header-display":"","ast-hfb-below-header-display":"","ast-hfb-mobile-header-display":"","site-post-title":"","ast-breadcrumbs-content":"","ast-featured-img":"","footer-sml-layout":"","theme-transparent-header-meta":"default","adv-header-id-meta":"","stick-header-meta":"","header-above-stick-meta":"","header-main-stick-meta":"","header-below-stick-meta":"","astra-migrate-meta-layouts":"default","ast-page-background-enabled":"default","ast-page-background-meta":{"desktop":{"background-color":"","background-image":"","background-repeat":"repeat","background-position":"center center","background-size":"auto","background-attachment":"scroll","background-type":"","background-media":"","overlay-type":"","overlay-color":"","overlay-opacity":"","overlay-gradient":""},"tablet":{"background-color":"","background-image":"","background-repeat":"repeat","background-position":"center center","background-size":"auto","background-attachment":"scroll","background-type":"","background-media":"","overlay-type":"","overlay-color":"","overlay-opacity":"","overlay-gradient":""},"mobile":{"background-color":"","background-image":"","background-repeat":"repeat","background-position":"center center","background-size":"auto","background-attachment":"scroll","background-type":"","background-media":"","overlay-type":"","overlay-color":"","overlay-opacity":"","overlay-gradient":""}},"ast-content-background-meta":{"desktop":{"background-color":"var(--ast-global-color-5)","background-image":"","background-repeat":"repeat","background-position":"center center","background-size":"auto","background-attachment":"scroll","background-type":"","background-media":"","overlay-type":"","overlay-color":"","overlay-opacity":"","overlay-gradient":""},"tablet":{"background-color":"var(--ast-global-color-5)","background-image":"","background-repeat":"repeat","background-position":"center center","background-size":"auto","background-attachment":"scroll","background-type":"","background-media":"","overlay-type":"","overlay-color":"","overlay-opacity":"","overlay-gradient":""},"mobile":{"background-color":"var(--ast-global-color-5)","background-image":"","background-repeat":"repeat","background-position":"center center","background-size":"auto","background-attachment":"scroll","background-type":"","background-media":"","overlay-type":"","overlay-color":"","overlay-opacity":"","overlay-gradient":""}}},"product_brand":[],"product_cat":[708,693,694,695,696,697,698,1514,1515,699,700,692,709],"product_tag":[1620,1619],"class_list":{"0":"post-19950","1":"product","2":"type-product","3":"status-publish","4":"has-post-thumbnail","6":"product_cat-rail-way-de","7":"product_cat-enstandard-cable-de","8":"product_cat-en50264-de","9":"product_cat-en50306-de","10":"product_cat-en50382-de","11":"product_cat-high-temperature-cable-de","12":"product_cat-ice-standard-de","13":"product_cat-kleines-kabel","14":"product_cat-leichtes-kabel","15":"product_cat-lsoh-cable-de","16":"product_cat-marine-de","17":"product_cat-customized-cable-de","18":"product_cat-silicone-cable-de","19":"product_tag-draht-und-kabel-fur-elektrofahrzeuge","20":"product_tag-ladekabel-und-ladekabel","21":"desktop-align-center","22":"tablet-align-left","23":"mobile-align-left","25":"first","26":"instock","27":"shipping-taxable","28":"product-type-simple"},"yoast_head":"<!-- This site is optimized with the Yoast SEO plugin v27.4 - https:\/\/yoast.com\/product\/yoast-seo-wordpress\/ -->\n<title>Ladekabel und Kabel f\u00fcr Elektrofahrzeuge<\/title>\n<meta name=\"description\" content=\"Ladekabel und -kabel f\u00fcr Elektrofahrzeuge werden zum Verbinden von Ladeger\u00e4ten f\u00fcr Elektrofahrzeuge und der Ladeinfrastruktur verwendet.\" \/>\n<meta name=\"robots\" content=\"index, follow, max-snippet:-1, max-image-preview:large, max-video-preview:-1\" \/>\n<link rel=\"canonical\" href=\"https:\/\/www.tstcables.com\/de\/produkt\/ladekabel-und-kabel-fuer-elektrofahrzeuge\/\" \/>\n<meta property=\"og:locale\" content=\"de_DE\" \/>\n<meta property=\"og:type\" content=\"article\" \/>\n<meta property=\"og:title\" content=\"Ladekabel und Kabel f\u00fcr Elektrofahrzeuge\" \/>\n<meta property=\"og:description\" content=\"Ladekabel und -kabel f\u00fcr Elektrofahrzeuge werden zum Verbinden von Ladeger\u00e4ten f\u00fcr Elektrofahrzeuge und der Ladeinfrastruktur verwendet.\" \/>\n<meta property=\"og:url\" content=\"https:\/\/www.tstcables.com\/de\/produkt\/ladekabel-und-kabel-fuer-elektrofahrzeuge\/\" \/>\n<meta property=\"og:site_name\" content=\"TST CABLES supplier &amp; Manufacture\" \/>\n<meta property=\"og:image\" content=\"https:\/\/www.tstcables.com\/wp-content\/uploads\/2024\/03\/20161208101139_81404.png\" \/>\n\t<meta property=\"og:image:width\" content=\"422\" \/>\n\t<meta property=\"og:image:height\" content=\"278\" \/>\n\t<meta property=\"og:image:type\" content=\"image\/png\" \/>\n<meta name=\"twitter:card\" content=\"summary_large_image\" \/>\n<meta name=\"twitter:label1\" content=\"Gesch\u00e4tzte Lesezeit\" \/>\n\t<meta name=\"twitter:data1\" content=\"1\u00a0Minute\" \/>\n<script type=\"application\/ld+json\" class=\"yoast-schema-graph\">{\"@context\":\"https:\\\/\\\/schema.org\",\"@graph\":[{\"@type\":\"WebPage\",\"@id\":\"https:\\\/\\\/www.tstcables.com\\\/de\\\/produkt\\\/ladekabel-und-kabel-fuer-elektrofahrzeuge\\\/\",\"url\":\"https:\\\/\\\/www.tstcables.com\\\/de\\\/produkt\\\/ladekabel-und-kabel-fuer-elektrofahrzeuge\\\/\",\"name\":\"Ladekabel und Kabel f\u00fcr Elektrofahrzeuge\",\"isPartOf\":{\"@id\":\"https:\\\/\\\/www.tstcables.com\\\/de\\\/#website\"},\"primaryImageOfPage\":{\"@id\":\"https:\\\/\\\/www.tstcables.com\\\/de\\\/produkt\\\/ladekabel-und-kabel-fuer-elektrofahrzeuge\\\/#primaryimage\"},\"image\":{\"@id\":\"https:\\\/\\\/www.tstcables.com\\\/de\\\/produkt\\\/ladekabel-und-kabel-fuer-elektrofahrzeuge\\\/#primaryimage\"},\"thumbnailUrl\":\"https:\\\/\\\/www.tstcables.com\\\/wp-content\\\/uploads\\\/2024\\\/03\\\/20161208101139_81404.png\",\"datePublished\":\"2024-03-23T06:38:41+00:00\",\"description\":\"Ladekabel und -kabel f\u00fcr Elektrofahrzeuge werden zum Verbinden von Ladeger\u00e4ten f\u00fcr Elektrofahrzeuge und der Ladeinfrastruktur verwendet.\",\"breadcrumb\":{\"@id\":\"https:\\\/\\\/www.tstcables.com\\\/de\\\/produkt\\\/ladekabel-und-kabel-fuer-elektrofahrzeuge\\\/#breadcrumb\"},\"inLanguage\":\"de\",\"potentialAction\":[{\"@type\":\"ReadAction\",\"target\":[\"https:\\\/\\\/www.tstcables.com\\\/de\\\/produkt\\\/ladekabel-und-kabel-fuer-elektrofahrzeuge\\\/\"]}]},{\"@type\":\"ImageObject\",\"inLanguage\":\"de\",\"@id\":\"https:\\\/\\\/www.tstcables.com\\\/de\\\/produkt\\\/ladekabel-und-kabel-fuer-elektrofahrzeuge\\\/#primaryimage\",\"url\":\"https:\\\/\\\/www.tstcables.com\\\/wp-content\\\/uploads\\\/2024\\\/03\\\/20161208101139_81404.png\",\"contentUrl\":\"https:\\\/\\\/www.tstcables.com\\\/wp-content\\\/uploads\\\/2024\\\/03\\\/20161208101139_81404.png\",\"width\":422,\"height\":278,\"caption\":\"Electric vehicle charging wire & cable\"},{\"@type\":\"BreadcrumbList\",\"@id\":\"https:\\\/\\\/www.tstcables.com\\\/de\\\/produkt\\\/ladekabel-und-kabel-fuer-elektrofahrzeuge\\\/#breadcrumb\",\"itemListElement\":[{\"@type\":\"ListItem\",\"position\":1,\"name\":\"\u9996\u9875\",\"item\":\"https:\\\/\\\/www.tstcables.com\\\/de\\\/\"},{\"@type\":\"ListItem\",\"position\":2,\"name\":\"Product\",\"item\":\"https:\\\/\\\/www.tstcables.com\\\/product\\\/\"},{\"@type\":\"ListItem\",\"position\":3,\"name\":\"Ladekabel und Kabel f\u00fcr Elektrofahrzeuge\"}]},{\"@type\":\"WebSite\",\"@id\":\"https:\\\/\\\/www.tstcables.com\\\/de\\\/#website\",\"url\":\"https:\\\/\\\/www.tstcables.com\\\/de\\\/\",\"name\":\"TST Cable supplier & Manufacture\",\"description\":\"TST CABLES  supplier &amp; Manufacture official website\",\"publisher\":{\"@id\":\"https:\\\/\\\/www.tstcables.com\\\/de\\\/#organization\"},\"potentialAction\":[{\"@type\":\"SearchAction\",\"target\":{\"@type\":\"EntryPoint\",\"urlTemplate\":\"https:\\\/\\\/www.tstcables.com\\\/de\\\/?s={search_term_string}\"},\"query-input\":{\"@type\":\"PropertyValueSpecification\",\"valueRequired\":true,\"valueName\":\"search_term_string\"}}],\"inLanguage\":\"de\"},{\"@type\":\"Organization\",\"@id\":\"https:\\\/\\\/www.tstcables.com\\\/de\\\/#organization\",\"name\":\"TST Cable supplier & Manufacture\",\"url\":\"https:\\\/\\\/www.tstcables.com\\\/de\\\/\",\"logo\":{\"@type\":\"ImageObject\",\"inLanguage\":\"de\",\"@id\":\"https:\\\/\\\/www.tstcables.com\\\/de\\\/#\\\/schema\\\/logo\\\/image\\\/\",\"url\":\"https:\\\/\\\/www.tstcables.com\\\/wp-content\\\/uploads\\\/2024\\\/04\\\/cropped-\u753b\u677f-1-\u62f7\u8d1d-4-1.png\",\"contentUrl\":\"https:\\\/\\\/www.tstcables.com\\\/wp-content\\\/uploads\\\/2024\\\/04\\\/cropped-\u753b\u677f-1-\u62f7\u8d1d-4-1.png\",\"width\":300,\"height\":100,\"caption\":\"TST Cable supplier & Manufacture\"},\"image\":{\"@id\":\"https:\\\/\\\/www.tstcables.com\\\/de\\\/#\\\/schema\\\/logo\\\/image\\\/\"}}]}<\/script>\n<!-- \/ Yoast SEO plugin. -->","yoast_head_json":{"title":"Ladekabel und Kabel f\u00fcr Elektrofahrzeuge","description":"Ladekabel und -kabel f\u00fcr Elektrofahrzeuge werden zum Verbinden von Ladeger\u00e4ten f\u00fcr Elektrofahrzeuge und der Ladeinfrastruktur verwendet.","robots":{"index":"index","follow":"follow","max-snippet":"max-snippet:-1","max-image-preview":"max-image-preview:large","max-video-preview":"max-video-preview:-1"},"canonical":"https:\/\/www.tstcables.com\/de\/produkt\/ladekabel-und-kabel-fuer-elektrofahrzeuge\/","og_locale":"de_DE","og_type":"article","og_title":"Ladekabel und Kabel f\u00fcr Elektrofahrzeuge","og_description":"Ladekabel und -kabel f\u00fcr Elektrofahrzeuge werden zum Verbinden von Ladeger\u00e4ten f\u00fcr Elektrofahrzeuge und der Ladeinfrastruktur verwendet.","og_url":"https:\/\/www.tstcables.com\/de\/produkt\/ladekabel-und-kabel-fuer-elektrofahrzeuge\/","og_site_name":"TST CABLES supplier &amp; Manufacture","og_image":[{"width":422,"height":278,"url":"https:\/\/www.tstcables.com\/wp-content\/uploads\/2024\/03\/20161208101139_81404.png","type":"image\/png"}],"twitter_card":"summary_large_image","twitter_misc":{"Gesch\u00e4tzte Lesezeit":"1\u00a0Minute"},"schema":{"@context":"https:\/\/schema.org","@graph":[{"@type":"WebPage","@id":"https:\/\/www.tstcables.com\/de\/produkt\/ladekabel-und-kabel-fuer-elektrofahrzeuge\/","url":"https:\/\/www.tstcables.com\/de\/produkt\/ladekabel-und-kabel-fuer-elektrofahrzeuge\/","name":"Ladekabel und Kabel f\u00fcr Elektrofahrzeuge","isPartOf":{"@id":"https:\/\/www.tstcables.com\/de\/#website"},"primaryImageOfPage":{"@id":"https:\/\/www.tstcables.com\/de\/produkt\/ladekabel-und-kabel-fuer-elektrofahrzeuge\/#primaryimage"},"image":{"@id":"https:\/\/www.tstcables.com\/de\/produkt\/ladekabel-und-kabel-fuer-elektrofahrzeuge\/#primaryimage"},"thumbnailUrl":"https:\/\/www.tstcables.com\/wp-content\/uploads\/2024\/03\/20161208101139_81404.png","datePublished":"2024-03-23T06:38:41+00:00","description":"Ladekabel und -kabel f\u00fcr Elektrofahrzeuge werden zum Verbinden von Ladeger\u00e4ten f\u00fcr Elektrofahrzeuge und der Ladeinfrastruktur verwendet.","breadcrumb":{"@id":"https:\/\/www.tstcables.com\/de\/produkt\/ladekabel-und-kabel-fuer-elektrofahrzeuge\/#breadcrumb"},"inLanguage":"de","potentialAction":[{"@type":"ReadAction","target":["https:\/\/www.tstcables.com\/de\/produkt\/ladekabel-und-kabel-fuer-elektrofahrzeuge\/"]}]},{"@type":"ImageObject","inLanguage":"de","@id":"https:\/\/www.tstcables.com\/de\/produkt\/ladekabel-und-kabel-fuer-elektrofahrzeuge\/#primaryimage","url":"https:\/\/www.tstcables.com\/wp-content\/uploads\/2024\/03\/20161208101139_81404.png","contentUrl":"https:\/\/www.tstcables.com\/wp-content\/uploads\/2024\/03\/20161208101139_81404.png","width":422,"height":278,"caption":"Electric vehicle charging wire & cable"},{"@type":"BreadcrumbList","@id":"https:\/\/www.tstcables.com\/de\/produkt\/ladekabel-und-kabel-fuer-elektrofahrzeuge\/#breadcrumb","itemListElement":[{"@type":"ListItem","position":1,"name":"\u9996\u9875","item":"https:\/\/www.tstcables.com\/de\/"},{"@type":"ListItem","position":2,"name":"Product","item":"https:\/\/www.tstcables.com\/product\/"},{"@type":"ListItem","position":3,"name":"Ladekabel und Kabel f\u00fcr Elektrofahrzeuge"}]},{"@type":"WebSite","@id":"https:\/\/www.tstcables.com\/de\/#website","url":"https:\/\/www.tstcables.com\/de\/","name":"TST Cable supplier & Manufacture","description":"TST CABLES  supplier &amp; Manufacture official website","publisher":{"@id":"https:\/\/www.tstcables.com\/de\/#organization"},"potentialAction":[{"@type":"SearchAction","target":{"@type":"EntryPoint","urlTemplate":"https:\/\/www.tstcables.com\/de\/?s={search_term_string}"},"query-input":{"@type":"PropertyValueSpecification","valueRequired":true,"valueName":"search_term_string"}}],"inLanguage":"de"},{"@type":"Organization","@id":"https:\/\/www.tstcables.com\/de\/#organization","name":"TST Cable supplier & Manufacture","url":"https:\/\/www.tstcables.com\/de\/","logo":{"@type":"ImageObject","inLanguage":"de","@id":"https:\/\/www.tstcables.com\/de\/#\/schema\/logo\/image\/","url":"https:\/\/www.tstcables.com\/wp-content\/uploads\/2024\/04\/cropped-\u753b\u677f-1-\u62f7\u8d1d-4-1.png","contentUrl":"https:\/\/www.tstcables.com\/wp-content\/uploads\/2024\/04\/cropped-\u753b\u677f-1-\u62f7\u8d1d-4-1.png","width":300,"height":100,"caption":"TST Cable supplier & Manufacture"},"image":{"@id":"https:\/\/www.tstcables.com\/de\/#\/schema\/logo\/image\/"}}]}},"_links":{"self":[{"href":"https:\/\/www.tstcables.com\/de\/wp-json\/wp\/v2\/product\/19950","targetHints":{"allow":["GET"]}}],"collection":[{"href":"https:\/\/www.tstcables.com\/de\/wp-json\/wp\/v2\/product"}],"about":[{"href":"https:\/\/www.tstcables.com\/de\/wp-json\/wp\/v2\/types\/product"}],"version-history":[{"count":0,"href":"https:\/\/www.tstcables.com\/de\/wp-json\/wp\/v2\/product\/19950\/revisions"}],"wp:featuredmedia":[{"embeddable":true,"href":"https:\/\/www.tstcables.com\/de\/wp-json\/wp\/v2\/media\/10714"}],"wp:attachment":[{"href":"https:\/\/www.tstcables.com\/de\/wp-json\/wp\/v2\/media?parent=19950"}],"wp:term":[{"taxonomy":"product_brand","embeddable":true,"href":"https:\/\/www.tstcables.com\/de\/wp-json\/wp\/v2\/product_brand?post=19950"},{"taxonomy":"product_cat","embeddable":true,"href":"https:\/\/www.tstcables.com\/de\/wp-json\/wp\/v2\/product_cat?post=19950"},{"taxonomy":"product_tag","embeddable":true,"href":"https:\/\/www.tstcables.com\/de\/wp-json\/wp\/v2\/product_tag?post=19950"}],"curies":[{"name":"wp","href":"https:\/\/api.w.org\/{rel}","templated":true}]}}