{"id":19951,"date":"2024-03-23T14:43:51","date_gmt":"2024-03-23T06:43:51","guid":{"rendered":"https:\/\/www.tstcables.com\/product\/automatisierungsgeraete-feuerbestaendiger-hochtemperaturbestaendiger-draht-und-kabel\/"},"modified":"2024-03-23T14:43:51","modified_gmt":"2024-03-23T06:43:51","slug":"automatisierungsgeraete-feuerbestaendiger-hochtemperaturbestaendiger-draht-und-kabel","status":"publish","type":"product","link":"https:\/\/www.tstcables.com\/de\/produkt\/automatisierungsgeraete-feuerbestaendiger-hochtemperaturbestaendiger-draht-und-kabel\/","title":{"rendered":"Automatisierungsger\u00e4te Feuerbest\u00e4ndiger, hochtemperaturbest\u00e4ndiger Draht und Kabel"},"content":{"rendered":"<p>Anwendung:<\/p>\n<p>Feuerbest\u00e4ndige, hochtemperaturbest\u00e4ndige Dr\u00e4hte und Kabel werden haupts\u00e4chlich f\u00fcr Automatisierungsger\u00e4te und Instrumentierung verwendet. Der Anschluss von Schutzstromkreisen ist auch f\u00fcr automatische Schutzstromkreisanschl\u00fcsse in der \u00f6ffentlichen Sicherheit anwendbar. Dieses Kabel ist in der Lage, sowohl analoge als auch digitale Signale zu \u00fcbertragen.<\/p>\n<p>Charakteristisch:<\/p>\n<ul>\n<li>Nennspannung: 300 V\/500 V.<\/li>\n<li>Temperaturbereich: -40 \u00b0C bis 90 \u00b0C.<\/li>\n<li>Querschnittsfl\u00e4che: 0,75 mm2 bis 1,5 mm2.<\/li>\n<li>Anzahl der Kabeladern: 1-19 Paare.<\/li>\n<li>Feuerwiderstandszeit: 90 Minuten bis 120 Minuten. Es verwendet ein Keramik-Silikon-Isolierungssystem und h\u00e4lt 15 Minuten L\u00f6schwasserspritzern stand, w\u00e4hrend der Kreislauf weiter in Betrieb ist.<\/li>\n<li>Biegeradius: Fest verlegt: 5-facher Kabelau\u00dfendurchmesser (5D). Nicht feste Installation: 6-facher Kabelau\u00dfendurchmesser (6D). (D bezieht sich auf den Kabelau\u00dfendurchmesser)<\/li>\n<\/ul>\n<p>Industriestandard:<\/p>\n<ol>\n<li>TICW\/06-2009<\/li>\n<li>GB\/T19666-2008\u300a<\/li>\n<li>EN50200-2015<\/li>\n<\/ol>\n","protected":false},"excerpt":{"rendered":"<p>Feuerbest\u00e4ndige, hochtemperaturbest\u00e4ndige Dr\u00e4hte und Kabel sind raucharm, halogenfrei und flammhemmend. Im Brandfall funktionieren die stromf\u00fchrenden bzw. stromlosen Kabel 90 bzw. 120 Minuten lang normal weiter.<\/p>\n","protected":false},"featured_media":13130,"template":"","meta":{"_eb_attr":"","site-sidebar-layout":"default","site-content-layout":"","ast-site-content-layout":"default","site-content-style":"default","site-sidebar-style":"default","ast-global-header-display":"","ast-banner-title-visibility":"","ast-main-header-display":"","ast-hfb-above-header-display":"","ast-hfb-below-header-display":"","ast-hfb-mobile-header-display":"","site-post-title":"","ast-breadcrumbs-content":"","ast-featured-img":"","footer-sml-layout":"","theme-transparent-header-meta":"default","adv-header-id-meta":"","stick-header-meta":"","header-above-stick-meta":"","header-main-stick-meta":"","header-below-stick-meta":"","astra-migrate-meta-layouts":"default","ast-page-background-enabled":"default","ast-page-background-meta":{"desktop":{"background-color":"","background-image":"","background-repeat":"repeat","background-position":"center center","background-size":"auto","background-attachment":"scroll","background-type":"","background-media":"","overlay-type":"","overlay-color":"","overlay-opacity":"","overlay-gradient":""},"tablet":{"background-color":"","background-image":"","background-repeat":"repeat","background-position":"center center","background-size":"auto","background-attachment":"scroll","background-type":"","background-media":"","overlay-type":"","overlay-color":"","overlay-opacity":"","overlay-gradient":""},"mobile":{"background-color":"","background-image":"","background-repeat":"repeat","background-position":"center center","background-size":"auto","background-attachment":"scroll","background-type":"","background-media":"","overlay-type":"","overlay-color":"","overlay-opacity":"","overlay-gradient":""}},"ast-content-background-meta":{"desktop":{"background-color":"var(--ast-global-color-5)","background-image":"","background-repeat":"repeat","background-position":"center center","background-size":"auto","background-attachment":"scroll","background-type":"","background-media":"","overlay-type":"","overlay-color":"","overlay-opacity":"","overlay-gradient":""},"tablet":{"background-color":"var(--ast-global-color-5)","background-image":"","background-repeat":"repeat","background-position":"center center","background-size":"auto","background-attachment":"scroll","background-type":"","background-media":"","overlay-type":"","overlay-color":"","overlay-opacity":"","overlay-gradient":""},"mobile":{"background-color":"var(--ast-global-color-5)","background-image":"","background-repeat":"repeat","background-position":"center center","background-size":"auto","background-attachment":"scroll","background-type":"","background-media":"","overlay-type":"","overlay-color":"","overlay-opacity":"","overlay-gradient":""}}},"product_brand":[],"product_cat":[708,693,694,695,696,697,698,699,691,700,692,701,702,713],"product_tag":[1527,1525,1526],"class_list":{"0":"post-19951","1":"product","2":"type-product","3":"status-publish","4":"has-post-thumbnail","6":"product_cat-rail-way-de","7":"product_cat-enstandard-cable-de","8":"product_cat-en50264-de","9":"product_cat-en50306-de","10":"product_cat-en50382-de","11":"product_cat-high-temperature-cable-de","12":"product_cat-ice-standard-de","13":"product_cat-lsoh-cable-de","14":"product_cat-aviation-de","15":"product_cat-marine-de","16":"product_cat-customized-cable-de","17":"product_cat-nuclear-de","18":"product_cat-oil-gas-de","19":"product_cat-wind-power-de","20":"product_tag-computerdraht-und-kabel","21":"product_tag-feuerbestandiger-computerdraht-und-kabel","22":"product_tag-feuerbestandiger-draht-und-kabel","23":"desktop-align-center","24":"tablet-align-left","25":"mobile-align-left","27":"first","28":"instock","29":"shipping-taxable","30":"product-type-simple"},"yoast_head":"<!-- This site is optimized with the Yoast SEO plugin v27.4 - https:\/\/yoast.com\/product\/yoast-seo-wordpress\/ -->\n<title>Fire Resistant High-temperature heat-resistant Wire &amp; Cable<\/title>\n<meta name=\"description\" content=\"Feuerbest\u00e4ndige, hochtemperaturbest\u00e4ndige Dr\u00e4hte und Kabel sind raucharm, halogenfrei und flammhemmend.\" \/>\n<meta name=\"robots\" content=\"index, follow, max-snippet:-1, max-image-preview:large, max-video-preview:-1\" \/>\n<link rel=\"canonical\" href=\"https:\/\/www.tstcables.com\/de\/produkt\/automatisierungsgeraete-feuerbestaendiger-hochtemperaturbestaendiger-draht-und-kabel\/\" \/>\n<meta property=\"og:locale\" content=\"de_DE\" \/>\n<meta property=\"og:type\" content=\"article\" \/>\n<meta property=\"og:title\" content=\"Fire Resistant High-temperature heat-resistant Wire &amp; Cable\" \/>\n<meta property=\"og:description\" content=\"Feuerbest\u00e4ndige, hochtemperaturbest\u00e4ndige Dr\u00e4hte und Kabel sind raucharm, halogenfrei und flammhemmend.\" \/>\n<meta property=\"og:url\" content=\"https:\/\/www.tstcables.com\/de\/produkt\/automatisierungsgeraete-feuerbestaendiger-hochtemperaturbestaendiger-draht-und-kabel\/\" \/>\n<meta property=\"og:site_name\" content=\"TST CABLES supplier &amp; Manufacture\" \/>\n<meta property=\"og:image\" content=\"https:\/\/www.tstcables.com\/wp-content\/uploads\/2024\/03\/2-20.jpg\" \/>\n\t<meta property=\"og:image:width\" content=\"750\" \/>\n\t<meta property=\"og:image:height\" content=\"750\" \/>\n\t<meta property=\"og:image:type\" content=\"image\/jpeg\" \/>\n<meta name=\"twitter:card\" content=\"summary_large_image\" \/>\n<meta name=\"twitter:label1\" content=\"Gesch\u00e4tzte Lesezeit\" \/>\n\t<meta name=\"twitter:data1\" content=\"1\u00a0Minute\" \/>\n<script type=\"application\/ld+json\" class=\"yoast-schema-graph\">{\"@context\":\"https:\\\/\\\/schema.org\",\"@graph\":[{\"@type\":\"WebPage\",\"@id\":\"https:\\\/\\\/www.tstcables.com\\\/de\\\/produkt\\\/automatisierungsgeraete-feuerbestaendiger-hochtemperaturbestaendiger-draht-und-kabel\\\/\",\"url\":\"https:\\\/\\\/www.tstcables.com\\\/de\\\/produkt\\\/automatisierungsgeraete-feuerbestaendiger-hochtemperaturbestaendiger-draht-und-kabel\\\/\",\"name\":\"Fire Resistant High-temperature heat-resistant Wire & Cable\",\"isPartOf\":{\"@id\":\"https:\\\/\\\/www.tstcables.com\\\/de\\\/#website\"},\"primaryImageOfPage\":{\"@id\":\"https:\\\/\\\/www.tstcables.com\\\/de\\\/produkt\\\/automatisierungsgeraete-feuerbestaendiger-hochtemperaturbestaendiger-draht-und-kabel\\\/#primaryimage\"},\"image\":{\"@id\":\"https:\\\/\\\/www.tstcables.com\\\/de\\\/produkt\\\/automatisierungsgeraete-feuerbestaendiger-hochtemperaturbestaendiger-draht-und-kabel\\\/#primaryimage\"},\"thumbnailUrl\":\"https:\\\/\\\/www.tstcables.com\\\/wp-content\\\/uploads\\\/2024\\\/03\\\/2-20.jpg\",\"datePublished\":\"2024-03-23T06:43:51+00:00\",\"description\":\"Feuerbest\u00e4ndige, hochtemperaturbest\u00e4ndige Dr\u00e4hte und Kabel sind raucharm, halogenfrei und flammhemmend.\",\"breadcrumb\":{\"@id\":\"https:\\\/\\\/www.tstcables.com\\\/de\\\/produkt\\\/automatisierungsgeraete-feuerbestaendiger-hochtemperaturbestaendiger-draht-und-kabel\\\/#breadcrumb\"},\"inLanguage\":\"de\",\"potentialAction\":[{\"@type\":\"ReadAction\",\"target\":[\"https:\\\/\\\/www.tstcables.com\\\/de\\\/produkt\\\/automatisierungsgeraete-feuerbestaendiger-hochtemperaturbestaendiger-draht-und-kabel\\\/\"]}]},{\"@type\":\"ImageObject\",\"inLanguage\":\"de\",\"@id\":\"https:\\\/\\\/www.tstcables.com\\\/de\\\/produkt\\\/automatisierungsgeraete-feuerbestaendiger-hochtemperaturbestaendiger-draht-und-kabel\\\/#primaryimage\",\"url\":\"https:\\\/\\\/www.tstcables.com\\\/wp-content\\\/uploads\\\/2024\\\/03\\\/2-20.jpg\",\"contentUrl\":\"https:\\\/\\\/www.tstcables.com\\\/wp-content\\\/uploads\\\/2024\\\/03\\\/2-20.jpg\",\"width\":750,\"height\":750,\"caption\":\"Silicone High Voltage Wire & Cable\"},{\"@type\":\"BreadcrumbList\",\"@id\":\"https:\\\/\\\/www.tstcables.com\\\/de\\\/produkt\\\/automatisierungsgeraete-feuerbestaendiger-hochtemperaturbestaendiger-draht-und-kabel\\\/#breadcrumb\",\"itemListElement\":[{\"@type\":\"ListItem\",\"position\":1,\"name\":\"\u9996\u9875\",\"item\":\"https:\\\/\\\/www.tstcables.com\\\/de\\\/\"},{\"@type\":\"ListItem\",\"position\":2,\"name\":\"Product\",\"item\":\"https:\\\/\\\/www.tstcables.com\\\/product\\\/\"},{\"@type\":\"ListItem\",\"position\":3,\"name\":\"Automatisierungsger\u00e4te Feuerbest\u00e4ndiger, hochtemperaturbest\u00e4ndiger Draht und Kabel\"}]},{\"@type\":\"WebSite\",\"@id\":\"https:\\\/\\\/www.tstcables.com\\\/de\\\/#website\",\"url\":\"https:\\\/\\\/www.tstcables.com\\\/de\\\/\",\"name\":\"TST Cable supplier & Manufacture\",\"description\":\"TST CABLES  supplier &amp; Manufacture official website\",\"publisher\":{\"@id\":\"https:\\\/\\\/www.tstcables.com\\\/de\\\/#organization\"},\"potentialAction\":[{\"@type\":\"SearchAction\",\"target\":{\"@type\":\"EntryPoint\",\"urlTemplate\":\"https:\\\/\\\/www.tstcables.com\\\/de\\\/?s={search_term_string}\"},\"query-input\":{\"@type\":\"PropertyValueSpecification\",\"valueRequired\":true,\"valueName\":\"search_term_string\"}}],\"inLanguage\":\"de\"},{\"@type\":\"Organization\",\"@id\":\"https:\\\/\\\/www.tstcables.com\\\/de\\\/#organization\",\"name\":\"TST Cable supplier & Manufacture\",\"url\":\"https:\\\/\\\/www.tstcables.com\\\/de\\\/\",\"logo\":{\"@type\":\"ImageObject\",\"inLanguage\":\"de\",\"@id\":\"https:\\\/\\\/www.tstcables.com\\\/de\\\/#\\\/schema\\\/logo\\\/image\\\/\",\"url\":\"https:\\\/\\\/www.tstcables.com\\\/wp-content\\\/uploads\\\/2024\\\/04\\\/cropped-\u753b\u677f-1-\u62f7\u8d1d-4-1.png\",\"contentUrl\":\"https:\\\/\\\/www.tstcables.com\\\/wp-content\\\/uploads\\\/2024\\\/04\\\/cropped-\u753b\u677f-1-\u62f7\u8d1d-4-1.png\",\"width\":300,\"height\":100,\"caption\":\"TST Cable supplier & Manufacture\"},\"image\":{\"@id\":\"https:\\\/\\\/www.tstcables.com\\\/de\\\/#\\\/schema\\\/logo\\\/image\\\/\"}}]}<\/script>\n<!-- \/ Yoast SEO plugin. -->","yoast_head_json":{"title":"Fire Resistant High-temperature heat-resistant Wire & Cable","description":"Feuerbest\u00e4ndige, hochtemperaturbest\u00e4ndige Dr\u00e4hte und Kabel sind raucharm, halogenfrei und flammhemmend.","robots":{"index":"index","follow":"follow","max-snippet":"max-snippet:-1","max-image-preview":"max-image-preview:large","max-video-preview":"max-video-preview:-1"},"canonical":"https:\/\/www.tstcables.com\/de\/produkt\/automatisierungsgeraete-feuerbestaendiger-hochtemperaturbestaendiger-draht-und-kabel\/","og_locale":"de_DE","og_type":"article","og_title":"Fire Resistant High-temperature heat-resistant Wire & Cable","og_description":"Feuerbest\u00e4ndige, hochtemperaturbest\u00e4ndige Dr\u00e4hte und Kabel sind raucharm, halogenfrei und flammhemmend.","og_url":"https:\/\/www.tstcables.com\/de\/produkt\/automatisierungsgeraete-feuerbestaendiger-hochtemperaturbestaendiger-draht-und-kabel\/","og_site_name":"TST CABLES supplier &amp; Manufacture","og_image":[{"width":750,"height":750,"url":"https:\/\/www.tstcables.com\/wp-content\/uploads\/2024\/03\/2-20.jpg","type":"image\/jpeg"}],"twitter_card":"summary_large_image","twitter_misc":{"Gesch\u00e4tzte Lesezeit":"1\u00a0Minute"},"schema":{"@context":"https:\/\/schema.org","@graph":[{"@type":"WebPage","@id":"https:\/\/www.tstcables.com\/de\/produkt\/automatisierungsgeraete-feuerbestaendiger-hochtemperaturbestaendiger-draht-und-kabel\/","url":"https:\/\/www.tstcables.com\/de\/produkt\/automatisierungsgeraete-feuerbestaendiger-hochtemperaturbestaendiger-draht-und-kabel\/","name":"Fire Resistant High-temperature heat-resistant Wire & Cable","isPartOf":{"@id":"https:\/\/www.tstcables.com\/de\/#website"},"primaryImageOfPage":{"@id":"https:\/\/www.tstcables.com\/de\/produkt\/automatisierungsgeraete-feuerbestaendiger-hochtemperaturbestaendiger-draht-und-kabel\/#primaryimage"},"image":{"@id":"https:\/\/www.tstcables.com\/de\/produkt\/automatisierungsgeraete-feuerbestaendiger-hochtemperaturbestaendiger-draht-und-kabel\/#primaryimage"},"thumbnailUrl":"https:\/\/www.tstcables.com\/wp-content\/uploads\/2024\/03\/2-20.jpg","datePublished":"2024-03-23T06:43:51+00:00","description":"Feuerbest\u00e4ndige, hochtemperaturbest\u00e4ndige Dr\u00e4hte und Kabel sind raucharm, halogenfrei und flammhemmend.","breadcrumb":{"@id":"https:\/\/www.tstcables.com\/de\/produkt\/automatisierungsgeraete-feuerbestaendiger-hochtemperaturbestaendiger-draht-und-kabel\/#breadcrumb"},"inLanguage":"de","potentialAction":[{"@type":"ReadAction","target":["https:\/\/www.tstcables.com\/de\/produkt\/automatisierungsgeraete-feuerbestaendiger-hochtemperaturbestaendiger-draht-und-kabel\/"]}]},{"@type":"ImageObject","inLanguage":"de","@id":"https:\/\/www.tstcables.com\/de\/produkt\/automatisierungsgeraete-feuerbestaendiger-hochtemperaturbestaendiger-draht-und-kabel\/#primaryimage","url":"https:\/\/www.tstcables.com\/wp-content\/uploads\/2024\/03\/2-20.jpg","contentUrl":"https:\/\/www.tstcables.com\/wp-content\/uploads\/2024\/03\/2-20.jpg","width":750,"height":750,"caption":"Silicone High Voltage Wire & Cable"},{"@type":"BreadcrumbList","@id":"https:\/\/www.tstcables.com\/de\/produkt\/automatisierungsgeraete-feuerbestaendiger-hochtemperaturbestaendiger-draht-und-kabel\/#breadcrumb","itemListElement":[{"@type":"ListItem","position":1,"name":"\u9996\u9875","item":"https:\/\/www.tstcables.com\/de\/"},{"@type":"ListItem","position":2,"name":"Product","item":"https:\/\/www.tstcables.com\/product\/"},{"@type":"ListItem","position":3,"name":"Automatisierungsger\u00e4te Feuerbest\u00e4ndiger, hochtemperaturbest\u00e4ndiger Draht und Kabel"}]},{"@type":"WebSite","@id":"https:\/\/www.tstcables.com\/de\/#website","url":"https:\/\/www.tstcables.com\/de\/","name":"TST Cable supplier & Manufacture","description":"TST CABLES  supplier &amp; Manufacture official website","publisher":{"@id":"https:\/\/www.tstcables.com\/de\/#organization"},"potentialAction":[{"@type":"SearchAction","target":{"@type":"EntryPoint","urlTemplate":"https:\/\/www.tstcables.com\/de\/?s={search_term_string}"},"query-input":{"@type":"PropertyValueSpecification","valueRequired":true,"valueName":"search_term_string"}}],"inLanguage":"de"},{"@type":"Organization","@id":"https:\/\/www.tstcables.com\/de\/#organization","name":"TST Cable supplier & Manufacture","url":"https:\/\/www.tstcables.com\/de\/","logo":{"@type":"ImageObject","inLanguage":"de","@id":"https:\/\/www.tstcables.com\/de\/#\/schema\/logo\/image\/","url":"https:\/\/www.tstcables.com\/wp-content\/uploads\/2024\/04\/cropped-\u753b\u677f-1-\u62f7\u8d1d-4-1.png","contentUrl":"https:\/\/www.tstcables.com\/wp-content\/uploads\/2024\/04\/cropped-\u753b\u677f-1-\u62f7\u8d1d-4-1.png","width":300,"height":100,"caption":"TST Cable supplier & Manufacture"},"image":{"@id":"https:\/\/www.tstcables.com\/de\/#\/schema\/logo\/image\/"}}]}},"_links":{"self":[{"href":"https:\/\/www.tstcables.com\/de\/wp-json\/wp\/v2\/product\/19951","targetHints":{"allow":["GET"]}}],"collection":[{"href":"https:\/\/www.tstcables.com\/de\/wp-json\/wp\/v2\/product"}],"about":[{"href":"https:\/\/www.tstcables.com\/de\/wp-json\/wp\/v2\/types\/product"}],"version-history":[{"count":0,"href":"https:\/\/www.tstcables.com\/de\/wp-json\/wp\/v2\/product\/19951\/revisions"}],"wp:featuredmedia":[{"embeddable":true,"href":"https:\/\/www.tstcables.com\/de\/wp-json\/wp\/v2\/media\/13130"}],"wp:attachment":[{"href":"https:\/\/www.tstcables.com\/de\/wp-json\/wp\/v2\/media?parent=19951"}],"wp:term":[{"taxonomy":"product_brand","embeddable":true,"href":"https:\/\/www.tstcables.com\/de\/wp-json\/wp\/v2\/product_brand?post=19951"},{"taxonomy":"product_cat","embeddable":true,"href":"https:\/\/www.tstcables.com\/de\/wp-json\/wp\/v2\/product_cat?post=19951"},{"taxonomy":"product_tag","embeddable":true,"href":"https:\/\/www.tstcables.com\/de\/wp-json\/wp\/v2\/product_tag?post=19951"}],"curies":[{"name":"wp","href":"https:\/\/api.w.org\/{rel}","templated":true}]}}