{"id":19952,"date":"2024-03-23T14:56:36","date_gmt":"2024-03-23T06:56:36","guid":{"rendered":"https:\/\/www.tstcables.com\/product\/ueberbrueckungsdraht-und-kabel-fuer-fahrzeuge-und-flugzeuge\/"},"modified":"2024-03-23T14:56:36","modified_gmt":"2024-03-23T06:56:36","slug":"ueberbrueckungsdraht-und-kabel-fuer-fahrzeuge-und-flugzeuge","status":"publish","type":"product","link":"https:\/\/www.tstcables.com\/de\/produkt\/ueberbrueckungsdraht-und-kabel-fuer-fahrzeuge-und-flugzeuge\/","title":{"rendered":"\u00dcberbr\u00fcckungsdraht und -kabel f\u00fcr Fahrzeuge und Flugzeuge"},"content":{"rendered":"<p>Anwendung:<\/p>\n<p>\u00dcberbr\u00fcckungsdr\u00e4hte und -kabel f\u00fcr Fahrzeuge und Flugzeuge sind Nicht-Fahrzeugkabel, die f\u00fcr elektrische Verbindungen zwischen Schienenfahrzeugen verwendet werden. Sie sind eine entscheidende Komponente, die die Funktionalit\u00e4t und Sicherheit verschiedener Systeme im gesamten Fahrzeug sowie den zuverl\u00e4ssigen Betrieb des Zuges bestimmt.<\/p>\n<p>Charakteristisch:<\/p>\n<ul>\n<li>Betriebstemperatur: -50 \u00b0C bis 120 \u00b0C.<\/li>\n<li>Nennspannung: 3,6\/6,0 kV.<\/li>\n<li>Isolationsfestigkeit: Mehr als 8 MPa.<\/li>\n<li>Bruchdehnung: Mehr als 200 %.<\/li>\n<li>\u00d6lbest\u00e4ndigkeit, UV-Best\u00e4ndigkeit, Witterungsbest\u00e4ndigkeit, K\u00e4ltebest\u00e4ndigkeit und Hitzebest\u00e4ndigkeit.<\/li>\n<li>Hohe Best\u00e4ndigkeit gegen Biegeerm\u00fcdung und Torsionserm\u00fcdung.<\/li>\n<\/ul>\n<p>Industriestandard:<\/p>\n<ul>\n<li>EN45545-2\/li&gt;<\/li>\n<li>JRLSJ1000-5.42<\/li>\n<li>JRISJ100-5.4.3\/li&gt;<\/li>\n<li>CRCC<\/li>\n<li>TS22163<\/li>\n<li>ISO9001<\/li>\n<li>CE<\/li>\n<li>ECER118<\/li>\n<\/ul>\n<p>Struktur:<\/p>\n<ul>\n<li>Leiter: Verzinnter Kupferleiter, Konstruktion der Kategorie 6<\/li>\n<li>Isolierung: Silikonkautschuk<\/li>\n<li>Geflochtene Verst\u00e4rkung: Polyester oder Aramid<\/li>\n<li>Kabelbiegeradius: 6D (D Kabelau\u00dfendurchmesser)<\/li>\n<\/ul>\n<p>Auswahlparameter<\/p>\n<table class=\"tg\">\n<thead>\n<tr>\n<th class=\"tg-0pky\" rowspan=\"2\"><span style=\"color: #000;\">Nennquerschnitt<\/span><\/th>\n<th class=\"tg-0pky\" rowspan=\"2\"><span style=\"color: #000;\">Leiterdurchmesser (d)<\/span><\/th>\n<th class=\"tg-0pky\">Durchschnittliche Dicke der Isolierung<\/th>\n<th class=\"tg-0pky\" colspan=\"2\">Au\u00dfendurchmesser (D) (mit geflochtener Verst\u00e4rkungsschicht)<\/th>\n<th class=\"tg-0lax\">20\u2103 (Widerstand des verzinnten Kupferleiters).<\/th>\n<th class=\"tg-0lax\">20\u2103 Isolationswiderstand<\/th>\n<th class=\"tg-0lax\">150\u2103 Isolationswiderstand<\/th>\n<th class=\"tg-0lax\">Durchschnittsgewicht<\/th>\n<th class=\"tg-0lax\">Verbrennungsw\u00e4rmewert<\/th>\n<\/tr>\n<tr>\n<th class=\"tg-0pky\"><span style=\"color: #000;\">mm<\/span><\/th>\n<th class=\"tg-0pky\"><span style=\"color: #000;\">Min. mm<\/span><\/th>\n<th class=\"tg-0pky\"><span style=\"color: #000;\">Max. mm<\/span><\/th>\n<th class=\"tg-0lax\"><span style=\"color: #000;\">Max.\u03a9\/km<\/span><\/th>\n<th class=\"tg-0lax\"><span style=\"color: #000;\">Min. m\u03a9.km<\/span><\/th>\n<th class=\"tg-0lax\"><span style=\"color: #000;\">Min. m\u03a9.km<\/span><\/th>\n<th class=\"tg-0lax\"><span style=\"color: #000;\">Kg\/km<\/span><\/th>\n<th class=\"tg-0lax\"><span style=\"color: #000;\">KJ\/m<\/span><\/th>\n<\/tr>\n<\/thead>\n<tbody>\n<tr>\n<td class=\"tg-0pky\"><span style=\"color: #000;\">25<\/span><\/td>\n<td class=\"tg-0pky\"><span style=\"color: #000;\">6.4<\/span><\/td>\n<td class=\"tg-0pky\"><span style=\"color: #000;\">3<\/span><\/td>\n<td class=\"tg-0pky\"><span style=\"color: #000;\">11.8<\/span><\/td>\n<td class=\"tg-0pky\"><span style=\"color: #000;\">13.8<\/span><\/td>\n<td class=\"tg-0lax\"><span style=\"color: #000;\">0.795<\/span><\/td>\n<td class=\"tg-0lax\"><span style=\"color: #000;\">430<\/span><\/td>\n<td class=\"tg-0lax\"><span style=\"color: #000;\">0.8<\/span><\/td>\n<td class=\"tg-0lax\"><span style=\"color: #000;\">335<\/span><\/td>\n<td class=\"tg-0lax\"><span style=\"color: #000;\">2022<\/span><\/td>\n<\/tr>\n<tr>\n<td class=\"tg-0pky\"><span style=\"color: #000;\">35<\/span><\/td>\n<td class=\"tg-0pky\"><span style=\"color: #000;\">7.7<\/span><\/td>\n<td class=\"tg-0pky\"><span style=\"color: #000;\">3<\/span><\/td>\n<td class=\"tg-0pky\"><span style=\"color: #000;\">13<\/span><\/td>\n<td class=\"tg-0pky\"><span style=\"color: #000;\">15.2<\/span><\/td>\n<td class=\"tg-0lax\"><span style=\"color: #000;\">0.565<\/span><\/td>\n<td class=\"tg-0lax\"><span style=\"color: #000;\">380<\/span><\/td>\n<td class=\"tg-0lax\"><span style=\"color: #000;\">0.7<\/span><\/td>\n<td class=\"tg-0lax\"><span style=\"color: #000;\">434<\/span><\/td>\n<td class=\"tg-0lax\"><span style=\"color: #000;\">2213<\/span><\/td>\n<\/tr>\n<tr>\n<td class=\"tg-0pky\"><span style=\"color: #000;\">50<\/span><\/td>\n<td class=\"tg-0pky\"><span style=\"color: #000;\">9.2<\/span><\/td>\n<td class=\"tg-0pky\"><span style=\"color: #000;\">3<\/span><\/td>\n<td class=\"tg-0pky\"><span style=\"color: #000;\">14.4<\/span><\/td>\n<td class=\"tg-0pky\"><span style=\"color: #000;\">16.9<\/span><\/td>\n<td class=\"tg-0lax\"><span style=\"color: #000;\">0.393<\/span><\/td>\n<td class=\"tg-0lax\"><span style=\"color: #000;\">330<\/span><\/td>\n<td class=\"tg-0lax\"><span style=\"color: #000;\">0.6<\/span><\/td>\n<td class=\"tg-0lax\"><span style=\"color: #000;\">582<\/span><\/td>\n<td class=\"tg-0lax\"><span style=\"color: #000;\">2470<\/span><\/td>\n<\/tr>\n<tr>\n<td class=\"tg-0lax\"><span style=\"color: #000;\">70<\/span><\/td>\n<td class=\"tg-0lax\"><span style=\"color: #000;\">11<\/span><\/td>\n<td class=\"tg-0lax\"><span style=\"color: #000;\">3<\/span><\/td>\n<td class=\"tg-0lax\"><span style=\"color: #000;\">16.1<\/span><\/td>\n<td class=\"tg-0lax\"><span style=\"color: #000;\">18.9<\/span><\/td>\n<td class=\"tg-0lax\"><span style=\"color: #000;\">0.277<\/span><\/td>\n<td class=\"tg-0lax\"><span style=\"color: #000;\">280<\/span><\/td>\n<td class=\"tg-0lax\"><span style=\"color: #000;\">0.5<\/span><\/td>\n<td class=\"tg-0lax\"><span style=\"color: #000;\">776<\/span><\/td>\n<td class=\"tg-0lax\"><span style=\"color: #000;\">2824<\/span><\/td>\n<\/tr>\n<tr>\n<td class=\"tg-0lax\"><span style=\"color: #000;\">95<\/span><\/td>\n<td class=\"tg-0lax\"><span style=\"color: #000;\">12.5<\/span><\/td>\n<td class=\"tg-0lax\"><span style=\"color: #000;\">3<\/span><\/td>\n<td class=\"tg-0lax\"><span style=\"color: #000;\">17.5<\/span><\/td>\n<td class=\"tg-0lax\"><span style=\"color: #000;\">20.5<\/span><\/td>\n<td class=\"tg-0lax\"><span style=\"color: #000;\">0.21<\/span><\/td>\n<td class=\"tg-0lax\"><span style=\"color: #000;\">260<\/span><\/td>\n<td class=\"tg-0lax\"><span style=\"color: #000;\">0.5<\/span><\/td>\n<td class=\"tg-0lax\"><span style=\"color: #000;\">987<\/span><\/td>\n<td class=\"tg-0lax\"><span style=\"color: #000;\">3140<\/span><\/td>\n<\/tr>\n<tr>\n<td class=\"tg-0lax\"><span style=\"color: #000;\">120<\/span><\/td>\n<td class=\"tg-0lax\"><span style=\"color: #000;\">14.2<\/span><\/td>\n<td class=\"tg-0lax\"><span style=\"color: #000;\">3.1<\/span><\/td>\n<td class=\"tg-0lax\"><span style=\"color: #000;\">19.3<\/span><\/td>\n<td class=\"tg-0lax\"><span style=\"color: #000;\">22.6<\/span><\/td>\n<td class=\"tg-0lax\"><span style=\"color: #000;\">0.164<\/span><\/td>\n<td class=\"tg-0lax\"><span style=\"color: #000;\">240<\/span><\/td>\n<td class=\"tg-0lax\"><span style=\"color: #000;\">0.4<\/span><\/td>\n<td class=\"tg-0lax\"><span style=\"color: #000;\">1223<\/span><\/td>\n<td class=\"tg-0lax\"><span style=\"color: #000;\">3583<\/span><\/td>\n<\/tr>\n<tr>\n<td class=\"tg-0lax\"><span style=\"color: #000;\">150<\/span><\/td>\n<td class=\"tg-0lax\"><span style=\"color: #000;\">15.8<\/span><\/td>\n<td class=\"tg-0lax\"><span style=\"color: #000;\">3.1<\/span><\/td>\n<td class=\"tg-0lax\"><span style=\"color: #000;\">20.8<\/span><\/td>\n<td class=\"tg-0lax\"><span style=\"color: #000;\">24.4<\/span><\/td>\n<td class=\"tg-0lax\"><span style=\"color: #000;\">0.132<\/span><\/td>\n<td class=\"tg-0lax\"><span style=\"color: #000;\">220<\/span><\/td>\n<td class=\"tg-0lax\"><span style=\"color: #000;\">0.4<\/span><\/td>\n<td class=\"tg-0lax\"><span style=\"color: #000;\">1507<\/span><\/td>\n<td class=\"tg-0lax\"><span style=\"color: #000;\">4010<\/span><\/td>\n<\/tr>\n<tr>\n<td class=\"tg-0lax\"><span style=\"color: #000;\">185<\/span><\/td>\n<td class=\"tg-0lax\"><span style=\"color: #000;\">17.5<\/span><\/td>\n<td class=\"tg-0lax\"><span style=\"color: #000;\">3.2<\/span><\/td>\n<td class=\"tg-0lax\"><span style=\"color: #000;\">22.6<\/span><\/td>\n<td class=\"tg-0lax\"><span style=\"color: #000;\">26.5<\/span><\/td>\n<td class=\"tg-0lax\"><span style=\"color: #000;\">0.108<\/span><\/td>\n<td class=\"tg-0lax\"><span style=\"color: #000;\">200<\/span><\/td>\n<td class=\"tg-0lax\"><span style=\"color: #000;\">0.4<\/span><\/td>\n<td class=\"tg-0lax\"><span style=\"color: #000;\">1819<\/span><\/td>\n<td class=\"tg-0lax\"><span style=\"color: #000;\">4467<\/span><\/td>\n<\/tr>\n<tr>\n<td class=\"tg-0lax\"><span style=\"color: #000;\">240<\/span><\/td>\n<td class=\"tg-0lax\"><span style=\"color: #000;\">20.1<\/span><\/td>\n<td class=\"tg-0lax\"><span style=\"color: #000;\">3.4<\/span><\/td>\n<td class=\"tg-0lax\"><span style=\"color: #000;\">25.4<\/span><\/td>\n<td class=\"tg-0lax\"><span style=\"color: #000;\">29.8<\/span><\/td>\n<td class=\"tg-0lax\"><span style=\"color: #000;\">0.0817<\/span><\/td>\n<td class=\"tg-0lax\"><span style=\"color: #000;\">190<\/span><\/td>\n<td class=\"tg-0lax\"><span style=\"color: #000;\">0.3<\/span><\/td>\n<td class=\"tg-0lax\"><span style=\"color: #000;\">2344<\/span><\/td>\n<td class=\"tg-0lax\"><span style=\"color: #000;\">2031<\/span><\/td>\n<\/tr>\n<\/tbody>\n<\/table>\n","protected":false},"excerpt":{"rendered":"<p>\u00dcberbr\u00fcckungsdr\u00e4hte und -kabel f\u00fcr Fahrzeuge und Flugzeuge m\u00fcssen in der Lage sein, hochfrequenten mechanischen Schwankungen, Klimaver\u00e4nderungen und verschiedenen chemischen Belastungen standzuhalten.<\/p>\n","protected":false},"featured_media":13814,"template":"","meta":{"_eb_attr":"","site-sidebar-layout":"default","site-content-layout":"","ast-site-content-layout":"default","site-content-style":"default","site-sidebar-style":"default","ast-global-header-display":"","ast-banner-title-visibility":"","ast-main-header-display":"","ast-hfb-above-header-display":"","ast-hfb-below-header-display":"","ast-hfb-mobile-header-display":"","site-post-title":"","ast-breadcrumbs-content":"","ast-featured-img":"","footer-sml-layout":"","theme-transparent-header-meta":"default","adv-header-id-meta":"","stick-header-meta":"","header-above-stick-meta":"","header-main-stick-meta":"","header-below-stick-meta":"","astra-migrate-meta-layouts":"default","ast-page-background-enabled":"default","ast-page-background-meta":{"desktop":{"background-color":"","background-image":"","background-repeat":"repeat","background-position":"center center","background-size":"auto","background-attachment":"scroll","background-type":"","background-media":"","overlay-type":"","overlay-color":"","overlay-opacity":"","overlay-gradient":""},"tablet":{"background-color":"","background-image":"","background-repeat":"repeat","background-position":"center center","background-size":"auto","background-attachment":"scroll","background-type":"","background-media":"","overlay-type":"","overlay-color":"","overlay-opacity":"","overlay-gradient":""},"mobile":{"background-color":"","background-image":"","background-repeat":"repeat","background-position":"center center","background-size":"auto","background-attachment":"scroll","background-type":"","background-media":"","overlay-type":"","overlay-color":"","overlay-opacity":"","overlay-gradient":""}},"ast-content-background-meta":{"desktop":{"background-color":"var(--ast-global-color-5)","background-image":"","background-repeat":"repeat","background-position":"center center","background-size":"auto","background-attachment":"scroll","background-type":"","background-media":"","overlay-type":"","overlay-color":"","overlay-opacity":"","overlay-gradient":""},"tablet":{"background-color":"var(--ast-global-color-5)","background-image":"","background-repeat":"repeat","background-position":"center center","background-size":"auto","background-attachment":"scroll","background-type":"","background-media":"","overlay-type":"","overlay-color":"","overlay-opacity":"","overlay-gradient":""},"mobile":{"background-color":"var(--ast-global-color-5)","background-image":"","background-repeat":"repeat","background-position":"center center","background-size":"auto","background-attachment":"scroll","background-type":"","background-media":"","overlay-type":"","overlay-color":"","overlay-opacity":"","overlay-gradient":""}}},"product_brand":[],"product_cat":[708,693,694,695,696,697,698,699,691,692,1589,704,709],"product_tag":[1621,1623,1622],"class_list":{"0":"post-19952","1":"product","2":"type-product","3":"status-publish","4":"has-post-thumbnail","6":"product_cat-rail-way-de","7":"product_cat-enstandard-cable-de","8":"product_cat-en50264-de","9":"product_cat-en50306-de","10":"product_cat-en50382-de","11":"product_cat-high-temperature-cable-de","12":"product_cat-ice-standard-de","13":"product_cat-lsoh-cable-de","14":"product_cat-aviation-de","15":"product_cat-customized-cable-de","16":"product_cat-niedertemperaturkabel","17":"product_cat-product-by-material-de","18":"product_cat-silicone-cable-de","19":"product_tag-fahrzeug-uberbruckungsdraht-und-kabel","20":"product_tag-fahrzeugdraht-und-kabel","21":"product_tag-uberbruckungsdraht-und-kabel","22":"desktop-align-center","23":"tablet-align-left","24":"mobile-align-left","26":"first","27":"instock","28":"shipping-taxable","29":"product-type-simple"},"yoast_head":"<!-- This site is optimized with the Yoast SEO plugin v27.5 - https:\/\/yoast.com\/product\/yoast-seo-wordpress\/ -->\n<title>\u00dcberbr\u00fcckungsdraht und -kabel f\u00fcr Fahrzeuge und Flugzeuge<\/title>\n<meta name=\"description\" content=\"\u00dcberbr\u00fcckungsdr\u00e4hte und -kabel f\u00fcr Fahrzeuge und Flugzeuge m\u00fcssen in der Lage sein, hochfrequenten mechanischen Schwankungen, Klimaver\u00e4nderungen und verschiedenen chemischen Belastungen standzuhalten.\" \/>\n<meta name=\"robots\" content=\"index, follow, max-snippet:-1, max-image-preview:large, max-video-preview:-1\" \/>\n<link rel=\"canonical\" href=\"https:\/\/www.tstcables.com\/de\/produkt\/ueberbrueckungsdraht-und-kabel-fuer-fahrzeuge-und-flugzeuge\/\" \/>\n<meta property=\"og:locale\" content=\"de_DE\" \/>\n<meta property=\"og:type\" content=\"article\" \/>\n<meta property=\"og:title\" content=\"\u00dcberbr\u00fcckungsdraht und -kabel f\u00fcr Fahrzeuge und Flugzeuge\" \/>\n<meta property=\"og:description\" content=\"\u00dcberbr\u00fcckungsdr\u00e4hte und -kabel f\u00fcr Fahrzeuge und Flugzeuge m\u00fcssen in der Lage sein, hochfrequenten mechanischen Schwankungen, Klimaver\u00e4nderungen und verschiedenen chemischen Belastungen standzuhalten.\" \/>\n<meta property=\"og:url\" content=\"https:\/\/www.tstcables.com\/de\/produkt\/ueberbrueckungsdraht-und-kabel-fuer-fahrzeuge-und-flugzeuge\/\" \/>\n<meta property=\"og:site_name\" content=\"TST CABLES supplier &amp; Manufacture\" \/>\n<meta property=\"og:image\" content=\"https:\/\/www.tstcables.com\/wp-content\/uploads\/2024\/03\/3-30.jpg\" \/>\n\t<meta property=\"og:image:width\" content=\"640\" \/>\n\t<meta property=\"og:image:height\" content=\"640\" \/>\n\t<meta property=\"og:image:type\" content=\"image\/jpeg\" \/>\n<meta name=\"twitter:card\" content=\"summary_large_image\" \/>\n<meta name=\"twitter:label1\" content=\"Gesch\u00e4tzte Lesezeit\" \/>\n\t<meta name=\"twitter:data1\" content=\"1\u00a0Minute\" \/>\n<script type=\"application\/ld+json\" class=\"yoast-schema-graph\">{\"@context\":\"https:\\\/\\\/schema.org\",\"@graph\":[{\"@type\":\"WebPage\",\"@id\":\"https:\\\/\\\/www.tstcables.com\\\/de\\\/produkt\\\/ueberbrueckungsdraht-und-kabel-fuer-fahrzeuge-und-flugzeuge\\\/\",\"url\":\"https:\\\/\\\/www.tstcables.com\\\/de\\\/produkt\\\/ueberbrueckungsdraht-und-kabel-fuer-fahrzeuge-und-flugzeuge\\\/\",\"name\":\"\u00dcberbr\u00fcckungsdraht und -kabel f\u00fcr Fahrzeuge und Flugzeuge\",\"isPartOf\":{\"@id\":\"https:\\\/\\\/www.tstcables.com\\\/de\\\/#website\"},\"primaryImageOfPage\":{\"@id\":\"https:\\\/\\\/www.tstcables.com\\\/de\\\/produkt\\\/ueberbrueckungsdraht-und-kabel-fuer-fahrzeuge-und-flugzeuge\\\/#primaryimage\"},\"image\":{\"@id\":\"https:\\\/\\\/www.tstcables.com\\\/de\\\/produkt\\\/ueberbrueckungsdraht-und-kabel-fuer-fahrzeuge-und-flugzeuge\\\/#primaryimage\"},\"thumbnailUrl\":\"https:\\\/\\\/www.tstcables.com\\\/wp-content\\\/uploads\\\/2024\\\/03\\\/3-30.jpg\",\"datePublished\":\"2024-03-23T06:56:36+00:00\",\"description\":\"\u00dcberbr\u00fcckungsdr\u00e4hte und -kabel f\u00fcr Fahrzeuge und Flugzeuge m\u00fcssen in der Lage sein, hochfrequenten mechanischen Schwankungen, Klimaver\u00e4nderungen und verschiedenen chemischen Belastungen standzuhalten.\",\"breadcrumb\":{\"@id\":\"https:\\\/\\\/www.tstcables.com\\\/de\\\/produkt\\\/ueberbrueckungsdraht-und-kabel-fuer-fahrzeuge-und-flugzeuge\\\/#breadcrumb\"},\"inLanguage\":\"de\",\"potentialAction\":[{\"@type\":\"ReadAction\",\"target\":[\"https:\\\/\\\/www.tstcables.com\\\/de\\\/produkt\\\/ueberbrueckungsdraht-und-kabel-fuer-fahrzeuge-und-flugzeuge\\\/\"]}]},{\"@type\":\"ImageObject\",\"inLanguage\":\"de\",\"@id\":\"https:\\\/\\\/www.tstcables.com\\\/de\\\/produkt\\\/ueberbrueckungsdraht-und-kabel-fuer-fahrzeuge-und-flugzeuge\\\/#primaryimage\",\"url\":\"https:\\\/\\\/www.tstcables.com\\\/wp-content\\\/uploads\\\/2024\\\/03\\\/3-30.jpg\",\"contentUrl\":\"https:\\\/\\\/www.tstcables.com\\\/wp-content\\\/uploads\\\/2024\\\/03\\\/3-30.jpg\",\"width\":640,\"height\":640,\"caption\":\"vehicle jumper wire cable\"},{\"@type\":\"BreadcrumbList\",\"@id\":\"https:\\\/\\\/www.tstcables.com\\\/de\\\/produkt\\\/ueberbrueckungsdraht-und-kabel-fuer-fahrzeuge-und-flugzeuge\\\/#breadcrumb\",\"itemListElement\":[{\"@type\":\"ListItem\",\"position\":1,\"name\":\"\u9996\u9875\",\"item\":\"https:\\\/\\\/www.tstcables.com\\\/de\\\/\"},{\"@type\":\"ListItem\",\"position\":2,\"name\":\"Product\",\"item\":\"https:\\\/\\\/www.tstcables.com\\\/product\\\/\"},{\"@type\":\"ListItem\",\"position\":3,\"name\":\"\u00dcberbr\u00fcckungsdraht und -kabel f\u00fcr Fahrzeuge und Flugzeuge\"}]},{\"@type\":\"WebSite\",\"@id\":\"https:\\\/\\\/www.tstcables.com\\\/de\\\/#website\",\"url\":\"https:\\\/\\\/www.tstcables.com\\\/de\\\/\",\"name\":\"TST Cable supplier & Manufacture\",\"description\":\"TST CABLES  supplier &amp; Manufacture official website\",\"publisher\":{\"@id\":\"https:\\\/\\\/www.tstcables.com\\\/de\\\/#organization\"},\"potentialAction\":[{\"@type\":\"SearchAction\",\"target\":{\"@type\":\"EntryPoint\",\"urlTemplate\":\"https:\\\/\\\/www.tstcables.com\\\/de\\\/?s={search_term_string}\"},\"query-input\":{\"@type\":\"PropertyValueSpecification\",\"valueRequired\":true,\"valueName\":\"search_term_string\"}}],\"inLanguage\":\"de\"},{\"@type\":\"Organization\",\"@id\":\"https:\\\/\\\/www.tstcables.com\\\/de\\\/#organization\",\"name\":\"TST Cable supplier & Manufacture\",\"url\":\"https:\\\/\\\/www.tstcables.com\\\/de\\\/\",\"logo\":{\"@type\":\"ImageObject\",\"inLanguage\":\"de\",\"@id\":\"https:\\\/\\\/www.tstcables.com\\\/de\\\/#\\\/schema\\\/logo\\\/image\\\/\",\"url\":\"https:\\\/\\\/www.tstcables.com\\\/wp-content\\\/uploads\\\/2024\\\/04\\\/cropped-\u753b\u677f-1-\u62f7\u8d1d-4-1.png\",\"contentUrl\":\"https:\\\/\\\/www.tstcables.com\\\/wp-content\\\/uploads\\\/2024\\\/04\\\/cropped-\u753b\u677f-1-\u62f7\u8d1d-4-1.png\",\"width\":300,\"height\":100,\"caption\":\"TST Cable supplier & Manufacture\"},\"image\":{\"@id\":\"https:\\\/\\\/www.tstcables.com\\\/de\\\/#\\\/schema\\\/logo\\\/image\\\/\"}}]}<\/script>\n<!-- \/ Yoast SEO plugin. -->","yoast_head_json":{"title":"\u00dcberbr\u00fcckungsdraht und -kabel f\u00fcr Fahrzeuge und Flugzeuge","description":"\u00dcberbr\u00fcckungsdr\u00e4hte und -kabel f\u00fcr Fahrzeuge und Flugzeuge m\u00fcssen in der Lage sein, hochfrequenten mechanischen Schwankungen, Klimaver\u00e4nderungen und verschiedenen chemischen Belastungen standzuhalten.","robots":{"index":"index","follow":"follow","max-snippet":"max-snippet:-1","max-image-preview":"max-image-preview:large","max-video-preview":"max-video-preview:-1"},"canonical":"https:\/\/www.tstcables.com\/de\/produkt\/ueberbrueckungsdraht-und-kabel-fuer-fahrzeuge-und-flugzeuge\/","og_locale":"de_DE","og_type":"article","og_title":"\u00dcberbr\u00fcckungsdraht und -kabel f\u00fcr Fahrzeuge und Flugzeuge","og_description":"\u00dcberbr\u00fcckungsdr\u00e4hte und -kabel f\u00fcr Fahrzeuge und Flugzeuge m\u00fcssen in der Lage sein, hochfrequenten mechanischen Schwankungen, Klimaver\u00e4nderungen und verschiedenen chemischen Belastungen standzuhalten.","og_url":"https:\/\/www.tstcables.com\/de\/produkt\/ueberbrueckungsdraht-und-kabel-fuer-fahrzeuge-und-flugzeuge\/","og_site_name":"TST CABLES supplier &amp; Manufacture","og_image":[{"width":640,"height":640,"url":"https:\/\/www.tstcables.com\/wp-content\/uploads\/2024\/03\/3-30.jpg","type":"image\/jpeg"}],"twitter_card":"summary_large_image","twitter_misc":{"Gesch\u00e4tzte Lesezeit":"1\u00a0Minute"},"schema":{"@context":"https:\/\/schema.org","@graph":[{"@type":"WebPage","@id":"https:\/\/www.tstcables.com\/de\/produkt\/ueberbrueckungsdraht-und-kabel-fuer-fahrzeuge-und-flugzeuge\/","url":"https:\/\/www.tstcables.com\/de\/produkt\/ueberbrueckungsdraht-und-kabel-fuer-fahrzeuge-und-flugzeuge\/","name":"\u00dcberbr\u00fcckungsdraht und -kabel f\u00fcr Fahrzeuge und Flugzeuge","isPartOf":{"@id":"https:\/\/www.tstcables.com\/de\/#website"},"primaryImageOfPage":{"@id":"https:\/\/www.tstcables.com\/de\/produkt\/ueberbrueckungsdraht-und-kabel-fuer-fahrzeuge-und-flugzeuge\/#primaryimage"},"image":{"@id":"https:\/\/www.tstcables.com\/de\/produkt\/ueberbrueckungsdraht-und-kabel-fuer-fahrzeuge-und-flugzeuge\/#primaryimage"},"thumbnailUrl":"https:\/\/www.tstcables.com\/wp-content\/uploads\/2024\/03\/3-30.jpg","datePublished":"2024-03-23T06:56:36+00:00","description":"\u00dcberbr\u00fcckungsdr\u00e4hte und -kabel f\u00fcr Fahrzeuge und Flugzeuge m\u00fcssen in der Lage sein, hochfrequenten mechanischen Schwankungen, Klimaver\u00e4nderungen und verschiedenen chemischen Belastungen standzuhalten.","breadcrumb":{"@id":"https:\/\/www.tstcables.com\/de\/produkt\/ueberbrueckungsdraht-und-kabel-fuer-fahrzeuge-und-flugzeuge\/#breadcrumb"},"inLanguage":"de","potentialAction":[{"@type":"ReadAction","target":["https:\/\/www.tstcables.com\/de\/produkt\/ueberbrueckungsdraht-und-kabel-fuer-fahrzeuge-und-flugzeuge\/"]}]},{"@type":"ImageObject","inLanguage":"de","@id":"https:\/\/www.tstcables.com\/de\/produkt\/ueberbrueckungsdraht-und-kabel-fuer-fahrzeuge-und-flugzeuge\/#primaryimage","url":"https:\/\/www.tstcables.com\/wp-content\/uploads\/2024\/03\/3-30.jpg","contentUrl":"https:\/\/www.tstcables.com\/wp-content\/uploads\/2024\/03\/3-30.jpg","width":640,"height":640,"caption":"vehicle jumper wire cable"},{"@type":"BreadcrumbList","@id":"https:\/\/www.tstcables.com\/de\/produkt\/ueberbrueckungsdraht-und-kabel-fuer-fahrzeuge-und-flugzeuge\/#breadcrumb","itemListElement":[{"@type":"ListItem","position":1,"name":"\u9996\u9875","item":"https:\/\/www.tstcables.com\/de\/"},{"@type":"ListItem","position":2,"name":"Product","item":"https:\/\/www.tstcables.com\/product\/"},{"@type":"ListItem","position":3,"name":"\u00dcberbr\u00fcckungsdraht und -kabel f\u00fcr Fahrzeuge und Flugzeuge"}]},{"@type":"WebSite","@id":"https:\/\/www.tstcables.com\/de\/#website","url":"https:\/\/www.tstcables.com\/de\/","name":"TST Cable supplier & Manufacture","description":"TST CABLES  supplier &amp; Manufacture official website","publisher":{"@id":"https:\/\/www.tstcables.com\/de\/#organization"},"potentialAction":[{"@type":"SearchAction","target":{"@type":"EntryPoint","urlTemplate":"https:\/\/www.tstcables.com\/de\/?s={search_term_string}"},"query-input":{"@type":"PropertyValueSpecification","valueRequired":true,"valueName":"search_term_string"}}],"inLanguage":"de"},{"@type":"Organization","@id":"https:\/\/www.tstcables.com\/de\/#organization","name":"TST Cable supplier & Manufacture","url":"https:\/\/www.tstcables.com\/de\/","logo":{"@type":"ImageObject","inLanguage":"de","@id":"https:\/\/www.tstcables.com\/de\/#\/schema\/logo\/image\/","url":"https:\/\/www.tstcables.com\/wp-content\/uploads\/2024\/04\/cropped-\u753b\u677f-1-\u62f7\u8d1d-4-1.png","contentUrl":"https:\/\/www.tstcables.com\/wp-content\/uploads\/2024\/04\/cropped-\u753b\u677f-1-\u62f7\u8d1d-4-1.png","width":300,"height":100,"caption":"TST Cable supplier & Manufacture"},"image":{"@id":"https:\/\/www.tstcables.com\/de\/#\/schema\/logo\/image\/"}}]}},"_links":{"self":[{"href":"https:\/\/www.tstcables.com\/de\/wp-json\/wp\/v2\/product\/19952","targetHints":{"allow":["GET"]}}],"collection":[{"href":"https:\/\/www.tstcables.com\/de\/wp-json\/wp\/v2\/product"}],"about":[{"href":"https:\/\/www.tstcables.com\/de\/wp-json\/wp\/v2\/types\/product"}],"version-history":[{"count":0,"href":"https:\/\/www.tstcables.com\/de\/wp-json\/wp\/v2\/product\/19952\/revisions"}],"wp:featuredmedia":[{"embeddable":true,"href":"https:\/\/www.tstcables.com\/de\/wp-json\/wp\/v2\/media\/13814"}],"wp:attachment":[{"href":"https:\/\/www.tstcables.com\/de\/wp-json\/wp\/v2\/media?parent=19952"}],"wp:term":[{"taxonomy":"product_brand","embeddable":true,"href":"https:\/\/www.tstcables.com\/de\/wp-json\/wp\/v2\/product_brand?post=19952"},{"taxonomy":"product_cat","embeddable":true,"href":"https:\/\/www.tstcables.com\/de\/wp-json\/wp\/v2\/product_cat?post=19952"},{"taxonomy":"product_tag","embeddable":true,"href":"https:\/\/www.tstcables.com\/de\/wp-json\/wp\/v2\/product_tag?post=19952"}],"curies":[{"name":"wp","href":"https:\/\/api.w.org\/{rel}","templated":true}]}}