{"id":19955,"date":"2024-03-23T14:36:05","date_gmt":"2024-03-23T06:36:05","guid":{"rendered":"https:\/\/www.tstcables.com\/product\/eisenbahnkabel-flugzeugkabel-fahrzeugueberbrueckungskabel-en50382\/"},"modified":"2024-03-23T14:36:05","modified_gmt":"2024-03-23T06:36:05","slug":"eisenbahnkabel-flugzeugkabel-fahrzeugueberbrueckungskabel-en50382","status":"publish","type":"product","link":"https:\/\/www.tstcables.com\/de\/produkt\/eisenbahnkabel-flugzeugkabel-fahrzeugueberbrueckungskabel-en50382\/","title":{"rendered":"Eisenbahnkabel, Flugzeugkabel, Fahrzeug\u00fcberbr\u00fcckungskabel EN50382"},"content":{"rendered":"<p><strong><b>Produkteinf\u00fchrung<\/b><\/strong><\/p>\n<p>TST Cables liefert Eisenbahnsystemkabel gem\u00e4\u00df EN 45545-2, IEC 60332-1-2 \/ IEC 60332-3, EN60305, EN 61034-2, EN 60864-2, EN 60754 -1 \/ EN 60754-2, die in der Eisenbahnsteuerung Anwendung finden System (Eisenbahn-Stromkabel, Steuerkabel, Eisenbahn-Daten\u00fcbertragungskabel, Eisenbahn-Sensorkabel, Fahrkartenautomat), Eisenbahn-Kommunikationssystem (Eisenbahn-Koaxialkabel, HF-Kabel, Eisenbahn-Ethernet-Kabel), Eisenbahn-Multimediasystem (Lautsprecherkabel, Mikrofonkabel, Videokabel). f\u00fcr Monitor.). Wir bieten einen breiten OEM-Service f\u00fcr Schienenfahrzeuge, von Dr\u00e4hten bis hin zu mehradrigen Kabelspezifikationen f\u00fcr die Anwendung des Kunden.<\/p>\n<p>&nbsp;<\/p>\n<p><strong><b>Produktparameter<\/b><\/strong><\/p>\n<ul>\n<li>Modell: TST-382 \u00dcberbr\u00fcckungskabel<\/li>\n<li>Leiter: Verzinnter Kupferleiter, Konstruktion der Kategorie 6<\/li>\n<li>Isolierung: Silikonkautschuk<\/li>\n<li>Geflochtene Verst\u00e4rkung: Polyester oder Aramid<\/li>\n<li>Nennspannung: 3,6\/6,0 kV<\/li>\n<li>Spannungsfestigkeit:8MPa&gt;<\/li>\n<li>Bruchdehnung:200 %&gt;<\/li>\n<li>Kabelbiegeradius: 6D (D Kabelau\u00dfendurchmesser)<\/li>\n<li>Betriebstemperatur: -50 \u00b0C bis +150 \u00b0C<\/li>\n<li>Betriebsspannung: 300 V\/500 V<\/li>\n<li>Pr\u00fcfspannung: 2.500 V<\/li>\n<li>Mindestbiegeradius bei fester Installation 5 x Au\u00dfendurchmesser<\/li>\n<li>Mindestbiegeradius bei flexibler Verlegung 7,5 x Au\u00dfendurchmesser<\/li>\n<\/ul>\n<p>&nbsp;<\/p>\n<p><strong>Optimierter Kabelaufbau:<\/strong><br \/>\nPower-Jumper, Steuer-Jumper, Daten-Jumper, umfassender Jumper<\/p>\n<p>&nbsp;<\/p>\n<p><strong>Zufriedene Bewerbungen<\/strong><br \/>\n\u2460 Feuerbest\u00e4ndigkeit \u2461 Geringe Rauchentwicklung<\/p>\n<p>\u2462 Geringe Toxizit\u00e4t \u2463 Sonnenalterungsbest\u00e4ndigkeit \u2464 \u00d6lbest\u00e4ndigkeit<\/p>\n<p>\u2465 Witterungsbest\u00e4ndigkeit \u2466 Mechanische Best\u00e4ndigkeit<\/p>\n<p><strong>Zuverl\u00e4ssigkeit<\/strong><br \/>\nTST-Kabel verf\u00fcgt \u00fcber langj\u00e4hrige Erfahrung im Bereich \u00dcberbr\u00fcckungskabel: Der Nachweis der Biegefestigkeit und Torsionsfestigkeit ist ein wirksamer Garant f\u00fcr die Sicherheit im Fahrzeugbetrieb. Das Experiment wurde gem\u00e4\u00df JRLS J 1000-5.4.2 und JRIS J 100-5.4.3 mehr als 500.000 Mal durchgef\u00fchrt, die Experimente wurden mehr als 500.000 Mal durchgef\u00fchrt.<\/p>\n<p>&nbsp;<\/p>\n<p><strong><b>Feuerbest\u00e4ndige Eigenschaften<\/b><\/strong><\/p>\n<ul>\n<li>EN45545-2 HL1 \u2014 HL3 Test<\/li>\n<li>einzeln vertikal EN60332-1-2<\/li>\n<li>Rauchdichte EN61034-2<\/li>\n<li>Toxizit\u00e4t EN50305-9-2<\/li>\n<\/ul>\n<p><strong><b> <\/b><\/strong><\/p>\n<p><strong><b>Alle Qualifikationsnachweise f\u00fcr die Bahnindustrie<\/b><\/strong><\/p>\n<ul>\n<li>CRCC-zertifiziertes Unternehmen<\/li>\n<li>TS22163 (Internationales Eisenbahn-Qualit\u00e4tsmanagementsystem)<\/li>\n<li>ISO9001 (Qualit\u00e4tssystem)<\/li>\n<li>CE-Produktzertifizierung<\/li>\n<li>ECER118 Brandschutz<\/li>\n<\/ul>\n<p>&nbsp;<\/p>\n<p>&nbsp;<\/p>\n","protected":false},"excerpt":{"rendered":"<p>Eisenbahnkabel, Flugzeugkabel, Fahrzeug\u00fcberbr\u00fcckungskabel, das im Eisenbahnsteuerungssystem (Eisenbahnstromkabel, Steuerkabel, Eisenbahndaten\u00fcbertragungskabel, Eisenbahnsensorkabel, Fahrkartenautomat), im Eisenbahnkommunikationssystem (Eisenbahnkoaxialkabel, HF-Kabel, Eisenbahn-Ethernetkabel) eingesetzt wird. Eisenbahn-Multimediasystem (Lautsprecherkabel, Mikrofonkabel, Videokabel f\u00fcr Monitor.)<\/p>\n","protected":false},"featured_media":9346,"template":"","meta":{"_eb_attr":"","site-sidebar-layout":"default","site-content-layout":"","ast-site-content-layout":"default","site-content-style":"default","site-sidebar-style":"default","ast-global-header-display":"","ast-banner-title-visibility":"","ast-main-header-display":"","ast-hfb-above-header-display":"","ast-hfb-below-header-display":"","ast-hfb-mobile-header-display":"","site-post-title":"","ast-breadcrumbs-content":"","ast-featured-img":"","footer-sml-layout":"","theme-transparent-header-meta":"default","adv-header-id-meta":"","stick-header-meta":"","header-above-stick-meta":"","header-main-stick-meta":"","header-below-stick-meta":"","astra-migrate-meta-layouts":"default","ast-page-background-enabled":"default","ast-page-background-meta":{"desktop":{"background-color":"","background-image":"","background-repeat":"repeat","background-position":"center center","background-size":"auto","background-attachment":"scroll","background-type":"","background-media":"","overlay-type":"","overlay-color":"","overlay-opacity":"","overlay-gradient":""},"tablet":{"background-color":"","background-image":"","background-repeat":"repeat","background-position":"center center","background-size":"auto","background-attachment":"scroll","background-type":"","background-media":"","overlay-type":"","overlay-color":"","overlay-opacity":"","overlay-gradient":""},"mobile":{"background-color":"","background-image":"","background-repeat":"repeat","background-position":"center center","background-size":"auto","background-attachment":"scroll","background-type":"","background-media":"","overlay-type":"","overlay-color":"","overlay-opacity":"","overlay-gradient":""}},"ast-content-background-meta":{"desktop":{"background-color":"var(--ast-global-color-5)","background-image":"","background-repeat":"repeat","background-position":"center center","background-size":"auto","background-attachment":"scroll","background-type":"","background-media":"","overlay-type":"","overlay-color":"","overlay-opacity":"","overlay-gradient":""},"tablet":{"background-color":"var(--ast-global-color-5)","background-image":"","background-repeat":"repeat","background-position":"center center","background-size":"auto","background-attachment":"scroll","background-type":"","background-media":"","overlay-type":"","overlay-color":"","overlay-opacity":"","overlay-gradient":""},"mobile":{"background-color":"var(--ast-global-color-5)","background-image":"","background-repeat":"repeat","background-position":"center center","background-size":"auto","background-attachment":"scroll","background-type":"","background-media":"","overlay-type":"","overlay-color":"","overlay-opacity":"","overlay-gradient":""}}},"product_brand":[],"product_cat":[708,693,694,695,696,698,699,691,692,709,1579],"product_tag":[1560,1562,1561],"class_list":{"0":"post-19955","1":"product","2":"type-product","3":"status-publish","4":"has-post-thumbnail","6":"product_cat-rail-way-de","7":"product_cat-enstandard-cable-de","8":"product_cat-en50264-de","9":"product_cat-en50306-de","10":"product_cat-en50382-de","11":"product_cat-ice-standard-de","12":"product_cat-lsoh-cable-de","13":"product_cat-aviation-de","14":"product_cat-customized-cable-de","15":"product_cat-silicone-cable-de","16":"product_cat-verschleisfestes-kabel","17":"product_tag-eisenbahnkabel","18":"product_tag-tst-fahrzeug-uberbruckungskabel","19":"product_tag-tst-382-uberbruckungskabel","20":"desktop-align-center","21":"tablet-align-left","22":"mobile-align-left","24":"first","25":"instock","26":"shipping-taxable","27":"product-type-simple"},"yoast_head":"<!-- This site is optimized with the Yoast SEO plugin v27.3 - https:\/\/yoast.com\/product\/yoast-seo-wordpress\/ -->\n<title>Eisenbahnkabel, Flugzeugkabel, Fahrzeug\u00fcberbr\u00fcckungskabel EN50382<\/title>\n<meta name=\"description\" content=\"Eisenbahnkabel, Flugzeugkabel, Fahrzeug\u00fcberbr\u00fcckungskabel bieten einen breiten OEM-Service f\u00fcr Schienenfahrzeuge, von Dr\u00e4hten bis hin zu mehradrigen Kabelspezifikationen f\u00fcr die Anwendung des Kunden.\" \/>\n<meta name=\"robots\" content=\"index, follow, max-snippet:-1, max-image-preview:large, max-video-preview:-1\" \/>\n<link rel=\"canonical\" href=\"https:\/\/www.tstcables.com\/de\/produkt\/eisenbahnkabel-flugzeugkabel-fahrzeugueberbrueckungskabel-en50382\/\" \/>\n<meta property=\"og:locale\" content=\"de_DE\" \/>\n<meta property=\"og:type\" content=\"article\" \/>\n<meta property=\"og:title\" content=\"Eisenbahnkabel, Flugzeugkabel, Fahrzeug\u00fcberbr\u00fcckungskabel EN50382\" \/>\n<meta property=\"og:description\" content=\"Eisenbahnkabel, Flugzeugkabel, Fahrzeug\u00fcberbr\u00fcckungskabel bieten einen breiten OEM-Service f\u00fcr Schienenfahrzeuge, von Dr\u00e4hten bis hin zu mehradrigen Kabelspezifikationen f\u00fcr die Anwendung des Kunden.\" \/>\n<meta property=\"og:url\" content=\"https:\/\/www.tstcables.com\/de\/produkt\/eisenbahnkabel-flugzeugkabel-fahrzeugueberbrueckungskabel-en50382\/\" \/>\n<meta property=\"og:site_name\" content=\"TST CABLES supplier &amp; Manufacture\" \/>\n<meta property=\"og:image\" content=\"https:\/\/www.tstcables.com\/wp-content\/uploads\/2024\/03\/image_vehiclejumpercable.png\" \/>\n\t<meta property=\"og:image:width\" content=\"900\" \/>\n\t<meta property=\"og:image:height\" content=\"900\" \/>\n\t<meta property=\"og:image:type\" content=\"image\/png\" \/>\n<meta name=\"twitter:card\" content=\"summary_large_image\" \/>\n<meta name=\"twitter:label1\" content=\"Gesch\u00e4tzte Lesezeit\" \/>\n\t<meta name=\"twitter:data1\" content=\"1\u00a0Minute\" \/>\n<script type=\"application\/ld+json\" class=\"yoast-schema-graph\">{\"@context\":\"https:\\\/\\\/schema.org\",\"@graph\":[{\"@type\":\"WebPage\",\"@id\":\"https:\\\/\\\/www.tstcables.com\\\/de\\\/produkt\\\/eisenbahnkabel-flugzeugkabel-fahrzeugueberbrueckungskabel-en50382\\\/\",\"url\":\"https:\\\/\\\/www.tstcables.com\\\/de\\\/produkt\\\/eisenbahnkabel-flugzeugkabel-fahrzeugueberbrueckungskabel-en50382\\\/\",\"name\":\"Eisenbahnkabel, Flugzeugkabel, Fahrzeug\u00fcberbr\u00fcckungskabel EN50382\",\"isPartOf\":{\"@id\":\"https:\\\/\\\/www.tstcables.com\\\/de\\\/#website\"},\"primaryImageOfPage\":{\"@id\":\"https:\\\/\\\/www.tstcables.com\\\/de\\\/produkt\\\/eisenbahnkabel-flugzeugkabel-fahrzeugueberbrueckungskabel-en50382\\\/#primaryimage\"},\"image\":{\"@id\":\"https:\\\/\\\/www.tstcables.com\\\/de\\\/produkt\\\/eisenbahnkabel-flugzeugkabel-fahrzeugueberbrueckungskabel-en50382\\\/#primaryimage\"},\"thumbnailUrl\":\"https:\\\/\\\/www.tstcables.com\\\/wp-content\\\/uploads\\\/2024\\\/03\\\/image_vehiclejumpercable.png\",\"datePublished\":\"2024-03-23T06:36:05+00:00\",\"description\":\"Eisenbahnkabel, Flugzeugkabel, Fahrzeug\u00fcberbr\u00fcckungskabel bieten einen breiten OEM-Service f\u00fcr Schienenfahrzeuge, von Dr\u00e4hten bis hin zu mehradrigen Kabelspezifikationen f\u00fcr die Anwendung des Kunden.\",\"breadcrumb\":{\"@id\":\"https:\\\/\\\/www.tstcables.com\\\/de\\\/produkt\\\/eisenbahnkabel-flugzeugkabel-fahrzeugueberbrueckungskabel-en50382\\\/#breadcrumb\"},\"inLanguage\":\"de\",\"potentialAction\":[{\"@type\":\"ReadAction\",\"target\":[\"https:\\\/\\\/www.tstcables.com\\\/de\\\/produkt\\\/eisenbahnkabel-flugzeugkabel-fahrzeugueberbrueckungskabel-en50382\\\/\"]}]},{\"@type\":\"ImageObject\",\"inLanguage\":\"de\",\"@id\":\"https:\\\/\\\/www.tstcables.com\\\/de\\\/produkt\\\/eisenbahnkabel-flugzeugkabel-fahrzeugueberbrueckungskabel-en50382\\\/#primaryimage\",\"url\":\"https:\\\/\\\/www.tstcables.com\\\/wp-content\\\/uploads\\\/2024\\\/03\\\/image_vehiclejumpercable.png\",\"contentUrl\":\"https:\\\/\\\/www.tstcables.com\\\/wp-content\\\/uploads\\\/2024\\\/03\\\/image_vehiclejumpercable.png\",\"width\":900,\"height\":900,\"caption\":\"Vehicle jumper cable\"},{\"@type\":\"BreadcrumbList\",\"@id\":\"https:\\\/\\\/www.tstcables.com\\\/de\\\/produkt\\\/eisenbahnkabel-flugzeugkabel-fahrzeugueberbrueckungskabel-en50382\\\/#breadcrumb\",\"itemListElement\":[{\"@type\":\"ListItem\",\"position\":1,\"name\":\"\u9996\u9875\",\"item\":\"https:\\\/\\\/www.tstcables.com\\\/de\\\/\"},{\"@type\":\"ListItem\",\"position\":2,\"name\":\"Product\",\"item\":\"https:\\\/\\\/www.tstcables.com\\\/product\\\/\"},{\"@type\":\"ListItem\",\"position\":3,\"name\":\"Eisenbahnkabel, Flugzeugkabel, Fahrzeug\u00fcberbr\u00fcckungskabel EN50382\"}]},{\"@type\":\"WebSite\",\"@id\":\"https:\\\/\\\/www.tstcables.com\\\/de\\\/#website\",\"url\":\"https:\\\/\\\/www.tstcables.com\\\/de\\\/\",\"name\":\"TST Cable supplier & Manufacture\",\"description\":\"TST CABLES  supplier &amp; Manufacture official website\",\"publisher\":{\"@id\":\"https:\\\/\\\/www.tstcables.com\\\/de\\\/#organization\"},\"potentialAction\":[{\"@type\":\"SearchAction\",\"target\":{\"@type\":\"EntryPoint\",\"urlTemplate\":\"https:\\\/\\\/www.tstcables.com\\\/de\\\/?s={search_term_string}\"},\"query-input\":{\"@type\":\"PropertyValueSpecification\",\"valueRequired\":true,\"valueName\":\"search_term_string\"}}],\"inLanguage\":\"de\"},{\"@type\":\"Organization\",\"@id\":\"https:\\\/\\\/www.tstcables.com\\\/de\\\/#organization\",\"name\":\"TST Cable supplier & Manufacture\",\"url\":\"https:\\\/\\\/www.tstcables.com\\\/de\\\/\",\"logo\":{\"@type\":\"ImageObject\",\"inLanguage\":\"de\",\"@id\":\"https:\\\/\\\/www.tstcables.com\\\/de\\\/#\\\/schema\\\/logo\\\/image\\\/\",\"url\":\"https:\\\/\\\/www.tstcables.com\\\/wp-content\\\/uploads\\\/2024\\\/04\\\/cropped-\u753b\u677f-1-\u62f7\u8d1d-4-1.png\",\"contentUrl\":\"https:\\\/\\\/www.tstcables.com\\\/wp-content\\\/uploads\\\/2024\\\/04\\\/cropped-\u753b\u677f-1-\u62f7\u8d1d-4-1.png\",\"width\":300,\"height\":100,\"caption\":\"TST Cable supplier & Manufacture\"},\"image\":{\"@id\":\"https:\\\/\\\/www.tstcables.com\\\/de\\\/#\\\/schema\\\/logo\\\/image\\\/\"}}]}<\/script>\n<!-- \/ Yoast SEO plugin. -->","yoast_head_json":{"title":"Eisenbahnkabel, Flugzeugkabel, Fahrzeug\u00fcberbr\u00fcckungskabel EN50382","description":"Eisenbahnkabel, Flugzeugkabel, Fahrzeug\u00fcberbr\u00fcckungskabel bieten einen breiten OEM-Service f\u00fcr Schienenfahrzeuge, von Dr\u00e4hten bis hin zu mehradrigen Kabelspezifikationen f\u00fcr die Anwendung des Kunden.","robots":{"index":"index","follow":"follow","max-snippet":"max-snippet:-1","max-image-preview":"max-image-preview:large","max-video-preview":"max-video-preview:-1"},"canonical":"https:\/\/www.tstcables.com\/de\/produkt\/eisenbahnkabel-flugzeugkabel-fahrzeugueberbrueckungskabel-en50382\/","og_locale":"de_DE","og_type":"article","og_title":"Eisenbahnkabel, Flugzeugkabel, Fahrzeug\u00fcberbr\u00fcckungskabel EN50382","og_description":"Eisenbahnkabel, Flugzeugkabel, Fahrzeug\u00fcberbr\u00fcckungskabel bieten einen breiten OEM-Service f\u00fcr Schienenfahrzeuge, von Dr\u00e4hten bis hin zu mehradrigen Kabelspezifikationen f\u00fcr die Anwendung des Kunden.","og_url":"https:\/\/www.tstcables.com\/de\/produkt\/eisenbahnkabel-flugzeugkabel-fahrzeugueberbrueckungskabel-en50382\/","og_site_name":"TST CABLES supplier &amp; Manufacture","og_image":[{"width":900,"height":900,"url":"https:\/\/www.tstcables.com\/wp-content\/uploads\/2024\/03\/image_vehiclejumpercable.png","type":"image\/png"}],"twitter_card":"summary_large_image","twitter_misc":{"Gesch\u00e4tzte Lesezeit":"1\u00a0Minute"},"schema":{"@context":"https:\/\/schema.org","@graph":[{"@type":"WebPage","@id":"https:\/\/www.tstcables.com\/de\/produkt\/eisenbahnkabel-flugzeugkabel-fahrzeugueberbrueckungskabel-en50382\/","url":"https:\/\/www.tstcables.com\/de\/produkt\/eisenbahnkabel-flugzeugkabel-fahrzeugueberbrueckungskabel-en50382\/","name":"Eisenbahnkabel, Flugzeugkabel, Fahrzeug\u00fcberbr\u00fcckungskabel EN50382","isPartOf":{"@id":"https:\/\/www.tstcables.com\/de\/#website"},"primaryImageOfPage":{"@id":"https:\/\/www.tstcables.com\/de\/produkt\/eisenbahnkabel-flugzeugkabel-fahrzeugueberbrueckungskabel-en50382\/#primaryimage"},"image":{"@id":"https:\/\/www.tstcables.com\/de\/produkt\/eisenbahnkabel-flugzeugkabel-fahrzeugueberbrueckungskabel-en50382\/#primaryimage"},"thumbnailUrl":"https:\/\/www.tstcables.com\/wp-content\/uploads\/2024\/03\/image_vehiclejumpercable.png","datePublished":"2024-03-23T06:36:05+00:00","description":"Eisenbahnkabel, Flugzeugkabel, Fahrzeug\u00fcberbr\u00fcckungskabel bieten einen breiten OEM-Service f\u00fcr Schienenfahrzeuge, von Dr\u00e4hten bis hin zu mehradrigen Kabelspezifikationen f\u00fcr die Anwendung des Kunden.","breadcrumb":{"@id":"https:\/\/www.tstcables.com\/de\/produkt\/eisenbahnkabel-flugzeugkabel-fahrzeugueberbrueckungskabel-en50382\/#breadcrumb"},"inLanguage":"de","potentialAction":[{"@type":"ReadAction","target":["https:\/\/www.tstcables.com\/de\/produkt\/eisenbahnkabel-flugzeugkabel-fahrzeugueberbrueckungskabel-en50382\/"]}]},{"@type":"ImageObject","inLanguage":"de","@id":"https:\/\/www.tstcables.com\/de\/produkt\/eisenbahnkabel-flugzeugkabel-fahrzeugueberbrueckungskabel-en50382\/#primaryimage","url":"https:\/\/www.tstcables.com\/wp-content\/uploads\/2024\/03\/image_vehiclejumpercable.png","contentUrl":"https:\/\/www.tstcables.com\/wp-content\/uploads\/2024\/03\/image_vehiclejumpercable.png","width":900,"height":900,"caption":"Vehicle jumper cable"},{"@type":"BreadcrumbList","@id":"https:\/\/www.tstcables.com\/de\/produkt\/eisenbahnkabel-flugzeugkabel-fahrzeugueberbrueckungskabel-en50382\/#breadcrumb","itemListElement":[{"@type":"ListItem","position":1,"name":"\u9996\u9875","item":"https:\/\/www.tstcables.com\/de\/"},{"@type":"ListItem","position":2,"name":"Product","item":"https:\/\/www.tstcables.com\/product\/"},{"@type":"ListItem","position":3,"name":"Eisenbahnkabel, Flugzeugkabel, Fahrzeug\u00fcberbr\u00fcckungskabel EN50382"}]},{"@type":"WebSite","@id":"https:\/\/www.tstcables.com\/de\/#website","url":"https:\/\/www.tstcables.com\/de\/","name":"TST Cable supplier & Manufacture","description":"TST CABLES  supplier &amp; Manufacture official website","publisher":{"@id":"https:\/\/www.tstcables.com\/de\/#organization"},"potentialAction":[{"@type":"SearchAction","target":{"@type":"EntryPoint","urlTemplate":"https:\/\/www.tstcables.com\/de\/?s={search_term_string}"},"query-input":{"@type":"PropertyValueSpecification","valueRequired":true,"valueName":"search_term_string"}}],"inLanguage":"de"},{"@type":"Organization","@id":"https:\/\/www.tstcables.com\/de\/#organization","name":"TST Cable supplier & Manufacture","url":"https:\/\/www.tstcables.com\/de\/","logo":{"@type":"ImageObject","inLanguage":"de","@id":"https:\/\/www.tstcables.com\/de\/#\/schema\/logo\/image\/","url":"https:\/\/www.tstcables.com\/wp-content\/uploads\/2024\/04\/cropped-\u753b\u677f-1-\u62f7\u8d1d-4-1.png","contentUrl":"https:\/\/www.tstcables.com\/wp-content\/uploads\/2024\/04\/cropped-\u753b\u677f-1-\u62f7\u8d1d-4-1.png","width":300,"height":100,"caption":"TST Cable supplier & Manufacture"},"image":{"@id":"https:\/\/www.tstcables.com\/de\/#\/schema\/logo\/image\/"}}]}},"_links":{"self":[{"href":"https:\/\/www.tstcables.com\/de\/wp-json\/wp\/v2\/product\/19955","targetHints":{"allow":["GET"]}}],"collection":[{"href":"https:\/\/www.tstcables.com\/de\/wp-json\/wp\/v2\/product"}],"about":[{"href":"https:\/\/www.tstcables.com\/de\/wp-json\/wp\/v2\/types\/product"}],"version-history":[{"count":0,"href":"https:\/\/www.tstcables.com\/de\/wp-json\/wp\/v2\/product\/19955\/revisions"}],"wp:featuredmedia":[{"embeddable":true,"href":"https:\/\/www.tstcables.com\/de\/wp-json\/wp\/v2\/media\/9346"}],"wp:attachment":[{"href":"https:\/\/www.tstcables.com\/de\/wp-json\/wp\/v2\/media?parent=19955"}],"wp:term":[{"taxonomy":"product_brand","embeddable":true,"href":"https:\/\/www.tstcables.com\/de\/wp-json\/wp\/v2\/product_brand?post=19955"},{"taxonomy":"product_cat","embeddable":true,"href":"https:\/\/www.tstcables.com\/de\/wp-json\/wp\/v2\/product_cat?post=19955"},{"taxonomy":"product_tag","embeddable":true,"href":"https:\/\/www.tstcables.com\/de\/wp-json\/wp\/v2\/product_tag?post=19955"}],"curies":[{"name":"wp","href":"https:\/\/api.w.org\/{rel}","templated":true}]}}