{"id":19957,"date":"2024-03-22T18:29:06","date_gmt":"2024-03-22T10:29:06","guid":{"rendered":"https:\/\/www.tstcables.com\/product\/pi-kabel-hohe-und-niedrige-temperaturbestaendigkeit-flexibles-isoliertes-drahtkabel-mit-verzinntem-kupferkern\/"},"modified":"2024-03-22T18:29:06","modified_gmt":"2024-03-22T10:29:06","slug":"pi-kabel-hohe-und-niedrige-temperaturbestaendigkeit-flexibles-isoliertes-drahtkabel-mit-verzinntem-kupferkern","status":"publish","type":"product","link":"https:\/\/www.tstcables.com\/de\/produkt\/pi-kabel-hohe-und-niedrige-temperaturbestaendigkeit-flexibles-isoliertes-drahtkabel-mit-verzinntem-kupferkern\/","title":{"rendered":"PI-Kabel Hohe und niedrige Temperaturbest\u00e4ndigkeit. Flexibles, isoliertes Drahtkabel mit verzinntem Kupferkern"},"content":{"rendered":"<p><strong><b>Produktnummer<\/b><\/strong><\/p>\n<ul>\n<li>PI-Kabel Hohe und niedrige Temperaturbest\u00e4ndigkeit. Flexibles, isoliertes Drahtkabel mit verzinntem Kupferkern<\/li>\n<\/ul>\n<p><strong><span style=\"font-size: 16px; font-style: normal;\">Referenzstandards<\/span><\/strong><\/p>\n<ul>\n<li>Q\/TST-012<\/li>\n<\/ul>\n<p><strong>Produktmerkmale<\/strong><br \/>\n1. Temperaturbest\u00e4ndigkeitsgrad: &#8211; 190-250 \u2103, kurzfristig 260 \u2103<br \/>\nNennspannung: 300 V, 600 V, 1800 V, 3600 V, 10 kV<br \/>\n3. Mechanische Festigkeit: 80 MPa&gt;<br \/>\n4. Kratzfestigkeit: 10.000 Mal&gt;<br \/>\n5. Quadratischer Abschnitt: (32AWG-18AWG)<br \/>\n6. Anzahl der Kabeladern: 1-48 Adern<br \/>\n7. Leiter: verzinnt, versilbert, legiert<br \/>\n8. Biegeradius 6D (Sonderanforderungen)<br \/>\nProdukt-Mix<\/p>\n<p><strong><b>Produktkategorie und Benennung<\/b><\/strong><\/p>\n<table class=\"tg\">\n<thead>\n<tr>\n<th class=\"tg-fymr\" rowspan=\"3\">Produktnummer<\/th>\n<th class=\"tg-fymr\" rowspan=\"3\">Produktkategorie<\/th>\n<th class=\"tg-fll5\" rowspan=\"3\">Abschnitt im Quadrat<\/th>\n<th class=\"tg-fll5\" rowspan=\"3\">Anzahl der Korrektionsquadrate<\/th>\n<\/tr>\n<\/thead>\n<tbody>\n<tr>\n<td class=\"tg-0pky\">TST-AI-DXT<\/td>\n<td class=\"tg-0pky\">Tinned copper core Pl insulated wire and cable<\/td>\n<td class=\"tg-0pky\">1 Kern<\/td>\n<td class=\"tg-0pky\">32AWG-18AWG<\/td>\n<\/tr>\n<tr>\n<td class=\"tg-0lax\">TST-AIPX-DXT<\/td>\n<td class=\"tg-0lax\">Verzinnter Leiter, Pl-Isolierung, verzinnter Schirm, Pl-Mantel<\/td>\n<td class=\"tg-0lax\">1-48 Kern<\/td>\n<td class=\"tg-0lax\">32AWG-20AWG<\/td>\n<\/tr>\n<tr>\n<td class=\"tg-0lax\">TST-AI-DYT<\/td>\n<td class=\"tg-0lax\">Versilberter Kupferkern mit Pl-isoliertem Draht und Kabel<\/td>\n<td class=\"tg-0lax\">1 Kern<\/td>\n<td class=\"tg-0lax\">32AWG-18AWG<\/td>\n<\/tr>\n<\/tbody>\n<\/table>\n<p>Hinweis: Produkte mit anderen Spezifikationen k\u00f6nnen gem\u00e4\u00df der Vereinbarung zwischen dem Lieferanten und dem K\u00e4ufer hergestellt werden.<\/p>\n<p>&nbsp;<\/p>\n","protected":false},"excerpt":{"rendered":"<p>PI-Kabel<\/p>\n<p>Temperaturbest\u00e4ndigkeitsgrad: &#8211; 190-250 \u2103, kurzfristig 260 \u2103<br \/>\nNennspannung: 300 V, 600 V, 1800 V, 3600 V, 10 kV<br \/>\n3. Mechanische Festigkeit: 80 MPa&gt;<br \/>\n4. Kratzfestigkeit: 10.000 Mal&gt;<\/p>\n","protected":false},"featured_media":9642,"template":"","meta":{"_eb_attr":"","site-sidebar-layout":"default","site-content-layout":"","ast-site-content-layout":"default","site-content-style":"default","site-sidebar-style":"default","ast-global-header-display":"","ast-banner-title-visibility":"","ast-main-header-display":"","ast-hfb-above-header-display":"","ast-hfb-below-header-display":"","ast-hfb-mobile-header-display":"","site-post-title":"","ast-breadcrumbs-content":"","ast-featured-img":"","footer-sml-layout":"","theme-transparent-header-meta":"default","adv-header-id-meta":"","stick-header-meta":"","header-above-stick-meta":"","header-main-stick-meta":"","header-below-stick-meta":"","astra-migrate-meta-layouts":"default","ast-page-background-enabled":"default","ast-page-background-meta":{"desktop":{"background-color":"","background-image":"","background-repeat":"repeat","background-position":"center center","background-size":"auto","background-attachment":"scroll","background-type":"","background-media":"","overlay-type":"","overlay-color":"","overlay-opacity":"","overlay-gradient":""},"tablet":{"background-color":"","background-image":"","background-repeat":"repeat","background-position":"center center","background-size":"auto","background-attachment":"scroll","background-type":"","background-media":"","overlay-type":"","overlay-color":"","overlay-opacity":"","overlay-gradient":""},"mobile":{"background-color":"","background-image":"","background-repeat":"repeat","background-position":"center center","background-size":"auto","background-attachment":"scroll","background-type":"","background-media":"","overlay-type":"","overlay-color":"","overlay-opacity":"","overlay-gradient":""}},"ast-content-background-meta":{"desktop":{"background-color":"var(--ast-global-color-5)","background-image":"","background-repeat":"repeat","background-position":"center center","background-size":"auto","background-attachment":"scroll","background-type":"","background-media":"","overlay-type":"","overlay-color":"","overlay-opacity":"","overlay-gradient":""},"tablet":{"background-color":"var(--ast-global-color-5)","background-image":"","background-repeat":"repeat","background-position":"center center","background-size":"auto","background-attachment":"scroll","background-type":"","background-media":"","overlay-type":"","overlay-color":"","overlay-opacity":"","overlay-gradient":""},"mobile":{"background-color":"var(--ast-global-color-5)","background-image":"","background-repeat":"repeat","background-position":"center center","background-size":"auto","background-attachment":"scroll","background-type":"","background-media":"","overlay-type":"","overlay-color":"","overlay-opacity":"","overlay-gradient":""}}},"product_brand":[],"product_cat":[693,697,698,700,1589,702,1601,707,1579,713],"product_tag":[1627,1628,1629],"class_list":{"0":"post-19957","1":"product","2":"type-product","3":"status-publish","4":"has-post-thumbnail","6":"product_cat-enstandard-cable-de","7":"product_cat-high-temperature-cable-de","8":"product_cat-ice-standard-de","9":"product_cat-marine-de","10":"product_cat-niedertemperaturkabel","11":"product_cat-oil-gas-de","12":"product_cat-pi-kabel","13":"product_cat-radiation-resistant-cable-de","14":"product_cat-verschleisfestes-kabel","15":"product_cat-wind-power-de","16":"product_tag-pi-kabel","17":"product_tag-pi-kabel-verzinnter-kupferkern","18":"product_tag-pl-isolierter-draht-und-kabel-10-kv","19":"desktop-align-center","20":"tablet-align-left","21":"mobile-align-left","23":"first","24":"instock","25":"shipping-taxable","26":"product-type-simple"},"yoast_head":"<!-- This site is optimized with the Yoast SEO plugin v27.5 - https:\/\/yoast.com\/product\/yoast-seo-wordpress\/ -->\n<title>PI-Kabel Hohe und niedrige Temperaturbest\u00e4ndigkeit. Flexibles, isoliertes Drahtkabel mit verzinntem Kupferkern<\/title>\n<meta name=\"description\" content=\"PI-Kabel Hohe und niedrige Temperaturbest\u00e4ndigkeit. Flexibles, isoliertes Drahtkabel mit verzinntem Kupferkern\" \/>\n<meta name=\"robots\" content=\"index, follow, max-snippet:-1, max-image-preview:large, max-video-preview:-1\" \/>\n<link rel=\"canonical\" href=\"https:\/\/www.tstcables.com\/de\/produkt\/pi-kabel-hohe-und-niedrige-temperaturbestaendigkeit-flexibles-isoliertes-drahtkabel-mit-verzinntem-kupferkern\/\" \/>\n<meta property=\"og:locale\" content=\"de_DE\" \/>\n<meta property=\"og:type\" content=\"article\" \/>\n<meta property=\"og:title\" content=\"PI-Kabel Hohe und niedrige Temperaturbest\u00e4ndigkeit. Flexibles, isoliertes Drahtkabel mit verzinntem Kupferkern\" \/>\n<meta property=\"og:description\" content=\"PI-Kabel Hohe und niedrige Temperaturbest\u00e4ndigkeit. Flexibles, isoliertes Drahtkabel mit verzinntem Kupferkern\" \/>\n<meta property=\"og:url\" content=\"https:\/\/www.tstcables.com\/de\/produkt\/pi-kabel-hohe-und-niedrige-temperaturbestaendigkeit-flexibles-isoliertes-drahtkabel-mit-verzinntem-kupferkern\/\" \/>\n<meta property=\"og:site_name\" content=\"TST CABLES supplier &amp; Manufacture\" \/>\n<meta property=\"og:image\" content=\"https:\/\/www.tstcables.com\/wp-content\/uploads\/2024\/03\/pi.png\" \/>\n\t<meta property=\"og:image:width\" content=\"526\" \/>\n\t<meta property=\"og:image:height\" content=\"508\" \/>\n\t<meta property=\"og:image:type\" content=\"image\/png\" \/>\n<meta name=\"twitter:card\" content=\"summary_large_image\" \/>\n<meta name=\"twitter:label1\" content=\"Gesch\u00e4tzte Lesezeit\" \/>\n\t<meta name=\"twitter:data1\" content=\"1\u00a0Minute\" \/>\n<script type=\"application\/ld+json\" class=\"yoast-schema-graph\">{\"@context\":\"https:\\\/\\\/schema.org\",\"@graph\":[{\"@type\":\"WebPage\",\"@id\":\"https:\\\/\\\/www.tstcables.com\\\/de\\\/produkt\\\/pi-kabel-hohe-und-niedrige-temperaturbestaendigkeit-flexibles-isoliertes-drahtkabel-mit-verzinntem-kupferkern\\\/\",\"url\":\"https:\\\/\\\/www.tstcables.com\\\/de\\\/produkt\\\/pi-kabel-hohe-und-niedrige-temperaturbestaendigkeit-flexibles-isoliertes-drahtkabel-mit-verzinntem-kupferkern\\\/\",\"name\":\"PI-Kabel Hohe und niedrige Temperaturbest\u00e4ndigkeit. Flexibles, isoliertes Drahtkabel mit verzinntem Kupferkern\",\"isPartOf\":{\"@id\":\"https:\\\/\\\/www.tstcables.com\\\/de\\\/#website\"},\"primaryImageOfPage\":{\"@id\":\"https:\\\/\\\/www.tstcables.com\\\/de\\\/produkt\\\/pi-kabel-hohe-und-niedrige-temperaturbestaendigkeit-flexibles-isoliertes-drahtkabel-mit-verzinntem-kupferkern\\\/#primaryimage\"},\"image\":{\"@id\":\"https:\\\/\\\/www.tstcables.com\\\/de\\\/produkt\\\/pi-kabel-hohe-und-niedrige-temperaturbestaendigkeit-flexibles-isoliertes-drahtkabel-mit-verzinntem-kupferkern\\\/#primaryimage\"},\"thumbnailUrl\":\"https:\\\/\\\/www.tstcables.com\\\/wp-content\\\/uploads\\\/2024\\\/03\\\/pi.png\",\"datePublished\":\"2024-03-22T10:29:06+00:00\",\"description\":\"PI-Kabel Hohe und niedrige Temperaturbest\u00e4ndigkeit. Flexibles, isoliertes Drahtkabel mit verzinntem Kupferkern\",\"breadcrumb\":{\"@id\":\"https:\\\/\\\/www.tstcables.com\\\/de\\\/produkt\\\/pi-kabel-hohe-und-niedrige-temperaturbestaendigkeit-flexibles-isoliertes-drahtkabel-mit-verzinntem-kupferkern\\\/#breadcrumb\"},\"inLanguage\":\"de\",\"potentialAction\":[{\"@type\":\"ReadAction\",\"target\":[\"https:\\\/\\\/www.tstcables.com\\\/de\\\/produkt\\\/pi-kabel-hohe-und-niedrige-temperaturbestaendigkeit-flexibles-isoliertes-drahtkabel-mit-verzinntem-kupferkern\\\/\"]}]},{\"@type\":\"ImageObject\",\"inLanguage\":\"de\",\"@id\":\"https:\\\/\\\/www.tstcables.com\\\/de\\\/produkt\\\/pi-kabel-hohe-und-niedrige-temperaturbestaendigkeit-flexibles-isoliertes-drahtkabel-mit-verzinntem-kupferkern\\\/#primaryimage\",\"url\":\"https:\\\/\\\/www.tstcables.com\\\/wp-content\\\/uploads\\\/2024\\\/03\\\/pi.png\",\"contentUrl\":\"https:\\\/\\\/www.tstcables.com\\\/wp-content\\\/uploads\\\/2024\\\/03\\\/pi.png\",\"width\":526,\"height\":508,\"caption\":\"pi cable- 190-250 \u2103\"},{\"@type\":\"BreadcrumbList\",\"@id\":\"https:\\\/\\\/www.tstcables.com\\\/de\\\/produkt\\\/pi-kabel-hohe-und-niedrige-temperaturbestaendigkeit-flexibles-isoliertes-drahtkabel-mit-verzinntem-kupferkern\\\/#breadcrumb\",\"itemListElement\":[{\"@type\":\"ListItem\",\"position\":1,\"name\":\"\u9996\u9875\",\"item\":\"https:\\\/\\\/www.tstcables.com\\\/de\\\/\"},{\"@type\":\"ListItem\",\"position\":2,\"name\":\"Product\",\"item\":\"https:\\\/\\\/www.tstcables.com\\\/product\\\/\"},{\"@type\":\"ListItem\",\"position\":3,\"name\":\"PI-Kabel Hohe und niedrige Temperaturbest\u00e4ndigkeit. Flexibles, isoliertes Drahtkabel mit verzinntem Kupferkern\"}]},{\"@type\":\"WebSite\",\"@id\":\"https:\\\/\\\/www.tstcables.com\\\/de\\\/#website\",\"url\":\"https:\\\/\\\/www.tstcables.com\\\/de\\\/\",\"name\":\"TST Cable supplier & Manufacture\",\"description\":\"TST CABLES  supplier &amp; Manufacture official website\",\"publisher\":{\"@id\":\"https:\\\/\\\/www.tstcables.com\\\/de\\\/#organization\"},\"potentialAction\":[{\"@type\":\"SearchAction\",\"target\":{\"@type\":\"EntryPoint\",\"urlTemplate\":\"https:\\\/\\\/www.tstcables.com\\\/de\\\/?s={search_term_string}\"},\"query-input\":{\"@type\":\"PropertyValueSpecification\",\"valueRequired\":true,\"valueName\":\"search_term_string\"}}],\"inLanguage\":\"de\"},{\"@type\":\"Organization\",\"@id\":\"https:\\\/\\\/www.tstcables.com\\\/de\\\/#organization\",\"name\":\"TST Cable supplier & Manufacture\",\"url\":\"https:\\\/\\\/www.tstcables.com\\\/de\\\/\",\"logo\":{\"@type\":\"ImageObject\",\"inLanguage\":\"de\",\"@id\":\"https:\\\/\\\/www.tstcables.com\\\/de\\\/#\\\/schema\\\/logo\\\/image\\\/\",\"url\":\"https:\\\/\\\/www.tstcables.com\\\/wp-content\\\/uploads\\\/2024\\\/04\\\/cropped-\u753b\u677f-1-\u62f7\u8d1d-4-1.png\",\"contentUrl\":\"https:\\\/\\\/www.tstcables.com\\\/wp-content\\\/uploads\\\/2024\\\/04\\\/cropped-\u753b\u677f-1-\u62f7\u8d1d-4-1.png\",\"width\":300,\"height\":100,\"caption\":\"TST Cable supplier & Manufacture\"},\"image\":{\"@id\":\"https:\\\/\\\/www.tstcables.com\\\/de\\\/#\\\/schema\\\/logo\\\/image\\\/\"}}]}<\/script>\n<!-- \/ Yoast SEO plugin. -->","yoast_head_json":{"title":"PI-Kabel Hohe und niedrige Temperaturbest\u00e4ndigkeit. Flexibles, isoliertes Drahtkabel mit verzinntem Kupferkern","description":"PI-Kabel Hohe und niedrige Temperaturbest\u00e4ndigkeit. Flexibles, isoliertes Drahtkabel mit verzinntem Kupferkern","robots":{"index":"index","follow":"follow","max-snippet":"max-snippet:-1","max-image-preview":"max-image-preview:large","max-video-preview":"max-video-preview:-1"},"canonical":"https:\/\/www.tstcables.com\/de\/produkt\/pi-kabel-hohe-und-niedrige-temperaturbestaendigkeit-flexibles-isoliertes-drahtkabel-mit-verzinntem-kupferkern\/","og_locale":"de_DE","og_type":"article","og_title":"PI-Kabel Hohe und niedrige Temperaturbest\u00e4ndigkeit. Flexibles, isoliertes Drahtkabel mit verzinntem Kupferkern","og_description":"PI-Kabel Hohe und niedrige Temperaturbest\u00e4ndigkeit. Flexibles, isoliertes Drahtkabel mit verzinntem Kupferkern","og_url":"https:\/\/www.tstcables.com\/de\/produkt\/pi-kabel-hohe-und-niedrige-temperaturbestaendigkeit-flexibles-isoliertes-drahtkabel-mit-verzinntem-kupferkern\/","og_site_name":"TST CABLES supplier &amp; Manufacture","og_image":[{"width":526,"height":508,"url":"https:\/\/www.tstcables.com\/wp-content\/uploads\/2024\/03\/pi.png","type":"image\/png"}],"twitter_card":"summary_large_image","twitter_misc":{"Gesch\u00e4tzte Lesezeit":"1\u00a0Minute"},"schema":{"@context":"https:\/\/schema.org","@graph":[{"@type":"WebPage","@id":"https:\/\/www.tstcables.com\/de\/produkt\/pi-kabel-hohe-und-niedrige-temperaturbestaendigkeit-flexibles-isoliertes-drahtkabel-mit-verzinntem-kupferkern\/","url":"https:\/\/www.tstcables.com\/de\/produkt\/pi-kabel-hohe-und-niedrige-temperaturbestaendigkeit-flexibles-isoliertes-drahtkabel-mit-verzinntem-kupferkern\/","name":"PI-Kabel Hohe und niedrige Temperaturbest\u00e4ndigkeit. Flexibles, isoliertes Drahtkabel mit verzinntem Kupferkern","isPartOf":{"@id":"https:\/\/www.tstcables.com\/de\/#website"},"primaryImageOfPage":{"@id":"https:\/\/www.tstcables.com\/de\/produkt\/pi-kabel-hohe-und-niedrige-temperaturbestaendigkeit-flexibles-isoliertes-drahtkabel-mit-verzinntem-kupferkern\/#primaryimage"},"image":{"@id":"https:\/\/www.tstcables.com\/de\/produkt\/pi-kabel-hohe-und-niedrige-temperaturbestaendigkeit-flexibles-isoliertes-drahtkabel-mit-verzinntem-kupferkern\/#primaryimage"},"thumbnailUrl":"https:\/\/www.tstcables.com\/wp-content\/uploads\/2024\/03\/pi.png","datePublished":"2024-03-22T10:29:06+00:00","description":"PI-Kabel Hohe und niedrige Temperaturbest\u00e4ndigkeit. Flexibles, isoliertes Drahtkabel mit verzinntem Kupferkern","breadcrumb":{"@id":"https:\/\/www.tstcables.com\/de\/produkt\/pi-kabel-hohe-und-niedrige-temperaturbestaendigkeit-flexibles-isoliertes-drahtkabel-mit-verzinntem-kupferkern\/#breadcrumb"},"inLanguage":"de","potentialAction":[{"@type":"ReadAction","target":["https:\/\/www.tstcables.com\/de\/produkt\/pi-kabel-hohe-und-niedrige-temperaturbestaendigkeit-flexibles-isoliertes-drahtkabel-mit-verzinntem-kupferkern\/"]}]},{"@type":"ImageObject","inLanguage":"de","@id":"https:\/\/www.tstcables.com\/de\/produkt\/pi-kabel-hohe-und-niedrige-temperaturbestaendigkeit-flexibles-isoliertes-drahtkabel-mit-verzinntem-kupferkern\/#primaryimage","url":"https:\/\/www.tstcables.com\/wp-content\/uploads\/2024\/03\/pi.png","contentUrl":"https:\/\/www.tstcables.com\/wp-content\/uploads\/2024\/03\/pi.png","width":526,"height":508,"caption":"pi cable- 190-250 \u2103"},{"@type":"BreadcrumbList","@id":"https:\/\/www.tstcables.com\/de\/produkt\/pi-kabel-hohe-und-niedrige-temperaturbestaendigkeit-flexibles-isoliertes-drahtkabel-mit-verzinntem-kupferkern\/#breadcrumb","itemListElement":[{"@type":"ListItem","position":1,"name":"\u9996\u9875","item":"https:\/\/www.tstcables.com\/de\/"},{"@type":"ListItem","position":2,"name":"Product","item":"https:\/\/www.tstcables.com\/product\/"},{"@type":"ListItem","position":3,"name":"PI-Kabel Hohe und niedrige Temperaturbest\u00e4ndigkeit. Flexibles, isoliertes Drahtkabel mit verzinntem Kupferkern"}]},{"@type":"WebSite","@id":"https:\/\/www.tstcables.com\/de\/#website","url":"https:\/\/www.tstcables.com\/de\/","name":"TST Cable supplier & Manufacture","description":"TST CABLES  supplier &amp; Manufacture official website","publisher":{"@id":"https:\/\/www.tstcables.com\/de\/#organization"},"potentialAction":[{"@type":"SearchAction","target":{"@type":"EntryPoint","urlTemplate":"https:\/\/www.tstcables.com\/de\/?s={search_term_string}"},"query-input":{"@type":"PropertyValueSpecification","valueRequired":true,"valueName":"search_term_string"}}],"inLanguage":"de"},{"@type":"Organization","@id":"https:\/\/www.tstcables.com\/de\/#organization","name":"TST Cable supplier & Manufacture","url":"https:\/\/www.tstcables.com\/de\/","logo":{"@type":"ImageObject","inLanguage":"de","@id":"https:\/\/www.tstcables.com\/de\/#\/schema\/logo\/image\/","url":"https:\/\/www.tstcables.com\/wp-content\/uploads\/2024\/04\/cropped-\u753b\u677f-1-\u62f7\u8d1d-4-1.png","contentUrl":"https:\/\/www.tstcables.com\/wp-content\/uploads\/2024\/04\/cropped-\u753b\u677f-1-\u62f7\u8d1d-4-1.png","width":300,"height":100,"caption":"TST Cable supplier & Manufacture"},"image":{"@id":"https:\/\/www.tstcables.com\/de\/#\/schema\/logo\/image\/"}}]}},"_links":{"self":[{"href":"https:\/\/www.tstcables.com\/de\/wp-json\/wp\/v2\/product\/19957","targetHints":{"allow":["GET"]}}],"collection":[{"href":"https:\/\/www.tstcables.com\/de\/wp-json\/wp\/v2\/product"}],"about":[{"href":"https:\/\/www.tstcables.com\/de\/wp-json\/wp\/v2\/types\/product"}],"version-history":[{"count":0,"href":"https:\/\/www.tstcables.com\/de\/wp-json\/wp\/v2\/product\/19957\/revisions"}],"wp:featuredmedia":[{"embeddable":true,"href":"https:\/\/www.tstcables.com\/de\/wp-json\/wp\/v2\/media\/9642"}],"wp:attachment":[{"href":"https:\/\/www.tstcables.com\/de\/wp-json\/wp\/v2\/media?parent=19957"}],"wp:term":[{"taxonomy":"product_brand","embeddable":true,"href":"https:\/\/www.tstcables.com\/de\/wp-json\/wp\/v2\/product_brand?post=19957"},{"taxonomy":"product_cat","embeddable":true,"href":"https:\/\/www.tstcables.com\/de\/wp-json\/wp\/v2\/product_cat?post=19957"},{"taxonomy":"product_tag","embeddable":true,"href":"https:\/\/www.tstcables.com\/de\/wp-json\/wp\/v2\/product_tag?post=19957"}],"curies":[{"name":"wp","href":"https:\/\/api.w.org\/{rel}","templated":true}]}}