{"id":19959,"date":"2024-03-22T16:24:02","date_gmt":"2024-03-22T08:24:02","guid":{"rendered":"https:\/\/www.tstcables.com\/product\/1000%e2%84%83-hochtemperaturbestaendiges-kabel-und-draht-gn1000-300v-kabel\/"},"modified":"2024-03-22T16:24:02","modified_gmt":"2024-03-22T08:24:02","slug":"1000%e2%84%83-hochtemperaturbestaendiges-kabel-und-draht-gn1000-300v-kabel","status":"publish","type":"product","link":"https:\/\/www.tstcables.com\/de\/produkt\/1000%e2%84%83-hochtemperaturbestaendiges-kabel-und-draht-gn1000-300v-kabel\/","title":{"rendered":"1000\u2103 Hochtemperaturbest\u00e4ndiges Kabel und Draht GN1000 300V-Kabel"},"content":{"rendered":"<p><strong><b>Produktnummer:<\/b><\/strong><\/p>\n<ul>\n<li>GN1000<\/li>\n<\/ul>\n<p><strong><b>Industriestandard:<\/b><\/strong><\/p>\n<ul>\n<li>Q31\/0114000209C025-2017<\/li>\n<\/ul>\n<p><strong><b>Produktmerkmale<\/b><\/strong><\/p>\n<ul>\n<li>Nennspannung: 300\/500 V<\/li>\n<li>Temperaturbereich: 800\u2103, h\u00e4lt Temperaturen bis zu 1000\u2103 in kurzer Zeit stand<\/li>\n<li>Leiter: Litzendraht aus reinem Nickel<\/li>\n<li>Farbe: erdiges Gelb, Sie k\u00f6nnen zwischen schwarzer Gaze, roter Gaze usw. w\u00e4hlen.<\/li>\n<\/ul>\n<p>&nbsp;<\/p>\n<p><strong><b>Funktionen\/Verwendung<\/b><\/strong><\/p>\n<p>Produktanwendung: 1000\u2103 Hochtemperatur-hitzebest\u00e4ndiges Kabel ist ein Draht und Kabel, das in verschiedenen elektrischen Ger\u00e4ten verwendet wird, die in besonderen Umgebungen wie Metallurgie, W\u00e4rmetechnik, Erd\u00f6l, chemische Industrie, Erdgas und Kerosin Brandschutz erfordern.<\/p>\n<p>&nbsp;<\/p>\n<p><strong><b>Lieferbedingungen<\/b><\/strong><\/p>\n<p>Lieferl\u00e4nge: Kurze Leitungsabschnitte von nicht weniger als 10 Metern sind zul\u00e4ssig, ihre Menge darf jedoch 10 % der gesamten Liefermenge nicht \u00fcberschreiten; Verlegebedingungen: feste Verlegung, plus Flammenverbrennung, keine sch\u00e4dlichen und giftigen Gase<\/p>\n<p>&nbsp;<\/p>\n<p><strong><b>Produktparameter:<\/b><\/strong><\/p>\n<table class=\"tg\">\n<thead>\n<tr>\n<th class=\"tg-uzvj\" rowspan=\"3\">Nennquerschnitt (mm2)<\/th>\n<th class=\"tg-uzvj\" rowspan=\"3\">Nummer der Leiterstruktur<br \/>\nAnzahl Dr\u00e4hte\/Drahtdurchmesser (mm)<\/th>\n<th class=\"tg-uzvj\" rowspan=\"3\">D\u00e4mmst\u00e4rke (mm)<\/th>\n<th class=\"tg-uzvj\" rowspan=\"3\">Verpackungsl\u00e4nge (m)<\/th>\n<\/tr>\n<\/thead>\n<tbody>\n<tr>\n<td class=\"tg-8d8j\">0.5<\/td>\n<td class=\"tg-baqh\">7 \u00d7 0.30<\/td>\n<td class=\"tg-baqh\">3.6\u571f0.5<\/td>\n<td class=\"tg-8d8j\">200<\/td>\n<\/tr>\n<tr>\n<td class=\"tg-8d8j\">0.75<\/td>\n<td class=\"tg-baqh\">11 \u00d7 0.30<\/td>\n<td class=\"tg-baqh\">3.8\u00b10.5<\/td>\n<td class=\"tg-8d8j\">200<\/td>\n<\/tr>\n<tr>\n<td class=\"tg-8d8j\">1<\/td>\n<td class=\"tg-baqh\">14 \u00d7 0.30<\/td>\n<td class=\"tg-baqh\">4.1\u00b10.5<\/td>\n<td class=\"tg-8d8j\">200<\/td>\n<\/tr>\n<tr>\n<td class=\"tg-8d8j\">1.5<\/td>\n<td class=\"tg-baqh\">21 \u00d7 0.30<\/td>\n<td class=\"tg-baqh\">4.5\u00b10.5<\/td>\n<td class=\"tg-8d8j\">100<\/td>\n<\/tr>\n<tr>\n<td class=\"tg-8d8j\">2<\/td>\n<td class=\"tg-baqh\">28 \u00d7 0.30<\/td>\n<td class=\"tg-baqh\">4.8\u00b10.5<\/td>\n<td class=\"tg-8d8j\">100<\/td>\n<\/tr>\n<tr>\n<td class=\"tg-8d8j\">2.5<\/td>\n<td class=\"tg-baqh\">35 \u00d7 0.30<\/td>\n<td class=\"tg-baqh\">5.1\u571f0.5<\/td>\n<td class=\"tg-8d8j\">100<\/td>\n<\/tr>\n<tr>\n<td class=\"tg-8d8j\">4<\/td>\n<td class=\"tg-baqh\">56 \u00d7 0.30<\/td>\n<td class=\"tg-baqh\">5.6\u58eb0.5<\/td>\n<td class=\"tg-8d8j\">100<\/td>\n<\/tr>\n<tr>\n<td class=\"tg-8d8j\">6<\/td>\n<td class=\"tg-baqh\">84 \u00d7 0.30<\/td>\n<td class=\"tg-baqh\">6.5\u00b10.5<\/td>\n<td class=\"tg-8d8j\">100<\/td>\n<\/tr>\n<tr>\n<td class=\"tg-8d8j\">10<\/td>\n<td class=\"tg-baqh\">140 \u00d7 0.30<\/td>\n<td class=\"tg-baqh\">7.6\u571f0.5<\/td>\n<td class=\"tg-8d8j\">100<\/td>\n<\/tr>\n<tr>\n<td class=\"tg-8d8j\">16<\/td>\n<td class=\"tg-baqh\">228 \u00d7 0.30<\/td>\n<td class=\"tg-baqh\">9.0\u00b10.5<\/td>\n<td class=\"tg-8d8j\">100<\/td>\n<\/tr>\n<tr>\n<td class=\"tg-8d8j\">25<\/td>\n<td class=\"tg-baqh\">361 \u00d7 0.30<\/td>\n<td class=\"tg-baqh\">10.5\u00b10.5<\/td>\n<td class=\"tg-8d8j\">100<\/td>\n<\/tr>\n<tr>\n<td class=\"tg-8d8j\">35<\/td>\n<td class=\"tg-baqh\">494 \u00d7 0.30<\/td>\n<td class=\"tg-baqh\">12.5\u571f1.0<\/td>\n<td class=\"tg-8d8j\">100<\/td>\n<\/tr>\n<tr>\n<td class=\"tg-8d8j\">50<\/td>\n<td class=\"tg-baqh\">703 \u00d7 0.30<\/td>\n<td class=\"tg-baqh\">13.2\u00b11.0<\/td>\n<td class=\"tg-8d8j\">100<\/td>\n<\/tr>\n<tr>\n<td class=\"tg-8d8j\">70<\/td>\n<td class=\"tg-baqh\">988 \u00d7 0.30<\/td>\n<td class=\"tg-baqh\">15.6\u58eb1.0<\/td>\n<td class=\"tg-8d8j\">100<\/td>\n<\/tr>\n<tr>\n<td class=\"tg-8d8j\">95<\/td>\n<td class=\"tg-baqh\">760 \u00d7 0.40<\/td>\n<td class=\"tg-baqh\">17.6\u571f1.0<\/td>\n<td class=\"tg-8d8j\">100<\/td>\n<\/tr>\n<\/tbody>\n<\/table>\n<p>Hinweis: Produkte mit anderen Spezifikationen k\u00f6nnen gem\u00e4\u00df der Vereinbarung zwischen dem Lieferanten und dem K\u00e4ufer hergestellt werden.<\/p>\n<p>&nbsp;<\/p>\n<p>&nbsp;<\/p>\n","protected":false},"excerpt":{"rendered":"<p>Bei einem 1000\u2103 hochtemperaturbest\u00e4ndigen hitzebest\u00e4ndigen Kabel handelt es sich um Dr\u00e4hte und Kabel, die in verschiedenen elektrischen Ger\u00e4ten verwendet werden, die in besonderen Umgebungen wie Metallurgie, W\u00e4rmetechnik, Erd\u00f6l, chemische Industrie, Erdgas und Kerosin Brandschutz erfordern. Elektrisches Kabel f\u00fcr hohe Temperaturen GN1000 Temperaturbest\u00e4ndig 1000\u2103<\/p>\n","protected":false},"featured_media":13010,"template":"","meta":{"_eb_attr":"","site-sidebar-layout":"default","site-content-layout":"","ast-site-content-layout":"default","site-content-style":"default","site-sidebar-style":"default","ast-global-header-display":"","ast-banner-title-visibility":"","ast-main-header-display":"","ast-hfb-above-header-display":"","ast-hfb-below-header-display":"","ast-hfb-mobile-header-display":"","site-post-title":"","ast-breadcrumbs-content":"","ast-featured-img":"","footer-sml-layout":"","theme-transparent-header-meta":"default","adv-header-id-meta":"","stick-header-meta":"","header-above-stick-meta":"","header-main-stick-meta":"","header-below-stick-meta":"","astra-migrate-meta-layouts":"default","ast-page-background-enabled":"default","ast-page-background-meta":{"desktop":{"background-color":"","background-image":"","background-repeat":"repeat","background-position":"center center","background-size":"auto","background-attachment":"scroll","background-type":"","background-media":"","overlay-type":"","overlay-color":"","overlay-opacity":"","overlay-gradient":""},"tablet":{"background-color":"","background-image":"","background-repeat":"repeat","background-position":"center center","background-size":"auto","background-attachment":"scroll","background-type":"","background-media":"","overlay-type":"","overlay-color":"","overlay-opacity":"","overlay-gradient":""},"mobile":{"background-color":"","background-image":"","background-repeat":"repeat","background-position":"center center","background-size":"auto","background-attachment":"scroll","background-type":"","background-media":"","overlay-type":"","overlay-color":"","overlay-opacity":"","overlay-gradient":""}},"ast-content-background-meta":{"desktop":{"background-color":"var(--ast-global-color-5)","background-image":"","background-repeat":"repeat","background-position":"center center","background-size":"auto","background-attachment":"scroll","background-type":"","background-media":"","overlay-type":"","overlay-color":"","overlay-opacity":"","overlay-gradient":""},"tablet":{"background-color":"var(--ast-global-color-5)","background-image":"","background-repeat":"repeat","background-position":"center center","background-size":"auto","background-attachment":"scroll","background-type":"","background-media":"","overlay-type":"","overlay-color":"","overlay-opacity":"","overlay-gradient":""},"mobile":{"background-color":"var(--ast-global-color-5)","background-image":"","background-repeat":"repeat","background-position":"center center","background-size":"auto","background-attachment":"scroll","background-type":"","background-media":"","overlay-type":"","overlay-color":"","overlay-opacity":"","overlay-gradient":""}}},"product_brand":[],"product_cat":[708,693,697,698,691,700,692,1589,701,702,710,713],"product_tag":[1630,1631],"class_list":{"0":"post-19959","1":"product","2":"type-product","3":"status-publish","4":"has-post-thumbnail","6":"product_cat-rail-way-de","7":"product_cat-enstandard-cable-de","8":"product_cat-high-temperature-cable-de","9":"product_cat-ice-standard-de","10":"product_cat-aviation-de","11":"product_cat-marine-de","12":"product_cat-customized-cable-de","13":"product_cat-niedertemperaturkabel","14":"product_cat-nuclear-de","15":"product_cat-oil-gas-de","16":"product_cat-teflon-cable-de","17":"product_cat-wind-power-de","18":"product_tag-elektrisches-kabel-fur-hohe-temperaturen","19":"product_tag-gn1000-de","20":"desktop-align-center","21":"tablet-align-left","22":"mobile-align-left","24":"first","25":"instock","26":"shipping-taxable","27":"product-type-simple"},"yoast_head":"<!-- This site is optimized with the Yoast SEO plugin v27.4 - https:\/\/yoast.com\/product\/yoast-seo-wordpress\/ -->\n<title>1000\u2103 Hochtemperaturbest\u00e4ndiges Kabel<\/title>\n<meta name=\"description\" content=\"1000\u2103 Hochtemperatur-hitzebest\u00e4ndiges Kabel ist ein Draht und ein Kabel, das in verschiedenen elektrischen Ger\u00e4ten verwendet wird.\" \/>\n<meta name=\"robots\" content=\"index, follow, max-snippet:-1, max-image-preview:large, max-video-preview:-1\" \/>\n<link rel=\"canonical\" href=\"https:\/\/www.tstcables.com\/de\/produkt\/1000%e2%84%83-hochtemperaturbestaendiges-kabel-und-draht-gn1000-300v-kabel\/\" \/>\n<meta property=\"og:locale\" content=\"de_DE\" \/>\n<meta property=\"og:type\" content=\"article\" \/>\n<meta property=\"og:title\" content=\"1000\u2103 Hochtemperaturbest\u00e4ndiges Kabel\" \/>\n<meta property=\"og:description\" content=\"1000\u2103 Hochtemperatur-hitzebest\u00e4ndiges Kabel ist ein Draht und ein Kabel, das in verschiedenen elektrischen Ger\u00e4ten verwendet wird.\" \/>\n<meta property=\"og:url\" content=\"https:\/\/www.tstcables.com\/de\/produkt\/1000%e2%84%83-hochtemperaturbestaendiges-kabel-und-draht-gn1000-300v-kabel\/\" \/>\n<meta property=\"og:site_name\" content=\"TST CABLES supplier &amp; Manufacture\" \/>\n<meta property=\"og:image\" content=\"https:\/\/www.tstcables.com\/wp-content\/uploads\/2024\/03\/5-12.jpg\" \/>\n\t<meta property=\"og:image:width\" content=\"500\" \/>\n\t<meta property=\"og:image:height\" content=\"500\" \/>\n\t<meta property=\"og:image:type\" content=\"image\/jpeg\" \/>\n<meta name=\"twitter:card\" content=\"summary_large_image\" \/>\n<meta name=\"twitter:label1\" content=\"Gesch\u00e4tzte Lesezeit\" \/>\n\t<meta name=\"twitter:data1\" content=\"1\u00a0Minute\" \/>\n<script type=\"application\/ld+json\" class=\"yoast-schema-graph\">{\"@context\":\"https:\\\/\\\/schema.org\",\"@graph\":[{\"@type\":\"WebPage\",\"@id\":\"https:\\\/\\\/www.tstcables.com\\\/de\\\/produkt\\\/1000%e2%84%83-hochtemperaturbestaendiges-kabel-und-draht-gn1000-300v-kabel\\\/\",\"url\":\"https:\\\/\\\/www.tstcables.com\\\/de\\\/produkt\\\/1000%e2%84%83-hochtemperaturbestaendiges-kabel-und-draht-gn1000-300v-kabel\\\/\",\"name\":\"1000\u2103 Hochtemperaturbest\u00e4ndiges Kabel\",\"isPartOf\":{\"@id\":\"https:\\\/\\\/www.tstcables.com\\\/de\\\/#website\"},\"primaryImageOfPage\":{\"@id\":\"https:\\\/\\\/www.tstcables.com\\\/de\\\/produkt\\\/1000%e2%84%83-hochtemperaturbestaendiges-kabel-und-draht-gn1000-300v-kabel\\\/#primaryimage\"},\"image\":{\"@id\":\"https:\\\/\\\/www.tstcables.com\\\/de\\\/produkt\\\/1000%e2%84%83-hochtemperaturbestaendiges-kabel-und-draht-gn1000-300v-kabel\\\/#primaryimage\"},\"thumbnailUrl\":\"https:\\\/\\\/www.tstcables.com\\\/wp-content\\\/uploads\\\/2024\\\/03\\\/5-12.jpg\",\"datePublished\":\"2024-03-22T08:24:02+00:00\",\"description\":\"1000\u2103 Hochtemperatur-hitzebest\u00e4ndiges Kabel ist ein Draht und ein Kabel, das in verschiedenen elektrischen Ger\u00e4ten verwendet wird.\",\"breadcrumb\":{\"@id\":\"https:\\\/\\\/www.tstcables.com\\\/de\\\/produkt\\\/1000%e2%84%83-hochtemperaturbestaendiges-kabel-und-draht-gn1000-300v-kabel\\\/#breadcrumb\"},\"inLanguage\":\"de\",\"potentialAction\":[{\"@type\":\"ReadAction\",\"target\":[\"https:\\\/\\\/www.tstcables.com\\\/de\\\/produkt\\\/1000%e2%84%83-hochtemperaturbestaendiges-kabel-und-draht-gn1000-300v-kabel\\\/\"]}]},{\"@type\":\"ImageObject\",\"inLanguage\":\"de\",\"@id\":\"https:\\\/\\\/www.tstcables.com\\\/de\\\/produkt\\\/1000%e2%84%83-hochtemperaturbestaendiges-kabel-und-draht-gn1000-300v-kabel\\\/#primaryimage\",\"url\":\"https:\\\/\\\/www.tstcables.com\\\/wp-content\\\/uploads\\\/2024\\\/03\\\/5-12.jpg\",\"contentUrl\":\"https:\\\/\\\/www.tstcables.com\\\/wp-content\\\/uploads\\\/2024\\\/03\\\/5-12.jpg\",\"width\":500,\"height\":500,\"caption\":\"Low smoke halogen-free type GN800\"},{\"@type\":\"BreadcrumbList\",\"@id\":\"https:\\\/\\\/www.tstcables.com\\\/de\\\/produkt\\\/1000%e2%84%83-hochtemperaturbestaendiges-kabel-und-draht-gn1000-300v-kabel\\\/#breadcrumb\",\"itemListElement\":[{\"@type\":\"ListItem\",\"position\":1,\"name\":\"\u9996\u9875\",\"item\":\"https:\\\/\\\/www.tstcables.com\\\/de\\\/\"},{\"@type\":\"ListItem\",\"position\":2,\"name\":\"Product\",\"item\":\"https:\\\/\\\/www.tstcables.com\\\/product\\\/\"},{\"@type\":\"ListItem\",\"position\":3,\"name\":\"1000\u2103 Hochtemperaturbest\u00e4ndiges Kabel und Draht GN1000 300V-Kabel\"}]},{\"@type\":\"WebSite\",\"@id\":\"https:\\\/\\\/www.tstcables.com\\\/de\\\/#website\",\"url\":\"https:\\\/\\\/www.tstcables.com\\\/de\\\/\",\"name\":\"TST Cable supplier & Manufacture\",\"description\":\"TST CABLES  supplier &amp; Manufacture official website\",\"publisher\":{\"@id\":\"https:\\\/\\\/www.tstcables.com\\\/de\\\/#organization\"},\"potentialAction\":[{\"@type\":\"SearchAction\",\"target\":{\"@type\":\"EntryPoint\",\"urlTemplate\":\"https:\\\/\\\/www.tstcables.com\\\/de\\\/?s={search_term_string}\"},\"query-input\":{\"@type\":\"PropertyValueSpecification\",\"valueRequired\":true,\"valueName\":\"search_term_string\"}}],\"inLanguage\":\"de\"},{\"@type\":\"Organization\",\"@id\":\"https:\\\/\\\/www.tstcables.com\\\/de\\\/#organization\",\"name\":\"TST Cable supplier & Manufacture\",\"url\":\"https:\\\/\\\/www.tstcables.com\\\/de\\\/\",\"logo\":{\"@type\":\"ImageObject\",\"inLanguage\":\"de\",\"@id\":\"https:\\\/\\\/www.tstcables.com\\\/de\\\/#\\\/schema\\\/logo\\\/image\\\/\",\"url\":\"https:\\\/\\\/www.tstcables.com\\\/wp-content\\\/uploads\\\/2024\\\/04\\\/cropped-\u753b\u677f-1-\u62f7\u8d1d-4-1.png\",\"contentUrl\":\"https:\\\/\\\/www.tstcables.com\\\/wp-content\\\/uploads\\\/2024\\\/04\\\/cropped-\u753b\u677f-1-\u62f7\u8d1d-4-1.png\",\"width\":300,\"height\":100,\"caption\":\"TST Cable supplier & Manufacture\"},\"image\":{\"@id\":\"https:\\\/\\\/www.tstcables.com\\\/de\\\/#\\\/schema\\\/logo\\\/image\\\/\"}}]}<\/script>\n<!-- \/ Yoast SEO plugin. -->","yoast_head_json":{"title":"1000\u2103 Hochtemperaturbest\u00e4ndiges Kabel","description":"1000\u2103 Hochtemperatur-hitzebest\u00e4ndiges Kabel ist ein Draht und ein Kabel, das in verschiedenen elektrischen Ger\u00e4ten verwendet wird.","robots":{"index":"index","follow":"follow","max-snippet":"max-snippet:-1","max-image-preview":"max-image-preview:large","max-video-preview":"max-video-preview:-1"},"canonical":"https:\/\/www.tstcables.com\/de\/produkt\/1000%e2%84%83-hochtemperaturbestaendiges-kabel-und-draht-gn1000-300v-kabel\/","og_locale":"de_DE","og_type":"article","og_title":"1000\u2103 Hochtemperaturbest\u00e4ndiges Kabel","og_description":"1000\u2103 Hochtemperatur-hitzebest\u00e4ndiges Kabel ist ein Draht und ein Kabel, das in verschiedenen elektrischen Ger\u00e4ten verwendet wird.","og_url":"https:\/\/www.tstcables.com\/de\/produkt\/1000%e2%84%83-hochtemperaturbestaendiges-kabel-und-draht-gn1000-300v-kabel\/","og_site_name":"TST CABLES supplier &amp; Manufacture","og_image":[{"width":500,"height":500,"url":"https:\/\/www.tstcables.com\/wp-content\/uploads\/2024\/03\/5-12.jpg","type":"image\/jpeg"}],"twitter_card":"summary_large_image","twitter_misc":{"Gesch\u00e4tzte Lesezeit":"1\u00a0Minute"},"schema":{"@context":"https:\/\/schema.org","@graph":[{"@type":"WebPage","@id":"https:\/\/www.tstcables.com\/de\/produkt\/1000%e2%84%83-hochtemperaturbestaendiges-kabel-und-draht-gn1000-300v-kabel\/","url":"https:\/\/www.tstcables.com\/de\/produkt\/1000%e2%84%83-hochtemperaturbestaendiges-kabel-und-draht-gn1000-300v-kabel\/","name":"1000\u2103 Hochtemperaturbest\u00e4ndiges Kabel","isPartOf":{"@id":"https:\/\/www.tstcables.com\/de\/#website"},"primaryImageOfPage":{"@id":"https:\/\/www.tstcables.com\/de\/produkt\/1000%e2%84%83-hochtemperaturbestaendiges-kabel-und-draht-gn1000-300v-kabel\/#primaryimage"},"image":{"@id":"https:\/\/www.tstcables.com\/de\/produkt\/1000%e2%84%83-hochtemperaturbestaendiges-kabel-und-draht-gn1000-300v-kabel\/#primaryimage"},"thumbnailUrl":"https:\/\/www.tstcables.com\/wp-content\/uploads\/2024\/03\/5-12.jpg","datePublished":"2024-03-22T08:24:02+00:00","description":"1000\u2103 Hochtemperatur-hitzebest\u00e4ndiges Kabel ist ein Draht und ein Kabel, das in verschiedenen elektrischen Ger\u00e4ten verwendet wird.","breadcrumb":{"@id":"https:\/\/www.tstcables.com\/de\/produkt\/1000%e2%84%83-hochtemperaturbestaendiges-kabel-und-draht-gn1000-300v-kabel\/#breadcrumb"},"inLanguage":"de","potentialAction":[{"@type":"ReadAction","target":["https:\/\/www.tstcables.com\/de\/produkt\/1000%e2%84%83-hochtemperaturbestaendiges-kabel-und-draht-gn1000-300v-kabel\/"]}]},{"@type":"ImageObject","inLanguage":"de","@id":"https:\/\/www.tstcables.com\/de\/produkt\/1000%e2%84%83-hochtemperaturbestaendiges-kabel-und-draht-gn1000-300v-kabel\/#primaryimage","url":"https:\/\/www.tstcables.com\/wp-content\/uploads\/2024\/03\/5-12.jpg","contentUrl":"https:\/\/www.tstcables.com\/wp-content\/uploads\/2024\/03\/5-12.jpg","width":500,"height":500,"caption":"Low smoke halogen-free type GN800"},{"@type":"BreadcrumbList","@id":"https:\/\/www.tstcables.com\/de\/produkt\/1000%e2%84%83-hochtemperaturbestaendiges-kabel-und-draht-gn1000-300v-kabel\/#breadcrumb","itemListElement":[{"@type":"ListItem","position":1,"name":"\u9996\u9875","item":"https:\/\/www.tstcables.com\/de\/"},{"@type":"ListItem","position":2,"name":"Product","item":"https:\/\/www.tstcables.com\/product\/"},{"@type":"ListItem","position":3,"name":"1000\u2103 Hochtemperaturbest\u00e4ndiges Kabel und Draht GN1000 300V-Kabel"}]},{"@type":"WebSite","@id":"https:\/\/www.tstcables.com\/de\/#website","url":"https:\/\/www.tstcables.com\/de\/","name":"TST Cable supplier & Manufacture","description":"TST CABLES  supplier &amp; Manufacture official website","publisher":{"@id":"https:\/\/www.tstcables.com\/de\/#organization"},"potentialAction":[{"@type":"SearchAction","target":{"@type":"EntryPoint","urlTemplate":"https:\/\/www.tstcables.com\/de\/?s={search_term_string}"},"query-input":{"@type":"PropertyValueSpecification","valueRequired":true,"valueName":"search_term_string"}}],"inLanguage":"de"},{"@type":"Organization","@id":"https:\/\/www.tstcables.com\/de\/#organization","name":"TST Cable supplier & Manufacture","url":"https:\/\/www.tstcables.com\/de\/","logo":{"@type":"ImageObject","inLanguage":"de","@id":"https:\/\/www.tstcables.com\/de\/#\/schema\/logo\/image\/","url":"https:\/\/www.tstcables.com\/wp-content\/uploads\/2024\/04\/cropped-\u753b\u677f-1-\u62f7\u8d1d-4-1.png","contentUrl":"https:\/\/www.tstcables.com\/wp-content\/uploads\/2024\/04\/cropped-\u753b\u677f-1-\u62f7\u8d1d-4-1.png","width":300,"height":100,"caption":"TST Cable supplier & Manufacture"},"image":{"@id":"https:\/\/www.tstcables.com\/de\/#\/schema\/logo\/image\/"}}]}},"_links":{"self":[{"href":"https:\/\/www.tstcables.com\/de\/wp-json\/wp\/v2\/product\/19959","targetHints":{"allow":["GET"]}}],"collection":[{"href":"https:\/\/www.tstcables.com\/de\/wp-json\/wp\/v2\/product"}],"about":[{"href":"https:\/\/www.tstcables.com\/de\/wp-json\/wp\/v2\/types\/product"}],"version-history":[{"count":0,"href":"https:\/\/www.tstcables.com\/de\/wp-json\/wp\/v2\/product\/19959\/revisions"}],"wp:featuredmedia":[{"embeddable":true,"href":"https:\/\/www.tstcables.com\/de\/wp-json\/wp\/v2\/media\/13010"}],"wp:attachment":[{"href":"https:\/\/www.tstcables.com\/de\/wp-json\/wp\/v2\/media?parent=19959"}],"wp:term":[{"taxonomy":"product_brand","embeddable":true,"href":"https:\/\/www.tstcables.com\/de\/wp-json\/wp\/v2\/product_brand?post=19959"},{"taxonomy":"product_cat","embeddable":true,"href":"https:\/\/www.tstcables.com\/de\/wp-json\/wp\/v2\/product_cat?post=19959"},{"taxonomy":"product_tag","embeddable":true,"href":"https:\/\/www.tstcables.com\/de\/wp-json\/wp\/v2\/product_tag?post=19959"}],"curies":[{"name":"wp","href":"https:\/\/api.w.org\/{rel}","templated":true}]}}