{"id":19960,"date":"2024-03-22T16:54:48","date_gmt":"2024-03-22T08:54:48","guid":{"rendered":"https:\/\/www.tstcables.com\/product\/extrem-hochtemperaturkabel-gn1200-temperaturbestaendig-bis-1200%e2%84%83\/"},"modified":"2024-03-22T16:54:48","modified_gmt":"2024-03-22T08:54:48","slug":"extrem-hochtemperaturkabel-gn1200-temperaturbestaendig-bis-1200%e2%84%83","status":"publish","type":"product","link":"https:\/\/www.tstcables.com\/de\/produkt\/extrem-hochtemperaturkabel-gn1200-temperaturbestaendig-bis-1200%e2%84%83\/","title":{"rendered":"Extrem-Hochtemperaturkabel GN1200, temperaturbest\u00e4ndig bis 1200\u2103"},"content":{"rendered":"<p><strong>Produktnummer:<\/strong><\/p>\n<ul>\n<li>GN1200<\/li>\n<\/ul>\n<p><strong>Industriestandard:<\/strong><\/p>\n<ul>\n<li>Q31\/0114000209C025-2017<\/li>\n<\/ul>\n<p><strong>Produktmerkmale<\/strong><\/p>\n<ul>\n<li>Nennspannung: 300\/500 V<\/li>\n<li>Temperaturbereich: 1000\u2103, temperaturbest\u00e4ndig bis 1200\u2103 in kurzer Zeit<\/li>\n<li>Leiter: Litzendraht aus reinem Nickel<\/li>\n<li>Farbe: erdiges Gelb, Sie k\u00f6nnen zwischen schwarzer Gaze, roter Gaze usw. w\u00e4hlen.<\/li>\n<\/ul>\n<p><strong>Funktionen\/Verwendung<\/strong><\/p>\n<p>Produktanwendung: Bei diesem Produkt handelt es sich um Dr\u00e4hte und Kabel, die in verschiedenen elektrischen Ger\u00e4ten verwendet werden, die in besonderen Umgebungen wie Metallurgie, W\u00e4rmetechnik, Erd\u00f6l, chemische Industrie, Erdgas und Kerosin Brandschutz erfordern.<\/p>\n<p><strong>Lieferbedingungen<\/strong><\/p>\n<p>Lieferl\u00e4nge: Kurze Leitungsabschnitte von nicht weniger als 10 Metern sind zul\u00e4ssig, ihre Menge darf jedoch 10 % der gesamten Liefermenge nicht \u00fcberschreiten; Verlegebedingungen: feste Verlegung, plus Flammenverbrennung, keine sch\u00e4dlichen und giftigen Gase<\/p>\n<p>&nbsp;<\/p>\n<p><strong>Technische Parameter<\/strong><\/p>\n<p>&nbsp;<\/p>\n<table class=\"tg\">\n<thead>\n<tr>\n<th class=\"tg-nrix\">Nominelles Kreuz<br \/>\nAbschnitt (mm2)<\/th>\n<th class=\"tg-nrix\">Stromspannung<br \/>\nStufe (V)<\/th>\n<th class=\"tg-nrix\">Dirigent<br \/>\nStruktur<br \/>\nAnzahl von<br \/>\nDr\u00e4hte\/Draht<br \/>\nDurchmesser (mm)<\/th>\n<th class=\"tg-nrix\">Isolierung<br \/>\nDicke (mm)<\/th>\n<th class=\"tg-nrix\">Draht au\u00dfen<br \/>\nDurchmesser (mm)<\/th>\n<th class=\"tg-nrix\">Leiter DC<br \/>\nWiderstand<br \/>\nbei 20\u2103(Q\/km)<\/th>\n<th class=\"tg-nrix\">Verpackung<br \/>\nlength(m)<\/th>\n<\/tr>\n<\/thead>\n<tbody>\n<tr>\n<td class=\"tg-nrix\" rowspan=\"2\">0.5<\/td>\n<td class=\"tg-nrix\">300<\/td>\n<td class=\"tg-baqh\" rowspan=\"2\">7\/0.30<\/td>\n<td class=\"tg-nrix\">0.15<\/td>\n<td class=\"tg-baqh\">1.6\u00b10.2<\/td>\n<td class=\"tg-nrix\" rowspan=\"2\">195<\/td>\n<td class=\"tg-nrix\" rowspan=\"2\">200<\/td>\n<\/tr>\n<tr>\n<td class=\"tg-nrix\">500<\/td>\n<td class=\"tg-nrix\">0.25<\/td>\n<td class=\"tg-baqh\">1.8\u00b10.2<\/td>\n<\/tr>\n<tr>\n<td class=\"tg-nrix\" rowspan=\"2\">0.75<\/td>\n<td class=\"tg-nrix\">300<\/td>\n<td class=\"tg-baqh\" rowspan=\"2\">11\/0. 30<\/td>\n<td class=\"tg-nrix\">0.15<\/td>\n<td class=\"tg-baqh\">1.9\u00b10.2<\/td>\n<td class=\"tg-nrix\" rowspan=\"2\">130<\/td>\n<td class=\"tg-nrix\" rowspan=\"2\">200<\/td>\n<\/tr>\n<tr>\n<td class=\"tg-nrix\">500<\/td>\n<td class=\"tg-nrix\">0.25<\/td>\n<td class=\"tg-baqh\">2.2\u00b10.2<\/td>\n<\/tr>\n<tr>\n<td class=\"tg-nrix\" rowspan=\"2\">1<\/td>\n<td class=\"tg-nrix\">300<\/td>\n<td class=\"tg-baqh\" rowspan=\"2\">14\/0. 30<\/td>\n<td class=\"tg-nrix\">0.15<\/td>\n<td class=\"tg-baqh\">2.0\u571f0.2<\/td>\n<td class=\"tg-nrix\" rowspan=\"2\">100<\/td>\n<td class=\"tg-nrix\" rowspan=\"2\">200<\/td>\n<\/tr>\n<tr>\n<td class=\"tg-nrix\">500<\/td>\n<td class=\"tg-nrix\">0.25<\/td>\n<td class=\"tg-baqh\">2.3\u00b10.2<\/td>\n<\/tr>\n<tr>\n<td class=\"tg-nrix\" rowspan=\"2\">1.5<\/td>\n<td class=\"tg-nrix\">300<\/td>\n<td class=\"tg-baqh\" rowspan=\"2\">30\/0.25<\/td>\n<td class=\"tg-nrix\">0.15<\/td>\n<td class=\"tg-baqh\">2.3\u571f0.2<\/td>\n<td class=\"tg-nrix\" rowspan=\"2\">66<\/td>\n<td class=\"tg-nrix\" rowspan=\"2\">100<\/td>\n<\/tr>\n<tr>\n<td class=\"tg-nrix\">500<\/td>\n<td class=\"tg-nrix\">0.25<\/td>\n<td class=\"tg-baqh\">2.6\u00b10.2<\/td>\n<\/tr>\n<tr>\n<td class=\"tg-nrix\" rowspan=\"2\">2.5<\/td>\n<td class=\"tg-nrix\">300<\/td>\n<td class=\"tg-baqh\" rowspan=\"2\">50\/0. 25<\/td>\n<td class=\"tg-nrix\">0.15<\/td>\n<td class=\"tg-baqh\">2.8\u00b10.2<\/td>\n<td class=\"tg-nrix\" rowspan=\"2\">40<\/td>\n<td class=\"tg-nrix\" rowspan=\"2\">100<\/td>\n<\/tr>\n<tr>\n<td class=\"tg-nrix\">500<\/td>\n<td class=\"tg-nrix\">0.25<\/td>\n<td class=\"tg-baqh\">3.0\u571f0.2<\/td>\n<\/tr>\n<tr>\n<td class=\"tg-nrix\" rowspan=\"2\">4<\/td>\n<td class=\"tg-nrix\">300<\/td>\n<td class=\"tg-baqh\" rowspan=\"2\">56\/0.30<\/td>\n<td class=\"tg-nrix\">0.15<\/td>\n<td class=\"tg-baqh\">3.5\u571f0.3<\/td>\n<td class=\"tg-nrix\" rowspan=\"2\">25<\/td>\n<td class=\"tg-nrix\" rowspan=\"2\">100<\/td>\n<\/tr>\n<tr>\n<td class=\"tg-nrix\">500<\/td>\n<td class=\"tg-nrix\">0.25<\/td>\n<td class=\"tg-baqh\">3.7\u00b10.3<\/td>\n<\/tr>\n<tr>\n<td class=\"tg-nrix\" rowspan=\"2\">6<\/td>\n<td class=\"tg-nrix\">300<\/td>\n<td class=\"tg-baqh\" rowspan=\"2\">84\/0.30<\/td>\n<td class=\"tg-nrix\">0.15<\/td>\n<td class=\"tg-baqh\">4.4\u58eb0.3<\/td>\n<td class=\"tg-nrix\" rowspan=\"2\">16.5<\/td>\n<td class=\"tg-nrix\" rowspan=\"2\">100<\/td>\n<\/tr>\n<tr>\n<td class=\"tg-nrix\">500<\/td>\n<td class=\"tg-nrix\">0.25<\/td>\n<td class=\"tg-baqh\">4.6\u00b10.3<\/td>\n<\/tr>\n<tr>\n<td class=\"tg-nrix\" rowspan=\"2\">10<\/td>\n<td class=\"tg-nrix\">300<\/td>\n<td class=\"tg-baqh\" rowspan=\"2\">133\/0. 32<\/td>\n<td class=\"tg-nrix\">0.15<\/td>\n<td class=\"tg-baqh\">5.5\u00b10.3<\/td>\n<td class=\"tg-nrix\" rowspan=\"2\">9.5<\/td>\n<td class=\"tg-nrix\" rowspan=\"2\">100<\/td>\n<\/tr>\n<tr>\n<td class=\"tg-nrix\">500<\/td>\n<td class=\"tg-nrix\">0.25<\/td>\n<td class=\"tg-baqh\">5.8\u58eb0.3<\/td>\n<\/tr>\n<\/tbody>\n<\/table>\n<p>Hinweis: Produkte mit anderen Spezifikationen k\u00f6nnen gem\u00e4\u00df der Vereinbarung zwischen dem Lieferanten und dem K\u00e4ufer hergestellt werden.<\/p>\n<p>&nbsp;<\/p>\n","protected":false},"excerpt":{"rendered":"<p>Extremhochtemperaturkabel sind Dr\u00e4hte und Kabel, die in verschiedenen elektrischen Ger\u00e4ten verwendet werden, die in besonderen Umgebungen wie Metallurgie, W\u00e4rmetechnik, Erd\u00f6l, chemische Industrie, Erdgas und Kerosin Brandschutz erfordern.<\/p>\n","protected":false},"featured_media":13322,"template":"","meta":{"_eb_attr":"","site-sidebar-layout":"default","site-content-layout":"","ast-site-content-layout":"default","site-content-style":"default","site-sidebar-style":"default","ast-global-header-display":"","ast-banner-title-visibility":"","ast-main-header-display":"","ast-hfb-above-header-display":"","ast-hfb-below-header-display":"","ast-hfb-mobile-header-display":"","site-post-title":"","ast-breadcrumbs-content":"","ast-featured-img":"","footer-sml-layout":"","theme-transparent-header-meta":"default","adv-header-id-meta":"","stick-header-meta":"","header-above-stick-meta":"","header-main-stick-meta":"","header-below-stick-meta":"","astra-migrate-meta-layouts":"default","ast-page-background-enabled":"default","ast-page-background-meta":{"desktop":{"background-color":"","background-image":"","background-repeat":"repeat","background-position":"center center","background-size":"auto","background-attachment":"scroll","background-type":"","background-media":"","overlay-type":"","overlay-color":"","overlay-opacity":"","overlay-gradient":""},"tablet":{"background-color":"","background-image":"","background-repeat":"repeat","background-position":"center center","background-size":"auto","background-attachment":"scroll","background-type":"","background-media":"","overlay-type":"","overlay-color":"","overlay-opacity":"","overlay-gradient":""},"mobile":{"background-color":"","background-image":"","background-repeat":"repeat","background-position":"center center","background-size":"auto","background-attachment":"scroll","background-type":"","background-media":"","overlay-type":"","overlay-color":"","overlay-opacity":"","overlay-gradient":""}},"ast-content-background-meta":{"desktop":{"background-color":"var(--ast-global-color-5)","background-image":"","background-repeat":"repeat","background-position":"center center","background-size":"auto","background-attachment":"scroll","background-type":"","background-media":"","overlay-type":"","overlay-color":"","overlay-opacity":"","overlay-gradient":""},"tablet":{"background-color":"var(--ast-global-color-5)","background-image":"","background-repeat":"repeat","background-position":"center center","background-size":"auto","background-attachment":"scroll","background-type":"","background-media":"","overlay-type":"","overlay-color":"","overlay-opacity":"","overlay-gradient":""},"mobile":{"background-color":"var(--ast-global-color-5)","background-image":"","background-repeat":"repeat","background-position":"center center","background-size":"auto","background-attachment":"scroll","background-type":"","background-media":"","overlay-type":"","overlay-color":"","overlay-opacity":"","overlay-gradient":""}}},"product_brand":[],"product_cat":[708,693,697,698,691,692,702,710],"product_tag":[1633,1632,1634],"class_list":{"0":"post-19960","1":"product","2":"type-product","3":"status-publish","4":"has-post-thumbnail","6":"product_cat-rail-way-de","7":"product_cat-enstandard-cable-de","8":"product_cat-high-temperature-cable-de","9":"product_cat-ice-standard-de","10":"product_cat-aviation-de","11":"product_cat-customized-cable-de","12":"product_cat-oil-gas-de","13":"product_cat-teflon-cable-de","14":"product_tag-gn1200-de","15":"product_tag-kabel-fur-extrem-hohe-temperaturen","16":"product_tag-temperaturbestandig-bis-1200","17":"desktop-align-center","18":"tablet-align-left","19":"mobile-align-left","21":"first","22":"instock","23":"shipping-taxable","24":"product-type-simple"},"yoast_head":"<!-- This site is optimized with the Yoast SEO plugin v27.5 - https:\/\/yoast.com\/product\/yoast-seo-wordpress\/ -->\n<title>Extremhochtemperaturkabel GN1200, temperaturbest\u00e4ndig bis 1200\u2103<\/title>\n<meta name=\"description\" content=\"Extremhochtemperaturkabel sind Dr\u00e4hte und Kabel, die in verschiedenen elektrischen Ger\u00e4ten verwendet werden, die in besonderen Umgebungen wie der Metallurgie einen Brandschutz erfordern.\" \/>\n<meta name=\"robots\" content=\"index, follow, max-snippet:-1, max-image-preview:large, max-video-preview:-1\" \/>\n<link rel=\"canonical\" href=\"https:\/\/www.tstcables.com\/de\/produkt\/extrem-hochtemperaturkabel-gn1200-temperaturbestaendig-bis-1200%e2%84%83\/\" \/>\n<meta property=\"og:locale\" content=\"de_DE\" \/>\n<meta property=\"og:type\" content=\"article\" \/>\n<meta property=\"og:title\" content=\"Extremhochtemperaturkabel GN1200, temperaturbest\u00e4ndig bis 1200\u2103\" \/>\n<meta property=\"og:description\" content=\"Extremhochtemperaturkabel sind Dr\u00e4hte und Kabel, die in verschiedenen elektrischen Ger\u00e4ten verwendet werden, die in besonderen Umgebungen wie der Metallurgie einen Brandschutz erfordern.\" \/>\n<meta property=\"og:url\" content=\"https:\/\/www.tstcables.com\/de\/produkt\/extrem-hochtemperaturkabel-gn1200-temperaturbestaendig-bis-1200%e2%84%83\/\" \/>\n<meta property=\"og:site_name\" content=\"TST CABLES supplier &amp; Manufacture\" \/>\n<meta property=\"og:image\" content=\"https:\/\/www.tstcables.com\/wp-content\/uploads\/2024\/03\/2-1.webp\" \/>\n\t<meta property=\"og:image:width\" content=\"640\" \/>\n\t<meta property=\"og:image:height\" content=\"640\" \/>\n\t<meta property=\"og:image:type\" content=\"image\/webp\" \/>\n<meta name=\"twitter:card\" content=\"summary_large_image\" \/>\n<meta name=\"twitter:label1\" content=\"Gesch\u00e4tzte Lesezeit\" \/>\n\t<meta name=\"twitter:data1\" content=\"1\u00a0Minute\" \/>\n<script type=\"application\/ld+json\" class=\"yoast-schema-graph\">{\"@context\":\"https:\\\/\\\/schema.org\",\"@graph\":[{\"@type\":\"WebPage\",\"@id\":\"https:\\\/\\\/www.tstcables.com\\\/de\\\/produkt\\\/extrem-hochtemperaturkabel-gn1200-temperaturbestaendig-bis-1200%e2%84%83\\\/\",\"url\":\"https:\\\/\\\/www.tstcables.com\\\/de\\\/produkt\\\/extrem-hochtemperaturkabel-gn1200-temperaturbestaendig-bis-1200%e2%84%83\\\/\",\"name\":\"Extremhochtemperaturkabel GN1200, temperaturbest\u00e4ndig bis 1200\u2103\",\"isPartOf\":{\"@id\":\"https:\\\/\\\/www.tstcables.com\\\/de\\\/#website\"},\"primaryImageOfPage\":{\"@id\":\"https:\\\/\\\/www.tstcables.com\\\/de\\\/produkt\\\/extrem-hochtemperaturkabel-gn1200-temperaturbestaendig-bis-1200%e2%84%83\\\/#primaryimage\"},\"image\":{\"@id\":\"https:\\\/\\\/www.tstcables.com\\\/de\\\/produkt\\\/extrem-hochtemperaturkabel-gn1200-temperaturbestaendig-bis-1200%e2%84%83\\\/#primaryimage\"},\"thumbnailUrl\":\"https:\\\/\\\/www.tstcables.com\\\/wp-content\\\/uploads\\\/2024\\\/03\\\/2-1.webp\",\"datePublished\":\"2024-03-22T08:54:48+00:00\",\"description\":\"Extremhochtemperaturkabel sind Dr\u00e4hte und Kabel, die in verschiedenen elektrischen Ger\u00e4ten verwendet werden, die in besonderen Umgebungen wie der Metallurgie einen Brandschutz erfordern.\",\"breadcrumb\":{\"@id\":\"https:\\\/\\\/www.tstcables.com\\\/de\\\/produkt\\\/extrem-hochtemperaturkabel-gn1200-temperaturbestaendig-bis-1200%e2%84%83\\\/#breadcrumb\"},\"inLanguage\":\"de\",\"potentialAction\":[{\"@type\":\"ReadAction\",\"target\":[\"https:\\\/\\\/www.tstcables.com\\\/de\\\/produkt\\\/extrem-hochtemperaturkabel-gn1200-temperaturbestaendig-bis-1200%e2%84%83\\\/\"]}]},{\"@type\":\"ImageObject\",\"inLanguage\":\"de\",\"@id\":\"https:\\\/\\\/www.tstcables.com\\\/de\\\/produkt\\\/extrem-hochtemperaturkabel-gn1200-temperaturbestaendig-bis-1200%e2%84%83\\\/#primaryimage\",\"url\":\"https:\\\/\\\/www.tstcables.com\\\/wp-content\\\/uploads\\\/2024\\\/03\\\/2-1.webp\",\"contentUrl\":\"https:\\\/\\\/www.tstcables.com\\\/wp-content\\\/uploads\\\/2024\\\/03\\\/2-1.webp\",\"width\":640,\"height\":640,\"caption\":\"EV New Energy Vehicle High Voltage Silicone Wire & Cable\"},{\"@type\":\"BreadcrumbList\",\"@id\":\"https:\\\/\\\/www.tstcables.com\\\/de\\\/produkt\\\/extrem-hochtemperaturkabel-gn1200-temperaturbestaendig-bis-1200%e2%84%83\\\/#breadcrumb\",\"itemListElement\":[{\"@type\":\"ListItem\",\"position\":1,\"name\":\"\u9996\u9875\",\"item\":\"https:\\\/\\\/www.tstcables.com\\\/de\\\/\"},{\"@type\":\"ListItem\",\"position\":2,\"name\":\"Product\",\"item\":\"https:\\\/\\\/www.tstcables.com\\\/product\\\/\"},{\"@type\":\"ListItem\",\"position\":3,\"name\":\"Extrem-Hochtemperaturkabel GN1200, temperaturbest\u00e4ndig bis 1200\u2103\"}]},{\"@type\":\"WebSite\",\"@id\":\"https:\\\/\\\/www.tstcables.com\\\/de\\\/#website\",\"url\":\"https:\\\/\\\/www.tstcables.com\\\/de\\\/\",\"name\":\"TST Cable supplier & Manufacture\",\"description\":\"TST CABLES  supplier &amp; Manufacture official website\",\"publisher\":{\"@id\":\"https:\\\/\\\/www.tstcables.com\\\/de\\\/#organization\"},\"potentialAction\":[{\"@type\":\"SearchAction\",\"target\":{\"@type\":\"EntryPoint\",\"urlTemplate\":\"https:\\\/\\\/www.tstcables.com\\\/de\\\/?s={search_term_string}\"},\"query-input\":{\"@type\":\"PropertyValueSpecification\",\"valueRequired\":true,\"valueName\":\"search_term_string\"}}],\"inLanguage\":\"de\"},{\"@type\":\"Organization\",\"@id\":\"https:\\\/\\\/www.tstcables.com\\\/de\\\/#organization\",\"name\":\"TST Cable supplier & Manufacture\",\"url\":\"https:\\\/\\\/www.tstcables.com\\\/de\\\/\",\"logo\":{\"@type\":\"ImageObject\",\"inLanguage\":\"de\",\"@id\":\"https:\\\/\\\/www.tstcables.com\\\/de\\\/#\\\/schema\\\/logo\\\/image\\\/\",\"url\":\"https:\\\/\\\/www.tstcables.com\\\/wp-content\\\/uploads\\\/2024\\\/04\\\/cropped-\u753b\u677f-1-\u62f7\u8d1d-4-1.png\",\"contentUrl\":\"https:\\\/\\\/www.tstcables.com\\\/wp-content\\\/uploads\\\/2024\\\/04\\\/cropped-\u753b\u677f-1-\u62f7\u8d1d-4-1.png\",\"width\":300,\"height\":100,\"caption\":\"TST Cable supplier & Manufacture\"},\"image\":{\"@id\":\"https:\\\/\\\/www.tstcables.com\\\/de\\\/#\\\/schema\\\/logo\\\/image\\\/\"}}]}<\/script>\n<!-- \/ Yoast SEO plugin. -->","yoast_head_json":{"title":"Extremhochtemperaturkabel GN1200, temperaturbest\u00e4ndig bis 1200\u2103","description":"Extremhochtemperaturkabel sind Dr\u00e4hte und Kabel, die in verschiedenen elektrischen Ger\u00e4ten verwendet werden, die in besonderen Umgebungen wie der Metallurgie einen Brandschutz erfordern.","robots":{"index":"index","follow":"follow","max-snippet":"max-snippet:-1","max-image-preview":"max-image-preview:large","max-video-preview":"max-video-preview:-1"},"canonical":"https:\/\/www.tstcables.com\/de\/produkt\/extrem-hochtemperaturkabel-gn1200-temperaturbestaendig-bis-1200%e2%84%83\/","og_locale":"de_DE","og_type":"article","og_title":"Extremhochtemperaturkabel GN1200, temperaturbest\u00e4ndig bis 1200\u2103","og_description":"Extremhochtemperaturkabel sind Dr\u00e4hte und Kabel, die in verschiedenen elektrischen Ger\u00e4ten verwendet werden, die in besonderen Umgebungen wie der Metallurgie einen Brandschutz erfordern.","og_url":"https:\/\/www.tstcables.com\/de\/produkt\/extrem-hochtemperaturkabel-gn1200-temperaturbestaendig-bis-1200%e2%84%83\/","og_site_name":"TST CABLES supplier &amp; Manufacture","og_image":[{"width":640,"height":640,"url":"https:\/\/www.tstcables.com\/wp-content\/uploads\/2024\/03\/2-1.webp","type":"image\/webp"}],"twitter_card":"summary_large_image","twitter_misc":{"Gesch\u00e4tzte Lesezeit":"1\u00a0Minute"},"schema":{"@context":"https:\/\/schema.org","@graph":[{"@type":"WebPage","@id":"https:\/\/www.tstcables.com\/de\/produkt\/extrem-hochtemperaturkabel-gn1200-temperaturbestaendig-bis-1200%e2%84%83\/","url":"https:\/\/www.tstcables.com\/de\/produkt\/extrem-hochtemperaturkabel-gn1200-temperaturbestaendig-bis-1200%e2%84%83\/","name":"Extremhochtemperaturkabel GN1200, temperaturbest\u00e4ndig bis 1200\u2103","isPartOf":{"@id":"https:\/\/www.tstcables.com\/de\/#website"},"primaryImageOfPage":{"@id":"https:\/\/www.tstcables.com\/de\/produkt\/extrem-hochtemperaturkabel-gn1200-temperaturbestaendig-bis-1200%e2%84%83\/#primaryimage"},"image":{"@id":"https:\/\/www.tstcables.com\/de\/produkt\/extrem-hochtemperaturkabel-gn1200-temperaturbestaendig-bis-1200%e2%84%83\/#primaryimage"},"thumbnailUrl":"https:\/\/www.tstcables.com\/wp-content\/uploads\/2024\/03\/2-1.webp","datePublished":"2024-03-22T08:54:48+00:00","description":"Extremhochtemperaturkabel sind Dr\u00e4hte und Kabel, die in verschiedenen elektrischen Ger\u00e4ten verwendet werden, die in besonderen Umgebungen wie der Metallurgie einen Brandschutz erfordern.","breadcrumb":{"@id":"https:\/\/www.tstcables.com\/de\/produkt\/extrem-hochtemperaturkabel-gn1200-temperaturbestaendig-bis-1200%e2%84%83\/#breadcrumb"},"inLanguage":"de","potentialAction":[{"@type":"ReadAction","target":["https:\/\/www.tstcables.com\/de\/produkt\/extrem-hochtemperaturkabel-gn1200-temperaturbestaendig-bis-1200%e2%84%83\/"]}]},{"@type":"ImageObject","inLanguage":"de","@id":"https:\/\/www.tstcables.com\/de\/produkt\/extrem-hochtemperaturkabel-gn1200-temperaturbestaendig-bis-1200%e2%84%83\/#primaryimage","url":"https:\/\/www.tstcables.com\/wp-content\/uploads\/2024\/03\/2-1.webp","contentUrl":"https:\/\/www.tstcables.com\/wp-content\/uploads\/2024\/03\/2-1.webp","width":640,"height":640,"caption":"EV New Energy Vehicle High Voltage Silicone Wire & Cable"},{"@type":"BreadcrumbList","@id":"https:\/\/www.tstcables.com\/de\/produkt\/extrem-hochtemperaturkabel-gn1200-temperaturbestaendig-bis-1200%e2%84%83\/#breadcrumb","itemListElement":[{"@type":"ListItem","position":1,"name":"\u9996\u9875","item":"https:\/\/www.tstcables.com\/de\/"},{"@type":"ListItem","position":2,"name":"Product","item":"https:\/\/www.tstcables.com\/product\/"},{"@type":"ListItem","position":3,"name":"Extrem-Hochtemperaturkabel GN1200, temperaturbest\u00e4ndig bis 1200\u2103"}]},{"@type":"WebSite","@id":"https:\/\/www.tstcables.com\/de\/#website","url":"https:\/\/www.tstcables.com\/de\/","name":"TST Cable supplier & Manufacture","description":"TST CABLES  supplier &amp; Manufacture official website","publisher":{"@id":"https:\/\/www.tstcables.com\/de\/#organization"},"potentialAction":[{"@type":"SearchAction","target":{"@type":"EntryPoint","urlTemplate":"https:\/\/www.tstcables.com\/de\/?s={search_term_string}"},"query-input":{"@type":"PropertyValueSpecification","valueRequired":true,"valueName":"search_term_string"}}],"inLanguage":"de"},{"@type":"Organization","@id":"https:\/\/www.tstcables.com\/de\/#organization","name":"TST Cable supplier & Manufacture","url":"https:\/\/www.tstcables.com\/de\/","logo":{"@type":"ImageObject","inLanguage":"de","@id":"https:\/\/www.tstcables.com\/de\/#\/schema\/logo\/image\/","url":"https:\/\/www.tstcables.com\/wp-content\/uploads\/2024\/04\/cropped-\u753b\u677f-1-\u62f7\u8d1d-4-1.png","contentUrl":"https:\/\/www.tstcables.com\/wp-content\/uploads\/2024\/04\/cropped-\u753b\u677f-1-\u62f7\u8d1d-4-1.png","width":300,"height":100,"caption":"TST Cable supplier & Manufacture"},"image":{"@id":"https:\/\/www.tstcables.com\/de\/#\/schema\/logo\/image\/"}}]}},"_links":{"self":[{"href":"https:\/\/www.tstcables.com\/de\/wp-json\/wp\/v2\/product\/19960","targetHints":{"allow":["GET"]}}],"collection":[{"href":"https:\/\/www.tstcables.com\/de\/wp-json\/wp\/v2\/product"}],"about":[{"href":"https:\/\/www.tstcables.com\/de\/wp-json\/wp\/v2\/types\/product"}],"version-history":[{"count":0,"href":"https:\/\/www.tstcables.com\/de\/wp-json\/wp\/v2\/product\/19960\/revisions"}],"wp:featuredmedia":[{"embeddable":true,"href":"https:\/\/www.tstcables.com\/de\/wp-json\/wp\/v2\/media\/13322"}],"wp:attachment":[{"href":"https:\/\/www.tstcables.com\/de\/wp-json\/wp\/v2\/media?parent=19960"}],"wp:term":[{"taxonomy":"product_brand","embeddable":true,"href":"https:\/\/www.tstcables.com\/de\/wp-json\/wp\/v2\/product_brand?post=19960"},{"taxonomy":"product_cat","embeddable":true,"href":"https:\/\/www.tstcables.com\/de\/wp-json\/wp\/v2\/product_cat?post=19960"},{"taxonomy":"product_tag","embeddable":true,"href":"https:\/\/www.tstcables.com\/de\/wp-json\/wp\/v2\/product_tag?post=19960"}],"curies":[{"name":"wp","href":"https:\/\/api.w.org\/{rel}","templated":true}]}}