{"id":19962,"date":"2024-03-22T17:41:08","date_gmt":"2024-03-22T09:41:08","guid":{"rendered":"https:\/\/www.tstcables.com\/product\/kundenspezifisches-kabel-gnfr500-02-500v-feuerwiderstandsdraht-hochtemperatur-hitzebestaendige-kabel-350%e2%84%83-1200%e2%84%83\/"},"modified":"2024-03-22T17:41:08","modified_gmt":"2024-03-22T09:41:08","slug":"kundenspezifisches-kabel-gnfr500-02-500v-feuerwiderstandsdraht-hochtemperatur-hitzebestaendige-kabel-350%e2%84%83-1200%e2%84%83","status":"publish","type":"product","link":"https:\/\/www.tstcables.com\/de\/produkt\/kundenspezifisches-kabel-gnfr500-02-500v-feuerwiderstandsdraht-hochtemperatur-hitzebestaendige-kabel-350%e2%84%83-1200%e2%84%83\/","title":{"rendered":"Kundenspezifisches Kabel GNFR500-02 500V Feuerwiderstandsdraht Hochtemperatur-hitzebest\u00e4ndige Kabel 350\u2103 1200\u2103"},"content":{"rendered":"<p><strong>Produktnummer<\/strong><\/p>\n<ul>\n<li>GNFR500-02<\/li>\n<\/ul>\n<p><strong><b>Industriestandard<\/b><\/strong><\/p>\n<ul>\n<li>Q31\/0114000209C025-2017<\/li>\n<\/ul>\n<p><strong><b>Produktmerkmale<\/b><\/strong><\/p>\n<ol>\n<li>Nennspannung: 500 V<\/li>\n<li>Arbeitstemperatur: -60\u2103~300\u2103 (bis zu 350\u2103 in kurzer Zeit)<\/li>\n<li>Leiter: vernickelter Litzendraht<\/li>\n<li>Isolierung: Doppelschichtisolierung<\/li>\n<li>Farbe: hellgelb<\/li>\n<\/ol>\n<p><strong><b>Funktionen\/Verwendung<\/b><\/strong><\/p>\n<p>Es verf\u00fcgt \u00fcber elektrische Isoliereigenschaften, ist best\u00e4ndig gegen Korona und Teilentladung und ver\u00e4ndert die elektrischen Isoliereigenschaften bei hohen Temperaturen nicht; Es verf\u00fcgt \u00fcber hitzebest\u00e4ndige Eigenschaften, gute mechanische Eigenschaften bei 200\u2103~350\u2103 und ist best\u00e4ndig gegen Hei\u00dfgasalterung; es ist strahlenbest\u00e4ndig und kann unter Einstrahlung starker Strahlen die Zugfestigkeit und Dehnung nicht wesentlich ver\u00e4ndern; es ist best\u00e4ndig gegen organische L\u00f6sungsmittel, Ozon, Enzyme und Korrosionsbest\u00e4ndigkeit; Es nimmt kein Wasser auf, ist nicht brennbar und empfindlich gegen\u00fcber Flammen.<\/p>\n<p>&nbsp;<\/p>\n<p><strong><b>Lieferbedingungen:<\/b><\/strong><\/p>\n<p>Gem\u00e4\u00df der vertraglichen Vereinbarung zwischen den beiden Parteien ist eine Kurzstreckenlieferung von mindestens 10 Metern zul\u00e4ssig. Seine Menge sollte 10 % der Gesamtlieferl\u00e4nge nicht \u00fcberschreiten<\/p>\n<p>&nbsp;<\/p>\n<p><strong><b>Technische Parameter<\/b><\/strong><\/p>\n<p>&nbsp;<\/p>\n<table class=\"tg\">\n<thead>\n<tr>\n<th class=\"tg-uzvj\" rowspan=\"3\">Nominell<br \/>\nkreuzen<br \/>\nAbschnitt (mm2)<\/th>\n<th class=\"tg-7btt\" rowspan=\"3\">Dirigent<br \/>\nStruktur Wurzel<br \/>\nNummer \/<br \/>\nDurchmesser (mm)<\/th>\n<th class=\"tg-uzvj\" rowspan=\"3\">Isolierung<br \/>\nDicke (mm)<\/th>\n<th class=\"tg-uzvj\" rowspan=\"3\">Drau\u00dfen<br \/>\nDurchmesser<br \/>\nKontrolle (mm)<\/th>\n<th class=\"tg-wa1i\">Leiter DC<br \/>\nWiderstand (Q\/km)<\/th>\n<th class=\"tg-wa1i\">Verpackung<br \/>\nL\u00e4nge (m)<\/th>\n<\/tr>\n<tr>\n<th class=\"tg-8d8j\">200<\/th>\n<th class=\"tg-8d8j\">200<\/th>\n<\/tr>\n<tr>\n<th class=\"tg-8d8j\">200<\/th>\n<th class=\"tg-8d8j\">200<\/th>\n<\/tr>\n<\/thead>\n<tbody>\n<tr>\n<td class=\"tg-pb0m\">1<\/td>\n<td class=\"tg-c3ow\">32\/0.20<\/td>\n<td class=\"tg-pb0m\">0.4<\/td>\n<td class=\"tg-c3ow\">2.2\u58eb0.2<\/td>\n<td class=\"tg-8d8j\">200<\/td>\n<td class=\"tg-8d8j\">200<\/td>\n<\/tr>\n<tr>\n<td class=\"tg-pb0m\">1.25<\/td>\n<td class=\"tg-c3ow\">40\/0.20<\/td>\n<td class=\"tg-pb0m\">0.4<\/td>\n<td class=\"tg-c3ow\">2.4\u58eb0.2<\/td>\n<td class=\"tg-8d8j\">200<\/td>\n<td class=\"tg-8d8j\">200<\/td>\n<\/tr>\n<tr>\n<td class=\"tg-pb0m\">1.5<\/td>\n<td class=\"tg-c3ow\">48\/0.20<\/td>\n<td class=\"tg-pb0m\">0.4<\/td>\n<td class=\"tg-c3ow\">2.6\u571f0.2<\/td>\n<td class=\"tg-8d8j\">200<\/td>\n<td class=\"tg-8d8j\">100<\/td>\n<\/tr>\n<tr>\n<td class=\"tg-pb0m\">2.5<\/td>\n<td class=\"tg-c3ow\">35\/0.30<\/td>\n<td class=\"tg-pb0m\">0.4<\/td>\n<td class=\"tg-c3ow\">3.0\u571f0.3<\/td>\n<td class=\"tg-8d8j\">100<\/td>\n<td class=\"tg-8d8j\">100<\/td>\n<\/tr>\n<tr>\n<td class=\"tg-8d8j\">4<\/td>\n<td class=\"tg-baqh\">56\/0.30<\/td>\n<td class=\"tg-8d8j\">0.4<\/td>\n<td class=\"tg-baqh\">3.7\u00b10.3<\/td>\n<td class=\"tg-8d8j\">100<\/td>\n<td class=\"tg-8d8j\">100<\/td>\n<\/tr>\n<tr>\n<td class=\"tg-8d8j\">6<\/td>\n<td class=\"tg-baqh\">84\/0.30<\/td>\n<td class=\"tg-8d8j\">0.4<\/td>\n<td class=\"tg-baqh\">4.6\u58eb0.3<\/td>\n<td class=\"tg-8d8j\">100<\/td>\n<td class=\"tg-8d8j\">100<\/td>\n<\/tr>\n<tr>\n<td class=\"tg-8d8j\">10<\/td>\n<td class=\"tg-baqh\">140\/0.30<\/td>\n<td class=\"tg-8d8j\">0.4<\/td>\n<td class=\"tg-baqh\">5.6\u58eb0.3<\/td>\n<td class=\"tg-8d8j\">100<\/td>\n<td class=\"tg-8d8j\">100<\/td>\n<\/tr>\n<\/tbody>\n<\/table>\n<p>Hinweis: Produkte mit anderen Spezifikationen k\u00f6nnen gem\u00e4\u00df der Vereinbarung zwischen dem Lieferanten und dem K\u00e4ufer hergestellt werden.<\/p>\n","protected":false},"excerpt":{"rendered":"<p>Hochtemperatur-hitzebest\u00e4ndige Kabel verf\u00fcgen \u00fcber elektrische Isoliereigenschaften, sind best\u00e4ndig gegen Korona und Teilentladung und weisen bei hohen Temperaturen keine Ver\u00e4nderung der elektrischen Isoliereigenschaften auf; Es verf\u00fcgt \u00fcber hitzebest\u00e4ndige Eigenschaften, gute mechanische Eigenschaften bei 200\u2103~350\u2103 und ist best\u00e4ndig gegen Hei\u00dfgasalterung; es ist strahlenbest\u00e4ndig und kann unter Einstrahlung starker Strahlen die Zugfestigkeit und Dehnung nicht wesentlich ver\u00e4ndern; es ist best\u00e4ndig gegen organische L\u00f6sungsmittel, Ozon, Enzyme und Korrosionsbest\u00e4ndigkeit; Es nimmt kein Wasser auf, ist nicht brennbar und empfindlich gegen\u00fcber Flammen.<\/p>\n","protected":false},"featured_media":13282,"template":"","meta":{"_eb_attr":"","site-sidebar-layout":"default","site-content-layout":"","ast-site-content-layout":"default","site-content-style":"default","site-sidebar-style":"default","ast-global-header-display":"","ast-banner-title-visibility":"","ast-main-header-display":"","ast-hfb-above-header-display":"","ast-hfb-below-header-display":"","ast-hfb-mobile-header-display":"","site-post-title":"","ast-breadcrumbs-content":"","ast-featured-img":"","footer-sml-layout":"","theme-transparent-header-meta":"default","adv-header-id-meta":"","stick-header-meta":"","header-above-stick-meta":"","header-main-stick-meta":"","header-below-stick-meta":"","astra-migrate-meta-layouts":"default","ast-page-background-enabled":"default","ast-page-background-meta":{"desktop":{"background-color":"","background-image":"","background-repeat":"repeat","background-position":"center center","background-size":"auto","background-attachment":"scroll","background-type":"","background-media":"","overlay-type":"","overlay-color":"","overlay-opacity":"","overlay-gradient":""},"tablet":{"background-color":"","background-image":"","background-repeat":"repeat","background-position":"center center","background-size":"auto","background-attachment":"scroll","background-type":"","background-media":"","overlay-type":"","overlay-color":"","overlay-opacity":"","overlay-gradient":""},"mobile":{"background-color":"","background-image":"","background-repeat":"repeat","background-position":"center center","background-size":"auto","background-attachment":"scroll","background-type":"","background-media":"","overlay-type":"","overlay-color":"","overlay-opacity":"","overlay-gradient":""}},"ast-content-background-meta":{"desktop":{"background-color":"var(--ast-global-color-5)","background-image":"","background-repeat":"repeat","background-position":"center center","background-size":"auto","background-attachment":"scroll","background-type":"","background-media":"","overlay-type":"","overlay-color":"","overlay-opacity":"","overlay-gradient":""},"tablet":{"background-color":"var(--ast-global-color-5)","background-image":"","background-repeat":"repeat","background-position":"center center","background-size":"auto","background-attachment":"scroll","background-type":"","background-media":"","overlay-type":"","overlay-color":"","overlay-opacity":"","overlay-gradient":""},"mobile":{"background-color":"var(--ast-global-color-5)","background-image":"","background-repeat":"repeat","background-position":"center center","background-size":"auto","background-attachment":"scroll","background-type":"","background-media":"","overlay-type":"","overlay-color":"","overlay-opacity":"","overlay-gradient":""}}},"product_brand":[],"product_cat":[693,697,698,699,692,701,702,1601],"product_tag":[1531,1532,1530],"class_list":{"0":"post-19962","1":"product","2":"type-product","3":"status-publish","4":"has-post-thumbnail","6":"product_cat-enstandard-cable-de","7":"product_cat-high-temperature-cable-de","8":"product_cat-ice-standard-de","9":"product_cat-lsoh-cable-de","10":"product_cat-customized-cable-de","11":"product_cat-nuclear-de","12":"product_cat-oil-gas-de","13":"product_cat-pi-kabel","14":"product_tag-feuerwiderstandsdraht-3501200","15":"product_tag-gnfr500-02-de","16":"product_tag-kundenspezifisches-kabel-gnfr500-02","17":"desktop-align-center","18":"tablet-align-left","19":"mobile-align-left","21":"first","22":"instock","23":"shipping-taxable","24":"product-type-simple"},"yoast_head":"<!-- This site is optimized with the Yoast SEO plugin v27.5 - https:\/\/yoast.com\/product\/yoast-seo-wordpress\/ -->\n<title>Ma\u00dfgeschneidertes Kabel GNFR500-02 Feuerwiderstandsdraht Hochtemperatur-hitzebest\u00e4ndige Kabel 350\u2103~1200\u2103<\/title>\n<meta name=\"description\" content=\"Hochtemperaturbest\u00e4ndige Kabel haben elektrische Isoliereigenschaften und sind best\u00e4ndig gegen Korona und Teilentladung.\" \/>\n<meta name=\"robots\" content=\"index, follow, max-snippet:-1, max-image-preview:large, max-video-preview:-1\" \/>\n<link rel=\"canonical\" href=\"https:\/\/www.tstcables.com\/de\/produkt\/kundenspezifisches-kabel-gnfr500-02-500v-feuerwiderstandsdraht-hochtemperatur-hitzebestaendige-kabel-350%e2%84%83-1200%e2%84%83\/\" \/>\n<meta property=\"og:locale\" content=\"de_DE\" \/>\n<meta property=\"og:type\" content=\"article\" \/>\n<meta property=\"og:title\" content=\"Ma\u00dfgeschneidertes Kabel GNFR500-02 Feuerwiderstandsdraht Hochtemperatur-hitzebest\u00e4ndige Kabel 350\u2103~1200\u2103\" \/>\n<meta property=\"og:description\" content=\"Hochtemperaturbest\u00e4ndige Kabel haben elektrische Isoliereigenschaften und sind best\u00e4ndig gegen Korona und Teilentladung.\" \/>\n<meta property=\"og:url\" content=\"https:\/\/www.tstcables.com\/de\/produkt\/kundenspezifisches-kabel-gnfr500-02-500v-feuerwiderstandsdraht-hochtemperatur-hitzebestaendige-kabel-350%e2%84%83-1200%e2%84%83\/\" \/>\n<meta property=\"og:site_name\" content=\"TST CABLES supplier &amp; Manufacture\" \/>\n<meta property=\"og:image\" content=\"https:\/\/www.tstcables.com\/wp-content\/uploads\/2024\/03\/EN50306-4-5pe-2.jpg\" \/>\n\t<meta property=\"og:image:width\" content=\"1000\" \/>\n\t<meta property=\"og:image:height\" content=\"1000\" \/>\n\t<meta property=\"og:image:type\" content=\"image\/jpeg\" \/>\n<meta name=\"twitter:card\" content=\"summary_large_image\" \/>\n<meta name=\"twitter:label1\" content=\"Gesch\u00e4tzte Lesezeit\" \/>\n\t<meta name=\"twitter:data1\" content=\"1\u00a0Minute\" \/>\n<script type=\"application\/ld+json\" class=\"yoast-schema-graph\">{\"@context\":\"https:\\\/\\\/schema.org\",\"@graph\":[{\"@type\":\"WebPage\",\"@id\":\"https:\\\/\\\/www.tstcables.com\\\/de\\\/produkt\\\/kundenspezifisches-kabel-gnfr500-02-500v-feuerwiderstandsdraht-hochtemperatur-hitzebestaendige-kabel-350%e2%84%83-1200%e2%84%83\\\/\",\"url\":\"https:\\\/\\\/www.tstcables.com\\\/de\\\/produkt\\\/kundenspezifisches-kabel-gnfr500-02-500v-feuerwiderstandsdraht-hochtemperatur-hitzebestaendige-kabel-350%e2%84%83-1200%e2%84%83\\\/\",\"name\":\"Ma\u00dfgeschneidertes Kabel GNFR500-02 Feuerwiderstandsdraht Hochtemperatur-hitzebest\u00e4ndige Kabel 350\u2103~1200\u2103\",\"isPartOf\":{\"@id\":\"https:\\\/\\\/www.tstcables.com\\\/de\\\/#website\"},\"primaryImageOfPage\":{\"@id\":\"https:\\\/\\\/www.tstcables.com\\\/de\\\/produkt\\\/kundenspezifisches-kabel-gnfr500-02-500v-feuerwiderstandsdraht-hochtemperatur-hitzebestaendige-kabel-350%e2%84%83-1200%e2%84%83\\\/#primaryimage\"},\"image\":{\"@id\":\"https:\\\/\\\/www.tstcables.com\\\/de\\\/produkt\\\/kundenspezifisches-kabel-gnfr500-02-500v-feuerwiderstandsdraht-hochtemperatur-hitzebestaendige-kabel-350%e2%84%83-1200%e2%84%83\\\/#primaryimage\"},\"thumbnailUrl\":\"https:\\\/\\\/www.tstcables.com\\\/wp-content\\\/uploads\\\/2024\\\/03\\\/EN50306-4-5pe-2.jpg\",\"datePublished\":\"2024-03-22T09:41:08+00:00\",\"description\":\"Hochtemperaturbest\u00e4ndige Kabel haben elektrische Isoliereigenschaften und sind best\u00e4ndig gegen Korona und Teilentladung.\",\"breadcrumb\":{\"@id\":\"https:\\\/\\\/www.tstcables.com\\\/de\\\/produkt\\\/kundenspezifisches-kabel-gnfr500-02-500v-feuerwiderstandsdraht-hochtemperatur-hitzebestaendige-kabel-350%e2%84%83-1200%e2%84%83\\\/#breadcrumb\"},\"inLanguage\":\"de\",\"potentialAction\":[{\"@type\":\"ReadAction\",\"target\":[\"https:\\\/\\\/www.tstcables.com\\\/de\\\/produkt\\\/kundenspezifisches-kabel-gnfr500-02-500v-feuerwiderstandsdraht-hochtemperatur-hitzebestaendige-kabel-350%e2%84%83-1200%e2%84%83\\\/\"]}]},{\"@type\":\"ImageObject\",\"inLanguage\":\"de\",\"@id\":\"https:\\\/\\\/www.tstcables.com\\\/de\\\/produkt\\\/kundenspezifisches-kabel-gnfr500-02-500v-feuerwiderstandsdraht-hochtemperatur-hitzebestaendige-kabel-350%e2%84%83-1200%e2%84%83\\\/#primaryimage\",\"url\":\"https:\\\/\\\/www.tstcables.com\\\/wp-content\\\/uploads\\\/2024\\\/03\\\/EN50306-4-5pe-2.jpg\",\"contentUrl\":\"https:\\\/\\\/www.tstcables.com\\\/wp-content\\\/uploads\\\/2024\\\/03\\\/EN50306-4-5pe-2.jpg\",\"width\":1000,\"height\":1000,\"caption\":\"High temperature fire-resistant wire waterproof material insulation GN350-N1\"},{\"@type\":\"BreadcrumbList\",\"@id\":\"https:\\\/\\\/www.tstcables.com\\\/de\\\/produkt\\\/kundenspezifisches-kabel-gnfr500-02-500v-feuerwiderstandsdraht-hochtemperatur-hitzebestaendige-kabel-350%e2%84%83-1200%e2%84%83\\\/#breadcrumb\",\"itemListElement\":[{\"@type\":\"ListItem\",\"position\":1,\"name\":\"\u9996\u9875\",\"item\":\"https:\\\/\\\/www.tstcables.com\\\/de\\\/\"},{\"@type\":\"ListItem\",\"position\":2,\"name\":\"Product\",\"item\":\"https:\\\/\\\/www.tstcables.com\\\/product\\\/\"},{\"@type\":\"ListItem\",\"position\":3,\"name\":\"Kundenspezifisches Kabel GNFR500-02 500V Feuerwiderstandsdraht Hochtemperatur-hitzebest\u00e4ndige Kabel 350\u2103 1200\u2103\"}]},{\"@type\":\"WebSite\",\"@id\":\"https:\\\/\\\/www.tstcables.com\\\/de\\\/#website\",\"url\":\"https:\\\/\\\/www.tstcables.com\\\/de\\\/\",\"name\":\"TST Cable supplier & Manufacture\",\"description\":\"TST CABLES  supplier &amp; Manufacture official website\",\"publisher\":{\"@id\":\"https:\\\/\\\/www.tstcables.com\\\/de\\\/#organization\"},\"potentialAction\":[{\"@type\":\"SearchAction\",\"target\":{\"@type\":\"EntryPoint\",\"urlTemplate\":\"https:\\\/\\\/www.tstcables.com\\\/de\\\/?s={search_term_string}\"},\"query-input\":{\"@type\":\"PropertyValueSpecification\",\"valueRequired\":true,\"valueName\":\"search_term_string\"}}],\"inLanguage\":\"de\"},{\"@type\":\"Organization\",\"@id\":\"https:\\\/\\\/www.tstcables.com\\\/de\\\/#organization\",\"name\":\"TST Cable supplier & Manufacture\",\"url\":\"https:\\\/\\\/www.tstcables.com\\\/de\\\/\",\"logo\":{\"@type\":\"ImageObject\",\"inLanguage\":\"de\",\"@id\":\"https:\\\/\\\/www.tstcables.com\\\/de\\\/#\\\/schema\\\/logo\\\/image\\\/\",\"url\":\"https:\\\/\\\/www.tstcables.com\\\/wp-content\\\/uploads\\\/2024\\\/04\\\/cropped-\u753b\u677f-1-\u62f7\u8d1d-4-1.png\",\"contentUrl\":\"https:\\\/\\\/www.tstcables.com\\\/wp-content\\\/uploads\\\/2024\\\/04\\\/cropped-\u753b\u677f-1-\u62f7\u8d1d-4-1.png\",\"width\":300,\"height\":100,\"caption\":\"TST Cable supplier & Manufacture\"},\"image\":{\"@id\":\"https:\\\/\\\/www.tstcables.com\\\/de\\\/#\\\/schema\\\/logo\\\/image\\\/\"}}]}<\/script>\n<!-- \/ Yoast SEO plugin. -->","yoast_head_json":{"title":"Ma\u00dfgeschneidertes Kabel GNFR500-02 Feuerwiderstandsdraht Hochtemperatur-hitzebest\u00e4ndige Kabel 350\u2103~1200\u2103","description":"Hochtemperaturbest\u00e4ndige Kabel haben elektrische Isoliereigenschaften und sind best\u00e4ndig gegen Korona und Teilentladung.","robots":{"index":"index","follow":"follow","max-snippet":"max-snippet:-1","max-image-preview":"max-image-preview:large","max-video-preview":"max-video-preview:-1"},"canonical":"https:\/\/www.tstcables.com\/de\/produkt\/kundenspezifisches-kabel-gnfr500-02-500v-feuerwiderstandsdraht-hochtemperatur-hitzebestaendige-kabel-350%e2%84%83-1200%e2%84%83\/","og_locale":"de_DE","og_type":"article","og_title":"Ma\u00dfgeschneidertes Kabel GNFR500-02 Feuerwiderstandsdraht Hochtemperatur-hitzebest\u00e4ndige Kabel 350\u2103~1200\u2103","og_description":"Hochtemperaturbest\u00e4ndige Kabel haben elektrische Isoliereigenschaften und sind best\u00e4ndig gegen Korona und Teilentladung.","og_url":"https:\/\/www.tstcables.com\/de\/produkt\/kundenspezifisches-kabel-gnfr500-02-500v-feuerwiderstandsdraht-hochtemperatur-hitzebestaendige-kabel-350%e2%84%83-1200%e2%84%83\/","og_site_name":"TST CABLES supplier &amp; Manufacture","og_image":[{"width":1000,"height":1000,"url":"https:\/\/www.tstcables.com\/wp-content\/uploads\/2024\/03\/EN50306-4-5pe-2.jpg","type":"image\/jpeg"}],"twitter_card":"summary_large_image","twitter_misc":{"Gesch\u00e4tzte Lesezeit":"1\u00a0Minute"},"schema":{"@context":"https:\/\/schema.org","@graph":[{"@type":"WebPage","@id":"https:\/\/www.tstcables.com\/de\/produkt\/kundenspezifisches-kabel-gnfr500-02-500v-feuerwiderstandsdraht-hochtemperatur-hitzebestaendige-kabel-350%e2%84%83-1200%e2%84%83\/","url":"https:\/\/www.tstcables.com\/de\/produkt\/kundenspezifisches-kabel-gnfr500-02-500v-feuerwiderstandsdraht-hochtemperatur-hitzebestaendige-kabel-350%e2%84%83-1200%e2%84%83\/","name":"Ma\u00dfgeschneidertes Kabel GNFR500-02 Feuerwiderstandsdraht Hochtemperatur-hitzebest\u00e4ndige Kabel 350\u2103~1200\u2103","isPartOf":{"@id":"https:\/\/www.tstcables.com\/de\/#website"},"primaryImageOfPage":{"@id":"https:\/\/www.tstcables.com\/de\/produkt\/kundenspezifisches-kabel-gnfr500-02-500v-feuerwiderstandsdraht-hochtemperatur-hitzebestaendige-kabel-350%e2%84%83-1200%e2%84%83\/#primaryimage"},"image":{"@id":"https:\/\/www.tstcables.com\/de\/produkt\/kundenspezifisches-kabel-gnfr500-02-500v-feuerwiderstandsdraht-hochtemperatur-hitzebestaendige-kabel-350%e2%84%83-1200%e2%84%83\/#primaryimage"},"thumbnailUrl":"https:\/\/www.tstcables.com\/wp-content\/uploads\/2024\/03\/EN50306-4-5pe-2.jpg","datePublished":"2024-03-22T09:41:08+00:00","description":"Hochtemperaturbest\u00e4ndige Kabel haben elektrische Isoliereigenschaften und sind best\u00e4ndig gegen Korona und Teilentladung.","breadcrumb":{"@id":"https:\/\/www.tstcables.com\/de\/produkt\/kundenspezifisches-kabel-gnfr500-02-500v-feuerwiderstandsdraht-hochtemperatur-hitzebestaendige-kabel-350%e2%84%83-1200%e2%84%83\/#breadcrumb"},"inLanguage":"de","potentialAction":[{"@type":"ReadAction","target":["https:\/\/www.tstcables.com\/de\/produkt\/kundenspezifisches-kabel-gnfr500-02-500v-feuerwiderstandsdraht-hochtemperatur-hitzebestaendige-kabel-350%e2%84%83-1200%e2%84%83\/"]}]},{"@type":"ImageObject","inLanguage":"de","@id":"https:\/\/www.tstcables.com\/de\/produkt\/kundenspezifisches-kabel-gnfr500-02-500v-feuerwiderstandsdraht-hochtemperatur-hitzebestaendige-kabel-350%e2%84%83-1200%e2%84%83\/#primaryimage","url":"https:\/\/www.tstcables.com\/wp-content\/uploads\/2024\/03\/EN50306-4-5pe-2.jpg","contentUrl":"https:\/\/www.tstcables.com\/wp-content\/uploads\/2024\/03\/EN50306-4-5pe-2.jpg","width":1000,"height":1000,"caption":"High temperature fire-resistant wire waterproof material insulation GN350-N1"},{"@type":"BreadcrumbList","@id":"https:\/\/www.tstcables.com\/de\/produkt\/kundenspezifisches-kabel-gnfr500-02-500v-feuerwiderstandsdraht-hochtemperatur-hitzebestaendige-kabel-350%e2%84%83-1200%e2%84%83\/#breadcrumb","itemListElement":[{"@type":"ListItem","position":1,"name":"\u9996\u9875","item":"https:\/\/www.tstcables.com\/de\/"},{"@type":"ListItem","position":2,"name":"Product","item":"https:\/\/www.tstcables.com\/product\/"},{"@type":"ListItem","position":3,"name":"Kundenspezifisches Kabel GNFR500-02 500V Feuerwiderstandsdraht Hochtemperatur-hitzebest\u00e4ndige Kabel 350\u2103 1200\u2103"}]},{"@type":"WebSite","@id":"https:\/\/www.tstcables.com\/de\/#website","url":"https:\/\/www.tstcables.com\/de\/","name":"TST Cable supplier & Manufacture","description":"TST CABLES  supplier &amp; Manufacture official website","publisher":{"@id":"https:\/\/www.tstcables.com\/de\/#organization"},"potentialAction":[{"@type":"SearchAction","target":{"@type":"EntryPoint","urlTemplate":"https:\/\/www.tstcables.com\/de\/?s={search_term_string}"},"query-input":{"@type":"PropertyValueSpecification","valueRequired":true,"valueName":"search_term_string"}}],"inLanguage":"de"},{"@type":"Organization","@id":"https:\/\/www.tstcables.com\/de\/#organization","name":"TST Cable supplier & Manufacture","url":"https:\/\/www.tstcables.com\/de\/","logo":{"@type":"ImageObject","inLanguage":"de","@id":"https:\/\/www.tstcables.com\/de\/#\/schema\/logo\/image\/","url":"https:\/\/www.tstcables.com\/wp-content\/uploads\/2024\/04\/cropped-\u753b\u677f-1-\u62f7\u8d1d-4-1.png","contentUrl":"https:\/\/www.tstcables.com\/wp-content\/uploads\/2024\/04\/cropped-\u753b\u677f-1-\u62f7\u8d1d-4-1.png","width":300,"height":100,"caption":"TST Cable supplier & Manufacture"},"image":{"@id":"https:\/\/www.tstcables.com\/de\/#\/schema\/logo\/image\/"}}]}},"_links":{"self":[{"href":"https:\/\/www.tstcables.com\/de\/wp-json\/wp\/v2\/product\/19962","targetHints":{"allow":["GET"]}}],"collection":[{"href":"https:\/\/www.tstcables.com\/de\/wp-json\/wp\/v2\/product"}],"about":[{"href":"https:\/\/www.tstcables.com\/de\/wp-json\/wp\/v2\/types\/product"}],"version-history":[{"count":0,"href":"https:\/\/www.tstcables.com\/de\/wp-json\/wp\/v2\/product\/19962\/revisions"}],"wp:featuredmedia":[{"embeddable":true,"href":"https:\/\/www.tstcables.com\/de\/wp-json\/wp\/v2\/media\/13282"}],"wp:attachment":[{"href":"https:\/\/www.tstcables.com\/de\/wp-json\/wp\/v2\/media?parent=19962"}],"wp:term":[{"taxonomy":"product_brand","embeddable":true,"href":"https:\/\/www.tstcables.com\/de\/wp-json\/wp\/v2\/product_brand?post=19962"},{"taxonomy":"product_cat","embeddable":true,"href":"https:\/\/www.tstcables.com\/de\/wp-json\/wp\/v2\/product_cat?post=19962"},{"taxonomy":"product_tag","embeddable":true,"href":"https:\/\/www.tstcables.com\/de\/wp-json\/wp\/v2\/product_tag?post=19962"}],"curies":[{"name":"wp","href":"https:\/\/api.w.org\/{rel}","templated":true}]}}