{"id":19971,"date":"2024-03-22T15:56:05","date_gmt":"2024-03-22T07:56:05","guid":{"rendered":"https:\/\/www.tstcables.com\/product\/silikon-hochspannungs-hochtemperaturdraht-und-kabel\/"},"modified":"2024-03-22T15:56:05","modified_gmt":"2024-03-22T07:56:05","slug":"silikon-hochspannungs-hochtemperaturdraht-und-kabel","status":"publish","type":"product","link":"https:\/\/www.tstcables.com\/de\/produkt\/silikon-hochspannungs-hochtemperaturdraht-und-kabel\/","title":{"rendered":"Silikon-Hochspannungs-Hochtemperaturdraht und -kabel"},"content":{"rendered":"<p>Anwendung:<\/p>\n<p>\u201eDas Produkt eignet sich f\u00fcr isolierte Motoren der F- und H-Klasse sowie f\u00fcr elektrische Anschlusskabel mit Nennwechselspannungen von 690 V, 1140 V und darunter. Es wird h\u00e4ufig in Schiffs-, Verteidigungs-, Zug- und anderen Hochleistungsmotoren eingesetzt.\u201c<\/p>\n<p>Charakteristisch:<\/p>\n<ul>\n<li>Nennspannung: 500 V (690 V), 1000 V (1140 V).<\/li>\n<li>Betriebstemperatur: -60~+180\u00b0C.<\/li>\n<li>Leiter: Blanker Kupferdraht oder verzinnter Kupferlitzendraht.<\/li>\n<li>Isolierung: Silikonkautschuk.<\/li>\n<li>Farbe: Anpassbar.<\/li>\n<\/ul>\n<p>Industriestandard<\/p>\n<ul>\n<li>JB\/T 6213.4-2006<\/li>\n<\/ul>\n<p style=\"font-size: 40px;\">Auswahlparameter<\/p>\n<table style=\"width: 100%;\" border=\"1\" cellspacing=\"1\" cellpadding=\"0\">\n<tbody>\n<tr>\n<td colspan=\"3\">\n<p align=\"center\">Leiterstruktur<\/p>\n<\/td>\n<td colspan=\"2\">\n<p align=\"center\">Isolationsdicke (mm)<\/p>\n<\/td>\n<td colspan=\"2\">\n<p align=\"center\">Drahtau\u00dfendurchmesser (mm)<\/p>\n<\/td>\n<td rowspan=\"2\">\n<p align=\"center\">Gleichstromwiderstand des Leiters bei 20 \u00b0C (\u03a9\/km)<\/p>\n<\/td>\n<\/tr>\n<tr>\n<td>\n<p align=\"center\">Nennquerschnitt (mm2)<\/p>\n<\/td>\n<td>\n<p align=\"center\">Anzahl der Dr\u00e4hte\/Drahtdurchmesser (mm)<\/p>\n<\/td>\n<td>\n<p align=\"center\">Leiterau\u00dfendurchmesser (mm)<\/p>\n<\/td>\n<td>\n<p align=\"center\">500V<\/p>\n<\/td>\n<td>\n<p align=\"center\">1000V<\/p>\n<\/td>\n<td>\n<p align=\"center\">500V<\/p>\n<\/td>\n<td>\n<p align=\"center\">1000V<\/p>\n<\/td>\n<\/tr>\n<tr>\n<td width=\"70\">\n<p align=\"center\">0.5<\/p>\n<\/td>\n<td width=\"82\">\n<p align=\"center\">28\/0.15<\/p>\n<\/td>\n<td width=\"73\">\n<p align=\"center\">0.90<\/p>\n<\/td>\n<td width=\"50\">\n<p align=\"center\">1.0<\/p>\n<\/td>\n<td width=\"54\">\n<p align=\"center\">1.2<\/p>\n<\/td>\n<td width=\"51\">\n<p align=\"center\">2.90<\/p>\n<\/td>\n<td width=\"55\">\n<p align=\"center\">3.30<\/p>\n<\/td>\n<td width=\"113\">\n<p align=\"center\">40.1<\/p>\n<\/td>\n<\/tr>\n<tr>\n<td width=\"70\">\n<p align=\"center\">0.75<\/p>\n<\/td>\n<td width=\"82\">\n<p align=\"center\">24\/0.20<\/p>\n<\/td>\n<td width=\"73\">\n<p align=\"center\">1.15<\/p>\n<\/td>\n<td width=\"50\">\n<p align=\"center\">1.0<\/p>\n<\/td>\n<td width=\"54\">\n<p align=\"center\">1.2<\/p>\n<\/td>\n<td width=\"51\">\n<p align=\"center\">3.20<\/p>\n<\/td>\n<td width=\"55\">\n<p align=\"center\">3.60<\/p>\n<\/td>\n<td width=\"113\">\n<p align=\"center\">26.7<\/p>\n<\/td>\n<\/tr>\n<tr>\n<td width=\"70\">\n<p align=\"center\">1<\/p>\n<\/td>\n<td width=\"82\">\n<p align=\"center\">32\/0.20<\/p>\n<\/td>\n<td width=\"73\">\n<p align=\"center\">1.30<\/p>\n<\/td>\n<td width=\"50\">\n<p align=\"center\">1.0<\/p>\n<\/td>\n<td width=\"54\">\n<p align=\"center\">1.2<\/p>\n<\/td>\n<td width=\"51\">\n<p align=\"center\">3.30<\/p>\n<\/td>\n<td width=\"55\">\n<p align=\"center\">3.70<\/p>\n<\/td>\n<td width=\"113\">\n<p align=\"center\">20<\/p>\n<\/td>\n<\/tr>\n<tr>\n<td width=\"70\">\n<p align=\"center\">1.5<\/p>\n<\/td>\n<td width=\"82\">\n<p align=\"center\">48\/0.20<\/p>\n<\/td>\n<td width=\"73\">\n<p align=\"center\">1.60<\/p>\n<\/td>\n<td width=\"50\">\n<p align=\"center\">1.0<\/p>\n<\/td>\n<td width=\"54\">\n<p align=\"center\">1.2<\/p>\n<\/td>\n<td width=\"51\">\n<p align=\"center\">3.60<\/p>\n<\/td>\n<td width=\"55\">\n<p align=\"center\">4.0<\/p>\n<\/td>\n<td width=\"113\">\n<p align=\"center\">13.7<\/p>\n<\/td>\n<\/tr>\n<tr>\n<td width=\"70\">\n<p align=\"center\">2<\/p>\n<\/td>\n<td width=\"82\">\n<p align=\"center\">40\/0.25<\/p>\n<\/td>\n<td width=\"73\">\n<p align=\"center\">1.85<\/p>\n<\/td>\n<td width=\"50\">\n<p align=\"center\">1.0<\/p>\n<\/td>\n<td width=\"54\">\n<p align=\"center\">1.2<\/p>\n<\/td>\n<td width=\"51\">\n<p align=\"center\">3.90<\/p>\n<\/td>\n<td width=\"55\">\n<p align=\"center\">4.30<\/p>\n<\/td>\n<td width=\"113\">\n<p align=\"center\">9.9<\/p>\n<\/td>\n<\/tr>\n<tr>\n<td width=\"70\">\n<p align=\"center\">2.5<\/p>\n<\/td>\n<td width=\"82\">\n<p align=\"center\">49\/0.25<\/p>\n<\/td>\n<td width=\"73\">\n<p align=\"center\">2.00<\/p>\n<\/td>\n<td width=\"50\">\n<p align=\"center\">1.0<\/p>\n<\/td>\n<td width=\"54\">\n<p align=\"center\">1.2<\/p>\n<\/td>\n<td width=\"51\">\n<p align=\"center\">4.00<\/p>\n<\/td>\n<td width=\"55\">\n<p align=\"center\">4.40<\/p>\n<\/td>\n<td width=\"113\">\n<p align=\"center\">8.21<\/p>\n<\/td>\n<\/tr>\n<tr>\n<td width=\"70\">\n<p align=\"center\">4<\/p>\n<\/td>\n<td width=\"82\">\n<p align=\"center\">56\/0.30<\/p>\n<\/td>\n<td width=\"73\">\n<p align=\"center\">2.80<\/p>\n<\/td>\n<td width=\"50\">\n<p align=\"center\">1.2<\/p>\n<\/td>\n<td width=\"54\">\n<p align=\"center\">1.4<\/p>\n<\/td>\n<td width=\"51\">\n<p align=\"center\">5.20<\/p>\n<\/td>\n<td width=\"55\">\n<p align=\"center\">5.60<\/p>\n<\/td>\n<td width=\"113\">\n<p align=\"center\">5.09<\/p>\n<\/td>\n<\/tr>\n<tr>\n<td width=\"70\">\n<p align=\"center\">6<\/p>\n<\/td>\n<td width=\"82\">\n<p align=\"center\">84\/0.30<\/p>\n<\/td>\n<td width=\"73\">\n<p align=\"center\">3.60<\/p>\n<\/td>\n<td width=\"50\">\n<p align=\"center\">1.2<\/p>\n<\/td>\n<td width=\"54\">\n<p align=\"center\">1.5<\/p>\n<\/td>\n<td width=\"51\">\n<p align=\"center\">6.00<\/p>\n<\/td>\n<td width=\"55\">\n<p align=\"center\">6.60<\/p>\n<\/td>\n<td width=\"113\">\n<p align=\"center\">3.39<\/p>\n<\/td>\n<\/tr>\n<tr>\n<td width=\"70\">\n<p align=\"center\">10<\/p>\n<\/td>\n<td width=\"82\">\n<p align=\"center\">84\/0.40<\/p>\n<\/td>\n<td width=\"73\">\n<p align=\"center\">4.60<\/p>\n<\/td>\n<td width=\"50\">\n<p align=\"center\">1.4<\/p>\n<\/td>\n<td width=\"54\">\n<p align=\"center\">1.6<\/p>\n<\/td>\n<td width=\"51\">\n<p align=\"center\">7.40<\/p>\n<\/td>\n<td width=\"55\">\n<p align=\"center\">7.80<\/p>\n<\/td>\n<td width=\"113\">\n<p align=\"center\">1.95<\/p>\n<\/td>\n<\/tr>\n<tr>\n<td width=\"70\">\n<p align=\"center\">16<\/p>\n<\/td>\n<td width=\"82\">\n<p align=\"center\">126\/0.40<\/p>\n<\/td>\n<td width=\"73\">\n<p align=\"center\">5.80<\/p>\n<\/td>\n<td width=\"50\">\n<p align=\"center\">1.4<\/p>\n<\/td>\n<td width=\"54\">\n<p align=\"center\">1.6<\/p>\n<\/td>\n<td width=\"51\">\n<p align=\"center\">8.60<\/p>\n<\/td>\n<td width=\"55\">\n<p align=\"center\">9.0<\/p>\n<\/td>\n<td width=\"113\">\n<p align=\"center\">1.24<\/p>\n<\/td>\n<\/tr>\n<tr>\n<td width=\"70\">\n<p align=\"center\">25<\/p>\n<\/td>\n<td width=\"82\">\n<p align=\"center\">196\/0.40<\/p>\n<\/td>\n<td width=\"73\">\n<p align=\"center\">7.60<\/p>\n<\/td>\n<td width=\"50\">\n<p align=\"center\">1.6<\/p>\n<\/td>\n<td width=\"54\">\n<p align=\"center\">1.8<\/p>\n<\/td>\n<td width=\"51\">\n<p align=\"center\">10.80<\/p>\n<\/td>\n<td width=\"55\">\n<p align=\"center\">11.2<\/p>\n<\/td>\n<td width=\"113\">\n<p align=\"center\">0.795<\/p>\n<\/td>\n<\/tr>\n<tr>\n<td width=\"70\">\n<p align=\"center\">35<\/p>\n<\/td>\n<td width=\"82\">\n<p align=\"center\">494\/0.30<\/p>\n<\/td>\n<td width=\"73\">\n<p align=\"center\">8.80<\/p>\n<\/td>\n<td width=\"50\">\n<p align=\"center\">1.8<\/p>\n<\/td>\n<td width=\"54\">\n<p align=\"center\">2.0<\/p>\n<\/td>\n<td width=\"51\">\n<p align=\"center\">12.40<\/p>\n<\/td>\n<td width=\"55\">\n<p align=\"center\">12.80<\/p>\n<\/td>\n<td width=\"113\">\n<p align=\"center\">0.565<\/p>\n<\/td>\n<\/tr>\n<tr>\n<td width=\"70\">\n<p align=\"center\">50<\/p>\n<\/td>\n<td width=\"82\">\n<p align=\"center\">396\/0.40<\/p>\n<\/td>\n<td width=\"73\">\n<p align=\"center\">10.60<\/p>\n<\/td>\n<td width=\"50\">\n<p align=\"center\">2.0<\/p>\n<\/td>\n<td width=\"54\">\n<p align=\"center\">2.2<\/p>\n<\/td>\n<td width=\"51\">\n<p align=\"center\">14.60<\/p>\n<\/td>\n<td width=\"55\">\n<p align=\"center\">15.0<\/p>\n<\/td>\n<td width=\"113\">\n<p align=\"center\">0.393<\/p>\n<\/td>\n<\/tr>\n<tr>\n<td width=\"70\">\n<p align=\"center\">70<\/p>\n<\/td>\n<td width=\"82\">\n<p align=\"center\">551\/0.40<\/p>\n<\/td>\n<td width=\"73\">\n<p align=\"center\">12.80<\/p>\n<\/td>\n<td width=\"50\">\n<p align=\"center\">2.0<\/p>\n<\/td>\n<td width=\"54\">\n<p align=\"center\">2.2<\/p>\n<\/td>\n<td width=\"51\">\n<p align=\"center\">16.80<\/p>\n<\/td>\n<td width=\"55\">\n<p align=\"center\">17.20<\/p>\n<\/td>\n<td width=\"113\">\n<p align=\"center\">0.277<\/p>\n<\/td>\n<\/tr>\n<tr>\n<td width=\"70\">\n<p align=\"center\">95<\/p>\n<\/td>\n<td width=\"82\">\n<p align=\"center\">760\/0.40<\/p>\n<\/td>\n<td width=\"73\">\n<p align=\"center\">14.80<\/p>\n<\/td>\n<td width=\"50\">\n<p align=\"center\">2.2<\/p>\n<\/td>\n<td width=\"54\">\n<p align=\"center\">2.5<\/p>\n<\/td>\n<td width=\"51\">\n<p align=\"center\">19.20<\/p>\n<\/td>\n<td width=\"55\">\n<p align=\"center\">19.80<\/p>\n<\/td>\n<td width=\"113\">\n<p align=\"center\">0.210<\/p>\n<\/td>\n<\/tr>\n<tr>\n<td width=\"70\">\n<p align=\"center\">120<\/p>\n<\/td>\n<td width=\"82\">\n<p align=\"center\">608\/0.50<\/p>\n<\/td>\n<td width=\"73\">\n<p align=\"center\">16.5<\/p>\n<\/td>\n<td width=\"50\">\n<p align=\"center\">2.2<\/p>\n<\/td>\n<td width=\"54\">\n<p align=\"center\">2.5<\/p>\n<\/td>\n<td width=\"51\">\n<p align=\"center\">21.00<\/p>\n<\/td>\n<td width=\"55\">\n<p align=\"center\">21.50<\/p>\n<\/td>\n<td width=\"113\">\n<p align=\"center\">0.164<\/p>\n<\/td>\n<\/tr>\n<tr>\n<td width=\"70\">\n<p align=\"center\">150<\/p>\n<\/td>\n<td width=\"82\">\n<p align=\"center\">760\/0.50<\/p>\n<\/td>\n<td width=\"73\">\n<p align=\"center\">18.2<\/p>\n<\/td>\n<td width=\"50\">\n<p align=\"center\">2.4<\/p>\n<\/td>\n<td width=\"54\">\n<p align=\"center\">2.6<\/p>\n<\/td>\n<td width=\"51\">\n<p align=\"center\">23.00<\/p>\n<\/td>\n<td width=\"55\">\n<p align=\"center\">23.40<\/p>\n<\/td>\n<td width=\"113\">\n<p align=\"center\">0.132<\/p>\n<\/td>\n<\/tr>\n<tr>\n<td width=\"70\">\n<p align=\"center\">185<\/p>\n<\/td>\n<td width=\"82\">\n<p align=\"center\">925\/0.50<\/p>\n<\/td>\n<td width=\"73\">\n<p align=\"center\">20.0<\/p>\n<\/td>\n<td width=\"50\">\n<p align=\"center\">2.4<\/p>\n<\/td>\n<td width=\"54\">\n<p align=\"center\">2.6<\/p>\n<\/td>\n<td width=\"51\">\n<p align=\"center\">24.80<\/p>\n<\/td>\n<td width=\"55\">\n<p align=\"center\">25.20<\/p>\n<\/td>\n<td width=\"113\">\n<p align=\"center\">0.108<\/p>\n<\/td>\n<\/tr>\n<tr>\n<td width=\"70\">\n<p align=\"center\">240<\/p>\n<\/td>\n<td width=\"82\">\n<p align=\"center\">1221\/0.50<\/p>\n<\/td>\n<td width=\"73\">\n<p align=\"center\">23.0<\/p>\n<\/td>\n<td width=\"50\">\n<p align=\"center\">2.6<\/p>\n<\/td>\n<td width=\"54\">\n<p align=\"center\">2.8<\/p>\n<\/td>\n<td width=\"51\">\n<p align=\"center\">28.20<\/p>\n<\/td>\n<td width=\"55\">\n<p align=\"center\">28.60<\/p>\n<\/td>\n<td width=\"113\">\n<p align=\"center\">0.0817<\/p>\n<\/td>\n<\/tr>\n<\/tbody>\n<\/table>\n","protected":false},"excerpt":{"rendered":"<p>Silikon-Hochspannungs-Hochtemperaturdr\u00e4hte und -kabel zeichnen sich durch eine hervorragende Hochtemperatur- und Niedertemperaturbest\u00e4ndigkeit, eine hervorragende elektrische Isolationsleistung, eine hervorragende chemische Stabilit\u00e4t, eine hohe Spannungsbest\u00e4ndigkeit, Alterungsbest\u00e4ndigkeit und eine lange Lebensdauer aus. Au\u00dferdem ist es flexibel und einfach zu installieren.<\/p>\n","protected":false},"featured_media":12786,"template":"","meta":{"_eb_attr":"","site-sidebar-layout":"default","site-content-layout":"","ast-site-content-layout":"default","site-content-style":"default","site-sidebar-style":"default","ast-global-header-display":"","ast-banner-title-visibility":"","ast-main-header-display":"","ast-hfb-above-header-display":"","ast-hfb-below-header-display":"","ast-hfb-mobile-header-display":"","site-post-title":"","ast-breadcrumbs-content":"","ast-featured-img":"","footer-sml-layout":"","theme-transparent-header-meta":"default","adv-header-id-meta":"","stick-header-meta":"","header-above-stick-meta":"","header-main-stick-meta":"","header-below-stick-meta":"","astra-migrate-meta-layouts":"default","ast-page-background-enabled":"default","ast-page-background-meta":{"desktop":{"background-color":"","background-image":"","background-repeat":"repeat","background-position":"center center","background-size":"auto","background-attachment":"scroll","background-type":"","background-media":"","overlay-type":"","overlay-color":"","overlay-opacity":"","overlay-gradient":""},"tablet":{"background-color":"","background-image":"","background-repeat":"repeat","background-position":"center center","background-size":"auto","background-attachment":"scroll","background-type":"","background-media":"","overlay-type":"","overlay-color":"","overlay-opacity":"","overlay-gradient":""},"mobile":{"background-color":"","background-image":"","background-repeat":"repeat","background-position":"center center","background-size":"auto","background-attachment":"scroll","background-type":"","background-media":"","overlay-type":"","overlay-color":"","overlay-opacity":"","overlay-gradient":""}},"ast-content-background-meta":{"desktop":{"background-color":"var(--ast-global-color-5)","background-image":"","background-repeat":"repeat","background-position":"center center","background-size":"auto","background-attachment":"scroll","background-type":"","background-media":"","overlay-type":"","overlay-color":"","overlay-opacity":"","overlay-gradient":""},"tablet":{"background-color":"var(--ast-global-color-5)","background-image":"","background-repeat":"repeat","background-position":"center center","background-size":"auto","background-attachment":"scroll","background-type":"","background-media":"","overlay-type":"","overlay-color":"","overlay-opacity":"","overlay-gradient":""},"mobile":{"background-color":"var(--ast-global-color-5)","background-image":"","background-repeat":"repeat","background-position":"center center","background-size":"auto","background-attachment":"scroll","background-type":"","background-media":"","overlay-type":"","overlay-color":"","overlay-opacity":"","overlay-gradient":""}}},"product_brand":[],"product_cat":[708,693,696,697,698,699,691,700,692,702,709],"product_tag":[1639,1624,1638],"class_list":{"0":"post-19971","1":"product","2":"type-product","3":"status-publish","4":"has-post-thumbnail","6":"product_cat-rail-way-de","7":"product_cat-enstandard-cable-de","8":"product_cat-en50382-de","9":"product_cat-high-temperature-cable-de","10":"product_cat-ice-standard-de","11":"product_cat-lsoh-cable-de","12":"product_cat-aviation-de","13":"product_cat-marine-de","14":"product_cat-customized-cable-de","15":"product_cat-oil-gas-de","16":"product_cat-silicone-cable-de","17":"product_tag-hochspannungsdraht-und-kabel","18":"product_tag-hochtemperaturdraht-und-kabel","19":"product_tag-silikondraht-und-kabel","20":"desktop-align-center","21":"tablet-align-left","22":"mobile-align-left","24":"first","25":"instock","26":"shipping-taxable","27":"product-type-simple"},"yoast_head":"<!-- This site is optimized with the Yoast SEO plugin v27.4 - https:\/\/yoast.com\/product\/yoast-seo-wordpress\/ -->\n<title>Silikon-Hochspannungs-Hochtemperaturdraht und -kabel - TST CABLES supplier &amp; Manufacture<\/title>\n<meta name=\"description\" content=\"Silikon-Hochspannungs-Hochtemperaturdr\u00e4hte und -kabel weisen eine ausgezeichnete Hochtemperatur- und Niedertemperaturbest\u00e4ndigkeit auf.\" \/>\n<meta name=\"robots\" content=\"index, follow, max-snippet:-1, max-image-preview:large, max-video-preview:-1\" \/>\n<link rel=\"canonical\" href=\"https:\/\/www.tstcables.com\/de\/produkt\/silikon-hochspannungs-hochtemperaturdraht-und-kabel\/\" \/>\n<meta property=\"og:locale\" content=\"de_DE\" \/>\n<meta property=\"og:type\" content=\"article\" \/>\n<meta property=\"og:title\" content=\"Silikon-Hochspannungs-Hochtemperaturdraht und -kabel - TST CABLES supplier &amp; Manufacture\" \/>\n<meta property=\"og:description\" content=\"Silikon-Hochspannungs-Hochtemperaturdr\u00e4hte und -kabel weisen eine ausgezeichnete Hochtemperatur- und Niedertemperaturbest\u00e4ndigkeit auf.\" \/>\n<meta property=\"og:url\" content=\"https:\/\/www.tstcables.com\/de\/produkt\/silikon-hochspannungs-hochtemperaturdraht-und-kabel\/\" \/>\n<meta property=\"og:site_name\" content=\"TST CABLES supplier &amp; Manufacture\" \/>\n<meta property=\"og:image\" content=\"https:\/\/www.tstcables.com\/wp-content\/uploads\/2024\/03\/1-2.webp\" \/>\n\t<meta property=\"og:image:width\" content=\"640\" \/>\n\t<meta property=\"og:image:height\" content=\"640\" \/>\n\t<meta property=\"og:image:type\" content=\"image\/webp\" \/>\n<meta name=\"twitter:card\" content=\"summary_large_image\" \/>\n<script type=\"application\/ld+json\" class=\"yoast-schema-graph\">{\"@context\":\"https:\\\/\\\/schema.org\",\"@graph\":[{\"@type\":\"WebPage\",\"@id\":\"https:\\\/\\\/www.tstcables.com\\\/de\\\/produkt\\\/silikon-hochspannungs-hochtemperaturdraht-und-kabel\\\/\",\"url\":\"https:\\\/\\\/www.tstcables.com\\\/de\\\/produkt\\\/silikon-hochspannungs-hochtemperaturdraht-und-kabel\\\/\",\"name\":\"Silikon-Hochspannungs-Hochtemperaturdraht und -kabel - TST CABLES supplier &amp; Manufacture\",\"isPartOf\":{\"@id\":\"https:\\\/\\\/www.tstcables.com\\\/de\\\/#website\"},\"primaryImageOfPage\":{\"@id\":\"https:\\\/\\\/www.tstcables.com\\\/de\\\/produkt\\\/silikon-hochspannungs-hochtemperaturdraht-und-kabel\\\/#primaryimage\"},\"image\":{\"@id\":\"https:\\\/\\\/www.tstcables.com\\\/de\\\/produkt\\\/silikon-hochspannungs-hochtemperaturdraht-und-kabel\\\/#primaryimage\"},\"thumbnailUrl\":\"https:\\\/\\\/www.tstcables.com\\\/wp-content\\\/uploads\\\/2024\\\/03\\\/1-2.webp\",\"datePublished\":\"2024-03-22T07:56:05+00:00\",\"description\":\"Silikon-Hochspannungs-Hochtemperaturdr\u00e4hte und -kabel weisen eine ausgezeichnete Hochtemperatur- und Niedertemperaturbest\u00e4ndigkeit auf.\",\"breadcrumb\":{\"@id\":\"https:\\\/\\\/www.tstcables.com\\\/de\\\/produkt\\\/silikon-hochspannungs-hochtemperaturdraht-und-kabel\\\/#breadcrumb\"},\"inLanguage\":\"de\",\"potentialAction\":[{\"@type\":\"ReadAction\",\"target\":[\"https:\\\/\\\/www.tstcables.com\\\/de\\\/produkt\\\/silikon-hochspannungs-hochtemperaturdraht-und-kabel\\\/\"]}]},{\"@type\":\"ImageObject\",\"inLanguage\":\"de\",\"@id\":\"https:\\\/\\\/www.tstcables.com\\\/de\\\/produkt\\\/silikon-hochspannungs-hochtemperaturdraht-und-kabel\\\/#primaryimage\",\"url\":\"https:\\\/\\\/www.tstcables.com\\\/wp-content\\\/uploads\\\/2024\\\/03\\\/1-2.webp\",\"contentUrl\":\"https:\\\/\\\/www.tstcables.com\\\/wp-content\\\/uploads\\\/2024\\\/03\\\/1-2.webp\",\"width\":640,\"height\":640,\"caption\":\"CAT7 cable (Category 7 network cable) EN50264 fire-resistant wire &cableEN50264 fire-resistant wire &cable\"},{\"@type\":\"BreadcrumbList\",\"@id\":\"https:\\\/\\\/www.tstcables.com\\\/de\\\/produkt\\\/silikon-hochspannungs-hochtemperaturdraht-und-kabel\\\/#breadcrumb\",\"itemListElement\":[{\"@type\":\"ListItem\",\"position\":1,\"name\":\"\u9996\u9875\",\"item\":\"https:\\\/\\\/www.tstcables.com\\\/de\\\/\"},{\"@type\":\"ListItem\",\"position\":2,\"name\":\"Product\",\"item\":\"https:\\\/\\\/www.tstcables.com\\\/product\\\/\"},{\"@type\":\"ListItem\",\"position\":3,\"name\":\"Silikon-Hochspannungs-Hochtemperaturdraht und -kabel\"}]},{\"@type\":\"WebSite\",\"@id\":\"https:\\\/\\\/www.tstcables.com\\\/de\\\/#website\",\"url\":\"https:\\\/\\\/www.tstcables.com\\\/de\\\/\",\"name\":\"TST Cable supplier & Manufacture\",\"description\":\"TST CABLES  supplier &amp; Manufacture official website\",\"publisher\":{\"@id\":\"https:\\\/\\\/www.tstcables.com\\\/de\\\/#organization\"},\"potentialAction\":[{\"@type\":\"SearchAction\",\"target\":{\"@type\":\"EntryPoint\",\"urlTemplate\":\"https:\\\/\\\/www.tstcables.com\\\/de\\\/?s={search_term_string}\"},\"query-input\":{\"@type\":\"PropertyValueSpecification\",\"valueRequired\":true,\"valueName\":\"search_term_string\"}}],\"inLanguage\":\"de\"},{\"@type\":\"Organization\",\"@id\":\"https:\\\/\\\/www.tstcables.com\\\/de\\\/#organization\",\"name\":\"TST Cable supplier & Manufacture\",\"url\":\"https:\\\/\\\/www.tstcables.com\\\/de\\\/\",\"logo\":{\"@type\":\"ImageObject\",\"inLanguage\":\"de\",\"@id\":\"https:\\\/\\\/www.tstcables.com\\\/de\\\/#\\\/schema\\\/logo\\\/image\\\/\",\"url\":\"https:\\\/\\\/www.tstcables.com\\\/wp-content\\\/uploads\\\/2024\\\/04\\\/cropped-\u753b\u677f-1-\u62f7\u8d1d-4-1.png\",\"contentUrl\":\"https:\\\/\\\/www.tstcables.com\\\/wp-content\\\/uploads\\\/2024\\\/04\\\/cropped-\u753b\u677f-1-\u62f7\u8d1d-4-1.png\",\"width\":300,\"height\":100,\"caption\":\"TST Cable supplier & Manufacture\"},\"image\":{\"@id\":\"https:\\\/\\\/www.tstcables.com\\\/de\\\/#\\\/schema\\\/logo\\\/image\\\/\"}}]}<\/script>\n<!-- \/ Yoast SEO plugin. -->","yoast_head_json":{"title":"Silikon-Hochspannungs-Hochtemperaturdraht und -kabel - TST CABLES supplier &amp; Manufacture","description":"Silikon-Hochspannungs-Hochtemperaturdr\u00e4hte und -kabel weisen eine ausgezeichnete Hochtemperatur- und Niedertemperaturbest\u00e4ndigkeit auf.","robots":{"index":"index","follow":"follow","max-snippet":"max-snippet:-1","max-image-preview":"max-image-preview:large","max-video-preview":"max-video-preview:-1"},"canonical":"https:\/\/www.tstcables.com\/de\/produkt\/silikon-hochspannungs-hochtemperaturdraht-und-kabel\/","og_locale":"de_DE","og_type":"article","og_title":"Silikon-Hochspannungs-Hochtemperaturdraht und -kabel - TST CABLES supplier &amp; Manufacture","og_description":"Silikon-Hochspannungs-Hochtemperaturdr\u00e4hte und -kabel weisen eine ausgezeichnete Hochtemperatur- und Niedertemperaturbest\u00e4ndigkeit auf.","og_url":"https:\/\/www.tstcables.com\/de\/produkt\/silikon-hochspannungs-hochtemperaturdraht-und-kabel\/","og_site_name":"TST CABLES supplier &amp; Manufacture","og_image":[{"width":640,"height":640,"url":"https:\/\/www.tstcables.com\/wp-content\/uploads\/2024\/03\/1-2.webp","type":"image\/webp"}],"twitter_card":"summary_large_image","schema":{"@context":"https:\/\/schema.org","@graph":[{"@type":"WebPage","@id":"https:\/\/www.tstcables.com\/de\/produkt\/silikon-hochspannungs-hochtemperaturdraht-und-kabel\/","url":"https:\/\/www.tstcables.com\/de\/produkt\/silikon-hochspannungs-hochtemperaturdraht-und-kabel\/","name":"Silikon-Hochspannungs-Hochtemperaturdraht und -kabel - TST CABLES supplier &amp; Manufacture","isPartOf":{"@id":"https:\/\/www.tstcables.com\/de\/#website"},"primaryImageOfPage":{"@id":"https:\/\/www.tstcables.com\/de\/produkt\/silikon-hochspannungs-hochtemperaturdraht-und-kabel\/#primaryimage"},"image":{"@id":"https:\/\/www.tstcables.com\/de\/produkt\/silikon-hochspannungs-hochtemperaturdraht-und-kabel\/#primaryimage"},"thumbnailUrl":"https:\/\/www.tstcables.com\/wp-content\/uploads\/2024\/03\/1-2.webp","datePublished":"2024-03-22T07:56:05+00:00","description":"Silikon-Hochspannungs-Hochtemperaturdr\u00e4hte und -kabel weisen eine ausgezeichnete Hochtemperatur- und Niedertemperaturbest\u00e4ndigkeit auf.","breadcrumb":{"@id":"https:\/\/www.tstcables.com\/de\/produkt\/silikon-hochspannungs-hochtemperaturdraht-und-kabel\/#breadcrumb"},"inLanguage":"de","potentialAction":[{"@type":"ReadAction","target":["https:\/\/www.tstcables.com\/de\/produkt\/silikon-hochspannungs-hochtemperaturdraht-und-kabel\/"]}]},{"@type":"ImageObject","inLanguage":"de","@id":"https:\/\/www.tstcables.com\/de\/produkt\/silikon-hochspannungs-hochtemperaturdraht-und-kabel\/#primaryimage","url":"https:\/\/www.tstcables.com\/wp-content\/uploads\/2024\/03\/1-2.webp","contentUrl":"https:\/\/www.tstcables.com\/wp-content\/uploads\/2024\/03\/1-2.webp","width":640,"height":640,"caption":"CAT7 cable (Category 7 network cable) EN50264 fire-resistant wire &cableEN50264 fire-resistant wire &cable"},{"@type":"BreadcrumbList","@id":"https:\/\/www.tstcables.com\/de\/produkt\/silikon-hochspannungs-hochtemperaturdraht-und-kabel\/#breadcrumb","itemListElement":[{"@type":"ListItem","position":1,"name":"\u9996\u9875","item":"https:\/\/www.tstcables.com\/de\/"},{"@type":"ListItem","position":2,"name":"Product","item":"https:\/\/www.tstcables.com\/product\/"},{"@type":"ListItem","position":3,"name":"Silikon-Hochspannungs-Hochtemperaturdraht und -kabel"}]},{"@type":"WebSite","@id":"https:\/\/www.tstcables.com\/de\/#website","url":"https:\/\/www.tstcables.com\/de\/","name":"TST Cable supplier & Manufacture","description":"TST CABLES  supplier &amp; Manufacture official website","publisher":{"@id":"https:\/\/www.tstcables.com\/de\/#organization"},"potentialAction":[{"@type":"SearchAction","target":{"@type":"EntryPoint","urlTemplate":"https:\/\/www.tstcables.com\/de\/?s={search_term_string}"},"query-input":{"@type":"PropertyValueSpecification","valueRequired":true,"valueName":"search_term_string"}}],"inLanguage":"de"},{"@type":"Organization","@id":"https:\/\/www.tstcables.com\/de\/#organization","name":"TST Cable supplier & Manufacture","url":"https:\/\/www.tstcables.com\/de\/","logo":{"@type":"ImageObject","inLanguage":"de","@id":"https:\/\/www.tstcables.com\/de\/#\/schema\/logo\/image\/","url":"https:\/\/www.tstcables.com\/wp-content\/uploads\/2024\/04\/cropped-\u753b\u677f-1-\u62f7\u8d1d-4-1.png","contentUrl":"https:\/\/www.tstcables.com\/wp-content\/uploads\/2024\/04\/cropped-\u753b\u677f-1-\u62f7\u8d1d-4-1.png","width":300,"height":100,"caption":"TST Cable supplier & Manufacture"},"image":{"@id":"https:\/\/www.tstcables.com\/de\/#\/schema\/logo\/image\/"}}]}},"_links":{"self":[{"href":"https:\/\/www.tstcables.com\/de\/wp-json\/wp\/v2\/product\/19971","targetHints":{"allow":["GET"]}}],"collection":[{"href":"https:\/\/www.tstcables.com\/de\/wp-json\/wp\/v2\/product"}],"about":[{"href":"https:\/\/www.tstcables.com\/de\/wp-json\/wp\/v2\/types\/product"}],"version-history":[{"count":0,"href":"https:\/\/www.tstcables.com\/de\/wp-json\/wp\/v2\/product\/19971\/revisions"}],"wp:featuredmedia":[{"embeddable":true,"href":"https:\/\/www.tstcables.com\/de\/wp-json\/wp\/v2\/media\/12786"}],"wp:attachment":[{"href":"https:\/\/www.tstcables.com\/de\/wp-json\/wp\/v2\/media?parent=19971"}],"wp:term":[{"taxonomy":"product_brand","embeddable":true,"href":"https:\/\/www.tstcables.com\/de\/wp-json\/wp\/v2\/product_brand?post=19971"},{"taxonomy":"product_cat","embeddable":true,"href":"https:\/\/www.tstcables.com\/de\/wp-json\/wp\/v2\/product_cat?post=19971"},{"taxonomy":"product_tag","embeddable":true,"href":"https:\/\/www.tstcables.com\/de\/wp-json\/wp\/v2\/product_tag?post=19971"}],"curies":[{"name":"wp","href":"https:\/\/api.w.org\/{rel}","templated":true}]}}