{"id":19972,"date":"2024-03-22T14:58:58","date_gmt":"2024-03-22T06:58:58","guid":{"rendered":"https:\/\/www.tstcables.com\/product\/feuerbestaendiger-draht-und-kabel-raucharmes-halogenfreies-flammhemmendes-kabel\/"},"modified":"2024-03-22T14:58:58","modified_gmt":"2024-03-22T06:58:58","slug":"feuerbestaendiger-draht-und-kabel-raucharmes-halogenfreies-flammhemmendes-kabel","status":"publish","type":"product","link":"https:\/\/www.tstcables.com\/de\/produkt\/feuerbestaendiger-draht-und-kabel-raucharmes-halogenfreies-flammhemmendes-kabel\/","title":{"rendered":"Feuerbest\u00e4ndiger Draht und Kabel, raucharmes, halogenfreies, flammhemmendes Kabel"},"content":{"rendered":"<p><strong>Produktnummer:<\/strong><\/p>\n<ul>\n<li>GN500<\/li>\n<\/ul>\n<div class=\"UdTY9 BwTYAc leDWne\" aria-hidden=\"true\" data-location=\"1\"><\/div>\n<div class=\"QcsUad BDJ8fb sMVRZe wneUed\">\n<div class=\"usGWQd\">\n<div class=\"KkbLmb\">\n<div class=\"lRu31\" dir=\"ltr\"><strong><span class=\"HwtZe\" lang=\"en\"><span class=\"jCAhz ChMk0b\"><span class=\"ryNqvb\">Industriestandard:<\/span><\/span><\/span><\/strong><\/div>\n<\/div>\n<\/div>\n<\/div>\n<ul>\n<li>Q31\/0114000209C025-2017<\/li>\n<\/ul>\n<p><strong>Produktmerkmale:<\/strong><\/p>\n<ul>\n<li>Nennspannung: 300\/500 V<\/li>\n<li><span style=\"font-size: 16px; font-style: normal; font-weight: 400;\">Temperaturbereich: -60~+500\u2103 (Pulstemperatur 600\u2103)<\/span><\/li>\n<li><span style=\"font-size: 16px; font-style: normal; font-weight: 400;\">Leiter: Litzendraht aus reinem Nickel<\/span><\/li>\n<li><span style=\"font-size: 16px; font-style: normal; font-weight: 400;\">Farbe: Wei\u00df mit Rot, Wei\u00df mit Gr\u00fcn, Wei\u00df mit Schwarz usw.<\/span><\/li>\n<\/ul>\n<p><strong>Lieferl\u00e4nge:<\/strong><br \/>\nZul\u00e4ssig sind kurze Leitungsabschnitte von mindestens 10 Metern L\u00e4nge, deren Menge jedoch 10 % der Gesamtliefermenge nicht \u00fcberschreiten darf;<\/p>\n<p><strong>Produktleistung:<\/strong><br \/>\nEs verf\u00fcgt \u00fcber eine hervorragende Hoch- und Tieftemperaturbest\u00e4ndigkeit, hervorragende elektrische Isolationseigenschaften und eine hervorragende chemische Stabilit\u00e4t.<\/p>\n<p><strong>Anwendungen:<\/strong><br \/>\nEs wird h\u00e4ufig in der Verkabelung von Verbrennungsabz\u00fcgen, Papierfabriken, Glas\u00f6fen, Stahlwerken, Brandschutz, Elektro\u00f6fen, Metallurgie, chemischer Industrie, Elektrizit\u00e4t, Bergbau und anderen Hochtemperaturangelegenheiten verwendet.<\/p>\n<p><strong>Produktparameter:<\/strong><\/p>\n<table class=\"tg\">\n<thead>\n<tr>\n<th class=\"tg-wa1i\" rowspan=\"2\">Nominelles Kreuz<br \/>\nQuerschnitt (mm2)<\/th>\n<th class=\"tg-wa1i\" rowspan=\"2\">Anzahl der Dirigenten<br \/>\nStrukturen\/Drahtdurchmesser (mm)<\/th>\n<th class=\"tg-wa1i\" rowspan=\"2\">Isolierung<br \/>\nDicke (mm)<\/th>\n<th class=\"tg-wa1i\">Au\u00dfendurchmesser<\/th>\n<th class=\"tg-wa1i\">Verpackung<\/th>\n<\/tr>\n<tr>\n<th class=\"tg-wa1i\">Kontrolle (mm)<\/th>\n<th class=\"tg-wa1i\">L\u00e4nge (m)<\/th>\n<\/tr>\n<\/thead>\n<tbody>\n<tr>\n<td class=\"tg-nrix\">0.5<\/td>\n<td class=\"tg-nrix\">7 \u00d7 0.30<\/td>\n<td class=\"tg-nrix\">0.5<\/td>\n<td class=\"tg-nrix\">2.3\u571f0.3<\/td>\n<td class=\"tg-nrix\">200<\/td>\n<\/tr>\n<tr>\n<td class=\"tg-nrix\">0.75<\/td>\n<td class=\"tg-nrix\">11 \u00d7 0.30<\/td>\n<td class=\"tg-nrix\">0.5<\/td>\n<td class=\"tg-nrix\">2.5\u00b10.3<\/td>\n<td class=\"tg-nrix\">200<\/td>\n<\/tr>\n<tr>\n<td class=\"tg-nrix\">1<\/td>\n<td class=\"tg-nrix\">14 \u00d7 0.30<\/td>\n<td class=\"tg-nrix\">0.5<\/td>\n<td class=\"tg-nrix\">2.6\u571f0.3<\/td>\n<td class=\"tg-nrix\">200<\/td>\n<\/tr>\n<tr>\n<td class=\"tg-nrix\">1.2<\/td>\n<td class=\"tg-nrix\">40 \u00d7 0.19<\/td>\n<td class=\"tg-nrix\">0.5<\/td>\n<td class=\"tg-nrix\">2.7 \u00b1 0.3<\/td>\n<td class=\"tg-nrix\">100<\/td>\n<\/tr>\n<tr>\n<td class=\"tg-nrix\">1.5<\/td>\n<td class=\"tg-nrix\">21 \u00d7 0.30<\/td>\n<td class=\"tg-nrix\">0.5<\/td>\n<td class=\"tg-nrix\">2.9\u571f0.3<\/td>\n<td class=\"tg-nrix\">100<\/td>\n<\/tr>\n<tr>\n<td class=\"tg-nrix\">2<\/td>\n<td class=\"tg-nrix\">28 \u00d7 0.30<\/td>\n<td class=\"tg-nrix\">0.6<\/td>\n<td class=\"tg-nrix\">3.3\u571f0.5<\/td>\n<td class=\"tg-nrix\">100<\/td>\n<\/tr>\n<tr>\n<td class=\"tg-nrix\">2.5<\/td>\n<td class=\"tg-nrix\">35 \u00d7 0.30<\/td>\n<td class=\"tg-nrix\">0.6<\/td>\n<td class=\"tg-nrix\">3.6\u571f0.5<\/td>\n<td class=\"tg-nrix\">100<\/td>\n<\/tr>\n<tr>\n<td class=\"tg-nrix\">4<\/td>\n<td class=\"tg-nrix\">56 \u00d7 0.30<\/td>\n<td class=\"tg-nrix\">0.8<\/td>\n<td class=\"tg-nrix\">4.7\u00b10.5<\/td>\n<td class=\"tg-nrix\">100<\/td>\n<\/tr>\n<tr>\n<td class=\"tg-nrix\">6<\/td>\n<td class=\"tg-nrix\">84 \u00d7 0.30<\/td>\n<td class=\"tg-nrix\">0.8<\/td>\n<td class=\"tg-nrix\">5.5\u571f0.5<\/td>\n<td class=\"tg-nrix\">100<\/td>\n<\/tr>\n<tr>\n<td class=\"tg-nrix\">10<\/td>\n<td class=\"tg-nrix\">84 \u00d7 0.40<\/td>\n<td class=\"tg-nrix\">0.8<\/td>\n<td class=\"tg-nrix\">6.6\u571f0.5<\/td>\n<td class=\"tg-nrix\">100<\/td>\n<\/tr>\n<tr>\n<td class=\"tg-nrix\">16<\/td>\n<td class=\"tg-nrix\">228 \u00d7 0.30<\/td>\n<td class=\"tg-nrix\">0.8<\/td>\n<td class=\"tg-nrix\">7.8\u00b10.5<\/td>\n<td class=\"tg-nrix\">100<\/td>\n<\/tr>\n<tr>\n<td class=\"tg-nrix\">25<\/td>\n<td class=\"tg-nrix\">126 \u00d7 0.40<\/td>\n<td class=\"tg-nrix\">0.8<\/td>\n<td class=\"tg-nrix\">7.8\u571f0.5<\/td>\n<td class=\"tg-nrix\">100<\/td>\n<\/tr>\n<tr>\n<td class=\"tg-nrix\">25<\/td>\n<td class=\"tg-nrix\">196 \u00d7 0.40<\/td>\n<td class=\"tg-nrix\">0.8<\/td>\n<td class=\"tg-nrix\">9.5\u00b10.5<\/td>\n<td class=\"tg-nrix\">100<\/td>\n<\/tr>\n<tr>\n<td class=\"tg-nrix\">35<\/td>\n<td class=\"tg-nrix\">361 \u00d7 0.30<\/td>\n<td class=\"tg-nrix\">0.8<\/td>\n<td class=\"tg-nrix\">9.5\u571f0.5<\/td>\n<td class=\"tg-nrix\">100<\/td>\n<\/tr>\n<tr>\n<td class=\"tg-nrix\">35<\/td>\n<td class=\"tg-nrix\">494 \u00d7 0.30<\/td>\n<td class=\"tg-nrix\">1<\/td>\n<td class=\"tg-nrix\">11.2\u00b11.0<\/td>\n<td class=\"tg-nrix\">100<\/td>\n<\/tr>\n<tr>\n<td class=\"tg-nrix\">50<\/td>\n<td class=\"tg-nrix\">396 \u00d7 0.40<\/td>\n<td class=\"tg-nrix\">1.2<\/td>\n<td class=\"tg-nrix\">13.2\u00b11.0<\/td>\n<td class=\"tg-nrix\">100<\/td>\n<\/tr>\n<tr>\n<td class=\"tg-nrix\">70<\/td>\n<td class=\"tg-nrix\">703 \u00d7 0.30<\/td>\n<td class=\"tg-nrix\">1.2<\/td>\n<td class=\"tg-nrix\">13.2\u00b11.0<\/td>\n<td class=\"tg-nrix\">100<\/td>\n<\/tr>\n<tr>\n<td class=\"tg-nrix\">70<\/td>\n<td class=\"tg-nrix\">551 \u00d7 0.40<\/td>\n<td class=\"tg-nrix\">1.2<\/td>\n<td class=\"tg-nrix\">15.4\u00b1 1.0<\/td>\n<td class=\"tg-nrix\">100<\/td>\n<\/tr>\n<tr>\n<td class=\"tg-nrix\">95<\/td>\n<td class=\"tg-nrix\">988 \u00d7 0.30<\/td>\n<td class=\"tg-nrix\">1.2<\/td>\n<td class=\"tg-nrix\">15.4\u00b1 1.0<\/td>\n<td class=\"tg-nrix\">100<\/td>\n<\/tr>\n<tr>\n<td class=\"tg-nrix\">95<\/td>\n<td class=\"tg-nrix\">760\u00d7 0.40<\/td>\n<td class=\"tg-nrix\">1.2<\/td>\n<td class=\"tg-nrix\">17.4\u00b1 1.0<\/td>\n<td class=\"tg-nrix\">100<\/td>\n<\/tr>\n<\/tbody>\n<\/table>\n<p>Hinweis: Produkte mit anderen Spezifikationen k\u00f6nnen gem\u00e4\u00df der Vereinbarung zwischen dem Lieferanten und dem K\u00e4ufer hergestellt werden.<\/p>\n","protected":false},"excerpt":{"rendered":"<p>Es wird h\u00e4ufig in der Verkabelung von Verbrennungsabz\u00fcgen, Papierfabriken, Glas\u00f6fen, Stahlwerken, Brandschutz, Elektro\u00f6fen, Metallurgie, chemischer Industrie, Elektrizit\u00e4t, Bergbau und anderen Hochtemperaturangelegenheiten verwendet.<\/p>\n","protected":false},"featured_media":13572,"template":"","meta":{"_eb_attr":"","site-sidebar-layout":"default","site-content-layout":"","ast-site-content-layout":"default","site-content-style":"default","site-sidebar-style":"default","ast-global-header-display":"","ast-banner-title-visibility":"","ast-main-header-display":"","ast-hfb-above-header-display":"","ast-hfb-below-header-display":"","ast-hfb-mobile-header-display":"","site-post-title":"","ast-breadcrumbs-content":"","ast-featured-img":"","footer-sml-layout":"","theme-transparent-header-meta":"default","adv-header-id-meta":"","stick-header-meta":"","header-above-stick-meta":"","header-main-stick-meta":"","header-below-stick-meta":"","astra-migrate-meta-layouts":"default","ast-page-background-enabled":"default","ast-page-background-meta":{"desktop":{"background-color":"","background-image":"","background-repeat":"repeat","background-position":"center center","background-size":"auto","background-attachment":"scroll","background-type":"","background-media":"","overlay-type":"","overlay-color":"","overlay-opacity":"","overlay-gradient":""},"tablet":{"background-color":"","background-image":"","background-repeat":"repeat","background-position":"center center","background-size":"auto","background-attachment":"scroll","background-type":"","background-media":"","overlay-type":"","overlay-color":"","overlay-opacity":"","overlay-gradient":""},"mobile":{"background-color":"","background-image":"","background-repeat":"repeat","background-position":"center center","background-size":"auto","background-attachment":"scroll","background-type":"","background-media":"","overlay-type":"","overlay-color":"","overlay-opacity":"","overlay-gradient":""}},"ast-content-background-meta":{"desktop":{"background-color":"var(--ast-global-color-5)","background-image":"","background-repeat":"repeat","background-position":"center center","background-size":"auto","background-attachment":"scroll","background-type":"","background-media":"","overlay-type":"","overlay-color":"","overlay-opacity":"","overlay-gradient":""},"tablet":{"background-color":"var(--ast-global-color-5)","background-image":"","background-repeat":"repeat","background-position":"center center","background-size":"auto","background-attachment":"scroll","background-type":"","background-media":"","overlay-type":"","overlay-color":"","overlay-opacity":"","overlay-gradient":""},"mobile":{"background-color":"var(--ast-global-color-5)","background-image":"","background-repeat":"repeat","background-position":"center center","background-size":"auto","background-attachment":"scroll","background-type":"","background-media":"","overlay-type":"","overlay-color":"","overlay-opacity":"","overlay-gradient":""}}},"product_brand":[],"product_cat":[708,693,694,695,696,697,698,699,691,700,692,1589,702,713],"product_tag":[1651,1649,1650,1518],"class_list":{"0":"post-19972","1":"product","2":"type-product","3":"status-publish","4":"has-post-thumbnail","6":"product_cat-rail-way-de","7":"product_cat-enstandard-cable-de","8":"product_cat-en50264-de","9":"product_cat-en50306-de","10":"product_cat-en50382-de","11":"product_cat-high-temperature-cable-de","12":"product_cat-ice-standard-de","13":"product_cat-lsoh-cable-de","14":"product_cat-aviation-de","15":"product_cat-marine-de","16":"product_cat-customized-cable-de","17":"product_cat-niedertemperaturkabel","18":"product_cat-oil-gas-de","19":"product_cat-wind-power-de","20":"product_tag-begriff-entfernen-hochtemperaturkabel-hochtemperaturkabel-gn500","21":"product_tag-feuerbestandiger-draht-rauchhalogenfrei-flammhemmend-gn500","22":"product_tag-gn500-de","23":"product_tag-hochtemperaturkabel","24":"desktop-align-center","25":"tablet-align-left","26":"mobile-align-left","28":"first","29":"instock","30":"shipping-taxable","31":"product-type-simple"},"yoast_head":"<!-- This site is optimized with the Yoast SEO plugin v27.4 - https:\/\/yoast.com\/product\/yoast-seo-wordpress\/ -->\n<title>Feuerbest\u00e4ndiger Draht, rauchhalogenfrei, flammhemmend GN500<\/title>\n<meta name=\"description\" content=\"Es wird h\u00e4ufig in der Verkabelung von Verbrennungsabz\u00fcgen, Papierfabriken, Glas\u00f6fen, Stahlwerken, Brandschutz, Elektro\u00f6fen, Metallurgie, chemischer Industrie, Elektrizit\u00e4t, Bergbau und anderen Hochtemperaturangelegenheiten verwendet.\" \/>\n<meta name=\"robots\" content=\"index, follow, max-snippet:-1, max-image-preview:large, max-video-preview:-1\" \/>\n<link rel=\"canonical\" href=\"https:\/\/www.tstcables.com\/de\/produkt\/feuerbestaendiger-draht-und-kabel-raucharmes-halogenfreies-flammhemmendes-kabel\/\" \/>\n<meta property=\"og:locale\" content=\"de_DE\" \/>\n<meta property=\"og:type\" content=\"article\" \/>\n<meta property=\"og:title\" content=\"Feuerbest\u00e4ndiger Draht, rauchhalogenfrei, flammhemmend GN500\" \/>\n<meta property=\"og:description\" content=\"Es wird h\u00e4ufig in der Verkabelung von Verbrennungsabz\u00fcgen, Papierfabriken, Glas\u00f6fen, Stahlwerken, Brandschutz, Elektro\u00f6fen, Metallurgie, chemischer Industrie, Elektrizit\u00e4t, Bergbau und anderen Hochtemperaturangelegenheiten verwendet.\" \/>\n<meta property=\"og:url\" content=\"https:\/\/www.tstcables.com\/de\/produkt\/feuerbestaendiger-draht-und-kabel-raucharmes-halogenfreies-flammhemmendes-kabel\/\" \/>\n<meta property=\"og:site_name\" content=\"TST CABLES supplier &amp; Manufacture\" \/>\n<meta property=\"og:image\" content=\"https:\/\/www.tstcables.com\/wp-content\/uploads\/2024\/03\/4-19.jpg\" \/>\n\t<meta property=\"og:image:width\" content=\"750\" \/>\n\t<meta property=\"og:image:height\" content=\"750\" \/>\n\t<meta property=\"og:image:type\" content=\"image\/jpeg\" \/>\n<meta name=\"twitter:card\" content=\"summary_large_image\" \/>\n<meta name=\"twitter:label1\" content=\"Gesch\u00e4tzte Lesezeit\" \/>\n\t<meta name=\"twitter:data1\" content=\"1\u00a0Minute\" \/>\n<script type=\"application\/ld+json\" class=\"yoast-schema-graph\">{\"@context\":\"https:\\\/\\\/schema.org\",\"@graph\":[{\"@type\":\"WebPage\",\"@id\":\"https:\\\/\\\/www.tstcables.com\\\/de\\\/produkt\\\/feuerbestaendiger-draht-und-kabel-raucharmes-halogenfreies-flammhemmendes-kabel\\\/\",\"url\":\"https:\\\/\\\/www.tstcables.com\\\/de\\\/produkt\\\/feuerbestaendiger-draht-und-kabel-raucharmes-halogenfreies-flammhemmendes-kabel\\\/\",\"name\":\"Feuerbest\u00e4ndiger Draht, rauchhalogenfrei, flammhemmend GN500\",\"isPartOf\":{\"@id\":\"https:\\\/\\\/www.tstcables.com\\\/de\\\/#website\"},\"primaryImageOfPage\":{\"@id\":\"https:\\\/\\\/www.tstcables.com\\\/de\\\/produkt\\\/feuerbestaendiger-draht-und-kabel-raucharmes-halogenfreies-flammhemmendes-kabel\\\/#primaryimage\"},\"image\":{\"@id\":\"https:\\\/\\\/www.tstcables.com\\\/de\\\/produkt\\\/feuerbestaendiger-draht-und-kabel-raucharmes-halogenfreies-flammhemmendes-kabel\\\/#primaryimage\"},\"thumbnailUrl\":\"https:\\\/\\\/www.tstcables.com\\\/wp-content\\\/uploads\\\/2024\\\/03\\\/4-19.jpg\",\"datePublished\":\"2024-03-22T06:58:58+00:00\",\"description\":\"Es wird h\u00e4ufig in der Verkabelung von Verbrennungsabz\u00fcgen, Papierfabriken, Glas\u00f6fen, Stahlwerken, Brandschutz, Elektro\u00f6fen, Metallurgie, chemischer Industrie, Elektrizit\u00e4t, Bergbau und anderen Hochtemperaturangelegenheiten verwendet.\",\"breadcrumb\":{\"@id\":\"https:\\\/\\\/www.tstcables.com\\\/de\\\/produkt\\\/feuerbestaendiger-draht-und-kabel-raucharmes-halogenfreies-flammhemmendes-kabel\\\/#breadcrumb\"},\"inLanguage\":\"de\",\"potentialAction\":[{\"@type\":\"ReadAction\",\"target\":[\"https:\\\/\\\/www.tstcables.com\\\/de\\\/produkt\\\/feuerbestaendiger-draht-und-kabel-raucharmes-halogenfreies-flammhemmendes-kabel\\\/\"]}]},{\"@type\":\"ImageObject\",\"inLanguage\":\"de\",\"@id\":\"https:\\\/\\\/www.tstcables.com\\\/de\\\/produkt\\\/feuerbestaendiger-draht-und-kabel-raucharmes-halogenfreies-flammhemmendes-kabel\\\/#primaryimage\",\"url\":\"https:\\\/\\\/www.tstcables.com\\\/wp-content\\\/uploads\\\/2024\\\/03\\\/4-19.jpg\",\"contentUrl\":\"https:\\\/\\\/www.tstcables.com\\\/wp-content\\\/uploads\\\/2024\\\/03\\\/4-19.jpg\",\"width\":750,\"height\":750,\"caption\":\"Fire-resistant wire smoke halogen-free flame retardant GN500\"},{\"@type\":\"BreadcrumbList\",\"@id\":\"https:\\\/\\\/www.tstcables.com\\\/de\\\/produkt\\\/feuerbestaendiger-draht-und-kabel-raucharmes-halogenfreies-flammhemmendes-kabel\\\/#breadcrumb\",\"itemListElement\":[{\"@type\":\"ListItem\",\"position\":1,\"name\":\"\u9996\u9875\",\"item\":\"https:\\\/\\\/www.tstcables.com\\\/de\\\/\"},{\"@type\":\"ListItem\",\"position\":2,\"name\":\"Product\",\"item\":\"https:\\\/\\\/www.tstcables.com\\\/product\\\/\"},{\"@type\":\"ListItem\",\"position\":3,\"name\":\"Feuerbest\u00e4ndiger Draht und Kabel, raucharmes, halogenfreies, flammhemmendes Kabel\"}]},{\"@type\":\"WebSite\",\"@id\":\"https:\\\/\\\/www.tstcables.com\\\/de\\\/#website\",\"url\":\"https:\\\/\\\/www.tstcables.com\\\/de\\\/\",\"name\":\"TST Cable supplier & Manufacture\",\"description\":\"TST CABLES  supplier &amp; Manufacture official website\",\"publisher\":{\"@id\":\"https:\\\/\\\/www.tstcables.com\\\/de\\\/#organization\"},\"potentialAction\":[{\"@type\":\"SearchAction\",\"target\":{\"@type\":\"EntryPoint\",\"urlTemplate\":\"https:\\\/\\\/www.tstcables.com\\\/de\\\/?s={search_term_string}\"},\"query-input\":{\"@type\":\"PropertyValueSpecification\",\"valueRequired\":true,\"valueName\":\"search_term_string\"}}],\"inLanguage\":\"de\"},{\"@type\":\"Organization\",\"@id\":\"https:\\\/\\\/www.tstcables.com\\\/de\\\/#organization\",\"name\":\"TST Cable supplier & Manufacture\",\"url\":\"https:\\\/\\\/www.tstcables.com\\\/de\\\/\",\"logo\":{\"@type\":\"ImageObject\",\"inLanguage\":\"de\",\"@id\":\"https:\\\/\\\/www.tstcables.com\\\/de\\\/#\\\/schema\\\/logo\\\/image\\\/\",\"url\":\"https:\\\/\\\/www.tstcables.com\\\/wp-content\\\/uploads\\\/2024\\\/04\\\/cropped-\u753b\u677f-1-\u62f7\u8d1d-4-1.png\",\"contentUrl\":\"https:\\\/\\\/www.tstcables.com\\\/wp-content\\\/uploads\\\/2024\\\/04\\\/cropped-\u753b\u677f-1-\u62f7\u8d1d-4-1.png\",\"width\":300,\"height\":100,\"caption\":\"TST Cable supplier & Manufacture\"},\"image\":{\"@id\":\"https:\\\/\\\/www.tstcables.com\\\/de\\\/#\\\/schema\\\/logo\\\/image\\\/\"}}]}<\/script>\n<!-- \/ Yoast SEO plugin. -->","yoast_head_json":{"title":"Feuerbest\u00e4ndiger Draht, rauchhalogenfrei, flammhemmend GN500","description":"Es wird h\u00e4ufig in der Verkabelung von Verbrennungsabz\u00fcgen, Papierfabriken, Glas\u00f6fen, Stahlwerken, Brandschutz, Elektro\u00f6fen, Metallurgie, chemischer Industrie, Elektrizit\u00e4t, Bergbau und anderen Hochtemperaturangelegenheiten verwendet.","robots":{"index":"index","follow":"follow","max-snippet":"max-snippet:-1","max-image-preview":"max-image-preview:large","max-video-preview":"max-video-preview:-1"},"canonical":"https:\/\/www.tstcables.com\/de\/produkt\/feuerbestaendiger-draht-und-kabel-raucharmes-halogenfreies-flammhemmendes-kabel\/","og_locale":"de_DE","og_type":"article","og_title":"Feuerbest\u00e4ndiger Draht, rauchhalogenfrei, flammhemmend GN500","og_description":"Es wird h\u00e4ufig in der Verkabelung von Verbrennungsabz\u00fcgen, Papierfabriken, Glas\u00f6fen, Stahlwerken, Brandschutz, Elektro\u00f6fen, Metallurgie, chemischer Industrie, Elektrizit\u00e4t, Bergbau und anderen Hochtemperaturangelegenheiten verwendet.","og_url":"https:\/\/www.tstcables.com\/de\/produkt\/feuerbestaendiger-draht-und-kabel-raucharmes-halogenfreies-flammhemmendes-kabel\/","og_site_name":"TST CABLES supplier &amp; Manufacture","og_image":[{"width":750,"height":750,"url":"https:\/\/www.tstcables.com\/wp-content\/uploads\/2024\/03\/4-19.jpg","type":"image\/jpeg"}],"twitter_card":"summary_large_image","twitter_misc":{"Gesch\u00e4tzte Lesezeit":"1\u00a0Minute"},"schema":{"@context":"https:\/\/schema.org","@graph":[{"@type":"WebPage","@id":"https:\/\/www.tstcables.com\/de\/produkt\/feuerbestaendiger-draht-und-kabel-raucharmes-halogenfreies-flammhemmendes-kabel\/","url":"https:\/\/www.tstcables.com\/de\/produkt\/feuerbestaendiger-draht-und-kabel-raucharmes-halogenfreies-flammhemmendes-kabel\/","name":"Feuerbest\u00e4ndiger Draht, rauchhalogenfrei, flammhemmend GN500","isPartOf":{"@id":"https:\/\/www.tstcables.com\/de\/#website"},"primaryImageOfPage":{"@id":"https:\/\/www.tstcables.com\/de\/produkt\/feuerbestaendiger-draht-und-kabel-raucharmes-halogenfreies-flammhemmendes-kabel\/#primaryimage"},"image":{"@id":"https:\/\/www.tstcables.com\/de\/produkt\/feuerbestaendiger-draht-und-kabel-raucharmes-halogenfreies-flammhemmendes-kabel\/#primaryimage"},"thumbnailUrl":"https:\/\/www.tstcables.com\/wp-content\/uploads\/2024\/03\/4-19.jpg","datePublished":"2024-03-22T06:58:58+00:00","description":"Es wird h\u00e4ufig in der Verkabelung von Verbrennungsabz\u00fcgen, Papierfabriken, Glas\u00f6fen, Stahlwerken, Brandschutz, Elektro\u00f6fen, Metallurgie, chemischer Industrie, Elektrizit\u00e4t, Bergbau und anderen Hochtemperaturangelegenheiten verwendet.","breadcrumb":{"@id":"https:\/\/www.tstcables.com\/de\/produkt\/feuerbestaendiger-draht-und-kabel-raucharmes-halogenfreies-flammhemmendes-kabel\/#breadcrumb"},"inLanguage":"de","potentialAction":[{"@type":"ReadAction","target":["https:\/\/www.tstcables.com\/de\/produkt\/feuerbestaendiger-draht-und-kabel-raucharmes-halogenfreies-flammhemmendes-kabel\/"]}]},{"@type":"ImageObject","inLanguage":"de","@id":"https:\/\/www.tstcables.com\/de\/produkt\/feuerbestaendiger-draht-und-kabel-raucharmes-halogenfreies-flammhemmendes-kabel\/#primaryimage","url":"https:\/\/www.tstcables.com\/wp-content\/uploads\/2024\/03\/4-19.jpg","contentUrl":"https:\/\/www.tstcables.com\/wp-content\/uploads\/2024\/03\/4-19.jpg","width":750,"height":750,"caption":"Fire-resistant wire smoke halogen-free flame retardant GN500"},{"@type":"BreadcrumbList","@id":"https:\/\/www.tstcables.com\/de\/produkt\/feuerbestaendiger-draht-und-kabel-raucharmes-halogenfreies-flammhemmendes-kabel\/#breadcrumb","itemListElement":[{"@type":"ListItem","position":1,"name":"\u9996\u9875","item":"https:\/\/www.tstcables.com\/de\/"},{"@type":"ListItem","position":2,"name":"Product","item":"https:\/\/www.tstcables.com\/product\/"},{"@type":"ListItem","position":3,"name":"Feuerbest\u00e4ndiger Draht und Kabel, raucharmes, halogenfreies, flammhemmendes Kabel"}]},{"@type":"WebSite","@id":"https:\/\/www.tstcables.com\/de\/#website","url":"https:\/\/www.tstcables.com\/de\/","name":"TST Cable supplier & Manufacture","description":"TST CABLES  supplier &amp; Manufacture official website","publisher":{"@id":"https:\/\/www.tstcables.com\/de\/#organization"},"potentialAction":[{"@type":"SearchAction","target":{"@type":"EntryPoint","urlTemplate":"https:\/\/www.tstcables.com\/de\/?s={search_term_string}"},"query-input":{"@type":"PropertyValueSpecification","valueRequired":true,"valueName":"search_term_string"}}],"inLanguage":"de"},{"@type":"Organization","@id":"https:\/\/www.tstcables.com\/de\/#organization","name":"TST Cable supplier & Manufacture","url":"https:\/\/www.tstcables.com\/de\/","logo":{"@type":"ImageObject","inLanguage":"de","@id":"https:\/\/www.tstcables.com\/de\/#\/schema\/logo\/image\/","url":"https:\/\/www.tstcables.com\/wp-content\/uploads\/2024\/04\/cropped-\u753b\u677f-1-\u62f7\u8d1d-4-1.png","contentUrl":"https:\/\/www.tstcables.com\/wp-content\/uploads\/2024\/04\/cropped-\u753b\u677f-1-\u62f7\u8d1d-4-1.png","width":300,"height":100,"caption":"TST Cable supplier & Manufacture"},"image":{"@id":"https:\/\/www.tstcables.com\/de\/#\/schema\/logo\/image\/"}}]}},"_links":{"self":[{"href":"https:\/\/www.tstcables.com\/de\/wp-json\/wp\/v2\/product\/19972","targetHints":{"allow":["GET"]}}],"collection":[{"href":"https:\/\/www.tstcables.com\/de\/wp-json\/wp\/v2\/product"}],"about":[{"href":"https:\/\/www.tstcables.com\/de\/wp-json\/wp\/v2\/types\/product"}],"version-history":[{"count":0,"href":"https:\/\/www.tstcables.com\/de\/wp-json\/wp\/v2\/product\/19972\/revisions"}],"wp:featuredmedia":[{"embeddable":true,"href":"https:\/\/www.tstcables.com\/de\/wp-json\/wp\/v2\/media\/13572"}],"wp:attachment":[{"href":"https:\/\/www.tstcables.com\/de\/wp-json\/wp\/v2\/media?parent=19972"}],"wp:term":[{"taxonomy":"product_brand","embeddable":true,"href":"https:\/\/www.tstcables.com\/de\/wp-json\/wp\/v2\/product_brand?post=19972"},{"taxonomy":"product_cat","embeddable":true,"href":"https:\/\/www.tstcables.com\/de\/wp-json\/wp\/v2\/product_cat?post=19972"},{"taxonomy":"product_tag","embeddable":true,"href":"https:\/\/www.tstcables.com\/de\/wp-json\/wp\/v2\/product_tag?post=19972"}],"curies":[{"name":"wp","href":"https:\/\/api.w.org\/{rel}","templated":true}]}}