{"id":19993,"date":"2024-03-22T08:55:52","date_gmt":"2024-03-22T00:55:52","guid":{"rendered":"https:\/\/www.tstcables.com\/product\/ptfe-teflon-kabel-250%e2%84%83-hitzebestaendig-salz-und-alkalibestaendiges-kabel-afr250\/"},"modified":"2024-03-22T08:55:52","modified_gmt":"2024-03-22T00:55:52","slug":"ptfe-teflon-kabel-250%e2%84%83-hitzebestaendig-salz-und-alkalibestaendiges-kabel-afr250","status":"publish","type":"product","link":"https:\/\/www.tstcables.com\/de\/produkt\/ptfe-teflon-kabel-250%e2%84%83-hitzebestaendig-salz-und-alkalibestaendiges-kabel-afr250\/","title":{"rendered":"PTFE\/Teflon-Kabel 250\u2103 hitzebest\u00e4ndig Salz- und alkalibest\u00e4ndiges Kabel AFR250"},"content":{"rendered":"<p><strong>Produktmodell:<\/strong><\/p>\n<ul>\n<li>AFR250<\/li>\n<\/ul>\n<p><strong>Industriestandard:<\/strong><\/p>\n<ul>\n<li>Q31\/0114000209C025-2017<\/li>\n<\/ul>\n<p><strong>Produktmerkmale:<\/strong><br \/>\n1. Nennspannung: 250 V<br \/>\n2. Arbeitstemperatur: -65~+250\u2103<br \/>\n3. Leiter: massiver Kern oder verseilter versilberter Kupferdraht<br \/>\n4. Isolierung: Teflon mit PTFE-Band umwickelt<br \/>\n5. Farbe: Rot\/Gelb\/Blau\/Wei\u00df\/Schwarz\/Gelbgr\u00fcn\/Braun usw. Die Farben k\u00f6nnen je nach Bedarf angepasst werden<\/p>\n<p><strong>Funktionen\/Verwendungen:<\/strong><br \/>\nEs verf\u00fcgt \u00fcber eine ausgezeichnete Korrosionsbest\u00e4ndigkeit, \u00d6lbest\u00e4ndigkeit, starke S\u00e4urebest\u00e4ndigkeit, starke Alkalibest\u00e4ndigkeit, starke Oxidationsmittelbest\u00e4ndigkeit usw.; Es verf\u00fcgt \u00fcber hervorragende elektrische Isolationseigenschaften, hohe Spannungsbest\u00e4ndigkeit, geringe Hochfrequenzverluste, keine Feuchtigkeitsaufnahme und einen hohen Isolationswiderstand. Es verf\u00fcgt \u00fcber eine ausgezeichnete Flammwidrigkeit, Alterungsbest\u00e4ndigkeit und lange Lebensdauer. In der Elektronikindustrie kann es f\u00fcr Temperaturkompensationsdr\u00e4hte, niedrigtemperaturbest\u00e4ndige Dr\u00e4hte, Hochtemperatur-Heizdr\u00e4hte, alterungsbest\u00e4ndige Dr\u00e4hte und flammhemmende Dr\u00e4hte verwendet werden. In der Haushaltsger\u00e4teindustrie kann es f\u00fcr Klimaanlagen, Mikrowellenherde, elektronische Desinfektionsschr\u00e4nke, Reiskocher, elektronische W\u00e4rmflaschen, elektrische Innenverkabelung von Heizger\u00e4ten, Elektro\u00f6fen, Elektro-Woks, Beleuchtung, Kreisbeleuchtung usw. verwendet werden. Lieferbedingungen: Gem\u00e4\u00df der vertraglichen Vereinbarung zwischen den beiden Parteien ist eine Kurzstreckenlieferung von mindestens 10 Metern zul\u00e4ssig, wobei die Menge 10 % der Gesamtlieferl\u00e4nge nicht \u00fcberschreiten darf.<\/p>\n<p><strong>Spezifikationsstruktur und technische Parameter:<\/strong><\/p>\n<style type=\"text\/css\">\n.tg  {border-collapse:collapse;border-spacing:0;}<br \/>.tg td{border-color:black;border-style:solid;border-width:1px;font-family:Arial, sans-serif;font-size:14px;<br \/>  overflow:hidden;padding:10px 5px;word-break:normal;}<br \/>.tg th{border-color:black;border-style:solid;border-width:1px;font-family:Arial, sans-serif;font-size:14px;<br \/>  font-weight:normal;overflow:hidden;padding:10px 5px;word-break:normal;}<br \/>.tg .tg-pb0m{border-color:inherit;text-align:center;vertical-align:bottom}<br \/>.tg .tg-c3ow{border-color:inherit;text-align:center;vertical-align:top}<br \/>.tg .tg-fr9f{background-color:#FFF;border-color:inherit;color:#333;font-weight:bold;text-align:center;vertical-align:top}<br \/>.tg .tg-0pky{border-color:inherit;text-align:left;vertical-align:top}<br \/><\/style>\n<table class=\"tg\">\n<thead>\n<tr>\n<th class=\"tg-fr9f\">Nominelles Kreuz<br \/>\nQuerschnitt (mm2)<\/th>\n<th class=\"tg-fr9f\">Leiterstruktur<br \/>\nAnzahl der Dr\u00e4hte\/<br \/>\nDrahtdurchmesser (mm)<\/th>\n<th class=\"tg-fr9f\">Isolierung<br \/>\nDicke (mm)<\/th>\n<th class=\"tg-fr9f\">Durchschnittlich au\u00dfen<br \/>\nDurchmesser (mm)<\/th>\n<th class=\"tg-fr9f\">Leiter DC<br \/>\nStrom (S2\/km)<br \/>\nbei 20\u2103<\/th>\n<th class=\"tg-fr9f\">Verpackung<br \/>\nL\u00e4nge (m)<\/th>\n<\/tr>\n<\/thead>\n<tbody>\n<tr>\n<td class=\"tg-pb0m\">0.035<\/td>\n<td class=\"tg-c3ow\">7\/0.08<\/td>\n<td class=\"tg-pb0m\">0.15<\/td>\n<td class=\"tg-pb0m\">0.52<\/td>\n<td class=\"tg-pb0m\">525<\/td>\n<td class=\"tg-pb0m\">200<\/td>\n<\/tr>\n<tr>\n<td class=\"tg-pb0m\">0.07<\/td>\n<td class=\"tg-c3ow\">14\/0.08<\/td>\n<td class=\"tg-pb0m\">0.15<\/td>\n<td class=\"tg-pb0m\">0.62<\/td>\n<td class=\"tg-pb0m\">245<\/td>\n<td class=\"tg-pb0m\">200<\/td>\n<\/tr>\n<tr>\n<td class=\"tg-pb0m\">0.1<\/td>\n<td class=\"tg-c3ow\">21\/0.08<\/td>\n<td class=\"tg-pb0m\">0.15<\/td>\n<td class=\"tg-pb0m\">0.72<\/td>\n<td class=\"tg-pb0m\">227<\/td>\n<td class=\"tg-pb0m\">200<\/td>\n<\/tr>\n<tr>\n<td class=\"tg-pb0m\">0.12<\/td>\n<td class=\"tg-c3ow\">24\/0.08<\/td>\n<td class=\"tg-pb0m\">0.15<\/td>\n<td class=\"tg-pb0m\">0.9<\/td>\n<td class=\"tg-pb0m\">175<\/td>\n<td class=\"tg-pb0m\">200<\/td>\n<\/tr>\n<tr>\n<td class=\"tg-pb0m\">0.15<\/td>\n<td class=\"tg-c3ow\">30\/0.08<\/td>\n<td class=\"tg-pb0m\">0.15<\/td>\n<td class=\"tg-pb0m\">0.8<\/td>\n<td class=\"tg-pb0m\">125<\/td>\n<td class=\"tg-pb0m\">200<\/td>\n<\/tr>\n<tr>\n<td class=\"tg-pb0m\">0.2<\/td>\n<td class=\"tg-c3ow\">42\/0.08<\/td>\n<td class=\"tg-pb0m\">0.15<\/td>\n<td class=\"tg-pb0m\">0.9<\/td>\n<td class=\"tg-pb0m\">95<\/td>\n<td class=\"tg-pb0m\">200<\/td>\n<\/tr>\n<tr>\n<td class=\"tg-pb0m\">0.3<\/td>\n<td class=\"tg-c3ow\">62\/0.08<\/td>\n<td class=\"tg-pb0m\">0.15<\/td>\n<td class=\"tg-pb0m\">1.05<\/td>\n<td class=\"tg-pb0m\">80<\/td>\n<td class=\"tg-pb0m\">200<\/td>\n<\/tr>\n<tr>\n<td class=\"tg-pb0m\">0.35<\/td>\n<td class=\"tg-c3ow\">75\/0.08<\/td>\n<td class=\"tg-pb0m\">0.15<\/td>\n<td class=\"tg-pb0m\">1.2<\/td>\n<td class=\"tg-pb0m\">57<\/td>\n<td class=\"tg-pb0m\">200<\/td>\n<\/tr>\n<tr>\n<td class=\"tg-pb0m\">0.5<\/td>\n<td class=\"tg-c3ow\">105\/0.08<\/td>\n<td class=\"tg-pb0m\">0.15<\/td>\n<td class=\"tg-pb0m\">1.3<\/td>\n<td class=\"tg-pb0m\">42<\/td>\n<td class=\"tg-pb0m\">200<\/td>\n<\/tr>\n<tr>\n<td class=\"tg-pb0m\">0.75<\/td>\n<td class=\"tg-c3ow\">150\/0.08<\/td>\n<td class=\"tg-pb0m\">0.15<\/td>\n<td class=\"tg-pb0m\">1.5<\/td>\n<td class=\"tg-pb0m\">24<\/td>\n<td class=\"tg-pb0m\">200<\/td>\n<\/tr>\n<tr>\n<td class=\"tg-pb0m\">1<\/td>\n<td class=\"tg-c3ow\">200\/0.08<\/td>\n<td class=\"tg-pb0m\">0.2<\/td>\n<td class=\"tg-pb0m\">1.7<\/td>\n<td class=\"tg-pb0m\">19<\/td>\n<td class=\"tg-pb0m\">200<\/td>\n<\/tr>\n<tr>\n<td class=\"tg-pb0m\">2<\/td>\n<td class=\"tg-c3ow\">400\/0.08<\/td>\n<td class=\"tg-pb0m\">0.2<\/td>\n<td class=\"tg-pb0m\">2.3<\/td>\n<td class=\"tg-pb0m\">9.6<\/td>\n<td class=\"tg-pb0m\">200<\/td>\n<\/tr>\n<tr>\n<td class=\"tg-0pky\" colspan=\"6\">Hinweis: Die TST-Kabelfabrik kann gem\u00e4\u00df der Vereinbarung zwischen Lieferant und K\u00e4ufer Produkte mit anderen Spezifikationen herstellen.<\/td>\n<\/tr>\n<\/tbody>\n<\/table>\n","protected":false},"excerpt":{"rendered":"<p>Es verf\u00fcgt \u00fcber eine ausgezeichnete Korrosionsbest\u00e4ndigkeit, \u00d6lbest\u00e4ndigkeit, starke S\u00e4urebest\u00e4ndigkeit, starke Alkalibest\u00e4ndigkeit, starke Oxidationsmittelbest\u00e4ndigkeit usw.; Es verf\u00fcgt \u00fcber hervorragende elektrische Isolationseigenschaften, hohe Spannungsbest\u00e4ndigkeit, geringe Hochfrequenzverluste, keine Feuchtigkeitsaufnahme und einen hohen Isolationswiderstand. Es verf\u00fcgt \u00fcber eine ausgezeichnete Flammwidrigkeit, Alterungsbest\u00e4ndigkeit und lange Lebensdauer. In der Elektronikindustrie kann es f\u00fcr Temperaturkompensationsdr\u00e4hte, niedrigtemperaturbest\u00e4ndige Dr\u00e4hte, Hochtemperatur-Heizdr\u00e4hte, alterungsbest\u00e4ndige Dr\u00e4hte und flammhemmende Dr\u00e4hte verwendet werden.<\/p>\n","protected":false},"featured_media":13722,"template":"","meta":{"_eb_attr":"","site-sidebar-layout":"default","site-content-layout":"","ast-site-content-layout":"default","site-content-style":"default","site-sidebar-style":"default","ast-global-header-display":"","ast-banner-title-visibility":"","ast-main-header-display":"","ast-hfb-above-header-display":"","ast-hfb-below-header-display":"","ast-hfb-mobile-header-display":"","site-post-title":"","ast-breadcrumbs-content":"","ast-featured-img":"","footer-sml-layout":"","theme-transparent-header-meta":"default","adv-header-id-meta":"","stick-header-meta":"","header-above-stick-meta":"","header-main-stick-meta":"","header-below-stick-meta":"","astra-migrate-meta-layouts":"default","ast-page-background-enabled":"default","ast-page-background-meta":{"desktop":{"background-color":"","background-image":"","background-repeat":"repeat","background-position":"center center","background-size":"auto","background-attachment":"scroll","background-type":"","background-media":"","overlay-type":"","overlay-color":"","overlay-opacity":"","overlay-gradient":""},"tablet":{"background-color":"","background-image":"","background-repeat":"repeat","background-position":"center center","background-size":"auto","background-attachment":"scroll","background-type":"","background-media":"","overlay-type":"","overlay-color":"","overlay-opacity":"","overlay-gradient":""},"mobile":{"background-color":"","background-image":"","background-repeat":"repeat","background-position":"center center","background-size":"auto","background-attachment":"scroll","background-type":"","background-media":"","overlay-type":"","overlay-color":"","overlay-opacity":"","overlay-gradient":""}},"ast-content-background-meta":{"desktop":{"background-color":"var(--ast-global-color-5)","background-image":"","background-repeat":"repeat","background-position":"center center","background-size":"auto","background-attachment":"scroll","background-type":"","background-media":"","overlay-type":"","overlay-color":"","overlay-opacity":"","overlay-gradient":""},"tablet":{"background-color":"var(--ast-global-color-5)","background-image":"","background-repeat":"repeat","background-position":"center center","background-size":"auto","background-attachment":"scroll","background-type":"","background-media":"","overlay-type":"","overlay-color":"","overlay-opacity":"","overlay-gradient":""},"mobile":{"background-color":"var(--ast-global-color-5)","background-image":"","background-repeat":"repeat","background-position":"center center","background-size":"auto","background-attachment":"scroll","background-type":"","background-media":"","overlay-type":"","overlay-color":"","overlay-opacity":"","overlay-gradient":""}}},"product_brand":[],"product_cat":[708,693,697,698,1515,691,700,701,702,1585,710,713],"product_tag":[1672,1674,1673],"class_list":{"0":"post-19993","1":"product","2":"type-product","3":"status-publish","4":"has-post-thumbnail","6":"product_cat-rail-way-de","7":"product_cat-enstandard-cable-de","8":"product_cat-high-temperature-cable-de","9":"product_cat-ice-standard-de","10":"product_cat-leichtes-kabel","11":"product_cat-aviation-de","12":"product_cat-marine-de","13":"product_cat-nuclear-de","14":"product_cat-oil-gas-de","15":"product_cat-salzalkalibestandiges-kabel","16":"product_cat-teflon-cable-de","17":"product_cat-wind-power-de","18":"product_tag-afr250-de","19":"product_tag-ptfe-band-afr250","20":"product_tag-teflon-afr250-de","21":"desktop-align-center","22":"tablet-align-left","23":"mobile-align-left","25":"first","26":"instock","27":"shipping-taxable","28":"product-type-simple"},"yoast_head":"<!-- This site is optimized with the Yoast SEO plugin v27.5 - https:\/\/yoast.com\/product\/yoast-seo-wordpress\/ -->\n<title>Mit PTFE-Band umwickeltes Teflon AFR250<\/title>\n<meta name=\"description\" content=\"Es verf\u00fcgt \u00fcber eine ausgezeichnete Korrosionsbest\u00e4ndigkeit, \u00d6lbest\u00e4ndigkeit, starke S\u00e4urebest\u00e4ndigkeit, starke Alkalibest\u00e4ndigkeit, starke Oxidationsmittelbest\u00e4ndigkeit usw.; Es verf\u00fcgt \u00fcber hervorragende elektrische Isolationseigenschaften, hohe Spannungsbest\u00e4ndigkeit, geringe Hochfrequenzverluste, keine Feuchtigkeitsaufnahme und einen hohen Isolationswiderstand. Es verf\u00fcgt \u00fcber eine ausgezeichnete Flammwidrigkeit, Alterungsbest\u00e4ndigkeit und lange Lebensdauer.\" \/>\n<meta name=\"robots\" content=\"index, follow, max-snippet:-1, max-image-preview:large, max-video-preview:-1\" \/>\n<link rel=\"canonical\" href=\"https:\/\/www.tstcables.com\/de\/produkt\/ptfe-teflon-kabel-250%e2%84%83-hitzebestaendig-salz-und-alkalibestaendiges-kabel-afr250\/\" \/>\n<meta property=\"og:locale\" content=\"de_DE\" \/>\n<meta property=\"og:type\" content=\"article\" \/>\n<meta property=\"og:title\" content=\"Mit PTFE-Band umwickeltes Teflon AFR250\" \/>\n<meta property=\"og:description\" content=\"Es verf\u00fcgt \u00fcber eine ausgezeichnete Korrosionsbest\u00e4ndigkeit, \u00d6lbest\u00e4ndigkeit, starke S\u00e4urebest\u00e4ndigkeit, starke Alkalibest\u00e4ndigkeit, starke Oxidationsmittelbest\u00e4ndigkeit usw.; Es verf\u00fcgt \u00fcber hervorragende elektrische Isolationseigenschaften, hohe Spannungsbest\u00e4ndigkeit, geringe Hochfrequenzverluste, keine Feuchtigkeitsaufnahme und einen hohen Isolationswiderstand. Es verf\u00fcgt \u00fcber eine ausgezeichnete Flammwidrigkeit, Alterungsbest\u00e4ndigkeit und lange Lebensdauer.\" \/>\n<meta property=\"og:url\" content=\"https:\/\/www.tstcables.com\/de\/produkt\/ptfe-teflon-kabel-250%e2%84%83-hitzebestaendig-salz-und-alkalibestaendiges-kabel-afr250\/\" \/>\n<meta property=\"og:site_name\" content=\"TST CABLES supplier &amp; Manufacture\" \/>\n<meta property=\"og:image\" content=\"https:\/\/www.tstcables.com\/wp-content\/uploads\/2024\/03\/4-20.jpg\" \/>\n\t<meta property=\"og:image:width\" content=\"750\" \/>\n\t<meta property=\"og:image:height\" content=\"750\" \/>\n\t<meta property=\"og:image:type\" content=\"image\/jpeg\" \/>\n<meta name=\"twitter:card\" content=\"summary_large_image\" \/>\n<meta name=\"twitter:label1\" content=\"Gesch\u00e4tzte Lesezeit\" \/>\n\t<meta name=\"twitter:data1\" content=\"1\u00a0Minute\" \/>\n<script type=\"application\/ld+json\" class=\"yoast-schema-graph\">{\"@context\":\"https:\\\/\\\/schema.org\",\"@graph\":[{\"@type\":\"WebPage\",\"@id\":\"https:\\\/\\\/www.tstcables.com\\\/de\\\/produkt\\\/ptfe-teflon-kabel-250%e2%84%83-hitzebestaendig-salz-und-alkalibestaendiges-kabel-afr250\\\/\",\"url\":\"https:\\\/\\\/www.tstcables.com\\\/de\\\/produkt\\\/ptfe-teflon-kabel-250%e2%84%83-hitzebestaendig-salz-und-alkalibestaendiges-kabel-afr250\\\/\",\"name\":\"Mit PTFE-Band umwickeltes Teflon AFR250\",\"isPartOf\":{\"@id\":\"https:\\\/\\\/www.tstcables.com\\\/de\\\/#website\"},\"primaryImageOfPage\":{\"@id\":\"https:\\\/\\\/www.tstcables.com\\\/de\\\/produkt\\\/ptfe-teflon-kabel-250%e2%84%83-hitzebestaendig-salz-und-alkalibestaendiges-kabel-afr250\\\/#primaryimage\"},\"image\":{\"@id\":\"https:\\\/\\\/www.tstcables.com\\\/de\\\/produkt\\\/ptfe-teflon-kabel-250%e2%84%83-hitzebestaendig-salz-und-alkalibestaendiges-kabel-afr250\\\/#primaryimage\"},\"thumbnailUrl\":\"https:\\\/\\\/www.tstcables.com\\\/wp-content\\\/uploads\\\/2024\\\/03\\\/4-20.jpg\",\"datePublished\":\"2024-03-22T00:55:52+00:00\",\"description\":\"Es verf\u00fcgt \u00fcber eine ausgezeichnete Korrosionsbest\u00e4ndigkeit, \u00d6lbest\u00e4ndigkeit, starke S\u00e4urebest\u00e4ndigkeit, starke Alkalibest\u00e4ndigkeit, starke Oxidationsmittelbest\u00e4ndigkeit usw.; Es verf\u00fcgt \u00fcber hervorragende elektrische Isolationseigenschaften, hohe Spannungsbest\u00e4ndigkeit, geringe Hochfrequenzverluste, keine Feuchtigkeitsaufnahme und einen hohen Isolationswiderstand. Es verf\u00fcgt \u00fcber eine ausgezeichnete Flammwidrigkeit, Alterungsbest\u00e4ndigkeit und lange Lebensdauer.\",\"breadcrumb\":{\"@id\":\"https:\\\/\\\/www.tstcables.com\\\/de\\\/produkt\\\/ptfe-teflon-kabel-250%e2%84%83-hitzebestaendig-salz-und-alkalibestaendiges-kabel-afr250\\\/#breadcrumb\"},\"inLanguage\":\"de\",\"potentialAction\":[{\"@type\":\"ReadAction\",\"target\":[\"https:\\\/\\\/www.tstcables.com\\\/de\\\/produkt\\\/ptfe-teflon-kabel-250%e2%84%83-hitzebestaendig-salz-und-alkalibestaendiges-kabel-afr250\\\/\"]}]},{\"@type\":\"ImageObject\",\"inLanguage\":\"de\",\"@id\":\"https:\\\/\\\/www.tstcables.com\\\/de\\\/produkt\\\/ptfe-teflon-kabel-250%e2%84%83-hitzebestaendig-salz-und-alkalibestaendiges-kabel-afr250\\\/#primaryimage\",\"url\":\"https:\\\/\\\/www.tstcables.com\\\/wp-content\\\/uploads\\\/2024\\\/03\\\/4-20.jpg\",\"contentUrl\":\"https:\\\/\\\/www.tstcables.com\\\/wp-content\\\/uploads\\\/2024\\\/03\\\/4-20.jpg\",\"width\":750,\"height\":750,\"caption\":\"PTFE tape wrapped Teflon AFR250\"},{\"@type\":\"BreadcrumbList\",\"@id\":\"https:\\\/\\\/www.tstcables.com\\\/de\\\/produkt\\\/ptfe-teflon-kabel-250%e2%84%83-hitzebestaendig-salz-und-alkalibestaendiges-kabel-afr250\\\/#breadcrumb\",\"itemListElement\":[{\"@type\":\"ListItem\",\"position\":1,\"name\":\"\u9996\u9875\",\"item\":\"https:\\\/\\\/www.tstcables.com\\\/de\\\/\"},{\"@type\":\"ListItem\",\"position\":2,\"name\":\"Product\",\"item\":\"https:\\\/\\\/www.tstcables.com\\\/product\\\/\"},{\"@type\":\"ListItem\",\"position\":3,\"name\":\"PTFE\\\/Teflon-Kabel 250\u2103 hitzebest\u00e4ndig Salz- und alkalibest\u00e4ndiges Kabel AFR250\"}]},{\"@type\":\"WebSite\",\"@id\":\"https:\\\/\\\/www.tstcables.com\\\/de\\\/#website\",\"url\":\"https:\\\/\\\/www.tstcables.com\\\/de\\\/\",\"name\":\"TST Cable supplier & Manufacture\",\"description\":\"TST CABLES  supplier &amp; Manufacture official website\",\"publisher\":{\"@id\":\"https:\\\/\\\/www.tstcables.com\\\/de\\\/#organization\"},\"potentialAction\":[{\"@type\":\"SearchAction\",\"target\":{\"@type\":\"EntryPoint\",\"urlTemplate\":\"https:\\\/\\\/www.tstcables.com\\\/de\\\/?s={search_term_string}\"},\"query-input\":{\"@type\":\"PropertyValueSpecification\",\"valueRequired\":true,\"valueName\":\"search_term_string\"}}],\"inLanguage\":\"de\"},{\"@type\":\"Organization\",\"@id\":\"https:\\\/\\\/www.tstcables.com\\\/de\\\/#organization\",\"name\":\"TST Cable supplier & Manufacture\",\"url\":\"https:\\\/\\\/www.tstcables.com\\\/de\\\/\",\"logo\":{\"@type\":\"ImageObject\",\"inLanguage\":\"de\",\"@id\":\"https:\\\/\\\/www.tstcables.com\\\/de\\\/#\\\/schema\\\/logo\\\/image\\\/\",\"url\":\"https:\\\/\\\/www.tstcables.com\\\/wp-content\\\/uploads\\\/2024\\\/04\\\/cropped-\u753b\u677f-1-\u62f7\u8d1d-4-1.png\",\"contentUrl\":\"https:\\\/\\\/www.tstcables.com\\\/wp-content\\\/uploads\\\/2024\\\/04\\\/cropped-\u753b\u677f-1-\u62f7\u8d1d-4-1.png\",\"width\":300,\"height\":100,\"caption\":\"TST Cable supplier & Manufacture\"},\"image\":{\"@id\":\"https:\\\/\\\/www.tstcables.com\\\/de\\\/#\\\/schema\\\/logo\\\/image\\\/\"}}]}<\/script>\n<!-- \/ Yoast SEO plugin. -->","yoast_head_json":{"title":"Mit PTFE-Band umwickeltes Teflon AFR250","description":"Es verf\u00fcgt \u00fcber eine ausgezeichnete Korrosionsbest\u00e4ndigkeit, \u00d6lbest\u00e4ndigkeit, starke S\u00e4urebest\u00e4ndigkeit, starke Alkalibest\u00e4ndigkeit, starke Oxidationsmittelbest\u00e4ndigkeit usw.; Es verf\u00fcgt \u00fcber hervorragende elektrische Isolationseigenschaften, hohe Spannungsbest\u00e4ndigkeit, geringe Hochfrequenzverluste, keine Feuchtigkeitsaufnahme und einen hohen Isolationswiderstand. Es verf\u00fcgt \u00fcber eine ausgezeichnete Flammwidrigkeit, Alterungsbest\u00e4ndigkeit und lange Lebensdauer.","robots":{"index":"index","follow":"follow","max-snippet":"max-snippet:-1","max-image-preview":"max-image-preview:large","max-video-preview":"max-video-preview:-1"},"canonical":"https:\/\/www.tstcables.com\/de\/produkt\/ptfe-teflon-kabel-250%e2%84%83-hitzebestaendig-salz-und-alkalibestaendiges-kabel-afr250\/","og_locale":"de_DE","og_type":"article","og_title":"Mit PTFE-Band umwickeltes Teflon AFR250","og_description":"Es verf\u00fcgt \u00fcber eine ausgezeichnete Korrosionsbest\u00e4ndigkeit, \u00d6lbest\u00e4ndigkeit, starke S\u00e4urebest\u00e4ndigkeit, starke Alkalibest\u00e4ndigkeit, starke Oxidationsmittelbest\u00e4ndigkeit usw.; Es verf\u00fcgt \u00fcber hervorragende elektrische Isolationseigenschaften, hohe Spannungsbest\u00e4ndigkeit, geringe Hochfrequenzverluste, keine Feuchtigkeitsaufnahme und einen hohen Isolationswiderstand. Es verf\u00fcgt \u00fcber eine ausgezeichnete Flammwidrigkeit, Alterungsbest\u00e4ndigkeit und lange Lebensdauer.","og_url":"https:\/\/www.tstcables.com\/de\/produkt\/ptfe-teflon-kabel-250%e2%84%83-hitzebestaendig-salz-und-alkalibestaendiges-kabel-afr250\/","og_site_name":"TST CABLES supplier &amp; Manufacture","og_image":[{"width":750,"height":750,"url":"https:\/\/www.tstcables.com\/wp-content\/uploads\/2024\/03\/4-20.jpg","type":"image\/jpeg"}],"twitter_card":"summary_large_image","twitter_misc":{"Gesch\u00e4tzte Lesezeit":"1\u00a0Minute"},"schema":{"@context":"https:\/\/schema.org","@graph":[{"@type":"WebPage","@id":"https:\/\/www.tstcables.com\/de\/produkt\/ptfe-teflon-kabel-250%e2%84%83-hitzebestaendig-salz-und-alkalibestaendiges-kabel-afr250\/","url":"https:\/\/www.tstcables.com\/de\/produkt\/ptfe-teflon-kabel-250%e2%84%83-hitzebestaendig-salz-und-alkalibestaendiges-kabel-afr250\/","name":"Mit PTFE-Band umwickeltes Teflon AFR250","isPartOf":{"@id":"https:\/\/www.tstcables.com\/de\/#website"},"primaryImageOfPage":{"@id":"https:\/\/www.tstcables.com\/de\/produkt\/ptfe-teflon-kabel-250%e2%84%83-hitzebestaendig-salz-und-alkalibestaendiges-kabel-afr250\/#primaryimage"},"image":{"@id":"https:\/\/www.tstcables.com\/de\/produkt\/ptfe-teflon-kabel-250%e2%84%83-hitzebestaendig-salz-und-alkalibestaendiges-kabel-afr250\/#primaryimage"},"thumbnailUrl":"https:\/\/www.tstcables.com\/wp-content\/uploads\/2024\/03\/4-20.jpg","datePublished":"2024-03-22T00:55:52+00:00","description":"Es verf\u00fcgt \u00fcber eine ausgezeichnete Korrosionsbest\u00e4ndigkeit, \u00d6lbest\u00e4ndigkeit, starke S\u00e4urebest\u00e4ndigkeit, starke Alkalibest\u00e4ndigkeit, starke Oxidationsmittelbest\u00e4ndigkeit usw.; Es verf\u00fcgt \u00fcber hervorragende elektrische Isolationseigenschaften, hohe Spannungsbest\u00e4ndigkeit, geringe Hochfrequenzverluste, keine Feuchtigkeitsaufnahme und einen hohen Isolationswiderstand. Es verf\u00fcgt \u00fcber eine ausgezeichnete Flammwidrigkeit, Alterungsbest\u00e4ndigkeit und lange Lebensdauer.","breadcrumb":{"@id":"https:\/\/www.tstcables.com\/de\/produkt\/ptfe-teflon-kabel-250%e2%84%83-hitzebestaendig-salz-und-alkalibestaendiges-kabel-afr250\/#breadcrumb"},"inLanguage":"de","potentialAction":[{"@type":"ReadAction","target":["https:\/\/www.tstcables.com\/de\/produkt\/ptfe-teflon-kabel-250%e2%84%83-hitzebestaendig-salz-und-alkalibestaendiges-kabel-afr250\/"]}]},{"@type":"ImageObject","inLanguage":"de","@id":"https:\/\/www.tstcables.com\/de\/produkt\/ptfe-teflon-kabel-250%e2%84%83-hitzebestaendig-salz-und-alkalibestaendiges-kabel-afr250\/#primaryimage","url":"https:\/\/www.tstcables.com\/wp-content\/uploads\/2024\/03\/4-20.jpg","contentUrl":"https:\/\/www.tstcables.com\/wp-content\/uploads\/2024\/03\/4-20.jpg","width":750,"height":750,"caption":"PTFE tape wrapped Teflon AFR250"},{"@type":"BreadcrumbList","@id":"https:\/\/www.tstcables.com\/de\/produkt\/ptfe-teflon-kabel-250%e2%84%83-hitzebestaendig-salz-und-alkalibestaendiges-kabel-afr250\/#breadcrumb","itemListElement":[{"@type":"ListItem","position":1,"name":"\u9996\u9875","item":"https:\/\/www.tstcables.com\/de\/"},{"@type":"ListItem","position":2,"name":"Product","item":"https:\/\/www.tstcables.com\/product\/"},{"@type":"ListItem","position":3,"name":"PTFE\/Teflon-Kabel 250\u2103 hitzebest\u00e4ndig Salz- und alkalibest\u00e4ndiges Kabel AFR250"}]},{"@type":"WebSite","@id":"https:\/\/www.tstcables.com\/de\/#website","url":"https:\/\/www.tstcables.com\/de\/","name":"TST Cable supplier & Manufacture","description":"TST CABLES  supplier &amp; Manufacture official website","publisher":{"@id":"https:\/\/www.tstcables.com\/de\/#organization"},"potentialAction":[{"@type":"SearchAction","target":{"@type":"EntryPoint","urlTemplate":"https:\/\/www.tstcables.com\/de\/?s={search_term_string}"},"query-input":{"@type":"PropertyValueSpecification","valueRequired":true,"valueName":"search_term_string"}}],"inLanguage":"de"},{"@type":"Organization","@id":"https:\/\/www.tstcables.com\/de\/#organization","name":"TST Cable supplier & Manufacture","url":"https:\/\/www.tstcables.com\/de\/","logo":{"@type":"ImageObject","inLanguage":"de","@id":"https:\/\/www.tstcables.com\/de\/#\/schema\/logo\/image\/","url":"https:\/\/www.tstcables.com\/wp-content\/uploads\/2024\/04\/cropped-\u753b\u677f-1-\u62f7\u8d1d-4-1.png","contentUrl":"https:\/\/www.tstcables.com\/wp-content\/uploads\/2024\/04\/cropped-\u753b\u677f-1-\u62f7\u8d1d-4-1.png","width":300,"height":100,"caption":"TST Cable supplier & Manufacture"},"image":{"@id":"https:\/\/www.tstcables.com\/de\/#\/schema\/logo\/image\/"}}]}},"_links":{"self":[{"href":"https:\/\/www.tstcables.com\/de\/wp-json\/wp\/v2\/product\/19993","targetHints":{"allow":["GET"]}}],"collection":[{"href":"https:\/\/www.tstcables.com\/de\/wp-json\/wp\/v2\/product"}],"about":[{"href":"https:\/\/www.tstcables.com\/de\/wp-json\/wp\/v2\/types\/product"}],"version-history":[{"count":0,"href":"https:\/\/www.tstcables.com\/de\/wp-json\/wp\/v2\/product\/19993\/revisions"}],"wp:featuredmedia":[{"embeddable":true,"href":"https:\/\/www.tstcables.com\/de\/wp-json\/wp\/v2\/media\/13722"}],"wp:attachment":[{"href":"https:\/\/www.tstcables.com\/de\/wp-json\/wp\/v2\/media?parent=19993"}],"wp:term":[{"taxonomy":"product_brand","embeddable":true,"href":"https:\/\/www.tstcables.com\/de\/wp-json\/wp\/v2\/product_brand?post=19993"},{"taxonomy":"product_cat","embeddable":true,"href":"https:\/\/www.tstcables.com\/de\/wp-json\/wp\/v2\/product_cat?post=19993"},{"taxonomy":"product_tag","embeddable":true,"href":"https:\/\/www.tstcables.com\/de\/wp-json\/wp\/v2\/product_tag?post=19993"}],"curies":[{"name":"wp","href":"https:\/\/api.w.org\/{rel}","templated":true}]}}