{"id":19994,"date":"2024-03-22T10:51:37","date_gmt":"2024-03-22T02:51:37","guid":{"rendered":"https:\/\/www.tstcables.com\/product\/350%e2%84%83-hochtemperatur-feuerbestaendige-anpassbare-kabel-gn350\/"},"modified":"2024-03-22T10:51:37","modified_gmt":"2024-03-22T02:51:37","slug":"350%e2%84%83-hochtemperatur-feuerbestaendige-anpassbare-kabel-gn350","status":"publish","type":"product","link":"https:\/\/www.tstcables.com\/de\/produkt\/350%e2%84%83-hochtemperatur-feuerbestaendige-anpassbare-kabel-gn350\/","title":{"rendered":"350\u2103 Hochtemperatur-feuerbest\u00e4ndige, anpassbare Kabel GN350"},"content":{"rendered":"<p><strong>Produktnummer<\/strong><\/p>\n<ul>\n<li>GN350<\/li>\n<\/ul>\n<p><strong>Industriestandard:<\/strong><\/p>\n<ul>\n<li>Q31\/0114000209C025-2017<\/li>\n<\/ul>\n<p>&nbsp;<\/p>\n<p><strong>Produktmerkmale<\/strong><\/p>\n<ul>\n<li>Nennspannung: 300\/500 V<\/li>\n<li>Temperaturbereich: 350\u2103,<\/li>\n<li>Pulstemperaturbest\u00e4ndigkeit 400C<\/li>\n<li>Leiter: blanker Kupferlitzendraht<\/li>\n<li>Farbe: Rot, Gelb, Blau, Wei\u00df, Schwarz, Gelb, Gr\u00fcn, Braun<\/li>\n<\/ul>\n<p><strong>Funktionen\/Verwendung<\/strong><\/p>\n<p>Produktanwendung: Bei diesem Produkt handelt es sich um Dr\u00e4hte und Kabel, die f\u00fcr verschiedene elektrische Ger\u00e4te erforderlich sind, die in besonderen Umgebungen Brandschutz erfordern, wie Heizger\u00e4te, \u00d6fen, Grillmaschinen, Metallurgie, W\u00e4rmetechnik, Erd\u00f6l, chemische Industrie, Erdgas, Kerosin usw.<\/p>\n<p>&nbsp;<\/p>\n<p><strong>Lieferbedingungen<\/strong><\/p>\n<p>Lieferl\u00e4nge: Kurze Leitungsabschnitte von mindestens 10 Metern sind zul\u00e4ssig, ihre Menge darf jedoch 10 % der Gesamtliefermenge nicht \u00fcberschreiten.<\/p>\n<table class=\"tg\">\n<thead>\n<tr>\n<th class=\"tg-5ws4\">Nominelles Kreuz<br \/>\nQuerschnitt (mm2)<\/th>\n<th class=\"tg-5ws4\">Dirigent<br \/>\nStruktur<br \/>\nNummer<br \/>\nvon Dr\u00e4hten\/Draht<br \/>\nDurchmesser (mm)<\/th>\n<th class=\"tg-5ws4\">Isolierung<br \/>\nDicke (mm)<\/th>\n<th class=\"tg-5ws4\">Durchschnittlich au\u00dfen<br \/>\nDurchmesser (mm)<\/th>\n<th class=\"tg-5ws4\">Leiter DC<br \/>\nStrom (S2\/km)<br \/>\nbei 20\u2103<\/th>\n<th class=\"tg-5ws4\">Verpackung<br \/>\nL\u00e4nge (m)<\/th>\n<\/tr>\n<\/thead>\n<tbody>\n<tr>\n<td class=\"tg-2rp9\">0.5<\/td>\n<td class=\"tg-tlx9\">7 \u00d7 0.30<\/td>\n<td class=\"tg-2rp9\">0.5<\/td>\n<td class=\"tg-tlx9\">2.3\u571f0.3<\/td>\n<td class=\"tg-2rp9\">40.8<\/td>\n<td class=\"tg-2rp9\">200<\/td>\n<\/tr>\n<tr>\n<td class=\"tg-2rp9\">0.75<\/td>\n<td class=\"tg-tlx9\">11 \u00d7 0.30<\/td>\n<td class=\"tg-2rp9\">0.5<\/td>\n<td class=\"tg-tlx9\">2.5\u571f0.3<\/td>\n<td class=\"tg-2rp9\">24.3<\/td>\n<td class=\"tg-2rp9\">200<\/td>\n<\/tr>\n<tr>\n<td class=\"tg-2rp9\">1<\/td>\n<td class=\"tg-tlx9\">14 \u00d7 0.30<\/td>\n<td class=\"tg-2rp9\">0.5<\/td>\n<td class=\"tg-tlx9\">2.6\u00b10.3<\/td>\n<td class=\"tg-2rp9\">20<\/td>\n<td class=\"tg-2rp9\">200<\/td>\n<\/tr>\n<tr>\n<td class=\"tg-2rp9\">1.5<\/td>\n<td class=\"tg-tlx9\">21 \u00d7 0.30<\/td>\n<td class=\"tg-2rp9\">0.5<\/td>\n<td class=\"tg-tlx9\">2.9\u571f0.3<\/td>\n<td class=\"tg-2rp9\">12.6<\/td>\n<td class=\"tg-2rp9\">100<\/td>\n<\/tr>\n<tr>\n<td class=\"tg-2rp9\">2<\/td>\n<td class=\"tg-tlx9\">28 \u00d7 0.30<\/td>\n<td class=\"tg-2rp9\">0.6<\/td>\n<td class=\"tg-tlx9\">3.3\u571f0.5<\/td>\n<td class=\"tg-2rp9\">9.84<\/td>\n<td class=\"tg-2rp9\">100<\/td>\n<\/tr>\n<tr>\n<td class=\"tg-2rp9\">2.5<\/td>\n<td class=\"tg-tlx9\">35 \u00d7 0.30<\/td>\n<td class=\"tg-2rp9\">0.6<\/td>\n<td class=\"tg-tlx9\">3.6\u571f0.5<\/td>\n<td class=\"tg-2rp9\">7.37<\/td>\n<td class=\"tg-2rp9\">100<\/td>\n<\/tr>\n<tr>\n<td class=\"tg-2rp9\">4<\/td>\n<td class=\"tg-tlx9\">56 \u00d7 0.30<\/td>\n<td class=\"tg-2rp9\">0.8<\/td>\n<td class=\"tg-tlx9\">4.7\u00b10.5<\/td>\n<td class=\"tg-2rp9\">4.83<\/td>\n<td class=\"tg-2rp9\">100<\/td>\n<\/tr>\n<tr>\n<td class=\"tg-2rp9\">6<\/td>\n<td class=\"tg-tlx9\">84 \u00d7 0.30<\/td>\n<td class=\"tg-2rp9\">0.8<\/td>\n<td class=\"tg-tlx9\">5.5\u00b10.5<\/td>\n<td class=\"tg-2rp9\">3.26<\/td>\n<td class=\"tg-2rp9\">100<\/td>\n<\/tr>\n<tr>\n<td class=\"tg-2rp9\">10<\/td>\n<td class=\"tg-tlx9\">84\u00d7 0.40<\/td>\n<td class=\"tg-2rp9\">0.8<\/td>\n<td class=\"tg-tlx9\">6.6\u00b10.5<\/td>\n<td class=\"tg-2rp9\">1.8<\/td>\n<td class=\"tg-2rp9\">100<\/td>\n<\/tr>\n<tr>\n<td class=\"tg-2rp9\" rowspan=\"2\">16<\/td>\n<td class=\"tg-tlx9\">228 \u00d7 0.30<\/td>\n<td class=\"tg-2rp9\">0.8<\/td>\n<td class=\"tg-tlx9\">7.8\u00b10.5<\/td>\n<td class=\"tg-2rp9\">1.31<\/td>\n<td class=\"tg-2rp9\">100<\/td>\n<\/tr>\n<tr>\n<td class=\"tg-tlx9\">126 \u00d7 0.40<\/td>\n<td class=\"tg-2rp9\">0.8<\/td>\n<td class=\"tg-tlx9\">7.8\u571f0.5<\/td>\n<td class=\"tg-2rp9\">1.31<\/td>\n<td class=\"tg-2rp9\">100<\/td>\n<\/tr>\n<tr>\n<td class=\"tg-2rp9\" rowspan=\"2\">25<\/td>\n<td class=\"tg-tlx9\">196 \u00d7 0.40<\/td>\n<td class=\"tg-2rp9\">0.8<\/td>\n<td class=\"tg-tlx9\">9.5\u571f0.5<\/td>\n<td class=\"tg-2rp9\">0.758<\/td>\n<td class=\"tg-2rp9\">100<\/td>\n<\/tr>\n<tr>\n<td class=\"tg-tlx9\">361 \u00d70.30<\/td>\n<td class=\"tg-2rp9\">0.8<\/td>\n<td class=\"tg-tlx9\">9.5\u571f0.5<\/td>\n<td class=\"tg-2rp9\">0.758<\/td>\n<td class=\"tg-2rp9\">100<\/td>\n<\/tr>\n<tr>\n<td class=\"tg-2rp9\">35<\/td>\n<td class=\"tg-tlx9\">494 \u00d7 0.30<\/td>\n<td class=\"tg-2rp9\">1<\/td>\n<td class=\"tg-tlx9\">11.2\u00b11.0<\/td>\n<td class=\"tg-2rp9\">0.548<\/td>\n<td class=\"tg-2rp9\">100<\/td>\n<\/tr>\n<tr>\n<td class=\"tg-2rp9\" rowspan=\"2\">50<\/td>\n<td class=\"tg-tlx9\">396 \u00d7 0.40<\/td>\n<td class=\"tg-2rp9\">1.2<\/td>\n<td class=\"tg-tlx9\">13.2\u00b11.0<\/td>\n<td class=\"tg-2rp9\">0.384<\/td>\n<td class=\"tg-2rp9\">100<\/td>\n<\/tr>\n<tr>\n<td class=\"tg-tlx9\">703 \u00d7 0.30<\/td>\n<td class=\"tg-2rp9\">1.2<\/td>\n<td class=\"tg-tlx9\">13.2\u00b11.0<\/td>\n<td class=\"tg-2rp9\">0.384<\/td>\n<td class=\"tg-2rp9\">100<\/td>\n<\/tr>\n<tr>\n<td class=\"tg-2rp9\" rowspan=\"2\">70<\/td>\n<td class=\"tg-tlx9\">551 \u00d7 0.40<\/td>\n<td class=\"tg-2rp9\">1.2<\/td>\n<td class=\"tg-tlx9\">15.4\u571f 1.0<\/td>\n<td class=\"tg-tlx9\">0. 289<\/td>\n<td class=\"tg-2rp9\">100<\/td>\n<\/tr>\n<tr>\n<td class=\"tg-tlx9\">988 \u00d7 0.30<\/td>\n<td class=\"tg-2rp9\">1.2<\/td>\n<td class=\"tg-tlx9\">15.4\u571f 1.0<\/td>\n<td class=\"tg-tlx9\">0. 289<\/td>\n<td class=\"tg-2rp9\">100<\/td>\n<\/tr>\n<tr>\n<td class=\"tg-2rp9\">95<\/td>\n<td class=\"tg-tlx9\">760 \u00d7 0.40<\/td>\n<td class=\"tg-2rp9\">1.2<\/td>\n<td class=\"tg-tlx9\">17.4\u00b11.0<\/td>\n<td class=\"tg-2rp9\">0.205<\/td>\n<td class=\"tg-2rp9\">100<\/td>\n<\/tr>\n<\/tbody>\n<\/table>\n<p><span data-font-family=\"Times New Roman\">Hinweis: Produkte mit anderen Spezifikationen k\u00f6nnen gem\u00e4\u00df der Vereinbarung zwischen dem Lieferanten und dem K\u00e4ufer hergestellt werden.<\/span><\/p>\n","protected":false},"excerpt":{"rendered":"<p>Produktanwendung: Bei diesem Produkt handelt es sich um Dr\u00e4hte und Kabel, die f\u00fcr verschiedene elektrische Ger\u00e4te erforderlich sind, die in besonderen Umgebungen Brandschutz erfordern, wie Heizger\u00e4te, \u00d6fen, Grillmaschinen, Metallurgie, W\u00e4rmetechnik, Erd\u00f6l, chemische Industrie, Erdgas, Kerosin usw.<\/p>\n","protected":false},"featured_media":12922,"template":"","meta":{"_eb_attr":"","site-sidebar-layout":"default","site-content-layout":"","ast-site-content-layout":"default","site-content-style":"default","site-sidebar-style":"default","ast-global-header-display":"","ast-banner-title-visibility":"","ast-main-header-display":"","ast-hfb-above-header-display":"","ast-hfb-below-header-display":"","ast-hfb-mobile-header-display":"","site-post-title":"","ast-breadcrumbs-content":"","ast-featured-img":"","footer-sml-layout":"","theme-transparent-header-meta":"default","adv-header-id-meta":"","stick-header-meta":"","header-above-stick-meta":"","header-main-stick-meta":"","header-below-stick-meta":"","astra-migrate-meta-layouts":"default","ast-page-background-enabled":"default","ast-page-background-meta":{"desktop":{"background-color":"","background-image":"","background-repeat":"repeat","background-position":"center center","background-size":"auto","background-attachment":"scroll","background-type":"","background-media":"","overlay-type":"","overlay-color":"","overlay-opacity":"","overlay-gradient":""},"tablet":{"background-color":"","background-image":"","background-repeat":"repeat","background-position":"center center","background-size":"auto","background-attachment":"scroll","background-type":"","background-media":"","overlay-type":"","overlay-color":"","overlay-opacity":"","overlay-gradient":""},"mobile":{"background-color":"","background-image":"","background-repeat":"repeat","background-position":"center center","background-size":"auto","background-attachment":"scroll","background-type":"","background-media":"","overlay-type":"","overlay-color":"","overlay-opacity":"","overlay-gradient":""}},"ast-content-background-meta":{"desktop":{"background-color":"var(--ast-global-color-5)","background-image":"","background-repeat":"repeat","background-position":"center center","background-size":"auto","background-attachment":"scroll","background-type":"","background-media":"","overlay-type":"","overlay-color":"","overlay-opacity":"","overlay-gradient":""},"tablet":{"background-color":"var(--ast-global-color-5)","background-image":"","background-repeat":"repeat","background-position":"center center","background-size":"auto","background-attachment":"scroll","background-type":"","background-media":"","overlay-type":"","overlay-color":"","overlay-opacity":"","overlay-gradient":""},"mobile":{"background-color":"var(--ast-global-color-5)","background-image":"","background-repeat":"repeat","background-position":"center center","background-size":"auto","background-attachment":"scroll","background-type":"","background-media":"","overlay-type":"","overlay-color":"","overlay-opacity":"","overlay-gradient":""}}},"product_brand":[],"product_cat":[708,693,697,698,699,691,700,692,702,713],"product_tag":[715,1675,1518,1660],"class_list":{"0":"post-19994","1":"product","2":"type-product","3":"status-publish","4":"has-post-thumbnail","6":"product_cat-rail-way-de","7":"product_cat-enstandard-cable-de","8":"product_cat-high-temperature-cable-de","9":"product_cat-ice-standard-de","10":"product_cat-lsoh-cable-de","11":"product_cat-aviation-de","12":"product_cat-marine-de","13":"product_cat-customized-cable-de","14":"product_cat-oil-gas-de","15":"product_cat-wind-power-de","16":"product_tag-aff-teflon-high-temperature-cable-de","17":"product_tag-feuerfester-draht-feuerfester-draht-gn350","18":"product_tag-hochtemperaturkabel","19":"product_tag-teflon-hochtemperaturkabel","20":"desktop-align-center","21":"tablet-align-left","22":"mobile-align-left","24":"first","25":"instock","26":"shipping-taxable","27":"product-type-simple"},"yoast_head":"<!-- This site is optimized with the Yoast SEO plugin v27.5 - https:\/\/yoast.com\/product\/yoast-seo-wordpress\/ -->\n<title>350\u2103 Hochtemperatur-feuerbest\u00e4ndige, anpassbare Kabel GN350 - TST CABLES supplier &amp; Manufacture<\/title>\n<meta name=\"robots\" content=\"index, follow, max-snippet:-1, max-image-preview:large, max-video-preview:-1\" \/>\n<link rel=\"canonical\" href=\"https:\/\/www.tstcables.com\/de\/produkt\/350%e2%84%83-hochtemperatur-feuerbestaendige-anpassbare-kabel-gn350\/\" \/>\n<meta property=\"og:locale\" content=\"de_DE\" \/>\n<meta property=\"og:type\" content=\"article\" \/>\n<meta property=\"og:title\" content=\"350\u2103 Hochtemperatur-feuerbest\u00e4ndige, anpassbare Kabel GN350 - TST CABLES supplier &amp; Manufacture\" \/>\n<meta property=\"og:description\" content=\"Produktanwendung: Bei diesem Produkt handelt es sich um Dr\u00e4hte und Kabel, die f\u00fcr verschiedene elektrische Ger\u00e4te erforderlich sind, die in besonderen Umgebungen Brandschutz erfordern, wie Heizger\u00e4te, \u00d6fen, Grillmaschinen, Metallurgie, W\u00e4rmetechnik, Erd\u00f6l, chemische Industrie, Erdgas, Kerosin usw.\" \/>\n<meta property=\"og:url\" content=\"https:\/\/www.tstcables.com\/de\/produkt\/350%e2%84%83-hochtemperatur-feuerbestaendige-anpassbare-kabel-gn350\/\" \/>\n<meta property=\"og:site_name\" content=\"TST CABLES supplier &amp; Manufacture\" \/>\n<meta property=\"og:image\" content=\"https:\/\/www.tstcables.com\/wp-content\/uploads\/2024\/03\/3-16.jpg\" \/>\n\t<meta property=\"og:image:width\" content=\"640\" \/>\n\t<meta property=\"og:image:height\" content=\"640\" \/>\n\t<meta property=\"og:image:type\" content=\"image\/jpeg\" \/>\n<meta name=\"twitter:card\" content=\"summary_large_image\" \/>\n<meta name=\"twitter:label1\" content=\"Gesch\u00e4tzte Lesezeit\" \/>\n\t<meta name=\"twitter:data1\" content=\"1\u00a0Minute\" \/>\n<script type=\"application\/ld+json\" class=\"yoast-schema-graph\">{\"@context\":\"https:\\\/\\\/schema.org\",\"@graph\":[{\"@type\":\"WebPage\",\"@id\":\"https:\\\/\\\/www.tstcables.com\\\/de\\\/produkt\\\/350%e2%84%83-hochtemperatur-feuerbestaendige-anpassbare-kabel-gn350\\\/\",\"url\":\"https:\\\/\\\/www.tstcables.com\\\/de\\\/produkt\\\/350%e2%84%83-hochtemperatur-feuerbestaendige-anpassbare-kabel-gn350\\\/\",\"name\":\"350\u2103 Hochtemperatur-feuerbest\u00e4ndige, anpassbare Kabel GN350 - TST CABLES supplier &amp; Manufacture\",\"isPartOf\":{\"@id\":\"https:\\\/\\\/www.tstcables.com\\\/de\\\/#website\"},\"primaryImageOfPage\":{\"@id\":\"https:\\\/\\\/www.tstcables.com\\\/de\\\/produkt\\\/350%e2%84%83-hochtemperatur-feuerbestaendige-anpassbare-kabel-gn350\\\/#primaryimage\"},\"image\":{\"@id\":\"https:\\\/\\\/www.tstcables.com\\\/de\\\/produkt\\\/350%e2%84%83-hochtemperatur-feuerbestaendige-anpassbare-kabel-gn350\\\/#primaryimage\"},\"thumbnailUrl\":\"https:\\\/\\\/www.tstcables.com\\\/wp-content\\\/uploads\\\/2024\\\/03\\\/3-16.jpg\",\"datePublished\":\"2024-03-22T02:51:37+00:00\",\"breadcrumb\":{\"@id\":\"https:\\\/\\\/www.tstcables.com\\\/de\\\/produkt\\\/350%e2%84%83-hochtemperatur-feuerbestaendige-anpassbare-kabel-gn350\\\/#breadcrumb\"},\"inLanguage\":\"de\",\"potentialAction\":[{\"@type\":\"ReadAction\",\"target\":[\"https:\\\/\\\/www.tstcables.com\\\/de\\\/produkt\\\/350%e2%84%83-hochtemperatur-feuerbestaendige-anpassbare-kabel-gn350\\\/\"]}]},{\"@type\":\"ImageObject\",\"inLanguage\":\"de\",\"@id\":\"https:\\\/\\\/www.tstcables.com\\\/de\\\/produkt\\\/350%e2%84%83-hochtemperatur-feuerbestaendige-anpassbare-kabel-gn350\\\/#primaryimage\",\"url\":\"https:\\\/\\\/www.tstcables.com\\\/wp-content\\\/uploads\\\/2024\\\/03\\\/3-16.jpg\",\"contentUrl\":\"https:\\\/\\\/www.tstcables.com\\\/wp-content\\\/uploads\\\/2024\\\/03\\\/3-16.jpg\",\"width\":640,\"height\":640,\"caption\":\"High Temperature Wire Cable\"},{\"@type\":\"BreadcrumbList\",\"@id\":\"https:\\\/\\\/www.tstcables.com\\\/de\\\/produkt\\\/350%e2%84%83-hochtemperatur-feuerbestaendige-anpassbare-kabel-gn350\\\/#breadcrumb\",\"itemListElement\":[{\"@type\":\"ListItem\",\"position\":1,\"name\":\"\u9996\u9875\",\"item\":\"https:\\\/\\\/www.tstcables.com\\\/de\\\/\"},{\"@type\":\"ListItem\",\"position\":2,\"name\":\"Product\",\"item\":\"https:\\\/\\\/www.tstcables.com\\\/product\\\/\"},{\"@type\":\"ListItem\",\"position\":3,\"name\":\"350\u2103 Hochtemperatur-feuerbest\u00e4ndige, anpassbare Kabel GN350\"}]},{\"@type\":\"WebSite\",\"@id\":\"https:\\\/\\\/www.tstcables.com\\\/de\\\/#website\",\"url\":\"https:\\\/\\\/www.tstcables.com\\\/de\\\/\",\"name\":\"TST Cable supplier & Manufacture\",\"description\":\"TST CABLES  supplier &amp; Manufacture official website\",\"publisher\":{\"@id\":\"https:\\\/\\\/www.tstcables.com\\\/de\\\/#organization\"},\"potentialAction\":[{\"@type\":\"SearchAction\",\"target\":{\"@type\":\"EntryPoint\",\"urlTemplate\":\"https:\\\/\\\/www.tstcables.com\\\/de\\\/?s={search_term_string}\"},\"query-input\":{\"@type\":\"PropertyValueSpecification\",\"valueRequired\":true,\"valueName\":\"search_term_string\"}}],\"inLanguage\":\"de\"},{\"@type\":\"Organization\",\"@id\":\"https:\\\/\\\/www.tstcables.com\\\/de\\\/#organization\",\"name\":\"TST Cable supplier & Manufacture\",\"url\":\"https:\\\/\\\/www.tstcables.com\\\/de\\\/\",\"logo\":{\"@type\":\"ImageObject\",\"inLanguage\":\"de\",\"@id\":\"https:\\\/\\\/www.tstcables.com\\\/de\\\/#\\\/schema\\\/logo\\\/image\\\/\",\"url\":\"https:\\\/\\\/www.tstcables.com\\\/wp-content\\\/uploads\\\/2024\\\/04\\\/cropped-\u753b\u677f-1-\u62f7\u8d1d-4-1.png\",\"contentUrl\":\"https:\\\/\\\/www.tstcables.com\\\/wp-content\\\/uploads\\\/2024\\\/04\\\/cropped-\u753b\u677f-1-\u62f7\u8d1d-4-1.png\",\"width\":300,\"height\":100,\"caption\":\"TST Cable supplier & Manufacture\"},\"image\":{\"@id\":\"https:\\\/\\\/www.tstcables.com\\\/de\\\/#\\\/schema\\\/logo\\\/image\\\/\"}}]}<\/script>\n<!-- \/ Yoast SEO plugin. -->","yoast_head_json":{"title":"350\u2103 Hochtemperatur-feuerbest\u00e4ndige, anpassbare Kabel GN350 - TST CABLES supplier &amp; Manufacture","robots":{"index":"index","follow":"follow","max-snippet":"max-snippet:-1","max-image-preview":"max-image-preview:large","max-video-preview":"max-video-preview:-1"},"canonical":"https:\/\/www.tstcables.com\/de\/produkt\/350%e2%84%83-hochtemperatur-feuerbestaendige-anpassbare-kabel-gn350\/","og_locale":"de_DE","og_type":"article","og_title":"350\u2103 Hochtemperatur-feuerbest\u00e4ndige, anpassbare Kabel GN350 - TST CABLES supplier &amp; Manufacture","og_description":"Produktanwendung: Bei diesem Produkt handelt es sich um Dr\u00e4hte und Kabel, die f\u00fcr verschiedene elektrische Ger\u00e4te erforderlich sind, die in besonderen Umgebungen Brandschutz erfordern, wie Heizger\u00e4te, \u00d6fen, Grillmaschinen, Metallurgie, W\u00e4rmetechnik, Erd\u00f6l, chemische Industrie, Erdgas, Kerosin usw.","og_url":"https:\/\/www.tstcables.com\/de\/produkt\/350%e2%84%83-hochtemperatur-feuerbestaendige-anpassbare-kabel-gn350\/","og_site_name":"TST CABLES supplier &amp; Manufacture","og_image":[{"width":640,"height":640,"url":"https:\/\/www.tstcables.com\/wp-content\/uploads\/2024\/03\/3-16.jpg","type":"image\/jpeg"}],"twitter_card":"summary_large_image","twitter_misc":{"Gesch\u00e4tzte Lesezeit":"1\u00a0Minute"},"schema":{"@context":"https:\/\/schema.org","@graph":[{"@type":"WebPage","@id":"https:\/\/www.tstcables.com\/de\/produkt\/350%e2%84%83-hochtemperatur-feuerbestaendige-anpassbare-kabel-gn350\/","url":"https:\/\/www.tstcables.com\/de\/produkt\/350%e2%84%83-hochtemperatur-feuerbestaendige-anpassbare-kabel-gn350\/","name":"350\u2103 Hochtemperatur-feuerbest\u00e4ndige, anpassbare Kabel GN350 - TST CABLES supplier &amp; Manufacture","isPartOf":{"@id":"https:\/\/www.tstcables.com\/de\/#website"},"primaryImageOfPage":{"@id":"https:\/\/www.tstcables.com\/de\/produkt\/350%e2%84%83-hochtemperatur-feuerbestaendige-anpassbare-kabel-gn350\/#primaryimage"},"image":{"@id":"https:\/\/www.tstcables.com\/de\/produkt\/350%e2%84%83-hochtemperatur-feuerbestaendige-anpassbare-kabel-gn350\/#primaryimage"},"thumbnailUrl":"https:\/\/www.tstcables.com\/wp-content\/uploads\/2024\/03\/3-16.jpg","datePublished":"2024-03-22T02:51:37+00:00","breadcrumb":{"@id":"https:\/\/www.tstcables.com\/de\/produkt\/350%e2%84%83-hochtemperatur-feuerbestaendige-anpassbare-kabel-gn350\/#breadcrumb"},"inLanguage":"de","potentialAction":[{"@type":"ReadAction","target":["https:\/\/www.tstcables.com\/de\/produkt\/350%e2%84%83-hochtemperatur-feuerbestaendige-anpassbare-kabel-gn350\/"]}]},{"@type":"ImageObject","inLanguage":"de","@id":"https:\/\/www.tstcables.com\/de\/produkt\/350%e2%84%83-hochtemperatur-feuerbestaendige-anpassbare-kabel-gn350\/#primaryimage","url":"https:\/\/www.tstcables.com\/wp-content\/uploads\/2024\/03\/3-16.jpg","contentUrl":"https:\/\/www.tstcables.com\/wp-content\/uploads\/2024\/03\/3-16.jpg","width":640,"height":640,"caption":"High Temperature Wire Cable"},{"@type":"BreadcrumbList","@id":"https:\/\/www.tstcables.com\/de\/produkt\/350%e2%84%83-hochtemperatur-feuerbestaendige-anpassbare-kabel-gn350\/#breadcrumb","itemListElement":[{"@type":"ListItem","position":1,"name":"\u9996\u9875","item":"https:\/\/www.tstcables.com\/de\/"},{"@type":"ListItem","position":2,"name":"Product","item":"https:\/\/www.tstcables.com\/product\/"},{"@type":"ListItem","position":3,"name":"350\u2103 Hochtemperatur-feuerbest\u00e4ndige, anpassbare Kabel GN350"}]},{"@type":"WebSite","@id":"https:\/\/www.tstcables.com\/de\/#website","url":"https:\/\/www.tstcables.com\/de\/","name":"TST Cable supplier & Manufacture","description":"TST CABLES  supplier &amp; Manufacture official website","publisher":{"@id":"https:\/\/www.tstcables.com\/de\/#organization"},"potentialAction":[{"@type":"SearchAction","target":{"@type":"EntryPoint","urlTemplate":"https:\/\/www.tstcables.com\/de\/?s={search_term_string}"},"query-input":{"@type":"PropertyValueSpecification","valueRequired":true,"valueName":"search_term_string"}}],"inLanguage":"de"},{"@type":"Organization","@id":"https:\/\/www.tstcables.com\/de\/#organization","name":"TST Cable supplier & Manufacture","url":"https:\/\/www.tstcables.com\/de\/","logo":{"@type":"ImageObject","inLanguage":"de","@id":"https:\/\/www.tstcables.com\/de\/#\/schema\/logo\/image\/","url":"https:\/\/www.tstcables.com\/wp-content\/uploads\/2024\/04\/cropped-\u753b\u677f-1-\u62f7\u8d1d-4-1.png","contentUrl":"https:\/\/www.tstcables.com\/wp-content\/uploads\/2024\/04\/cropped-\u753b\u677f-1-\u62f7\u8d1d-4-1.png","width":300,"height":100,"caption":"TST Cable supplier & Manufacture"},"image":{"@id":"https:\/\/www.tstcables.com\/de\/#\/schema\/logo\/image\/"}}]}},"_links":{"self":[{"href":"https:\/\/www.tstcables.com\/de\/wp-json\/wp\/v2\/product\/19994","targetHints":{"allow":["GET"]}}],"collection":[{"href":"https:\/\/www.tstcables.com\/de\/wp-json\/wp\/v2\/product"}],"about":[{"href":"https:\/\/www.tstcables.com\/de\/wp-json\/wp\/v2\/types\/product"}],"version-history":[{"count":0,"href":"https:\/\/www.tstcables.com\/de\/wp-json\/wp\/v2\/product\/19994\/revisions"}],"wp:featuredmedia":[{"embeddable":true,"href":"https:\/\/www.tstcables.com\/de\/wp-json\/wp\/v2\/media\/12922"}],"wp:attachment":[{"href":"https:\/\/www.tstcables.com\/de\/wp-json\/wp\/v2\/media?parent=19994"}],"wp:term":[{"taxonomy":"product_brand","embeddable":true,"href":"https:\/\/www.tstcables.com\/de\/wp-json\/wp\/v2\/product_brand?post=19994"},{"taxonomy":"product_cat","embeddable":true,"href":"https:\/\/www.tstcables.com\/de\/wp-json\/wp\/v2\/product_cat?post=19994"},{"taxonomy":"product_tag","embeddable":true,"href":"https:\/\/www.tstcables.com\/de\/wp-json\/wp\/v2\/product_tag?post=19994"}],"curies":[{"name":"wp","href":"https:\/\/api.w.org\/{rel}","templated":true}]}}